{"id":10192,"date":"2024-09-16T13:12:37","date_gmt":"2024-09-16T13:12:37","guid":{"rendered":"https:\/\/yachtcharterdedrait.nl\/5-treuerabatt\/"},"modified":"2026-01-17T13:19:56","modified_gmt":"2026-01-17T13:19:56","slug":"5-treuerabatt","status":"publish","type":"page","link":"https:\/\/yachtcharterdedrait.nl\/de\/5-treuerabatt\/","title":{"rendered":"5% Treuerabatt"},"content":{"rendered":"<h2 data-start=\"60\" data-end=\"150\">Schon einmal bei uns ein Boot gemietet? Dann haben wir gute Nachrichten f\u00fcr Sie!<\/h2>\n<p class=\"\" data-start=\"152\" data-end=\"393\">Haben Sie in den letzten drei Jahren ein Boot bei <strong data-start=\"202\" data-end=\"227\">Yachtcharter De Drait<\/strong>? Dann m\u00f6chten wir uns f\u00fcr Ihr Vertrauen bedanken und Sie belohnen \u2013 mit <strong data-start=\"339\" data-end=\"365\">5 % Wiederbucherrabatt<\/strong> auf Ihre n\u00e4chste Buchung!<\/p>\n<p class=\"\" data-start=\"395\" data-end=\"764\">Dieser exklusive Rabatt gilt auf den Mietpreis all unserer Boote, sodass Sie erneut eine wunderbare Zeit auf dem Wasser genie\u00dfen k\u00f6nnen. Ob Sie sich f\u00fcr einen entspannten Bootsurlaub in <a href=\"https:\/\/yachtcharterdedrait.nl\/de\/fahrgebieten\/\" target=\"_blank\" rel=\"noopener\">Friesland<\/a>, eine abenteuerliche Tour auf friesischen Gew\u00e4ssern oder eine gesellige Reise mit Familie oder Freunden entscheiden \u2013 wir hei\u00dfen Sie herzlich willkommen an Bord!<\/p>\n<p><img decoding=\"async\" class=\"alignnone size-medium wp-image-10552 lazyload\" data-src=\"https:\/\/yachtcharterdedrait.nl\/wp-content\/uploads\/WhatsApp-Image-2025-01-10-at-11.13.12-2-300x200.jpeg\" alt=\"\" width=\"300\" height=\"200\" data-srcset=\"https:\/\/yachtcharterdedrait.nl\/wp-content\/uploads\/WhatsApp-Image-2025-01-10-at-11.13.12-2-300x200.jpeg 300w, https:\/\/yachtcharterdedrait.nl\/wp-content\/uploads\/WhatsApp-Image-2025-01-10-at-11.13.12-2-1024x681.jpeg 1024w, https:\/\/yachtcharterdedrait.nl\/wp-content\/uploads\/WhatsApp-Image-2025-01-10-at-11.13.12-2-768x511.jpeg 768w, https:\/\/yachtcharterdedrait.nl\/wp-content\/uploads\/WhatsApp-Image-2025-01-10-at-11.13.12-2-1536x1021.jpeg 1536w, https:\/\/yachtcharterdedrait.nl\/wp-content\/uploads\/WhatsApp-Image-2025-01-10-at-11.13.12-2.jpeg 1600w\" data-sizes=\"(max-width: 300px) 100vw, 300px\" src=\"data:image\/svg+xml;base64,PHN2ZyB3aWR0aD0iMSIgaGVpZ2h0PSIxIiB4bWxucz0iaHR0cDovL3d3dy53My5vcmcvMjAwMC9zdmciPjwvc3ZnPg==\" style=\"--smush-placeholder-width: 300px; --smush-placeholder-aspect-ratio: 300\/200;\" \/>\u00a0<img decoding=\"async\" class=\"alignnone size-medium wp-image-10956 lazyload\" data-src=\"https:\/\/yachtcharterdedrait.nl\/wp-content\/uploads\/P11431_PR_9171-kopie-R-schotel-1-300x200.jpg\" alt=\"\" width=\"300\" height=\"200\" data-srcset=\"https:\/\/yachtcharterdedrait.nl\/wp-content\/uploads\/P11431_PR_9171-kopie-R-schotel-1-300x200.jpg 300w, https:\/\/yachtcharterdedrait.nl\/wp-content\/uploads\/P11431_PR_9171-kopie-R-schotel-1-1024x683.jpg 1024w, https:\/\/yachtcharterdedrait.nl\/wp-content\/uploads\/P11431_PR_9171-kopie-R-schotel-1-768x512.jpg 768w, https:\/\/yachtcharterdedrait.nl\/wp-content\/uploads\/P11431_PR_9171-kopie-R-schotel-1-1536x1024.jpg 1536w, https:\/\/yachtcharterdedrait.nl\/wp-content\/uploads\/P11431_PR_9171-kopie-R-schotel-1-2048x1365.jpg 2048w\" data-sizes=\"(max-width: 300px) 100vw, 300px\" src=\"data:image\/svg+xml;base64,PHN2ZyB3aWR0aD0iMSIgaGVpZ2h0PSIxIiB4bWxucz0iaHR0cDovL3d3dy53My5vcmcvMjAwMC9zdmciPjwvc3ZnPg==\" style=\"--smush-placeholder-width: 300px; --smush-placeholder-aspect-ratio: 300\/200;\" \/> <img decoding=\"async\" class=\"alignnone wp-image-12590 lazyload\" data-src=\"https:\/\/yachtcharterdedrait.nl\/wp-content\/uploads\/IMG_5410-225x300.jpeg\" alt=\"\" width=\"150\" height=\"200\" data-srcset=\"https:\/\/yachtcharterdedrait.nl\/wp-content\/uploads\/IMG_5410-225x300.jpeg 225w, https:\/\/yachtcharterdedrait.nl\/wp-content\/uploads\/IMG_5410-768x1024.jpeg 768w, https:\/\/yachtcharterdedrait.nl\/wp-content\/uploads\/IMG_5410-1152x1536.jpeg 1152w, https:\/\/yachtcharterdedrait.nl\/wp-content\/uploads\/IMG_5410.jpeg 1536w\" data-sizes=\"(max-width: 150px) 100vw, 150px\" src=\"data:image\/svg+xml;base64,PHN2ZyB3aWR0aD0iMSIgaGVpZ2h0PSIxIiB4bWxucz0iaHR0cDovL3d3dy53My5vcmcvMjAwMC9zdmciPjwvc3ZnPg==\" style=\"--smush-placeholder-width: 150px; --smush-placeholder-aspect-ratio: 150\/200;\" \/><\/p>\n<h2 data-start=\"771\" data-end=\"809\">Immer wieder Neues entdecken<\/h2>\n<p class=\"\" data-start=\"811\" data-end=\"1012\">Mieten Sie zum zweiten (oder dritten, vierten&#8230;) Mal bei uns? Dann k\u00f6nnen Sie ein neues Fahrgebiet erkunden. Aber auch wenn Sie in ein vertrautes Revier zur\u00fcckkehren, gibt es noch viel zu entdecken!<\/p>\n<p class=\"\" data-start=\"1014\" data-end=\"1221\">\ud83d\uddfa\ufe0f <strong data-start=\"1018\" data-end=\"1038\">Neue Fahrtrouten<\/strong> \u2013 Wir haben verschiedene Routen f\u00fcr Sie zusammengestellt, sodass Sie immer eine neue Perspektive erleben. Nat\u00fcrlich k\u00f6nnen Sie auch Ihre eigene, ganz individuelle Fahrroute planen.<\/p>\n<p class=\"\" data-start=\"1223\" data-end=\"1532\">\ud83c\udf42 <strong data-start=\"1226\" data-end=\"1264\">Fahren in einer anderen Jahreszeit<\/strong> \u2013 Natur und Atmosph\u00e4re ver\u00e4ndern sich mit den Jahreszeiten, sodass jede Tour einzigartig ist. Probieren Sie zum Beispiel <a href=\"https:\/\/yachtcharterdedrait.nl\/de\/winterfahren\/\" target=\"_blank\" rel=\"noopener\">Winterfahren in Friesland<\/a> \u2013 ein besonderes Erlebnis, bei dem Sie die Ruhe und Sch\u00f6nheit der Winterlandschaft auf dem Wasser genie\u00dfen k\u00f6nnen.<\/p>\n<p>\ud83d\udcbb <strong data-start=\"1537\" data-end=\"1572\">Arbeiten und Fahren kombinieren<\/strong> \u2013 Machen Sie Ihre Reise zu einer <a href=\"https:\/\/yachtcharterdedrait.nl\/de\/blog\/workation-auf-dem-wasser-working-remotely\/\" target=\"_blank\" rel=\"noopener\">Workation<\/a> und verbinden Sie das Angenehme mit dem N\u00fctzlichen: Arbeiten und Entspannen an Bord.<\/p>\n<p class=\"\" data-start=\"1708\" data-end=\"1890\">Von idyllischen H\u00e4fen bis hin zu versteckten Juwelen entlang des Wassers \u2013 Ihre zweite, dritte oder sogar drei\u00dfigste Fahrt mit Yachtcharter De Drait bleibt immer ein Abenteuer!<\/p>\n<h2 data-start=\"1897\" data-end=\"1952\">Aktionsbedingungen f\u00fcr den Wiederbucherrabatt<\/h2>\n<p class=\"\" data-start=\"1954\" data-end=\"2175\">\u2705 Der Rabatt gilt f\u00fcr das gesamte Mietangebot, mit Ausnahme von Tagesvermietungen und \u00dcberfahrten.<br data-start=\"2052\" data-end=\"2055\" \/>\u2705 Sie k\u00f6nnen diesen Rabatt mit anderen Aktionen und Rabatten kombinieren \u2013 bis zu einem <strong data-start=\"2143\" data-end=\"2172\">maximalen Rabatt von 30 %<\/strong>.<\/p>\n<h2 data-start=\"2182\" data-end=\"2238\">Jetzt buchen und von Ihrem Rabatt profitieren!<\/h2>\n<p class=\"\" data-start=\"2240\" data-end=\"2439\">Verpassen Sie diese Gelegenheit nicht und sichern Sie sich Ihr Lieblingsboot sowie den maximalen Rabatt! Buchen Sie rechtzeitig und freuen Sie sich auf einen sorgenfreien Urlaub auf dem Wasser.<\/p>\n<p class=\"\" data-start=\"2441\" data-end=\"2497\">\ud83d\udd39 <a href=\"https:\/\/yachtcharterdedrait.nl\/de\/buchungskalender\/\" target=\"_blank\" rel=\"noopener\"><strong data-start=\"2444\" data-end=\"2495\">Hier geht es zu unserem Angebot \u2013 jetzt buchen!<\/strong><\/a><\/p>\n<p class=\"\" data-start=\"2499\" data-end=\"2675\">Geben Sie bei Ihrer Buchungsanfrage im Bemerkungsfeld Ihre vorherige Buchungsnummer an. Wir ber\u00fccksichtigen dann den Wiederbucherrabatt in Ihrem pers\u00f6nlichen Angebot.<\/p>\n<p class=\"\" data-start=\"2677\" data-end=\"2834\">Haben Sie Fragen oder ben\u00f6tigen Sie Unterst\u00fctzung bei der Online-Buchung? Kontaktieren Sie uns gerne:<br data-start=\"2778\" data-end=\"2781\" \/>\ud83d\udcde <a href=\"http:\/\/TEL:+31 512 513 276\">+31 512 513 276<\/a><br data-start=\"2233\" data-end=\"2236\" \/>\ud83d\udce7 <a class=\"cursor-pointer\" href=\"mailto:contact@dedrait.com\" rel=\"noopener\" data-start=\"2241\" data-end=\"2260\">contact@dedrait.com<\/a><\/p>\n<p class=\"\" data-start=\"2836\" data-end=\"2865\">Wir helfen Ihnen gerne!<\/p>\n","protected":false},"excerpt":{"rendered":"<p>Schon einmal bei uns ein Boot gemietet? Dann haben wir gute Nachrichten f\u00fcr Sie! Haben Sie in den letzten drei Jahren ein Boot bei Yachtcharter De Drait? Dann m\u00f6chten wir uns f\u00fcr Ihr Vertrauen bedanken und Sie belohnen \u2013 mit 5 % Wiederbucherrabatt auf Ihre n\u00e4chste Buchung! Dieser exklusive Rabatt gilt auf den Mietpreis all [&hellip;]<\/p>\n","protected":false},"author":10,"featured_media":0,"parent":0,"menu_order":0,"comment_status":"closed","ping_status":"closed","template":"","meta":{"inline_featured_image":false,"footnotes":""},"class_list":["post-10192","page","type-page","status-publish","hentry"],"yoast_head":"<!-- This site is optimized with the Yoast SEO plugin v27.1.1 - https:\/\/yoast.com\/product\/yoast-seo-wordpress\/ -->\n<title>5% Treuerabatt | Wiederbucherrabatt bei Yachtcharter De Drait<\/title>\n<meta name=\"description\" content=\"Wieder ein Boot bei Yachtcharter De Drait mieten? Sichern Sie sich dann unseren Wiederbucherrabatt! 5% Treuerabatt.\" \/>\n<meta name=\"robots\" content=\"index, follow, max-snippet:-1, max-image-preview:large, max-video-preview:-1\" \/>\n<link rel=\"canonical\" href=\"https:\/\/yachtcharterdedrait.nl\/de\/5-treuerabatt\/\" \/>\n<meta property=\"og:locale\" content=\"de_DE\" \/>\n<meta property=\"og:type\" content=\"article\" \/>\n<meta property=\"og:title\" content=\"5% Treuerabatt | Wiederbucherrabatt bei Yachtcharter De Drait\" \/>\n<meta property=\"og:description\" content=\"Wieder ein Boot bei Yachtcharter De Drait mieten? Sichern Sie sich dann unseren Wiederbucherrabatt! 5% Treuerabatt.\" \/>\n<meta property=\"og:url\" content=\"https:\/\/yachtcharterdedrait.nl\/de\/5-treuerabatt\/\" \/>\n<meta property=\"og:site_name\" content=\"Yachtcharter De Drait - Friesland, NL\" \/>\n<meta property=\"article:modified_time\" content=\"2026-01-17T13:19:56+00:00\" \/>\n<meta property=\"og:image\" content=\"https:\/\/yachtcharterdedrait.nl\/wp-content\/uploads\/WhatsApp-Image-2025-01-10-at-11.13.12-2.jpeg\" \/>\n\t<meta property=\"og:image:width\" content=\"1600\" \/>\n\t<meta property=\"og:image:height\" content=\"1064\" \/>\n\t<meta property=\"og:image:type\" content=\"image\/jpeg\" \/>\n<meta name=\"twitter:card\" content=\"summary_large_image\" \/>\n<meta name=\"twitter:label1\" content=\"Gesch\u00e4tzte Lesezeit\" \/>\n\t<meta name=\"twitter:data1\" content=\"3\u00a0Minuten\" \/>\n<script type=\"application\/ld+json\" class=\"yoast-schema-graph\">{\"@context\":\"https:\/\/schema.org\",\"@graph\":[{\"@type\":\"WebPage\",\"@id\":\"https:\/\/yachtcharterdedrait.nl\/de\/5-treuerabatt\/\",\"url\":\"https:\/\/yachtcharterdedrait.nl\/de\/5-treuerabatt\/\",\"name\":\"5% Treuerabatt | Wiederbucherrabatt bei Yachtcharter De Drait\",\"isPartOf\":{\"@id\":\"https:\/\/yachtcharterdedrait.nl\/#website\"},\"primaryImageOfPage\":{\"@id\":\"https:\/\/yachtcharterdedrait.nl\/de\/5-treuerabatt\/#primaryimage\"},\"image\":{\"@id\":\"https:\/\/yachtcharterdedrait.nl\/de\/5-treuerabatt\/#primaryimage\"},\"thumbnailUrl\":\"https:\/\/yachtcharterdedrait.nl\/wp-content\/uploads\/WhatsApp-Image-2025-01-10-at-11.13.12-2-300x200.jpeg\",\"datePublished\":\"2024-09-16T13:12:37+00:00\",\"dateModified\":\"2026-01-17T13:19:56+00:00\",\"description\":\"Wieder ein Boot bei Yachtcharter De Drait mieten? Sichern Sie sich dann unseren Wiederbucherrabatt! 5% Treuerabatt.\",\"breadcrumb\":{\"@id\":\"https:\/\/yachtcharterdedrait.nl\/de\/5-treuerabatt\/#breadcrumb\"},\"inLanguage\":\"de\",\"potentialAction\":[{\"@type\":\"ReadAction\",\"target\":[\"https:\/\/yachtcharterdedrait.nl\/de\/5-treuerabatt\/\"]}]},{\"@type\":\"ImageObject\",\"inLanguage\":\"de\",\"@id\":\"https:\/\/yachtcharterdedrait.nl\/de\/5-treuerabatt\/#primaryimage\",\"url\":\"https:\/\/yachtcharterdedrait.nl\/wp-content\/uploads\/WhatsApp-Image-2025-01-10-at-11.13.12-2-300x200.jpeg\",\"contentUrl\":\"https:\/\/yachtcharterdedrait.nl\/wp-content\/uploads\/WhatsApp-Image-2025-01-10-at-11.13.12-2-300x200.jpeg\"},{\"@type\":\"BreadcrumbList\",\"@id\":\"https:\/\/yachtcharterdedrait.nl\/de\/5-treuerabatt\/#breadcrumb\",\"itemListElement\":[{\"@type\":\"ListItem\",\"position\":1,\"name\":\"Home\",\"item\":\"https:\/\/yachtcharterdedrait.nl\/de\/\"},{\"@type\":\"ListItem\",\"position\":2,\"name\":\"5% Treuerabatt\"}]},{\"@type\":\"WebSite\",\"@id\":\"https:\/\/yachtcharterdedrait.nl\/#website\",\"url\":\"https:\/\/yachtcharterdedrait.nl\/\",\"name\":\"Yachtcharter De Drait - Friesland, NL\",\"description\":\"Mieten Sie sich ein Boot f\u00fcr Ihren Traumurlaub\",\"potentialAction\":[{\"@type\":\"SearchAction\",\"target\":{\"@type\":\"EntryPoint\",\"urlTemplate\":\"https:\/\/yachtcharterdedrait.nl\/?s={search_term_string}\"},\"query-input\":{\"@type\":\"PropertyValueSpecification\",\"valueRequired\":true,\"valueName\":\"search_term_string\"}}],\"inLanguage\":\"de\"}]}<\/script>\n<!-- \/ Yoast SEO plugin. -->","yoast_head_json":{"title":"5% Treuerabatt | Wiederbucherrabatt bei Yachtcharter De Drait","description":"Wieder ein Boot bei Yachtcharter De Drait mieten? Sichern Sie sich dann unseren Wiederbucherrabatt! 5% Treuerabatt.","robots":{"index":"index","follow":"follow","max-snippet":"max-snippet:-1","max-image-preview":"max-image-preview:large","max-video-preview":"max-video-preview:-1"},"canonical":"https:\/\/yachtcharterdedrait.nl\/de\/5-treuerabatt\/","og_locale":"de_DE","og_type":"article","og_title":"5% Treuerabatt | Wiederbucherrabatt bei Yachtcharter De Drait","og_description":"Wieder ein Boot bei Yachtcharter De Drait mieten? Sichern Sie sich dann unseren Wiederbucherrabatt! 5% Treuerabatt.","og_url":"https:\/\/yachtcharterdedrait.nl\/de\/5-treuerabatt\/","og_site_name":"Yachtcharter De Drait - Friesland, NL","article_modified_time":"2026-01-17T13:19:56+00:00","og_image":[{"width":1600,"height":1064,"url":"https:\/\/yachtcharterdedrait.nl\/wp-content\/uploads\/WhatsApp-Image-2025-01-10-at-11.13.12-2.jpeg","type":"image\/jpeg"}],"twitter_card":"summary_large_image","twitter_misc":{"Gesch\u00e4tzte Lesezeit":"3\u00a0Minuten"},"schema":{"@context":"https:\/\/schema.org","@graph":[{"@type":"WebPage","@id":"https:\/\/yachtcharterdedrait.nl\/de\/5-treuerabatt\/","url":"https:\/\/yachtcharterdedrait.nl\/de\/5-treuerabatt\/","name":"5% Treuerabatt | Wiederbucherrabatt bei Yachtcharter De Drait","isPartOf":{"@id":"https:\/\/yachtcharterdedrait.nl\/#website"},"primaryImageOfPage":{"@id":"https:\/\/yachtcharterdedrait.nl\/de\/5-treuerabatt\/#primaryimage"},"image":{"@id":"https:\/\/yachtcharterdedrait.nl\/de\/5-treuerabatt\/#primaryimage"},"thumbnailUrl":"https:\/\/yachtcharterdedrait.nl\/wp-content\/uploads\/WhatsApp-Image-2025-01-10-at-11.13.12-2-300x200.jpeg","datePublished":"2024-09-16T13:12:37+00:00","dateModified":"2026-01-17T13:19:56+00:00","description":"Wieder ein Boot bei Yachtcharter De Drait mieten? Sichern Sie sich dann unseren Wiederbucherrabatt! 5% Treuerabatt.","breadcrumb":{"@id":"https:\/\/yachtcharterdedrait.nl\/de\/5-treuerabatt\/#breadcrumb"},"inLanguage":"de","potentialAction":[{"@type":"ReadAction","target":["https:\/\/yachtcharterdedrait.nl\/de\/5-treuerabatt\/"]}]},{"@type":"ImageObject","inLanguage":"de","@id":"https:\/\/yachtcharterdedrait.nl\/de\/5-treuerabatt\/#primaryimage","url":"https:\/\/yachtcharterdedrait.nl\/wp-content\/uploads\/WhatsApp-Image-2025-01-10-at-11.13.12-2-300x200.jpeg","contentUrl":"https:\/\/yachtcharterdedrait.nl\/wp-content\/uploads\/WhatsApp-Image-2025-01-10-at-11.13.12-2-300x200.jpeg"},{"@type":"BreadcrumbList","@id":"https:\/\/yachtcharterdedrait.nl\/de\/5-treuerabatt\/#breadcrumb","itemListElement":[{"@type":"ListItem","position":1,"name":"Home","item":"https:\/\/yachtcharterdedrait.nl\/de\/"},{"@type":"ListItem","position":2,"name":"5% Treuerabatt"}]},{"@type":"WebSite","@id":"https:\/\/yachtcharterdedrait.nl\/#website","url":"https:\/\/yachtcharterdedrait.nl\/","name":"Yachtcharter De Drait - Friesland, NL","description":"Mieten Sie sich ein Boot f\u00fcr Ihren Traumurlaub","potentialAction":[{"@type":"SearchAction","target":{"@type":"EntryPoint","urlTemplate":"https:\/\/yachtcharterdedrait.nl\/?s={search_term_string}"},"query-input":{"@type":"PropertyValueSpecification","valueRequired":true,"valueName":"search_term_string"}}],"inLanguage":"de"}]}},"_links":{"self":[{"href":"https:\/\/yachtcharterdedrait.nl\/de\/wp-json\/wp\/v2\/pages\/10192","targetHints":{"allow":["GET"]}}],"collection":[{"href":"https:\/\/yachtcharterdedrait.nl\/de\/wp-json\/wp\/v2\/pages"}],"about":[{"href":"https:\/\/yachtcharterdedrait.nl\/de\/wp-json\/wp\/v2\/types\/page"}],"author":[{"embeddable":true,"href":"https:\/\/yachtcharterdedrait.nl\/de\/wp-json\/wp\/v2\/users\/10"}],"replies":[{"embeddable":true,"href":"https:\/\/yachtcharterdedrait.nl\/de\/wp-json\/wp\/v2\/comments?post=10192"}],"version-history":[{"count":5,"href":"https:\/\/yachtcharterdedrait.nl\/de\/wp-json\/wp\/v2\/pages\/10192\/revisions"}],"predecessor-version":[{"id":12595,"href":"https:\/\/yachtcharterdedrait.nl\/de\/wp-json\/wp\/v2\/pages\/10192\/revisions\/12595"}],"wp:attachment":[{"href":"https:\/\/yachtcharterdedrait.nl\/de\/wp-json\/wp\/v2\/media?parent=10192"}],"curies":[{"name":"wp","href":"https:\/\/api.w.org\/{rel}","templated":true}]}}