{"id":11249,"date":"2025-05-08T11:22:40","date_gmt":"2025-05-08T11:22:40","guid":{"rendered":"https:\/\/yachtcharterdedrait.nl\/?page_id=11249"},"modified":"2026-01-05T09:24:46","modified_gmt":"2026-01-05T09:24:46","slug":"fruehbucherrabatt","status":"publish","type":"page","link":"https:\/\/yachtcharterdedrait.nl\/de\/fruehbucherrabatt\/","title":{"rendered":"Fr\u00fchbucherrabatt"},"content":{"rendered":"<h2 data-start=\"211\" data-end=\"269\">Buchen Sie jetzt Ihren Bootsurlaub f\u00fcr 2027!<\/h2>\n<p class=\"\" data-start=\"271\" data-end=\"458\">Wussten Sie, dass Sie Ihren Bootsurlaub bei uns bereits f\u00fcr 2027 buchen k\u00f6nnen? Wer fr\u00fch bucht, spart deutlich \u2013 der Gesamtrabatt auf den Mietpreis kann bis zu 20\u202f% betragen!<\/p>\n<p class=\"\" data-start=\"460\" data-end=\"794\">Vielleicht stecken Sie noch mitten in der Urlaubsplanung f\u00fcr 2026? Oder tr\u00e4umen Sie schon jetzt von einem Urlaub in sogar 2027? Dann ist jetzt der ideale Zeitpunkt, um Ihr n\u00e4chstes Wasserabenteuer festzulegen. Sie profitieren nicht nur von unserem Fr\u00fchbucherrabatt, sondern auch von den Preisen laut Preisliste 2026.<\/p>\n<p class=\"\" data-start=\"796\" data-end=\"1065\">Und wenn Sie in den letzten drei Jahren bereits bei uns gechartert haben, erhalten Sie zus\u00e4tzlich <a href=\"https:\/\/yachtcharterdedrait.nl\/de\/5-treuerabatt\/\">5\u202f% Treuerabatt<\/a>. M\u00f6chten Sie mehrere Wochen am St\u00fcck an Bord verbringen? Dann profitieren Sie auch von unserem Mehrwochenrabatt, der bis zu 12\u202f% betragen kann.<\/p>\n<h3 class=\"\" data-start=\"1072\" data-end=\"1110\">Ihre Vorteile auf einen Blick:<\/h3>\n<p class=\"\" data-start=\"1112\" data-end=\"1585\">\ud83e\udded <strong data-start=\"1115\" data-end=\"1133\">Mehr Vorfreude<\/strong> \u2013 genie\u00dfen Sie die l\u00e4ngere Planungszeit<br data-start=\"1173\" data-end=\"1176\" \/>\ud83d\udcc5 <strong data-start=\"1179\" data-end=\"1192\">Mehr Zeit<\/strong> f\u00fcr eine gute Vorbereitung Ihrer Route<br data-start=\"1231\" data-end=\"1234\" \/>\ud83d\udea4 <strong data-start=\"1237\" data-end=\"1254\">Gro\u00dfe Auswahl<\/strong> an Yachten \u2013 je fr\u00fcher Sie buchen, desto mehr Boote stehen zur Verf\u00fcgung<br data-start=\"1327\" data-end=\"1330\" \/>\ud83d\udcb6<strong data-start=\"1333\" data-end=\"1377\"> Profitieren Sie von den Preisen von 2026<\/strong><br data-start=\"1377\" data-end=\"1380\" \/>\ud83c\udf81 <strong data-start=\"1383\" data-end=\"1407\">5\u202f% Fr\u00fchbucherrabatt<\/strong> auf Ihre Buchung<br data-start=\"1424\" data-end=\"1427\" \/>\ud83d\udd01 <strong data-start=\"1430\" data-end=\"1449\">5\u202f% Treuerabatt<\/strong> f\u00fcr wiederkehrende G\u00e4ste<br data-start=\"1474\" data-end=\"1477\" \/>\ud83d\udcc8 <strong data-start=\"1480\" data-end=\"1512\" data-is-only-node=\"\">Bis zu 12\u202f% Mehrwochenrabatt<\/strong><br data-start=\"1512\" data-end=\"1515\" \/>\ud83c\udf05 <strong data-start=\"1518\" data-end=\"1551\">Immer ein Traumboot verf\u00fcgbar<\/strong> \u2013 in Friesland<\/p>\n<h3 class=\"\" data-start=\"1592\" data-end=\"1663\">Ihr Bootsurlaub in Friesland \u2013 jetzt buchen!<\/h3>\n<p class=\"\" data-start=\"1664\" data-end=\"1919\">Mit einer vielseitigen Flotte \u00fcber zwei Standorte finden Sie bei uns garantiert das passende Boot f\u00fcr Ihren Urlaub. Genie\u00dfen Sie einen sorgenfreien Aufenthalt auf dem Wasser und entdecken Sie <a href=\"https:\/\/yachtcharterdedrait.nl\/de\/fahrgebieten\/\" target=\"_blank\" rel=\"noopener\">Friesland<\/a>\u00a0in Ihrem eigenen Tempo.<\/p>\n<p class=\"\" data-start=\"1921\" data-end=\"2232\">M\u00f6chten Sie f\u00fcr 2027 buchen? Nutzen Sie ganz einfach unseren <a href=\"https:\/\/yachtcharterdedrait.nl\/de\/buchungskalender\/\" target=\"_blank\" rel=\"noopener\">Buchungskalender<\/a> oder die Funktion <a href=\"https:\/\/yachtcharterdedrait.nl\/de\/boot-mieten\/\" target=\"_blank\" rel=\"noopener\">Suchen &amp; Buchen<\/a>. Haben Sie Fragen oder ben\u00f6tigen Sie Unterst\u00fctzung? Schreiben Sie uns dann gerne ein E-Mail an <a href=\"mailto:contact@dedrait.com\">contact@dedrait.com<\/a>\u00a0oder rufen Sie uns an unter <a href=\"tel:+31512513276\">+31512513276.<\/a> Wir helfen Ihnen gerne auf dem Weg zu einem unvergesslichen Bootsurlaub!<\/p>\n","protected":false},"excerpt":{"rendered":"<p>Buchen Sie jetzt Ihren Bootsurlaub f\u00fcr 2027! Wussten Sie, dass Sie Ihren Bootsurlaub bei uns bereits f\u00fcr 2027 buchen k\u00f6nnen? Wer fr\u00fch bucht, spart deutlich \u2013 der Gesamtrabatt auf den Mietpreis kann bis zu 20\u202f% betragen! Vielleicht stecken Sie noch mitten in der Urlaubsplanung f\u00fcr 2026? Oder tr\u00e4umen Sie schon jetzt von einem Urlaub in [&hellip;]<\/p>\n","protected":false},"author":7,"featured_media":11254,"parent":0,"menu_order":0,"comment_status":"closed","ping_status":"closed","template":"","meta":{"inline_featured_image":false,"footnotes":""},"class_list":["post-11249","page","type-page","status-publish","has-post-thumbnail","hentry"],"yoast_head":"<!-- This site is optimized with the Yoast SEO plugin v27.1.1 - https:\/\/yoast.com\/product\/yoast-seo-wordpress\/ -->\n<title>Fr\u00fchbucherrabatt bei Yachtcharter De Drait<\/title>\n<meta name=\"description\" content=\"Profitieren Sie von attraktiven Fr\u00fchbucherrabatt von bis zu 20\u202f% bei Yachtcharter De Drait auf die Bootsmiete.\" \/>\n<meta name=\"robots\" content=\"index, follow, max-snippet:-1, max-image-preview:large, max-video-preview:-1\" \/>\n<link rel=\"canonical\" href=\"https:\/\/yachtcharterdedrait.nl\/de\/fruehbucherrabatt\/\" \/>\n<meta property=\"og:locale\" content=\"de_DE\" \/>\n<meta property=\"og:type\" content=\"article\" \/>\n<meta property=\"og:title\" content=\"Fr\u00fchbucherrabatt bei Yachtcharter De Drait\" \/>\n<meta property=\"og:description\" content=\"Profitieren Sie von attraktiven Fr\u00fchbucherrabatt von bis zu 20\u202f% bei Yachtcharter De Drait auf die Bootsmiete.\" \/>\n<meta property=\"og:url\" content=\"https:\/\/yachtcharterdedrait.nl\/de\/fruehbucherrabatt\/\" \/>\n<meta property=\"og:site_name\" content=\"Yachtcharter De Drait - Friesland, NL\" \/>\n<meta property=\"article:modified_time\" content=\"2026-01-05T09:24:46+00:00\" \/>\n<meta property=\"og:image\" content=\"https:\/\/yachtcharterdedrait.nl\/wp-content\/uploads\/Fruhbucherrabatt.jpg\" \/>\n\t<meta property=\"og:image:width\" content=\"1912\" \/>\n\t<meta property=\"og:image:height\" content=\"552\" \/>\n\t<meta property=\"og:image:type\" content=\"image\/jpeg\" \/>\n<meta name=\"twitter:card\" content=\"summary_large_image\" \/>\n<meta name=\"twitter:label1\" content=\"Gesch\u00e4tzte Lesezeit\" \/>\n\t<meta name=\"twitter:data1\" content=\"2\u00a0Minuten\" \/>\n<script type=\"application\/ld+json\" class=\"yoast-schema-graph\">{\"@context\":\"https:\/\/schema.org\",\"@graph\":[{\"@type\":\"WebPage\",\"@id\":\"https:\/\/yachtcharterdedrait.nl\/de\/fruehbucherrabatt\/\",\"url\":\"https:\/\/yachtcharterdedrait.nl\/de\/fruehbucherrabatt\/\",\"name\":\"Fr\u00fchbucherrabatt bei Yachtcharter De Drait\",\"isPartOf\":{\"@id\":\"https:\/\/yachtcharterdedrait.nl\/#website\"},\"primaryImageOfPage\":{\"@id\":\"https:\/\/yachtcharterdedrait.nl\/de\/fruehbucherrabatt\/#primaryimage\"},\"image\":{\"@id\":\"https:\/\/yachtcharterdedrait.nl\/de\/fruehbucherrabatt\/#primaryimage\"},\"thumbnailUrl\":\"https:\/\/yachtcharterdedrait.nl\/wp-content\/uploads\/Fruhbucherrabatt.jpg\",\"datePublished\":\"2025-05-08T11:22:40+00:00\",\"dateModified\":\"2026-01-05T09:24:46+00:00\",\"description\":\"Profitieren Sie von attraktiven Fr\u00fchbucherrabatt von bis zu 20\u202f% bei Yachtcharter De Drait auf die Bootsmiete.\",\"breadcrumb\":{\"@id\":\"https:\/\/yachtcharterdedrait.nl\/de\/fruehbucherrabatt\/#breadcrumb\"},\"inLanguage\":\"de\",\"potentialAction\":[{\"@type\":\"ReadAction\",\"target\":[\"https:\/\/yachtcharterdedrait.nl\/de\/fruehbucherrabatt\/\"]}]},{\"@type\":\"ImageObject\",\"inLanguage\":\"de\",\"@id\":\"https:\/\/yachtcharterdedrait.nl\/de\/fruehbucherrabatt\/#primaryimage\",\"url\":\"https:\/\/yachtcharterdedrait.nl\/wp-content\/uploads\/Fruhbucherrabatt.jpg\",\"contentUrl\":\"https:\/\/yachtcharterdedrait.nl\/wp-content\/uploads\/Fruhbucherrabatt.jpg\",\"width\":1912,\"height\":552,\"caption\":\"Fr\u00fchbucherrabatt\"},{\"@type\":\"BreadcrumbList\",\"@id\":\"https:\/\/yachtcharterdedrait.nl\/de\/fruehbucherrabatt\/#breadcrumb\",\"itemListElement\":[{\"@type\":\"ListItem\",\"position\":1,\"name\":\"Home\",\"item\":\"https:\/\/yachtcharterdedrait.nl\/de\/\"},{\"@type\":\"ListItem\",\"position\":2,\"name\":\"Fr\u00fchbucherrabatt\"}]},{\"@type\":\"WebSite\",\"@id\":\"https:\/\/yachtcharterdedrait.nl\/#website\",\"url\":\"https:\/\/yachtcharterdedrait.nl\/\",\"name\":\"Yachtcharter De Drait - Friesland, NL\",\"description\":\"Mieten Sie sich ein Boot f\u00fcr Ihren Traumurlaub\",\"potentialAction\":[{\"@type\":\"SearchAction\",\"target\":{\"@type\":\"EntryPoint\",\"urlTemplate\":\"https:\/\/yachtcharterdedrait.nl\/?s={search_term_string}\"},\"query-input\":{\"@type\":\"PropertyValueSpecification\",\"valueRequired\":true,\"valueName\":\"search_term_string\"}}],\"inLanguage\":\"de\"}]}<\/script>\n<!-- \/ Yoast SEO plugin. -->","yoast_head_json":{"title":"Fr\u00fchbucherrabatt bei Yachtcharter De Drait","description":"Profitieren Sie von attraktiven Fr\u00fchbucherrabatt von bis zu 20\u202f% bei Yachtcharter De Drait auf die Bootsmiete.","robots":{"index":"index","follow":"follow","max-snippet":"max-snippet:-1","max-image-preview":"max-image-preview:large","max-video-preview":"max-video-preview:-1"},"canonical":"https:\/\/yachtcharterdedrait.nl\/de\/fruehbucherrabatt\/","og_locale":"de_DE","og_type":"article","og_title":"Fr\u00fchbucherrabatt bei Yachtcharter De Drait","og_description":"Profitieren Sie von attraktiven Fr\u00fchbucherrabatt von bis zu 20\u202f% bei Yachtcharter De Drait auf die Bootsmiete.","og_url":"https:\/\/yachtcharterdedrait.nl\/de\/fruehbucherrabatt\/","og_site_name":"Yachtcharter De Drait - Friesland, NL","article_modified_time":"2026-01-05T09:24:46+00:00","og_image":[{"width":1912,"height":552,"url":"https:\/\/yachtcharterdedrait.nl\/wp-content\/uploads\/Fruhbucherrabatt.jpg","type":"image\/jpeg"}],"twitter_card":"summary_large_image","twitter_misc":{"Gesch\u00e4tzte Lesezeit":"2\u00a0Minuten"},"schema":{"@context":"https:\/\/schema.org","@graph":[{"@type":"WebPage","@id":"https:\/\/yachtcharterdedrait.nl\/de\/fruehbucherrabatt\/","url":"https:\/\/yachtcharterdedrait.nl\/de\/fruehbucherrabatt\/","name":"Fr\u00fchbucherrabatt bei Yachtcharter De Drait","isPartOf":{"@id":"https:\/\/yachtcharterdedrait.nl\/#website"},"primaryImageOfPage":{"@id":"https:\/\/yachtcharterdedrait.nl\/de\/fruehbucherrabatt\/#primaryimage"},"image":{"@id":"https:\/\/yachtcharterdedrait.nl\/de\/fruehbucherrabatt\/#primaryimage"},"thumbnailUrl":"https:\/\/yachtcharterdedrait.nl\/wp-content\/uploads\/Fruhbucherrabatt.jpg","datePublished":"2025-05-08T11:22:40+00:00","dateModified":"2026-01-05T09:24:46+00:00","description":"Profitieren Sie von attraktiven Fr\u00fchbucherrabatt von bis zu 20\u202f% bei Yachtcharter De Drait auf die Bootsmiete.","breadcrumb":{"@id":"https:\/\/yachtcharterdedrait.nl\/de\/fruehbucherrabatt\/#breadcrumb"},"inLanguage":"de","potentialAction":[{"@type":"ReadAction","target":["https:\/\/yachtcharterdedrait.nl\/de\/fruehbucherrabatt\/"]}]},{"@type":"ImageObject","inLanguage":"de","@id":"https:\/\/yachtcharterdedrait.nl\/de\/fruehbucherrabatt\/#primaryimage","url":"https:\/\/yachtcharterdedrait.nl\/wp-content\/uploads\/Fruhbucherrabatt.jpg","contentUrl":"https:\/\/yachtcharterdedrait.nl\/wp-content\/uploads\/Fruhbucherrabatt.jpg","width":1912,"height":552,"caption":"Fr\u00fchbucherrabatt"},{"@type":"BreadcrumbList","@id":"https:\/\/yachtcharterdedrait.nl\/de\/fruehbucherrabatt\/#breadcrumb","itemListElement":[{"@type":"ListItem","position":1,"name":"Home","item":"https:\/\/yachtcharterdedrait.nl\/de\/"},{"@type":"ListItem","position":2,"name":"Fr\u00fchbucherrabatt"}]},{"@type":"WebSite","@id":"https:\/\/yachtcharterdedrait.nl\/#website","url":"https:\/\/yachtcharterdedrait.nl\/","name":"Yachtcharter De Drait - Friesland, NL","description":"Mieten Sie sich ein Boot f\u00fcr Ihren Traumurlaub","potentialAction":[{"@type":"SearchAction","target":{"@type":"EntryPoint","urlTemplate":"https:\/\/yachtcharterdedrait.nl\/?s={search_term_string}"},"query-input":{"@type":"PropertyValueSpecification","valueRequired":true,"valueName":"search_term_string"}}],"inLanguage":"de"}]}},"_links":{"self":[{"href":"https:\/\/yachtcharterdedrait.nl\/de\/wp-json\/wp\/v2\/pages\/11249","targetHints":{"allow":["GET"]}}],"collection":[{"href":"https:\/\/yachtcharterdedrait.nl\/de\/wp-json\/wp\/v2\/pages"}],"about":[{"href":"https:\/\/yachtcharterdedrait.nl\/de\/wp-json\/wp\/v2\/types\/page"}],"author":[{"embeddable":true,"href":"https:\/\/yachtcharterdedrait.nl\/de\/wp-json\/wp\/v2\/users\/7"}],"replies":[{"embeddable":true,"href":"https:\/\/yachtcharterdedrait.nl\/de\/wp-json\/wp\/v2\/comments?post=11249"}],"version-history":[{"count":5,"href":"https:\/\/yachtcharterdedrait.nl\/de\/wp-json\/wp\/v2\/pages\/11249\/revisions"}],"predecessor-version":[{"id":12117,"href":"https:\/\/yachtcharterdedrait.nl\/de\/wp-json\/wp\/v2\/pages\/11249\/revisions\/12117"}],"wp:featuredmedia":[{"embeddable":true,"href":"https:\/\/yachtcharterdedrait.nl\/de\/wp-json\/wp\/v2\/media\/11254"}],"wp:attachment":[{"href":"https:\/\/yachtcharterdedrait.nl\/de\/wp-json\/wp\/v2\/media?parent=11249"}],"curies":[{"name":"wp","href":"https:\/\/api.w.org\/{rel}","templated":true}]}}