{"id":11372,"date":"2025-05-14T13:10:01","date_gmt":"2025-05-14T13:10:01","guid":{"rendered":"https:\/\/yachtcharterdedrait.nl\/?page_id=11372"},"modified":"2025-05-15T12:38:35","modified_gmt":"2025-05-15T12:38:35","slug":"fahrrouten-woudsend-friesland","status":"publish","type":"page","link":"https:\/\/yachtcharterdedrait.nl\/de\/fahrrouten-woudsend-friesland\/","title":{"rendered":"Fahrrouten Woudsend &#8211; Friesland"},"content":{"rendered":"<h2 data-start=\"58\" data-end=\"128\">Bootfahren in Friesland: Die sch\u00f6nsten Fahrrouten rund um Woudsend<\/h2>\n<p class=\"\" data-start=\"130\" data-end=\"827\">Friesland ist bekannt f\u00fcr seine weitl\u00e4ufigen Seenlandschaften \u2013 die \u201eFriese Meren\u201c \u2013 die durch kleine Seen, Gr\u00e4ben und Kan\u00e4le miteinander verbunden sind. Das macht die Region zu einem echten Paradies f\u00fcr Wassersportbegeisterte. Genie\u00dfen Sie ein einzigartiges und unvergessliches Bootserlebnis. In Friesland k\u00f6nnen Sie ohne Unterbrechung fahren und gleichzeitig Natur, Kultur und eine reiche Geschichte erleben. Es gibt zahlreiche Anlegem\u00f6glichkeiten \u2013 sowohl in Yachth\u00e4fen als auch in den D\u00f6rfern und St\u00e4dten entlang der Ufer. M\u00f6chten Sie lieber eine Nacht mitten in der Natur verbringen? Dann legen Sie an einem der kostenlosen Liegepl\u00e4tze des Freizeitverbandes \u201e<a href=\"https:\/\/yachtcharterdedrait.nl\/de\/blog\/marrekrite\/\">Recreatieschap Marrekrite<\/a>\u201c an.<\/p>\n<p class=\"\" data-start=\"829\" data-end=\"979\">Die Friesen haben eine gro\u00dfe Leidenschaft f\u00fcr das Wasser \u2013 viele sind selbst begeisterte Wassersportler. Das schafft sofort eine besondere Verbindung.<\/p>\n<p class=\"\" data-start=\"981\" data-end=\"1615\">In den Niederlanden k\u00f6nnen Sie ein Boot auch <a href=\"https:\/\/yachtcharterdedrait.nl\/de\/bootsfuehrerschein-2\/\">ohne Bootsf\u00fchrerschein<\/a> mieten. Haben Sie noch keine Erfahrung, m\u00f6chten aber dennoch ein Boot bei Yachtcharter De Drait in Friesland mieten? Dann sind Sie bei uns genau richtig f\u00fcr einen sorgenfreien Bootsurlaub. Vor der Abfahrt bieten wir Ihnen ein <a href=\"https:\/\/yachtcharterdedrait.nl\/de\/skippertraining\/\">Skippertraining<\/a> an, damit Sie mit einem sicheren Gef\u00fchl in See stechen k\u00f6nnen. Friesland ist das ideale Fahrgebiet f\u00fcr Anf\u00e4nger: Es gibt keine starken Str\u00f6mungen oder Schleusen, daf\u00fcr aber eine gro\u00dfz\u00fcgige Br\u00fcckenbedienung und \u00fcbersichtliche Fahrrouten. Deshalb ist Friesland sowohl bei Einsteigern als auch bei erfahrenen Skippern sehr beliebt.<\/p>\n<article class=\"text-token-text-primary w-full\" dir=\"auto\" data-testid=\"conversation-turn-16\" data-scroll-anchor=\"true\">\n<div class=\"text-base my-auto mx-auto py-5 [--thread-content-margin:--spacing(4)] @[37rem]:[--thread-content-margin:--spacing(6)] @[72rem]:[--thread-content-margin:--spacing(16)] px-(--thread-content-margin)\">\n<div class=\"[--thread-content-max-width:32rem] @[34rem]:[--thread-content-max-width:40rem] @[64rem]:[--thread-content-max-width:48rem] mx-auto flex max-w-(--thread-content-max-width) flex-1 text-base gap-4 md:gap-5 lg:gap-6 group\/turn-messages focus-visible:outline-hidden\" tabindex=\"-1\">\n<div class=\"group\/conversation-turn relative flex w-full min-w-0 flex-col agent-turn\">\n<div class=\"relative flex-col gap-1 md:gap-3\">\n<div class=\"flex max-w-full flex-col grow\">\n<div class=\"min-h-8 text-message relative flex w-full flex-col items-end gap-2 text-start break-words whitespace-normal [.text-message+&amp;]:mt-5\" dir=\"auto\" data-message-author-role=\"assistant\" data-message-id=\"4beebefe-e7fb-483a-9ac8-eda40c99a0fb\" data-message-model-slug=\"gpt-4o\">\n<div class=\"flex w-full flex-col gap-1 empty:hidden first:pt-[3px]\">\n<div class=\"streaming-animation markdown prose dark:prose-invert w-full break-words light\">\n<p data-start=\"1617\" data-end=\"2146\"><span class=\"_fadeIn_4f9by_7\">F\u00fcr <\/span><span class=\"_fadeIn_4f9by_7\">jeden <\/span><span class=\"_fadeIn_4f9by_7\">Bootstyp <\/span><span class=\"_fadeIn_4f9by_7\">haben <\/span><span class=\"_fadeIn_4f9by_7\">wir <\/span><span class=\"_fadeIn_4f9by_7\">verschiedene <\/span><span class=\"_fadeIn_4f9by_7\">Routen <\/span><span class=\"_fadeIn_4f9by_7\">ausgearbeitet. <\/span><span class=\"_fadeIn_4f9by_7\">Diese <\/span><span class=\"_fadeIn_4f9by_7\">finden <\/span><span class=\"_fadeIn_4f9by_7\">Sie <\/span><span class=\"_fadeIn_4f9by_7\">unten. <\/span><span class=\"_fadeIn_4f9by_7\">Entdecken <\/span><span class=\"_fadeIn_4f9by_7\">Sie, <\/span><span class=\"_fadeIn_4f9by_7\">welche <\/span><span class=\"_fadeIn_4f9by_7\">Route <\/span><span class=\"_fadeIn_4f9by_7\">am <\/span><span class=\"_fadeIn_4f9by_7\">besten <\/span><span class=\"_fadeIn_4f9by_7\">zu <\/span><span class=\"_fadeIn_4f9by_7\">Ihren <\/span><span class=\"_fadeIn_4f9by_7\">W\u00fcnschen <\/span><span class=\"_fadeIn_4f9by_7\">passt. <\/span><span class=\"_fadeIn_4f9by_7\">Achten <\/span><span class=\"_fadeIn_4f9by_7\">Sie <\/span><span class=\"_fadeIn_4f9by_7\">bei <\/span><span class=\"_fadeIn_4f9by_7\">der <\/span><span class=\"_fadeIn_4f9by_7\">Planung <\/span><span class=\"_fadeIn_4f9by_7\">auf <\/span><span class=\"_fadeIn_4f9by_7\">Wassertiefen, <\/span><span class=\"_fadeIn_4f9by_7\">Wetterbedingungen, <\/span><span class=\"_fadeIn_4f9by_7\">Br\u00fccken\u00f6ffnungszeiten <\/span><span class=\"_fadeIn_4f9by_7\">und <\/span><span class=\"_fadeIn_4f9by_7\">Durchfahrtsh\u00f6hen. <\/span><span class=\"_fadeIn_4f9by_7\">Klicken <\/span><span class=\"_fadeIn_4f9by_7\">Sie <\/span><span class=\"_fadeIn_4f9by_7\">auf <\/span><span class=\"_fadeIn_4f9by_7\">das <\/span><span class=\"_fadeIn_4f9by_7\">kleine <\/span><span class=\"_fadeIn_4f9by_7\">Quadrat <\/span><span class=\"_fadeIn_4f9by_7\">oben <\/span><span class=\"_fadeIn_4f9by_7\">rechts <\/span><span class=\"_fadeIn_4f9by_7\">in <\/span><span class=\"_fadeIn_4f9by_7\">der <\/span><span class=\"_fadeIn_4f9by_7\">Karte, <\/span><span class=\"_fadeIn_4f9by_7\">um <\/span><span class=\"_fadeIn_4f9by_7\">diese <\/span><span class=\"_fadeIn_4f9by_7\">zu <\/span><span class=\"_fadeIn_4f9by_7\">vergr\u00f6\u00dfern. <\/span><span class=\"_fadeIn_4f9by_7\">Haben <\/span><span class=\"_fadeIn_4f9by_7\">Sie <\/span><span class=\"_fadeIn_4f9by_7\">Fragen <\/span><span class=\"_fadeIn_4f9by_7\">zur <\/span><span class=\"_fadeIn_4f9by_7\">Bootsmiete <\/span><span class=\"_fadeIn_4f9by_7\">oder <\/span><span class=\"_fadeIn_4f9by_7\">zu <\/span><span class=\"_fadeIn_4f9by_7\">den <\/span><span class=\"_fadeIn_4f9by_7\">Routen? <\/span><span class=\"_fadeIn_4f9by_7\">F\u00fcr <\/span><span class=\"_fadeIn_4f9by_7\">viele <\/span><span class=\"_fadeIn_4f9by_7\">Routen <\/span><span class=\"_fadeIn_4f9by_7\">ist <\/span><span class=\"_fadeIn_4f9by_7\">auch <\/span><span class=\"_fadeIn_4f9by_7\">eine <\/span><span class=\"_fadeIn_4f9by_7\">ausf\u00fchrlichere <\/span><span class=\"_fadeIn_4f9by_7\">Version <\/span><span class=\"_fadeIn_4f9by_7\">verf\u00fcgbar. <\/span><span class=\"_fadeIn_4f9by_7\">Nehmen <\/span><span class=\"_fadeIn_4f9by_7\">Sie <\/span><span class=\"_fadeIn_4f9by_7\">gerne <\/span><a href=\"https:\/\/www.yachtcharterdedrait.nl\/de\/kontakt\"><span class=\"_fadeIn_4f9by_7\">Kontakt<\/span><\/a> <span class=\"_fadeIn_4f9by_7\">mit <\/span><span class=\"_fadeIn_4f9by_7\">uns <\/span><span class=\"_fadeIn_4f9by_7\">auf \u2013 <\/span><span class=\"_fadeIn_4f9by_7\">wir <\/span><span class=\"_fadeIn_4f9by_7\">helfen <\/span><span class=\"_fadeIn_4f9by_7\">Ihnen <\/span><span class=\"_fadeIn_4f9by_7\">gerne <\/span><span class=\"_fadeIn_4f9by_7\">weiter!\u00a0<\/span><\/p>\n<\/div>\n<\/div>\n<\/div>\n<\/div>\n<\/div>\n<\/div>\n<\/div>\n<\/div>\n<\/article>\n<h2>Campi Houseboat<\/h2>\n<p class=\"\" data-start=\"79\" data-end=\"720\">Haben Sie ein Campi-Hausboot oder ein Bungalowboot gemietet? Dann entscheiden Sie sich f\u00fcr ein einzigartiges Fahrerlebnis. Mit unseren Hausbooten entdecken Sie eine neue Art, Urlaub auf dem Wasser zu machen \u2013 eine Kombination aus dem Erlebnis des Fahrens und dem Komfort eines Zuhauses. Dank der gem\u00e4chlichen Geschwindigkeit k\u00f6nnen Sie entspannt die Umgebung erkunden und mitten in der Natur verweilen. Nachfolgend finden Sie alle Routen, die sich ideal f\u00fcr unsere Hausboote ab unserem Standort in Woudsend eignen. M\u00f6chten Sie mehr \u00fcber einen Urlaub an Bord eines Hausbootes erfahren? Lesen Sie weiter unter: <a href=\"https:\/\/yachtcharterdedrait.nl\/de\/blog\/hausbooturlaub-auf-dem-wasser\/\"><em data-start=\"688\" data-end=\"719\">Hausbooturlaub auf dem Wasser<\/em><\/a>.<\/p>\n<p class=\"\" data-start=\"722\" data-end=\"1134\">In der untenstehenden Karte finden Sie Routen f\u00fcr unser Campi Houseboat 400 ab Woudsend. Sie erhalten hier eine \u00dcbersicht \u00fcber Jachth\u00e4fen und Anlegestellen, Aktivit\u00e4ten, Museen, Sehensw\u00fcrdigkeiten, Ausflugsziele und mehr. Die Fahrrouten sind unterteilt in eine Einsteigerroute (Wochenende\/Midweek), eine Midweek\/Wochenroute, eine Wochenroute sowie eine fortgeschrittene Campi-Route f\u00fcr erfahrene Wassersportler.<\/p>\n<p><iframe data-src=\"https:\/\/www.google.com\/maps\/d\/embed?mid=154gqqhoomcrTTl2fCyuwToSRqibNuwM&amp;ehbc=2E312F\" width=\"640\" height=\"480\" data-mce-fragment=\"1\" src=\"data:image\/svg+xml;base64,PHN2ZyB3aWR0aD0iMSIgaGVpZ2h0PSIxIiB4bWxucz0iaHR0cDovL3d3dy53My5vcmcvMjAwMC9zdmciPjwvc3ZnPg==\" class=\"lazyload\" data-load-mode=\"1\"><\/iframe><\/p>\n<h2>Motorboote<\/h2>\n<p class=\"\" data-start=\"1157\" data-end=\"1611\">Nachfolgend finden Sie die Karte mit unseren bevorzugten Fahrrouten f\u00fcr Motorboote \u2013 darunter die Klompmaker-Kutteryachten und Drait-Motorboote \u2013 ab Woudsend. Die Routen sind unterteilt in Wochenend-\/Midweek-, Wochen- und Zweiwochenrouten. Dar\u00fcber hinaus erhalten Sie eine \u00dcbersicht \u00fcber Jachth\u00e4fen, Anlegestellen, Aktivit\u00e4ten und Sehensw\u00fcrdigkeiten. Klicken Sie auf das Symbol links neben \u201eRouten Motorjachten\u201c, um die verschiedenen Routen auszuw\u00e4hlen.<\/p>\n<p><iframe data-src=\"https:\/\/www.google.com\/maps\/d\/embed?mid=1eVm_1VDfhxh2u2wRhguvB3hm2cWXh_U&amp;ehbc=2E312F\" width=\"640\" height=\"480\" data-mce-fragment=\"1\" src=\"data:image\/svg+xml;base64,PHN2ZyB3aWR0aD0iMSIgaGVpZ2h0PSIxIiB4bWxucz0iaHR0cDovL3d3dy53My5vcmcvMjAwMC9zdmciPjwvc3ZnPg==\" class=\"lazyload\" data-load-mode=\"1\"><\/iframe><\/p>\n","protected":false},"excerpt":{"rendered":"<p>Bootfahren in Friesland: Die sch\u00f6nsten Fahrrouten rund um Woudsend Friesland ist bekannt f\u00fcr seine weitl\u00e4ufigen Seenlandschaften \u2013 die \u201eFriese Meren\u201c \u2013 die durch kleine Seen, Gr\u00e4ben und Kan\u00e4le miteinander verbunden sind. Das macht die Region zu einem echten Paradies f\u00fcr Wassersportbegeisterte. Genie\u00dfen Sie ein einzigartiges und unvergessliches Bootserlebnis. In Friesland k\u00f6nnen Sie ohne Unterbrechung fahren [&hellip;]<\/p>\n","protected":false},"author":7,"featured_media":0,"parent":0,"menu_order":0,"comment_status":"closed","ping_status":"closed","template":"","meta":{"inline_featured_image":false,"footnotes":""},"class_list":["post-11372","page","type-page","status-publish","hentry"],"yoast_head":"<!-- This site is optimized with the Yoast SEO plugin v27.1.1 - https:\/\/yoast.com\/product\/yoast-seo-wordpress\/ -->\n<title>Boot mieten in Woudsend | Alle Fahrrouten im \u00dcberblick<\/title>\n<meta name=\"description\" content=\"Hier finden Sie alle Fahrrouten ab Woudsend, wenn Sie ein Boot bei Yachtcharter De Drait in Friesland gemietet haben.\" \/>\n<meta name=\"robots\" content=\"index, follow, max-snippet:-1, max-image-preview:large, max-video-preview:-1\" \/>\n<link rel=\"canonical\" href=\"https:\/\/yachtcharterdedrait.nl\/de\/fahrrouten-woudsend-friesland\/\" \/>\n<meta property=\"og:locale\" content=\"de_DE\" \/>\n<meta property=\"og:type\" content=\"article\" \/>\n<meta property=\"og:title\" content=\"Boot mieten in Woudsend | Alle Fahrrouten im \u00dcberblick\" \/>\n<meta property=\"og:description\" content=\"Hier finden Sie alle Fahrrouten ab Woudsend, wenn Sie ein Boot bei Yachtcharter De Drait in Friesland gemietet haben.\" \/>\n<meta property=\"og:url\" content=\"https:\/\/yachtcharterdedrait.nl\/de\/fahrrouten-woudsend-friesland\/\" \/>\n<meta property=\"og:site_name\" content=\"Yachtcharter De Drait - Friesland, NL\" \/>\n<meta property=\"article:modified_time\" content=\"2025-05-15T12:38:35+00:00\" \/>\n<meta name=\"twitter:card\" content=\"summary_large_image\" \/>\n<meta name=\"twitter:label1\" content=\"Gesch\u00e4tzte Lesezeit\" \/>\n\t<meta name=\"twitter:data1\" content=\"3\u00a0Minuten\" \/>\n<script type=\"application\/ld+json\" class=\"yoast-schema-graph\">{\"@context\":\"https:\/\/schema.org\",\"@graph\":[{\"@type\":\"WebPage\",\"@id\":\"https:\/\/yachtcharterdedrait.nl\/de\/fahrrouten-woudsend-friesland\/\",\"url\":\"https:\/\/yachtcharterdedrait.nl\/de\/fahrrouten-woudsend-friesland\/\",\"name\":\"Boot mieten in Woudsend | Alle Fahrrouten im \u00dcberblick\",\"isPartOf\":{\"@id\":\"https:\/\/yachtcharterdedrait.nl\/#website\"},\"datePublished\":\"2025-05-14T13:10:01+00:00\",\"dateModified\":\"2025-05-15T12:38:35+00:00\",\"description\":\"Hier finden Sie alle Fahrrouten ab Woudsend, wenn Sie ein Boot bei Yachtcharter De Drait in Friesland gemietet haben.\",\"breadcrumb\":{\"@id\":\"https:\/\/yachtcharterdedrait.nl\/de\/fahrrouten-woudsend-friesland\/#breadcrumb\"},\"inLanguage\":\"de\",\"potentialAction\":[{\"@type\":\"ReadAction\",\"target\":[\"https:\/\/yachtcharterdedrait.nl\/de\/fahrrouten-woudsend-friesland\/\"]}]},{\"@type\":\"BreadcrumbList\",\"@id\":\"https:\/\/yachtcharterdedrait.nl\/de\/fahrrouten-woudsend-friesland\/#breadcrumb\",\"itemListElement\":[{\"@type\":\"ListItem\",\"position\":1,\"name\":\"Home\",\"item\":\"https:\/\/yachtcharterdedrait.nl\/de\/\"},{\"@type\":\"ListItem\",\"position\":2,\"name\":\"Fahrrouten Woudsend &#8211; Friesland\"}]},{\"@type\":\"WebSite\",\"@id\":\"https:\/\/yachtcharterdedrait.nl\/#website\",\"url\":\"https:\/\/yachtcharterdedrait.nl\/\",\"name\":\"Yachtcharter De Drait - Friesland, NL\",\"description\":\"Mieten Sie sich ein Boot f\u00fcr Ihren Traumurlaub\",\"potentialAction\":[{\"@type\":\"SearchAction\",\"target\":{\"@type\":\"EntryPoint\",\"urlTemplate\":\"https:\/\/yachtcharterdedrait.nl\/?s={search_term_string}\"},\"query-input\":{\"@type\":\"PropertyValueSpecification\",\"valueRequired\":true,\"valueName\":\"search_term_string\"}}],\"inLanguage\":\"de\"}]}<\/script>\n<!-- \/ Yoast SEO plugin. -->","yoast_head_json":{"title":"Boot mieten in Woudsend | Alle Fahrrouten im \u00dcberblick","description":"Hier finden Sie alle Fahrrouten ab Woudsend, wenn Sie ein Boot bei Yachtcharter De Drait in Friesland gemietet haben.","robots":{"index":"index","follow":"follow","max-snippet":"max-snippet:-1","max-image-preview":"max-image-preview:large","max-video-preview":"max-video-preview:-1"},"canonical":"https:\/\/yachtcharterdedrait.nl\/de\/fahrrouten-woudsend-friesland\/","og_locale":"de_DE","og_type":"article","og_title":"Boot mieten in Woudsend | Alle Fahrrouten im \u00dcberblick","og_description":"Hier finden Sie alle Fahrrouten ab Woudsend, wenn Sie ein Boot bei Yachtcharter De Drait in Friesland gemietet haben.","og_url":"https:\/\/yachtcharterdedrait.nl\/de\/fahrrouten-woudsend-friesland\/","og_site_name":"Yachtcharter De Drait - Friesland, NL","article_modified_time":"2025-05-15T12:38:35+00:00","twitter_card":"summary_large_image","twitter_misc":{"Gesch\u00e4tzte Lesezeit":"3\u00a0Minuten"},"schema":{"@context":"https:\/\/schema.org","@graph":[{"@type":"WebPage","@id":"https:\/\/yachtcharterdedrait.nl\/de\/fahrrouten-woudsend-friesland\/","url":"https:\/\/yachtcharterdedrait.nl\/de\/fahrrouten-woudsend-friesland\/","name":"Boot mieten in Woudsend | Alle Fahrrouten im \u00dcberblick","isPartOf":{"@id":"https:\/\/yachtcharterdedrait.nl\/#website"},"datePublished":"2025-05-14T13:10:01+00:00","dateModified":"2025-05-15T12:38:35+00:00","description":"Hier finden Sie alle Fahrrouten ab Woudsend, wenn Sie ein Boot bei Yachtcharter De Drait in Friesland gemietet haben.","breadcrumb":{"@id":"https:\/\/yachtcharterdedrait.nl\/de\/fahrrouten-woudsend-friesland\/#breadcrumb"},"inLanguage":"de","potentialAction":[{"@type":"ReadAction","target":["https:\/\/yachtcharterdedrait.nl\/de\/fahrrouten-woudsend-friesland\/"]}]},{"@type":"BreadcrumbList","@id":"https:\/\/yachtcharterdedrait.nl\/de\/fahrrouten-woudsend-friesland\/#breadcrumb","itemListElement":[{"@type":"ListItem","position":1,"name":"Home","item":"https:\/\/yachtcharterdedrait.nl\/de\/"},{"@type":"ListItem","position":2,"name":"Fahrrouten Woudsend &#8211; Friesland"}]},{"@type":"WebSite","@id":"https:\/\/yachtcharterdedrait.nl\/#website","url":"https:\/\/yachtcharterdedrait.nl\/","name":"Yachtcharter De Drait - Friesland, NL","description":"Mieten Sie sich ein Boot f\u00fcr Ihren Traumurlaub","potentialAction":[{"@type":"SearchAction","target":{"@type":"EntryPoint","urlTemplate":"https:\/\/yachtcharterdedrait.nl\/?s={search_term_string}"},"query-input":{"@type":"PropertyValueSpecification","valueRequired":true,"valueName":"search_term_string"}}],"inLanguage":"de"}]}},"_links":{"self":[{"href":"https:\/\/yachtcharterdedrait.nl\/de\/wp-json\/wp\/v2\/pages\/11372","targetHints":{"allow":["GET"]}}],"collection":[{"href":"https:\/\/yachtcharterdedrait.nl\/de\/wp-json\/wp\/v2\/pages"}],"about":[{"href":"https:\/\/yachtcharterdedrait.nl\/de\/wp-json\/wp\/v2\/types\/page"}],"author":[{"embeddable":true,"href":"https:\/\/yachtcharterdedrait.nl\/de\/wp-json\/wp\/v2\/users\/7"}],"replies":[{"embeddable":true,"href":"https:\/\/yachtcharterdedrait.nl\/de\/wp-json\/wp\/v2\/comments?post=11372"}],"version-history":[{"count":4,"href":"https:\/\/yachtcharterdedrait.nl\/de\/wp-json\/wp\/v2\/pages\/11372\/revisions"}],"predecessor-version":[{"id":11426,"href":"https:\/\/yachtcharterdedrait.nl\/de\/wp-json\/wp\/v2\/pages\/11372\/revisions\/11426"}],"wp:attachment":[{"href":"https:\/\/yachtcharterdedrait.nl\/de\/wp-json\/wp\/v2\/media?parent=11372"}],"curies":[{"name":"wp","href":"https:\/\/api.w.org\/{rel}","templated":true}]}}