{"id":11814,"date":"2025-11-03T13:07:28","date_gmt":"2025-11-03T13:07:28","guid":{"rendered":"https:\/\/yachtcharterdedrait.nl\/?page_id=11814"},"modified":"2025-12-15T08:27:37","modified_gmt":"2025-12-15T08:27:37","slug":"extra-leistungen","status":"publish","type":"page","link":"https:\/\/yachtcharterdedrait.nl\/de\/extra-leistungen\/","title":{"rendered":"Extra Leistungen"},"content":{"rendered":"\r\n<p>F\u00fcr mehr Service und Komfort bieten wir Ihnen allerlei Extras, die Sie nach Lust und Laune dazu buchen k\u00f6nnen. Gestalten Sie Ihren Urlaub, wie es Ihnen gef\u00e4llt. Mit dem Fahrrad die Umgebung entdecken? Oder doch lieber mit dem Kanu? Angeln auf dem Beiboot? Alles ist m\u00f6glich. Lesen Sie sich unser Angebot in Ruhe durch und w\u00e4hlen Sie was Ihnen gef\u00e4llt! Extras anfordern bei Ihre Bootsurlaub? Nutzen Sie dann dieses Formular, schicken Sie einen E-Mail nach <a href=\"mailto:contact@dedrait.com\">contact@dedrait.com<\/a> oder rufen Sie an unter <a href=\"tel:+31512513276\">+31 512 513 276<\/a>.\u00a0<\/p>\r\n\r\n\r\n\r\n<div class=\"wp-block-button\"><a class=\"wp-block-button__link\" href=\"https:\/\/docs.google.com\/forms\/d\/e\/1FAIpQLSdjfQYJjEHzGOaP8gIUFnX5sAhTzih9RasVI-7AhVmWGFqHYg\/viewform?usp=sf_link\" target=\"_blank\" rel=\"noreferrer noopener\">Extras anfordern<\/a><\/div>\r\n\r\n\r\n\r\n<p>&nbsp;<\/p>\r\n<p>All unsere Boote sind f\u00fcr die maximal angegebene Personenzahl <a href=\"https:\/\/yachtcharterdedrait.nl\/de\/bootsausstattung\/\">komplett ausgestattet<\/a>. Hier\u00fcnter lesen Sie mehr \u00fcber unsere Extras.\u00a0<\/p>\r\n\r\n\r\n\r\n\r\n\r\n<h2 class=\"wp-block-heading\">Extra Leistungen Yachtcharter De Drait\u00a0<\/h2>\r\n\r\n\r\n\r\n<h3 class=\"wp-block-heading\">Bettw\u00e4sche<\/h3>\r\n<p>Auf den Bootensind Kopfkissen standard an Bord. Bitte denken Sie daran, Ihre eigenen Bettbez\u00fcge, Bettdecken und Bettlaken mitzubringen. Wollen Sie sich Urlaubsstress und volle Koffer ersparen? Buchen Sie das Bettzeug ganz einfach dazu. Bettw\u00e4sche komplett k\u00f6nnen Sie buchen f\u00fcr 22 \u20ac pro Person und nur ein Bettdecke f\u00fcr 10 \u20ac pro Stuck.\u00a0<\/p>\r\n<h3>Fahrrad<\/h3>\r\n\r\n\r\n\r\n\r\n\r\n\r\n\r\n<p>Sie legen an einem wundersch\u00f6nen Ort an &#8211; und dann? Radeln Sie zum n\u00e4chsten Restaurant, Supermarkt oder Sehensw\u00fcrdigkeit! Wir vermieten R\u00e4der, welche mit einer Gangschaltung ausgestattet sind. Fahrr\u00e4der k\u00f6nnen sie bequem mit an Bord mitnehmen.\u00a0<br \/><br \/><em>Pro Fahhrad: <\/em>8 \u20ac pro Tag \/ 50 \u20ac pro Woche<\/p>\r\n\r\n\r\n\r\n<h3 class=\"wp-block-heading\">Mitnahme Hund<\/h3>\r\n\r\n\r\n\r\n<p>Wollen Sie Ihren geliebten Vierbeiner nicht zu Hause lassen? Nehmen Sie Ihr Haustier doch einfach mit! Wir hei\u00dfen die \u2018ganze Familie\u2019 ganz herzlich auf einer unserer Yachten willkommen!<\/p>\r\n\r\n\r\n\r\n<p><em>75 \u20ac pro Haustier<\/em><\/p>\r\n\r\n\r\n\r\n<h3 class=\"wp-block-heading\">Skippertraining<\/h3>\r\n<p>Unser Skippertraining eignet sich als Vorbereitung f\u00fcr den angehenden Schiffsf\u00fchrer. Haben Sie schon etwas mehr Erfahrung aber wollen diese auffrischen und vertiefen? Auch dann ist unser Skippertraining bestens f\u00fcr Sie geeignet. Sie k\u00f6nnen ein einst\u00fcndigen Skippertraining vor den Abfahrt buchen. Mehr Info zum Skippertraining finden Sie <a href=\"https:\/\/yachtcharterdedrait.nl\/de\/skippertraining\/\">hier<\/a>.\u00a0<\/p>\r\n\r\n\r\n\r\n<p><em>85 \u20ac (Dauer: 1 Stunde)<\/em><\/p>\r\n\r\n\r\n\r\n<h3 class=\"wp-block-heading\">Kautionsversicherung?<\/h3>\r\n\r\n\r\n\r\n<p>Die H\u00f6he der Selbstbeteiligung muss bei der \u00dcbernahme des Bootes als Kaution hinterlegt werden. Es ist m\u00f6glich, direkt bei der Buchung eine <a href=\"https:\/\/yachtcharterdedrait.nl\/de\/versicherungen\/\">Versicherung<\/a> abzuschlie\u00dfen, die Sie zu 100% versichert. Mehr Informationen zum Thema finden Sie <a href=\"https:\/\/yachtcharterdedrait.nl\/de\/versicherungen\/\">hier<\/a>. <br \/><br \/><em>Preis ist vom Bootstyp abh\u00e4ngig <\/em><\/p>\r\n\r\n\r\n\r\n<h3 class=\"wp-block-heading\">Reiser\u00fccktrittsversicherung<\/h3>\r\n\r\n\r\n\r\n<p>Nat\u00fcrlich k\u00f6nnen Sie auch eine <a href=\"https:\/\/yachtcharterdedrait.nl\/de\/versicherungen\/\">Reiser\u00fccktrittsversicherung<\/a> abschlie\u00dfen. Mehr Information zur Reiser\u00fccktrittsversicherung finden Sie <a href=\"https:\/\/yachtcharterdedrait.nl\/de\/versicherungen\/\">hier<\/a>.\u00a0<\/p>\r\n\r\n\r\n\r\n<p><em>5% der Mietsumme<\/em><\/p>\r\n\r\n\r\n\r\n\r\n\r\n<h3 class=\"wp-block-heading\">Handt\u00fccher (3 St\u00fcck)<\/h3>\r\n\r\n\r\n\r\n<p>Sie k\u00f6nnen an Bord unserer Boote ein Set mit 3 Handt\u00fccher buchen.\u00a0<\/p>\r\n<p><em>12 \u20ac pro Set<\/em><\/p>\r\n\r\n\r\n\r\n<h3 class=\"wp-block-heading\">K\u00fcchenhandt\u00fccher (3 St\u00fcck)<\/h3>\r\n<p>Sie k\u00f6nnen auch ein Set mit 3 K\u00fcchent\u00fccher buchen<\/p>\r\n<p><em> 8 \u20ac pro Set<\/em><\/p>\r\n\r\n\r\n\r\n\r\n\r\n<h3 class=\"wp-block-heading\">Parken<\/h3>\r\n\r\n\r\n\r\n<p>In Drachten und Woudsend kostet Parken f\u00fcr ein Auto 5 \u20ac pro Tag, 15 \u20ac pro Wochenende\/Kurzwoche oder 25 \u20ac pro Woche.<\/p>\r\n\r\n\r\n\r\n<h3 class=\"wp-block-heading\">Parken in der halle<\/h3>\r\n<p>W\u00fcnschen Sie sich etwas mehr Sicherheit? Des Weiteren bieten wir einen \u00fcberwachten Parkplatz auf unsere Marinas in Drachten und Woudsend in einer \u00fcberdachten und isolierten Halle.<\/p>\r\n\r\n\r\n\r\n\r\n\r\n<p><em>15 \u20ac pro Auto pro Tag | 75 \u20ac pro Auto pro Woche<\/em><\/p>\r\n\r\n\r\n\r\n<h3 class=\"wp-block-heading\">Angelschein<\/h3>\r\n\r\n\r\n\r\n<p>Die Niederlande sind ein Paradies f\u00fcr Angelfreunde. Mit einem Angelschein ist es erlaubt fast \u00fcberall in den Niederlanden zu angeln. Ein Angelschein Friesland ist f\u00fcr eine Woche g\u00fcltig. Versuchen Sie Ihr Gl\u00fcck &#8211; vielleicht machen Sie den \u2018Gro\u00dfen Fang\u2019! <br \/><br \/><em>10 \u20ac pro Angelschein<\/em><\/p>\r\n\r\n\r\n\r\n<h3 class=\"wp-block-heading\">Schwimmweste<\/h3>\r\n\r\n\r\n\r\n<p>Sicherheit geht vor &#8211; auch auf dem Wasser. In den Gew\u00e4ssern der Zone II (dem IJselmeer, Wattenmeer und gr\u00f6\u00dferen Revieren) ist es Vorschrift pro Person eine Schwimmweste an Bord mitzuf\u00fchren. Wir vermieten passende Schwimmwesten f\u00fcr Kinder und Erwachsene.<br \/><br \/>5 \u20ac pro Schwimmweste.\u00a0<\/p>\r\n\r\n\r\n\r\n\r\n\r\n<h3 class=\"wp-block-heading\">Beiboote<\/h3>\r\n\r\n\r\n\r\n<p>F\u00fcr kleine Ausfl\u00fcge unterwegs oder den echten Angelfreund vermieten wir passende Beiboote zu unseren Yachten, welche Sie ganz einfach hinter Ihrem Boot herziehen k\u00f6nnen. Alle Beiboote verf\u00fcgen \u00fcber einen Au\u00dfenbordmotor. W\u00e4hlen Sie zwischen einem Beiboot mit oder ohne Steuerkonsole:<\/p>\r\n\r\n\r\n\r\n<p><em>Beiboot ohne Steuer-Konsole 2-4 PS f\u00fcr 195 \u20ac pro Woche exkl. Kraftstoffbeitrag<br \/><\/em><em>Beiboot mit Steuer-Konsole 9.9 PS f\u00fcr 375 \u20ac pro Woche exkl. Kraftstoffbeitrag (nur in Drachten zu mieten)<br \/><\/em><\/p>\r\n\r\n\r\n\r\n<h3 class=\"wp-block-heading\">Kanus und SUP-Boards<\/h3>\r\n\r\n\r\n\r\n<p>Kanus und SUP-Boards sind ideal um in aller Ruhe auf Entdeckungstour zu gehen. Unsere Kanus sind f\u00fcr 1 &#8211; bis maximal 3 Personen geeignet. <br \/><br \/><em>1-Personen Kanu f\u00fcr 100 \u20ac pro Woche (nur in Drachten)<br \/>2-Personen Kanu f\u00fcr 110 \u20ac pro Woche (nur in Drachten)<br \/>Kanadisches Kanu (2-3 Personen) f\u00fcr 120 \u20ac pro Woche (nur in Drachten)<br \/><\/em><em>SUP-board: 100 \u20ac pro Woche<\/em><em><br \/><\/em><\/p>\r\n\r\n\r\n\r\n\r\n\r\n<h3 class=\"wp-block-heading\">Wattenmeer- \/ IJsselmeerpaket<\/h3>\r\n\r\n\r\n\r\n<p>Das Wattenmeer und IJsselmeer z\u00e4hlen zu den Gew\u00e4ssern der Zone II. Wirklich erfahrenen Schiffsf\u00fchrern ist es auch erlaubt die Gew\u00e4sser in Zone II zu befahren, allerdings ben\u00f6tigen Sie hierf\u00fcr eine ausdr\u00fcckliche Genehmigung von unserem Yachthafen. Achtung: In Zone II Gew\u00e4ssern ist es Pflicht, ausreichend Schwimmwesten f\u00fcr die ganze Besatzung an Bord mitzuf\u00fchren. Seekarten, Peilkompass, Leuchtpistole, Gezeitenkarten und Fernglas sind im Wattenmeer- \/ IJsselmeerpaket inbegriffen. Beim befahren sind neben das Charterpaket (75 \u20ac) auch Schwimmwesten f\u00fcr jede an Bord verpflichtet.\u00a0<\/p>\r\n\r\n\r\n\r\n\r\n\r\n\r\n\r\n<h3 class=\"wp-block-heading\">Holz f\u00fcr den Holzofen (Bungalowboot)<\/h3>\r\n\r\n\r\n\r\n<p>Unsere wundersch\u00f6nen BunBo-Hausboote sind mit einem Holzofen und einige S\u00e4cken Holz ausgestattet. Wollen Sie ein bisschen mehr wohlige W\u00e4rme, knisterndes Feuer und Urlaubsromantik? Kaufen Sie einfach etwas extra Holz und machen Sie es sich gem\u00fctlich.<\/p>\r\n\r\n\r\n\r\n<p><em>14 \u20ac pro Netz <\/em><\/p>\r\n\r\n\r\n\r\n\r\n\r\n\r\n\r\n<h3 class=\"wp-block-heading\">Wasserkarte Friesland<\/h3>\r\n\r\n\r\n\r\n<p>Eine Route vor der Abfahrt ausarbeiten? Fragen Sie nach unserer Wasserkarte von Friesland. Wir werden diese Wasserkarte nach m\u00f6glichkeit vor der Abreise per Post verschicken.<\/p>\r\n\r\n\r\n\r\n<p><em>De Drait Wasserkarte von Friesland f\u00fcr 9,95 \u20ac<\/em><\/p>\r\n\r\n\r\n\r\n\r\n","protected":false},"excerpt":{"rendered":"<p>F\u00fcr mehr Service und Komfort bieten wir Ihnen allerlei Extras, die Sie nach Lust und Laune dazu buchen k\u00f6nnen. Gestalten Sie Ihren Urlaub, wie es Ihnen gef\u00e4llt. Mit dem Fahrrad die Umgebung entdecken? Oder doch lieber mit dem Kanu? Angeln auf dem Beiboot? Alles ist m\u00f6glich. Lesen Sie sich unser Angebot in Ruhe durch und [&hellip;]<\/p>\n","protected":false},"author":2,"featured_media":0,"parent":0,"menu_order":0,"comment_status":"closed","ping_status":"closed","template":"","meta":{"inline_featured_image":false,"footnotes":""},"class_list":["post-11814","page","type-page","status-publish","hentry"],"yoast_head":"<!-- This site is optimized with the Yoast SEO plugin v27.1.1 - https:\/\/yoast.com\/product\/yoast-seo-wordpress\/ -->\n<title>Extra Leistungen - Yachtcharter De Drait - Friesland, NL<\/title>\n<meta name=\"robots\" content=\"index, follow, max-snippet:-1, max-image-preview:large, max-video-preview:-1\" \/>\n<link rel=\"canonical\" href=\"https:\/\/yachtcharterdedrait.nl\/de\/extra-leistungen\/\" \/>\n<meta property=\"og:locale\" content=\"de_DE\" \/>\n<meta property=\"og:type\" content=\"article\" \/>\n<meta property=\"og:title\" content=\"Extra Leistungen - Yachtcharter De Drait - Friesland, NL\" \/>\n<meta property=\"og:description\" content=\"F\u00fcr mehr Service und Komfort bieten wir Ihnen allerlei Extras, die Sie nach Lust und Laune dazu buchen k\u00f6nnen. Gestalten Sie Ihren Urlaub, wie es Ihnen gef\u00e4llt. Mit dem Fahrrad die Umgebung entdecken? Oder doch lieber mit dem Kanu? Angeln auf dem Beiboot? Alles ist m\u00f6glich. Lesen Sie sich unser Angebot in Ruhe durch und [&hellip;]\" \/>\n<meta property=\"og:url\" content=\"https:\/\/yachtcharterdedrait.nl\/de\/extra-leistungen\/\" \/>\n<meta property=\"og:site_name\" content=\"Yachtcharter De Drait - Friesland, NL\" \/>\n<meta property=\"article:modified_time\" content=\"2025-12-15T08:27:37+00:00\" \/>\n<meta name=\"twitter:card\" content=\"summary_large_image\" \/>\n<meta name=\"twitter:label1\" content=\"Gesch\u00e4tzte Lesezeit\" \/>\n\t<meta name=\"twitter:data1\" content=\"5\u00a0Minuten\" \/>\n<script type=\"application\/ld+json\" class=\"yoast-schema-graph\">{\"@context\":\"https:\/\/schema.org\",\"@graph\":[{\"@type\":\"WebPage\",\"@id\":\"https:\/\/yachtcharterdedrait.nl\/de\/extra-leistungen\/\",\"url\":\"https:\/\/yachtcharterdedrait.nl\/de\/extra-leistungen\/\",\"name\":\"Extra Leistungen - Yachtcharter De Drait - Friesland, NL\",\"isPartOf\":{\"@id\":\"https:\/\/yachtcharterdedrait.nl\/#website\"},\"datePublished\":\"2025-11-03T13:07:28+00:00\",\"dateModified\":\"2025-12-15T08:27:37+00:00\",\"breadcrumb\":{\"@id\":\"https:\/\/yachtcharterdedrait.nl\/de\/extra-leistungen\/#breadcrumb\"},\"inLanguage\":\"de\",\"potentialAction\":[{\"@type\":\"ReadAction\",\"target\":[\"https:\/\/yachtcharterdedrait.nl\/de\/extra-leistungen\/\"]}]},{\"@type\":\"BreadcrumbList\",\"@id\":\"https:\/\/yachtcharterdedrait.nl\/de\/extra-leistungen\/#breadcrumb\",\"itemListElement\":[{\"@type\":\"ListItem\",\"position\":1,\"name\":\"Home\",\"item\":\"https:\/\/yachtcharterdedrait.nl\/de\/\"},{\"@type\":\"ListItem\",\"position\":2,\"name\":\"Extra Leistungen\"}]},{\"@type\":\"WebSite\",\"@id\":\"https:\/\/yachtcharterdedrait.nl\/#website\",\"url\":\"https:\/\/yachtcharterdedrait.nl\/\",\"name\":\"Yachtcharter De Drait - Friesland, NL\",\"description\":\"Mieten Sie sich ein Boot f\u00fcr Ihren Traumurlaub\",\"potentialAction\":[{\"@type\":\"SearchAction\",\"target\":{\"@type\":\"EntryPoint\",\"urlTemplate\":\"https:\/\/yachtcharterdedrait.nl\/?s={search_term_string}\"},\"query-input\":{\"@type\":\"PropertyValueSpecification\",\"valueRequired\":true,\"valueName\":\"search_term_string\"}}],\"inLanguage\":\"de\"}]}<\/script>\n<!-- \/ Yoast SEO plugin. -->","yoast_head_json":{"title":"Extra Leistungen - Yachtcharter De Drait - Friesland, NL","robots":{"index":"index","follow":"follow","max-snippet":"max-snippet:-1","max-image-preview":"max-image-preview:large","max-video-preview":"max-video-preview:-1"},"canonical":"https:\/\/yachtcharterdedrait.nl\/de\/extra-leistungen\/","og_locale":"de_DE","og_type":"article","og_title":"Extra Leistungen - Yachtcharter De Drait - Friesland, NL","og_description":"F\u00fcr mehr Service und Komfort bieten wir Ihnen allerlei Extras, die Sie nach Lust und Laune dazu buchen k\u00f6nnen. Gestalten Sie Ihren Urlaub, wie es Ihnen gef\u00e4llt. Mit dem Fahrrad die Umgebung entdecken? Oder doch lieber mit dem Kanu? Angeln auf dem Beiboot? Alles ist m\u00f6glich. Lesen Sie sich unser Angebot in Ruhe durch und [&hellip;]","og_url":"https:\/\/yachtcharterdedrait.nl\/de\/extra-leistungen\/","og_site_name":"Yachtcharter De Drait - Friesland, NL","article_modified_time":"2025-12-15T08:27:37+00:00","twitter_card":"summary_large_image","twitter_misc":{"Gesch\u00e4tzte Lesezeit":"5\u00a0Minuten"},"schema":{"@context":"https:\/\/schema.org","@graph":[{"@type":"WebPage","@id":"https:\/\/yachtcharterdedrait.nl\/de\/extra-leistungen\/","url":"https:\/\/yachtcharterdedrait.nl\/de\/extra-leistungen\/","name":"Extra Leistungen - Yachtcharter De Drait - Friesland, NL","isPartOf":{"@id":"https:\/\/yachtcharterdedrait.nl\/#website"},"datePublished":"2025-11-03T13:07:28+00:00","dateModified":"2025-12-15T08:27:37+00:00","breadcrumb":{"@id":"https:\/\/yachtcharterdedrait.nl\/de\/extra-leistungen\/#breadcrumb"},"inLanguage":"de","potentialAction":[{"@type":"ReadAction","target":["https:\/\/yachtcharterdedrait.nl\/de\/extra-leistungen\/"]}]},{"@type":"BreadcrumbList","@id":"https:\/\/yachtcharterdedrait.nl\/de\/extra-leistungen\/#breadcrumb","itemListElement":[{"@type":"ListItem","position":1,"name":"Home","item":"https:\/\/yachtcharterdedrait.nl\/de\/"},{"@type":"ListItem","position":2,"name":"Extra Leistungen"}]},{"@type":"WebSite","@id":"https:\/\/yachtcharterdedrait.nl\/#website","url":"https:\/\/yachtcharterdedrait.nl\/","name":"Yachtcharter De Drait - Friesland, NL","description":"Mieten Sie sich ein Boot f\u00fcr Ihren Traumurlaub","potentialAction":[{"@type":"SearchAction","target":{"@type":"EntryPoint","urlTemplate":"https:\/\/yachtcharterdedrait.nl\/?s={search_term_string}"},"query-input":{"@type":"PropertyValueSpecification","valueRequired":true,"valueName":"search_term_string"}}],"inLanguage":"de"}]}},"_links":{"self":[{"href":"https:\/\/yachtcharterdedrait.nl\/de\/wp-json\/wp\/v2\/pages\/11814","targetHints":{"allow":["GET"]}}],"collection":[{"href":"https:\/\/yachtcharterdedrait.nl\/de\/wp-json\/wp\/v2\/pages"}],"about":[{"href":"https:\/\/yachtcharterdedrait.nl\/de\/wp-json\/wp\/v2\/types\/page"}],"author":[{"embeddable":true,"href":"https:\/\/yachtcharterdedrait.nl\/de\/wp-json\/wp\/v2\/users\/2"}],"replies":[{"embeddable":true,"href":"https:\/\/yachtcharterdedrait.nl\/de\/wp-json\/wp\/v2\/comments?post=11814"}],"version-history":[{"count":1,"href":"https:\/\/yachtcharterdedrait.nl\/de\/wp-json\/wp\/v2\/pages\/11814\/revisions"}],"predecessor-version":[{"id":11816,"href":"https:\/\/yachtcharterdedrait.nl\/de\/wp-json\/wp\/v2\/pages\/11814\/revisions\/11816"}],"wp:attachment":[{"href":"https:\/\/yachtcharterdedrait.nl\/de\/wp-json\/wp\/v2\/media?parent=11814"}],"curies":[{"name":"wp","href":"https:\/\/api.w.org\/{rel}","templated":true}]}}