{"id":11990,"date":"2025-12-12T15:40:04","date_gmt":"2025-12-12T15:40:04","guid":{"rendered":"https:\/\/yachtcharterdedrait.nl\/?page_id=11990"},"modified":"2025-12-22T14:11:47","modified_gmt":"2025-12-22T14:11:47","slug":"flexibles-boot-mieten-in-friesland","status":"publish","type":"page","link":"https:\/\/yachtcharterdedrait.nl\/de\/flexibles-boot-mieten-in-friesland\/","title":{"rendered":"Flexibles Boot mieten in Friesland"},"content":{"rendered":"<h3 data-start=\"161\" data-end=\"228\">Flexibel ein Boot mieten in Friesland bei Yachtcharter De Drait<\/h3>\n<p data-start=\"230\" data-end=\"461\">M\u00f6chten Sie in einem anderen Zeitraum fahren als den, den wir standardm\u00e4\u00dfig in unserem <a href=\"https:\/\/yachtcharterdedrait.nl\/de\/buchungskalender\/\" target=\"_blank\" rel=\"noopener\">Buchungskalender<\/a> anbieten? Bei Yachtcharter De Drait denken wir gerne mit Ihnen mit. Abweichende und flexible Mietzeitr\u00e4ume sind h\u00e4ufig m\u00f6glich.<\/p>\n<p data-start=\"463\" data-end=\"710\">In unserem Buchungskalender sowie in der <a href=\"https:\/\/yachtcharterdedrait.nl\/de\/boot-mieten\/\" target=\"_blank\" rel=\"noopener\"><em data-start=\"504\" data-end=\"523\">Suchen-und-Buchen<\/em><\/a>-Funktion auf unserer Website finden Sie die Standard-Mietzeitr\u00e4ume mit Abfahrten am Montag und Freitag, wie zum Beispiel ein Wochenende, eine Midweek, eine Woche, 10\/11 Tage oder l\u00e4nger.<\/p>\n<p data-start=\"712\" data-end=\"1018\">M\u00f6glicherweise m\u00f6chten Sie gerade rund um Feiertage wie Ostern, den K\u00f6nigstag, Christi Himmelfahrt, Pfingsten, Tag der Arbeit, Fronleichnam, Tag der Deutschen Einheit oder w\u00e4hrend Weihnachten und Silvester fahren. F\u00fcr diese Zeitr\u00e4ume bieten wir verschiedene Buchungsm\u00f6glichkeiten an, und auch au\u00dferhalb der Feiertage ist ein flexibler Bootsverleih h\u00e4ufig m\u00f6glich.<\/p>\n<p data-start=\"1020\" data-end=\"1213\">Bei uns k\u00f6nnen Sie das ganze Jahr \u00fcber ein Boot mieten und von Montag bis Samstag abfahren. Abfahrten am Sonntag sind nach Absprache m\u00f6glich. Die R\u00fcckgabe ist an sieben Tagen pro Woche m\u00f6glich.<\/p>\n<p data-start=\"1215\" data-end=\"1424\">Haben Sie einen bestimmten Zeitraum im Sinn? Nehmen Sie gerne Kontakt mit uns auf unter <a class=\"decorated-link cursor-pointer\" href=\"mailto:contact@dedrait.com\" rel=\"noopener\" data-start=\"1865\" data-end=\"1884\">contact@dedrait.com<\/a> oder telefonisch unter +31 512 51 32 76. Wir informieren Sie gerne \u00fcber die M\u00f6glichkeiten.<\/p>\n<h2 data-start=\"1431\" data-end=\"1447\">Unsere Flotte<\/h2>\n<p data-start=\"1449\" data-end=\"1736\">Die Flotte von Yachtcharter De Drait in <a href=\"https:\/\/yachtcharterdedrait.nl\/de\/fahrtgebiet-friesland-niederlande\/\" target=\"_blank\" rel=\"noopener\">Drachten<\/a> umfasst eine gro\u00dfe Auswahl an Motorbooten f\u00fcr 2 bis 14 Personen, Safari-Hausboote und Doerak-Motorboote f\u00fcr bis zu 4 Personen sowie verschiedene Hausboote, darunter unser bekanntes Bungalowboot und das Campi Houseboat.<\/p>\n<p data-start=\"1738\" data-end=\"1931\">In <a href=\"https:\/\/yachtcharterdedrait.nl\/de\/fahrgebiet-woudsend-niederlande-2\/\">Woudsend<\/a> mieten Sie ein Motorboot oder eine Klompmaker-Kutteryacht f\u00fcr 2 bis 8 oder 10 Personen. Dar\u00fcber hinaus vermieten wir hier die Campi 400, geeignet f\u00fcr 2 + 4 Personen.<\/p>\n<p data-start=\"2248\" data-end=\"2420\"><img decoding=\"async\" class=\"alignnone wp-image-11068 lazyload\" data-src=\"https:\/\/yachtcharterdedrait.nl\/wp-content\/uploads\/Z62_5153-200x300.jpg\" alt=\"\" width=\"150\" height=\"225\" data-srcset=\"https:\/\/yachtcharterdedrait.nl\/wp-content\/uploads\/Z62_5153-200x300.jpg 200w, https:\/\/yachtcharterdedrait.nl\/wp-content\/uploads\/Z62_5153-681x1024.jpg 681w, https:\/\/yachtcharterdedrait.nl\/wp-content\/uploads\/Z62_5153-768x1154.jpg 768w, https:\/\/yachtcharterdedrait.nl\/wp-content\/uploads\/Z62_5153-1022x1536.jpg 1022w, https:\/\/yachtcharterdedrait.nl\/wp-content\/uploads\/Z62_5153-1363x2048.jpg 1363w, https:\/\/yachtcharterdedrait.nl\/wp-content\/uploads\/Z62_5153-scaled.jpg 1703w\" data-sizes=\"(max-width: 150px) 100vw, 150px\" src=\"data:image\/svg+xml;base64,PHN2ZyB3aWR0aD0iMSIgaGVpZ2h0PSIxIiB4bWxucz0iaHR0cDovL3d3dy53My5vcmcvMjAwMC9zdmciPjwvc3ZnPg==\" style=\"--smush-placeholder-width: 150px; --smush-placeholder-aspect-ratio: 150\/225;\" \/> <img decoding=\"async\" class=\"alignnone size-medium wp-image-10944 lazyload\" data-src=\"https:\/\/yachtcharterdedrait.nl\/wp-content\/uploads\/Stein-871605-Campi-300-1-2-300x225.jpg\" alt=\"\" width=\"300\" height=\"225\" data-srcset=\"https:\/\/yachtcharterdedrait.nl\/wp-content\/uploads\/Stein-871605-Campi-300-1-2-300x225.jpg 300w, https:\/\/yachtcharterdedrait.nl\/wp-content\/uploads\/Stein-871605-Campi-300-1-2-1024x768.jpg 1024w, https:\/\/yachtcharterdedrait.nl\/wp-content\/uploads\/Stein-871605-Campi-300-1-2-768x576.jpg 768w, https:\/\/yachtcharterdedrait.nl\/wp-content\/uploads\/Stein-871605-Campi-300-1-2.jpg 1211w\" data-sizes=\"(max-width: 300px) 100vw, 300px\" src=\"data:image\/svg+xml;base64,PHN2ZyB3aWR0aD0iMSIgaGVpZ2h0PSIxIiB4bWxucz0iaHR0cDovL3d3dy53My5vcmcvMjAwMC9zdmciPjwvc3ZnPg==\" style=\"--smush-placeholder-width: 300px; --smush-placeholder-aspect-ratio: 300\/225;\" \/> <img decoding=\"async\" class=\"alignnone wp-image-10926 lazyload\" data-src=\"https:\/\/yachtcharterdedrait.nl\/wp-content\/uploads\/312f07d4-94c2-4e1b-9219-4d480ec57ab7-1-225x300.jpg\" alt=\"\" width=\"169\" height=\"225\" data-srcset=\"https:\/\/yachtcharterdedrait.nl\/wp-content\/uploads\/312f07d4-94c2-4e1b-9219-4d480ec57ab7-1-225x300.jpg 225w, https:\/\/yachtcharterdedrait.nl\/wp-content\/uploads\/312f07d4-94c2-4e1b-9219-4d480ec57ab7-1-768x1024.jpg 768w, https:\/\/yachtcharterdedrait.nl\/wp-content\/uploads\/312f07d4-94c2-4e1b-9219-4d480ec57ab7-1-1152x1536.jpg 1152w, https:\/\/yachtcharterdedrait.nl\/wp-content\/uploads\/312f07d4-94c2-4e1b-9219-4d480ec57ab7-1.jpg 1200w\" data-sizes=\"(max-width: 169px) 100vw, 169px\" src=\"data:image\/svg+xml;base64,PHN2ZyB3aWR0aD0iMSIgaGVpZ2h0PSIxIiB4bWxucz0iaHR0cDovL3d3dy53My5vcmcvMjAwMC9zdmciPjwvc3ZnPg==\" style=\"--smush-placeholder-width: 169px; --smush-placeholder-aspect-ratio: 169\/225;\" \/><\/p>\n<h2 data-start=\"1938\" data-end=\"1963\">Fahrgebiete und Routen<\/h2>\n<p data-start=\"1965\" data-end=\"2161\">Suchen Sie nach einer Fahrroute f\u00fcr einen k\u00fcrzeren T\u00f6rn? Dann werfen Sie einen Blick auf unsere Fahrgebiete und <a href=\"https:\/\/yachtcharterdedrait.nl\/de\/fahrrouten\/\" target=\"_blank\" rel=\"noopener\">Routenvorschl\u00e4ge<\/a>. Diese sind \u00fcbersichtlich nach Standort und Bootstyp ausgearbeitet.<\/p>\n<p data-start=\"2163\" data-end=\"2331\">Sollten Sie unsicher sein oder eine pers\u00f6nliche Beratung w\u00fcnschen, nehmen Sie gerne <a href=\"https:\/\/yachtcharterdedrait.nl\/de\/kontakt\/\" target=\"_blank\" rel=\"noopener\">Kontakt<\/a> mit uns auf. Wir unterst\u00fctzen Sie gerne bei der Planung Ihrer idealen Route.<\/p>\n<h2 data-start=\"2338\" data-end=\"2371\">Zum ersten Mal auf dem Wasser?<\/h2>\n<p data-start=\"2373\" data-end=\"2568\">Sind Sie noch nie zuvor gefahren oder verf\u00fcgen Sie nur \u00fcber wenig Fahrerfahrung? Buchen Sie unser <a href=\"https:\/\/yachtcharterdedrait.nl\/de\/skippertraining\/\" target=\"_blank\" rel=\"noopener\">Skippertraining<\/a>, damit Sie entspannt und gut vorbereitet in Ihren Bootsurlaub starten k\u00f6nnen.<\/p>\n<h2 data-start=\"2575\" data-end=\"2615\">Boot mieten bei Yachtcharter De Drait<\/h2>\n<p data-start=\"2617\" data-end=\"2965\">Ob Sie spontan f\u00fcr ein paar Tage fahren m\u00f6chten oder bereits einen konkreten Zeitraum im Blick haben \u2013 bei Yachtcharter De Drait beraten wir Sie gerne. Nehmen Sie <a href=\"https:\/\/yachtcharterdedrait.nl\/de\/kontakt\/\" target=\"_blank\" rel=\"noopener\">Kontakt<\/a> mit uns auf und entdecken Sie, wie flexibel Ihr Bootsurlaub in Friesland sein kann. Wir stehen Ihnen gerne zur Seite, um Ihren Aufenthalt auf dem Wasser unvergesslich zu machen.<\/p>\n","protected":false},"excerpt":{"rendered":"<p>Flexibel ein Boot mieten in Friesland bei Yachtcharter De Drait M\u00f6chten Sie in einem anderen Zeitraum fahren als den, den wir standardm\u00e4\u00dfig in unserem Buchungskalender anbieten? Bei Yachtcharter De Drait denken wir gerne mit Ihnen mit. Abweichende und flexible Mietzeitr\u00e4ume sind h\u00e4ufig m\u00f6glich. In unserem Buchungskalender sowie in der Suchen-und-Buchen-Funktion auf unserer Website finden Sie [&hellip;]<\/p>\n","protected":false},"author":7,"featured_media":11303,"parent":0,"menu_order":0,"comment_status":"closed","ping_status":"closed","template":"","meta":{"inline_featured_image":false,"footnotes":""},"class_list":["post-11990","page","type-page","status-publish","has-post-thumbnail","hentry"],"yoast_head":"<!-- This site is optimized with the Yoast SEO plugin v27.1.1 - https:\/\/yoast.com\/product\/yoast-seo-wordpress\/ -->\n<title>Flexibel ein Boot mieten bei Yachtcharter De Drait in Friesland<\/title>\n<meta name=\"description\" content=\"M\u00f6chten Sie flexibel ein Boot in Friesland mieten? Yachtcharter De Drait bietet Boote f\u00fcr Gruppen von 2 bis 14 Personen an.\" \/>\n<meta name=\"robots\" content=\"index, follow, max-snippet:-1, max-image-preview:large, max-video-preview:-1\" \/>\n<link rel=\"canonical\" href=\"https:\/\/yachtcharterdedrait.nl\/de\/flexibles-boot-mieten-in-friesland\/\" \/>\n<meta property=\"og:locale\" content=\"de_DE\" \/>\n<meta property=\"og:type\" content=\"article\" \/>\n<meta property=\"og:title\" content=\"Flexibel ein Boot mieten bei Yachtcharter De Drait in Friesland\" \/>\n<meta property=\"og:description\" content=\"M\u00f6chten Sie flexibel ein Boot in Friesland mieten? Yachtcharter De Drait bietet Boote f\u00fcr Gruppen von 2 bis 14 Personen an.\" \/>\n<meta property=\"og:url\" content=\"https:\/\/yachtcharterdedrait.nl\/de\/flexibles-boot-mieten-in-friesland\/\" \/>\n<meta property=\"og:site_name\" content=\"Yachtcharter De Drait - Friesland, NL\" \/>\n<meta property=\"article:modified_time\" content=\"2025-12-22T14:11:47+00:00\" \/>\n<meta property=\"og:image\" content=\"https:\/\/yachtcharterdedrait.nl\/wp-content\/uploads\/Woudsend-2.jpg\" \/>\n\t<meta property=\"og:image:width\" content=\"1912\" \/>\n\t<meta property=\"og:image:height\" content=\"600\" \/>\n\t<meta property=\"og:image:type\" content=\"image\/jpeg\" \/>\n<meta name=\"twitter:card\" content=\"summary_large_image\" \/>\n<meta name=\"twitter:label1\" content=\"Gesch\u00e4tzte Lesezeit\" \/>\n\t<meta name=\"twitter:data1\" content=\"3\u00a0Minuten\" \/>\n<script type=\"application\/ld+json\" class=\"yoast-schema-graph\">{\"@context\":\"https:\/\/schema.org\",\"@graph\":[{\"@type\":\"WebPage\",\"@id\":\"https:\/\/yachtcharterdedrait.nl\/de\/flexibles-boot-mieten-in-friesland\/\",\"url\":\"https:\/\/yachtcharterdedrait.nl\/de\/flexibles-boot-mieten-in-friesland\/\",\"name\":\"Flexibel ein Boot mieten bei Yachtcharter De Drait in Friesland\",\"isPartOf\":{\"@id\":\"https:\/\/yachtcharterdedrait.nl\/#website\"},\"primaryImageOfPage\":{\"@id\":\"https:\/\/yachtcharterdedrait.nl\/de\/flexibles-boot-mieten-in-friesland\/#primaryimage\"},\"image\":{\"@id\":\"https:\/\/yachtcharterdedrait.nl\/de\/flexibles-boot-mieten-in-friesland\/#primaryimage\"},\"thumbnailUrl\":\"https:\/\/yachtcharterdedrait.nl\/wp-content\/uploads\/Woudsend-2.jpg\",\"datePublished\":\"2025-12-12T15:40:04+00:00\",\"dateModified\":\"2025-12-22T14:11:47+00:00\",\"description\":\"M\u00f6chten Sie flexibel ein Boot in Friesland mieten? Yachtcharter De Drait bietet Boote f\u00fcr Gruppen von 2 bis 14 Personen an.\",\"breadcrumb\":{\"@id\":\"https:\/\/yachtcharterdedrait.nl\/de\/flexibles-boot-mieten-in-friesland\/#breadcrumb\"},\"inLanguage\":\"de\",\"potentialAction\":[{\"@type\":\"ReadAction\",\"target\":[\"https:\/\/yachtcharterdedrait.nl\/de\/flexibles-boot-mieten-in-friesland\/\"]}]},{\"@type\":\"ImageObject\",\"inLanguage\":\"de\",\"@id\":\"https:\/\/yachtcharterdedrait.nl\/de\/flexibles-boot-mieten-in-friesland\/#primaryimage\",\"url\":\"https:\/\/yachtcharterdedrait.nl\/wp-content\/uploads\/Woudsend-2.jpg\",\"contentUrl\":\"https:\/\/yachtcharterdedrait.nl\/wp-content\/uploads\/Woudsend-2.jpg\",\"width\":1912,\"height\":600,\"caption\":\"Flexibel boot huren in Friesland\"},{\"@type\":\"BreadcrumbList\",\"@id\":\"https:\/\/yachtcharterdedrait.nl\/de\/flexibles-boot-mieten-in-friesland\/#breadcrumb\",\"itemListElement\":[{\"@type\":\"ListItem\",\"position\":1,\"name\":\"Home\",\"item\":\"https:\/\/yachtcharterdedrait.nl\/de\/\"},{\"@type\":\"ListItem\",\"position\":2,\"name\":\"Flexibles Boot mieten in Friesland\"}]},{\"@type\":\"WebSite\",\"@id\":\"https:\/\/yachtcharterdedrait.nl\/#website\",\"url\":\"https:\/\/yachtcharterdedrait.nl\/\",\"name\":\"Yachtcharter De Drait - Friesland, NL\",\"description\":\"Mieten Sie sich ein Boot f\u00fcr Ihren Traumurlaub\",\"potentialAction\":[{\"@type\":\"SearchAction\",\"target\":{\"@type\":\"EntryPoint\",\"urlTemplate\":\"https:\/\/yachtcharterdedrait.nl\/?s={search_term_string}\"},\"query-input\":{\"@type\":\"PropertyValueSpecification\",\"valueRequired\":true,\"valueName\":\"search_term_string\"}}],\"inLanguage\":\"de\"}]}<\/script>\n<!-- \/ Yoast SEO plugin. -->","yoast_head_json":{"title":"Flexibel ein Boot mieten bei Yachtcharter De Drait in Friesland","description":"M\u00f6chten Sie flexibel ein Boot in Friesland mieten? Yachtcharter De Drait bietet Boote f\u00fcr Gruppen von 2 bis 14 Personen an.","robots":{"index":"index","follow":"follow","max-snippet":"max-snippet:-1","max-image-preview":"max-image-preview:large","max-video-preview":"max-video-preview:-1"},"canonical":"https:\/\/yachtcharterdedrait.nl\/de\/flexibles-boot-mieten-in-friesland\/","og_locale":"de_DE","og_type":"article","og_title":"Flexibel ein Boot mieten bei Yachtcharter De Drait in Friesland","og_description":"M\u00f6chten Sie flexibel ein Boot in Friesland mieten? Yachtcharter De Drait bietet Boote f\u00fcr Gruppen von 2 bis 14 Personen an.","og_url":"https:\/\/yachtcharterdedrait.nl\/de\/flexibles-boot-mieten-in-friesland\/","og_site_name":"Yachtcharter De Drait - Friesland, NL","article_modified_time":"2025-12-22T14:11:47+00:00","og_image":[{"width":1912,"height":600,"url":"https:\/\/yachtcharterdedrait.nl\/wp-content\/uploads\/Woudsend-2.jpg","type":"image\/jpeg"}],"twitter_card":"summary_large_image","twitter_misc":{"Gesch\u00e4tzte Lesezeit":"3\u00a0Minuten"},"schema":{"@context":"https:\/\/schema.org","@graph":[{"@type":"WebPage","@id":"https:\/\/yachtcharterdedrait.nl\/de\/flexibles-boot-mieten-in-friesland\/","url":"https:\/\/yachtcharterdedrait.nl\/de\/flexibles-boot-mieten-in-friesland\/","name":"Flexibel ein Boot mieten bei Yachtcharter De Drait in Friesland","isPartOf":{"@id":"https:\/\/yachtcharterdedrait.nl\/#website"},"primaryImageOfPage":{"@id":"https:\/\/yachtcharterdedrait.nl\/de\/flexibles-boot-mieten-in-friesland\/#primaryimage"},"image":{"@id":"https:\/\/yachtcharterdedrait.nl\/de\/flexibles-boot-mieten-in-friesland\/#primaryimage"},"thumbnailUrl":"https:\/\/yachtcharterdedrait.nl\/wp-content\/uploads\/Woudsend-2.jpg","datePublished":"2025-12-12T15:40:04+00:00","dateModified":"2025-12-22T14:11:47+00:00","description":"M\u00f6chten Sie flexibel ein Boot in Friesland mieten? Yachtcharter De Drait bietet Boote f\u00fcr Gruppen von 2 bis 14 Personen an.","breadcrumb":{"@id":"https:\/\/yachtcharterdedrait.nl\/de\/flexibles-boot-mieten-in-friesland\/#breadcrumb"},"inLanguage":"de","potentialAction":[{"@type":"ReadAction","target":["https:\/\/yachtcharterdedrait.nl\/de\/flexibles-boot-mieten-in-friesland\/"]}]},{"@type":"ImageObject","inLanguage":"de","@id":"https:\/\/yachtcharterdedrait.nl\/de\/flexibles-boot-mieten-in-friesland\/#primaryimage","url":"https:\/\/yachtcharterdedrait.nl\/wp-content\/uploads\/Woudsend-2.jpg","contentUrl":"https:\/\/yachtcharterdedrait.nl\/wp-content\/uploads\/Woudsend-2.jpg","width":1912,"height":600,"caption":"Flexibel boot huren in Friesland"},{"@type":"BreadcrumbList","@id":"https:\/\/yachtcharterdedrait.nl\/de\/flexibles-boot-mieten-in-friesland\/#breadcrumb","itemListElement":[{"@type":"ListItem","position":1,"name":"Home","item":"https:\/\/yachtcharterdedrait.nl\/de\/"},{"@type":"ListItem","position":2,"name":"Flexibles Boot mieten in Friesland"}]},{"@type":"WebSite","@id":"https:\/\/yachtcharterdedrait.nl\/#website","url":"https:\/\/yachtcharterdedrait.nl\/","name":"Yachtcharter De Drait - Friesland, NL","description":"Mieten Sie sich ein Boot f\u00fcr Ihren Traumurlaub","potentialAction":[{"@type":"SearchAction","target":{"@type":"EntryPoint","urlTemplate":"https:\/\/yachtcharterdedrait.nl\/?s={search_term_string}"},"query-input":{"@type":"PropertyValueSpecification","valueRequired":true,"valueName":"search_term_string"}}],"inLanguage":"de"}]}},"_links":{"self":[{"href":"https:\/\/yachtcharterdedrait.nl\/de\/wp-json\/wp\/v2\/pages\/11990","targetHints":{"allow":["GET"]}}],"collection":[{"href":"https:\/\/yachtcharterdedrait.nl\/de\/wp-json\/wp\/v2\/pages"}],"about":[{"href":"https:\/\/yachtcharterdedrait.nl\/de\/wp-json\/wp\/v2\/types\/page"}],"author":[{"embeddable":true,"href":"https:\/\/yachtcharterdedrait.nl\/de\/wp-json\/wp\/v2\/users\/7"}],"replies":[{"embeddable":true,"href":"https:\/\/yachtcharterdedrait.nl\/de\/wp-json\/wp\/v2\/comments?post=11990"}],"version-history":[{"count":3,"href":"https:\/\/yachtcharterdedrait.nl\/de\/wp-json\/wp\/v2\/pages\/11990\/revisions"}],"predecessor-version":[{"id":12106,"href":"https:\/\/yachtcharterdedrait.nl\/de\/wp-json\/wp\/v2\/pages\/11990\/revisions\/12106"}],"wp:featuredmedia":[{"embeddable":true,"href":"https:\/\/yachtcharterdedrait.nl\/de\/wp-json\/wp\/v2\/media\/11303"}],"wp:attachment":[{"href":"https:\/\/yachtcharterdedrait.nl\/de\/wp-json\/wp\/v2\/media?parent=11990"}],"curies":[{"name":"wp","href":"https:\/\/api.w.org\/{rel}","templated":true}]}}