{"id":12054,"date":"2025-12-20T12:06:45","date_gmt":"2025-12-20T12:06:45","guid":{"rendered":"https:\/\/yachtcharterdedrait.nl\/?page_id=12054"},"modified":"2025-12-20T12:16:29","modified_gmt":"2025-12-20T12:16:29","slug":"deal-sloep-cabin","status":"publish","type":"page","link":"https:\/\/yachtcharterdedrait.nl\/de\/deal-sloep-cabin\/","title":{"rendered":"Deal: Sloep Cabin"},"content":{"rendered":"<h3 data-start=\"0\" data-end=\"111\">Erleben Sie ein unvergessliches Wochenende oder eine unvergessliche Kurzwoche auf dem Wasser in Friesland<\/h3>\n<p data-start=\"113\" data-end=\"633\">M\u00f6chten Sie ein unvergessliches Wochenende oder eine unvergessliche Kurzwoche in Friesland auf unserer Sloep Cabin 750 erleben? Dann profitieren Sie von unserem Sloep Cabin-Angebot. F\u00fcr nur 499 \u20ac inklusive verpflichtender Nebenkosten* mieten Sie bereits eine Sloep Cabin, um das Friesen-Seengebiet zu entdecken. M\u00f6chten Sie lieber l\u00e4nger ein Boot mieten? Dann buchen Sie eine Woche f\u00fcr 850 \u20ac inklusive verpflichtender Nebenkosten*. Am Ende zahlen Sie nur noch die Treibstoffkosten, die nach Verbrauch berechnet werden.<\/p>\n<h2 dir=\"auto\">Das Fahrgebiet Friesland<\/h2>\n<p data-start=\"635\" data-end=\"1012\">Von <a href=\"https:\/\/yachtcharterdedrait.nl\/de\/fahrtgebiet-friesland-niederlande\/\" target=\"_blank\" rel=\"noopener\">Drachten<\/a> aus entdecken Sie das Friesen-Seengebiet ganz einfach. Innerhalb einer Stunde erreichen Sie den <a href=\"https:\/\/www.np-aldefeanen.nl\/de\/\" target=\"_blank\" rel=\"noopener\">Nationalpark De Alde Feanen<\/a>, wo Sie Ruhe genie\u00dfen k\u00f6nnen, um beispielsweise zu schwimmen, zu angeln oder V\u00f6gel zu beobachten. Dar\u00fcber hinaus haben Sie freie Durchfahrt zu bekannten Wassersportorten wie Grou, Terherne, Joure und Lemmer.<\/p>\n<p data-start=\"1014\" data-end=\"1416\">M\u00f6chten Sie lieber eine oder mehrere der <a href=\"https:\/\/www.friesland.nl\/en\/discover\/eleven-cities-and-villages\" target=\"_blank\" rel=\"noopener\">Elf St\u00e4dte<\/a> entdecken? Daf\u00fcr ist diese Boot ideal. Fahren Sie beispielsweise in die friesische Hauptstadt Leeuwarden und legen Sie im Prinsentuin an. Nur zwei Minuten Fu\u00dfweg trennen Sie vom Stadtzentrum. Besuchen Sie das Fries Museum, machen Sie einen Rundgang durch die historische Altstadt und genie\u00dfen Sie die Atmosph\u00e4re auf einer der vielen Terrassen.<\/p>\n<p data-start=\"1418\" data-end=\"1558\">M\u00f6chten Sie einmal nicht in einem belebten Zentrum eines Dorfes oder einer Stadt anlegen? Dann w\u00e4hlen Sie einen Liegeplatz der <a href=\"https:\/\/yachtcharterdedrait.nl\/de\/blog\/marrekrite\/\" target=\"_blank\" rel=\"noopener\">Marrekrite<\/a>.<\/p>\n<p data-start=\"1560\" data-end=\"1687\">Sind Sie neugierig auf m\u00f6gliche Fahrtrouten der Sloep Cabin? Diese finden Sie auf unserer Seite mit <a href=\"https:\/\/yachtcharterdedrait.nl\/de\/fahrrouten-friesland-drachten\/\" target=\"_blank\" rel=\"noopener\">Fahrtrouten in Friesland<\/a>.<\/p>\n<div class=\"xdj266r x14z9mp xat24cr x1lziwak x1vvkbs x126k92a\"><img decoding=\"async\" class=\"alignnone wp-image-12030 lazyload\" data-src=\"https:\/\/yachtcharterdedrait.nl\/wp-content\/uploads\/Engbers-Drait-154-Sloep-Cabin-814200-1-300x225.jpg\" alt=\"\" width=\"251\" height=\"188\" data-srcset=\"https:\/\/yachtcharterdedrait.nl\/wp-content\/uploads\/Engbers-Drait-154-Sloep-Cabin-814200-1-300x225.jpg 300w, https:\/\/yachtcharterdedrait.nl\/wp-content\/uploads\/Engbers-Drait-154-Sloep-Cabin-814200-1-1024x768.jpg 1024w, https:\/\/yachtcharterdedrait.nl\/wp-content\/uploads\/Engbers-Drait-154-Sloep-Cabin-814200-1-768x576.jpg 768w, https:\/\/yachtcharterdedrait.nl\/wp-content\/uploads\/Engbers-Drait-154-Sloep-Cabin-814200-1-1536x1152.jpg 1536w, https:\/\/yachtcharterdedrait.nl\/wp-content\/uploads\/Engbers-Drait-154-Sloep-Cabin-814200-1-2048x1536.jpg 2048w\" data-sizes=\"(max-width: 251px) 100vw, 251px\" src=\"data:image\/svg+xml;base64,PHN2ZyB3aWR0aD0iMSIgaGVpZ2h0PSIxIiB4bWxucz0iaHR0cDovL3d3dy53My5vcmcvMjAwMC9zdmciPjwvc3ZnPg==\" style=\"--smush-placeholder-width: 251px; --smush-placeholder-aspect-ratio: 251\/188;\" \/> <img decoding=\"async\" class=\"alignnone wp-image-12038 lazyload\" data-src=\"https:\/\/yachtcharterdedrait.nl\/wp-content\/uploads\/image1-300x201.jpeg\" alt=\"\" width=\"281\" height=\"188\" data-srcset=\"https:\/\/yachtcharterdedrait.nl\/wp-content\/uploads\/image1-300x201.jpeg 300w, https:\/\/yachtcharterdedrait.nl\/wp-content\/uploads\/image1.jpeg 640w\" data-sizes=\"(max-width: 281px) 100vw, 281px\" src=\"data:image\/svg+xml;base64,PHN2ZyB3aWR0aD0iMSIgaGVpZ2h0PSIxIiB4bWxucz0iaHR0cDovL3d3dy53My5vcmcvMjAwMC9zdmciPjwvc3ZnPg==\" style=\"--smush-placeholder-width: 281px; --smush-placeholder-aspect-ratio: 281\/188;\" \/> <img decoding=\"async\" class=\"alignnone wp-image-12042 lazyload\" data-src=\"https:\/\/yachtcharterdedrait.nl\/wp-content\/uploads\/Sloep-Cabin-202x300.jpg\" alt=\"\" width=\"127\" height=\"188\" data-srcset=\"https:\/\/yachtcharterdedrait.nl\/wp-content\/uploads\/Sloep-Cabin-202x300.jpg 202w, https:\/\/yachtcharterdedrait.nl\/wp-content\/uploads\/Sloep-Cabin.jpg 660w\" data-sizes=\"(max-width: 127px) 100vw, 127px\" src=\"data:image\/svg+xml;base64,PHN2ZyB3aWR0aD0iMSIgaGVpZ2h0PSIxIiB4bWxucz0iaHR0cDovL3d3dy53My5vcmcvMjAwMC9zdmciPjwvc3ZnPg==\" style=\"--smush-placeholder-width: 127px; --smush-placeholder-aspect-ratio: 127\/188;\" \/><\/div>\n<h2 dir=\"auto\">Unsere Sloep Cabin<\/h2>\n<p data-start=\"1689\" data-end=\"1926\">Die Sloep Cabin eignet sich f\u00fcr eine komfortable Fahrt \u00fcber die Friesen-Seen f\u00fcr zwei Personen. M\u00f6chten Sie nicht an Bord \u00fcbernachten? Dann k\u00f6nnen bis zu sechs Personen auf diese Boot untergebracht werden.<\/p>\n<p data-start=\"1928\" data-end=\"2504\">Im Bug befindet sich eine Sitzgelegenheit, die sich leicht in ein Doppelbett umbauen l\u00e4sst. Unter den B\u00e4nken finden Sie Stauraum. Die K\u00fcche ist mit einem Waschbecken und einem Kochger\u00e4t ausgestattet. Zudem finden Sie verschiedene Kochutensilien, Geschirr und Besteck, um an Bord eine leckere Mahlzeit zuzubereiten. Gegen\u00fcber der K\u00fcche befindet sich eine abgeschlossene Toilette. Im Cockpit gibt es neben dem Steuerstand mit Steuersitz einen separaten Sitzplatz f\u00fcr Mitreisende, eine gro\u00dfz\u00fcgige Sitzbank, und all dies ist mit einem verl\u00e4ngerten, geschlossenen Zelt \u00fcberdacht.<\/p>\n<p dir=\"auto\"><img decoding=\"async\" class=\"alignnone wp-image-12017 lazyload\" data-src=\"https:\/\/yachtcharterdedrait.nl\/wp-content\/uploads\/DSC_0608-300x199.jpg\" alt=\"\" width=\"251\" height=\"166\" data-srcset=\"https:\/\/yachtcharterdedrait.nl\/wp-content\/uploads\/DSC_0608-300x199.jpg 300w, https:\/\/yachtcharterdedrait.nl\/wp-content\/uploads\/DSC_0608-1024x678.jpg 1024w, https:\/\/yachtcharterdedrait.nl\/wp-content\/uploads\/DSC_0608-768x509.jpg 768w, https:\/\/yachtcharterdedrait.nl\/wp-content\/uploads\/DSC_0608-1536x1017.jpg 1536w, https:\/\/yachtcharterdedrait.nl\/wp-content\/uploads\/DSC_0608-2048x1356.jpg 2048w\" data-sizes=\"(max-width: 251px) 100vw, 251px\" src=\"data:image\/svg+xml;base64,PHN2ZyB3aWR0aD0iMSIgaGVpZ2h0PSIxIiB4bWxucz0iaHR0cDovL3d3dy53My5vcmcvMjAwMC9zdmciPjwvc3ZnPg==\" style=\"--smush-placeholder-width: 251px; --smush-placeholder-aspect-ratio: 251\/166;\" \/> <img decoding=\"async\" class=\"alignnone wp-image-12020 lazyload\" data-src=\"https:\/\/yachtcharterdedrait.nl\/wp-content\/uploads\/DSC_0612-300x199.jpg\" alt=\"\" width=\"251\" height=\"166\" data-srcset=\"https:\/\/yachtcharterdedrait.nl\/wp-content\/uploads\/DSC_0612-300x199.jpg 300w, https:\/\/yachtcharterdedrait.nl\/wp-content\/uploads\/DSC_0612-1024x678.jpg 1024w, https:\/\/yachtcharterdedrait.nl\/wp-content\/uploads\/DSC_0612-768x509.jpg 768w, https:\/\/yachtcharterdedrait.nl\/wp-content\/uploads\/DSC_0612-1536x1017.jpg 1536w, https:\/\/yachtcharterdedrait.nl\/wp-content\/uploads\/DSC_0612-2048x1356.jpg 2048w\" data-sizes=\"(max-width: 251px) 100vw, 251px\" src=\"data:image\/svg+xml;base64,PHN2ZyB3aWR0aD0iMSIgaGVpZ2h0PSIxIiB4bWxucz0iaHR0cDovL3d3dy53My5vcmcvMjAwMC9zdmciPjwvc3ZnPg==\" style=\"--smush-placeholder-width: 251px; --smush-placeholder-aspect-ratio: 251\/166;\" \/> <img decoding=\"async\" class=\"alignnone wp-image-12023 lazyload\" data-src=\"https:\/\/yachtcharterdedrait.nl\/wp-content\/uploads\/DSC_0610-300x199.jpg\" alt=\"\" width=\"251\" height=\"166\" data-srcset=\"https:\/\/yachtcharterdedrait.nl\/wp-content\/uploads\/DSC_0610-300x199.jpg 300w, https:\/\/yachtcharterdedrait.nl\/wp-content\/uploads\/DSC_0610-1024x678.jpg 1024w, https:\/\/yachtcharterdedrait.nl\/wp-content\/uploads\/DSC_0610-768x509.jpg 768w, https:\/\/yachtcharterdedrait.nl\/wp-content\/uploads\/DSC_0610-1536x1017.jpg 1536w, https:\/\/yachtcharterdedrait.nl\/wp-content\/uploads\/DSC_0610-2048x1356.jpg 2048w\" data-sizes=\"(max-width: 251px) 100vw, 251px\" src=\"data:image\/svg+xml;base64,PHN2ZyB3aWR0aD0iMSIgaGVpZ2h0PSIxIiB4bWxucz0iaHR0cDovL3d3dy53My5vcmcvMjAwMC9zdmciPjwvc3ZnPg==\" style=\"--smush-placeholder-width: 251px; --smush-placeholder-aspect-ratio: 251\/166;\" \/><\/p>\n<p data-start=\"2506\" data-end=\"2843\">Den Fahrkomfort der Sloep Cabin erleben Sie bereits beim Verlassen unseres Hafens. Die Sloep ist dank des vorhandenen Bugstrahlruders sehr wendig. Die Sloep Cabin verf\u00fcgt \u00fcber eine 220-Volt-Steckdose, die nur funktioniert, wenn das Boot am Landstrom eines Yachthafens oder Liegeplatzes in einem Dorf oder einer Stadt angeschlossen ist.<\/p>\n<h2 dir=\"auto\">Noch keine Erfahrung?<\/h2>\n<p data-start=\"2845\" data-end=\"3314\">Suchen Sie ein Boot als ersten Einstieg in den Wassersport, um Friesland zu entdecken? Dann ist die Sloep Cabin ideal. Das Boot ist kompakt, sehr wendig und mit allem Komfort ausgestattet. Vor der Abfahrt erhalten Sie von uns immer eine Einweisung zum Boot, zum Fahrgebiet und zu den Verkehrsregeln. Sollten Sie wenig Erfahrung haben oder noch nie ein Boot gemietet haben, k\u00f6nnen Sie vor der Abfahrt an unserem <a href=\"https:\/\/yachtcharterdedrait.nl\/de\/skippertraining\/\" target=\"_blank\" rel=\"noopener\">Skipper-Training<\/a> teilnehmen.<\/p>\n<div dir=\"auto\">\n<h2 dir=\"auto\">Buchung<\/h2>\n<p data-start=\"3316\" data-end=\"3536\">Sie buchen die Sloep Cabin einfach \u00fcber unsere Website. Die Sloep Cabin wird ab Drachten vermietet, wo wir vier Sloep Cabins in unserer Flotte haben: \u201e<a href=\"https:\/\/yachtcharterdedrait.nl\/de\/buchungskalender-ergebnis\/?yfcode=a7d547d3-c6a3-4ede-a5e6-0f18305bfcda\" target=\"_blank\" rel=\"noopener\">Drait 151<\/a>\u201c, \u201e<a href=\"https:\/\/yachtcharterdedrait.nl\/de\/buchungskalender-ergebnis\/?yfcode=b7576f53-5c19-4aa4-8b4d-189a6c88ed1a\" target=\"_blank\" rel=\"noopener\">Drait 152<\/a>\u201c, \u201e<a href=\"https:\/\/yachtcharterdedrait.nl\/de\/buchungskalender-ergebnis\/?yfcode=70726141-f7ed-429c-88c9-9c28a5595b82\" target=\"_blank\" rel=\"noopener\">Drait 153<\/a>\u201c und \u201e<a href=\"https:\/\/yachtcharterdedrait.nl\/de\/buchungskalender-ergebnis\/?yfcode=ed6b3427-64a0-40d9-a467-7a9aa83b6add\" target=\"_blank\" rel=\"noopener\">Drait 154<\/a>\u201c.<\/p>\n<p data-start=\"3538\" data-end=\"3697\">Haben Sie Fragen oder m\u00f6chten Sie lieber telefonisch oder per E-Mail buchen? Kein Problem! Kontaktieren Sie uns unter +31 512 513276 oder <a class=\"decorated-link cursor-pointer\" href=\"mailto:contact@dedrait.com\" rel=\"noopener\" data-start=\"3676\" data-end=\"3695\">contact@dedrait.com<\/a><\/p>\n<h2>*Bedingungen der Aktion:<\/h2>\n<\/div>\n<ul>\n<li>Die verpflichtenden Kosten bestehen aus der Servicegeb\u00fchr, wie Reinigungsgeb\u00fchren, Verwaltungskosten und dem Servicepaket.<\/li>\n<li>Treibstoffkosten werden separat nach Verbrauch abgerechnet.<\/li>\n<li>Die Kaution f\u00fcr die Sloep Cabin betr\u00e4gt 450 \u20ac und kann bar, per EC-Karte oder \u00dcberweisung bezahlt werden.<\/li>\n<li><a href=\"https:\/\/yachtcharterdedrait.nl\/de\/extra-leistungen\/\" target=\"_blank\" rel=\"noopener\">Extras an Bord<\/a> k\u00f6nnen gegen Aufpreis hinzugebucht werden.<\/li>\n<\/ul>\n","protected":false},"excerpt":{"rendered":"<p>Erleben Sie ein unvergessliches Wochenende oder eine unvergessliche Kurzwoche auf dem Wasser in Friesland M\u00f6chten Sie ein unvergessliches Wochenende oder eine unvergessliche Kurzwoche in Friesland auf unserer Sloep Cabin 750 erleben? Dann profitieren Sie von unserem Sloep Cabin-Angebot. F\u00fcr nur 499 \u20ac inklusive verpflichtender Nebenkosten* mieten Sie bereits eine Sloep Cabin, um das Friesen-Seengebiet zu [&hellip;]<\/p>\n","protected":false},"author":7,"featured_media":12035,"parent":0,"menu_order":0,"comment_status":"closed","ping_status":"closed","template":"","meta":{"inline_featured_image":false,"footnotes":""},"class_list":["post-12054","page","type-page","status-publish","has-post-thumbnail","hentry"],"yoast_head":"<!-- This site is optimized with the Yoast SEO plugin v27.1.1 - https:\/\/yoast.com\/product\/yoast-seo-wordpress\/ -->\n<title>Deal: Sloep Cabin f\u00fcr nur 499 \u20ac inklusive verpflichtender Extras<\/title>\n<meta name=\"description\" content=\"Sie mieten eine Sloep Cabin f\u00fcr nur 499 \u20ac f\u00fcr ein Wochenende oder eine Kurzreise inklusive verpflichtender Nebenkosten f\u00fcr einen Bootsurlaub in Friesland.\" \/>\n<meta name=\"robots\" content=\"index, follow, max-snippet:-1, max-image-preview:large, max-video-preview:-1\" \/>\n<link rel=\"canonical\" href=\"https:\/\/yachtcharterdedrait.nl\/de\/deal-sloep-cabin\/\" \/>\n<meta property=\"og:locale\" content=\"de_DE\" \/>\n<meta property=\"og:type\" content=\"article\" \/>\n<meta property=\"og:title\" content=\"Deal: Sloep Cabin f\u00fcr nur 499 \u20ac inklusive verpflichtender Extras\" \/>\n<meta property=\"og:description\" content=\"Sie mieten eine Sloep Cabin f\u00fcr nur 499 \u20ac f\u00fcr ein Wochenende oder eine Kurzreise inklusive verpflichtender Nebenkosten f\u00fcr einen Bootsurlaub in Friesland.\" \/>\n<meta property=\"og:url\" content=\"https:\/\/yachtcharterdedrait.nl\/de\/deal-sloep-cabin\/\" \/>\n<meta property=\"og:site_name\" content=\"Yachtcharter De Drait - Friesland, NL\" \/>\n<meta property=\"article:modified_time\" content=\"2025-12-20T12:16:29+00:00\" \/>\n<meta property=\"og:image\" content=\"https:\/\/yachtcharterdedrait.nl\/wp-content\/uploads\/Sloep-Cabin-Deal-voor-E-499.jpg\" \/>\n\t<meta property=\"og:image:width\" content=\"1912\" \/>\n\t<meta property=\"og:image:height\" content=\"378\" \/>\n\t<meta property=\"og:image:type\" content=\"image\/jpeg\" \/>\n<meta name=\"twitter:card\" content=\"summary_large_image\" \/>\n<meta name=\"twitter:label1\" content=\"Gesch\u00e4tzte Lesezeit\" \/>\n\t<meta name=\"twitter:data1\" content=\"5\u00a0Minuten\" \/>\n<script type=\"application\/ld+json\" class=\"yoast-schema-graph\">{\"@context\":\"https:\/\/schema.org\",\"@graph\":[{\"@type\":\"WebPage\",\"@id\":\"https:\/\/yachtcharterdedrait.nl\/de\/deal-sloep-cabin\/\",\"url\":\"https:\/\/yachtcharterdedrait.nl\/de\/deal-sloep-cabin\/\",\"name\":\"Deal: Sloep Cabin f\u00fcr nur 499 \u20ac inklusive verpflichtender Extras\",\"isPartOf\":{\"@id\":\"https:\/\/yachtcharterdedrait.nl\/#website\"},\"primaryImageOfPage\":{\"@id\":\"https:\/\/yachtcharterdedrait.nl\/de\/deal-sloep-cabin\/#primaryimage\"},\"image\":{\"@id\":\"https:\/\/yachtcharterdedrait.nl\/de\/deal-sloep-cabin\/#primaryimage\"},\"thumbnailUrl\":\"https:\/\/yachtcharterdedrait.nl\/wp-content\/uploads\/Sloep-Cabin-Deal-voor-E-499.jpg\",\"datePublished\":\"2025-12-20T12:06:45+00:00\",\"dateModified\":\"2025-12-20T12:16:29+00:00\",\"description\":\"Sie mieten eine Sloep Cabin f\u00fcr nur 499 \u20ac f\u00fcr ein Wochenende oder eine Kurzreise inklusive verpflichtender Nebenkosten f\u00fcr einen Bootsurlaub in Friesland.\",\"breadcrumb\":{\"@id\":\"https:\/\/yachtcharterdedrait.nl\/de\/deal-sloep-cabin\/#breadcrumb\"},\"inLanguage\":\"de\",\"potentialAction\":[{\"@type\":\"ReadAction\",\"target\":[\"https:\/\/yachtcharterdedrait.nl\/de\/deal-sloep-cabin\/\"]}]},{\"@type\":\"ImageObject\",\"inLanguage\":\"de\",\"@id\":\"https:\/\/yachtcharterdedrait.nl\/de\/deal-sloep-cabin\/#primaryimage\",\"url\":\"https:\/\/yachtcharterdedrait.nl\/wp-content\/uploads\/Sloep-Cabin-Deal-voor-E-499.jpg\",\"contentUrl\":\"https:\/\/yachtcharterdedrait.nl\/wp-content\/uploads\/Sloep-Cabin-Deal-voor-E-499.jpg\",\"width\":1912,\"height\":378,\"caption\":\"Sloep Cabin Deal voor \u20ac 499\"},{\"@type\":\"BreadcrumbList\",\"@id\":\"https:\/\/yachtcharterdedrait.nl\/de\/deal-sloep-cabin\/#breadcrumb\",\"itemListElement\":[{\"@type\":\"ListItem\",\"position\":1,\"name\":\"Home\",\"item\":\"https:\/\/yachtcharterdedrait.nl\/de\/\"},{\"@type\":\"ListItem\",\"position\":2,\"name\":\"Deal: Sloep Cabin\"}]},{\"@type\":\"WebSite\",\"@id\":\"https:\/\/yachtcharterdedrait.nl\/#website\",\"url\":\"https:\/\/yachtcharterdedrait.nl\/\",\"name\":\"Yachtcharter De Drait - Friesland, NL\",\"description\":\"Mieten Sie sich ein Boot f\u00fcr Ihren Traumurlaub\",\"potentialAction\":[{\"@type\":\"SearchAction\",\"target\":{\"@type\":\"EntryPoint\",\"urlTemplate\":\"https:\/\/yachtcharterdedrait.nl\/?s={search_term_string}\"},\"query-input\":{\"@type\":\"PropertyValueSpecification\",\"valueRequired\":true,\"valueName\":\"search_term_string\"}}],\"inLanguage\":\"de\"}]}<\/script>\n<!-- \/ Yoast SEO plugin. -->","yoast_head_json":{"title":"Deal: Sloep Cabin f\u00fcr nur 499 \u20ac inklusive verpflichtender Extras","description":"Sie mieten eine Sloep Cabin f\u00fcr nur 499 \u20ac f\u00fcr ein Wochenende oder eine Kurzreise inklusive verpflichtender Nebenkosten f\u00fcr einen Bootsurlaub in Friesland.","robots":{"index":"index","follow":"follow","max-snippet":"max-snippet:-1","max-image-preview":"max-image-preview:large","max-video-preview":"max-video-preview:-1"},"canonical":"https:\/\/yachtcharterdedrait.nl\/de\/deal-sloep-cabin\/","og_locale":"de_DE","og_type":"article","og_title":"Deal: Sloep Cabin f\u00fcr nur 499 \u20ac inklusive verpflichtender Extras","og_description":"Sie mieten eine Sloep Cabin f\u00fcr nur 499 \u20ac f\u00fcr ein Wochenende oder eine Kurzreise inklusive verpflichtender Nebenkosten f\u00fcr einen Bootsurlaub in Friesland.","og_url":"https:\/\/yachtcharterdedrait.nl\/de\/deal-sloep-cabin\/","og_site_name":"Yachtcharter De Drait - Friesland, NL","article_modified_time":"2025-12-20T12:16:29+00:00","og_image":[{"width":1912,"height":378,"url":"https:\/\/yachtcharterdedrait.nl\/wp-content\/uploads\/Sloep-Cabin-Deal-voor-E-499.jpg","type":"image\/jpeg"}],"twitter_card":"summary_large_image","twitter_misc":{"Gesch\u00e4tzte Lesezeit":"5\u00a0Minuten"},"schema":{"@context":"https:\/\/schema.org","@graph":[{"@type":"WebPage","@id":"https:\/\/yachtcharterdedrait.nl\/de\/deal-sloep-cabin\/","url":"https:\/\/yachtcharterdedrait.nl\/de\/deal-sloep-cabin\/","name":"Deal: Sloep Cabin f\u00fcr nur 499 \u20ac inklusive verpflichtender Extras","isPartOf":{"@id":"https:\/\/yachtcharterdedrait.nl\/#website"},"primaryImageOfPage":{"@id":"https:\/\/yachtcharterdedrait.nl\/de\/deal-sloep-cabin\/#primaryimage"},"image":{"@id":"https:\/\/yachtcharterdedrait.nl\/de\/deal-sloep-cabin\/#primaryimage"},"thumbnailUrl":"https:\/\/yachtcharterdedrait.nl\/wp-content\/uploads\/Sloep-Cabin-Deal-voor-E-499.jpg","datePublished":"2025-12-20T12:06:45+00:00","dateModified":"2025-12-20T12:16:29+00:00","description":"Sie mieten eine Sloep Cabin f\u00fcr nur 499 \u20ac f\u00fcr ein Wochenende oder eine Kurzreise inklusive verpflichtender Nebenkosten f\u00fcr einen Bootsurlaub in Friesland.","breadcrumb":{"@id":"https:\/\/yachtcharterdedrait.nl\/de\/deal-sloep-cabin\/#breadcrumb"},"inLanguage":"de","potentialAction":[{"@type":"ReadAction","target":["https:\/\/yachtcharterdedrait.nl\/de\/deal-sloep-cabin\/"]}]},{"@type":"ImageObject","inLanguage":"de","@id":"https:\/\/yachtcharterdedrait.nl\/de\/deal-sloep-cabin\/#primaryimage","url":"https:\/\/yachtcharterdedrait.nl\/wp-content\/uploads\/Sloep-Cabin-Deal-voor-E-499.jpg","contentUrl":"https:\/\/yachtcharterdedrait.nl\/wp-content\/uploads\/Sloep-Cabin-Deal-voor-E-499.jpg","width":1912,"height":378,"caption":"Sloep Cabin Deal voor \u20ac 499"},{"@type":"BreadcrumbList","@id":"https:\/\/yachtcharterdedrait.nl\/de\/deal-sloep-cabin\/#breadcrumb","itemListElement":[{"@type":"ListItem","position":1,"name":"Home","item":"https:\/\/yachtcharterdedrait.nl\/de\/"},{"@type":"ListItem","position":2,"name":"Deal: Sloep Cabin"}]},{"@type":"WebSite","@id":"https:\/\/yachtcharterdedrait.nl\/#website","url":"https:\/\/yachtcharterdedrait.nl\/","name":"Yachtcharter De Drait - Friesland, NL","description":"Mieten Sie sich ein Boot f\u00fcr Ihren Traumurlaub","potentialAction":[{"@type":"SearchAction","target":{"@type":"EntryPoint","urlTemplate":"https:\/\/yachtcharterdedrait.nl\/?s={search_term_string}"},"query-input":{"@type":"PropertyValueSpecification","valueRequired":true,"valueName":"search_term_string"}}],"inLanguage":"de"}]}},"_links":{"self":[{"href":"https:\/\/yachtcharterdedrait.nl\/de\/wp-json\/wp\/v2\/pages\/12054","targetHints":{"allow":["GET"]}}],"collection":[{"href":"https:\/\/yachtcharterdedrait.nl\/de\/wp-json\/wp\/v2\/pages"}],"about":[{"href":"https:\/\/yachtcharterdedrait.nl\/de\/wp-json\/wp\/v2\/types\/page"}],"author":[{"embeddable":true,"href":"https:\/\/yachtcharterdedrait.nl\/de\/wp-json\/wp\/v2\/users\/7"}],"replies":[{"embeddable":true,"href":"https:\/\/yachtcharterdedrait.nl\/de\/wp-json\/wp\/v2\/comments?post=12054"}],"version-history":[{"count":4,"href":"https:\/\/yachtcharterdedrait.nl\/de\/wp-json\/wp\/v2\/pages\/12054\/revisions"}],"predecessor-version":[{"id":12059,"href":"https:\/\/yachtcharterdedrait.nl\/de\/wp-json\/wp\/v2\/pages\/12054\/revisions\/12059"}],"wp:featuredmedia":[{"embeddable":true,"href":"https:\/\/yachtcharterdedrait.nl\/de\/wp-json\/wp\/v2\/media\/12035"}],"wp:attachment":[{"href":"https:\/\/yachtcharterdedrait.nl\/de\/wp-json\/wp\/v2\/media?parent=12054"}],"curies":[{"name":"wp","href":"https:\/\/api.w.org\/{rel}","templated":true}]}}