{"id":1388,"date":"2019-10-01T09:49:03","date_gmt":"2019-10-01T09:49:03","guid":{"rendered":"http:\/\/dedrait.convident.website\/?page_id=1388"},"modified":"2019-10-01T09:49:04","modified_gmt":"2019-10-01T09:49:04","slug":"cookie-policy","status":"publish","type":"page","link":"https:\/\/yachtcharterdedrait.nl\/de\/cookie-policy\/","title":{"rendered":"Cookie policy"},"content":{"rendered":"\n<p><strong>Cookie Statement<\/strong><\/p>\n\n\n\n<p>Dieses Cookie- Statement beschreibt Cookies, welche De Drait Gruppe via Webseiten nutzt und mit welchem Ziel diese Cookies genutzt werden.<\/p>\n\n\n\n<p><strong>Was sind Cookies?<\/strong><\/p>\n\n\n\n<p>Cookies sind kleine (Text-)Informationen, die beim Besuch einer Webseite an Ihren Browser gesendet werden und danach auf der Festplatte oder im Verlauf Ihres Computers, Tablets oder Handys (hier genannt als Apparat) gespeichert werden. Die Cookies, die auf einer Webseite platziert werden, k\u00f6nnen Ihrem Apparat, sowie gespeicherte Dateien keinen Schaden zuf\u00fcgen.<\/p>\n\n\n\n<p><strong>Welche Cookies nutzt die De Drait Gruppe?<\/strong><\/p>\n\n\n\n<p><strong>Funktionelle Cookies<\/strong><\/p>\n\n\n\n<p>Die De Drait Gruppe macht an erster Stelle Gebrauch von funktionellen Cookies. Diese Cookies sind notwendig, um Ihnen angefragten Dienste und Funktionalit\u00e4t zu liefern. Funktionelle Cookies speichern beispielsweise Ihre Logins, sodass Sie sich auf einer folgenden Seite nicht erneut anmelden m\u00fcssen.<\/p>\n\n\n\n<p><strong>Analytische Cookies<\/strong><\/p>\n\n\n\n<p>F\u00fcr das Versammeln von Statistiken \u00fcber Webseitengebrauch- und besuch nutzt De Drait Gruppe analytische Dienste. Diese Angaben werden durch Anbieter von diesen analytischen Diensten analysiert und die daraus resultierenden Ergebnisse an De Drait Gruppe \u00fcbermittelt. De Drait Gruppe bekommt auf diese Weise Einsicht, wie die Webseite genutzt wird und kann anhand dieser Angaben die Webseite und\/oder die Dienstleistungen, falls n\u00f6tig, anpassen. Falls es gesetzlich verpflichtend ist, kann der Analysendienst diese Informationen an Dritte durchgeben.<\/p>\n\n\n\n<p><strong>Social Plug ins<\/strong><\/p>\n\n\n\n<ul class=\"wp-block-list\"><li>\u00dcber die Webseite kann m\u00f6glicherweise Zugang zu verschiedenen sozialen Netzwerken, wie Facebook, Twitter, LinkedIn, Instagram, Pinterest, Youtube und Google+, angeboten werden. Mit Hilfe dieser sogenannten Social Plug ins k\u00f6nnen Informationen auf der Webseite mit anderen geteilt und empfohlen werden. \u00dcber Social Plug ins werden durch Dritte Cookies auf Ihrem Apparat platziert. Das k\u00f6nnen Cookies sein, die das Ziel haben die Gebrauchserfahrung zu optimalisieren, aber es k\u00f6nnen auch Tracking Cookies platziert werden, die genutzt werden um das Surfverhalten \u00fcber mehrere Webseiten zu folgen und ein Profil Ihres Surfverhaltens zu erstellen.<\/li><\/ul>\n\n\n\n<p><strong>Tracking Cookies<\/strong><\/p>\n\n\n\n<ul class=\"wp-block-list\"><li>De Drait Gruppe nutzt auf der Webseite Cookies von Dritten, die Ihnen auf Grund Ihres Surfverhalten personalisierte Angebote erstellen k\u00f6nnen.<\/li><li>\u00dcber die Webseite wird ein Cookie auf Ihrem Apparat platziert mit einer universellen Nummer. Dieser Cookie macht es m\u00f6glich zu erkennen, ob Sie nach einem Besuch auf unserer Webseite eine andere Webseite besuchen, die auch Teil des Werbenetzwerkes ist. So wird es f\u00fcr De Drait Gruppe m\u00f6glich, Ihnen andere Onlinewerbungen vorzustellen.<\/li><li>Die Angaben, die auf diese Weise gesammelt werden, werden durch De Drait Gruppe nur gesammelt, um Ihnen unsere Werbungen und Anzeigen auf anderen Webseiten zeigen zu lassen und werden nicht an andere Daten gekoppelt.<\/li><\/ul>\n\n\n\n<p><strong>L\u00f6schen von Cookies<\/strong><\/p>\n\n\n\n<ul class=\"wp-block-list\"><li>Die Zustimmung, die Sie De Drait Gruppe gegeben haben, k\u00f6nnen Sie jederzeit zur\u00fcckziehen. Daf\u00fcr k\u00f6nnen Sie Ihren Browser so einstellen, dass keine Cookies akzeptiert werden oder dass alle Cookies, die Ihr Browser bereits platzierte, gel\u00f6scht werden. Nehmen Sie die Hilfefunktion von Ihrem Browser zur Hilfe um zu sehen, wie Sie Cookies l\u00f6schen k\u00f6nnen.<\/li><li>Rechnen Sie damit, dass das L\u00f6schen der Cookies zur Folge haben kann, dass Teile einer Webseite nicht mehr oder nur begrenzt funktionieren.<\/li><li>Das Ablehnen oder L\u00f6schen der Cookies hat nur Folgen auf dem jeweiligen Apparat, auf dem Sie diese Handlung ausf\u00fchren. Wenn Sie mehrere Apparaten und\/oder Browser gebrauchen m\u00fcssen Sie diese Handlung jeweils f\u00fcr jeden Apparat\/Browser wiederholen.<\/li><\/ul>\n","protected":false},"excerpt":{"rendered":"<p>Cookie Statement Dieses Cookie- Statement beschreibt Cookies, welche De Drait Gruppe via Webseiten nutzt und mit welchem Ziel diese Cookies genutzt werden. Was sind Cookies? Cookies sind kleine (Text-)Informationen, die beim Besuch einer Webseite an Ihren Browser gesendet werden und danach auf der Festplatte oder im Verlauf Ihres Computers, Tablets oder Handys (hier genannt als [&hellip;]<\/p>\n","protected":false},"author":2,"featured_media":1629,"parent":0,"menu_order":0,"comment_status":"closed","ping_status":"closed","template":"","meta":{"inline_featured_image":false,"footnotes":""},"class_list":["post-1388","page","type-page","status-publish","has-post-thumbnail","hentry"],"yoast_head":"<!-- This site is optimized with the Yoast SEO plugin v27.1.1 - https:\/\/yoast.com\/product\/yoast-seo-wordpress\/ -->\n<title>Cookie policy - Yachtcharter De Drait - Friesland, NL<\/title>\n<meta name=\"robots\" content=\"index, follow, max-snippet:-1, max-image-preview:large, max-video-preview:-1\" \/>\n<link rel=\"canonical\" href=\"https:\/\/yachtcharterdedrait.nl\/de\/cookie-policy\/\" \/>\n<meta property=\"og:locale\" content=\"de_DE\" \/>\n<meta property=\"og:type\" content=\"article\" \/>\n<meta property=\"og:title\" content=\"Cookie policy - Yachtcharter De Drait - Friesland, NL\" \/>\n<meta property=\"og:description\" content=\"Cookie Statement Dieses Cookie- Statement beschreibt Cookies, welche De Drait Gruppe via Webseiten nutzt und mit welchem Ziel diese Cookies genutzt werden. Was sind Cookies? Cookies sind kleine (Text-)Informationen, die beim Besuch einer Webseite an Ihren Browser gesendet werden und danach auf der Festplatte oder im Verlauf Ihres Computers, Tablets oder Handys (hier genannt als [&hellip;]\" \/>\n<meta property=\"og:url\" content=\"https:\/\/yachtcharterdedrait.nl\/de\/cookie-policy\/\" \/>\n<meta property=\"og:site_name\" content=\"Yachtcharter De Drait - Friesland, NL\" \/>\n<meta property=\"article:modified_time\" content=\"2019-10-01T09:49:04+00:00\" \/>\n<meta property=\"og:image\" content=\"https:\/\/yachtcharterdedrait.nl\/wp-content\/uploads\/2019\/10\/Motorboot-in-natuur-Brandenburg.jpeg\" \/>\n\t<meta property=\"og:image:width\" content=\"1920\" \/>\n\t<meta property=\"og:image:height\" content=\"378\" \/>\n\t<meta property=\"og:image:type\" content=\"image\/jpeg\" \/>\n<meta name=\"twitter:card\" content=\"summary_large_image\" \/>\n<meta name=\"twitter:label1\" content=\"Gesch\u00e4tzte Lesezeit\" \/>\n\t<meta name=\"twitter:data1\" content=\"3\u00a0Minuten\" \/>\n<script type=\"application\/ld+json\" class=\"yoast-schema-graph\">{\"@context\":\"https:\/\/schema.org\",\"@graph\":[{\"@type\":\"WebPage\",\"@id\":\"https:\/\/yachtcharterdedrait.nl\/de\/cookie-policy\/\",\"url\":\"https:\/\/yachtcharterdedrait.nl\/de\/cookie-policy\/\",\"name\":\"Cookie policy - Yachtcharter De Drait - Friesland, NL\",\"isPartOf\":{\"@id\":\"https:\/\/yachtcharterdedrait.nl\/#website\"},\"primaryImageOfPage\":{\"@id\":\"https:\/\/yachtcharterdedrait.nl\/de\/cookie-policy\/#primaryimage\"},\"image\":{\"@id\":\"https:\/\/yachtcharterdedrait.nl\/de\/cookie-policy\/#primaryimage\"},\"thumbnailUrl\":\"https:\/\/yachtcharterdedrait.nl\/wp-content\/uploads\/2019\/10\/Motorboot-in-natuur-Brandenburg.jpeg\",\"datePublished\":\"2019-10-01T09:49:03+00:00\",\"dateModified\":\"2019-10-01T09:49:04+00:00\",\"breadcrumb\":{\"@id\":\"https:\/\/yachtcharterdedrait.nl\/de\/cookie-policy\/#breadcrumb\"},\"inLanguage\":\"de\",\"potentialAction\":[{\"@type\":\"ReadAction\",\"target\":[\"https:\/\/yachtcharterdedrait.nl\/de\/cookie-policy\/\"]}]},{\"@type\":\"ImageObject\",\"inLanguage\":\"de\",\"@id\":\"https:\/\/yachtcharterdedrait.nl\/de\/cookie-policy\/#primaryimage\",\"url\":\"https:\/\/yachtcharterdedrait.nl\/wp-content\/uploads\/2019\/10\/Motorboot-in-natuur-Brandenburg.jpeg\",\"contentUrl\":\"https:\/\/yachtcharterdedrait.nl\/wp-content\/uploads\/2019\/10\/Motorboot-in-natuur-Brandenburg.jpeg\",\"width\":1920,\"height\":378,\"caption\":\"Motorboot in natuur Brandenburg\"},{\"@type\":\"BreadcrumbList\",\"@id\":\"https:\/\/yachtcharterdedrait.nl\/de\/cookie-policy\/#breadcrumb\",\"itemListElement\":[{\"@type\":\"ListItem\",\"position\":1,\"name\":\"Home\",\"item\":\"https:\/\/yachtcharterdedrait.nl\/de\/\"},{\"@type\":\"ListItem\",\"position\":2,\"name\":\"Cookie policy\"}]},{\"@type\":\"WebSite\",\"@id\":\"https:\/\/yachtcharterdedrait.nl\/#website\",\"url\":\"https:\/\/yachtcharterdedrait.nl\/\",\"name\":\"Yachtcharter De Drait - Friesland, NL\",\"description\":\"Mieten Sie sich ein Boot f\u00fcr Ihren Traumurlaub\",\"potentialAction\":[{\"@type\":\"SearchAction\",\"target\":{\"@type\":\"EntryPoint\",\"urlTemplate\":\"https:\/\/yachtcharterdedrait.nl\/?s={search_term_string}\"},\"query-input\":{\"@type\":\"PropertyValueSpecification\",\"valueRequired\":true,\"valueName\":\"search_term_string\"}}],\"inLanguage\":\"de\"}]}<\/script>\n<!-- \/ Yoast SEO plugin. -->","yoast_head_json":{"title":"Cookie policy - Yachtcharter De Drait - Friesland, NL","robots":{"index":"index","follow":"follow","max-snippet":"max-snippet:-1","max-image-preview":"max-image-preview:large","max-video-preview":"max-video-preview:-1"},"canonical":"https:\/\/yachtcharterdedrait.nl\/de\/cookie-policy\/","og_locale":"de_DE","og_type":"article","og_title":"Cookie policy - Yachtcharter De Drait - Friesland, NL","og_description":"Cookie Statement Dieses Cookie- Statement beschreibt Cookies, welche De Drait Gruppe via Webseiten nutzt und mit welchem Ziel diese Cookies genutzt werden. Was sind Cookies? Cookies sind kleine (Text-)Informationen, die beim Besuch einer Webseite an Ihren Browser gesendet werden und danach auf der Festplatte oder im Verlauf Ihres Computers, Tablets oder Handys (hier genannt als [&hellip;]","og_url":"https:\/\/yachtcharterdedrait.nl\/de\/cookie-policy\/","og_site_name":"Yachtcharter De Drait - Friesland, NL","article_modified_time":"2019-10-01T09:49:04+00:00","og_image":[{"width":1920,"height":378,"url":"https:\/\/yachtcharterdedrait.nl\/wp-content\/uploads\/2019\/10\/Motorboot-in-natuur-Brandenburg.jpeg","type":"image\/jpeg"}],"twitter_card":"summary_large_image","twitter_misc":{"Gesch\u00e4tzte Lesezeit":"3\u00a0Minuten"},"schema":{"@context":"https:\/\/schema.org","@graph":[{"@type":"WebPage","@id":"https:\/\/yachtcharterdedrait.nl\/de\/cookie-policy\/","url":"https:\/\/yachtcharterdedrait.nl\/de\/cookie-policy\/","name":"Cookie policy - Yachtcharter De Drait - Friesland, NL","isPartOf":{"@id":"https:\/\/yachtcharterdedrait.nl\/#website"},"primaryImageOfPage":{"@id":"https:\/\/yachtcharterdedrait.nl\/de\/cookie-policy\/#primaryimage"},"image":{"@id":"https:\/\/yachtcharterdedrait.nl\/de\/cookie-policy\/#primaryimage"},"thumbnailUrl":"https:\/\/yachtcharterdedrait.nl\/wp-content\/uploads\/2019\/10\/Motorboot-in-natuur-Brandenburg.jpeg","datePublished":"2019-10-01T09:49:03+00:00","dateModified":"2019-10-01T09:49:04+00:00","breadcrumb":{"@id":"https:\/\/yachtcharterdedrait.nl\/de\/cookie-policy\/#breadcrumb"},"inLanguage":"de","potentialAction":[{"@type":"ReadAction","target":["https:\/\/yachtcharterdedrait.nl\/de\/cookie-policy\/"]}]},{"@type":"ImageObject","inLanguage":"de","@id":"https:\/\/yachtcharterdedrait.nl\/de\/cookie-policy\/#primaryimage","url":"https:\/\/yachtcharterdedrait.nl\/wp-content\/uploads\/2019\/10\/Motorboot-in-natuur-Brandenburg.jpeg","contentUrl":"https:\/\/yachtcharterdedrait.nl\/wp-content\/uploads\/2019\/10\/Motorboot-in-natuur-Brandenburg.jpeg","width":1920,"height":378,"caption":"Motorboot in natuur Brandenburg"},{"@type":"BreadcrumbList","@id":"https:\/\/yachtcharterdedrait.nl\/de\/cookie-policy\/#breadcrumb","itemListElement":[{"@type":"ListItem","position":1,"name":"Home","item":"https:\/\/yachtcharterdedrait.nl\/de\/"},{"@type":"ListItem","position":2,"name":"Cookie policy"}]},{"@type":"WebSite","@id":"https:\/\/yachtcharterdedrait.nl\/#website","url":"https:\/\/yachtcharterdedrait.nl\/","name":"Yachtcharter De Drait - Friesland, NL","description":"Mieten Sie sich ein Boot f\u00fcr Ihren Traumurlaub","potentialAction":[{"@type":"SearchAction","target":{"@type":"EntryPoint","urlTemplate":"https:\/\/yachtcharterdedrait.nl\/?s={search_term_string}"},"query-input":{"@type":"PropertyValueSpecification","valueRequired":true,"valueName":"search_term_string"}}],"inLanguage":"de"}]}},"_links":{"self":[{"href":"https:\/\/yachtcharterdedrait.nl\/de\/wp-json\/wp\/v2\/pages\/1388","targetHints":{"allow":["GET"]}}],"collection":[{"href":"https:\/\/yachtcharterdedrait.nl\/de\/wp-json\/wp\/v2\/pages"}],"about":[{"href":"https:\/\/yachtcharterdedrait.nl\/de\/wp-json\/wp\/v2\/types\/page"}],"author":[{"embeddable":true,"href":"https:\/\/yachtcharterdedrait.nl\/de\/wp-json\/wp\/v2\/users\/2"}],"replies":[{"embeddable":true,"href":"https:\/\/yachtcharterdedrait.nl\/de\/wp-json\/wp\/v2\/comments?post=1388"}],"version-history":[{"count":0,"href":"https:\/\/yachtcharterdedrait.nl\/de\/wp-json\/wp\/v2\/pages\/1388\/revisions"}],"wp:featuredmedia":[{"embeddable":true,"href":"https:\/\/yachtcharterdedrait.nl\/de\/wp-json\/wp\/v2\/media\/1629"}],"wp:attachment":[{"href":"https:\/\/yachtcharterdedrait.nl\/de\/wp-json\/wp\/v2\/media?parent=1388"}],"curies":[{"name":"wp","href":"https:\/\/api.w.org\/{rel}","templated":true}]}}