{"id":1536,"date":"2019-10-08T08:13:17","date_gmt":"2019-10-08T08:13:17","guid":{"rendered":"http:\/\/dedrait.convident.website\/?page_id=1536"},"modified":"2025-10-23T09:31:41","modified_gmt":"2025-10-23T09:31:41","slug":"motorboot-mieten","status":"publish","type":"page","link":"https:\/\/yachtcharterdedrait.nl\/de\/motorboot-mieten\/","title":{"rendered":"Motorboot mieten"},"content":{"rendered":"\r\n<h2 class=\"wp-block-heading\">Auf der Suche nach einem besonderen Ausflugsziel oder Kurzurlaub? Mieten Sie sich ein Boot!<\/h2>\r\n\r\n\r\n\r\n<p>Ein Bootsurlaub hat f\u00fcr jeden etwas zu bieten: Abenteuer f\u00fcr den (angehenden) Kapit\u00e4n, Ruhe und Entspannung f\u00fcr jeden, der die Seele baumeln lassen m\u00f6chte, Aktion f\u00fcr Abenteurer und Wassersport-Begeisterte und viele neue Eindr\u00fccke und Spa\u00df f\u00fcr Kinder.\u00a0Ein Motorboot mieten bietet ein besonderes Ausflugziel f\u00fcr jede.<\/p>\r\n\r\n\r\n\r\n<p>Sind Sie auf der Suche nach einem romantischer Kurzurlaub, einem Wochenendausflug mit Freunden oder dem gesamten Sportverein? Wir bieten Ihnen eine gro\u00dfe Auswahl an verschiedenen Motorboten. Von einer Doerak bis hin zur Renal &#8211; es ist f\u00fcr jeden Wunsch etwas dabei. Unsere Boote sind f\u00fcr Gruppen von 2 bis 12 (!) Personen geeignet.\u00a0\u00a0<\/p>\r\n\r\n\r\n\r\n<h3 class=\"wp-block-heading\">Verf\u00fcgbare Boote<\/h3>\r\n\r\n\r\n\r\n<p>Hier finden Sie alle verf\u00fcgbaren Boote in <a href=\"https:\/\/yachtcharterdedrait.nl\/de\/fahrtgebiet-friesland-niederlande\/\" target=\"_blank\" rel=\"noopener\">Drachten<\/a> und <a href=\"https:\/\/yachtcharterdedrait.nl\/de\/fahrgebiet-woudsend-niederlande-2\/\" target=\"_blank\" rel=\"noopener\">Woudsend<\/a>. Oder nutzen Sie unser <a href=\"https:\/\/yachtcharterdedrait.nl\/de\/buchungskalender\/\" target=\"_blank\" rel=\"noopener\">online Buchungskalender<\/a>. Nutzen Sie die Filter-Option um ein Boot zu finden welches Ihren W\u00fcnschen entspricht.\u00a0<\/p>\r\n\r\n\r\n\r\n<div id=\"YFTOPdeals\">\u00a0<\/div>\r\n<p><script type=\"text\/javascript\">\r\n     jQuery(document).ready(function () {\r\n          channelconfig = '8F85406A-FAEB-4E10-ABB1-C90C422C354B';\r\n          TopDeals.Language = 'DE'; \/* Allowed values: EN\/DE\/NL *\/\r\n          SelectedValues.OrderLanguage = 'DE'; \/* Allowed values:\r\nEN\/DE\/NL*\/\r\n          TopDeals.MinDiscount = '0.1'; \/* The Minimum discount that\r\noffers shall be filtered for *\/\r\n          TopDeals.FromMonth = 'jun'; \/* values:\r\njan\/feb\/mar\/apr\/may\/jun\/jul\/aug\/sep\/oct\/nov\/dec           *\/\r\n          TopDeals.ToMonth = 'aug'; \/* values:\r\njan\/feb\/mar\/apr\/may\/jun\/jul\/aug\/sep\/oct\/nov\/dec *\/\r\n          TopDeals.PreferCustomOffers =  '1'; \/* \u201c1\u201d will filter only\r\ncustom offers (inserted manually be provider) \/ '0' all special offers *\/\r\n          TopDeals.Count = 10; \/* the number of offers displayed *\/\r\n          TopDeals.Destinations = '';\r\n          TopDeals.HullTypes = ''; \/* katamaran\/monohull *\/\r\n          TopDeals.Types =  'MY'; \/* allowed values: SY\/MY\/HB\/MS  for\r\nSailingyachts\/Motoryachts\/Houseboats\/Motorsailors *\/\r\n          TopDeals.OrderBy=  'Bookable'; \/* values:\r\nBookable\/Price\/Topdeal\/Toplocation\/Topcountry\/Topsubregion\/TopRegion\r\n*\/       \r\n          TopDeals.TopFilter =  ''; \/* values:\r\nTopdeal\/Topcountry\/Topsubregion\/Topregion\/Toplocation *\/\r\n          YFSearchResultPage = '\/de\/boot-mieten\/'; \/* search results page\r\n*\/\r\n          ShowTopDeals('YFTOPdeals');  \r\n\r\n     });\r\n<\/script><\/p>\r\n\r\n\r\n\r\n<h2 class=\"wp-block-heading\">Fahrrouten Friesland<\/h2>\r\n\r\n\r\n\r\n<p>Von <a href=\"https:\/\/yachtcharterdedrait.nl\/de\/ueber-uns\/\" target=\"_blank\" rel=\"noopener\">Yachtcharter De Drait<\/a> aus vermieten wir zahlreiche Boote. Unsere Yachth\u00e4fen in <a href=\"https:\/\/yachtcharterdedrait.nl\/de\/fahrtgebiet-friesland-niederlande\/\" target=\"_blank\" rel=\"noopener\">Drachten<\/a> (Friesland) und <a href=\"https:\/\/yachtcharterdedrait.nl\/de\/fahrgebiet-woudsend-niederlande-2\/\" target=\"_blank\" rel=\"noopener\">Woudsend<\/a> (Friesland)\u00a0 sind ideale Abfahrtsorte f\u00fcr Ihren Bootsurlaub. Entdecken Sie Naturgebiete, Sehensw\u00fcrdigkeiten, idyllische D\u00f6rfer und lebendige Hauptst\u00e4dte.<\/p>\r\n\r\n\r\n\r\n<p>Mehr Information \u00fcber die sch\u00f6nsten <a href=\"https:\/\/yachtcharterdedrait.nl\/de\/blog\/boot-fahren-in-nord-hollands\/\">Wasserrouten Friesland<\/a> finden Sie <a href=\"https:\/\/yachtcharterdedrait.nl\/de\/fahrrouten\/\" target=\"_blank\" rel=\"noopener\">hier<\/a>.<\/p>\r\n\r\n\r\n\r\n<h3 class=\"wp-block-heading\">Boot fahren ohne F\u00fchrerschein<\/h3>\r\n\r\n\r\n\r\n<p>Falls Sie nicht im Besitz eines Bootsf\u00fchrerscheins sind ist das meistens kein Problem. Mehr Information zum Thema fahren ohne F\u00fchrerschein in den Niederlanden finden Sie <a href=\"https:\/\/yachtcharterdedrait.nl\/de\/bootsfuehrerschein-2\/\" target=\"_blank\" rel=\"noopener\">hier<\/a>.<\/p>\r\n\r\n\r\n\r\n<h2 class=\"wp-block-heading\">Warum ein Motorboot mieten bei Yachtcharter de Drait?<\/h2>\r\n\r\n\r\n\r\n<p>Mit viel Liebe und Stolz f\u00fchren wir unsere Werft in Drachten auf der wir schon seit mehr als 35 Jahren Schiffe von Hand anfertigen. Das entwickeln und bauen der Schiffe auf unserer Werft ist f\u00fcr uns Herzenssache. Wir k\u00fcmmern uns um jedes Detail pers\u00f6nlich; alles von der Wartung und Pflege bis zur Endreinigung und Ihre pers\u00f6nliche Fahreinweisung. Kurz gefasst: Wir tun alles um Ihren Bootsurlaub bei uns einen unvergesslichen Traumurlaub werden zu lassen..<\/p>\r\n","protected":false},"excerpt":{"rendered":"<p>Auf der Suche nach einem besonderen Ausflugsziel oder Kurzurlaub? Mieten Sie sich ein Boot! Ein Bootsurlaub hat f\u00fcr jeden etwas zu bieten: Abenteuer f\u00fcr den (angehenden) Kapit\u00e4n, Ruhe und Entspannung f\u00fcr jeden, der die Seele baumeln lassen m\u00f6chte, Aktion f\u00fcr Abenteurer und Wassersport-Begeisterte und viele neue Eindr\u00fccke und Spa\u00df f\u00fcr Kinder.\u00a0Ein Motorboot mieten bietet ein [&hellip;]<\/p>\n","protected":false},"author":2,"featured_media":1678,"parent":0,"menu_order":0,"comment_status":"closed","ping_status":"closed","template":"template-page-no-sidebar.php","meta":{"inline_featured_image":false,"footnotes":""},"class_list":["post-1536","page","type-page","status-publish","has-post-thumbnail","hentry"],"yoast_head":"<!-- This site is optimized with the Yoast SEO plugin v27.1.1 - https:\/\/yoast.com\/product\/yoast-seo-wordpress\/ -->\n<title>Motorboot mieten f\u00fcr einem besonderen Ausflugsziel<\/title>\n<meta name=\"description\" content=\"Ein Motorboot mieten f\u00fcr einem besonderen Ausflugsziel oder Kurzurlaub. Ein Bootsurlaub hat f\u00fcr jeden etwas zu bieten.\" \/>\n<meta name=\"robots\" content=\"index, follow, max-snippet:-1, max-image-preview:large, max-video-preview:-1\" \/>\n<link rel=\"canonical\" href=\"https:\/\/yachtcharterdedrait.nl\/de\/motorboot-mieten\/\" \/>\n<meta property=\"og:locale\" content=\"de_DE\" \/>\n<meta property=\"og:type\" content=\"article\" \/>\n<meta property=\"og:title\" content=\"Motorboot mieten f\u00fcr einem besonderen Ausflugsziel\" \/>\n<meta property=\"og:description\" content=\"Ein Motorboot mieten f\u00fcr einem besonderen Ausflugsziel oder Kurzurlaub. Ein Bootsurlaub hat f\u00fcr jeden etwas zu bieten.\" \/>\n<meta property=\"og:url\" content=\"https:\/\/yachtcharterdedrait.nl\/de\/motorboot-mieten\/\" \/>\n<meta property=\"og:site_name\" content=\"Yachtcharter De Drait - Friesland, NL\" \/>\n<meta property=\"article:modified_time\" content=\"2025-10-23T09:31:41+00:00\" \/>\n<meta property=\"og:image\" content=\"https:\/\/yachtcharterdedrait.nl\/wp-content\/uploads\/2019\/10\/Zwemmen.jpg\" \/>\n\t<meta property=\"og:image:width\" content=\"1920\" \/>\n\t<meta property=\"og:image:height\" content=\"378\" \/>\n\t<meta property=\"og:image:type\" content=\"image\/jpeg\" \/>\n<meta name=\"twitter:card\" content=\"summary_large_image\" \/>\n<meta name=\"twitter:label1\" content=\"Gesch\u00e4tzte Lesezeit\" \/>\n\t<meta name=\"twitter:data1\" content=\"2\u00a0Minuten\" \/>\n<script type=\"application\/ld+json\" class=\"yoast-schema-graph\">{\"@context\":\"https:\/\/schema.org\",\"@graph\":[{\"@type\":\"WebPage\",\"@id\":\"https:\/\/yachtcharterdedrait.nl\/de\/motorboot-mieten\/\",\"url\":\"https:\/\/yachtcharterdedrait.nl\/de\/motorboot-mieten\/\",\"name\":\"Motorboot mieten f\u00fcr einem besonderen Ausflugsziel\",\"isPartOf\":{\"@id\":\"https:\/\/yachtcharterdedrait.nl\/#website\"},\"primaryImageOfPage\":{\"@id\":\"https:\/\/yachtcharterdedrait.nl\/de\/motorboot-mieten\/#primaryimage\"},\"image\":{\"@id\":\"https:\/\/yachtcharterdedrait.nl\/de\/motorboot-mieten\/#primaryimage\"},\"thumbnailUrl\":\"https:\/\/yachtcharterdedrait.nl\/wp-content\/uploads\/2019\/10\/Zwemmen.jpg\",\"datePublished\":\"2019-10-08T08:13:17+00:00\",\"dateModified\":\"2025-10-23T09:31:41+00:00\",\"description\":\"Ein Motorboot mieten f\u00fcr einem besonderen Ausflugsziel oder Kurzurlaub. Ein Bootsurlaub hat f\u00fcr jeden etwas zu bieten.\",\"breadcrumb\":{\"@id\":\"https:\/\/yachtcharterdedrait.nl\/de\/motorboot-mieten\/#breadcrumb\"},\"inLanguage\":\"de\",\"potentialAction\":[{\"@type\":\"ReadAction\",\"target\":[\"https:\/\/yachtcharterdedrait.nl\/de\/motorboot-mieten\/\"]}]},{\"@type\":\"ImageObject\",\"inLanguage\":\"de\",\"@id\":\"https:\/\/yachtcharterdedrait.nl\/de\/motorboot-mieten\/#primaryimage\",\"url\":\"https:\/\/yachtcharterdedrait.nl\/wp-content\/uploads\/2019\/10\/Zwemmen.jpg\",\"contentUrl\":\"https:\/\/yachtcharterdedrait.nl\/wp-content\/uploads\/2019\/10\/Zwemmen.jpg\",\"width\":1920,\"height\":378},{\"@type\":\"BreadcrumbList\",\"@id\":\"https:\/\/yachtcharterdedrait.nl\/de\/motorboot-mieten\/#breadcrumb\",\"itemListElement\":[{\"@type\":\"ListItem\",\"position\":1,\"name\":\"Home\",\"item\":\"https:\/\/yachtcharterdedrait.nl\/de\/\"},{\"@type\":\"ListItem\",\"position\":2,\"name\":\"Motorboot mieten\"}]},{\"@type\":\"WebSite\",\"@id\":\"https:\/\/yachtcharterdedrait.nl\/#website\",\"url\":\"https:\/\/yachtcharterdedrait.nl\/\",\"name\":\"Yachtcharter De Drait - Friesland, NL\",\"description\":\"Mieten Sie sich ein Boot f\u00fcr Ihren Traumurlaub\",\"potentialAction\":[{\"@type\":\"SearchAction\",\"target\":{\"@type\":\"EntryPoint\",\"urlTemplate\":\"https:\/\/yachtcharterdedrait.nl\/?s={search_term_string}\"},\"query-input\":{\"@type\":\"PropertyValueSpecification\",\"valueRequired\":true,\"valueName\":\"search_term_string\"}}],\"inLanguage\":\"de\"}]}<\/script>\n<!-- \/ Yoast SEO plugin. -->","yoast_head_json":{"title":"Motorboot mieten f\u00fcr einem besonderen Ausflugsziel","description":"Ein Motorboot mieten f\u00fcr einem besonderen Ausflugsziel oder Kurzurlaub. Ein Bootsurlaub hat f\u00fcr jeden etwas zu bieten.","robots":{"index":"index","follow":"follow","max-snippet":"max-snippet:-1","max-image-preview":"max-image-preview:large","max-video-preview":"max-video-preview:-1"},"canonical":"https:\/\/yachtcharterdedrait.nl\/de\/motorboot-mieten\/","og_locale":"de_DE","og_type":"article","og_title":"Motorboot mieten f\u00fcr einem besonderen Ausflugsziel","og_description":"Ein Motorboot mieten f\u00fcr einem besonderen Ausflugsziel oder Kurzurlaub. Ein Bootsurlaub hat f\u00fcr jeden etwas zu bieten.","og_url":"https:\/\/yachtcharterdedrait.nl\/de\/motorboot-mieten\/","og_site_name":"Yachtcharter De Drait - Friesland, NL","article_modified_time":"2025-10-23T09:31:41+00:00","og_image":[{"width":1920,"height":378,"url":"https:\/\/yachtcharterdedrait.nl\/wp-content\/uploads\/2019\/10\/Zwemmen.jpg","type":"image\/jpeg"}],"twitter_card":"summary_large_image","twitter_misc":{"Gesch\u00e4tzte Lesezeit":"2\u00a0Minuten"},"schema":{"@context":"https:\/\/schema.org","@graph":[{"@type":"WebPage","@id":"https:\/\/yachtcharterdedrait.nl\/de\/motorboot-mieten\/","url":"https:\/\/yachtcharterdedrait.nl\/de\/motorboot-mieten\/","name":"Motorboot mieten f\u00fcr einem besonderen Ausflugsziel","isPartOf":{"@id":"https:\/\/yachtcharterdedrait.nl\/#website"},"primaryImageOfPage":{"@id":"https:\/\/yachtcharterdedrait.nl\/de\/motorboot-mieten\/#primaryimage"},"image":{"@id":"https:\/\/yachtcharterdedrait.nl\/de\/motorboot-mieten\/#primaryimage"},"thumbnailUrl":"https:\/\/yachtcharterdedrait.nl\/wp-content\/uploads\/2019\/10\/Zwemmen.jpg","datePublished":"2019-10-08T08:13:17+00:00","dateModified":"2025-10-23T09:31:41+00:00","description":"Ein Motorboot mieten f\u00fcr einem besonderen Ausflugsziel oder Kurzurlaub. Ein Bootsurlaub hat f\u00fcr jeden etwas zu bieten.","breadcrumb":{"@id":"https:\/\/yachtcharterdedrait.nl\/de\/motorboot-mieten\/#breadcrumb"},"inLanguage":"de","potentialAction":[{"@type":"ReadAction","target":["https:\/\/yachtcharterdedrait.nl\/de\/motorboot-mieten\/"]}]},{"@type":"ImageObject","inLanguage":"de","@id":"https:\/\/yachtcharterdedrait.nl\/de\/motorboot-mieten\/#primaryimage","url":"https:\/\/yachtcharterdedrait.nl\/wp-content\/uploads\/2019\/10\/Zwemmen.jpg","contentUrl":"https:\/\/yachtcharterdedrait.nl\/wp-content\/uploads\/2019\/10\/Zwemmen.jpg","width":1920,"height":378},{"@type":"BreadcrumbList","@id":"https:\/\/yachtcharterdedrait.nl\/de\/motorboot-mieten\/#breadcrumb","itemListElement":[{"@type":"ListItem","position":1,"name":"Home","item":"https:\/\/yachtcharterdedrait.nl\/de\/"},{"@type":"ListItem","position":2,"name":"Motorboot mieten"}]},{"@type":"WebSite","@id":"https:\/\/yachtcharterdedrait.nl\/#website","url":"https:\/\/yachtcharterdedrait.nl\/","name":"Yachtcharter De Drait - Friesland, NL","description":"Mieten Sie sich ein Boot f\u00fcr Ihren Traumurlaub","potentialAction":[{"@type":"SearchAction","target":{"@type":"EntryPoint","urlTemplate":"https:\/\/yachtcharterdedrait.nl\/?s={search_term_string}"},"query-input":{"@type":"PropertyValueSpecification","valueRequired":true,"valueName":"search_term_string"}}],"inLanguage":"de"}]}},"_links":{"self":[{"href":"https:\/\/yachtcharterdedrait.nl\/de\/wp-json\/wp\/v2\/pages\/1536","targetHints":{"allow":["GET"]}}],"collection":[{"href":"https:\/\/yachtcharterdedrait.nl\/de\/wp-json\/wp\/v2\/pages"}],"about":[{"href":"https:\/\/yachtcharterdedrait.nl\/de\/wp-json\/wp\/v2\/types\/page"}],"author":[{"embeddable":true,"href":"https:\/\/yachtcharterdedrait.nl\/de\/wp-json\/wp\/v2\/users\/2"}],"replies":[{"embeddable":true,"href":"https:\/\/yachtcharterdedrait.nl\/de\/wp-json\/wp\/v2\/comments?post=1536"}],"version-history":[{"count":3,"href":"https:\/\/yachtcharterdedrait.nl\/de\/wp-json\/wp\/v2\/pages\/1536\/revisions"}],"predecessor-version":[{"id":11667,"href":"https:\/\/yachtcharterdedrait.nl\/de\/wp-json\/wp\/v2\/pages\/1536\/revisions\/11667"}],"wp:featuredmedia":[{"embeddable":true,"href":"https:\/\/yachtcharterdedrait.nl\/de\/wp-json\/wp\/v2\/media\/1678"}],"wp:attachment":[{"href":"https:\/\/yachtcharterdedrait.nl\/de\/wp-json\/wp\/v2\/media?parent=1536"}],"curies":[{"name":"wp","href":"https:\/\/api.w.org\/{rel}","templated":true}]}}