{"id":1789,"date":"2019-10-09T14:27:19","date_gmt":"2019-10-09T14:27:19","guid":{"rendered":"http:\/\/dedrait.convident.website\/?page_id=1789"},"modified":"2025-12-22T10:32:15","modified_gmt":"2025-12-22T10:32:15","slug":"yacht-mieten","status":"publish","type":"page","link":"https:\/\/yachtcharterdedrait.nl\/de\/yacht-mieten\/","title":{"rendered":"Yacht mieten"},"content":{"rendered":"\r\n<h4 class=\"wp-block-heading\">Auf der Suche nach einem besonderen Ausflugsziel oder Kurzurlaub? Mieten Sie sich eine Yacht!<\/h4>\r\n\r\n\r\n\r\n<p>Ein Bootsurlaub hat f\u00fcr jeden etwas zu bieten: Abenteuer f\u00fcr den (angehenden) Kapit\u00e4n, Ruhe und Entspannung f\u00fcr jeden der die Seele baumeln lassen m\u00f6chte, Aktion f\u00fcr Abenteurer und Wassersport-Begeisterte und viele neue Eindr\u00fccke und Spa\u00df f\u00fcr Kinder. Mieten Sie ein Yacht f\u00fcr einem besonderen Ausflugsziel oder Kurzurlaub.<\/p>\r\n\r\n\r\n\r\n<p>Ein romantischer Kurzurlaub oder ein Wochenendausflug mit Freunden oder dem gesamten Verein: mieten Sie sich eine unserer wundersch\u00f6nen Yachten &#8211; es ist f\u00fcr jeden Wunsch etwas dabei. Unsere Motoryachten sind f\u00fcr Gruppen von 2 bis 14 (!) Personen geeignet.\u00a0\u00a0<\/p>\r\n\r\n\r\n\r\n<h2 class=\"wp-block-heading\">Verf\u00fcgbare Yachten<\/h2>\r\n\r\n\r\n\r\n<p>Hier finden Sie alle verf\u00fcgbaren Boote in <a href=\"https:\/\/yachtcharterdedrait.nl\/de\/fahrtgebiet-friesland-niederlande\/\" target=\"_blank\" rel=\"noopener\">Drachten<\/a> und <a href=\"https:\/\/yachtcharterdedrait.nl\/de\/fahrgebiet-woudsend-niederlande-2\/\" target=\"_blank\" rel=\"noopener\">Woudsend<\/a>. Oder nutzen Sie unser <a href=\"https:\/\/yachtcharterdedrait.nl\/de\/buchungskalender\/\" target=\"_blank\" rel=\"noopener\">online Buchungskalender<\/a>. Nutzen Sie die Filter-Option um ein Boot zu finden welches Ihren W\u00fcnschen entspricht.<\/p>\r\n\r\n\r\n\r\n<div id=\"YFTOPdeals\">\u00a0<\/div>\r\n<p><script type=\"text\/javascript\">\r\n     jQuery(document).ready(function () {\r\n          channelconfig = '8F85406A-FAEB-4E10-ABB1-C90C422C354B';\r\n          TopDeals.Language = 'DE'; \/* Allowed values: EN\/DE\/NL *\/\r\n          SelectedValues.OrderLanguage = 'DE'; \/* Allowed values:\r\nEN\/DE\/NL*\/\r\n          TopDeals.MinDiscount = '0.1'; \/* The Minimum discount that\r\noffers shall be filtered for *\/\r\n          TopDeals.FromMonth = 'jun'; \/* values:\r\njan\/feb\/mar\/apr\/may\/jun\/jul\/aug\/sep\/oct\/nov\/dec           *\/\r\n          TopDeals.ToMonth = 'aug'; \/* values:\r\njan\/feb\/mar\/apr\/may\/jun\/jul\/aug\/sep\/oct\/nov\/dec *\/\r\n          TopDeals.PreferCustomOffers =  '1'; \/* \u201c1\u201d will filter only\r\ncustom offers (inserted manually be provider) \/ '0' all special offers *\/\r\n          TopDeals.Count = 10; \/* the number of offers displayed *\/\r\n          TopDeals.Destinations = '';\r\n          TopDeals.HullTypes = ''; \/* katamaran\/monohull *\/\r\n          TopDeals.Types =  'MY'; \/* allowed values: SY\/MY\/HB\/MS  for\r\nSailingyachts\/Motoryachts\/Houseboats\/Motorsailors *\/\r\n          TopDeals.OrderBy=  'Bookable'; \/* values:\r\nBookable\/Price\/Topdeal\/Toplocation\/Topcountry\/Topsubregion\/TopRegion\r\n*\/       \r\n          TopDeals.TopFilter =  ''; \/* values:\r\nTopdeal\/Topcountry\/Topsubregion\/Topregion\/Toplocation *\/\r\n          YFSearchResultPage = '\/de\/boot-mieten\/'; \/* search results page\r\n*\/\r\n          ShowTopDeals('YFTOPdeals');  \r\n\r\n     });\r\n<\/script><\/p>\r\n\r\n\r\n\r\n<h2 class=\"wp-block-heading\">Fahrtrouten Friesland<\/h2>\r\n\r\n\r\n\r\n<p>Von <a href=\"https:\/\/yachtcharterdedrait.nl\/de\/ueber-uns\/\">Yachtcharter de Drait<\/a> aus vermieten wir zahlreiche Boote. Unsere Yachth\u00e4fen in Drachten und Woudsend (Friesland) sind ideale Abfahrtsorte f\u00fcr Ihren Bootsurlaub. Entdecken Sie Naturgebiete, Sehensw\u00fcrdigkeiten, idyllische D\u00f6rfer und lebendige St\u00e4dte.<\/p>\r\n\r\n\r\n\r\n<p>Mehr Information \u00fcber die sch\u00f6nsten <a href=\"https:\/\/yachtcharterdedrait.nl\/de\/blog\/boot-fahren-in-nord-hollands\/\">Wasserrouten Friesland<\/a> finden Sie <a href=\"https:\/\/yachtcharterdedrait.nl\/de\/fahrrouten\/\" target=\"_blank\" rel=\"noopener\">hier<\/a>.<\/p>\r\n\r\n\r\n\r\n<h3 class=\"wp-block-heading\">Yacht mieten ohne F\u00fchrerschein<\/h3>\r\n\r\n\r\n\r\n<p>Falls Sie nicht im Besitz eines Bootsf\u00fchrerscheins sind ist das meistens kein Problem. Mehr Information zum Thema<a href=\"https:\/\/yachtcharterdedrait.nl\/de\/fuhrerscheinfrei\/\"> fahren ohne F\u00fchrerschein in den Niederlanden finden Sie hier.<\/a><\/p>\r\n\r\n\r\n\r\n<h3 class=\"wp-block-heading\">Warum ein Yacht mieten bei Yachtcharter de Drait?<\/h3>\r\n\r\n\r\n\r\n<p>Mit viel Liebe und Stolz f\u00fchren wir unsere Werft in Drachten auf der wir schon seit mehr als 35 Jahren Schiffe von Hand anfertigen. Das entwickeln und bauen der Schiffe auf unserer Werft ist f\u00fcr uns Herzenssache. Wir k\u00fcmmern uns um jedes Detail pers\u00f6nlich; alles von der Wartung und Pflege bis zur Endreinigung und Ihre pers\u00f6nliche Fahreinweisung. Kurzgefasst: Wir tun alles um Ihren Bootsurlaub bei uns einen unvergesslichen Traumurlaub werden zu lassen.<\/p>\r\n","protected":false},"excerpt":{"rendered":"<p>Auf der Suche nach einem besonderen Ausflugsziel oder Kurzurlaub? Mieten Sie sich eine Yacht! Ein Bootsurlaub hat f\u00fcr jeden etwas zu bieten: Abenteuer f\u00fcr den (angehenden) Kapit\u00e4n, Ruhe und Entspannung f\u00fcr jeden der die Seele baumeln lassen m\u00f6chte, Aktion f\u00fcr Abenteurer und Wassersport-Begeisterte und viele neue Eindr\u00fccke und Spa\u00df f\u00fcr Kinder. Mieten Sie ein Yacht [&hellip;]<\/p>\n","protected":false},"author":2,"featured_media":1697,"parent":0,"menu_order":0,"comment_status":"closed","ping_status":"closed","template":"","meta":{"inline_featured_image":false,"footnotes":""},"class_list":["post-1789","page","type-page","status-publish","has-post-thumbnail","hentry"],"yoast_head":"<!-- This site is optimized with the Yoast SEO plugin v27.1.1 - https:\/\/yoast.com\/product\/yoast-seo-wordpress\/ -->\n<title>Yacht mieten f\u00fcr ein besonderen Ausflugsziel oder Kurzurlaub<\/title>\n<meta name=\"description\" content=\"Auf der Suche nach einem besonderen Ausflugsziel oder Kurzurlaub? Mieten Sie sich eine Yacht bei Yachtcharter De Drait.\" \/>\n<meta name=\"robots\" content=\"index, follow, max-snippet:-1, max-image-preview:large, max-video-preview:-1\" \/>\n<link rel=\"canonical\" href=\"https:\/\/yachtcharterdedrait.nl\/de\/yacht-mieten\/\" \/>\n<meta property=\"og:locale\" content=\"de_DE\" \/>\n<meta property=\"og:type\" content=\"article\" \/>\n<meta property=\"og:title\" content=\"Yacht mieten f\u00fcr ein besonderen Ausflugsziel oder Kurzurlaub\" \/>\n<meta property=\"og:description\" content=\"Auf der Suche nach einem besonderen Ausflugsziel oder Kurzurlaub? Mieten Sie sich eine Yacht bei Yachtcharter De Drait.\" \/>\n<meta property=\"og:url\" content=\"https:\/\/yachtcharterdedrait.nl\/de\/yacht-mieten\/\" \/>\n<meta property=\"og:site_name\" content=\"Yachtcharter De Drait - Friesland, NL\" \/>\n<meta property=\"article:modified_time\" content=\"2025-12-22T10:32:15+00:00\" \/>\n<meta property=\"og:image\" content=\"https:\/\/yachtcharterdedrait.nl\/wp-content\/uploads\/2019\/10\/Renal-36-Drait-42.jpg\" \/>\n\t<meta property=\"og:image:width\" content=\"1920\" \/>\n\t<meta property=\"og:image:height\" content=\"378\" \/>\n\t<meta property=\"og:image:type\" content=\"image\/jpeg\" \/>\n<meta name=\"twitter:card\" content=\"summary_large_image\" \/>\n<meta name=\"twitter:label1\" content=\"Gesch\u00e4tzte Lesezeit\" \/>\n\t<meta name=\"twitter:data1\" content=\"2\u00a0Minuten\" \/>\n<script type=\"application\/ld+json\" class=\"yoast-schema-graph\">{\"@context\":\"https:\/\/schema.org\",\"@graph\":[{\"@type\":\"WebPage\",\"@id\":\"https:\/\/yachtcharterdedrait.nl\/de\/yacht-mieten\/\",\"url\":\"https:\/\/yachtcharterdedrait.nl\/de\/yacht-mieten\/\",\"name\":\"Yacht mieten f\u00fcr ein besonderen Ausflugsziel oder Kurzurlaub\",\"isPartOf\":{\"@id\":\"https:\/\/yachtcharterdedrait.nl\/#website\"},\"primaryImageOfPage\":{\"@id\":\"https:\/\/yachtcharterdedrait.nl\/de\/yacht-mieten\/#primaryimage\"},\"image\":{\"@id\":\"https:\/\/yachtcharterdedrait.nl\/de\/yacht-mieten\/#primaryimage\"},\"thumbnailUrl\":\"https:\/\/yachtcharterdedrait.nl\/wp-content\/uploads\/2019\/10\/Renal-36-Drait-42.jpg\",\"datePublished\":\"2019-10-09T14:27:19+00:00\",\"dateModified\":\"2025-12-22T10:32:15+00:00\",\"description\":\"Auf der Suche nach einem besonderen Ausflugsziel oder Kurzurlaub? Mieten Sie sich eine Yacht bei Yachtcharter De Drait.\",\"breadcrumb\":{\"@id\":\"https:\/\/yachtcharterdedrait.nl\/de\/yacht-mieten\/#breadcrumb\"},\"inLanguage\":\"de\",\"potentialAction\":[{\"@type\":\"ReadAction\",\"target\":[\"https:\/\/yachtcharterdedrait.nl\/de\/yacht-mieten\/\"]}]},{\"@type\":\"ImageObject\",\"inLanguage\":\"de\",\"@id\":\"https:\/\/yachtcharterdedrait.nl\/de\/yacht-mieten\/#primaryimage\",\"url\":\"https:\/\/yachtcharterdedrait.nl\/wp-content\/uploads\/2019\/10\/Renal-36-Drait-42.jpg\",\"contentUrl\":\"https:\/\/yachtcharterdedrait.nl\/wp-content\/uploads\/2019\/10\/Renal-36-Drait-42.jpg\",\"width\":1920,\"height\":378},{\"@type\":\"BreadcrumbList\",\"@id\":\"https:\/\/yachtcharterdedrait.nl\/de\/yacht-mieten\/#breadcrumb\",\"itemListElement\":[{\"@type\":\"ListItem\",\"position\":1,\"name\":\"Home\",\"item\":\"https:\/\/yachtcharterdedrait.nl\/de\/\"},{\"@type\":\"ListItem\",\"position\":2,\"name\":\"Yacht mieten\"}]},{\"@type\":\"WebSite\",\"@id\":\"https:\/\/yachtcharterdedrait.nl\/#website\",\"url\":\"https:\/\/yachtcharterdedrait.nl\/\",\"name\":\"Yachtcharter De Drait - Friesland, NL\",\"description\":\"Mieten Sie sich ein Boot f\u00fcr Ihren Traumurlaub\",\"potentialAction\":[{\"@type\":\"SearchAction\",\"target\":{\"@type\":\"EntryPoint\",\"urlTemplate\":\"https:\/\/yachtcharterdedrait.nl\/?s={search_term_string}\"},\"query-input\":{\"@type\":\"PropertyValueSpecification\",\"valueRequired\":true,\"valueName\":\"search_term_string\"}}],\"inLanguage\":\"de\"}]}<\/script>\n<!-- \/ Yoast SEO plugin. -->","yoast_head_json":{"title":"Yacht mieten f\u00fcr ein besonderen Ausflugsziel oder Kurzurlaub","description":"Auf der Suche nach einem besonderen Ausflugsziel oder Kurzurlaub? Mieten Sie sich eine Yacht bei Yachtcharter De Drait.","robots":{"index":"index","follow":"follow","max-snippet":"max-snippet:-1","max-image-preview":"max-image-preview:large","max-video-preview":"max-video-preview:-1"},"canonical":"https:\/\/yachtcharterdedrait.nl\/de\/yacht-mieten\/","og_locale":"de_DE","og_type":"article","og_title":"Yacht mieten f\u00fcr ein besonderen Ausflugsziel oder Kurzurlaub","og_description":"Auf der Suche nach einem besonderen Ausflugsziel oder Kurzurlaub? Mieten Sie sich eine Yacht bei Yachtcharter De Drait.","og_url":"https:\/\/yachtcharterdedrait.nl\/de\/yacht-mieten\/","og_site_name":"Yachtcharter De Drait - Friesland, NL","article_modified_time":"2025-12-22T10:32:15+00:00","og_image":[{"width":1920,"height":378,"url":"https:\/\/yachtcharterdedrait.nl\/wp-content\/uploads\/2019\/10\/Renal-36-Drait-42.jpg","type":"image\/jpeg"}],"twitter_card":"summary_large_image","twitter_misc":{"Gesch\u00e4tzte Lesezeit":"2\u00a0Minuten"},"schema":{"@context":"https:\/\/schema.org","@graph":[{"@type":"WebPage","@id":"https:\/\/yachtcharterdedrait.nl\/de\/yacht-mieten\/","url":"https:\/\/yachtcharterdedrait.nl\/de\/yacht-mieten\/","name":"Yacht mieten f\u00fcr ein besonderen Ausflugsziel oder Kurzurlaub","isPartOf":{"@id":"https:\/\/yachtcharterdedrait.nl\/#website"},"primaryImageOfPage":{"@id":"https:\/\/yachtcharterdedrait.nl\/de\/yacht-mieten\/#primaryimage"},"image":{"@id":"https:\/\/yachtcharterdedrait.nl\/de\/yacht-mieten\/#primaryimage"},"thumbnailUrl":"https:\/\/yachtcharterdedrait.nl\/wp-content\/uploads\/2019\/10\/Renal-36-Drait-42.jpg","datePublished":"2019-10-09T14:27:19+00:00","dateModified":"2025-12-22T10:32:15+00:00","description":"Auf der Suche nach einem besonderen Ausflugsziel oder Kurzurlaub? Mieten Sie sich eine Yacht bei Yachtcharter De Drait.","breadcrumb":{"@id":"https:\/\/yachtcharterdedrait.nl\/de\/yacht-mieten\/#breadcrumb"},"inLanguage":"de","potentialAction":[{"@type":"ReadAction","target":["https:\/\/yachtcharterdedrait.nl\/de\/yacht-mieten\/"]}]},{"@type":"ImageObject","inLanguage":"de","@id":"https:\/\/yachtcharterdedrait.nl\/de\/yacht-mieten\/#primaryimage","url":"https:\/\/yachtcharterdedrait.nl\/wp-content\/uploads\/2019\/10\/Renal-36-Drait-42.jpg","contentUrl":"https:\/\/yachtcharterdedrait.nl\/wp-content\/uploads\/2019\/10\/Renal-36-Drait-42.jpg","width":1920,"height":378},{"@type":"BreadcrumbList","@id":"https:\/\/yachtcharterdedrait.nl\/de\/yacht-mieten\/#breadcrumb","itemListElement":[{"@type":"ListItem","position":1,"name":"Home","item":"https:\/\/yachtcharterdedrait.nl\/de\/"},{"@type":"ListItem","position":2,"name":"Yacht mieten"}]},{"@type":"WebSite","@id":"https:\/\/yachtcharterdedrait.nl\/#website","url":"https:\/\/yachtcharterdedrait.nl\/","name":"Yachtcharter De Drait - Friesland, NL","description":"Mieten Sie sich ein Boot f\u00fcr Ihren Traumurlaub","potentialAction":[{"@type":"SearchAction","target":{"@type":"EntryPoint","urlTemplate":"https:\/\/yachtcharterdedrait.nl\/?s={search_term_string}"},"query-input":{"@type":"PropertyValueSpecification","valueRequired":true,"valueName":"search_term_string"}}],"inLanguage":"de"}]}},"_links":{"self":[{"href":"https:\/\/yachtcharterdedrait.nl\/de\/wp-json\/wp\/v2\/pages\/1789","targetHints":{"allow":["GET"]}}],"collection":[{"href":"https:\/\/yachtcharterdedrait.nl\/de\/wp-json\/wp\/v2\/pages"}],"about":[{"href":"https:\/\/yachtcharterdedrait.nl\/de\/wp-json\/wp\/v2\/types\/page"}],"author":[{"embeddable":true,"href":"https:\/\/yachtcharterdedrait.nl\/de\/wp-json\/wp\/v2\/users\/2"}],"replies":[{"embeddable":true,"href":"https:\/\/yachtcharterdedrait.nl\/de\/wp-json\/wp\/v2\/comments?post=1789"}],"version-history":[{"count":3,"href":"https:\/\/yachtcharterdedrait.nl\/de\/wp-json\/wp\/v2\/pages\/1789\/revisions"}],"predecessor-version":[{"id":12077,"href":"https:\/\/yachtcharterdedrait.nl\/de\/wp-json\/wp\/v2\/pages\/1789\/revisions\/12077"}],"wp:featuredmedia":[{"embeddable":true,"href":"https:\/\/yachtcharterdedrait.nl\/de\/wp-json\/wp\/v2\/media\/1697"}],"wp:attachment":[{"href":"https:\/\/yachtcharterdedrait.nl\/de\/wp-json\/wp\/v2\/media?parent=1789"}],"curies":[{"name":"wp","href":"https:\/\/api.w.org\/{rel}","templated":true}]}}