{"id":1801,"date":"2019-10-10T06:43:16","date_gmt":"2019-10-10T06:43:16","guid":{"rendered":"http:\/\/dedrait.convident.website\/?page_id=1801"},"modified":"2026-01-30T13:15:00","modified_gmt":"2026-01-30T13:15:00","slug":"allgemeinen-bestimmungen","status":"publish","type":"page","link":"https:\/\/yachtcharterdedrait.nl\/de\/allgemeinen-bestimmungen\/","title":{"rendered":"Allgemeinen Bedingungen"},"content":{"rendered":"\r\n<p>Auf dieser Seite finden Sie die Allgemeinen Bdingungen von Yachtcharter De Drait Drachten und Woudsend.<\/p>\r\n<p>Klicken Sie auf die Link, um diese in einem neuen Fenster zu \u00f6ffnen. Diese Bedingungen sind ab dem 01.02.2026 g\u00fcltig. Falls Sie Fragen \u00fcber die Allgemeinen Bedingungen haben, nehmen Sie doch bitte <a href=\"\/de\/de\/de\/de\/de\/kontakt\/\">Kon<\/a><a href=\"https:\/\/yachtcharterdedrait.nl\/de\/kontakt\/\">takt<\/a>\u00a0mit uns auf.<\/p>\r\n\r\n\r\n\r\n<ul class=\"wp-block-list\">\r\n<li style=\"list-style-type: none;\">\r\n<ul>\r\n<li><a href=\"https:\/\/yachtcharterdedrait.nl\/wp-content\/uploads\/Bedingungen-Yachtcharter-De-Drait-01-02-2026.pdf\" target=\"_blank\" rel=\"noreferrer noopener\">Allgemeine Bedingungen Yachtcharter De Drait B.V.<\/a><\/li>\r\n<\/ul>\r\n<\/li>\r\n<\/ul>\r\n<p>&nbsp;<\/p>\r\n\r\n\r\n\r\n<p>&nbsp;<\/p>\r\n","protected":false},"excerpt":{"rendered":"<p>Auf dieser Seite finden Sie die Allgemeinen Bdingungen von Yachtcharter De Drait Drachten und Woudsend. Klicken Sie auf die Link, um diese in einem neuen Fenster zu \u00f6ffnen. Diese Bedingungen sind ab dem 01.02.2026 g\u00fcltig. Falls Sie Fragen \u00fcber die Allgemeinen Bedingungen haben, nehmen Sie doch bitte Kontakt\u00a0mit uns auf. Allgemeine Bedingungen Yachtcharter De Drait [&hellip;]<\/p>\n","protected":false},"author":2,"featured_media":5124,"parent":0,"menu_order":0,"comment_status":"closed","ping_status":"closed","template":"","meta":{"inline_featured_image":false,"footnotes":""},"class_list":["post-1801","page","type-page","status-publish","has-post-thumbnail","hentry"],"yoast_head":"<!-- This site is optimized with the Yoast SEO plugin v27.1.1 - https:\/\/yoast.com\/product\/yoast-seo-wordpress\/ -->\n<title>Allgemeinen Bedingungen | Yachtcharter De Drait<\/title>\n<meta name=\"description\" content=\"Auf dieser Seite finden Sie die Allgemeinen Bedingungen des Yachtcharters De Drait in Drachten und Woudsend in Friesland.\" \/>\n<meta name=\"robots\" content=\"index, follow, max-snippet:-1, max-image-preview:large, max-video-preview:-1\" \/>\n<link rel=\"canonical\" href=\"https:\/\/yachtcharterdedrait.nl\/de\/allgemeinen-bestimmungen\/\" \/>\n<meta property=\"og:locale\" content=\"de_DE\" \/>\n<meta property=\"og:type\" content=\"article\" \/>\n<meta property=\"og:title\" content=\"Allgemeinen Bedingungen | Yachtcharter De Drait\" \/>\n<meta property=\"og:description\" content=\"Auf dieser Seite finden Sie die Allgemeinen Bedingungen des Yachtcharters De Drait in Drachten und Woudsend in Friesland.\" \/>\n<meta property=\"og:url\" content=\"https:\/\/yachtcharterdedrait.nl\/de\/allgemeinen-bestimmungen\/\" \/>\n<meta property=\"og:site_name\" content=\"Yachtcharter De Drait - Friesland, NL\" \/>\n<meta property=\"article:modified_time\" content=\"2026-01-30T13:15:00+00:00\" \/>\n<meta property=\"og:image\" content=\"https:\/\/yachtcharterdedrait.nl\/wp-content\/uploads\/Allgemeinen-Bestimmungen-Yachtcharter-De-Drait.jpg\" \/>\n\t<meta property=\"og:image:width\" content=\"1912\" \/>\n\t<meta property=\"og:image:height\" content=\"378\" \/>\n\t<meta property=\"og:image:type\" content=\"image\/jpeg\" \/>\n<meta name=\"twitter:card\" content=\"summary_large_image\" \/>\n<meta name=\"twitter:label1\" content=\"Gesch\u00e4tzte Lesezeit\" \/>\n\t<meta name=\"twitter:data1\" content=\"1\u00a0Minute\" \/>\n<script type=\"application\/ld+json\" class=\"yoast-schema-graph\">{\"@context\":\"https:\/\/schema.org\",\"@graph\":[{\"@type\":\"WebPage\",\"@id\":\"https:\/\/yachtcharterdedrait.nl\/de\/allgemeinen-bestimmungen\/\",\"url\":\"https:\/\/yachtcharterdedrait.nl\/de\/allgemeinen-bestimmungen\/\",\"name\":\"Allgemeinen Bedingungen | Yachtcharter De Drait\",\"isPartOf\":{\"@id\":\"https:\/\/yachtcharterdedrait.nl\/#website\"},\"primaryImageOfPage\":{\"@id\":\"https:\/\/yachtcharterdedrait.nl\/de\/allgemeinen-bestimmungen\/#primaryimage\"},\"image\":{\"@id\":\"https:\/\/yachtcharterdedrait.nl\/de\/allgemeinen-bestimmungen\/#primaryimage\"},\"thumbnailUrl\":\"https:\/\/yachtcharterdedrait.nl\/wp-content\/uploads\/Allgemeinen-Bestimmungen-Yachtcharter-De-Drait.jpg\",\"datePublished\":\"2019-10-10T06:43:16+00:00\",\"dateModified\":\"2026-01-30T13:15:00+00:00\",\"description\":\"Auf dieser Seite finden Sie die Allgemeinen Bedingungen des Yachtcharters De Drait in Drachten und Woudsend in Friesland.\",\"breadcrumb\":{\"@id\":\"https:\/\/yachtcharterdedrait.nl\/de\/allgemeinen-bestimmungen\/#breadcrumb\"},\"inLanguage\":\"de\",\"potentialAction\":[{\"@type\":\"ReadAction\",\"target\":[\"https:\/\/yachtcharterdedrait.nl\/de\/allgemeinen-bestimmungen\/\"]}]},{\"@type\":\"ImageObject\",\"inLanguage\":\"de\",\"@id\":\"https:\/\/yachtcharterdedrait.nl\/de\/allgemeinen-bestimmungen\/#primaryimage\",\"url\":\"https:\/\/yachtcharterdedrait.nl\/wp-content\/uploads\/Allgemeinen-Bestimmungen-Yachtcharter-De-Drait.jpg\",\"contentUrl\":\"https:\/\/yachtcharterdedrait.nl\/wp-content\/uploads\/Allgemeinen-Bestimmungen-Yachtcharter-De-Drait.jpg\",\"width\":1912,\"height\":378,\"caption\":\"Allgemeinen Bestimmungen\"},{\"@type\":\"BreadcrumbList\",\"@id\":\"https:\/\/yachtcharterdedrait.nl\/de\/allgemeinen-bestimmungen\/#breadcrumb\",\"itemListElement\":[{\"@type\":\"ListItem\",\"position\":1,\"name\":\"Home\",\"item\":\"https:\/\/yachtcharterdedrait.nl\/de\/\"},{\"@type\":\"ListItem\",\"position\":2,\"name\":\"Allgemeinen Bedingungen\"}]},{\"@type\":\"WebSite\",\"@id\":\"https:\/\/yachtcharterdedrait.nl\/#website\",\"url\":\"https:\/\/yachtcharterdedrait.nl\/\",\"name\":\"Yachtcharter De Drait - Friesland, NL\",\"description\":\"Mieten Sie sich ein Boot f\u00fcr Ihren Traumurlaub\",\"potentialAction\":[{\"@type\":\"SearchAction\",\"target\":{\"@type\":\"EntryPoint\",\"urlTemplate\":\"https:\/\/yachtcharterdedrait.nl\/?s={search_term_string}\"},\"query-input\":{\"@type\":\"PropertyValueSpecification\",\"valueRequired\":true,\"valueName\":\"search_term_string\"}}],\"inLanguage\":\"de\"}]}<\/script>\n<!-- \/ Yoast SEO plugin. -->","yoast_head_json":{"title":"Allgemeinen Bedingungen | Yachtcharter De Drait","description":"Auf dieser Seite finden Sie die Allgemeinen Bedingungen des Yachtcharters De Drait in Drachten und Woudsend in Friesland.","robots":{"index":"index","follow":"follow","max-snippet":"max-snippet:-1","max-image-preview":"max-image-preview:large","max-video-preview":"max-video-preview:-1"},"canonical":"https:\/\/yachtcharterdedrait.nl\/de\/allgemeinen-bestimmungen\/","og_locale":"de_DE","og_type":"article","og_title":"Allgemeinen Bedingungen | Yachtcharter De Drait","og_description":"Auf dieser Seite finden Sie die Allgemeinen Bedingungen des Yachtcharters De Drait in Drachten und Woudsend in Friesland.","og_url":"https:\/\/yachtcharterdedrait.nl\/de\/allgemeinen-bestimmungen\/","og_site_name":"Yachtcharter De Drait - Friesland, NL","article_modified_time":"2026-01-30T13:15:00+00:00","og_image":[{"width":1912,"height":378,"url":"https:\/\/yachtcharterdedrait.nl\/wp-content\/uploads\/Allgemeinen-Bestimmungen-Yachtcharter-De-Drait.jpg","type":"image\/jpeg"}],"twitter_card":"summary_large_image","twitter_misc":{"Gesch\u00e4tzte Lesezeit":"1\u00a0Minute"},"schema":{"@context":"https:\/\/schema.org","@graph":[{"@type":"WebPage","@id":"https:\/\/yachtcharterdedrait.nl\/de\/allgemeinen-bestimmungen\/","url":"https:\/\/yachtcharterdedrait.nl\/de\/allgemeinen-bestimmungen\/","name":"Allgemeinen Bedingungen | Yachtcharter De Drait","isPartOf":{"@id":"https:\/\/yachtcharterdedrait.nl\/#website"},"primaryImageOfPage":{"@id":"https:\/\/yachtcharterdedrait.nl\/de\/allgemeinen-bestimmungen\/#primaryimage"},"image":{"@id":"https:\/\/yachtcharterdedrait.nl\/de\/allgemeinen-bestimmungen\/#primaryimage"},"thumbnailUrl":"https:\/\/yachtcharterdedrait.nl\/wp-content\/uploads\/Allgemeinen-Bestimmungen-Yachtcharter-De-Drait.jpg","datePublished":"2019-10-10T06:43:16+00:00","dateModified":"2026-01-30T13:15:00+00:00","description":"Auf dieser Seite finden Sie die Allgemeinen Bedingungen des Yachtcharters De Drait in Drachten und Woudsend in Friesland.","breadcrumb":{"@id":"https:\/\/yachtcharterdedrait.nl\/de\/allgemeinen-bestimmungen\/#breadcrumb"},"inLanguage":"de","potentialAction":[{"@type":"ReadAction","target":["https:\/\/yachtcharterdedrait.nl\/de\/allgemeinen-bestimmungen\/"]}]},{"@type":"ImageObject","inLanguage":"de","@id":"https:\/\/yachtcharterdedrait.nl\/de\/allgemeinen-bestimmungen\/#primaryimage","url":"https:\/\/yachtcharterdedrait.nl\/wp-content\/uploads\/Allgemeinen-Bestimmungen-Yachtcharter-De-Drait.jpg","contentUrl":"https:\/\/yachtcharterdedrait.nl\/wp-content\/uploads\/Allgemeinen-Bestimmungen-Yachtcharter-De-Drait.jpg","width":1912,"height":378,"caption":"Allgemeinen Bestimmungen"},{"@type":"BreadcrumbList","@id":"https:\/\/yachtcharterdedrait.nl\/de\/allgemeinen-bestimmungen\/#breadcrumb","itemListElement":[{"@type":"ListItem","position":1,"name":"Home","item":"https:\/\/yachtcharterdedrait.nl\/de\/"},{"@type":"ListItem","position":2,"name":"Allgemeinen Bedingungen"}]},{"@type":"WebSite","@id":"https:\/\/yachtcharterdedrait.nl\/#website","url":"https:\/\/yachtcharterdedrait.nl\/","name":"Yachtcharter De Drait - Friesland, NL","description":"Mieten Sie sich ein Boot f\u00fcr Ihren Traumurlaub","potentialAction":[{"@type":"SearchAction","target":{"@type":"EntryPoint","urlTemplate":"https:\/\/yachtcharterdedrait.nl\/?s={search_term_string}"},"query-input":{"@type":"PropertyValueSpecification","valueRequired":true,"valueName":"search_term_string"}}],"inLanguage":"de"}]}},"_links":{"self":[{"href":"https:\/\/yachtcharterdedrait.nl\/de\/wp-json\/wp\/v2\/pages\/1801","targetHints":{"allow":["GET"]}}],"collection":[{"href":"https:\/\/yachtcharterdedrait.nl\/de\/wp-json\/wp\/v2\/pages"}],"about":[{"href":"https:\/\/yachtcharterdedrait.nl\/de\/wp-json\/wp\/v2\/types\/page"}],"author":[{"embeddable":true,"href":"https:\/\/yachtcharterdedrait.nl\/de\/wp-json\/wp\/v2\/users\/2"}],"replies":[{"embeddable":true,"href":"https:\/\/yachtcharterdedrait.nl\/de\/wp-json\/wp\/v2\/comments?post=1801"}],"version-history":[{"count":8,"href":"https:\/\/yachtcharterdedrait.nl\/de\/wp-json\/wp\/v2\/pages\/1801\/revisions"}],"predecessor-version":[{"id":12745,"href":"https:\/\/yachtcharterdedrait.nl\/de\/wp-json\/wp\/v2\/pages\/1801\/revisions\/12745"}],"wp:featuredmedia":[{"embeddable":true,"href":"https:\/\/yachtcharterdedrait.nl\/de\/wp-json\/wp\/v2\/media\/5124"}],"wp:attachment":[{"href":"https:\/\/yachtcharterdedrait.nl\/de\/wp-json\/wp\/v2\/media?parent=1801"}],"curies":[{"name":"wp","href":"https:\/\/api.w.org\/{rel}","templated":true}]}}