{"id":1806,"date":"2019-10-10T06:49:32","date_gmt":"2019-10-10T06:49:32","guid":{"rendered":"http:\/\/dedrait.convident.website\/?page_id=1806"},"modified":"2025-05-15T13:15:48","modified_gmt":"2025-05-15T13:15:48","slug":"fahrtgebiet-friesland-niederlande","status":"publish","type":"page","link":"https:\/\/yachtcharterdedrait.nl\/de\/fahrtgebiet-friesland-niederlande\/","title":{"rendered":"Fahrgebiet Friesland &#8211; Drachten (NL)"},"content":{"rendered":"\r\n<p><\/p>\r\n<h1 data-start=\"81\" data-end=\"123\">Entdecken Sie Friesland vom Wasser aus<\/h1>\r\n<p class=\"\" data-start=\"125\" data-end=\"359\"><span class=\"relative -mx-px my-[-0.2rem] rounded px-px py-[0.2rem] transition-colors duration-100 ease-in-out\">Friesland ist die niederl\u00e4ndische Provinz des Wassers \u2013 ein wahres Paradies f\u00fcr Wassersportbegeisterte.<\/span> <span class=\"relative -mx-px my-[-0.2rem] rounded px-px py-[0.2rem] transition-colors duration-100 ease-in-out\">Die malerischen Friesischen Seen sind durch zahlreiche Wasserstra\u00dfen, Kan\u00e4le und Grachten miteinander verbunden, was die Region ideal f\u00fcr Bootstouren macht.<\/span> <span class=\"relative -mx-px my-[-0.2rem] rounded px-px py-[0.2rem] transition-colors duration-100 ease-in-out\">Genie\u00dfen Sie die charakteristischen Landschaften mit weiten Ausblicken und fahren Sie entlang idyllischer D\u00f6rfer und St\u00e4dte.<\/span> <span class=\"relative -mx-px my-[-0.2rem] rounded px-px py-[0.2rem] transition-colors duration-100 ease-in-out\">Unterwegs passieren Sie charmante Hafenst\u00e4dtchen, historische Geb\u00e4ude und authentische M\u00fchlen.<\/span> <span class=\"relative -mx-px my-[-0.2rem] rounded px-px py-[0.2rem] transition-colors duration-100 ease-in-out\">Ob Sie inmitten der Natur oder im lebendigen Stadtzentrum anlegen m\u00f6chten \u2013 Friesland bietet f\u00fcr jeden Wassersportler etwas Besonderes.<\/span><\/p>\r\n<h3 class=\"\" data-start=\"361\" data-end=\"423\">Planen Sie Ihre Route durch stimmungsvolle Wassersportorte<\/h3>\r\n<p class=\"\" data-start=\"425\" data-end=\"623\"><span class=\"relative -mx-px my-[-0.2rem] rounded px-px py-[0.2rem] transition-colors duration-100 ease-in-out\">Entdecken Sie lebendige Orte wie Grou, Lemmer, Joure und Terherne oder besuchen Sie einige der ber\u00fchmten Elf St\u00e4dte Frieslands.<\/span> <span class=\"relative -mx-px my-[-0.2rem] rounded px-px py-[0.2rem] transition-colors duration-100 ease-in-out\">Friesland verf\u00fcgt \u00fcber hervorragend ausgestattete Gastliegeh\u00e4fen mit modernen Einrichtungen.<\/span> <span class=\"relative -mx-px my-[-0.2rem] rounded px-px py-[0.2rem] transition-colors duration-100 ease-in-out\">Zudem gibt es zahlreiche kostenlose Anlegestellen in der Natur, die von der Organisation <a href=\"https:\/\/yachtcharterdedrait.nl\/de\/blog\/marrekrite\/\">Marrekrite<\/a> verwaltet werden.<\/span><\/p>\r\n<h3 class=\"\" data-start=\"625\" data-end=\"671\">Starten Sie Ihr Bootsabenteuer ab Drachten<\/h3>\r\n<p class=\"\" data-start=\"673\" data-end=\"831\"><span class=\"relative -mx-px my-[-0.2rem] rounded px-px py-[0.2rem] transition-colors duration-100 ease-in-out\">Unser Yachthafen in Drachten ist der ideale Ausgangspunkt f\u00fcr einen unvergesslichen Bootsurlaub.<\/span> <span class=\"relative -mx-px my-[-0.2rem] rounded px-px py-[0.2rem] transition-colors duration-100 ease-in-out\">Von hier aus erreichen Sie problemlos Orte wie Grou, Lemmer und Sneek.<\/span> <span class=\"relative -mx-px my-[-0.2rem] rounded px-px py-[0.2rem] transition-colors duration-100 ease-in-out\">Innerhalb einer Stunde gelangen Sie in den <a href=\"https:\/\/www.np-aldefeanen.nl\/de\" target=\"_blank\" rel=\"noopener\">Nationalpark De Alde Feanen<\/a> \u2013 eine Oase der Ruhe und Natur.<\/span><\/p>\r\n<p class=\"\" data-start=\"869\" data-end=\"987\"><span class=\"relative -mx-px my-[-0.2rem] rounded px-px py-[0.2rem] transition-colors duration-100 ease-in-out\">Wenn Sie eine l\u00e4ngere Bootstour planen, k\u00f6nnen Sie neben Friesland auch andere reizvolle Fahrgebiete in Nord-Niederlande entdecken, wie den <a href=\"https:\/\/www.np-lauwersmeer.nl\/deutsche-informationen\/\" target=\"_blank\" rel=\"noopener\">Nationalpark Lauwersmeer<\/a> an der Grenze zu Groningen oder den <a href=\"https:\/\/de.visitweerribbenwieden.com\/\" target=\"_blank\" rel=\"noopener\">Nationalpark De Weerribben-Wieden<\/a> in Overijssel.<\/span> <span class=\"relative -mx-px my-[-0.2rem] rounded px-px py-[0.2rem] transition-colors duration-100 ease-in-out\">Kulturelle Highlights erwarten Sie in St\u00e4dten wie Amsterdam, Groningen und Zwolle, die von Drachten aus gut erreichbar sind.<\/span><\/p>\r\n<p><img decoding=\"async\" class=\"wp-image-6901 alignnone lazyload\" data-src=\"https:\/\/yachtcharterdedrait.nl\/wp-content\/uploads\/DSC_0131-300x199.jpg\" alt=\"\" width=\"395\" height=\"262\" data-srcset=\"https:\/\/yachtcharterdedrait.nl\/wp-content\/uploads\/DSC_0131-300x199.jpg 300w, https:\/\/yachtcharterdedrait.nl\/wp-content\/uploads\/DSC_0131-1024x678.jpg 1024w, https:\/\/yachtcharterdedrait.nl\/wp-content\/uploads\/DSC_0131-768x509.jpg 768w, https:\/\/yachtcharterdedrait.nl\/wp-content\/uploads\/DSC_0131-1536x1017.jpg 1536w, https:\/\/yachtcharterdedrait.nl\/wp-content\/uploads\/DSC_0131-2048x1356.jpg 2048w\" data-sizes=\"(max-width: 395px) 100vw, 395px\" src=\"data:image\/svg+xml;base64,PHN2ZyB3aWR0aD0iMSIgaGVpZ2h0PSIxIiB4bWxucz0iaHR0cDovL3d3dy53My5vcmcvMjAwMC9zdmciPjwvc3ZnPg==\" style=\"--smush-placeholder-width: 395px; --smush-placeholder-aspect-ratio: 395\/262;\" \/>\u00a0 \u00a0 <img decoding=\"async\" class=\"wp-image-7646 alignnone lazyload\" data-src=\"https:\/\/yachtcharterdedrait.nl\/wp-content\/uploads\/DSC_0189-300x199.jpg\" alt=\"\" width=\"395\" height=\"262\" data-srcset=\"https:\/\/yachtcharterdedrait.nl\/wp-content\/uploads\/DSC_0189-300x199.jpg 300w, https:\/\/yachtcharterdedrait.nl\/wp-content\/uploads\/DSC_0189-1024x678.jpg 1024w, https:\/\/yachtcharterdedrait.nl\/wp-content\/uploads\/DSC_0189-768x509.jpg 768w, https:\/\/yachtcharterdedrait.nl\/wp-content\/uploads\/DSC_0189-1536x1017.jpg 1536w, https:\/\/yachtcharterdedrait.nl\/wp-content\/uploads\/DSC_0189-2048x1356.jpg 2048w\" data-sizes=\"(max-width: 395px) 100vw, 395px\" src=\"data:image\/svg+xml;base64,PHN2ZyB3aWR0aD0iMSIgaGVpZ2h0PSIxIiB4bWxucz0iaHR0cDovL3d3dy53My5vcmcvMjAwMC9zdmciPjwvc3ZnPg==\" style=\"--smush-placeholder-width: 395px; --smush-placeholder-aspect-ratio: 395\/262;\" \/><\/p>\r\n<p><!--<\/p>\r\n<div class=\"yf-main-wrapper yf-banner-wrapper\" id=\"YFPage\" style=\"width:100% !important;max-width:100% !important;\"><\/div>\r\n<p><script type=\"text\/javascript\">\r\n\u00a0 jQuery(document).ready(function () {\r\n\u00a0\u00a0\u00a0 channelconfig = '8F85406A-FAEB-4E10-ABB1-C90C422C354B';\r\n\u00a0\u00a0\u00a0 SelectedValues.Language = 'EN';\r\n\u00a0\u00a0\u00a0 SelectedValues.OrderLanguage = 'EN';\r\n\u00a0\u00a0\u00a0 YFClassicSearchForm('YFPage', 'banner');\r\n\u00a0\u00a0\u00a0 YFSearchResultPage = \"\/boot-huren\/\";\r\n\u00a0 });\r\n<\/script>--><\/p>\r\n<h3 class=\"\" data-start=\"989\" data-end=\"1029\">Fahrrouten f\u00fcr jeden Wassersportler<\/h3>\r\n<p class=\"\" data-start=\"1031\" data-end=\"1149\"><span class=\"relative -mx-px my-[-0.2rem] rounded px-px py-[0.2rem] transition-colors duration-100 ease-in-out\">Friesland hat so viel zu bieten, dass es unm\u00f6glich ist, alles in einem einzigen Bootsurlaub zu erleben.<\/span> <span class=\"relative -mx-px my-[-0.2rem] rounded px-px py-[0.2rem] transition-colors duration-100 ease-in-out\">Daher haben wir verschiedene Fahtrouten f\u00fcr Sie zusammengestellt, die auf Ihre Interessen und Ihr Reiseunternehmen abgestimmt sind \u2013 ob Sie sich f\u00fcr Kultur, Natur oder Familienausfl\u00fcge interessieren.<\/span><\/p>\r\n<p class=\"\" data-start=\"2851\" data-end=\"2906\"><a href=\"https:\/\/yachtcharterdedrait.nl\/de\/fahrrouten-friesland-drachten\/\" target=\"_blank\" rel=\"noopener\">Klicken Sie hier f\u00fcr die sch\u00f6nsten Bootsrouten ab Drachten!<\/a><\/p>\r\n<h3 class=\"\" data-start=\"1151\" data-end=\"1214\">Erstes Mal auf dem Wasser? Buchen Sie unser Skippertraining<\/h3>\r\n<p class=\"\" data-start=\"1216\" data-end=\"1494\"><span class=\"relative -mx-px my-[-0.2rem] rounded px-px py-[0.2rem] transition-colors duration-100 ease-in-out\">Wenn Sie noch nie zuvor ein Boot gesteuert haben, ist Friesland das ideale Revier f\u00fcr Einsteiger.<\/span> <span class=\"relative -mx-px my-[-0.2rem] rounded px-px py-[0.2rem] transition-colors duration-100 ease-in-out\">Die zahlreichen Seen und Kan\u00e4le verbinden D\u00f6rfer und St\u00e4dte ohne starke Str\u00f6mungen oder viele Schleusen und bieten gro\u00dfz\u00fcgige Br\u00fccken\u00f6ffnungszeiten.<\/span> <span class=\"relative -mx-px my-[-0.2rem] rounded px-px py-[0.2rem] transition-colors duration-100 ease-in-out\">Erleben Sie die Freiheit, wenn Sie an einem Marrekrite-Anlegeplatz in der Natur \u00fcbernachten.<\/span> <span class=\"relative -mx-px my-[-0.2rem] rounded px-px py-[0.2rem] transition-colors duration-100 ease-in-out\">Oder entdecken Sie die authentische Atmosph\u00e4re der friesischen Kultur und Geschichte in den Stadt- oder Dorfzentren.<\/span> <span class=\"relative -mx-px my-[-0.2rem] rounded px-px py-[0.2rem] transition-colors duration-100 ease-in-out\">Unsere Boote k\u00f6nnen ohne Bootsf\u00fchrerschein gefahren werden.<\/span> <span class=\"relative -mx-px my-[-0.2rem] rounded px-px py-[0.2rem] transition-colors duration-100 ease-in-out\">Um Ihnen den Einstieg zu erleichtern, bieten wir vor der Abfahrt ein <a href=\"https:\/\/yachtcharterdedrait.nl\/de\/skippertraining\/\">Skippertraining<\/a> an.<\/span><\/p>\r\n<h3 class=\"\" data-start=\"1496\" data-end=\"1547\">\u00dcbernachten in der Natur? W\u00e4hlen Sie Marrekrite<\/h3>\r\n<p class=\"\" data-start=\"1549\" data-end=\"1747\"><span class=\"relative -mx-px my-[-0.2rem] rounded px-px py-[0.2rem] transition-colors duration-100 ease-in-out\">M\u00f6chten Sie auf den Friesischen Seen fahren und in der Natur \u00fcbernachten?<\/span> <span class=\"relative -mx-px my-[-0.2rem] rounded px-px py-[0.2rem] transition-colors duration-100 ease-in-out\">Dann legen Sie an einem der zahlreichen Marrekrite-Anlegepl\u00e4tze an.<\/span> <span class=\"relative -mx-px my-[-0.2rem] rounded px-px py-[0.2rem] transition-colors duration-100 ease-in-out\">Diese einzigartigen Orte bieten Ihnen die M\u00f6glichkeit, das friesische Wasserland in seiner ganzen Sch\u00f6nheit zu genie\u00dfen. <\/span>M\u00f6chten Sie mehr \u00fcber diese einzigartigen Orte erfahren? Lesen Sie unseren Blog: <a href=\"https:\/\/yachtcharterdedrait.nl\/de\/blog\/marrekrite\/\">Was ist ein Marrekrite-Anlegeplatz?<\/a><\/p>\r\n<h3 class=\"\" data-start=\"1749\" data-end=\"1781\">Elf-St\u00e4dte-Tour mit dem Boot<\/h3>\r\n<p class=\"\" data-start=\"1783\" data-end=\"1901\"><span class=\"relative -mx-px my-[-0.2rem] rounded px-px py-[0.2rem] transition-colors duration-100 ease-in-out\">Die Elf-St\u00e4dte-Tour ist eine legend\u00e4re Schlittschuhroute, aber wussten Sie, dass Sie diese auch mit dem Boot fahren k\u00f6nnen?<\/span> <span class=\"relative -mx-px my-[-0.2rem] rounded px-px py-[0.2rem] transition-colors duration-100 ease-in-out\">Wir haben verschiedene Routen ausgearbeitet, damit Sie die friesischen St\u00e4dte auf einzigartige Weise vom Wasser aus erleben k\u00f6nnen.<\/span><\/p>\r\n<h3 class=\"\" data-start=\"1903\" data-end=\"1928\">Br\u00fccken und Schleusen<\/h3>\r\n<p class=\"\" data-start=\"1930\" data-end=\"2132\"><span class=\"relative -mx-px my-[-0.2rem] rounded px-px py-[0.2rem] transition-colors duration-100 ease-in-out\">In Friesland gibt es zahlreiche bewegliche Br\u00fccken und einige Schleusen, die Sie w\u00e4hrend Ihrer Bootstour passieren k\u00f6nnen.<\/span> <span class=\"relative -mx-px my-[-0.2rem] rounded px-px py-[0.2rem] transition-colors duration-100 ease-in-out\">Beachten Sie bei der Routenplanung stets die Durchfahrtsh\u00f6he und den Tiefgang Ihres Bootes.<\/span> <span class=\"relative -mx-px my-[-0.2rem] rounded px-px py-[0.2rem] transition-colors duration-100 ease-in-out\">Viele Br\u00fccken sind beweglich und werden ferngesteuert bedient.<\/span> <span class=\"relative -mx-px my-[-0.2rem] rounded px-px py-[0.2rem] transition-colors duration-100 ease-in-out\">Die aktuellen \u00d6ffnungszeiten der Br\u00fccken in Friesland finden Sie <a href=\"https:\/\/www.fryslan.frl\/brugbediening\" target=\"_blank\" rel=\"noopener\">hier<\/a>.\u00a0<\/span><\/p>\r\n<h3 class=\"\" data-start=\"2134\" data-end=\"2167\">Winterbootfahren in Friesland<\/h3>\r\n<p class=\"\" data-start=\"2169\" data-end=\"2335\"><span class=\"relative -mx-px my-[-0.2rem] rounded px-px py-[0.2rem] transition-colors duration-100 ease-in-out\">Auch im Winter k\u00f6nnen Sie in Friesland Boot fahren!<\/span> <span class=\"relative -mx-px my-[-0.2rem] rounded px-px py-[0.2rem] transition-colors duration-100 ease-in-out\">Obwohl man beim Bootfahren oft an sommerliche Tage denkt, bietet eine winterliche Bootstour ein ganz anderes, ruhiges Erlebnis.<\/span> <span class=\"relative -mx-px my-[-0.2rem] rounded px-px py-[0.2rem] transition-colors duration-100 ease-in-out\">Genie\u00dfen Sie die Stille auf dem Wasser und die klaren Winterhimmel. <\/span>M\u00f6chten Sie mehr erfahren? Lesen Sie <a href=\"https:\/\/yachtcharterdedrait.nl\/de\/winterfahren\/\">hier<\/a> weiter \u00fcber das Winterbootfahren.<\/p>\r\n<h3 data-start=\"0\" data-end=\"74\">Weitere Informationen \u00fcber das Bootfahren in Friesland finden Sie unten:<\/h3>\r\n<ul>\r\n<li><a href=\"https:\/\/yachtcharterdedrait.nl\/de\/fahrrouten-friesland-drachten\/\" data-wpel-link=\"internal\">Bootsfahrrouten in Friesland \u2013 ab Drachten<\/a><\/li>\r\n<li><a href=\"https:\/\/yachtcharterdedrait.nl\/de\/bootsfuehrerschein-2\/\" data-wpel-link=\"internal\">Bootfahren ohne F\u00fchrerschein<\/a>\r\n<ul>\r\n<li><a href=\"https:\/\/yachtcharterdedrait.nl\/de\/skippertraining\/\">Skippertraining<\/a><\/li>\r\n<\/ul>\r\n<\/li>\r\n<li>Aus unserem Blog:\r\n<ul>\r\n<li><a href=\"https:\/\/yachtcharterdedrait.nl\/de\/blog\/marrekrite\/\" data-wpel-link=\"internal\">(Marrekrite-)Anlegepl\u00e4tze in Friesland<\/a><\/li>\r\n<li><a href=\"https:\/\/yachtcharterdedrait.nl\/de\/blog\/boot-fahren-in-nord-hollands\/\" data-wpel-link=\"internal\">Die 3 sch\u00f6nsten naturreichen Orte in Friesland<\/a><\/li>\r\n<li><a href=\"https:\/\/yachtcharterdedrait.nl\/de\/blog\/sehenswuerdigkeiten-in-friesland\/\" data-wpel-link=\"internal\">Sehensw\u00fcrdigkeiten in Friesland<\/a><\/li>\r\n<li><a href=\"https:\/\/yachtcharterdedrait.nl\/de\/blog\/rad-fahren-in-friesland\/\" data-wpel-link=\"internal\">Unsere beliebtesten Fahrradrouten in Friesland<\/a><\/li>\r\n<\/ul>\r\n<\/li>\r\n<li>Allgemeine <a href=\"https:\/\/yachtcharterdedrait.nl\/de\/praktische-tipps\/\">praktische Informationen<\/a> zur Bootsmiete<\/li>\r\n<li><a href=\"https:\/\/yachtcharterdedrait.nl\/de\/winterfahren\/\">Bootfahren in Friesland im Winter<\/a>\u00a0<\/li>\r\n<\/ul>\r\n<p>\r\n\r\n<\/p>\r\n","protected":false},"excerpt":{"rendered":"","protected":false},"author":2,"featured_media":11299,"parent":0,"menu_order":0,"comment_status":"closed","ping_status":"closed","template":"","meta":{"inline_featured_image":false,"footnotes":""},"class_list":["post-1806","page","type-page","status-publish","has-post-thumbnail","hentry"],"yoast_head":"<!-- This site is optimized with the Yoast SEO plugin v27.1.1 - https:\/\/yoast.com\/product\/yoast-seo-wordpress\/ -->\n<title>Friesland vom Wasser aus entdecken? Yachtcharter De Drait<\/title>\n<meta name=\"description\" content=\"M\u00f6chten Sie Friesland vom Wasser aus entdecken? Mieten Sie ein Boot bei Yachtcharter De Drait in Drachten.\" \/>\n<meta name=\"robots\" content=\"index, follow, max-snippet:-1, max-image-preview:large, max-video-preview:-1\" \/>\n<link rel=\"canonical\" href=\"https:\/\/yachtcharterdedrait.nl\/de\/fahrtgebiet-friesland-niederlande\/\" \/>\n<meta property=\"og:locale\" content=\"de_DE\" \/>\n<meta property=\"og:type\" content=\"article\" \/>\n<meta property=\"og:title\" content=\"Friesland vom Wasser aus entdecken? Yachtcharter De Drait\" \/>\n<meta property=\"og:description\" content=\"M\u00f6chten Sie Friesland vom Wasser aus entdecken? Mieten Sie ein Boot bei Yachtcharter De Drait in Drachten.\" \/>\n<meta property=\"og:url\" content=\"https:\/\/yachtcharterdedrait.nl\/de\/fahrtgebiet-friesland-niederlande\/\" \/>\n<meta property=\"og:site_name\" content=\"Yachtcharter De Drait - Friesland, NL\" \/>\n<meta property=\"article:modified_time\" content=\"2025-05-15T13:15:48+00:00\" \/>\n<meta property=\"og:image\" content=\"https:\/\/yachtcharterdedrait.nl\/wp-content\/uploads\/Grou-2-Drachten.jpg\" \/>\n\t<meta property=\"og:image:width\" content=\"1912\" \/>\n\t<meta property=\"og:image:height\" content=\"600\" \/>\n\t<meta property=\"og:image:type\" content=\"image\/jpeg\" \/>\n<meta name=\"twitter:card\" content=\"summary_large_image\" \/>\n<meta name=\"twitter:label1\" content=\"Gesch\u00e4tzte Lesezeit\" \/>\n\t<meta name=\"twitter:data1\" content=\"4\u00a0Minuten\" \/>\n<script type=\"application\/ld+json\" class=\"yoast-schema-graph\">{\"@context\":\"https:\/\/schema.org\",\"@graph\":[{\"@type\":\"WebPage\",\"@id\":\"https:\/\/yachtcharterdedrait.nl\/de\/fahrtgebiet-friesland-niederlande\/\",\"url\":\"https:\/\/yachtcharterdedrait.nl\/de\/fahrtgebiet-friesland-niederlande\/\",\"name\":\"Friesland vom Wasser aus entdecken? Yachtcharter De Drait\",\"isPartOf\":{\"@id\":\"https:\/\/yachtcharterdedrait.nl\/#website\"},\"primaryImageOfPage\":{\"@id\":\"https:\/\/yachtcharterdedrait.nl\/de\/fahrtgebiet-friesland-niederlande\/#primaryimage\"},\"image\":{\"@id\":\"https:\/\/yachtcharterdedrait.nl\/de\/fahrtgebiet-friesland-niederlande\/#primaryimage\"},\"thumbnailUrl\":\"https:\/\/yachtcharterdedrait.nl\/wp-content\/uploads\/Grou-2-Drachten.jpg\",\"datePublished\":\"2019-10-10T06:49:32+00:00\",\"dateModified\":\"2025-05-15T13:15:48+00:00\",\"description\":\"M\u00f6chten Sie Friesland vom Wasser aus entdecken? Mieten Sie ein Boot bei Yachtcharter De Drait in Drachten.\",\"breadcrumb\":{\"@id\":\"https:\/\/yachtcharterdedrait.nl\/de\/fahrtgebiet-friesland-niederlande\/#breadcrumb\"},\"inLanguage\":\"de\",\"potentialAction\":[{\"@type\":\"ReadAction\",\"target\":[\"https:\/\/yachtcharterdedrait.nl\/de\/fahrtgebiet-friesland-niederlande\/\"]}]},{\"@type\":\"ImageObject\",\"inLanguage\":\"de\",\"@id\":\"https:\/\/yachtcharterdedrait.nl\/de\/fahrtgebiet-friesland-niederlande\/#primaryimage\",\"url\":\"https:\/\/yachtcharterdedrait.nl\/wp-content\/uploads\/Grou-2-Drachten.jpg\",\"contentUrl\":\"https:\/\/yachtcharterdedrait.nl\/wp-content\/uploads\/Grou-2-Drachten.jpg\",\"width\":1912,\"height\":600},{\"@type\":\"BreadcrumbList\",\"@id\":\"https:\/\/yachtcharterdedrait.nl\/de\/fahrtgebiet-friesland-niederlande\/#breadcrumb\",\"itemListElement\":[{\"@type\":\"ListItem\",\"position\":1,\"name\":\"Home\",\"item\":\"https:\/\/yachtcharterdedrait.nl\/de\/\"},{\"@type\":\"ListItem\",\"position\":2,\"name\":\"Fahrgebiet Friesland &#8211; Drachten (NL)\"}]},{\"@type\":\"WebSite\",\"@id\":\"https:\/\/yachtcharterdedrait.nl\/#website\",\"url\":\"https:\/\/yachtcharterdedrait.nl\/\",\"name\":\"Yachtcharter De Drait - Friesland, NL\",\"description\":\"Mieten Sie sich ein Boot f\u00fcr Ihren Traumurlaub\",\"potentialAction\":[{\"@type\":\"SearchAction\",\"target\":{\"@type\":\"EntryPoint\",\"urlTemplate\":\"https:\/\/yachtcharterdedrait.nl\/?s={search_term_string}\"},\"query-input\":{\"@type\":\"PropertyValueSpecification\",\"valueRequired\":true,\"valueName\":\"search_term_string\"}}],\"inLanguage\":\"de\"}]}<\/script>\n<!-- \/ Yoast SEO plugin. -->","yoast_head_json":{"title":"Friesland vom Wasser aus entdecken? Yachtcharter De Drait","description":"M\u00f6chten Sie Friesland vom Wasser aus entdecken? Mieten Sie ein Boot bei Yachtcharter De Drait in Drachten.","robots":{"index":"index","follow":"follow","max-snippet":"max-snippet:-1","max-image-preview":"max-image-preview:large","max-video-preview":"max-video-preview:-1"},"canonical":"https:\/\/yachtcharterdedrait.nl\/de\/fahrtgebiet-friesland-niederlande\/","og_locale":"de_DE","og_type":"article","og_title":"Friesland vom Wasser aus entdecken? Yachtcharter De Drait","og_description":"M\u00f6chten Sie Friesland vom Wasser aus entdecken? Mieten Sie ein Boot bei Yachtcharter De Drait in Drachten.","og_url":"https:\/\/yachtcharterdedrait.nl\/de\/fahrtgebiet-friesland-niederlande\/","og_site_name":"Yachtcharter De Drait - Friesland, NL","article_modified_time":"2025-05-15T13:15:48+00:00","og_image":[{"width":1912,"height":600,"url":"https:\/\/yachtcharterdedrait.nl\/wp-content\/uploads\/Grou-2-Drachten.jpg","type":"image\/jpeg"}],"twitter_card":"summary_large_image","twitter_misc":{"Gesch\u00e4tzte Lesezeit":"4\u00a0Minuten"},"schema":{"@context":"https:\/\/schema.org","@graph":[{"@type":"WebPage","@id":"https:\/\/yachtcharterdedrait.nl\/de\/fahrtgebiet-friesland-niederlande\/","url":"https:\/\/yachtcharterdedrait.nl\/de\/fahrtgebiet-friesland-niederlande\/","name":"Friesland vom Wasser aus entdecken? Yachtcharter De Drait","isPartOf":{"@id":"https:\/\/yachtcharterdedrait.nl\/#website"},"primaryImageOfPage":{"@id":"https:\/\/yachtcharterdedrait.nl\/de\/fahrtgebiet-friesland-niederlande\/#primaryimage"},"image":{"@id":"https:\/\/yachtcharterdedrait.nl\/de\/fahrtgebiet-friesland-niederlande\/#primaryimage"},"thumbnailUrl":"https:\/\/yachtcharterdedrait.nl\/wp-content\/uploads\/Grou-2-Drachten.jpg","datePublished":"2019-10-10T06:49:32+00:00","dateModified":"2025-05-15T13:15:48+00:00","description":"M\u00f6chten Sie Friesland vom Wasser aus entdecken? Mieten Sie ein Boot bei Yachtcharter De Drait in Drachten.","breadcrumb":{"@id":"https:\/\/yachtcharterdedrait.nl\/de\/fahrtgebiet-friesland-niederlande\/#breadcrumb"},"inLanguage":"de","potentialAction":[{"@type":"ReadAction","target":["https:\/\/yachtcharterdedrait.nl\/de\/fahrtgebiet-friesland-niederlande\/"]}]},{"@type":"ImageObject","inLanguage":"de","@id":"https:\/\/yachtcharterdedrait.nl\/de\/fahrtgebiet-friesland-niederlande\/#primaryimage","url":"https:\/\/yachtcharterdedrait.nl\/wp-content\/uploads\/Grou-2-Drachten.jpg","contentUrl":"https:\/\/yachtcharterdedrait.nl\/wp-content\/uploads\/Grou-2-Drachten.jpg","width":1912,"height":600},{"@type":"BreadcrumbList","@id":"https:\/\/yachtcharterdedrait.nl\/de\/fahrtgebiet-friesland-niederlande\/#breadcrumb","itemListElement":[{"@type":"ListItem","position":1,"name":"Home","item":"https:\/\/yachtcharterdedrait.nl\/de\/"},{"@type":"ListItem","position":2,"name":"Fahrgebiet Friesland &#8211; Drachten (NL)"}]},{"@type":"WebSite","@id":"https:\/\/yachtcharterdedrait.nl\/#website","url":"https:\/\/yachtcharterdedrait.nl\/","name":"Yachtcharter De Drait - Friesland, NL","description":"Mieten Sie sich ein Boot f\u00fcr Ihren Traumurlaub","potentialAction":[{"@type":"SearchAction","target":{"@type":"EntryPoint","urlTemplate":"https:\/\/yachtcharterdedrait.nl\/?s={search_term_string}"},"query-input":{"@type":"PropertyValueSpecification","valueRequired":true,"valueName":"search_term_string"}}],"inLanguage":"de"}]}},"_links":{"self":[{"href":"https:\/\/yachtcharterdedrait.nl\/de\/wp-json\/wp\/v2\/pages\/1806","targetHints":{"allow":["GET"]}}],"collection":[{"href":"https:\/\/yachtcharterdedrait.nl\/de\/wp-json\/wp\/v2\/pages"}],"about":[{"href":"https:\/\/yachtcharterdedrait.nl\/de\/wp-json\/wp\/v2\/types\/page"}],"author":[{"embeddable":true,"href":"https:\/\/yachtcharterdedrait.nl\/de\/wp-json\/wp\/v2\/users\/2"}],"replies":[{"embeddable":true,"href":"https:\/\/yachtcharterdedrait.nl\/de\/wp-json\/wp\/v2\/comments?post=1806"}],"version-history":[{"count":7,"href":"https:\/\/yachtcharterdedrait.nl\/de\/wp-json\/wp\/v2\/pages\/1806\/revisions"}],"predecessor-version":[{"id":11428,"href":"https:\/\/yachtcharterdedrait.nl\/de\/wp-json\/wp\/v2\/pages\/1806\/revisions\/11428"}],"wp:featuredmedia":[{"embeddable":true,"href":"https:\/\/yachtcharterdedrait.nl\/de\/wp-json\/wp\/v2\/media\/11299"}],"wp:attachment":[{"href":"https:\/\/yachtcharterdedrait.nl\/de\/wp-json\/wp\/v2\/media?parent=1806"}],"curies":[{"name":"wp","href":"https:\/\/api.w.org\/{rel}","templated":true}]}}