{"id":1810,"date":"2019-10-10T06:59:28","date_gmt":"2019-10-10T06:59:28","guid":{"rendered":"http:\/\/dedrait.convident.website\/?page_id=1810"},"modified":"2025-10-04T13:40:20","modified_gmt":"2025-10-04T13:40:20","slug":"packliste-was-sollten-sie-mitnehmen","status":"publish","type":"page","link":"https:\/\/yachtcharterdedrait.nl\/de\/packliste-was-sollten-sie-mitnehmen\/","title":{"rendered":"Packliste &#8211; Was sollten Sie mitnehmen?"},"content":{"rendered":"\r\n<p>Sie haben ein Boot gemietet? Wunderbar! Fertig f\u00fcr die Abreise? Noch nicht ganz. Wir helfen Ihnen gerne bei der Planung Ihres Urlaubs. Unter <a href=\"https:\/\/yachtcharterdedrait.nl\/de\/bootsausstattung\/\">Bootsausstattung<\/a> finden Sie eine Liste der vorhandenen Einrichtung die sich schon an Bord befindet und unter <a href=\"https:\/\/yachtcharterdedrait.nl\/de\/extra-leistungen-brandenburg\/\">Extras<\/a> k\u00f6nnen Sie nach belieben etwas dazu buchen.\u00a0<\/p>\r\n\r\n\r\n\r\n<p>Es ist ratsam die folgenden Dinge mit zu nehmen:<\/p>\r\n\r\n\r\n\r\n<ul class=\"wp-block-list\">\r\n<li>Handt\u00fccher und Geschirrt\u00fccher;<\/li>\r\n<li>M\u00fcckenschutz (Vor allem in den Sommermonaten und falls Sie an einem der marrekriten Anlegepl\u00e4tze nutzen, wollen \u00e4u\u00dferst ratsam);<\/li>\r\n<li>Bettw\u00e4sche und Bettdecken (Oder buchen Sie <a href=\"https:\/\/yachtcharterdedrait.nl\/de\/extra-leistungen-brandenburg\/\">hier<\/a> Bettw\u00e4sche (inkl. Bettdecke) oder nur Bettdecke, sodass dies schon an Bord sind vor Ihrer Anreise);<\/li>\r\n<li>Reisedokumente (Personalausweis &#8211; <a href=\"https:\/\/yachtcharterdedrait.nl\/de\/bootsfuehrerschein\/\">Bootsf\u00fchrerschein<\/a> und Angelschein falls vorhanden) ;<\/li>\r\n<li>Sonnencreme (Am Wasser kann man sich besonders schnell einen Sonnenbrand holen. Wasser reflektiert das Licht und sorgt f\u00fcr eine st\u00e4rkere UV-Belastung.);<\/li>\r\n<li>Bargeld (f\u00fcr manche Br\u00fccken);<\/li>\r\n<li>Lebensmittel.<\/li>\r\n<\/ul>\r\n","protected":false},"excerpt":{"rendered":"<p>Sie haben ein Boot gemietet? Wunderbar! Fertig f\u00fcr die Abreise? Noch nicht ganz. Wir helfen Ihnen gerne bei der Planung Ihres Urlaubs. Unter Bootsausstattung finden Sie eine Liste der vorhandenen Einrichtung die sich schon an Bord befindet und unter Extras k\u00f6nnen Sie nach belieben etwas dazu buchen.\u00a0 Es ist ratsam die folgenden Dinge mit zu [&hellip;]<\/p>\n","protected":false},"author":2,"featured_media":1737,"parent":0,"menu_order":0,"comment_status":"closed","ping_status":"closed","template":"","meta":{"inline_featured_image":false,"footnotes":""},"class_list":["post-1810","page","type-page","status-publish","has-post-thumbnail","hentry"],"yoast_head":"<!-- This site is optimized with the Yoast SEO plugin v27.1.1 - https:\/\/yoast.com\/product\/yoast-seo-wordpress\/ -->\n<title>Packliste - Was sollten Sie mitnehmen? - Yachtcharter De Drait - Friesland, NL<\/title>\n<meta name=\"description\" content=\"Die Boote von De Drait sind mit einem umfangreichen Inventar ausgestattet. Was brauchen Sie sonst noch f\u00fcr einen unvergesslichen Segelurlaub?\" \/>\n<meta name=\"robots\" content=\"index, follow, max-snippet:-1, max-image-preview:large, max-video-preview:-1\" \/>\n<link rel=\"canonical\" href=\"https:\/\/yachtcharterdedrait.nl\/de\/packliste-was-sollten-sie-mitnehmen\/\" \/>\n<meta property=\"og:locale\" content=\"de_DE\" \/>\n<meta property=\"og:type\" content=\"article\" \/>\n<meta property=\"og:title\" content=\"Packliste - Was sollten Sie mitnehmen? - Yachtcharter De Drait - Friesland, NL\" \/>\n<meta property=\"og:description\" content=\"Die Boote von De Drait sind mit einem umfangreichen Inventar ausgestattet. Was brauchen Sie sonst noch f\u00fcr einen unvergesslichen Segelurlaub?\" \/>\n<meta property=\"og:url\" content=\"https:\/\/yachtcharterdedrait.nl\/de\/packliste-was-sollten-sie-mitnehmen\/\" \/>\n<meta property=\"og:site_name\" content=\"Yachtcharter De Drait - Friesland, NL\" \/>\n<meta property=\"article:modified_time\" content=\"2025-10-04T13:40:20+00:00\" \/>\n<meta property=\"og:image\" content=\"https:\/\/yachtcharterdedrait.nl\/wp-content\/uploads\/2019\/10\/Impression.jpg\" \/>\n\t<meta property=\"og:image:width\" content=\"1920\" \/>\n\t<meta property=\"og:image:height\" content=\"378\" \/>\n\t<meta property=\"og:image:type\" content=\"image\/jpeg\" \/>\n<meta name=\"twitter:card\" content=\"summary_large_image\" \/>\n<meta name=\"twitter:label1\" content=\"Gesch\u00e4tzte Lesezeit\" \/>\n\t<meta name=\"twitter:data1\" content=\"1\u00a0Minute\" \/>\n<script type=\"application\/ld+json\" class=\"yoast-schema-graph\">{\"@context\":\"https:\/\/schema.org\",\"@graph\":[{\"@type\":\"WebPage\",\"@id\":\"https:\/\/yachtcharterdedrait.nl\/de\/packliste-was-sollten-sie-mitnehmen\/\",\"url\":\"https:\/\/yachtcharterdedrait.nl\/de\/packliste-was-sollten-sie-mitnehmen\/\",\"name\":\"Packliste - Was sollten Sie mitnehmen? - Yachtcharter De Drait - Friesland, NL\",\"isPartOf\":{\"@id\":\"https:\/\/yachtcharterdedrait.nl\/#website\"},\"primaryImageOfPage\":{\"@id\":\"https:\/\/yachtcharterdedrait.nl\/de\/packliste-was-sollten-sie-mitnehmen\/#primaryimage\"},\"image\":{\"@id\":\"https:\/\/yachtcharterdedrait.nl\/de\/packliste-was-sollten-sie-mitnehmen\/#primaryimage\"},\"thumbnailUrl\":\"https:\/\/yachtcharterdedrait.nl\/wp-content\/uploads\/2019\/10\/Impression.jpg\",\"datePublished\":\"2019-10-10T06:59:28+00:00\",\"dateModified\":\"2025-10-04T13:40:20+00:00\",\"description\":\"Die Boote von De Drait sind mit einem umfangreichen Inventar ausgestattet. Was brauchen Sie sonst noch f\u00fcr einen unvergesslichen Segelurlaub?\",\"breadcrumb\":{\"@id\":\"https:\/\/yachtcharterdedrait.nl\/de\/packliste-was-sollten-sie-mitnehmen\/#breadcrumb\"},\"inLanguage\":\"de\",\"potentialAction\":[{\"@type\":\"ReadAction\",\"target\":[\"https:\/\/yachtcharterdedrait.nl\/de\/packliste-was-sollten-sie-mitnehmen\/\"]}]},{\"@type\":\"ImageObject\",\"inLanguage\":\"de\",\"@id\":\"https:\/\/yachtcharterdedrait.nl\/de\/packliste-was-sollten-sie-mitnehmen\/#primaryimage\",\"url\":\"https:\/\/yachtcharterdedrait.nl\/wp-content\/uploads\/2019\/10\/Impression.jpg\",\"contentUrl\":\"https:\/\/yachtcharterdedrait.nl\/wp-content\/uploads\/2019\/10\/Impression.jpg\",\"width\":1920,\"height\":378},{\"@type\":\"BreadcrumbList\",\"@id\":\"https:\/\/yachtcharterdedrait.nl\/de\/packliste-was-sollten-sie-mitnehmen\/#breadcrumb\",\"itemListElement\":[{\"@type\":\"ListItem\",\"position\":1,\"name\":\"Home\",\"item\":\"https:\/\/yachtcharterdedrait.nl\/de\/\"},{\"@type\":\"ListItem\",\"position\":2,\"name\":\"Packliste &#8211; Was sollten Sie mitnehmen?\"}]},{\"@type\":\"WebSite\",\"@id\":\"https:\/\/yachtcharterdedrait.nl\/#website\",\"url\":\"https:\/\/yachtcharterdedrait.nl\/\",\"name\":\"Yachtcharter De Drait - Friesland, NL\",\"description\":\"Mieten Sie sich ein Boot f\u00fcr Ihren Traumurlaub\",\"potentialAction\":[{\"@type\":\"SearchAction\",\"target\":{\"@type\":\"EntryPoint\",\"urlTemplate\":\"https:\/\/yachtcharterdedrait.nl\/?s={search_term_string}\"},\"query-input\":{\"@type\":\"PropertyValueSpecification\",\"valueRequired\":true,\"valueName\":\"search_term_string\"}}],\"inLanguage\":\"de\"}]}<\/script>\n<!-- \/ Yoast SEO plugin. -->","yoast_head_json":{"title":"Packliste - Was sollten Sie mitnehmen? - Yachtcharter De Drait - Friesland, NL","description":"Die Boote von De Drait sind mit einem umfangreichen Inventar ausgestattet. Was brauchen Sie sonst noch f\u00fcr einen unvergesslichen Segelurlaub?","robots":{"index":"index","follow":"follow","max-snippet":"max-snippet:-1","max-image-preview":"max-image-preview:large","max-video-preview":"max-video-preview:-1"},"canonical":"https:\/\/yachtcharterdedrait.nl\/de\/packliste-was-sollten-sie-mitnehmen\/","og_locale":"de_DE","og_type":"article","og_title":"Packliste - Was sollten Sie mitnehmen? - Yachtcharter De Drait - Friesland, NL","og_description":"Die Boote von De Drait sind mit einem umfangreichen Inventar ausgestattet. Was brauchen Sie sonst noch f\u00fcr einen unvergesslichen Segelurlaub?","og_url":"https:\/\/yachtcharterdedrait.nl\/de\/packliste-was-sollten-sie-mitnehmen\/","og_site_name":"Yachtcharter De Drait - Friesland, NL","article_modified_time":"2025-10-04T13:40:20+00:00","og_image":[{"width":1920,"height":378,"url":"https:\/\/yachtcharterdedrait.nl\/wp-content\/uploads\/2019\/10\/Impression.jpg","type":"image\/jpeg"}],"twitter_card":"summary_large_image","twitter_misc":{"Gesch\u00e4tzte Lesezeit":"1\u00a0Minute"},"schema":{"@context":"https:\/\/schema.org","@graph":[{"@type":"WebPage","@id":"https:\/\/yachtcharterdedrait.nl\/de\/packliste-was-sollten-sie-mitnehmen\/","url":"https:\/\/yachtcharterdedrait.nl\/de\/packliste-was-sollten-sie-mitnehmen\/","name":"Packliste - Was sollten Sie mitnehmen? - Yachtcharter De Drait - Friesland, NL","isPartOf":{"@id":"https:\/\/yachtcharterdedrait.nl\/#website"},"primaryImageOfPage":{"@id":"https:\/\/yachtcharterdedrait.nl\/de\/packliste-was-sollten-sie-mitnehmen\/#primaryimage"},"image":{"@id":"https:\/\/yachtcharterdedrait.nl\/de\/packliste-was-sollten-sie-mitnehmen\/#primaryimage"},"thumbnailUrl":"https:\/\/yachtcharterdedrait.nl\/wp-content\/uploads\/2019\/10\/Impression.jpg","datePublished":"2019-10-10T06:59:28+00:00","dateModified":"2025-10-04T13:40:20+00:00","description":"Die Boote von De Drait sind mit einem umfangreichen Inventar ausgestattet. Was brauchen Sie sonst noch f\u00fcr einen unvergesslichen Segelurlaub?","breadcrumb":{"@id":"https:\/\/yachtcharterdedrait.nl\/de\/packliste-was-sollten-sie-mitnehmen\/#breadcrumb"},"inLanguage":"de","potentialAction":[{"@type":"ReadAction","target":["https:\/\/yachtcharterdedrait.nl\/de\/packliste-was-sollten-sie-mitnehmen\/"]}]},{"@type":"ImageObject","inLanguage":"de","@id":"https:\/\/yachtcharterdedrait.nl\/de\/packliste-was-sollten-sie-mitnehmen\/#primaryimage","url":"https:\/\/yachtcharterdedrait.nl\/wp-content\/uploads\/2019\/10\/Impression.jpg","contentUrl":"https:\/\/yachtcharterdedrait.nl\/wp-content\/uploads\/2019\/10\/Impression.jpg","width":1920,"height":378},{"@type":"BreadcrumbList","@id":"https:\/\/yachtcharterdedrait.nl\/de\/packliste-was-sollten-sie-mitnehmen\/#breadcrumb","itemListElement":[{"@type":"ListItem","position":1,"name":"Home","item":"https:\/\/yachtcharterdedrait.nl\/de\/"},{"@type":"ListItem","position":2,"name":"Packliste &#8211; Was sollten Sie mitnehmen?"}]},{"@type":"WebSite","@id":"https:\/\/yachtcharterdedrait.nl\/#website","url":"https:\/\/yachtcharterdedrait.nl\/","name":"Yachtcharter De Drait - Friesland, NL","description":"Mieten Sie sich ein Boot f\u00fcr Ihren Traumurlaub","potentialAction":[{"@type":"SearchAction","target":{"@type":"EntryPoint","urlTemplate":"https:\/\/yachtcharterdedrait.nl\/?s={search_term_string}"},"query-input":{"@type":"PropertyValueSpecification","valueRequired":true,"valueName":"search_term_string"}}],"inLanguage":"de"}]}},"_links":{"self":[{"href":"https:\/\/yachtcharterdedrait.nl\/de\/wp-json\/wp\/v2\/pages\/1810","targetHints":{"allow":["GET"]}}],"collection":[{"href":"https:\/\/yachtcharterdedrait.nl\/de\/wp-json\/wp\/v2\/pages"}],"about":[{"href":"https:\/\/yachtcharterdedrait.nl\/de\/wp-json\/wp\/v2\/types\/page"}],"author":[{"embeddable":true,"href":"https:\/\/yachtcharterdedrait.nl\/de\/wp-json\/wp\/v2\/users\/2"}],"replies":[{"embeddable":true,"href":"https:\/\/yachtcharterdedrait.nl\/de\/wp-json\/wp\/v2\/comments?post=1810"}],"version-history":[{"count":2,"href":"https:\/\/yachtcharterdedrait.nl\/de\/wp-json\/wp\/v2\/pages\/1810\/revisions"}],"predecessor-version":[{"id":11609,"href":"https:\/\/yachtcharterdedrait.nl\/de\/wp-json\/wp\/v2\/pages\/1810\/revisions\/11609"}],"wp:featuredmedia":[{"embeddable":true,"href":"https:\/\/yachtcharterdedrait.nl\/de\/wp-json\/wp\/v2\/media\/1737"}],"wp:attachment":[{"href":"https:\/\/yachtcharterdedrait.nl\/de\/wp-json\/wp\/v2\/media?parent=1810"}],"curies":[{"name":"wp","href":"https:\/\/api.w.org\/{rel}","templated":true}]}}