{"id":2388,"date":"2019-11-06T16:37:22","date_gmt":"2019-11-06T16:37:22","guid":{"rendered":"https:\/\/yachtcharterdedrait.nl\/?page_id=2388"},"modified":"2019-11-07T05:13:04","modified_gmt":"2019-11-07T05:13:04","slug":"flottillen-buchen","status":"publish","type":"page","link":"https:\/\/yachtcharterdedrait.nl\/de\/flottillen-buchen\/","title":{"rendered":"Jetzt unverbindlich anmelden!"},"content":{"rendered":"<div class=\"frm_forms  with_frm_style frm_style_formidable-style\" id=\"frm_form_12_container\" >\n<form enctype=\"multipart\/form-data\" method=\"post\" class=\"frm-show-form  frm_ajax_submit  frm_pro_form \" id=\"form_flottielje-varen4\" >\n<div class=\"frm_form_fields \">\n<fieldset>\n<legend class=\"frm_screen_reader\">Flottielje varen<\/legend>\r\n\r\n<div class=\"frm_fields_container\">\n<input type=\"hidden\" name=\"frm_action\" value=\"create\" \/>\n<input type=\"hidden\" name=\"form_id\" value=\"12\" \/>\n<input type=\"hidden\" name=\"frm_hide_fields_12\" id=\"frm_hide_fields_12\" value=\"\" \/>\n<input type=\"hidden\" name=\"form_key\" value=\"flottielje-varen4\" \/>\n<input type=\"hidden\" name=\"item_meta[0]\" value=\"\" \/>\n<input type=\"hidden\" id=\"frm_submit_entry_12\" name=\"frm_submit_entry_12\" value=\"4f12835bdd\" \/><input type=\"hidden\" name=\"_wp_http_referer\" value=\"\/de\/wp-json\/wp\/v2\/pages\/2388\" \/><div id=\"frm_field_106_container\" class=\"frm_form_field form-field  frm_required_field frm_top_container frm_first frm_half\">\r\n    <label for=\"field_qh4icy4\" id=\"field_qh4icy4_label\" class=\"frm_primary_label\">Name, Vorname\r\n        <span class=\"frm_required\">*<\/span>\r\n    <\/label>\r\n    <input  type=\"text\" id=\"field_qh4icy4\" name=\"item_meta[106]\" value=\"\"  data-reqmsg=\"Dit veld mag niet leeg zijn.\" aria-required=\"true\" data-invmsg=\"Name is ongeldig\" aria-invalid=\"false\"   \/>\r\n    \r\n    \r\n<\/div>\n<div id=\"frm_field_107_container\" class=\"frm_form_field form-field  frm_required_field frm_top_container frm_full\">\r\n    <label for=\"field_29yf4d5\" id=\"field_29yf4d5_label\" class=\"frm_primary_label\">Email\r\n        <span class=\"frm_required\">*<\/span>\r\n    <\/label>\r\n    <input type=\"email\" id=\"field_29yf4d5\" name=\"item_meta[107]\" value=\"\"  data-reqmsg=\"Dit veld mag niet leeg zijn.\" aria-required=\"true\" data-invmsg=\"Please enter a valid email address\" aria-invalid=\"false\"  \/>\r\n    \r\n    \r\n<\/div>\n<div id=\"frm_field_108_container\" class=\"frm_form_field form-field  frm_required_field frm_top_container vertical_radio\">\r\n    <div  id=\"field_ja11x4_label\" class=\"frm_primary_label\">Besitzen Sie einen Bootsf\u00fchrerschein?\r\n        <span class=\"frm_required\">*<\/span>\r\n    <\/div>\r\n    <div class=\"frm_opt_container\" aria-labelledby=\"field_ja11x4_label\" role=\"radiogroup\" aria-required=\"true\">\t\t<div class=\"frm_radio\" id=\"frm_radio_108-0\">\t\t\t<label  for=\"field_ja11x4-0\">\n\t\t\t\t\t<input type=\"radio\" name=\"item_meta[108]\" id=\"field_ja11x4-0\" value=\"Ja\"\n\t\t data-reqmsg=\"Dit veld mag niet leeg zijn.\" data-invmsg=\"Besitzen Sie einen Bootsf\u00fchrerschein? ist ung\u00fcltig\"   \/> Ja<\/label><\/div>\n\t\t<div class=\"frm_radio\" id=\"frm_radio_108-1\">\t\t\t<label  for=\"field_ja11x4-1\">\n\t\t\t\t\t<input type=\"radio\" name=\"item_meta[108]\" id=\"field_ja11x4-1\" value=\"Nein\"\n\t\t data-reqmsg=\"Dit veld mag niet leeg zijn.\" data-invmsg=\"Besitzen Sie einen Bootsf\u00fchrerschein? ist ung\u00fcltig\"   \/> Nein<\/label><\/div>\n<\/div>\r\n    \r\n    \r\n<\/div>\n<div id=\"frm_field_109_container\" class=\"frm_form_field form-field  frm_top_container vertical_radio\">\r\n    <div  id=\"field_vaxjs4_label\" class=\"frm_primary_label\">Haben Sie Bootserfahrung?\r\n        <span class=\"frm_required\"><\/span>\r\n    <\/div>\r\n    <div class=\"frm_opt_container\" aria-labelledby=\"field_vaxjs4_label\" role=\"radiogroup\">\t\t<div class=\"frm_radio\" id=\"frm_radio_109-0\">\t\t\t<label  for=\"field_vaxjs4-0\">\n\t\t\t\t\t<input type=\"radio\" name=\"item_meta[109]\" id=\"field_vaxjs4-0\" value=\"Ja\"\n\t\t data-invmsg=\"Haben Sie Bootserfahrung? ist ung\u00fcltig\"   \/> Ja<\/label><\/div>\n\t\t<div class=\"frm_radio\" id=\"frm_radio_109-1\">\t\t\t<label  for=\"field_vaxjs4-1\">\n\t\t\t\t\t<input type=\"radio\" name=\"item_meta[109]\" id=\"field_vaxjs4-1\" value=\"Nein\"\n\t\t data-invmsg=\"Haben Sie Bootserfahrung? ist ung\u00fcltig\"   \/> Nein<\/label><\/div>\n<\/div>\r\n    \r\n    \r\n<\/div>\n<div id=\"frm_field_110_container\" class=\"frm_form_field form-field  frm_top_container\">\r\n    <label for=\"field_6z3an4\" id=\"field_6z3an4_label\" class=\"frm_primary_label\">Falls Sie ein eigenes Boot haben, wie gross ist dieses?\r\n        <span class=\"frm_required\"><\/span>\r\n    <\/label>\r\n    <input  type=\"text\" id=\"field_6z3an4\" name=\"item_meta[110]\" value=\"\"  data-invmsg=\"Tekst is ongeldig\" aria-invalid=\"false\"   \/>\r\n    \r\n    \r\n<\/div>\n<div id=\"frm_field_111_container\" class=\"frm_form_field form-field  frm_top_container\">\r\n    <label for=\"field_ko6na2\" id=\"field_ko6na2_label\" class=\"frm_primary_label\">Wenn Sie mit dem eigenen Boot fahren, wie ist der Name Ihres Bootes?\r\n        <span class=\"frm_required\"><\/span>\r\n    <\/label>\r\n    <input type=\"number\" id=\"field_ko6na2\" name=\"item_meta[111]\" value=\"\" data-invmsg=\"Nummer is ongeldig\" aria-invalid=\"false\"   min=\"0\" max=\"9999999\" step=\"any\" \/>\r\n    \r\n    \r\n<\/div>\n<div id=\"frm_field_112_container\" class=\"frm_form_field form-field  frm_required_field frm_top_container\">\r\n    <label for=\"field_7jc074\" id=\"field_7jc074_label\" class=\"frm_primary_label\">Wie gross ist Ihre Crew?\r\n        <span class=\"frm_required\">*<\/span>\r\n    <\/label>\r\n    <input type=\"number\" id=\"field_7jc074\" name=\"item_meta[112]\" value=\"\" data-reqmsg=\"Dit veld mag niet leeg zijn.\" aria-required=\"true\" data-invmsg=\"Nummer is ongeldig\" aria-invalid=\"false\"   min=\"0\" max=\"9999999\" step=\"any\" \/>\r\n    \r\n    \r\n<\/div>\n<input type=\"hidden\" name=\"item_meta[113]\" id=\"field_mne5o4\" value=\"\"     \/>\n<div id=\"frm_field_114_container\" class=\"frm_form_field form-field  frm_top_container frm_full\">\r\n    <label for=\"field_9jv0r15\" id=\"field_9jv0r15_label\" class=\"frm_primary_label\">Extra Anmerkungen\r\n        <span class=\"frm_required\"><\/span>\r\n    <\/label>\r\n    <textarea name=\"item_meta[114]\" id=\"field_9jv0r15\" rows=\"5\"  data-invmsg=\"Extra Anmerkungen ist ung\u00fcltig\" aria-invalid=\"false\"  ><\/textarea>\r\n    \r\n    \r\n<\/div>\n\t<input type=\"hidden\" name=\"item_key\" value=\"\" \/>\n\t\t\t<div id=\"frm_field_133_container\">\n\t\t\t<label for=\"field_pd4g8\" >\n\t\t\t\tFalls Du menschlich bist, lasse dieses Feld leer.\t\t\t<\/label>\n\t\t\t<input  id=\"field_pd4g8\" type=\"text\" class=\"frm_form_field form-field frm_verify\" name=\"item_meta[133]\" value=\"\"  \/>\n\t\t<\/div>\n\t\t<input name=\"frm_state\" type=\"hidden\" value=\"VlJmq\/Dlcy5diydms38MMprnXslJSiN4kQevubijlfA1TsqQ84y918rh+f6YD4x+\" \/><div class=\"frm_submit\">\r\n\r\n<button class=\"frm_button_submit frm_final_submit\" type=\"submit\"   formnovalidate=\"formnovalidate\">Verzenden<\/button>\r\n\r\n<\/div><\/div>\n<\/fieldset>\n<\/div>\n\n<\/form>\n<\/div>\n\n\n\n\n<h3 class=\"wp-block-heading\"><strong>Allgemeine Gesch\u00e4ftsbedingungen<\/strong><\/h3>\n\n\n\n<ul class=\"wp-block-list\"><li>Liegepl\u00e4tze und Segelrouten werden durch De Drait organisiert. Anlegegeb\u00fchren pro Yachthafen m\u00fcssen von den Teilnehmern selbst bezahlt werden.<\/li><li>Ein erfahrener Kapit\u00e4n f\u00e4hrt voraus und gibt die Richtung an. Dieser kennt die Strecke und Schleusen wie seine eigene Westentasche.<\/li><li>Im Zusammenhang mit Wetterbedingungen und Sicherheitsrisiken k\u00f6nnen von der oben genannten Route abweichen. Dies wird immer vom Flottillen-Leiter mitgeteilt.<\/li><li>Die Mindestanzahl der teilnehmenden Boote ist 7. Bei zu wenig Anmeldungen behalten wir uns das Recht vor, die Tour abzusagen.&nbsp;<\/li><li>Voll = Voll. Melden Sie sich schnell an! Die Pl\u00e4tze f\u00fcr diese einzigartige Kreuzfahrt sind begrenzt und schnell vergeben!<\/li><li>Sie segeln auf eigene Verantwortung.<\/li><li>Eine Versicherung f\u00fcr Ihr eigenes Boot oder Ihr Mietboot ist verpflichtend.<\/li><\/ul>\n","protected":false},"excerpt":{"rendered":"<p>Allgemeine Gesch\u00e4ftsbedingungen Liegepl\u00e4tze und Segelrouten werden durch De Drait organisiert. Anlegegeb\u00fchren pro Yachthafen m\u00fcssen von den Teilnehmern selbst bezahlt werden. Ein erfahrener Kapit\u00e4n f\u00e4hrt voraus und gibt die Richtung an. Dieser kennt die Strecke und Schleusen wie seine eigene Westentasche. Im Zusammenhang mit Wetterbedingungen und Sicherheitsrisiken k\u00f6nnen von der oben genannten Route abweichen. Dies wird [&hellip;]<\/p>\n","protected":false},"author":2,"featured_media":2272,"parent":0,"menu_order":0,"comment_status":"closed","ping_status":"closed","template":"","meta":{"inline_featured_image":false,"footnotes":""},"class_list":["post-2388","page","type-page","status-publish","has-post-thumbnail","hentry"],"yoast_head":"<!-- This site is optimized with the Yoast SEO plugin v27.1.1 - https:\/\/yoast.com\/product\/yoast-seo-wordpress\/ -->\n<title>Jetzt unverbindlich anmelden! - Yachtcharter De Drait - Friesland, NL<\/title>\n<meta name=\"robots\" content=\"index, follow, max-snippet:-1, max-image-preview:large, max-video-preview:-1\" \/>\n<link rel=\"canonical\" href=\"https:\/\/yachtcharterdedrait.nl\/de\/flottillen-buchen\/\" \/>\n<meta property=\"og:locale\" content=\"de_DE\" \/>\n<meta property=\"og:type\" content=\"article\" \/>\n<meta property=\"og:title\" content=\"Jetzt unverbindlich anmelden! - Yachtcharter De Drait - Friesland, NL\" \/>\n<meta property=\"og:description\" content=\"Allgemeine Gesch\u00e4ftsbedingungen Liegepl\u00e4tze und Segelrouten werden durch De Drait organisiert. Anlegegeb\u00fchren pro Yachthafen m\u00fcssen von den Teilnehmern selbst bezahlt werden. Ein erfahrener Kapit\u00e4n f\u00e4hrt voraus und gibt die Richtung an. Dieser kennt die Strecke und Schleusen wie seine eigene Westentasche. Im Zusammenhang mit Wetterbedingungen und Sicherheitsrisiken k\u00f6nnen von der oben genannten Route abweichen. Dies wird [&hellip;]\" \/>\n<meta property=\"og:url\" content=\"https:\/\/yachtcharterdedrait.nl\/de\/flottillen-buchen\/\" \/>\n<meta property=\"og:site_name\" content=\"Yachtcharter De Drait - Friesland, NL\" \/>\n<meta property=\"article:modified_time\" content=\"2019-11-07T05:13:04+00:00\" \/>\n<meta property=\"og:image\" content=\"https:\/\/yachtcharterdedrait.nl\/wp-content\/uploads\/flottielje-header1-1024x683.jpg\" \/>\n\t<meta property=\"og:image:width\" content=\"1024\" \/>\n\t<meta property=\"og:image:height\" content=\"683\" \/>\n\t<meta property=\"og:image:type\" content=\"image\/jpeg\" \/>\n<meta name=\"twitter:card\" content=\"summary_large_image\" \/>\n<meta name=\"twitter:label1\" content=\"Gesch\u00e4tzte Lesezeit\" \/>\n\t<meta name=\"twitter:data1\" content=\"1\u00a0Minute\" \/>\n<script type=\"application\/ld+json\" class=\"yoast-schema-graph\">{\"@context\":\"https:\/\/schema.org\",\"@graph\":[{\"@type\":\"WebPage\",\"@id\":\"https:\/\/yachtcharterdedrait.nl\/de\/flottillen-buchen\/\",\"url\":\"https:\/\/yachtcharterdedrait.nl\/de\/flottillen-buchen\/\",\"name\":\"Jetzt unverbindlich anmelden! - Yachtcharter De Drait - Friesland, NL\",\"isPartOf\":{\"@id\":\"https:\/\/yachtcharterdedrait.nl\/#website\"},\"primaryImageOfPage\":{\"@id\":\"https:\/\/yachtcharterdedrait.nl\/de\/flottillen-buchen\/#primaryimage\"},\"image\":{\"@id\":\"https:\/\/yachtcharterdedrait.nl\/de\/flottillen-buchen\/#primaryimage\"},\"thumbnailUrl\":\"https:\/\/yachtcharterdedrait.nl\/wp-content\/uploads\/flottielje-header1.jpg\",\"datePublished\":\"2019-11-06T16:37:22+00:00\",\"dateModified\":\"2019-11-07T05:13:04+00:00\",\"breadcrumb\":{\"@id\":\"https:\/\/yachtcharterdedrait.nl\/de\/flottillen-buchen\/#breadcrumb\"},\"inLanguage\":\"de\",\"potentialAction\":[{\"@type\":\"ReadAction\",\"target\":[\"https:\/\/yachtcharterdedrait.nl\/de\/flottillen-buchen\/\"]}]},{\"@type\":\"ImageObject\",\"inLanguage\":\"de\",\"@id\":\"https:\/\/yachtcharterdedrait.nl\/de\/flottillen-buchen\/#primaryimage\",\"url\":\"https:\/\/yachtcharterdedrait.nl\/wp-content\/uploads\/flottielje-header1.jpg\",\"contentUrl\":\"https:\/\/yachtcharterdedrait.nl\/wp-content\/uploads\/flottielje-header1.jpg\",\"width\":2700,\"height\":1800},{\"@type\":\"BreadcrumbList\",\"@id\":\"https:\/\/yachtcharterdedrait.nl\/de\/flottillen-buchen\/#breadcrumb\",\"itemListElement\":[{\"@type\":\"ListItem\",\"position\":1,\"name\":\"Home\",\"item\":\"https:\/\/yachtcharterdedrait.nl\/de\/\"},{\"@type\":\"ListItem\",\"position\":2,\"name\":\"Jetzt unverbindlich anmelden!\"}]},{\"@type\":\"WebSite\",\"@id\":\"https:\/\/yachtcharterdedrait.nl\/#website\",\"url\":\"https:\/\/yachtcharterdedrait.nl\/\",\"name\":\"Yachtcharter De Drait - Friesland, NL\",\"description\":\"Mieten Sie sich ein Boot f\u00fcr Ihren Traumurlaub\",\"potentialAction\":[{\"@type\":\"SearchAction\",\"target\":{\"@type\":\"EntryPoint\",\"urlTemplate\":\"https:\/\/yachtcharterdedrait.nl\/?s={search_term_string}\"},\"query-input\":{\"@type\":\"PropertyValueSpecification\",\"valueRequired\":true,\"valueName\":\"search_term_string\"}}],\"inLanguage\":\"de\"}]}<\/script>\n<!-- \/ Yoast SEO plugin. -->","yoast_head_json":{"title":"Jetzt unverbindlich anmelden! - Yachtcharter De Drait - Friesland, NL","robots":{"index":"index","follow":"follow","max-snippet":"max-snippet:-1","max-image-preview":"max-image-preview:large","max-video-preview":"max-video-preview:-1"},"canonical":"https:\/\/yachtcharterdedrait.nl\/de\/flottillen-buchen\/","og_locale":"de_DE","og_type":"article","og_title":"Jetzt unverbindlich anmelden! - Yachtcharter De Drait - Friesland, NL","og_description":"Allgemeine Gesch\u00e4ftsbedingungen Liegepl\u00e4tze und Segelrouten werden durch De Drait organisiert. Anlegegeb\u00fchren pro Yachthafen m\u00fcssen von den Teilnehmern selbst bezahlt werden. Ein erfahrener Kapit\u00e4n f\u00e4hrt voraus und gibt die Richtung an. Dieser kennt die Strecke und Schleusen wie seine eigene Westentasche. Im Zusammenhang mit Wetterbedingungen und Sicherheitsrisiken k\u00f6nnen von der oben genannten Route abweichen. Dies wird [&hellip;]","og_url":"https:\/\/yachtcharterdedrait.nl\/de\/flottillen-buchen\/","og_site_name":"Yachtcharter De Drait - Friesland, NL","article_modified_time":"2019-11-07T05:13:04+00:00","og_image":[{"width":1024,"height":683,"url":"https:\/\/yachtcharterdedrait.nl\/wp-content\/uploads\/flottielje-header1-1024x683.jpg","type":"image\/jpeg"}],"twitter_card":"summary_large_image","twitter_misc":{"Gesch\u00e4tzte Lesezeit":"1\u00a0Minute"},"schema":{"@context":"https:\/\/schema.org","@graph":[{"@type":"WebPage","@id":"https:\/\/yachtcharterdedrait.nl\/de\/flottillen-buchen\/","url":"https:\/\/yachtcharterdedrait.nl\/de\/flottillen-buchen\/","name":"Jetzt unverbindlich anmelden! - Yachtcharter De Drait - Friesland, NL","isPartOf":{"@id":"https:\/\/yachtcharterdedrait.nl\/#website"},"primaryImageOfPage":{"@id":"https:\/\/yachtcharterdedrait.nl\/de\/flottillen-buchen\/#primaryimage"},"image":{"@id":"https:\/\/yachtcharterdedrait.nl\/de\/flottillen-buchen\/#primaryimage"},"thumbnailUrl":"https:\/\/yachtcharterdedrait.nl\/wp-content\/uploads\/flottielje-header1.jpg","datePublished":"2019-11-06T16:37:22+00:00","dateModified":"2019-11-07T05:13:04+00:00","breadcrumb":{"@id":"https:\/\/yachtcharterdedrait.nl\/de\/flottillen-buchen\/#breadcrumb"},"inLanguage":"de","potentialAction":[{"@type":"ReadAction","target":["https:\/\/yachtcharterdedrait.nl\/de\/flottillen-buchen\/"]}]},{"@type":"ImageObject","inLanguage":"de","@id":"https:\/\/yachtcharterdedrait.nl\/de\/flottillen-buchen\/#primaryimage","url":"https:\/\/yachtcharterdedrait.nl\/wp-content\/uploads\/flottielje-header1.jpg","contentUrl":"https:\/\/yachtcharterdedrait.nl\/wp-content\/uploads\/flottielje-header1.jpg","width":2700,"height":1800},{"@type":"BreadcrumbList","@id":"https:\/\/yachtcharterdedrait.nl\/de\/flottillen-buchen\/#breadcrumb","itemListElement":[{"@type":"ListItem","position":1,"name":"Home","item":"https:\/\/yachtcharterdedrait.nl\/de\/"},{"@type":"ListItem","position":2,"name":"Jetzt unverbindlich anmelden!"}]},{"@type":"WebSite","@id":"https:\/\/yachtcharterdedrait.nl\/#website","url":"https:\/\/yachtcharterdedrait.nl\/","name":"Yachtcharter De Drait - Friesland, NL","description":"Mieten Sie sich ein Boot f\u00fcr Ihren Traumurlaub","potentialAction":[{"@type":"SearchAction","target":{"@type":"EntryPoint","urlTemplate":"https:\/\/yachtcharterdedrait.nl\/?s={search_term_string}"},"query-input":{"@type":"PropertyValueSpecification","valueRequired":true,"valueName":"search_term_string"}}],"inLanguage":"de"}]}},"_links":{"self":[{"href":"https:\/\/yachtcharterdedrait.nl\/de\/wp-json\/wp\/v2\/pages\/2388","targetHints":{"allow":["GET"]}}],"collection":[{"href":"https:\/\/yachtcharterdedrait.nl\/de\/wp-json\/wp\/v2\/pages"}],"about":[{"href":"https:\/\/yachtcharterdedrait.nl\/de\/wp-json\/wp\/v2\/types\/page"}],"author":[{"embeddable":true,"href":"https:\/\/yachtcharterdedrait.nl\/de\/wp-json\/wp\/v2\/users\/2"}],"replies":[{"embeddable":true,"href":"https:\/\/yachtcharterdedrait.nl\/de\/wp-json\/wp\/v2\/comments?post=2388"}],"version-history":[{"count":0,"href":"https:\/\/yachtcharterdedrait.nl\/de\/wp-json\/wp\/v2\/pages\/2388\/revisions"}],"wp:featuredmedia":[{"embeddable":true,"href":"https:\/\/yachtcharterdedrait.nl\/de\/wp-json\/wp\/v2\/media\/2272"}],"wp:attachment":[{"href":"https:\/\/yachtcharterdedrait.nl\/de\/wp-json\/wp\/v2\/media?parent=2388"}],"curies":[{"name":"wp","href":"https:\/\/api.w.org\/{rel}","templated":true}]}}