{"id":2518,"date":"2019-11-28T10:05:05","date_gmt":"2019-11-28T10:05:05","guid":{"rendered":"https:\/\/yachtcharterdedrait.nl\/?page_id=2518"},"modified":"2025-12-17T15:20:48","modified_gmt":"2025-12-17T15:20:48","slug":"broschuere","status":"publish","type":"page","link":"https:\/\/yachtcharterdedrait.nl\/de\/broschuere\/","title":{"rendered":"Brosch\u00fcre"},"content":{"rendered":"\r\n<h3 class=\"wp-block-heading\">Brosch\u00fcre De Drait<\/h3>\r\n<p data-start=\"0\" data-end=\"213\">Planen Sie bereits Ihren Traumurlaub? Dann werfen Sie unten einen Blick in unsere Brosch\u00fcre f\u00fcr 2026 und <a href=\"https:\/\/yachtcharterdedrait.nl\/de\/boot-mieten\/\" target=\"_blank\" rel=\"noopener\">buchen<\/a> Sie direkt ein Motorboot f\u00fcr einen unvergesslichen Bootsurlaub in Friesland!<\/p>\r\n<p>Suchen Sie einen Bootsurlaub in den Niederlanden, wissen aber noch nicht, welches Boot Sie mieten m\u00f6chten? Oder sind Sie auf der Suche nach Reiseberatung, hilfreichen Tipps f\u00fcr Ausfl\u00fcge und Aktivit\u00e4ten oder nach Ideen f\u00fcr eine attraktive Fahrtroute? Dann finden Sie in unserer Brosch\u00fcre zahlreiche Informationen f\u00fcr Ihren Bootsurlaub.<\/p>\r\n<p data-start=\"551\" data-end=\"1225\">In unserem Magazin finden Sie eine vollst\u00e4ndige \u00dcbersicht unserer Flotte, die aus mehr als 85 verschiedenen Hausbooten, Motorbooten und Schaluppen besteht. F\u00fcr einen unvergesslichen Urlaub k\u00f6nnen Sie bei Yachtcharter De Drait ein Boot in Friesland mieten. Eine Fahrt \u00fcber die friesischen Seen startet in <a href=\"https:\/\/yachtcharterdedrait.nl\/de\/fahrgebiet-woudsend-niederlande-2\/\">Woudsend<\/a> oder <a href=\"https:\/\/yachtcharterdedrait.nl\/de\/fahrtgebiet-friesland-niederlande\/?utm_source=De+Drait+nieuwsbrief+Duits&amp;utm_campaign=80e4572a5a-Nieuwsbrief+nov+%5BDE%5D+Flottillentour+Neue+steg&amp;utm_medium=email&amp;utm_term=0_05de939748-80e4572a5a-&amp;ct=t(EMAIL_CAMPAIGN_nov_DE_Flottillentour_neue_ste)\">Drachten<\/a>. M\u00f6chten Sie lieber eine l\u00e4ngere Tour unternehmen oder mehr von Nordniederlanden entdecken? Das ist selbstverst\u00e4ndlich m\u00f6glich! Von unseren Startstandorten aus fahren Sie au\u00dferdem bequem nach Giethoorn und in den Nationalpark De Weerribben-Wieden, nach Amsterdam und zu den Randmeren oder auf eine Rundfahrt \u00fcber das IJsselmeer und nach Amsterdam.<\/p>\r\n<p data-start=\"1227\" data-end=\"1298\">Bl\u00e4ttern Sie unten in Ruhe durch das Magazin von Yachtcharter De Drait.<\/p>\r\n\r\n\r\n\r\n<p><span style=\"background-color: #e9ebec; color: #222222; font-family: monospace;\"><div class=\"_df_book df-lite\" id=\"df_7301\"  _slug=\"magazine-yachtcharter-de-drait-de\" data-title=\"magazine-yachtcharter-de-drait-de\" wpoptions=\"true\" thumb=\"https:\/\/yachtcharterdedrait.nl\/wp-content\/uploads\/Voorkant-magazine-DE-scaled.jpg\" thumbtype=\"\" ><\/div><script class=\"df-shortcode-script\" nowprocket type=\"application\/javascript\">window.option_df_7301 = {\"outline\":[],\"autoEnableOutline\":\"false\",\"autoEnableThumbnail\":\"false\",\"overwritePDFOutline\":\"false\",\"direction\":\"1\",\"pageSize\":\"0\",\"soundEnable\":\"false\",\"source\":\"https:\\\/\\\/yachtcharterdedrait.nl\\\/wp-content\\\/uploads\\\/Magazine-2026-DE-webversie.pdf\",\"wpOptions\":\"true\"}; if(window.DFLIP && window.DFLIP.parseBooks){window.DFLIP.parseBooks();}<\/script><\/span><\/p>\r\n<h3>Brosch\u00fcre f\u00fcr 2026 anfordern<\/h3>\r\n<p>M\u00f6chten Sie unser Magazin f\u00fcr 2026 lieber in gedruckter Form zu Hause in Ruhe durchbl\u00e4ttern? Auch das ist selbstverst\u00e4ndlich m\u00f6glich! Hinterlassen Sie dazu Ihre Daten in unserem <a href=\"https:\/\/docs.google.com\/forms\/d\/e\/1FAIpQLSdkk9KC5jrCeVhE921qMMjbLx9WySPW-JekX3vwZUyehdyX7A\/viewform\" target=\"_blank\" rel=\"noopener\">Online-Anfrageformular<\/a> oder senden Sie eine E-Mail an <a href=\"mailto:contact@dedrait.com\" target=\"_blank\" rel=\"noopener\">contact@dedrait.com<\/a>. Sobald wir Ihre Angaben erhalten haben, senden wir Ihnen das Magazin schnellstm\u00f6glich per Post zu. Wir w\u00fcnschen Ihnen bereits jetzt viel Freude beim Lesen!<\/p>\r\n\r\n\r\n\r\n\r\n\r\n\r\n\r\n<h3 class=\"wp-block-heading\">Fragen oder weitere Informationen?<\/h3>\r\n\r\n\r\n\r\n<p>Haben Sie Fragen zu einem Boot oder m\u00f6chten Sie in einem bestimmten Zeitraum ein Boot mieten? Bitte <a href=\"https:\/\/yachtcharterdedrait.nl\/de\/kontakt\/\" target=\"_blank\" rel=\"noreferrer noopener\">kontaktieren<\/a> Sie uns f\u00fcr die M\u00f6glichkeiten. Wir helfen Ihnen gerne bei der Suche nach einem geeigneten Boot f\u00fcr Ihren Bootsurlaub. Eine vollst\u00e4ndige \u00dcbersicht unserer Flotte finden Sie auch in unserem <a href=\"https:\/\/yachtcharterdedrait.nl\/de\/buchungskalender\/\" target=\"_blank\" rel=\"noreferrer noopener\">Buchungskalender<\/a>.<\/p>\r\n","protected":false},"excerpt":{"rendered":"<p>Brosch\u00fcre De Drait Planen Sie bereits Ihren Traumurlaub? Dann werfen Sie unten einen Blick in unsere Brosch\u00fcre f\u00fcr 2026 und buchen Sie direkt ein Motorboot f\u00fcr einen unvergesslichen Bootsurlaub in Friesland! Suchen Sie einen Bootsurlaub in den Niederlanden, wissen aber noch nicht, welches Boot Sie mieten m\u00f6chten? Oder sind Sie auf der Suche nach Reiseberatung, [&hellip;]<\/p>\n","protected":false},"author":7,"featured_media":5141,"parent":0,"menu_order":0,"comment_status":"closed","ping_status":"closed","template":"","meta":{"inline_featured_image":false,"footnotes":""},"class_list":["post-2518","page","type-page","status-publish","has-post-thumbnail","hentry"],"yoast_head":"<!-- This site is optimized with the Yoast SEO plugin v27.1.1 - https:\/\/yoast.com\/product\/yoast-seo-wordpress\/ -->\n<title>Brosch\u00fcre Yachtcharter De Drait | Boot mieten Friesland<\/title>\n<meta name=\"description\" content=\"Unsere Brosch\u00fcre enth\u00e4lt einen vollst\u00e4ndigen \u00dcberblick \u00fcber unsere Flotte und Informationen zu unseren beiden Fahrgebieten.\" \/>\n<meta name=\"robots\" content=\"index, follow, max-snippet:-1, max-image-preview:large, max-video-preview:-1\" \/>\n<link rel=\"canonical\" href=\"https:\/\/yachtcharterdedrait.nl\/de\/broschuere\/\" \/>\n<meta property=\"og:locale\" content=\"de_DE\" \/>\n<meta property=\"og:type\" content=\"article\" \/>\n<meta property=\"og:title\" content=\"Brosch\u00fcre Yachtcharter De Drait | Boot mieten Friesland\" \/>\n<meta property=\"og:description\" content=\"Unsere Brosch\u00fcre enth\u00e4lt einen vollst\u00e4ndigen \u00dcberblick \u00fcber unsere Flotte und Informationen zu unseren beiden Fahrgebieten.\" \/>\n<meta property=\"og:url\" content=\"https:\/\/yachtcharterdedrait.nl\/de\/broschuere\/\" \/>\n<meta property=\"og:site_name\" content=\"Yachtcharter De Drait - Friesland, NL\" \/>\n<meta property=\"article:modified_time\" content=\"2025-12-17T15:20:48+00:00\" \/>\n<meta property=\"og:image\" content=\"https:\/\/yachtcharterdedrait.nl\/wp-content\/uploads\/Brosch\u00fcre-Yachtcharter-De-Drait.jpg\" \/>\n\t<meta property=\"og:image:width\" content=\"1912\" \/>\n\t<meta property=\"og:image:height\" content=\"378\" \/>\n\t<meta property=\"og:image:type\" content=\"image\/jpeg\" \/>\n<meta name=\"twitter:card\" content=\"summary_large_image\" \/>\n<meta name=\"twitter:label1\" content=\"Gesch\u00e4tzte Lesezeit\" \/>\n\t<meta name=\"twitter:data1\" content=\"2\u00a0Minuten\" \/>\n<script type=\"application\/ld+json\" class=\"yoast-schema-graph\">{\"@context\":\"https:\/\/schema.org\",\"@graph\":[{\"@type\":\"WebPage\",\"@id\":\"https:\/\/yachtcharterdedrait.nl\/de\/broschuere\/\",\"url\":\"https:\/\/yachtcharterdedrait.nl\/de\/broschuere\/\",\"name\":\"Brosch\u00fcre Yachtcharter De Drait | Boot mieten Friesland\",\"isPartOf\":{\"@id\":\"https:\/\/yachtcharterdedrait.nl\/#website\"},\"primaryImageOfPage\":{\"@id\":\"https:\/\/yachtcharterdedrait.nl\/de\/broschuere\/#primaryimage\"},\"image\":{\"@id\":\"https:\/\/yachtcharterdedrait.nl\/de\/broschuere\/#primaryimage\"},\"thumbnailUrl\":\"https:\/\/yachtcharterdedrait.nl\/wp-content\/uploads\/Brosch\u00fcre-Yachtcharter-De-Drait.jpg\",\"datePublished\":\"2019-11-28T10:05:05+00:00\",\"dateModified\":\"2025-12-17T15:20:48+00:00\",\"description\":\"Unsere Brosch\u00fcre enth\u00e4lt einen vollst\u00e4ndigen \u00dcberblick \u00fcber unsere Flotte und Informationen zu unseren beiden Fahrgebieten.\",\"breadcrumb\":{\"@id\":\"https:\/\/yachtcharterdedrait.nl\/de\/broschuere\/#breadcrumb\"},\"inLanguage\":\"de\",\"potentialAction\":[{\"@type\":\"ReadAction\",\"target\":[\"https:\/\/yachtcharterdedrait.nl\/de\/broschuere\/\"]}]},{\"@type\":\"ImageObject\",\"inLanguage\":\"de\",\"@id\":\"https:\/\/yachtcharterdedrait.nl\/de\/broschuere\/#primaryimage\",\"url\":\"https:\/\/yachtcharterdedrait.nl\/wp-content\/uploads\/Brosch\u00fcre-Yachtcharter-De-Drait.jpg\",\"contentUrl\":\"https:\/\/yachtcharterdedrait.nl\/wp-content\/uploads\/Brosch\u00fcre-Yachtcharter-De-Drait.jpg\",\"width\":1912,\"height\":378,\"caption\":\"Brosch\u00fcre\"},{\"@type\":\"BreadcrumbList\",\"@id\":\"https:\/\/yachtcharterdedrait.nl\/de\/broschuere\/#breadcrumb\",\"itemListElement\":[{\"@type\":\"ListItem\",\"position\":1,\"name\":\"Home\",\"item\":\"https:\/\/yachtcharterdedrait.nl\/de\/\"},{\"@type\":\"ListItem\",\"position\":2,\"name\":\"Brosch\u00fcre\"}]},{\"@type\":\"WebSite\",\"@id\":\"https:\/\/yachtcharterdedrait.nl\/#website\",\"url\":\"https:\/\/yachtcharterdedrait.nl\/\",\"name\":\"Yachtcharter De Drait - Friesland, NL\",\"description\":\"Mieten Sie sich ein Boot f\u00fcr Ihren Traumurlaub\",\"potentialAction\":[{\"@type\":\"SearchAction\",\"target\":{\"@type\":\"EntryPoint\",\"urlTemplate\":\"https:\/\/yachtcharterdedrait.nl\/?s={search_term_string}\"},\"query-input\":{\"@type\":\"PropertyValueSpecification\",\"valueRequired\":true,\"valueName\":\"search_term_string\"}}],\"inLanguage\":\"de\"}]}<\/script>\n<!-- \/ Yoast SEO plugin. -->","yoast_head_json":{"title":"Brosch\u00fcre Yachtcharter De Drait | Boot mieten Friesland","description":"Unsere Brosch\u00fcre enth\u00e4lt einen vollst\u00e4ndigen \u00dcberblick \u00fcber unsere Flotte und Informationen zu unseren beiden Fahrgebieten.","robots":{"index":"index","follow":"follow","max-snippet":"max-snippet:-1","max-image-preview":"max-image-preview:large","max-video-preview":"max-video-preview:-1"},"canonical":"https:\/\/yachtcharterdedrait.nl\/de\/broschuere\/","og_locale":"de_DE","og_type":"article","og_title":"Brosch\u00fcre Yachtcharter De Drait | Boot mieten Friesland","og_description":"Unsere Brosch\u00fcre enth\u00e4lt einen vollst\u00e4ndigen \u00dcberblick \u00fcber unsere Flotte und Informationen zu unseren beiden Fahrgebieten.","og_url":"https:\/\/yachtcharterdedrait.nl\/de\/broschuere\/","og_site_name":"Yachtcharter De Drait - Friesland, NL","article_modified_time":"2025-12-17T15:20:48+00:00","og_image":[{"width":1912,"height":378,"url":"https:\/\/yachtcharterdedrait.nl\/wp-content\/uploads\/Brosch\u00fcre-Yachtcharter-De-Drait.jpg","type":"image\/jpeg"}],"twitter_card":"summary_large_image","twitter_misc":{"Gesch\u00e4tzte Lesezeit":"2\u00a0Minuten"},"schema":{"@context":"https:\/\/schema.org","@graph":[{"@type":"WebPage","@id":"https:\/\/yachtcharterdedrait.nl\/de\/broschuere\/","url":"https:\/\/yachtcharterdedrait.nl\/de\/broschuere\/","name":"Brosch\u00fcre Yachtcharter De Drait | Boot mieten Friesland","isPartOf":{"@id":"https:\/\/yachtcharterdedrait.nl\/#website"},"primaryImageOfPage":{"@id":"https:\/\/yachtcharterdedrait.nl\/de\/broschuere\/#primaryimage"},"image":{"@id":"https:\/\/yachtcharterdedrait.nl\/de\/broschuere\/#primaryimage"},"thumbnailUrl":"https:\/\/yachtcharterdedrait.nl\/wp-content\/uploads\/Brosch\u00fcre-Yachtcharter-De-Drait.jpg","datePublished":"2019-11-28T10:05:05+00:00","dateModified":"2025-12-17T15:20:48+00:00","description":"Unsere Brosch\u00fcre enth\u00e4lt einen vollst\u00e4ndigen \u00dcberblick \u00fcber unsere Flotte und Informationen zu unseren beiden Fahrgebieten.","breadcrumb":{"@id":"https:\/\/yachtcharterdedrait.nl\/de\/broschuere\/#breadcrumb"},"inLanguage":"de","potentialAction":[{"@type":"ReadAction","target":["https:\/\/yachtcharterdedrait.nl\/de\/broschuere\/"]}]},{"@type":"ImageObject","inLanguage":"de","@id":"https:\/\/yachtcharterdedrait.nl\/de\/broschuere\/#primaryimage","url":"https:\/\/yachtcharterdedrait.nl\/wp-content\/uploads\/Brosch\u00fcre-Yachtcharter-De-Drait.jpg","contentUrl":"https:\/\/yachtcharterdedrait.nl\/wp-content\/uploads\/Brosch\u00fcre-Yachtcharter-De-Drait.jpg","width":1912,"height":378,"caption":"Brosch\u00fcre"},{"@type":"BreadcrumbList","@id":"https:\/\/yachtcharterdedrait.nl\/de\/broschuere\/#breadcrumb","itemListElement":[{"@type":"ListItem","position":1,"name":"Home","item":"https:\/\/yachtcharterdedrait.nl\/de\/"},{"@type":"ListItem","position":2,"name":"Brosch\u00fcre"}]},{"@type":"WebSite","@id":"https:\/\/yachtcharterdedrait.nl\/#website","url":"https:\/\/yachtcharterdedrait.nl\/","name":"Yachtcharter De Drait - Friesland, NL","description":"Mieten Sie sich ein Boot f\u00fcr Ihren Traumurlaub","potentialAction":[{"@type":"SearchAction","target":{"@type":"EntryPoint","urlTemplate":"https:\/\/yachtcharterdedrait.nl\/?s={search_term_string}"},"query-input":{"@type":"PropertyValueSpecification","valueRequired":true,"valueName":"search_term_string"}}],"inLanguage":"de"}]}},"_links":{"self":[{"href":"https:\/\/yachtcharterdedrait.nl\/de\/wp-json\/wp\/v2\/pages\/2518","targetHints":{"allow":["GET"]}}],"collection":[{"href":"https:\/\/yachtcharterdedrait.nl\/de\/wp-json\/wp\/v2\/pages"}],"about":[{"href":"https:\/\/yachtcharterdedrait.nl\/de\/wp-json\/wp\/v2\/types\/page"}],"author":[{"embeddable":true,"href":"https:\/\/yachtcharterdedrait.nl\/de\/wp-json\/wp\/v2\/users\/7"}],"replies":[{"embeddable":true,"href":"https:\/\/yachtcharterdedrait.nl\/de\/wp-json\/wp\/v2\/comments?post=2518"}],"version-history":[{"count":5,"href":"https:\/\/yachtcharterdedrait.nl\/de\/wp-json\/wp\/v2\/pages\/2518\/revisions"}],"predecessor-version":[{"id":12004,"href":"https:\/\/yachtcharterdedrait.nl\/de\/wp-json\/wp\/v2\/pages\/2518\/revisions\/12004"}],"wp:featuredmedia":[{"embeddable":true,"href":"https:\/\/yachtcharterdedrait.nl\/de\/wp-json\/wp\/v2\/media\/5141"}],"wp:attachment":[{"href":"https:\/\/yachtcharterdedrait.nl\/de\/wp-json\/wp\/v2\/media?parent=2518"}],"curies":[{"name":"wp","href":"https:\/\/api.w.org\/{rel}","templated":true}]}}