{"id":4158,"date":"2020-04-03T15:11:32","date_gmt":"2020-04-03T15:11:32","guid":{"rendered":"https:\/\/yachtcharterdedrait.nl\/?page_id=4158"},"modified":"2026-01-19T15:32:25","modified_gmt":"2026-01-19T15:32:25","slug":"buchen-sie-ihre-extras-an-bord","status":"publish","type":"page","link":"https:\/\/yachtcharterdedrait.nl\/de\/buchen-sie-ihre-extras-an-bord\/","title":{"rendered":"Extras an Bord buchen"},"content":{"rendered":"\r\n<p>Machen Sie Ihren Aufenthalt an Bord mit unseren zus\u00e4tzlichen Dienstleistungen besonders komfortabel. Sie k\u00f6nnen beispielsweise Bettw\u00e4sche mieten, damit Sie diese nicht selbst mitbringen m\u00fcssen. Wenn Sie dies im Voraus bestellen, werden die Betten f\u00fcr Sie gemacht. Oder nehmen Sie ein oder mehrere Fahrr\u00e4der an Bord. Ein ideales Transportmittel, um die Gegend zu erkunden.<\/p>\r\n\r\n\r\n\r\n<p>M\u00f6chten Sie Ihr Haustier in Ihrem Bootsurlaub mitnehmen? Dies ist gegen eine geringe Geb\u00fchr m\u00f6glich. Dar\u00fcber hinaus haben Sie die M\u00f6glichkeit, Angelkarten, Beiboote, Kanus und \/ oder SUP-Boards in Friesland zu mieten. Wir bieten <a href=\"https:\/\/yachtcharterdedrait.nl\/de\/skippertraining\/\" target=\"_blank\" rel=\"noreferrer noopener\">Skipper-Training<\/a> f\u00fcr diejenigen ohne Bootserfahrung an, damit Sie ohne Sorgen losfahren k\u00f6nnen.\u00a0<\/p>\r\n\r\n\r\n\r\n<p>M\u00f6chten Sie weitere Informationen zu unseren zus\u00e4tzlichen Optionen? Sehen Sie sich hier die Seite <a href=\"https:\/\/yachtcharterdedrait.nl\/de\/extra-leistungen-brandenburg\/\" target=\"_blank\" rel=\"noreferrer noopener\">Extra Leistungen<\/a> an.<\/p>\r\n\r\n\r\n\r\n<h3 class=\"wp-block-heading\">Gew\u00fcnschte Extras an Bord weitergeben<\/h3>\r\n\r\n\r\n\r\n<p>\u00dcber den Button unten k\u00f6nnen Sie Ihre gew\u00fcnschten Extras an Bord reservieren. Haben Sie Fragen oder m\u00f6chten Sie vor Ihrer Abreise einen Termin mit uns vereinbaren? Dann <a href=\"https:\/\/yachtcharterdedrait.nl\/de\/kontakt\/\" target=\"_blank\" rel=\"noreferrer noopener\">kontaktieren<\/a> Sie uns einfach. Wir helfen Ihnen gerne weiter!<\/p>\r\n\r\n\r\n\r\n<p><a class=\"btn\" href=\"https:\/\/docs.google.com\/forms\/d\/e\/1FAIpQLSdjfQYJjEHzGOaP8gIUFnX5sAhTzih9RasVI-7AhVmWGFqHYg\/viewform?usp=sf_link\" target=\"_blank\" rel=\"noopener noreferrer\">Extras anfordern<\/a><\/p>\r\n\r\n\r\n\r\n<p>&nbsp;<\/p>\r\n","protected":false},"excerpt":{"rendered":"<p>Machen Sie Ihren Aufenthalt an Bord mit unseren zus\u00e4tzlichen Dienstleistungen besonders komfortabel. Sie k\u00f6nnen beispielsweise Bettw\u00e4sche mieten, damit Sie diese nicht selbst mitbringen m\u00fcssen. Wenn Sie dies im Voraus bestellen, werden die Betten f\u00fcr Sie gemacht. Oder nehmen Sie ein oder mehrere Fahrr\u00e4der an Bord. Ein ideales Transportmittel, um die Gegend zu erkunden. M\u00f6chten Sie [&hellip;]<\/p>\n","protected":false},"author":7,"featured_media":4336,"parent":0,"menu_order":0,"comment_status":"closed","ping_status":"closed","template":"","meta":{"inline_featured_image":false,"footnotes":""},"class_list":["post-4158","page","type-page","status-publish","has-post-thumbnail","hentry"],"yoast_head":"<!-- This site is optimized with the Yoast SEO plugin v27.5 - https:\/\/yoast.com\/product\/yoast-seo-wordpress\/ -->\n<title>Extras an Bord buchen f\u00fcr Ihr Bootsurlaub bei Yachtcharter De Drait<\/title>\n<meta name=\"description\" content=\"Machen Sie Ihren Aufenthalt an Bord mit unseren Extras an Bord besonders komfortabel, sowie Bettw\u00e4sche, Fahrr\u00e4der, usw.\" \/>\n<meta name=\"robots\" content=\"index, follow, max-snippet:-1, max-image-preview:large, max-video-preview:-1\" \/>\n<link rel=\"canonical\" href=\"https:\/\/yachtcharterdedrait.nl\/de\/buchen-sie-ihre-extras-an-bord\/\" \/>\n<meta property=\"og:locale\" content=\"de_DE\" \/>\n<meta property=\"og:type\" content=\"article\" \/>\n<meta property=\"og:title\" content=\"Extras an Bord buchen f\u00fcr Ihr Bootsurlaub bei Yachtcharter De Drait\" \/>\n<meta property=\"og:description\" content=\"Machen Sie Ihren Aufenthalt an Bord mit unseren Extras an Bord besonders komfortabel, sowie Bettw\u00e4sche, Fahrr\u00e4der, usw.\" \/>\n<meta property=\"og:url\" content=\"https:\/\/yachtcharterdedrait.nl\/de\/buchen-sie-ihre-extras-an-bord\/\" \/>\n<meta property=\"og:site_name\" content=\"Yachtcharter De Drait - Friesland, NL\" \/>\n<meta property=\"article:modified_time\" content=\"2026-01-19T15:32:25+00:00\" \/>\n<meta property=\"og:image\" content=\"https:\/\/yachtcharterdedrait.nl\/wp-content\/uploads\/Extras-reserveren-Yachtcharter-De-Drait.jpg\" \/>\n\t<meta property=\"og:image:width\" content=\"1920\" \/>\n\t<meta property=\"og:image:height\" content=\"378\" \/>\n\t<meta property=\"og:image:type\" content=\"image\/jpeg\" \/>\n<meta name=\"twitter:card\" content=\"summary_large_image\" \/>\n<meta name=\"twitter:label1\" content=\"Gesch\u00e4tzte Lesezeit\" \/>\n\t<meta name=\"twitter:data1\" content=\"1\u00a0Minute\" \/>\n<script type=\"application\/ld+json\" class=\"yoast-schema-graph\">{\"@context\":\"https:\\\/\\\/schema.org\",\"@graph\":[{\"@type\":\"WebPage\",\"@id\":\"https:\\\/\\\/yachtcharterdedrait.nl\\\/de\\\/buchen-sie-ihre-extras-an-bord\\\/\",\"url\":\"https:\\\/\\\/yachtcharterdedrait.nl\\\/de\\\/buchen-sie-ihre-extras-an-bord\\\/\",\"name\":\"Extras an Bord buchen f\u00fcr Ihr Bootsurlaub bei Yachtcharter De Drait\",\"isPartOf\":{\"@id\":\"https:\\\/\\\/yachtcharterdedrait.nl\\\/#website\"},\"primaryImageOfPage\":{\"@id\":\"https:\\\/\\\/yachtcharterdedrait.nl\\\/de\\\/buchen-sie-ihre-extras-an-bord\\\/#primaryimage\"},\"image\":{\"@id\":\"https:\\\/\\\/yachtcharterdedrait.nl\\\/de\\\/buchen-sie-ihre-extras-an-bord\\\/#primaryimage\"},\"thumbnailUrl\":\"https:\\\/\\\/yachtcharterdedrait.nl\\\/wp-content\\\/uploads\\\/Extras-reserveren-Yachtcharter-De-Drait.jpg\",\"datePublished\":\"2020-04-03T15:11:32+00:00\",\"dateModified\":\"2026-01-19T15:32:25+00:00\",\"description\":\"Machen Sie Ihren Aufenthalt an Bord mit unseren Extras an Bord besonders komfortabel, sowie Bettw\u00e4sche, Fahrr\u00e4der, usw.\",\"breadcrumb\":{\"@id\":\"https:\\\/\\\/yachtcharterdedrait.nl\\\/de\\\/buchen-sie-ihre-extras-an-bord\\\/#breadcrumb\"},\"inLanguage\":\"de\",\"potentialAction\":[{\"@type\":\"ReadAction\",\"target\":[\"https:\\\/\\\/yachtcharterdedrait.nl\\\/de\\\/buchen-sie-ihre-extras-an-bord\\\/\"]}]},{\"@type\":\"ImageObject\",\"inLanguage\":\"de\",\"@id\":\"https:\\\/\\\/yachtcharterdedrait.nl\\\/de\\\/buchen-sie-ihre-extras-an-bord\\\/#primaryimage\",\"url\":\"https:\\\/\\\/yachtcharterdedrait.nl\\\/wp-content\\\/uploads\\\/Extras-reserveren-Yachtcharter-De-Drait.jpg\",\"contentUrl\":\"https:\\\/\\\/yachtcharterdedrait.nl\\\/wp-content\\\/uploads\\\/Extras-reserveren-Yachtcharter-De-Drait.jpg\",\"width\":1920,\"height\":378,\"caption\":\"Extra's\"},{\"@type\":\"BreadcrumbList\",\"@id\":\"https:\\\/\\\/yachtcharterdedrait.nl\\\/de\\\/buchen-sie-ihre-extras-an-bord\\\/#breadcrumb\",\"itemListElement\":[{\"@type\":\"ListItem\",\"position\":1,\"name\":\"Home\",\"item\":\"https:\\\/\\\/yachtcharterdedrait.nl\\\/de\\\/\"},{\"@type\":\"ListItem\",\"position\":2,\"name\":\"Extras an Bord buchen\"}]},{\"@type\":\"WebSite\",\"@id\":\"https:\\\/\\\/yachtcharterdedrait.nl\\\/#website\",\"url\":\"https:\\\/\\\/yachtcharterdedrait.nl\\\/\",\"name\":\"Yachtcharter De Drait - Friesland, NL\",\"description\":\"Mieten Sie sich ein Boot f\u00fcr Ihren Traumurlaub\",\"potentialAction\":[{\"@type\":\"SearchAction\",\"target\":{\"@type\":\"EntryPoint\",\"urlTemplate\":\"https:\\\/\\\/yachtcharterdedrait.nl\\\/?s={search_term_string}\"},\"query-input\":{\"@type\":\"PropertyValueSpecification\",\"valueRequired\":true,\"valueName\":\"search_term_string\"}}],\"inLanguage\":\"de\"}]}<\/script>\n<!-- \/ Yoast SEO plugin. -->","yoast_head_json":{"title":"Extras an Bord buchen f\u00fcr Ihr Bootsurlaub bei Yachtcharter De Drait","description":"Machen Sie Ihren Aufenthalt an Bord mit unseren Extras an Bord besonders komfortabel, sowie Bettw\u00e4sche, Fahrr\u00e4der, usw.","robots":{"index":"index","follow":"follow","max-snippet":"max-snippet:-1","max-image-preview":"max-image-preview:large","max-video-preview":"max-video-preview:-1"},"canonical":"https:\/\/yachtcharterdedrait.nl\/de\/buchen-sie-ihre-extras-an-bord\/","og_locale":"de_DE","og_type":"article","og_title":"Extras an Bord buchen f\u00fcr Ihr Bootsurlaub bei Yachtcharter De Drait","og_description":"Machen Sie Ihren Aufenthalt an Bord mit unseren Extras an Bord besonders komfortabel, sowie Bettw\u00e4sche, Fahrr\u00e4der, usw.","og_url":"https:\/\/yachtcharterdedrait.nl\/de\/buchen-sie-ihre-extras-an-bord\/","og_site_name":"Yachtcharter De Drait - Friesland, NL","article_modified_time":"2026-01-19T15:32:25+00:00","og_image":[{"width":1920,"height":378,"url":"https:\/\/yachtcharterdedrait.nl\/wp-content\/uploads\/Extras-reserveren-Yachtcharter-De-Drait.jpg","type":"image\/jpeg"}],"twitter_card":"summary_large_image","twitter_misc":{"Gesch\u00e4tzte Lesezeit":"1\u00a0Minute"},"schema":{"@context":"https:\/\/schema.org","@graph":[{"@type":"WebPage","@id":"https:\/\/yachtcharterdedrait.nl\/de\/buchen-sie-ihre-extras-an-bord\/","url":"https:\/\/yachtcharterdedrait.nl\/de\/buchen-sie-ihre-extras-an-bord\/","name":"Extras an Bord buchen f\u00fcr Ihr Bootsurlaub bei Yachtcharter De Drait","isPartOf":{"@id":"https:\/\/yachtcharterdedrait.nl\/#website"},"primaryImageOfPage":{"@id":"https:\/\/yachtcharterdedrait.nl\/de\/buchen-sie-ihre-extras-an-bord\/#primaryimage"},"image":{"@id":"https:\/\/yachtcharterdedrait.nl\/de\/buchen-sie-ihre-extras-an-bord\/#primaryimage"},"thumbnailUrl":"https:\/\/yachtcharterdedrait.nl\/wp-content\/uploads\/Extras-reserveren-Yachtcharter-De-Drait.jpg","datePublished":"2020-04-03T15:11:32+00:00","dateModified":"2026-01-19T15:32:25+00:00","description":"Machen Sie Ihren Aufenthalt an Bord mit unseren Extras an Bord besonders komfortabel, sowie Bettw\u00e4sche, Fahrr\u00e4der, usw.","breadcrumb":{"@id":"https:\/\/yachtcharterdedrait.nl\/de\/buchen-sie-ihre-extras-an-bord\/#breadcrumb"},"inLanguage":"de","potentialAction":[{"@type":"ReadAction","target":["https:\/\/yachtcharterdedrait.nl\/de\/buchen-sie-ihre-extras-an-bord\/"]}]},{"@type":"ImageObject","inLanguage":"de","@id":"https:\/\/yachtcharterdedrait.nl\/de\/buchen-sie-ihre-extras-an-bord\/#primaryimage","url":"https:\/\/yachtcharterdedrait.nl\/wp-content\/uploads\/Extras-reserveren-Yachtcharter-De-Drait.jpg","contentUrl":"https:\/\/yachtcharterdedrait.nl\/wp-content\/uploads\/Extras-reserveren-Yachtcharter-De-Drait.jpg","width":1920,"height":378,"caption":"Extra's"},{"@type":"BreadcrumbList","@id":"https:\/\/yachtcharterdedrait.nl\/de\/buchen-sie-ihre-extras-an-bord\/#breadcrumb","itemListElement":[{"@type":"ListItem","position":1,"name":"Home","item":"https:\/\/yachtcharterdedrait.nl\/de\/"},{"@type":"ListItem","position":2,"name":"Extras an Bord buchen"}]},{"@type":"WebSite","@id":"https:\/\/yachtcharterdedrait.nl\/#website","url":"https:\/\/yachtcharterdedrait.nl\/","name":"Yachtcharter De Drait - Friesland, NL","description":"Mieten Sie sich ein Boot f\u00fcr Ihren Traumurlaub","potentialAction":[{"@type":"SearchAction","target":{"@type":"EntryPoint","urlTemplate":"https:\/\/yachtcharterdedrait.nl\/?s={search_term_string}"},"query-input":{"@type":"PropertyValueSpecification","valueRequired":true,"valueName":"search_term_string"}}],"inLanguage":"de"}]}},"_links":{"self":[{"href":"https:\/\/yachtcharterdedrait.nl\/de\/wp-json\/wp\/v2\/pages\/4158","targetHints":{"allow":["GET"]}}],"collection":[{"href":"https:\/\/yachtcharterdedrait.nl\/de\/wp-json\/wp\/v2\/pages"}],"about":[{"href":"https:\/\/yachtcharterdedrait.nl\/de\/wp-json\/wp\/v2\/types\/page"}],"author":[{"embeddable":true,"href":"https:\/\/yachtcharterdedrait.nl\/de\/wp-json\/wp\/v2\/users\/7"}],"replies":[{"embeddable":true,"href":"https:\/\/yachtcharterdedrait.nl\/de\/wp-json\/wp\/v2\/comments?post=4158"}],"version-history":[{"count":1,"href":"https:\/\/yachtcharterdedrait.nl\/de\/wp-json\/wp\/v2\/pages\/4158\/revisions"}],"predecessor-version":[{"id":12615,"href":"https:\/\/yachtcharterdedrait.nl\/de\/wp-json\/wp\/v2\/pages\/4158\/revisions\/12615"}],"wp:featuredmedia":[{"embeddable":true,"href":"https:\/\/yachtcharterdedrait.nl\/de\/wp-json\/wp\/v2\/media\/4336"}],"wp:attachment":[{"href":"https:\/\/yachtcharterdedrait.nl\/de\/wp-json\/wp\/v2\/media?parent=4158"}],"curies":[{"name":"wp","href":"https:\/\/api.w.org\/{rel}","templated":true}]}}