{"id":4226,"date":"2020-04-13T12:42:28","date_gmt":"2020-04-13T12:42:28","guid":{"rendered":"https:\/\/yachtcharterdedrait.nl\/?page_id=4226"},"modified":"2023-01-18T09:55:38","modified_gmt":"2023-01-18T09:55:38","slug":"uebernachtung-an-bord","status":"publish","type":"page","link":"https:\/\/yachtcharterdedrait.nl\/de\/uebernachtung-an-bord\/","title":{"rendered":"\u00dcbernachtung an Bord"},"content":{"rendered":"\r\n<p>M\u00f6chten Sie erfahren, wie es ist, auf dem Wasser zu \u00fcbernachten? Morgens aufwachen, w\u00e4hrend die Sonne \u00fcber dem Wasser glitzert, das pl\u00e4tschernde Wasser und die Enten und V\u00f6gel Sie begr\u00fc\u00dfen? Sie k\u00f6nnen dies auf einer unserer Luxus-Motoryachten oder Hausboote in unserem Yachthafen in der gr\u00fcnen Umgebung von Drachten (Friesland) tun. * Sie k\u00f6nnen zwischen einer 2-, 4-, 6- oder 8-Personen-Yacht, aus unsere <a href=\"https:\/\/yachtcharterdedrait.nl\/de\/blog\/hausbooturlaub-auf-dem-wasser\/\" target=\"_blank\" rel=\"noreferrer noopener\">Campi Houseboat<\/a> f\u00fcr 2+3 Personen oder unsere Bungalowboot f\u00fcr 4+2 Personen w\u00e4hlen<\/p>\r\n\r\n\r\n\r\n<p><em>* Die Boote befinden sich an einem festen Ort in unserem Yachthafen. Sie k\u00f6nnen nicht mit den Booten fahren, aber Sie k\u00f6nnen alle Einrichtungen an Bord und am Yachthafen nutzen. M\u00f6chten Sie lieber fahren? Sehen Sie sich unser Angebot an <a href=\"https:\/\/yachtcharterdedrait.nl\/boot-huren\/?action=YFsearchresult&amp;values=Language%3A%3ANL%23%23OrderLanguage%3A%3ANL%23%23Providers%3A%3A2803%23\">Mietbooten<\/a> an.<\/em><\/p>\r\n\r\n\r\n\r\n<h3 class=\"wp-block-heading\">Enteilung der Boote f\u00fcr ein \u00dcbernachtung<\/h3>\r\n\r\n\r\n\r\n<p>Jedes Boot hat 1 bis 4 Kabinen. Jede Kabine verf\u00fcgt entweder \u00fcber zwei Einzelbetten, mehrere Betten oder ein Etagenbett oder ein Doppelbett. Dar\u00fcber hinaus finden Sie in der Yacht einen oder mehrere Dusch- oder Toilettenbereiche, eine K\u00fcche, eine ger\u00e4umige Lounge und ein Achterdeck mit Gartenm\u00f6beln oder permanenten Sitzgelegenheiten.<\/p>\r\n\r\n\r\n\r\n<p>Die K\u00fcche verf\u00fcgt \u00fcber ein Kochfeld (Strom oder Gas), einen K\u00fchlschrank, eine Kaffeemaschine, Geschirr und Kochutensilien. Einige Boote sind mit einer Mikrowelle oder einem Backofen ausgestattet. Der Yachthafen verf\u00fcgt \u00fcber einen gemeinschaftlichen Sanit\u00e4rraum mit Duschen und Toiletten. Gegen eine Geb\u00fchr k\u00f6nnen Sie auch eine Waschmaschine und einen Trockner benutzen.<\/p>\r\n\r\n\r\n\r\n<figure class=\"wp-block-gallery columns-2 is-cropped wp-block-gallery-1 is-layout-flex wp-block-gallery-is-layout-flex\">\r\n<ul class=\"blocks-gallery-grid\">\r\n<li class=\"blocks-gallery-item\">\r\n<figure><img decoding=\"async\" width=\"1019\" height=\"1024\" class=\"wp-image-5201 lazyload\" data-src=\"https:\/\/yachtcharterdedrait.nl\/wp-content\/uploads\/fot-_Marta-Paw\u0142owska_boathouse_Jacek-Bystry-14-1019x1024.jpg\" alt=\"\u00dcbernachten an Bord\" data-id=\"5201\" data-full-url=\"https:\/\/yachtcharterdedrait.nl\/wp-content\/uploads\/fot-_Marta-Paw\u0142owska_boathouse_Jacek-Bystry-14.jpg\" data-link=\"https:\/\/yachtcharterdedrait.nl\/de\/uebernachtung-an-bord\/fot-_marta-pawlowska_boathouse_jacek-bystry-14\/\" data-srcset=\"https:\/\/yachtcharterdedrait.nl\/wp-content\/uploads\/fot-_Marta-Paw\u0142owska_boathouse_Jacek-Bystry-14-1019x1024.jpg 1019w, https:\/\/yachtcharterdedrait.nl\/wp-content\/uploads\/fot-_Marta-Paw\u0142owska_boathouse_Jacek-Bystry-14-300x300.jpg 300w, https:\/\/yachtcharterdedrait.nl\/wp-content\/uploads\/fot-_Marta-Paw\u0142owska_boathouse_Jacek-Bystry-14-150x150.jpg 150w, https:\/\/yachtcharterdedrait.nl\/wp-content\/uploads\/fot-_Marta-Paw\u0142owska_boathouse_Jacek-Bystry-14-768x772.jpg 768w, https:\/\/yachtcharterdedrait.nl\/wp-content\/uploads\/fot-_Marta-Paw\u0142owska_boathouse_Jacek-Bystry-14.jpg 1194w\" data-sizes=\"(max-width: 1019px) 100vw, 1019px\" src=\"data:image\/svg+xml;base64,PHN2ZyB3aWR0aD0iMSIgaGVpZ2h0PSIxIiB4bWxucz0iaHR0cDovL3d3dy53My5vcmcvMjAwMC9zdmciPjwvc3ZnPg==\" style=\"--smush-placeholder-width: 1019px; --smush-placeholder-aspect-ratio: 1019\/1024;\" \/><\/figure>\r\n<\/li>\r\n<li class=\"blocks-gallery-item\">\r\n<figure><img decoding=\"async\" width=\"1024\" height=\"1012\" class=\"wp-image-5204 lazyload\" data-src=\"https:\/\/yachtcharterdedrait.nl\/wp-content\/uploads\/fot-_Marta-Paw\u0142owska_boathouse_Jacek-Bystry-1-1024x1012.jpg\" alt=\"\u00dcbernachten\" data-id=\"5204\" data-full-url=\"https:\/\/yachtcharterdedrait.nl\/wp-content\/uploads\/fot-_Marta-Paw\u0142owska_boathouse_Jacek-Bystry-1.jpg\" data-link=\"https:\/\/yachtcharterdedrait.nl\/de\/uebernachtung-an-bord\/fot-_marta-pawlowska_boathouse_jacek-bystry-1\/\" data-srcset=\"https:\/\/yachtcharterdedrait.nl\/wp-content\/uploads\/fot-_Marta-Paw\u0142owska_boathouse_Jacek-Bystry-1-1024x1012.jpg 1024w, https:\/\/yachtcharterdedrait.nl\/wp-content\/uploads\/fot-_Marta-Paw\u0142owska_boathouse_Jacek-Bystry-1-300x297.jpg 300w, https:\/\/yachtcharterdedrait.nl\/wp-content\/uploads\/fot-_Marta-Paw\u0142owska_boathouse_Jacek-Bystry-1-768x759.jpg 768w, https:\/\/yachtcharterdedrait.nl\/wp-content\/uploads\/fot-_Marta-Paw\u0142owska_boathouse_Jacek-Bystry-1.jpg 1200w\" data-sizes=\"(max-width: 1024px) 100vw, 1024px\" src=\"data:image\/svg+xml;base64,PHN2ZyB3aWR0aD0iMSIgaGVpZ2h0PSIxIiB4bWxucz0iaHR0cDovL3d3dy53My5vcmcvMjAwMC9zdmciPjwvc3ZnPg==\" style=\"--smush-placeholder-width: 1024px; --smush-placeholder-aspect-ratio: 1024\/1012;\" \/><\/figure>\r\n<\/li>\r\n<\/ul>\r\n<\/figure>\r\n\r\n\r\n\r\n<h3 class=\"wp-block-heading\">Die Umgebung<\/h3>\r\n\r\n\r\n\r\n<p>Die Umgebung, in der sich der Yachthafen befindet, ist der perfekte Ort zum Wandern, Radfahren, Kanufahren und nat\u00fcrlich zum Bootfahren. Sie k\u00f6nnen daher am Yachthafen <a href=\"https:\/\/jachthavendedrait.nl\/fietsen-in-friesland\/\" target=\"_blank\" rel=\"noreferrer noopener\" aria-label=\"Fahrr\u00e4der (opent in een nieuwe tab)\">Fahrr\u00e4der<\/a>, <a href=\"https:\/\/yachtcharterdedrait.nl\/de\/schaluppen-mieten\/\" target=\"_blank\" rel=\"noreferrer noopener\" aria-label=\"Motoryachten, Schaluppen, Kanus und SUP-Boards mieten. (opent in een nieuwe tab)\">Motoryachten, Schaluppen, Kanus und SUP-Boards mieten.<\/a><\/p>\r\n\r\n\r\n\r\n<p>Besuchen Sie zum Beispiel die friesische Hauptstadt Leeuwarden, genie\u00dfen Sie einen wundersch\u00f6nen Tag in den friesischen Gew\u00e4ssern mit einer Schaluppe oder einer Motoryacht oder entdecken Sie das Zentrum von Drachten, das mit dem Fahrrad vom Yachthafen entfernt liegt. Hier k\u00f6nnen Sie einkaufen, aber auch das Theater De Lawei, ein Kino, das Museum Dr8888 und verschiedene Restaurants besuchen.<\/p>\r\n\r\n\r\n\r\n\r\n\r\n<h3 class=\"wp-block-heading\">Wie buche ich die \u00dcbernachtung an Bord?<\/h3>\r\n<p>Die Kosten f\u00fcr eine \u00dcbernachtung auf einer unserer Motoryachten oder Hausboote betragen 175 \u20ac pro Nacht f\u00fcr zwei Personen. Zus\u00e4tzlich erheben wir einen einmaligen Beitrag von 50 \u20ac f\u00fcr die Endreinigung. Sie m\u00f6chten mit mehr als zwei Personen auf einem unserer Boote \u00fcbernachten? Was kann! F\u00fcr 55 \u20ac pro Person und Nacht. Die Kosten beinhalten Bettw\u00e4sche und Handt\u00fccher und sind exkl. Kurtaxe pro Person pro Nacht.\u00a0<\/p>\r\n\r\n\r\n\r\n<p>M\u00f6chten Sie dieses einzigartige Erlebnis von einer \u00dcbernachtung auf dem Wasser buchen? Sie k\u00f6nnen dies einfach tun, indem Sie eine E-Mail an <a href=\"mailto:contact@dedrait.com\" target=\"_blank\" rel=\"noreferrer noopener\">contact@dedrait.com<\/a> senden. Wir freuen uns, Sie in der Marina zu sehen!<\/p>\r\n\r\n\r\n\r\n<p>Was andere dazu sagen:<\/p>\r\n\r\n\r\n\r\n<p>\u201eSch\u00f6ne Art, die Nacht auf dem Wasser zu verbringen. Wir hatten ein sch\u00f6nes ger\u00e4umiges Boot und wurden gut und freundlich geholfen. Wir werden das auf jeden Fall wieder tun und in Friesland fahren. \u201c<br \/>&#8211; Christian<\/p>\r\n\r\n\r\n\r\n<p><br \/>\u201eSch\u00f6ne Art, die Nacht anders zu verbringen. Sch\u00f6ner Ort am Wasser. Der Empfang und die weitere Hilfe waren freundlich und professionell. \u201c<br \/>&#8211; Patroesja<\/p>\r\n\r\n\r\n\r\n<p><br \/>\u201cUnglaublich sch\u00f6ne Unterkunft. Wir hatten eine tolle Zeit an Bord der Drait 77. Das n\u00e4chste Mal werden wir wiederkommen, aber sicherlich auch zum Fahren. \u201c<br \/>&#8211; Rob<\/p>\r\n","protected":false},"excerpt":{"rendered":"<p>M\u00f6chten Sie erfahren, wie es ist, auf dem Wasser zu \u00fcbernachten? Morgens aufwachen, w\u00e4hrend die Sonne \u00fcber dem Wasser glitzert, das pl\u00e4tschernde Wasser und die Enten und V\u00f6gel Sie begr\u00fc\u00dfen? Sie k\u00f6nnen dies auf einer unserer Luxus-Motoryachten oder Hausboote in unserem Yachthafen in der gr\u00fcnen Umgebung von Drachten (Friesland) tun. * Sie k\u00f6nnen zwischen einer [&hellip;]<\/p>\n","protected":false},"author":5,"featured_media":0,"parent":0,"menu_order":0,"comment_status":"closed","ping_status":"closed","template":"","meta":{"inline_featured_image":false,"footnotes":""},"class_list":["post-4226","page","type-page","status-publish","hentry"],"yoast_head":"<!-- This site is optimized with the Yoast SEO plugin v27.1.1 - https:\/\/yoast.com\/product\/yoast-seo-wordpress\/ -->\n<title>\u00dcbernachtung an Bord auf einer unsere Yachten in der Marina<\/title>\n<meta name=\"description\" content=\"Kommen Sie an Bord von eine unsere Yachten \u00fcbernachten? \u00dcbernachten Sie an Bord in der Marina von De Drait.\" \/>\n<meta name=\"robots\" content=\"index, follow, max-snippet:-1, max-image-preview:large, max-video-preview:-1\" \/>\n<link rel=\"canonical\" href=\"https:\/\/yachtcharterdedrait.nl\/de\/uebernachtung-an-bord\/\" \/>\n<meta property=\"og:locale\" content=\"de_DE\" \/>\n<meta property=\"og:type\" content=\"article\" \/>\n<meta property=\"og:title\" content=\"\u00dcbernachtung an Bord auf einer unsere Yachten in der Marina\" \/>\n<meta property=\"og:description\" content=\"Kommen Sie an Bord von eine unsere Yachten \u00fcbernachten? \u00dcbernachten Sie an Bord in der Marina von De Drait.\" \/>\n<meta property=\"og:url\" content=\"https:\/\/yachtcharterdedrait.nl\/de\/uebernachtung-an-bord\/\" \/>\n<meta property=\"og:site_name\" content=\"Yachtcharter De Drait - Friesland, NL\" \/>\n<meta property=\"article:modified_time\" content=\"2023-01-18T09:55:38+00:00\" \/>\n<meta name=\"twitter:card\" content=\"summary_large_image\" \/>\n<meta name=\"twitter:label1\" content=\"Gesch\u00e4tzte Lesezeit\" \/>\n\t<meta name=\"twitter:data1\" content=\"3\u00a0Minuten\" \/>\n<script type=\"application\/ld+json\" class=\"yoast-schema-graph\">{\"@context\":\"https:\/\/schema.org\",\"@graph\":[{\"@type\":\"WebPage\",\"@id\":\"https:\/\/yachtcharterdedrait.nl\/de\/uebernachtung-an-bord\/\",\"url\":\"https:\/\/yachtcharterdedrait.nl\/de\/uebernachtung-an-bord\/\",\"name\":\"\u00dcbernachtung an Bord auf einer unsere Yachten in der Marina\",\"isPartOf\":{\"@id\":\"https:\/\/yachtcharterdedrait.nl\/#website\"},\"datePublished\":\"2020-04-13T12:42:28+00:00\",\"dateModified\":\"2023-01-18T09:55:38+00:00\",\"description\":\"Kommen Sie an Bord von eine unsere Yachten \u00fcbernachten? \u00dcbernachten Sie an Bord in der Marina von De Drait.\",\"breadcrumb\":{\"@id\":\"https:\/\/yachtcharterdedrait.nl\/de\/uebernachtung-an-bord\/#breadcrumb\"},\"inLanguage\":\"de\",\"potentialAction\":[{\"@type\":\"ReadAction\",\"target\":[\"https:\/\/yachtcharterdedrait.nl\/de\/uebernachtung-an-bord\/\"]}]},{\"@type\":\"BreadcrumbList\",\"@id\":\"https:\/\/yachtcharterdedrait.nl\/de\/uebernachtung-an-bord\/#breadcrumb\",\"itemListElement\":[{\"@type\":\"ListItem\",\"position\":1,\"name\":\"Home\",\"item\":\"https:\/\/yachtcharterdedrait.nl\/de\/\"},{\"@type\":\"ListItem\",\"position\":2,\"name\":\"\u00dcbernachtung an Bord\"}]},{\"@type\":\"WebSite\",\"@id\":\"https:\/\/yachtcharterdedrait.nl\/#website\",\"url\":\"https:\/\/yachtcharterdedrait.nl\/\",\"name\":\"Yachtcharter De Drait - Friesland, NL\",\"description\":\"Mieten Sie sich ein Boot f\u00fcr Ihren Traumurlaub\",\"potentialAction\":[{\"@type\":\"SearchAction\",\"target\":{\"@type\":\"EntryPoint\",\"urlTemplate\":\"https:\/\/yachtcharterdedrait.nl\/?s={search_term_string}\"},\"query-input\":{\"@type\":\"PropertyValueSpecification\",\"valueRequired\":true,\"valueName\":\"search_term_string\"}}],\"inLanguage\":\"de\"}]}<\/script>\n<!-- \/ Yoast SEO plugin. -->","yoast_head_json":{"title":"\u00dcbernachtung an Bord auf einer unsere Yachten in der Marina","description":"Kommen Sie an Bord von eine unsere Yachten \u00fcbernachten? \u00dcbernachten Sie an Bord in der Marina von De Drait.","robots":{"index":"index","follow":"follow","max-snippet":"max-snippet:-1","max-image-preview":"max-image-preview:large","max-video-preview":"max-video-preview:-1"},"canonical":"https:\/\/yachtcharterdedrait.nl\/de\/uebernachtung-an-bord\/","og_locale":"de_DE","og_type":"article","og_title":"\u00dcbernachtung an Bord auf einer unsere Yachten in der Marina","og_description":"Kommen Sie an Bord von eine unsere Yachten \u00fcbernachten? \u00dcbernachten Sie an Bord in der Marina von De Drait.","og_url":"https:\/\/yachtcharterdedrait.nl\/de\/uebernachtung-an-bord\/","og_site_name":"Yachtcharter De Drait - Friesland, NL","article_modified_time":"2023-01-18T09:55:38+00:00","twitter_card":"summary_large_image","twitter_misc":{"Gesch\u00e4tzte Lesezeit":"3\u00a0Minuten"},"schema":{"@context":"https:\/\/schema.org","@graph":[{"@type":"WebPage","@id":"https:\/\/yachtcharterdedrait.nl\/de\/uebernachtung-an-bord\/","url":"https:\/\/yachtcharterdedrait.nl\/de\/uebernachtung-an-bord\/","name":"\u00dcbernachtung an Bord auf einer unsere Yachten in der Marina","isPartOf":{"@id":"https:\/\/yachtcharterdedrait.nl\/#website"},"datePublished":"2020-04-13T12:42:28+00:00","dateModified":"2023-01-18T09:55:38+00:00","description":"Kommen Sie an Bord von eine unsere Yachten \u00fcbernachten? \u00dcbernachten Sie an Bord in der Marina von De Drait.","breadcrumb":{"@id":"https:\/\/yachtcharterdedrait.nl\/de\/uebernachtung-an-bord\/#breadcrumb"},"inLanguage":"de","potentialAction":[{"@type":"ReadAction","target":["https:\/\/yachtcharterdedrait.nl\/de\/uebernachtung-an-bord\/"]}]},{"@type":"BreadcrumbList","@id":"https:\/\/yachtcharterdedrait.nl\/de\/uebernachtung-an-bord\/#breadcrumb","itemListElement":[{"@type":"ListItem","position":1,"name":"Home","item":"https:\/\/yachtcharterdedrait.nl\/de\/"},{"@type":"ListItem","position":2,"name":"\u00dcbernachtung an Bord"}]},{"@type":"WebSite","@id":"https:\/\/yachtcharterdedrait.nl\/#website","url":"https:\/\/yachtcharterdedrait.nl\/","name":"Yachtcharter De Drait - Friesland, NL","description":"Mieten Sie sich ein Boot f\u00fcr Ihren Traumurlaub","potentialAction":[{"@type":"SearchAction","target":{"@type":"EntryPoint","urlTemplate":"https:\/\/yachtcharterdedrait.nl\/?s={search_term_string}"},"query-input":{"@type":"PropertyValueSpecification","valueRequired":true,"valueName":"search_term_string"}}],"inLanguage":"de"}]}},"_links":{"self":[{"href":"https:\/\/yachtcharterdedrait.nl\/de\/wp-json\/wp\/v2\/pages\/4226","targetHints":{"allow":["GET"]}}],"collection":[{"href":"https:\/\/yachtcharterdedrait.nl\/de\/wp-json\/wp\/v2\/pages"}],"about":[{"href":"https:\/\/yachtcharterdedrait.nl\/de\/wp-json\/wp\/v2\/types\/page"}],"author":[{"embeddable":true,"href":"https:\/\/yachtcharterdedrait.nl\/de\/wp-json\/wp\/v2\/users\/5"}],"replies":[{"embeddable":true,"href":"https:\/\/yachtcharterdedrait.nl\/de\/wp-json\/wp\/v2\/comments?post=4226"}],"version-history":[{"count":0,"href":"https:\/\/yachtcharterdedrait.nl\/de\/wp-json\/wp\/v2\/pages\/4226\/revisions"}],"wp:attachment":[{"href":"https:\/\/yachtcharterdedrait.nl\/de\/wp-json\/wp\/v2\/media?parent=4226"}],"curies":[{"name":"wp","href":"https:\/\/api.w.org\/{rel}","templated":true}]}}