{"id":4350,"date":"2020-04-29T14:04:39","date_gmt":"2020-04-29T14:04:39","guid":{"rendered":"https:\/\/yachtcharterdedrait.nl\/?page_id=4350"},"modified":"2026-01-19T15:15:51","modified_gmt":"2026-01-19T15:15:51","slug":"fahren-mit-der-familie","status":"publish","type":"page","link":"https:\/\/yachtcharterdedrait.nl\/de\/fahren-mit-der-familie\/","title":{"rendered":"Fahren mit der Familie"},"content":{"rendered":"\r\n<p>Ein Urlaub auf dem Boot (F\u00fchrerscheinfrei) ist ein idealer Ausflug f\u00fcr die ganze Familie: Es ist immer f\u00fcr jeden etwas zu tun und zu sehen. Abenteuer und Spannung f\u00fcr den (Anf\u00e4nger oder erfahrenen) Skipper, Ruhe f\u00fcr den Naturliebhaber, viele neue Eindr\u00fccke f\u00fcr die Kleinen und vor allem viel Spa\u00df f\u00fcr alle. Checken Sie\u00a0 mit der ganzen Familie auf einem unserer Boote ein (geeignet f\u00fcr 2 bis 14 Personen), w\u00e4hlen Sie eine sch\u00f6ne Route, die Ihren Bed\u00fcrfnissen entspricht, und genie\u00dfen Sie die Ruhe und den Raum in der wundersch\u00f6nen gr\u00fcnen und wasserreichen Umgebung von Friesland ab Woudsend oder Drachten.\u00a0<\/p>\r\n\r\n\r\n\r\n<h2 class=\"wp-block-heading\">Die besten Familienboote<\/h2>\r\n\r\n\r\n\r\n<p>Unsere Boote sind f\u00fcr 2 bis 14 Personen geeignet, was bedeutet, dass oft 1, 2 oder sogar 3 Familien auf ein Boot passen. Sie w\u00e4hlen, wie viel Privatsph\u00e4re Sie m\u00f6chten. Zum Beispiel haben unsere gr\u00f6\u00dferen Boote, wie die Impression 1400, 7 Kabinen, mehrere Toiletten und Duschen.<\/p>\r\n\r\n\r\n\r\n<p>Viele unserer Schiffe haben ein gro\u00dfes Achterdeck, auf dem jeder bequem sitzen und einen Snack, ein Getr\u00e4nk und ein lustiges Brett- oder Kartenspiel genie\u00dfen kann. Ein oder mehrere K\u00fchlschr\u00e4nke stehen zur Verf\u00fcgung und Sie k\u00f6nnen so viel Essen und Trinken mitbringen, wie Sie m\u00f6chten. Fahren Sie lieber mit mehreren Booten gleichzeitig? Das ist auch m\u00f6glich! F\u00fcr weitere Informationen und mehrere Bootsrabatte kontaktieren Sie uns bitte. Gerne unterbreiten wir Ihnen ein individuelles Angebot.<\/p>\r\n\r\n\r\n\r\n<h2 class=\"wp-block-heading\">Entdecken Sie spa\u00dfige Aktivit\u00e4ten und Fahrrouten f\u00fcr Familien.<\/h2>\r\n\r\n\r\n\r\n<p>Das Sch\u00f6ne am Fahren mit der Familie ist, dass jeder am Fahren beteiligt sein kann. Lassen Sie zum Beispiel die Kinder hinter dem Steuer sitzen. Oder binden Sie Seile, knoten Fender fest und planen Sie eine spa\u00dfige Route mit der Seekarte. Dar\u00fcber hinaus k\u00f6nnen Sie das Boot problemlos an einem wundersch\u00f6nen Ort in der Natur zum Schwimmen oder Angeln festmachen. Es ist in Drachten (NL) auch m\u00f6glich, SUP-Boards oder Kanus zu buchen.<\/p>\r\n\r\n\r\n\r\n<p>Wollen Sie wieder an Land gehen? Sie k\u00f6nnen das Boot problemlos in vielen H\u00e4fen der umliegenden St\u00e4dte und D\u00f6rfer festmachen. Zum Beispiel, um einen Spielplatz zu besuchen oder die Stadt mit allen zu erkunden.<\/p>\r\n\r\n\r\n\r\n<h2 class=\"wp-block-heading\">Bootsf\u00fchrerschein &amp; Skippertraining<\/h2>\r\n\r\n\r\n\r\n<p>Sie ben\u00f6tigen keine Lizenz, um unsere Boote zu mieten. Hat niemand in Ihrer Gruppe von Freunden Bootserfahrung und m\u00f6chten Sie etwas Erfahrung sammeln? Dann empfehlen wir Ihnen, im Voraus ein Skippertraining durchf\u00fchren. Dies ist nat\u00fcrlich auch m\u00f6glich, wenn Sie schon einmal gefahren sind, aber zus\u00e4tzliche Erfahrung sammeln m\u00f6chten. Weitere Informationen zum Skippertraining finden Sie <a href=\"https:\/\/yachtcharterdedrait.nl\/de\/skippertraining\/\">hier<\/a>.<\/p>\r\n\r\n\r\n\r\n<h2 class=\"wp-block-heading\">Online-Buchung<\/h2>\r\n\r\n\r\n\r\n<p>Auf der Seite: &#8222;<a href=\"https:\/\/yachtcharterdedrait.nl\/de\/boot-mieten\/\">boot mieten<\/a>&#8220; k\u00f6nnen Sie sofort sehen, welche Boote f\u00fcr welchen Zeitraum verf\u00fcgbar sind, f\u00fcr wie viele Personen das Boot geeignet ist und welche Preise damit verbunden sind. Sie k\u00f6nnen direkt online buchen. M\u00f6chten Sie ein Boot f\u00fcr einen Zeitraum mieten, der nicht im Buchungstool angezeigt wird? Oder haben Sie andere Fragen? Dann z\u00f6gern Sie nicht, uns zu kontaktieren.<\/p>\r\n","protected":false},"excerpt":{"rendered":"<p>Ein Urlaub auf dem Boot (F\u00fchrerscheinfrei) ist ein idealer Ausflug f\u00fcr die ganze Familie: Es ist immer f\u00fcr jeden etwas zu tun und zu sehen. Abenteuer und Spannung f\u00fcr den (Anf\u00e4nger oder erfahrenen) Skipper, Ruhe f\u00fcr den Naturliebhaber, viele neue Eindr\u00fccke f\u00fcr die Kleinen und vor allem viel Spa\u00df f\u00fcr alle. Checken Sie\u00a0 mit der [&hellip;]<\/p>\n","protected":false},"author":5,"featured_media":4180,"parent":0,"menu_order":0,"comment_status":"closed","ping_status":"closed","template":"","meta":{"inline_featured_image":false,"footnotes":""},"class_list":["post-4350","page","type-page","status-publish","has-post-thumbnail","hentry"],"yoast_head":"<!-- This site is optimized with the Yoast SEO plugin v27.1.1 - https:\/\/yoast.com\/product\/yoast-seo-wordpress\/ -->\n<title>Fahren mit der Familie - Yachtcharter De Drait - Friesland, NL<\/title>\n<meta name=\"description\" content=\"Familienurlaub? Mieten Sie ein Boot und entdecken Sie wie sch\u00f6n Friesland ist auf dem Wasser. Unsere Boote haben Platz f\u00fcr 2-14 Personen.\" \/>\n<meta name=\"robots\" content=\"index, follow, max-snippet:-1, max-image-preview:large, max-video-preview:-1\" \/>\n<link rel=\"canonical\" href=\"https:\/\/yachtcharterdedrait.nl\/de\/fahren-mit-der-familie\/\" \/>\n<meta property=\"og:locale\" content=\"de_DE\" \/>\n<meta property=\"og:type\" content=\"article\" \/>\n<meta property=\"og:title\" content=\"Fahren mit der Familie - Yachtcharter De Drait - Friesland, NL\" \/>\n<meta property=\"og:description\" content=\"Familienurlaub? Mieten Sie ein Boot und entdecken Sie wie sch\u00f6n Friesland ist auf dem Wasser. Unsere Boote haben Platz f\u00fcr 2-14 Personen.\" \/>\n<meta property=\"og:url\" content=\"https:\/\/yachtcharterdedrait.nl\/de\/fahren-mit-der-familie\/\" \/>\n<meta property=\"og:site_name\" content=\"Yachtcharter De Drait - Friesland, NL\" \/>\n<meta property=\"article:modified_time\" content=\"2026-01-19T15:15:51+00:00\" \/>\n<meta property=\"og:image\" content=\"https:\/\/yachtcharterdedrait.nl\/wp-content\/uploads\/Vaargarantie-2020-2-1024x656.jpg\" \/>\n\t<meta property=\"og:image:width\" content=\"1024\" \/>\n\t<meta property=\"og:image:height\" content=\"656\" \/>\n\t<meta property=\"og:image:type\" content=\"image\/jpeg\" \/>\n<meta name=\"twitter:card\" content=\"summary_large_image\" \/>\n<meta name=\"twitter:label1\" content=\"Gesch\u00e4tzte Lesezeit\" \/>\n\t<meta name=\"twitter:data1\" content=\"3\u00a0Minuten\" \/>\n<script type=\"application\/ld+json\" class=\"yoast-schema-graph\">{\"@context\":\"https:\/\/schema.org\",\"@graph\":[{\"@type\":\"WebPage\",\"@id\":\"https:\/\/yachtcharterdedrait.nl\/de\/fahren-mit-der-familie\/\",\"url\":\"https:\/\/yachtcharterdedrait.nl\/de\/fahren-mit-der-familie\/\",\"name\":\"Fahren mit der Familie - Yachtcharter De Drait - Friesland, NL\",\"isPartOf\":{\"@id\":\"https:\/\/yachtcharterdedrait.nl\/#website\"},\"primaryImageOfPage\":{\"@id\":\"https:\/\/yachtcharterdedrait.nl\/de\/fahren-mit-der-familie\/#primaryimage\"},\"image\":{\"@id\":\"https:\/\/yachtcharterdedrait.nl\/de\/fahren-mit-der-familie\/#primaryimage\"},\"thumbnailUrl\":\"https:\/\/yachtcharterdedrait.nl\/wp-content\/uploads\/Vaargarantie-2020-2.jpg\",\"datePublished\":\"2020-04-29T14:04:39+00:00\",\"dateModified\":\"2026-01-19T15:15:51+00:00\",\"description\":\"Familienurlaub? Mieten Sie ein Boot und entdecken Sie wie sch\u00f6n Friesland ist auf dem Wasser. Unsere Boote haben Platz f\u00fcr 2-14 Personen.\",\"breadcrumb\":{\"@id\":\"https:\/\/yachtcharterdedrait.nl\/de\/fahren-mit-der-familie\/#breadcrumb\"},\"inLanguage\":\"de\",\"potentialAction\":[{\"@type\":\"ReadAction\",\"target\":[\"https:\/\/yachtcharterdedrait.nl\/de\/fahren-mit-der-familie\/\"]}]},{\"@type\":\"ImageObject\",\"inLanguage\":\"de\",\"@id\":\"https:\/\/yachtcharterdedrait.nl\/de\/fahren-mit-der-familie\/#primaryimage\",\"url\":\"https:\/\/yachtcharterdedrait.nl\/wp-content\/uploads\/Vaargarantie-2020-2.jpg\",\"contentUrl\":\"https:\/\/yachtcharterdedrait.nl\/wp-content\/uploads\/Vaargarantie-2020-2.jpg\",\"width\":2560,\"height\":1640},{\"@type\":\"BreadcrumbList\",\"@id\":\"https:\/\/yachtcharterdedrait.nl\/de\/fahren-mit-der-familie\/#breadcrumb\",\"itemListElement\":[{\"@type\":\"ListItem\",\"position\":1,\"name\":\"Home\",\"item\":\"https:\/\/yachtcharterdedrait.nl\/de\/\"},{\"@type\":\"ListItem\",\"position\":2,\"name\":\"Fahren mit der Familie\"}]},{\"@type\":\"WebSite\",\"@id\":\"https:\/\/yachtcharterdedrait.nl\/#website\",\"url\":\"https:\/\/yachtcharterdedrait.nl\/\",\"name\":\"Yachtcharter De Drait - Friesland, NL\",\"description\":\"Mieten Sie sich ein Boot f\u00fcr Ihren Traumurlaub\",\"potentialAction\":[{\"@type\":\"SearchAction\",\"target\":{\"@type\":\"EntryPoint\",\"urlTemplate\":\"https:\/\/yachtcharterdedrait.nl\/?s={search_term_string}\"},\"query-input\":{\"@type\":\"PropertyValueSpecification\",\"valueRequired\":true,\"valueName\":\"search_term_string\"}}],\"inLanguage\":\"de\"}]}<\/script>\n<!-- \/ Yoast SEO plugin. -->","yoast_head_json":{"title":"Fahren mit der Familie - Yachtcharter De Drait - Friesland, NL","description":"Familienurlaub? Mieten Sie ein Boot und entdecken Sie wie sch\u00f6n Friesland ist auf dem Wasser. Unsere Boote haben Platz f\u00fcr 2-14 Personen.","robots":{"index":"index","follow":"follow","max-snippet":"max-snippet:-1","max-image-preview":"max-image-preview:large","max-video-preview":"max-video-preview:-1"},"canonical":"https:\/\/yachtcharterdedrait.nl\/de\/fahren-mit-der-familie\/","og_locale":"de_DE","og_type":"article","og_title":"Fahren mit der Familie - Yachtcharter De Drait - Friesland, NL","og_description":"Familienurlaub? Mieten Sie ein Boot und entdecken Sie wie sch\u00f6n Friesland ist auf dem Wasser. Unsere Boote haben Platz f\u00fcr 2-14 Personen.","og_url":"https:\/\/yachtcharterdedrait.nl\/de\/fahren-mit-der-familie\/","og_site_name":"Yachtcharter De Drait - Friesland, NL","article_modified_time":"2026-01-19T15:15:51+00:00","og_image":[{"width":1024,"height":656,"url":"https:\/\/yachtcharterdedrait.nl\/wp-content\/uploads\/Vaargarantie-2020-2-1024x656.jpg","type":"image\/jpeg"}],"twitter_card":"summary_large_image","twitter_misc":{"Gesch\u00e4tzte Lesezeit":"3\u00a0Minuten"},"schema":{"@context":"https:\/\/schema.org","@graph":[{"@type":"WebPage","@id":"https:\/\/yachtcharterdedrait.nl\/de\/fahren-mit-der-familie\/","url":"https:\/\/yachtcharterdedrait.nl\/de\/fahren-mit-der-familie\/","name":"Fahren mit der Familie - Yachtcharter De Drait - Friesland, NL","isPartOf":{"@id":"https:\/\/yachtcharterdedrait.nl\/#website"},"primaryImageOfPage":{"@id":"https:\/\/yachtcharterdedrait.nl\/de\/fahren-mit-der-familie\/#primaryimage"},"image":{"@id":"https:\/\/yachtcharterdedrait.nl\/de\/fahren-mit-der-familie\/#primaryimage"},"thumbnailUrl":"https:\/\/yachtcharterdedrait.nl\/wp-content\/uploads\/Vaargarantie-2020-2.jpg","datePublished":"2020-04-29T14:04:39+00:00","dateModified":"2026-01-19T15:15:51+00:00","description":"Familienurlaub? Mieten Sie ein Boot und entdecken Sie wie sch\u00f6n Friesland ist auf dem Wasser. Unsere Boote haben Platz f\u00fcr 2-14 Personen.","breadcrumb":{"@id":"https:\/\/yachtcharterdedrait.nl\/de\/fahren-mit-der-familie\/#breadcrumb"},"inLanguage":"de","potentialAction":[{"@type":"ReadAction","target":["https:\/\/yachtcharterdedrait.nl\/de\/fahren-mit-der-familie\/"]}]},{"@type":"ImageObject","inLanguage":"de","@id":"https:\/\/yachtcharterdedrait.nl\/de\/fahren-mit-der-familie\/#primaryimage","url":"https:\/\/yachtcharterdedrait.nl\/wp-content\/uploads\/Vaargarantie-2020-2.jpg","contentUrl":"https:\/\/yachtcharterdedrait.nl\/wp-content\/uploads\/Vaargarantie-2020-2.jpg","width":2560,"height":1640},{"@type":"BreadcrumbList","@id":"https:\/\/yachtcharterdedrait.nl\/de\/fahren-mit-der-familie\/#breadcrumb","itemListElement":[{"@type":"ListItem","position":1,"name":"Home","item":"https:\/\/yachtcharterdedrait.nl\/de\/"},{"@type":"ListItem","position":2,"name":"Fahren mit der Familie"}]},{"@type":"WebSite","@id":"https:\/\/yachtcharterdedrait.nl\/#website","url":"https:\/\/yachtcharterdedrait.nl\/","name":"Yachtcharter De Drait - Friesland, NL","description":"Mieten Sie sich ein Boot f\u00fcr Ihren Traumurlaub","potentialAction":[{"@type":"SearchAction","target":{"@type":"EntryPoint","urlTemplate":"https:\/\/yachtcharterdedrait.nl\/?s={search_term_string}"},"query-input":{"@type":"PropertyValueSpecification","valueRequired":true,"valueName":"search_term_string"}}],"inLanguage":"de"}]}},"_links":{"self":[{"href":"https:\/\/yachtcharterdedrait.nl\/de\/wp-json\/wp\/v2\/pages\/4350","targetHints":{"allow":["GET"]}}],"collection":[{"href":"https:\/\/yachtcharterdedrait.nl\/de\/wp-json\/wp\/v2\/pages"}],"about":[{"href":"https:\/\/yachtcharterdedrait.nl\/de\/wp-json\/wp\/v2\/types\/page"}],"author":[{"embeddable":true,"href":"https:\/\/yachtcharterdedrait.nl\/de\/wp-json\/wp\/v2\/users\/5"}],"replies":[{"embeddable":true,"href":"https:\/\/yachtcharterdedrait.nl\/de\/wp-json\/wp\/v2\/comments?post=4350"}],"version-history":[{"count":3,"href":"https:\/\/yachtcharterdedrait.nl\/de\/wp-json\/wp\/v2\/pages\/4350\/revisions"}],"predecessor-version":[{"id":12605,"href":"https:\/\/yachtcharterdedrait.nl\/de\/wp-json\/wp\/v2\/pages\/4350\/revisions\/12605"}],"wp:featuredmedia":[{"embeddable":true,"href":"https:\/\/yachtcharterdedrait.nl\/de\/wp-json\/wp\/v2\/media\/4180"}],"wp:attachment":[{"href":"https:\/\/yachtcharterdedrait.nl\/de\/wp-json\/wp\/v2\/media?parent=4350"}],"curies":[{"name":"wp","href":"https:\/\/api.w.org\/{rel}","templated":true}]}}