{"id":4354,"date":"2020-04-29T14:04:50","date_gmt":"2020-04-29T14:04:50","guid":{"rendered":"https:\/\/yachtcharterdedrait.nl\/?page_id=4354"},"modified":"2025-12-22T10:30:47","modified_gmt":"2025-12-22T10:30:47","slug":"firmenausflug-auf-dem-wasser","status":"publish","type":"page","link":"https:\/\/yachtcharterdedrait.nl\/de\/firmenausflug-auf-dem-wasser\/","title":{"rendered":"Firmenausflug auf dem Wasser"},"content":{"rendered":"\r\n<p><em>M\u00f6chten Sie Ihre Kollegen ganz anders kennenlernen? Machen Sie einen Bootsurlaub! Wenn Sie gemeinsam aufs Wasser gehen, erleben Sie das ultimative Offsite: Sobald Sie an Bord gehen, entspannen Sie sich sofort.\u00a0<\/em><\/p>\r\n\r\n\r\n\r\n<p>Das Boot, das gem\u00e4chlich \u00fcber das Wasser f\u00e4hrt, sorgt daf\u00fcr, dass Sie nur entspannen und sich zur\u00fccklehnen k\u00f6nnen. Lassen Sie also die t\u00e4glichen Verpflichtungen bei der Arbeit: Dies ist die Zeit, die ruhige, gr\u00fcne Umgebung zu genie\u00dfen und sich gleichzeitig besser kennenzulernen. Wer wei\u00df, vielleicht haben Sie sogar neue Ideen, die Sie in den Tagesaufgaben nie gehabt h\u00e4tten! Kurz gesagt, perfekte Teambuilding.<\/p>\r\n\r\n\r\n\r\n<h2 class=\"wp-block-heading\">Die Boote<\/h2>\r\n\r\n\r\n\r\n<p>Unsere Boote sind f\u00fcr 2 bis 14 Personen geeignet. Sie w\u00e4hlen, wie viel Privatsph\u00e4re Sie m\u00f6chten. Gr\u00f6\u00dfere Boote, wie zum Beispiel die <a href=\"https:\/\/yachtcharterdedrait.nl\/de\/buchungskalender\/\">Impression 1400<\/a>, haben 7 Kabinen. Dar\u00fcber hinaus verf\u00fcgen diese Boote \u00fcber mehrere Toiletten und Duschen an Bord. Oder w\u00e4hlen Sie die Classicline 1300 &#8218;Drait 50&#8216;, mit Platz f\u00fcr 6 Personen, mit 3 Schlafzimmer und 3 Badezimmer, f\u00fcr mehr Komfort und Privatsph\u00e4re.\u00a0<\/p>\r\n\r\n\r\n\r\n<p>Viele unserer Schiffe haben ein gro\u00dfes Achterdeck, auf dem jeder bequem sitzen und einen Snack und ein Getr\u00e4nk genie\u00dfen kann. K\u00fchlschr\u00e4nke sind vorhanden und Sie k\u00f6nnen so viel Essen und Trinken mitbringen, wie Sie m\u00f6chten.<\/p>\r\n\r\n\r\n\r\n<p>Fahren Sie lieber mit mehreren Booten gleichzeitig? Das ist auch m\u00f6glich. F\u00fcr weitere Informationen kontaktieren Sie uns bitte.<\/p>\r\n\r\n\r\n\r\n<h2 class=\"wp-block-heading\">Bootsf\u00fchrerschein &amp; Skipper Training<\/h2>\r\n\r\n\r\n\r\n<p>Sie ben\u00f6tigen keine Lizenz, um unsere Boote zu mieten. Keiner von Ihnen hat Bootserfahrung und Sie m\u00f6chten etwas Erfahrung sammeln? Dann empfehlen wir Ihnen, mindestens einer Person in der Gruppe im Voraus ein Skippertraining durchzuf\u00fchren (dies kann nat\u00fcrlich auch als Gruppe erfolgen, damit der Urlaubsspa\u00df noch fr\u00fcher beginnt). Weitere Informationen zum Skippertraining finden Sie <a href=\"https:\/\/yachtcharterdedrait.nl\/de\/skippertraining\/\">hier<\/a>.<\/p>\r\n\r\n\r\n\r\n<h2 class=\"wp-block-heading\">Buchen Sie Ihren Firmenausflug online<\/h2>\r\n\r\n\r\n\r\n<p>Auf der Seite: \u201e<a href=\"https:\/\/yachtcharterdedrait.nl\/de\/boot-mieten\/\">boot mieten<\/a>\u201c k\u00f6nnen Sie sofort sehen, welche Boote f\u00fcr welchen Zeitraum verf\u00fcgbar sind und welche Preise damit verbunden sind. Die Preise beinhalten immer 21% MwSt. Die Anzahl der Personen, f\u00fcr die das Boot geeignet ist, wird pro Boot angezeigt. M\u00f6chten Sie ein Boot f\u00fcr einen Zeitraum mieten, der nicht im Buchungstool angezeigt wird? Oder haben Sie andere Fragen? Bitte z\u00f6gern Sie nicht, uns zu kontaktieren.<\/p>\r\n\r\n\r\n\r\n<p>&nbsp;<\/p>\r\n","protected":false},"excerpt":{"rendered":"<p>M\u00f6chten Sie Ihre Kollegen ganz anders kennenlernen? Machen Sie einen Bootsurlaub! Wenn Sie gemeinsam aufs Wasser gehen, erleben Sie das ultimative Offsite: Sobald Sie an Bord gehen, entspannen Sie sich sofort.\u00a0 Das Boot, das gem\u00e4chlich \u00fcber das Wasser f\u00e4hrt, sorgt daf\u00fcr, dass Sie nur entspannen und sich zur\u00fccklehnen k\u00f6nnen. Lassen Sie also die t\u00e4glichen Verpflichtungen [&hellip;]<\/p>\n","protected":false},"author":5,"featured_media":4451,"parent":0,"menu_order":0,"comment_status":"closed","ping_status":"closed","template":"","meta":{"inline_featured_image":false,"footnotes":""},"class_list":["post-4354","page","type-page","status-publish","has-post-thumbnail","hentry"],"yoast_head":"<!-- This site is optimized with the Yoast SEO plugin v27.1.1 - https:\/\/yoast.com\/product\/yoast-seo-wordpress\/ -->\n<title>Firmenausflug auf dem Wasser - Yachtcharter De Drait - Friesland, NL<\/title>\n<meta name=\"description\" content=\"Die perfekte Art des Teambuildings mit deinen Kollegen! Genie\u00dft gemeinsam mit euren Kollegen die Ruhe auf dem Wasser an Bord des Bootes.\" \/>\n<meta name=\"robots\" content=\"index, follow, max-snippet:-1, max-image-preview:large, max-video-preview:-1\" \/>\n<link rel=\"canonical\" href=\"https:\/\/yachtcharterdedrait.nl\/de\/firmenausflug-auf-dem-wasser\/\" \/>\n<meta property=\"og:locale\" content=\"de_DE\" \/>\n<meta property=\"og:type\" content=\"article\" \/>\n<meta property=\"og:title\" content=\"Firmenausflug auf dem Wasser - Yachtcharter De Drait - Friesland, NL\" \/>\n<meta property=\"og:description\" content=\"Die perfekte Art des Teambuildings mit deinen Kollegen! Genie\u00dft gemeinsam mit euren Kollegen die Ruhe auf dem Wasser an Bord des Bootes.\" \/>\n<meta property=\"og:url\" content=\"https:\/\/yachtcharterdedrait.nl\/de\/firmenausflug-auf-dem-wasser\/\" \/>\n<meta property=\"og:site_name\" content=\"Yachtcharter De Drait - Friesland, NL\" \/>\n<meta property=\"article:modified_time\" content=\"2025-12-22T10:30:47+00:00\" \/>\n<meta property=\"og:image\" content=\"https:\/\/yachtcharterdedrait.nl\/wp-content\/uploads\/yachtcharter-de-drait-header-bedrijfsuitje-op-het-water.jpg\" \/>\n\t<meta property=\"og:image:width\" content=\"1920\" \/>\n\t<meta property=\"og:image:height\" content=\"1080\" \/>\n\t<meta property=\"og:image:type\" content=\"image\/jpeg\" \/>\n<meta name=\"twitter:card\" content=\"summary_large_image\" \/>\n<meta name=\"twitter:label1\" content=\"Gesch\u00e4tzte Lesezeit\" \/>\n\t<meta name=\"twitter:data1\" content=\"2\u00a0Minuten\" \/>\n<script type=\"application\/ld+json\" class=\"yoast-schema-graph\">{\"@context\":\"https:\/\/schema.org\",\"@graph\":[{\"@type\":\"WebPage\",\"@id\":\"https:\/\/yachtcharterdedrait.nl\/de\/firmenausflug-auf-dem-wasser\/\",\"url\":\"https:\/\/yachtcharterdedrait.nl\/de\/firmenausflug-auf-dem-wasser\/\",\"name\":\"Firmenausflug auf dem Wasser - Yachtcharter De Drait - Friesland, NL\",\"isPartOf\":{\"@id\":\"https:\/\/yachtcharterdedrait.nl\/#website\"},\"primaryImageOfPage\":{\"@id\":\"https:\/\/yachtcharterdedrait.nl\/de\/firmenausflug-auf-dem-wasser\/#primaryimage\"},\"image\":{\"@id\":\"https:\/\/yachtcharterdedrait.nl\/de\/firmenausflug-auf-dem-wasser\/#primaryimage\"},\"thumbnailUrl\":\"https:\/\/yachtcharterdedrait.nl\/wp-content\/uploads\/yachtcharter-de-drait-header-bedrijfsuitje-op-het-water.jpg\",\"datePublished\":\"2020-04-29T14:04:50+00:00\",\"dateModified\":\"2025-12-22T10:30:47+00:00\",\"description\":\"Die perfekte Art des Teambuildings mit deinen Kollegen! Genie\u00dft gemeinsam mit euren Kollegen die Ruhe auf dem Wasser an Bord des Bootes.\",\"breadcrumb\":{\"@id\":\"https:\/\/yachtcharterdedrait.nl\/de\/firmenausflug-auf-dem-wasser\/#breadcrumb\"},\"inLanguage\":\"de\",\"potentialAction\":[{\"@type\":\"ReadAction\",\"target\":[\"https:\/\/yachtcharterdedrait.nl\/de\/firmenausflug-auf-dem-wasser\/\"]}]},{\"@type\":\"ImageObject\",\"inLanguage\":\"de\",\"@id\":\"https:\/\/yachtcharterdedrait.nl\/de\/firmenausflug-auf-dem-wasser\/#primaryimage\",\"url\":\"https:\/\/yachtcharterdedrait.nl\/wp-content\/uploads\/yachtcharter-de-drait-header-bedrijfsuitje-op-het-water.jpg\",\"contentUrl\":\"https:\/\/yachtcharterdedrait.nl\/wp-content\/uploads\/yachtcharter-de-drait-header-bedrijfsuitje-op-het-water.jpg\",\"width\":1920,\"height\":1080},{\"@type\":\"BreadcrumbList\",\"@id\":\"https:\/\/yachtcharterdedrait.nl\/de\/firmenausflug-auf-dem-wasser\/#breadcrumb\",\"itemListElement\":[{\"@type\":\"ListItem\",\"position\":1,\"name\":\"Home\",\"item\":\"https:\/\/yachtcharterdedrait.nl\/de\/\"},{\"@type\":\"ListItem\",\"position\":2,\"name\":\"Firmenausflug auf dem Wasser\"}]},{\"@type\":\"WebSite\",\"@id\":\"https:\/\/yachtcharterdedrait.nl\/#website\",\"url\":\"https:\/\/yachtcharterdedrait.nl\/\",\"name\":\"Yachtcharter De Drait - Friesland, NL\",\"description\":\"Mieten Sie sich ein Boot f\u00fcr Ihren Traumurlaub\",\"potentialAction\":[{\"@type\":\"SearchAction\",\"target\":{\"@type\":\"EntryPoint\",\"urlTemplate\":\"https:\/\/yachtcharterdedrait.nl\/?s={search_term_string}\"},\"query-input\":{\"@type\":\"PropertyValueSpecification\",\"valueRequired\":true,\"valueName\":\"search_term_string\"}}],\"inLanguage\":\"de\"}]}<\/script>\n<!-- \/ Yoast SEO plugin. -->","yoast_head_json":{"title":"Firmenausflug auf dem Wasser - Yachtcharter De Drait - Friesland, NL","description":"Die perfekte Art des Teambuildings mit deinen Kollegen! Genie\u00dft gemeinsam mit euren Kollegen die Ruhe auf dem Wasser an Bord des Bootes.","robots":{"index":"index","follow":"follow","max-snippet":"max-snippet:-1","max-image-preview":"max-image-preview:large","max-video-preview":"max-video-preview:-1"},"canonical":"https:\/\/yachtcharterdedrait.nl\/de\/firmenausflug-auf-dem-wasser\/","og_locale":"de_DE","og_type":"article","og_title":"Firmenausflug auf dem Wasser - Yachtcharter De Drait - Friesland, NL","og_description":"Die perfekte Art des Teambuildings mit deinen Kollegen! Genie\u00dft gemeinsam mit euren Kollegen die Ruhe auf dem Wasser an Bord des Bootes.","og_url":"https:\/\/yachtcharterdedrait.nl\/de\/firmenausflug-auf-dem-wasser\/","og_site_name":"Yachtcharter De Drait - Friesland, NL","article_modified_time":"2025-12-22T10:30:47+00:00","og_image":[{"width":1920,"height":1080,"url":"https:\/\/yachtcharterdedrait.nl\/wp-content\/uploads\/yachtcharter-de-drait-header-bedrijfsuitje-op-het-water.jpg","type":"image\/jpeg"}],"twitter_card":"summary_large_image","twitter_misc":{"Gesch\u00e4tzte Lesezeit":"2\u00a0Minuten"},"schema":{"@context":"https:\/\/schema.org","@graph":[{"@type":"WebPage","@id":"https:\/\/yachtcharterdedrait.nl\/de\/firmenausflug-auf-dem-wasser\/","url":"https:\/\/yachtcharterdedrait.nl\/de\/firmenausflug-auf-dem-wasser\/","name":"Firmenausflug auf dem Wasser - Yachtcharter De Drait - Friesland, NL","isPartOf":{"@id":"https:\/\/yachtcharterdedrait.nl\/#website"},"primaryImageOfPage":{"@id":"https:\/\/yachtcharterdedrait.nl\/de\/firmenausflug-auf-dem-wasser\/#primaryimage"},"image":{"@id":"https:\/\/yachtcharterdedrait.nl\/de\/firmenausflug-auf-dem-wasser\/#primaryimage"},"thumbnailUrl":"https:\/\/yachtcharterdedrait.nl\/wp-content\/uploads\/yachtcharter-de-drait-header-bedrijfsuitje-op-het-water.jpg","datePublished":"2020-04-29T14:04:50+00:00","dateModified":"2025-12-22T10:30:47+00:00","description":"Die perfekte Art des Teambuildings mit deinen Kollegen! Genie\u00dft gemeinsam mit euren Kollegen die Ruhe auf dem Wasser an Bord des Bootes.","breadcrumb":{"@id":"https:\/\/yachtcharterdedrait.nl\/de\/firmenausflug-auf-dem-wasser\/#breadcrumb"},"inLanguage":"de","potentialAction":[{"@type":"ReadAction","target":["https:\/\/yachtcharterdedrait.nl\/de\/firmenausflug-auf-dem-wasser\/"]}]},{"@type":"ImageObject","inLanguage":"de","@id":"https:\/\/yachtcharterdedrait.nl\/de\/firmenausflug-auf-dem-wasser\/#primaryimage","url":"https:\/\/yachtcharterdedrait.nl\/wp-content\/uploads\/yachtcharter-de-drait-header-bedrijfsuitje-op-het-water.jpg","contentUrl":"https:\/\/yachtcharterdedrait.nl\/wp-content\/uploads\/yachtcharter-de-drait-header-bedrijfsuitje-op-het-water.jpg","width":1920,"height":1080},{"@type":"BreadcrumbList","@id":"https:\/\/yachtcharterdedrait.nl\/de\/firmenausflug-auf-dem-wasser\/#breadcrumb","itemListElement":[{"@type":"ListItem","position":1,"name":"Home","item":"https:\/\/yachtcharterdedrait.nl\/de\/"},{"@type":"ListItem","position":2,"name":"Firmenausflug auf dem Wasser"}]},{"@type":"WebSite","@id":"https:\/\/yachtcharterdedrait.nl\/#website","url":"https:\/\/yachtcharterdedrait.nl\/","name":"Yachtcharter De Drait - Friesland, NL","description":"Mieten Sie sich ein Boot f\u00fcr Ihren Traumurlaub","potentialAction":[{"@type":"SearchAction","target":{"@type":"EntryPoint","urlTemplate":"https:\/\/yachtcharterdedrait.nl\/?s={search_term_string}"},"query-input":{"@type":"PropertyValueSpecification","valueRequired":true,"valueName":"search_term_string"}}],"inLanguage":"de"}]}},"_links":{"self":[{"href":"https:\/\/yachtcharterdedrait.nl\/de\/wp-json\/wp\/v2\/pages\/4354","targetHints":{"allow":["GET"]}}],"collection":[{"href":"https:\/\/yachtcharterdedrait.nl\/de\/wp-json\/wp\/v2\/pages"}],"about":[{"href":"https:\/\/yachtcharterdedrait.nl\/de\/wp-json\/wp\/v2\/types\/page"}],"author":[{"embeddable":true,"href":"https:\/\/yachtcharterdedrait.nl\/de\/wp-json\/wp\/v2\/users\/5"}],"replies":[{"embeddable":true,"href":"https:\/\/yachtcharterdedrait.nl\/de\/wp-json\/wp\/v2\/comments?post=4354"}],"version-history":[{"count":2,"href":"https:\/\/yachtcharterdedrait.nl\/de\/wp-json\/wp\/v2\/pages\/4354\/revisions"}],"predecessor-version":[{"id":12072,"href":"https:\/\/yachtcharterdedrait.nl\/de\/wp-json\/wp\/v2\/pages\/4354\/revisions\/12072"}],"wp:featuredmedia":[{"embeddable":true,"href":"https:\/\/yachtcharterdedrait.nl\/de\/wp-json\/wp\/v2\/media\/4451"}],"wp:attachment":[{"href":"https:\/\/yachtcharterdedrait.nl\/de\/wp-json\/wp\/v2\/media?parent=4354"}],"curies":[{"name":"wp","href":"https:\/\/api.w.org\/{rel}","templated":true}]}}