{"id":4358,"date":"2020-04-29T14:04:45","date_gmt":"2020-04-29T14:04:45","guid":{"rendered":"https:\/\/yachtcharterdedrait.nl\/?page_id=4358"},"modified":"2025-12-22T10:44:43","modified_gmt":"2025-12-22T10:44:43","slug":"fahren-mit-freunden","status":"publish","type":"page","link":"https:\/\/yachtcharterdedrait.nl\/de\/fahren-mit-freunden\/","title":{"rendered":"Fahren mit Freunden"},"content":{"rendered":"\r\n<p><em>Sobald Sie einen Schritt an Bord machen, sp\u00fcren Sie es: Freiheit. Zusammen mit Ihren Freunden lassen Sie das Leben am Ufer so wie es ist und fahren alle zusammen durch die wundersch\u00f6ne, weite Natur. Ben\u00f6tigen Sie etwas mehr Aufregung? Dann fahren Sie in Richtung der turbulenten St\u00e4dte in der N\u00e4he unserer Yachth\u00e4fen wie Leeuwarden, Groningen oder Berlin. In der Zwischenzeit k\u00f6nnen Sie die Geselligkeit auf dem ger\u00e4umigen Boot mit oder ohne Snack und Getr\u00e4nk genie\u00dfen.<\/em><\/p>\r\n\r\n\r\n\r\n<h2 class=\"wp-block-heading\">Die Boote<\/h2>\r\n\r\n\r\n\r\n<p>Unsere ger\u00e4umigen Boote sind f\u00fcr Gruppen von bis zu 14 Personen geeignet. Diese gr\u00f6\u00dferen Boote haben auch mehrere Kabinen, so dass Sie w\u00e4hlen k\u00f6nnen, wie viel Privatsph\u00e4re Sie m\u00f6chten. Zum Beispiel ist der Impression 1400 f\u00fcr 14 Personen geeignet und verf\u00fcgt \u00fcber 7 Kabinen. Dar\u00fcber hinaus verf\u00fcgen die gr\u00f6\u00dferen Boote \u00fcber mehrere Toiletten und Duschen an Bord.<\/p>\r\n\r\n\r\n\r\n<p>Viele unserer Schiffe haben ein gro\u00dfes Achterdeck, auf dem jeder bequem sitzen und einen Snack und ein Getr\u00e4nk genie\u00dfen kann. K\u00fchlschr\u00e4nke sind vorhanden und Sie k\u00f6nnen so viel Essen und Trinken mitbringen, wie Sie m\u00f6chten.<\/p>\r\n\r\n\r\n\r\n<p>M\u00f6chten Sie mit mehreren Booten gleichzeitig fahren? Kein Problem. Es ist auch m\u00f6glich, mehrere Boote zu mieten. Bitte kontaktieren Sie uns dazu.<\/p>\r\n\r\n\r\n\r\n<h2 class=\"wp-block-heading\">Routen<\/h2>\r\n\r\n\r\n\r\n<p>Sie k\u00f6nnen einen Bootsurlaub in unseren Yachth\u00e4fen in Drachten und Woudsend buchen. Sch\u00f6ne St\u00e4dte zum besuchen sind zum Beispiel Lemmer, Sneek, Leeuwarden oder Groningen. Haben Sie genug Bootserfahrung und das Wetter ist stabil? Dann k\u00f6nnen Sie sogar \u00fcber das IJsselmeer nach Amsterdam fahren. Weitere Informationen zu Fahrrouten finden Sie <a href=\"https:\/\/yachtcharterdedrait.nl\/de\/fahrgebieten\/\">hier<\/a>.<\/p>\r\n\r\n\r\n\r\n<h2 class=\"wp-block-heading\">Bootsf\u00fchrerschein &amp; Skippertraining<\/h2>\r\n\r\n\r\n\r\n<p>Sie ben\u00f6tigen keine Lizenz, um unsere Boote zu mieten. Hat niemand in Ihrer Gruppe von Freunden Bootserfahrung und m\u00f6chten Sie etwas Erfahrung sammeln? Dann empfehlen wir Ihnen, im Voraus ein Skippertraining durchf\u00fchren. Dies ist nat\u00fcrlich auch m\u00f6glich, wenn Sie schon einmal gefahren sind, aber zus\u00e4tzliche Erfahrung sammeln m\u00f6chten. Weitere Informationen zum Skippertraining finden Sie <a href=\"https:\/\/yachtcharterdedrait.nl\/de\/skippertraining\/\">hier<\/a>.<\/p>\r\n\r\n\r\n\r\n<h2 class=\"wp-block-heading\">Online-Buchung<\/h2>\r\n\r\n\r\n\r\n<p>Auf der Seite: &#8222;<a href=\"https:\/\/yachtcharterdedrait.nl\/de\/boot-mieten\/\">boot mieten<\/a>\u201c k\u00f6nnen Sie sofort sehen, welche Boote f\u00fcr welchen Zeitraum verf\u00fcgbar sind, f\u00fcr wie viele Personen das Boot geeignet ist und welche Preise damit verbunden sind. Sie k\u00f6nnen direkt online buchen. M\u00f6chten Sie ein Boot f\u00fcr einen Zeitraum mieten, der nicht im Buchungstool angezeigt wird? Oder haben Sie andere Fragen? Dann z\u00f6gern Sie nicht, uns zu kontaktieren.<\/p>\r\n","protected":false},"excerpt":{"rendered":"<p>Sobald Sie einen Schritt an Bord machen, sp\u00fcren Sie es: Freiheit. Zusammen mit Ihren Freunden lassen Sie das Leben am Ufer so wie es ist und fahren alle zusammen durch die wundersch\u00f6ne, weite Natur. Ben\u00f6tigen Sie etwas mehr Aufregung? Dann fahren Sie in Richtung der turbulenten St\u00e4dte in der N\u00e4he unserer Yachth\u00e4fen wie Leeuwarden, Groningen [&hellip;]<\/p>\n","protected":false},"author":5,"featured_media":1517,"parent":0,"menu_order":0,"comment_status":"closed","ping_status":"closed","template":"","meta":{"inline_featured_image":false,"footnotes":""},"class_list":["post-4358","page","type-page","status-publish","has-post-thumbnail","hentry"],"yoast_head":"<!-- This site is optimized with the Yoast SEO plugin v27.1.1 - https:\/\/yoast.com\/product\/yoast-seo-wordpress\/ -->\n<title>Fahren mit Freunden - Yachtcharter De Drait - Friesland, NL<\/title>\n<meta name=\"description\" content=\"Unsere Boote sind f\u00fcr eine Gruppe bis 14 Personen geeignet. Entdecken Sie Friesland zusammen mit Ihren Freunde mit einem Boot von De Drait.\" \/>\n<meta name=\"robots\" content=\"index, follow, max-snippet:-1, max-image-preview:large, max-video-preview:-1\" \/>\n<link rel=\"canonical\" href=\"https:\/\/yachtcharterdedrait.nl\/de\/fahren-mit-freunden\/\" \/>\n<meta property=\"og:locale\" content=\"de_DE\" \/>\n<meta property=\"og:type\" content=\"article\" \/>\n<meta property=\"og:title\" content=\"Fahren mit Freunden - Yachtcharter De Drait - Friesland, NL\" \/>\n<meta property=\"og:description\" content=\"Unsere Boote sind f\u00fcr eine Gruppe bis 14 Personen geeignet. Entdecken Sie Friesland zusammen mit Ihren Freunde mit einem Boot von De Drait.\" \/>\n<meta property=\"og:url\" content=\"https:\/\/yachtcharterdedrait.nl\/de\/fahren-mit-freunden\/\" \/>\n<meta property=\"og:site_name\" content=\"Yachtcharter De Drait - Friesland, NL\" \/>\n<meta property=\"article:modified_time\" content=\"2025-12-22T10:44:43+00:00\" \/>\n<meta property=\"og:image\" content=\"https:\/\/yachtcharterdedrait.nl\/wp-content\/uploads\/2019\/09\/vaargebiedduitsland1-1024x683.jpg\" \/>\n\t<meta property=\"og:image:width\" content=\"1024\" \/>\n\t<meta property=\"og:image:height\" content=\"683\" \/>\n\t<meta property=\"og:image:type\" content=\"image\/jpeg\" \/>\n<meta name=\"twitter:card\" content=\"summary_large_image\" \/>\n<meta name=\"twitter:label1\" content=\"Gesch\u00e4tzte Lesezeit\" \/>\n\t<meta name=\"twitter:data1\" content=\"2\u00a0Minuten\" \/>\n<script type=\"application\/ld+json\" class=\"yoast-schema-graph\">{\"@context\":\"https:\/\/schema.org\",\"@graph\":[{\"@type\":\"WebPage\",\"@id\":\"https:\/\/yachtcharterdedrait.nl\/de\/fahren-mit-freunden\/\",\"url\":\"https:\/\/yachtcharterdedrait.nl\/de\/fahren-mit-freunden\/\",\"name\":\"Fahren mit Freunden - Yachtcharter De Drait - Friesland, NL\",\"isPartOf\":{\"@id\":\"https:\/\/yachtcharterdedrait.nl\/#website\"},\"primaryImageOfPage\":{\"@id\":\"https:\/\/yachtcharterdedrait.nl\/de\/fahren-mit-freunden\/#primaryimage\"},\"image\":{\"@id\":\"https:\/\/yachtcharterdedrait.nl\/de\/fahren-mit-freunden\/#primaryimage\"},\"thumbnailUrl\":\"https:\/\/yachtcharterdedrait.nl\/wp-content\/uploads\/2019\/09\/vaargebiedduitsland1.jpg\",\"datePublished\":\"2020-04-29T14:04:45+00:00\",\"dateModified\":\"2025-12-22T10:44:43+00:00\",\"description\":\"Unsere Boote sind f\u00fcr eine Gruppe bis 14 Personen geeignet. Entdecken Sie Friesland zusammen mit Ihren Freunde mit einem Boot von De Drait.\",\"breadcrumb\":{\"@id\":\"https:\/\/yachtcharterdedrait.nl\/de\/fahren-mit-freunden\/#breadcrumb\"},\"inLanguage\":\"de\",\"potentialAction\":[{\"@type\":\"ReadAction\",\"target\":[\"https:\/\/yachtcharterdedrait.nl\/de\/fahren-mit-freunden\/\"]}]},{\"@type\":\"ImageObject\",\"inLanguage\":\"de\",\"@id\":\"https:\/\/yachtcharterdedrait.nl\/de\/fahren-mit-freunden\/#primaryimage\",\"url\":\"https:\/\/yachtcharterdedrait.nl\/wp-content\/uploads\/2019\/09\/vaargebiedduitsland1.jpg\",\"contentUrl\":\"https:\/\/yachtcharterdedrait.nl\/wp-content\/uploads\/2019\/09\/vaargebiedduitsland1.jpg\",\"width\":2700,\"height\":1800},{\"@type\":\"BreadcrumbList\",\"@id\":\"https:\/\/yachtcharterdedrait.nl\/de\/fahren-mit-freunden\/#breadcrumb\",\"itemListElement\":[{\"@type\":\"ListItem\",\"position\":1,\"name\":\"Home\",\"item\":\"https:\/\/yachtcharterdedrait.nl\/de\/\"},{\"@type\":\"ListItem\",\"position\":2,\"name\":\"Fahren mit Freunden\"}]},{\"@type\":\"WebSite\",\"@id\":\"https:\/\/yachtcharterdedrait.nl\/#website\",\"url\":\"https:\/\/yachtcharterdedrait.nl\/\",\"name\":\"Yachtcharter De Drait - Friesland, NL\",\"description\":\"Mieten Sie sich ein Boot f\u00fcr Ihren Traumurlaub\",\"potentialAction\":[{\"@type\":\"SearchAction\",\"target\":{\"@type\":\"EntryPoint\",\"urlTemplate\":\"https:\/\/yachtcharterdedrait.nl\/?s={search_term_string}\"},\"query-input\":{\"@type\":\"PropertyValueSpecification\",\"valueRequired\":true,\"valueName\":\"search_term_string\"}}],\"inLanguage\":\"de\"}]}<\/script>\n<!-- \/ Yoast SEO plugin. -->","yoast_head_json":{"title":"Fahren mit Freunden - Yachtcharter De Drait - Friesland, NL","description":"Unsere Boote sind f\u00fcr eine Gruppe bis 14 Personen geeignet. Entdecken Sie Friesland zusammen mit Ihren Freunde mit einem Boot von De Drait.","robots":{"index":"index","follow":"follow","max-snippet":"max-snippet:-1","max-image-preview":"max-image-preview:large","max-video-preview":"max-video-preview:-1"},"canonical":"https:\/\/yachtcharterdedrait.nl\/de\/fahren-mit-freunden\/","og_locale":"de_DE","og_type":"article","og_title":"Fahren mit Freunden - Yachtcharter De Drait - Friesland, NL","og_description":"Unsere Boote sind f\u00fcr eine Gruppe bis 14 Personen geeignet. Entdecken Sie Friesland zusammen mit Ihren Freunde mit einem Boot von De Drait.","og_url":"https:\/\/yachtcharterdedrait.nl\/de\/fahren-mit-freunden\/","og_site_name":"Yachtcharter De Drait - Friesland, NL","article_modified_time":"2025-12-22T10:44:43+00:00","og_image":[{"width":1024,"height":683,"url":"https:\/\/yachtcharterdedrait.nl\/wp-content\/uploads\/2019\/09\/vaargebiedduitsland1-1024x683.jpg","type":"image\/jpeg"}],"twitter_card":"summary_large_image","twitter_misc":{"Gesch\u00e4tzte Lesezeit":"2\u00a0Minuten"},"schema":{"@context":"https:\/\/schema.org","@graph":[{"@type":"WebPage","@id":"https:\/\/yachtcharterdedrait.nl\/de\/fahren-mit-freunden\/","url":"https:\/\/yachtcharterdedrait.nl\/de\/fahren-mit-freunden\/","name":"Fahren mit Freunden - Yachtcharter De Drait - Friesland, NL","isPartOf":{"@id":"https:\/\/yachtcharterdedrait.nl\/#website"},"primaryImageOfPage":{"@id":"https:\/\/yachtcharterdedrait.nl\/de\/fahren-mit-freunden\/#primaryimage"},"image":{"@id":"https:\/\/yachtcharterdedrait.nl\/de\/fahren-mit-freunden\/#primaryimage"},"thumbnailUrl":"https:\/\/yachtcharterdedrait.nl\/wp-content\/uploads\/2019\/09\/vaargebiedduitsland1.jpg","datePublished":"2020-04-29T14:04:45+00:00","dateModified":"2025-12-22T10:44:43+00:00","description":"Unsere Boote sind f\u00fcr eine Gruppe bis 14 Personen geeignet. Entdecken Sie Friesland zusammen mit Ihren Freunde mit einem Boot von De Drait.","breadcrumb":{"@id":"https:\/\/yachtcharterdedrait.nl\/de\/fahren-mit-freunden\/#breadcrumb"},"inLanguage":"de","potentialAction":[{"@type":"ReadAction","target":["https:\/\/yachtcharterdedrait.nl\/de\/fahren-mit-freunden\/"]}]},{"@type":"ImageObject","inLanguage":"de","@id":"https:\/\/yachtcharterdedrait.nl\/de\/fahren-mit-freunden\/#primaryimage","url":"https:\/\/yachtcharterdedrait.nl\/wp-content\/uploads\/2019\/09\/vaargebiedduitsland1.jpg","contentUrl":"https:\/\/yachtcharterdedrait.nl\/wp-content\/uploads\/2019\/09\/vaargebiedduitsland1.jpg","width":2700,"height":1800},{"@type":"BreadcrumbList","@id":"https:\/\/yachtcharterdedrait.nl\/de\/fahren-mit-freunden\/#breadcrumb","itemListElement":[{"@type":"ListItem","position":1,"name":"Home","item":"https:\/\/yachtcharterdedrait.nl\/de\/"},{"@type":"ListItem","position":2,"name":"Fahren mit Freunden"}]},{"@type":"WebSite","@id":"https:\/\/yachtcharterdedrait.nl\/#website","url":"https:\/\/yachtcharterdedrait.nl\/","name":"Yachtcharter De Drait - Friesland, NL","description":"Mieten Sie sich ein Boot f\u00fcr Ihren Traumurlaub","potentialAction":[{"@type":"SearchAction","target":{"@type":"EntryPoint","urlTemplate":"https:\/\/yachtcharterdedrait.nl\/?s={search_term_string}"},"query-input":{"@type":"PropertyValueSpecification","valueRequired":true,"valueName":"search_term_string"}}],"inLanguage":"de"}]}},"_links":{"self":[{"href":"https:\/\/yachtcharterdedrait.nl\/de\/wp-json\/wp\/v2\/pages\/4358","targetHints":{"allow":["GET"]}}],"collection":[{"href":"https:\/\/yachtcharterdedrait.nl\/de\/wp-json\/wp\/v2\/pages"}],"about":[{"href":"https:\/\/yachtcharterdedrait.nl\/de\/wp-json\/wp\/v2\/types\/page"}],"author":[{"embeddable":true,"href":"https:\/\/yachtcharterdedrait.nl\/de\/wp-json\/wp\/v2\/users\/5"}],"replies":[{"embeddable":true,"href":"https:\/\/yachtcharterdedrait.nl\/de\/wp-json\/wp\/v2\/comments?post=4358"}],"version-history":[{"count":3,"href":"https:\/\/yachtcharterdedrait.nl\/de\/wp-json\/wp\/v2\/pages\/4358\/revisions"}],"predecessor-version":[{"id":12093,"href":"https:\/\/yachtcharterdedrait.nl\/de\/wp-json\/wp\/v2\/pages\/4358\/revisions\/12093"}],"wp:featuredmedia":[{"embeddable":true,"href":"https:\/\/yachtcharterdedrait.nl\/de\/wp-json\/wp\/v2\/media\/1517"}],"wp:attachment":[{"href":"https:\/\/yachtcharterdedrait.nl\/de\/wp-json\/wp\/v2\/media?parent=4358"}],"curies":[{"name":"wp","href":"https:\/\/api.w.org\/{rel}","templated":true}]}}