{"id":4362,"date":"2020-04-29T14:04:47","date_gmt":"2020-04-29T14:04:47","guid":{"rendered":"https:\/\/yachtcharterdedrait.nl\/?page_id=4362"},"modified":"2025-12-22T10:41:31","modified_gmt":"2025-12-22T10:41:31","slug":"ausflug-fuer-2","status":"publish","type":"page","link":"https:\/\/yachtcharterdedrait.nl\/de\/ausflug-fuer-2\/","title":{"rendered":"Ausflug f\u00fcr 2"},"content":{"rendered":"\r\n<p><em>M\u00f6chten Sie Ihren Liebsten wirklich \u00fcberraschen? Machen Sie einen Bootsurlaub! Wir haben kleine, gem\u00fctliche Boote f\u00fcr 2 Personen (oder 4, wenn Sie etwas mehr Platz w\u00fcnschen), die Sie zu vielen sch\u00f6nen Orten in der Natur bringen. Orte, an denen Sie normalerweise nicht so schnell unterwegs sind. Genie\u00dfen Sie die Stille und den Raum oder fahren Sie in idyllische D\u00f6rfer oder St\u00e4dte in der Umgebung, um beispielsweise gemeinsam ein sch\u00f6nes Abendessen zu genie\u00dfen.<\/em><\/p>\r\n\r\n\r\n\r\n<h2 class=\"wp-block-heading\">Gem\u00fctliche Boote<\/h2>\r\n\r\n\r\n\r\n<p>Unsere Boote sind f\u00fcr 2 bis 14 Personen geeignet. W\u00e4hlen Sie zum Beispiel ein gem\u00fctliches Boot f\u00fcr 2 Personen, wie die <a href=\"https:\/\/yachtcharterdedrait.nl\/de\/buchungskalender-ergebnis\/?action=YFoffersforyachtformonth&#038;unitId=29055&#038;divid=29055&#038;specialId=&#038;lang=de&#038;orderlang=de&#038;startDate=&#038;endDate=&#038;operatorCode=&#038;flag=&#038;catpackage=&#038;values=Language%3A%3ADE%23%23OrderLanguage%3A%3ADE%23%23MaxCount%3A%3A50%23%23ResultOffset%3A%3A0%23%23DurationFrom%3A%3A1%23%23DurationUntil%3A%3A14%23%23WeeksBefore%3A%3A3%23%23MaxNoOnPage%3A%3A50%23%23&#038;sortby=&#038;month=%20&#038;tab=offers\">Bravoure 34 Cabrio<\/a> in Drachten, die <a href=\"https:\/\/yachtcharterdedrait.nl\/de\/buchungskalender-ergebnis\/?action=YFoffersforyachtformonth&#038;unitId=41851&#038;divid=41851&#038;specialId=&#038;lang=de&#038;orderlang=de&#038;startDate=&#038;endDate=&#038;operatorCode=&#038;flag=&#038;catpackage=&#038;values=Language%3A%3ADE%23%23OrderLanguage%3A%3ADE%23%23MaxCount%3A%3A50%23%23ResultOffset%3A%3A0%23%23DurationFrom%3A%3A1%23%23DurationUntil%3A%3A14%23%23WeeksBefore%3A%3A3%23%23MaxNoOnPage%3A%3A50%23%23&#038;sortby=&#038;month=%20&#038;tab=offers\">Monty Bank Trawler 9.5 &#8218;Tessa&#8216;<\/a> oder die <a href=\"https:\/\/yachtcharterdedrait.nl\/de\/buchungskalender-ergebnis\/?action=YFoffersforyachtformonth&#038;unitId=41848&#038;divid=41848&#038;specialId=&#038;lang=de&#038;orderlang=de&#038;startDate=&#038;endDate=&#038;operatorCode=&#038;flag=&#038;catpackage=&#038;values=Language%3A%3ADE%23%23OrderLanguage%3A%3ADE%23%23MaxCount%3A%3A50%23%23ResultOffset%3A%3A0%23%23DurationFrom%3A%3A1%23%23DurationUntil%3A%3A14%23%23WeeksBefore%3A%3A3%23%23MaxNoOnPage%3A%3A50%23%23&#038;sortby=&#038;month=%20&#038;tab=offers\">Kotterjacht 10.7 GL &#8218;Nicole&#8216;<\/a> in Woudsend. Diese Boote haben eine Kabine und ein Doppelbett. Oder buchen Sie die kleinere <a href=\"https:\/\/yachtcharterdedrait.nl\/de\/buchungskalender-ergebnis\/?action=YFoffersforyachtformonth&#038;unitId=29061&#038;divid=29061&#038;specialId=&#038;lang=de&#038;orderlang=de&#038;startDate=&#038;endDate=&#038;operatorCode=&#038;flag=&#038;catpackage=&#038;values=Language%3A%3ADE%23%23OrderLanguage%3A%3ADE%23%23MaxCount%3A%3A50%23%23ResultOffset%3A%3A0%23%23DurationFrom%3A%3A1%23%23DurationUntil%3A%3A14%23%23WeeksBefore%3A%3A3%23%23MaxNoOnPage%3A%3A50%23%23&#038;sortby=&#038;month=%20&#038;tab=offers\">Drachtster Sloep Cabin<\/a>. Wollen Sie mehr Platz oder Sie sind zwei Paare? W\u00e4hlen Sie beispielsweise die Classicline 1300, die <a href=\"https:\/\/yachtcharterdedrait.nl\/de\/buchungskalender-ergebnis\/?action=YFoffersforyachtformonth&#038;unitId=29045&#038;divid=29045&#038;specialId=&#038;lang=de&#038;orderlang=de&#038;startDate=&#038;endDate=&#038;operatorCode=&#038;flag=&#038;catpackage=&#038;values=Language%3A%3ADE%23%23OrderLanguage%3A%3ADE%23%23MaxCount%3A%3A50%23%23ResultOffset%3A%3A0%23%23DurationFrom%3A%3A1%23%23DurationUntil%3A%3A14%23%23WeeksBefore%3A%3A3%23%23MaxNoOnPage%3A%3A50%23%23&#038;sortby=&#038;month=%20&#038;tab=offers\">Advantage 42<\/a> oder ein <a href=\"https:\/\/yachtcharterdedrait.nl\/de\/buchungskalender-ergebnis\/?action=YFoffersforyachtformonth&#038;unitId=41854&#038;divid=41854&#038;specialId=&#038;lang=de&#038;orderlang=de&#038;startDate=&#038;endDate=&#038;operatorCode=&#038;flag=&#038;catpackage=&#038;values=Language%3A%3ADE%23%23OrderLanguage%3A%3ADE%23%23MaxCount%3A%3A50%23%23ResultOffset%3A%3A0%23%23DurationFrom%3A%3A1%23%23DurationUntil%3A%3A14%23%23WeeksBefore%3A%3A3%23%23MaxNoOnPage%3A%3A50%23%23&#038;sortby=&#038;month=%20&#038;tab=offers\">Kotterjacht 12.2 GL<\/a>. Mit mehr Wohnraum und einem ger\u00e4umigen Achterdeck k\u00f6nnen Sie bequem sitzen und einen Snack und ein Getr\u00e4nk genie\u00dfen. K\u00fchlschr\u00e4nke sind in allen unseren Booten verf\u00fcgbar. Sie k\u00f6nnen so viel Essen und Trinken mitbringen, wie Sie m\u00f6chten.<\/p>\r\n\r\n\r\n\r\n<h2 class=\"wp-block-heading\">Bootsf\u00fchrerschein &amp; Skippertraining<\/h2>\r\n\r\n\r\n\r\n<p>Sie ben\u00f6tigen keine Lizenz, um unsere Boote zu mieten. Hat niemand in Ihrer Gruppe von Freunden Bootserfahrung und m\u00f6chten Sie etwas Erfahrung sammeln? Dann empfehlen wir Ihnen, im Voraus ein Skippertraining durchf\u00fchren. Dies ist nat\u00fcrlich auch m\u00f6glich, wenn Sie schon einmal gefahren sind, aber zus\u00e4tzliche Erfahrung sammeln m\u00f6chten. Weitere Informationen zum Skippertraining finden Sie <a href=\"https:\/\/yachtcharterdedrait.nl\/de\/skippertraining\/\">hier<\/a>.<\/p>\r\n\r\n\r\n\r\n<h2 class=\"wp-block-heading\">Online-Buchung<\/h2>\r\n\r\n\r\n\r\n<p>Auf der Seite: &#8222;<a href=\"https:\/\/yachtcharterdedrait.nl\/de\/boot-mieten\/\">boot mieten<\/a>\u201c k\u00f6nnen Sie sofort sehen, welche Boote f\u00fcr welchen Zeitraum verf\u00fcgbar sind, f\u00fcr wie viele Personen das Boot geeignet ist und welche Preise damit verbunden sind. Sie k\u00f6nnen direkt online buchen. M\u00f6chten Sie ein Boot f\u00fcr einen Zeitraum mieten, der nicht im Buchungstool angezeigt wird? Oder haben Sie andere Fragen? Dann z\u00f6gern Sie nicht, uns zu kontaktieren.<\/p>\r\n\r\n\r\n\r\n<p>&nbsp;<\/p>\r\n","protected":false},"excerpt":{"rendered":"<p>M\u00f6chten Sie Ihren Liebsten wirklich \u00fcberraschen? Machen Sie einen Bootsurlaub! Wir haben kleine, gem\u00fctliche Boote f\u00fcr 2 Personen (oder 4, wenn Sie etwas mehr Platz w\u00fcnschen), die Sie zu vielen sch\u00f6nen Orten in der Natur bringen. Orte, an denen Sie normalerweise nicht so schnell unterwegs sind. Genie\u00dfen Sie die Stille und den Raum oder fahren [&hellip;]<\/p>\n","protected":false},"author":5,"featured_media":1473,"parent":0,"menu_order":0,"comment_status":"closed","ping_status":"closed","template":"","meta":{"inline_featured_image":false,"footnotes":""},"class_list":["post-4362","page","type-page","status-publish","has-post-thumbnail","hentry"],"yoast_head":"<!-- This site is optimized with the Yoast SEO plugin v27.1.1 - https:\/\/yoast.com\/product\/yoast-seo-wordpress\/ -->\n<title>Ausflug f\u00fcr 2 - Yachtcharter De Drait - Friesland, NL<\/title>\n<meta name=\"description\" content=\"Von kleine, gem\u00fctliche Boote bis ger\u00e4umige, komfortable Yachten f\u00fcr 2 Personen. Genie\u00dfen Sie zu zweit von einer Bootsurlaub bei De Drait.\" \/>\n<meta name=\"robots\" content=\"index, follow, max-snippet:-1, max-image-preview:large, max-video-preview:-1\" \/>\n<link rel=\"canonical\" href=\"https:\/\/yachtcharterdedrait.nl\/de\/ausflug-fuer-2\/\" \/>\n<meta property=\"og:locale\" content=\"de_DE\" \/>\n<meta property=\"og:type\" content=\"article\" \/>\n<meta property=\"og:title\" content=\"Ausflug f\u00fcr 2 - Yachtcharter De Drait - Friesland, NL\" \/>\n<meta property=\"og:description\" content=\"Von kleine, gem\u00fctliche Boote bis ger\u00e4umige, komfortable Yachten f\u00fcr 2 Personen. Genie\u00dfen Sie zu zweit von einer Bootsurlaub bei De Drait.\" \/>\n<meta property=\"og:url\" content=\"https:\/\/yachtcharterdedrait.nl\/de\/ausflug-fuer-2\/\" \/>\n<meta property=\"og:site_name\" content=\"Yachtcharter De Drait - Friesland, NL\" \/>\n<meta property=\"article:modified_time\" content=\"2025-12-22T10:41:31+00:00\" \/>\n<meta property=\"og:image\" content=\"https:\/\/yachtcharterdedrait.nl\/wp-content\/uploads\/2019\/10\/headerfototest_3.jpg\" \/>\n\t<meta property=\"og:image:width\" content=\"1920\" \/>\n\t<meta property=\"og:image:height\" content=\"810\" \/>\n\t<meta property=\"og:image:type\" content=\"image\/jpeg\" \/>\n<meta name=\"twitter:card\" content=\"summary_large_image\" \/>\n<meta name=\"twitter:label1\" content=\"Gesch\u00e4tzte Lesezeit\" \/>\n\t<meta name=\"twitter:data1\" content=\"2\u00a0Minuten\" \/>\n<script type=\"application\/ld+json\" class=\"yoast-schema-graph\">{\"@context\":\"https:\/\/schema.org\",\"@graph\":[{\"@type\":\"WebPage\",\"@id\":\"https:\/\/yachtcharterdedrait.nl\/de\/ausflug-fuer-2\/\",\"url\":\"https:\/\/yachtcharterdedrait.nl\/de\/ausflug-fuer-2\/\",\"name\":\"Ausflug f\u00fcr 2 - Yachtcharter De Drait - Friesland, NL\",\"isPartOf\":{\"@id\":\"https:\/\/yachtcharterdedrait.nl\/#website\"},\"primaryImageOfPage\":{\"@id\":\"https:\/\/yachtcharterdedrait.nl\/de\/ausflug-fuer-2\/#primaryimage\"},\"image\":{\"@id\":\"https:\/\/yachtcharterdedrait.nl\/de\/ausflug-fuer-2\/#primaryimage\"},\"thumbnailUrl\":\"https:\/\/yachtcharterdedrait.nl\/wp-content\/uploads\/2019\/10\/headerfototest_3.jpg\",\"datePublished\":\"2020-04-29T14:04:47+00:00\",\"dateModified\":\"2025-12-22T10:41:31+00:00\",\"description\":\"Von kleine, gem\u00fctliche Boote bis ger\u00e4umige, komfortable Yachten f\u00fcr 2 Personen. Genie\u00dfen Sie zu zweit von einer Bootsurlaub bei De Drait.\",\"breadcrumb\":{\"@id\":\"https:\/\/yachtcharterdedrait.nl\/de\/ausflug-fuer-2\/#breadcrumb\"},\"inLanguage\":\"de\",\"potentialAction\":[{\"@type\":\"ReadAction\",\"target\":[\"https:\/\/yachtcharterdedrait.nl\/de\/ausflug-fuer-2\/\"]}]},{\"@type\":\"ImageObject\",\"inLanguage\":\"de\",\"@id\":\"https:\/\/yachtcharterdedrait.nl\/de\/ausflug-fuer-2\/#primaryimage\",\"url\":\"https:\/\/yachtcharterdedrait.nl\/wp-content\/uploads\/2019\/10\/headerfototest_3.jpg\",\"contentUrl\":\"https:\/\/yachtcharterdedrait.nl\/wp-content\/uploads\/2019\/10\/headerfototest_3.jpg\",\"width\":1920,\"height\":810},{\"@type\":\"BreadcrumbList\",\"@id\":\"https:\/\/yachtcharterdedrait.nl\/de\/ausflug-fuer-2\/#breadcrumb\",\"itemListElement\":[{\"@type\":\"ListItem\",\"position\":1,\"name\":\"Home\",\"item\":\"https:\/\/yachtcharterdedrait.nl\/de\/\"},{\"@type\":\"ListItem\",\"position\":2,\"name\":\"Ausflug f\u00fcr 2\"}]},{\"@type\":\"WebSite\",\"@id\":\"https:\/\/yachtcharterdedrait.nl\/#website\",\"url\":\"https:\/\/yachtcharterdedrait.nl\/\",\"name\":\"Yachtcharter De Drait - Friesland, NL\",\"description\":\"Mieten Sie sich ein Boot f\u00fcr Ihren Traumurlaub\",\"potentialAction\":[{\"@type\":\"SearchAction\",\"target\":{\"@type\":\"EntryPoint\",\"urlTemplate\":\"https:\/\/yachtcharterdedrait.nl\/?s={search_term_string}\"},\"query-input\":{\"@type\":\"PropertyValueSpecification\",\"valueRequired\":true,\"valueName\":\"search_term_string\"}}],\"inLanguage\":\"de\"}]}<\/script>\n<!-- \/ Yoast SEO plugin. -->","yoast_head_json":{"title":"Ausflug f\u00fcr 2 - Yachtcharter De Drait - Friesland, NL","description":"Von kleine, gem\u00fctliche Boote bis ger\u00e4umige, komfortable Yachten f\u00fcr 2 Personen. Genie\u00dfen Sie zu zweit von einer Bootsurlaub bei De Drait.","robots":{"index":"index","follow":"follow","max-snippet":"max-snippet:-1","max-image-preview":"max-image-preview:large","max-video-preview":"max-video-preview:-1"},"canonical":"https:\/\/yachtcharterdedrait.nl\/de\/ausflug-fuer-2\/","og_locale":"de_DE","og_type":"article","og_title":"Ausflug f\u00fcr 2 - Yachtcharter De Drait - Friesland, NL","og_description":"Von kleine, gem\u00fctliche Boote bis ger\u00e4umige, komfortable Yachten f\u00fcr 2 Personen. Genie\u00dfen Sie zu zweit von einer Bootsurlaub bei De Drait.","og_url":"https:\/\/yachtcharterdedrait.nl\/de\/ausflug-fuer-2\/","og_site_name":"Yachtcharter De Drait - Friesland, NL","article_modified_time":"2025-12-22T10:41:31+00:00","og_image":[{"width":1920,"height":810,"url":"https:\/\/yachtcharterdedrait.nl\/wp-content\/uploads\/2019\/10\/headerfototest_3.jpg","type":"image\/jpeg"}],"twitter_card":"summary_large_image","twitter_misc":{"Gesch\u00e4tzte Lesezeit":"2\u00a0Minuten"},"schema":{"@context":"https:\/\/schema.org","@graph":[{"@type":"WebPage","@id":"https:\/\/yachtcharterdedrait.nl\/de\/ausflug-fuer-2\/","url":"https:\/\/yachtcharterdedrait.nl\/de\/ausflug-fuer-2\/","name":"Ausflug f\u00fcr 2 - Yachtcharter De Drait - Friesland, NL","isPartOf":{"@id":"https:\/\/yachtcharterdedrait.nl\/#website"},"primaryImageOfPage":{"@id":"https:\/\/yachtcharterdedrait.nl\/de\/ausflug-fuer-2\/#primaryimage"},"image":{"@id":"https:\/\/yachtcharterdedrait.nl\/de\/ausflug-fuer-2\/#primaryimage"},"thumbnailUrl":"https:\/\/yachtcharterdedrait.nl\/wp-content\/uploads\/2019\/10\/headerfototest_3.jpg","datePublished":"2020-04-29T14:04:47+00:00","dateModified":"2025-12-22T10:41:31+00:00","description":"Von kleine, gem\u00fctliche Boote bis ger\u00e4umige, komfortable Yachten f\u00fcr 2 Personen. Genie\u00dfen Sie zu zweit von einer Bootsurlaub bei De Drait.","breadcrumb":{"@id":"https:\/\/yachtcharterdedrait.nl\/de\/ausflug-fuer-2\/#breadcrumb"},"inLanguage":"de","potentialAction":[{"@type":"ReadAction","target":["https:\/\/yachtcharterdedrait.nl\/de\/ausflug-fuer-2\/"]}]},{"@type":"ImageObject","inLanguage":"de","@id":"https:\/\/yachtcharterdedrait.nl\/de\/ausflug-fuer-2\/#primaryimage","url":"https:\/\/yachtcharterdedrait.nl\/wp-content\/uploads\/2019\/10\/headerfototest_3.jpg","contentUrl":"https:\/\/yachtcharterdedrait.nl\/wp-content\/uploads\/2019\/10\/headerfototest_3.jpg","width":1920,"height":810},{"@type":"BreadcrumbList","@id":"https:\/\/yachtcharterdedrait.nl\/de\/ausflug-fuer-2\/#breadcrumb","itemListElement":[{"@type":"ListItem","position":1,"name":"Home","item":"https:\/\/yachtcharterdedrait.nl\/de\/"},{"@type":"ListItem","position":2,"name":"Ausflug f\u00fcr 2"}]},{"@type":"WebSite","@id":"https:\/\/yachtcharterdedrait.nl\/#website","url":"https:\/\/yachtcharterdedrait.nl\/","name":"Yachtcharter De Drait - Friesland, NL","description":"Mieten Sie sich ein Boot f\u00fcr Ihren Traumurlaub","potentialAction":[{"@type":"SearchAction","target":{"@type":"EntryPoint","urlTemplate":"https:\/\/yachtcharterdedrait.nl\/?s={search_term_string}"},"query-input":{"@type":"PropertyValueSpecification","valueRequired":true,"valueName":"search_term_string"}}],"inLanguage":"de"}]}},"_links":{"self":[{"href":"https:\/\/yachtcharterdedrait.nl\/de\/wp-json\/wp\/v2\/pages\/4362","targetHints":{"allow":["GET"]}}],"collection":[{"href":"https:\/\/yachtcharterdedrait.nl\/de\/wp-json\/wp\/v2\/pages"}],"about":[{"href":"https:\/\/yachtcharterdedrait.nl\/de\/wp-json\/wp\/v2\/types\/page"}],"author":[{"embeddable":true,"href":"https:\/\/yachtcharterdedrait.nl\/de\/wp-json\/wp\/v2\/users\/5"}],"replies":[{"embeddable":true,"href":"https:\/\/yachtcharterdedrait.nl\/de\/wp-json\/wp\/v2\/comments?post=4362"}],"version-history":[{"count":2,"href":"https:\/\/yachtcharterdedrait.nl\/de\/wp-json\/wp\/v2\/pages\/4362\/revisions"}],"predecessor-version":[{"id":12085,"href":"https:\/\/yachtcharterdedrait.nl\/de\/wp-json\/wp\/v2\/pages\/4362\/revisions\/12085"}],"wp:featuredmedia":[{"embeddable":true,"href":"https:\/\/yachtcharterdedrait.nl\/de\/wp-json\/wp\/v2\/media\/1473"}],"wp:attachment":[{"href":"https:\/\/yachtcharterdedrait.nl\/de\/wp-json\/wp\/v2\/media?parent=4362"}],"curies":[{"name":"wp","href":"https:\/\/api.w.org\/{rel}","templated":true}]}}