{"id":5103,"date":"2020-11-28T09:03:09","date_gmt":"2020-11-28T09:03:09","guid":{"rendered":"https:\/\/yachtcharterdedrait.nl\/?page_id=5103"},"modified":"2025-10-27T15:07:06","modified_gmt":"2025-10-27T15:07:06","slug":"gutschein","status":"publish","type":"page","link":"https:\/\/yachtcharterdedrait.nl\/de\/gutschein\/","title":{"rendered":"Gutschein"},"content":{"rendered":"\r\n<h3 class=\"wp-block-heading\"><em>Verschenken Sie einen Gutschein f\u00fcr einen unvergesslichen Bootsurlaub!<\/em><\/h3>\r\n\r\n\r\n\r\n<p>Suchen Sie ein einzigartiges Geschenk f\u00fcr einen Geburtstag, eine Hochzeit oder einen anderen festlichen Anlass? Dann verschenken Sie einen Gutschein von Yachtcharter De Drait als Geschenk f\u00fcr einen unvergesslichen Bootsurlaub.<\/p>\r\n\r\n\r\n\r\n<h2 class=\"wp-block-heading\">Wie funktioniert es?<\/h2>\r\n\r\n\r\n\r\n<p>Um einen Geschenkgutschein bestellen zu k\u00f6nnen, m\u00f6chten wir Ihre Daten wie Name, Adresse und Telefonnummer per E-Mail an\u00a0<a href=\"mailto:contact@dedrait.com\" target=\"_blank\" rel=\"noreferrer noopener\">contact@dedrait.com<\/a>\u00a0erhalten. Wir m\u00f6chten auch den gew\u00fcnschten Betrag, den Namen des Empf\u00e4ngers und ggf. eine Nachricht erhalten. Wir drucken diese Nachricht auf den Geschenkgutschein.<\/p>\r\n\r\n\r\n\r\n<p>Nach Erhalt der Daten senden wir eine Rechnung per E-Mail \u00fcber den angegebenen Betrag. Sobald der Rechnungsbetrag bei uns eingegangen ist, senden wir den Gutschein per Post oder E-Mail.<\/p>\r\n\r\n\r\n\r\n<figure class=\"wp-block-gallery columns-3 is-cropped wp-block-gallery-1 is-layout-flex wp-block-gallery-is-layout-flex\">\r\n<ul class=\"blocks-gallery-grid\">\r\n<li class=\"blocks-gallery-item\">\r\n<figure><img decoding=\"async\" width=\"1024\" height=\"683\" class=\"wp-image-5087 lazyload\" data-src=\"https:\/\/yachtcharterdedrait.nl\/wp-content\/uploads\/Waardebon-1024x683.jpg\" alt=\"Voucher\" data-id=\"5087\" data-full-url=\"https:\/\/yachtcharterdedrait.nl\/wp-content\/uploads\/Waardebon-scaled.jpg\" data-link=\"https:\/\/yachtcharterdedrait.nl\/de\/waardebon\/waardebon\/\" data-srcset=\"https:\/\/yachtcharterdedrait.nl\/wp-content\/uploads\/Waardebon-1024x683.jpg 1024w, https:\/\/yachtcharterdedrait.nl\/wp-content\/uploads\/Waardebon-300x200.jpg 300w, https:\/\/yachtcharterdedrait.nl\/wp-content\/uploads\/Waardebon-768x512.jpg 768w, https:\/\/yachtcharterdedrait.nl\/wp-content\/uploads\/Waardebon-1536x1024.jpg 1536w, https:\/\/yachtcharterdedrait.nl\/wp-content\/uploads\/Waardebon-2048x1365.jpg 2048w\" data-sizes=\"(max-width: 1024px) 100vw, 1024px\" src=\"data:image\/svg+xml;base64,PHN2ZyB3aWR0aD0iMSIgaGVpZ2h0PSIxIiB4bWxucz0iaHR0cDovL3d3dy53My5vcmcvMjAwMC9zdmciPjwvc3ZnPg==\" style=\"--smush-placeholder-width: 1024px; --smush-placeholder-aspect-ratio: 1024\/683;\" \/><\/figure>\r\n<\/li>\r\n<li class=\"blocks-gallery-item\">\r\n<figure><img decoding=\"async\" width=\"1024\" height=\"683\" class=\"wp-image-5084 lazyload\" data-src=\"https:\/\/yachtcharterdedrait.nl\/wp-content\/uploads\/Voucher-as-a-gift-1024x683.jpg\" alt=\"Waardebon\" data-id=\"5084\" data-full-url=\"https:\/\/yachtcharterdedrait.nl\/wp-content\/uploads\/Voucher-as-a-gift-scaled.jpg\" data-link=\"https:\/\/yachtcharterdedrait.nl\/de\/waardebon\/voucher-as-a-gift\/\" data-srcset=\"https:\/\/yachtcharterdedrait.nl\/wp-content\/uploads\/Voucher-as-a-gift-1024x683.jpg 1024w, https:\/\/yachtcharterdedrait.nl\/wp-content\/uploads\/Voucher-as-a-gift-300x200.jpg 300w, https:\/\/yachtcharterdedrait.nl\/wp-content\/uploads\/Voucher-as-a-gift-768x512.jpg 768w, https:\/\/yachtcharterdedrait.nl\/wp-content\/uploads\/Voucher-as-a-gift-1536x1024.jpg 1536w, https:\/\/yachtcharterdedrait.nl\/wp-content\/uploads\/Voucher-as-a-gift-2048x1365.jpg 2048w\" data-sizes=\"(max-width: 1024px) 100vw, 1024px\" src=\"data:image\/svg+xml;base64,PHN2ZyB3aWR0aD0iMSIgaGVpZ2h0PSIxIiB4bWxucz0iaHR0cDovL3d3dy53My5vcmcvMjAwMC9zdmciPjwvc3ZnPg==\" style=\"--smush-placeholder-width: 1024px; --smush-placeholder-aspect-ratio: 1024\/683;\" \/><\/figure>\r\n<\/li>\r\n<li class=\"blocks-gallery-item\">\r\n<figure><img decoding=\"async\" width=\"1024\" height=\"683\" class=\"wp-image-5081 lazyload\" data-src=\"https:\/\/yachtcharterdedrait.nl\/wp-content\/uploads\/Gutschein-1024x683.jpg\" alt=\"Gutschein\" data-id=\"5081\" data-full-url=\"https:\/\/yachtcharterdedrait.nl\/wp-content\/uploads\/Gutschein-scaled.jpg\" data-link=\"https:\/\/yachtcharterdedrait.nl\/de\/waardebon\/gutschein\/\" data-srcset=\"https:\/\/yachtcharterdedrait.nl\/wp-content\/uploads\/Gutschein-1024x683.jpg 1024w, https:\/\/yachtcharterdedrait.nl\/wp-content\/uploads\/Gutschein-300x200.jpg 300w, https:\/\/yachtcharterdedrait.nl\/wp-content\/uploads\/Gutschein-768x512.jpg 768w, https:\/\/yachtcharterdedrait.nl\/wp-content\/uploads\/Gutschein-1536x1024.jpg 1536w, https:\/\/yachtcharterdedrait.nl\/wp-content\/uploads\/Gutschein-2048x1365.jpg 2048w\" data-sizes=\"(max-width: 1024px) 100vw, 1024px\" src=\"data:image\/svg+xml;base64,PHN2ZyB3aWR0aD0iMSIgaGVpZ2h0PSIxIiB4bWxucz0iaHR0cDovL3d3dy53My5vcmcvMjAwMC9zdmciPjwvc3ZnPg==\" style=\"--smush-placeholder-width: 1024px; --smush-placeholder-aspect-ratio: 1024\/683;\" \/><\/figure>\r\n<\/li>\r\n<\/ul>\r\n<\/figure>\r\n\r\n\r\n\r\n<h2 class=\"wp-block-heading\">Gutschein einl\u00f6sen<\/h2>\r\n\r\n\r\n\r\n<p>Der Empf\u00e4nger kann den Gutschein bei der Buchung begleichen. Dies kann im Kommentarfeld bei Online-Buchung oder per E-Mail bei unverbindlicher Anfrage angegeben werden. Der Gutschein kann auch beim Ein- und Auschecken beglichen werden.<\/p>\r\n\r\n\r\n\r\n<p>Der Empf\u00e4nger kann entscheiden, an welchem Datum er fahren m\u00f6chte und mit welcher Buchung der Geschenkgutschein abgerechnet werden kann. Unser Gutschein kann auch an einem Fahrtag mit unserer DrachtsterSloep abgegeben werden.<\/p>\r\n\r\n\r\n\r\n<h2 class=\"wp-block-heading\">G\u00fcltigkeit<\/h2>\r\n\r\n\r\n\r\n<p>Der Gutschein ist zwei Jahre nach dem Kauf g\u00fcltig. Es ist m\u00f6glich, es nach zwei Jahren zu verl\u00e4ngern. Senden Sie eine E-Mail an\u00a0<a href=\"mailto:contact@dedrait.com\" target=\"_blank\" rel=\"noreferrer noopener\">contact@dedrait.com<\/a>, um die G\u00fcltigkeit zu verl\u00e4ngern<\/p>\r\n\r\n\r\n\r\n<h2 class=\"wp-block-heading\">Angebote Motoryachten, Schaluppen und Hausboote<\/h2>\r\n\r\n\r\n\r\n<p>Suchen Sie ein Boot aus der Flotte des Yachtcharter De Drait in Friesland? Senden Sie einfach eine Anfrage \u00fcber unsere Funktion &#8222;<a href=\"https:\/\/yachtcharterdedrait.nl\/de\/boot-mieten\/\" target=\"_blank\" rel=\"noreferrer noopener\">Suchen und Buchen<\/a>&#8220; oder sehen Sie sich unseren <a href=\"https:\/\/yachtcharterdedrait.nl\/de\/buchungskalender\/\" target=\"_blank\" rel=\"noreferrer noopener\">Buchungskalender<\/a> an, um einen vollst\u00e4ndigen \u00dcberblick \u00fcber unsere Yachten pro Monat zu erhalten. Sind Sie sich nicht sicher oder haben Sie spezielle W\u00fcnsche? Dann kontaktieren Sie uns einfach unter 0512-513276 oder <a href=\"mailto:contact@dedrait.com\" target=\"_blank\" rel=\"noreferrer noopener\">contact@dedrait.com<\/a>. Wir helfen Ihnen gerne weiter!<\/p>\r\n","protected":false},"excerpt":{"rendered":"<p>Verschenken Sie einen Gutschein f\u00fcr einen unvergesslichen Bootsurlaub! Suchen Sie ein einzigartiges Geschenk f\u00fcr einen Geburtstag, eine Hochzeit oder einen anderen festlichen Anlass? Dann verschenken Sie einen Gutschein von Yachtcharter De Drait als Geschenk f\u00fcr einen unvergesslichen Bootsurlaub. Wie funktioniert es? Um einen Geschenkgutschein bestellen zu k\u00f6nnen, m\u00f6chten wir Ihre Daten wie Name, Adresse und [&hellip;]<\/p>\n","protected":false},"author":7,"featured_media":5078,"parent":0,"menu_order":0,"comment_status":"closed","ping_status":"closed","template":"","meta":{"inline_featured_image":false,"footnotes":""},"class_list":["post-5103","page","type-page","status-publish","has-post-thumbnail","hentry"],"yoast_head":"<!-- This site is optimized with the Yoast SEO plugin v27.1.1 - https:\/\/yoast.com\/product\/yoast-seo-wordpress\/ -->\n<title>Verschenken Sie einen Gutschein f\u00fcr einen unvergesslichen Bootsurlaub!<\/title>\n<meta name=\"description\" content=\"Verschenken Sie einen Gutschein von Yachtcharter De Drait f\u00fcr einen unvergesslichen Bootsurlaub oder Schaluppentour in Friesland.\" \/>\n<meta name=\"robots\" content=\"index, follow, max-snippet:-1, max-image-preview:large, max-video-preview:-1\" \/>\n<link rel=\"canonical\" href=\"https:\/\/yachtcharterdedrait.nl\/de\/gutschein\/\" \/>\n<meta property=\"og:locale\" content=\"de_DE\" \/>\n<meta property=\"og:type\" content=\"article\" \/>\n<meta property=\"og:title\" content=\"Verschenken Sie einen Gutschein f\u00fcr einen unvergesslichen Bootsurlaub!\" \/>\n<meta property=\"og:description\" content=\"Verschenken Sie einen Gutschein von Yachtcharter De Drait f\u00fcr einen unvergesslichen Bootsurlaub oder Schaluppentour in Friesland.\" \/>\n<meta property=\"og:url\" content=\"https:\/\/yachtcharterdedrait.nl\/de\/gutschein\/\" \/>\n<meta property=\"og:site_name\" content=\"Yachtcharter De Drait - Friesland, NL\" \/>\n<meta property=\"article:modified_time\" content=\"2025-10-27T15:07:06+00:00\" \/>\n<meta property=\"og:image\" content=\"https:\/\/yachtcharterdedrait.nl\/wp-content\/uploads\/Waardebon-header.jpg\" \/>\n\t<meta property=\"og:image:width\" content=\"1912\" \/>\n\t<meta property=\"og:image:height\" content=\"378\" \/>\n\t<meta property=\"og:image:type\" content=\"image\/jpeg\" \/>\n<meta name=\"twitter:card\" content=\"summary_large_image\" \/>\n<meta name=\"twitter:label1\" content=\"Gesch\u00e4tzte Lesezeit\" \/>\n\t<meta name=\"twitter:data1\" content=\"3\u00a0Minuten\" \/>\n<script type=\"application\/ld+json\" class=\"yoast-schema-graph\">{\"@context\":\"https:\/\/schema.org\",\"@graph\":[{\"@type\":\"WebPage\",\"@id\":\"https:\/\/yachtcharterdedrait.nl\/de\/gutschein\/\",\"url\":\"https:\/\/yachtcharterdedrait.nl\/de\/gutschein\/\",\"name\":\"Verschenken Sie einen Gutschein f\u00fcr einen unvergesslichen Bootsurlaub!\",\"isPartOf\":{\"@id\":\"https:\/\/yachtcharterdedrait.nl\/#website\"},\"primaryImageOfPage\":{\"@id\":\"https:\/\/yachtcharterdedrait.nl\/de\/gutschein\/#primaryimage\"},\"image\":{\"@id\":\"https:\/\/yachtcharterdedrait.nl\/de\/gutschein\/#primaryimage\"},\"thumbnailUrl\":\"https:\/\/yachtcharterdedrait.nl\/wp-content\/uploads\/Waardebon-header.jpg\",\"datePublished\":\"2020-11-28T09:03:09+00:00\",\"dateModified\":\"2025-10-27T15:07:06+00:00\",\"description\":\"Verschenken Sie einen Gutschein von Yachtcharter De Drait f\u00fcr einen unvergesslichen Bootsurlaub oder Schaluppentour in Friesland.\",\"breadcrumb\":{\"@id\":\"https:\/\/yachtcharterdedrait.nl\/de\/gutschein\/#breadcrumb\"},\"inLanguage\":\"de\",\"potentialAction\":[{\"@type\":\"ReadAction\",\"target\":[\"https:\/\/yachtcharterdedrait.nl\/de\/gutschein\/\"]}]},{\"@type\":\"ImageObject\",\"inLanguage\":\"de\",\"@id\":\"https:\/\/yachtcharterdedrait.nl\/de\/gutschein\/#primaryimage\",\"url\":\"https:\/\/yachtcharterdedrait.nl\/wp-content\/uploads\/Waardebon-header.jpg\",\"contentUrl\":\"https:\/\/yachtcharterdedrait.nl\/wp-content\/uploads\/Waardebon-header.jpg\",\"width\":1912,\"height\":378,\"caption\":\"Waardebon De Drait\"},{\"@type\":\"BreadcrumbList\",\"@id\":\"https:\/\/yachtcharterdedrait.nl\/de\/gutschein\/#breadcrumb\",\"itemListElement\":[{\"@type\":\"ListItem\",\"position\":1,\"name\":\"Home\",\"item\":\"https:\/\/yachtcharterdedrait.nl\/de\/\"},{\"@type\":\"ListItem\",\"position\":2,\"name\":\"Gutschein\"}]},{\"@type\":\"WebSite\",\"@id\":\"https:\/\/yachtcharterdedrait.nl\/#website\",\"url\":\"https:\/\/yachtcharterdedrait.nl\/\",\"name\":\"Yachtcharter De Drait - Friesland, NL\",\"description\":\"Mieten Sie sich ein Boot f\u00fcr Ihren Traumurlaub\",\"potentialAction\":[{\"@type\":\"SearchAction\",\"target\":{\"@type\":\"EntryPoint\",\"urlTemplate\":\"https:\/\/yachtcharterdedrait.nl\/?s={search_term_string}\"},\"query-input\":{\"@type\":\"PropertyValueSpecification\",\"valueRequired\":true,\"valueName\":\"search_term_string\"}}],\"inLanguage\":\"de\"}]}<\/script>\n<!-- \/ Yoast SEO plugin. -->","yoast_head_json":{"title":"Verschenken Sie einen Gutschein f\u00fcr einen unvergesslichen Bootsurlaub!","description":"Verschenken Sie einen Gutschein von Yachtcharter De Drait f\u00fcr einen unvergesslichen Bootsurlaub oder Schaluppentour in Friesland.","robots":{"index":"index","follow":"follow","max-snippet":"max-snippet:-1","max-image-preview":"max-image-preview:large","max-video-preview":"max-video-preview:-1"},"canonical":"https:\/\/yachtcharterdedrait.nl\/de\/gutschein\/","og_locale":"de_DE","og_type":"article","og_title":"Verschenken Sie einen Gutschein f\u00fcr einen unvergesslichen Bootsurlaub!","og_description":"Verschenken Sie einen Gutschein von Yachtcharter De Drait f\u00fcr einen unvergesslichen Bootsurlaub oder Schaluppentour in Friesland.","og_url":"https:\/\/yachtcharterdedrait.nl\/de\/gutschein\/","og_site_name":"Yachtcharter De Drait - Friesland, NL","article_modified_time":"2025-10-27T15:07:06+00:00","og_image":[{"width":1912,"height":378,"url":"https:\/\/yachtcharterdedrait.nl\/wp-content\/uploads\/Waardebon-header.jpg","type":"image\/jpeg"}],"twitter_card":"summary_large_image","twitter_misc":{"Gesch\u00e4tzte Lesezeit":"3\u00a0Minuten"},"schema":{"@context":"https:\/\/schema.org","@graph":[{"@type":"WebPage","@id":"https:\/\/yachtcharterdedrait.nl\/de\/gutschein\/","url":"https:\/\/yachtcharterdedrait.nl\/de\/gutschein\/","name":"Verschenken Sie einen Gutschein f\u00fcr einen unvergesslichen Bootsurlaub!","isPartOf":{"@id":"https:\/\/yachtcharterdedrait.nl\/#website"},"primaryImageOfPage":{"@id":"https:\/\/yachtcharterdedrait.nl\/de\/gutschein\/#primaryimage"},"image":{"@id":"https:\/\/yachtcharterdedrait.nl\/de\/gutschein\/#primaryimage"},"thumbnailUrl":"https:\/\/yachtcharterdedrait.nl\/wp-content\/uploads\/Waardebon-header.jpg","datePublished":"2020-11-28T09:03:09+00:00","dateModified":"2025-10-27T15:07:06+00:00","description":"Verschenken Sie einen Gutschein von Yachtcharter De Drait f\u00fcr einen unvergesslichen Bootsurlaub oder Schaluppentour in Friesland.","breadcrumb":{"@id":"https:\/\/yachtcharterdedrait.nl\/de\/gutschein\/#breadcrumb"},"inLanguage":"de","potentialAction":[{"@type":"ReadAction","target":["https:\/\/yachtcharterdedrait.nl\/de\/gutschein\/"]}]},{"@type":"ImageObject","inLanguage":"de","@id":"https:\/\/yachtcharterdedrait.nl\/de\/gutschein\/#primaryimage","url":"https:\/\/yachtcharterdedrait.nl\/wp-content\/uploads\/Waardebon-header.jpg","contentUrl":"https:\/\/yachtcharterdedrait.nl\/wp-content\/uploads\/Waardebon-header.jpg","width":1912,"height":378,"caption":"Waardebon De Drait"},{"@type":"BreadcrumbList","@id":"https:\/\/yachtcharterdedrait.nl\/de\/gutschein\/#breadcrumb","itemListElement":[{"@type":"ListItem","position":1,"name":"Home","item":"https:\/\/yachtcharterdedrait.nl\/de\/"},{"@type":"ListItem","position":2,"name":"Gutschein"}]},{"@type":"WebSite","@id":"https:\/\/yachtcharterdedrait.nl\/#website","url":"https:\/\/yachtcharterdedrait.nl\/","name":"Yachtcharter De Drait - Friesland, NL","description":"Mieten Sie sich ein Boot f\u00fcr Ihren Traumurlaub","potentialAction":[{"@type":"SearchAction","target":{"@type":"EntryPoint","urlTemplate":"https:\/\/yachtcharterdedrait.nl\/?s={search_term_string}"},"query-input":{"@type":"PropertyValueSpecification","valueRequired":true,"valueName":"search_term_string"}}],"inLanguage":"de"}]}},"_links":{"self":[{"href":"https:\/\/yachtcharterdedrait.nl\/de\/wp-json\/wp\/v2\/pages\/5103","targetHints":{"allow":["GET"]}}],"collection":[{"href":"https:\/\/yachtcharterdedrait.nl\/de\/wp-json\/wp\/v2\/pages"}],"about":[{"href":"https:\/\/yachtcharterdedrait.nl\/de\/wp-json\/wp\/v2\/types\/page"}],"author":[{"embeddable":true,"href":"https:\/\/yachtcharterdedrait.nl\/de\/wp-json\/wp\/v2\/users\/7"}],"replies":[{"embeddable":true,"href":"https:\/\/yachtcharterdedrait.nl\/de\/wp-json\/wp\/v2\/comments?post=5103"}],"version-history":[{"count":1,"href":"https:\/\/yachtcharterdedrait.nl\/de\/wp-json\/wp\/v2\/pages\/5103\/revisions"}],"predecessor-version":[{"id":11789,"href":"https:\/\/yachtcharterdedrait.nl\/de\/wp-json\/wp\/v2\/pages\/5103\/revisions\/11789"}],"wp:featuredmedia":[{"embeddable":true,"href":"https:\/\/yachtcharterdedrait.nl\/de\/wp-json\/wp\/v2\/media\/5078"}],"wp:attachment":[{"href":"https:\/\/yachtcharterdedrait.nl\/de\/wp-json\/wp\/v2\/media?parent=5103"}],"curies":[{"name":"wp","href":"https:\/\/api.w.org\/{rel}","templated":true}]}}