{"id":652,"date":"2019-09-09T14:51:21","date_gmt":"2019-09-09T14:51:21","guid":{"rendered":"http:\/\/dedrait.convident.website\/?page_id=652"},"modified":"2026-01-23T14:46:01","modified_gmt":"2026-01-23T14:46:01","slug":"captains-lounge","status":"publish","type":"page","link":"https:\/\/yachtcharterdedrait.nl\/de\/captains-lounge\/","title":{"rendered":"Eventraum am Wasser mieten"},"content":{"rendered":"\r\n<h2 class=\"wp-block-heading\">Captains Lounge<\/h2>\r\n\r\n\r\n\r\n<div class=\"wp-block-image\">\r\n<figure class=\"alignright is-resized\"><img decoding=\"async\" class=\"wp-image-1886 lazyload\" data-src=\"\/wp-content\/uploads\/2019\/10\/Captains-Lounge-768x509.jpg\" alt=\"\" width=\"460\" height=\"304\" data-srcset=\"https:\/\/yachtcharterdedrait.nl\/wp-content\/uploads\/2019\/10\/Captains-Lounge-768x509.jpg 768w, https:\/\/yachtcharterdedrait.nl\/wp-content\/uploads\/2019\/10\/Captains-Lounge-768x509-300x199.jpg 300w\" data-sizes=\"(max-width: 460px) 100vw, 460px\" src=\"data:image\/svg+xml;base64,PHN2ZyB3aWR0aD0iMSIgaGVpZ2h0PSIxIiB4bWxucz0iaHR0cDovL3d3dy53My5vcmcvMjAwMC9zdmciPjwvc3ZnPg==\" style=\"--smush-placeholder-width: 460px; --smush-placeholder-aspect-ratio: 460\/304;\" \/><\/figure>\r\n<\/div>\r\n\r\n\r\n\r\n<p>Unsere <em><a href=\"https:\/\/jachthavendedrait.nl\/de\/captains-lounge-2\/\" target=\"_blank\" rel=\"noreferrer noopener\" aria-label=\" (opent in een nieuwe tab)\">Captains Lounge<\/a><\/em> fungiert unter anderem als gem\u00fctlicher Eventraum auf unseren Jachthafen in Drachten. Nach einem langen Tag auf dem Wasser k\u00f6nnen Sie sich hier mit einer Tasse Kaffee oder Tee entspannen, Geschichten und Erlebnisse austauschen und sich gegebenenfalls aufw\u00e4rmen. Sie k\u00f6nnen die Captains Lounge auch mieten. Die R\u00e4umlichkeiten sind perfekt geeignet um, zum Beispiel, Kurse zu geben oder Meetings abzuhalten. Wir selbst verwenden die Captains Lounge regelm\u00e4\u00dfig f\u00fcr <a href=\"https:\/\/yachtcharterdedrait.nl\/de\/skippertraining\/\">Skipper-Trainings<\/a>.<\/p>\r\n\r\n\r\n\r\n<h3 class=\"wp-block-heading\">Weitere Informationen und mieten Empfangsraum<\/h3>\r\n\r\n\r\n\r\n<p>Weitere Informationen finden Sie <a href=\"https:\/\/jachthavendedrait.nl\/de\/captains-lounge-2\/\" target=\"_blank\" rel=\"noreferrer noopener\" aria-label=\" (opent in een nieuwe tab)\">hier<\/a>. M\u00f6chten Sie die Captains Lounge mieten? Schicken Sie uns eine E-Mail mit dem Datum an dem Sie den Raum mieten wollen an <a href=\"mailto:contact@dedrait.com\">contact@dedrait.com<\/a>. Wir freuen uns auf Sie!<\/p>\r\n","protected":false},"excerpt":{"rendered":"<p>Captains Lounge Unsere Captains Lounge fungiert unter anderem als gem\u00fctlicher Eventraum auf unseren Jachthafen in Drachten. Nach einem langen Tag auf dem Wasser k\u00f6nnen Sie sich hier mit einer Tasse Kaffee oder Tee entspannen, Geschichten und Erlebnisse austauschen und sich gegebenenfalls aufw\u00e4rmen. Sie k\u00f6nnen die Captains Lounge auch mieten. Die R\u00e4umlichkeiten sind perfekt geeignet um, [&hellip;]<\/p>\n","protected":false},"author":2,"featured_media":0,"parent":0,"menu_order":0,"comment_status":"closed","ping_status":"closed","template":"","meta":{"inline_featured_image":false,"footnotes":""},"class_list":["post-652","page","type-page","status-publish","hentry"],"yoast_head":"<!-- This site is optimized with the Yoast SEO plugin v27.1.1 - https:\/\/yoast.com\/product\/yoast-seo-wordpress\/ -->\n<title>Empfangsraum | Captains Lounge | Yachtcharter De Drait<\/title>\n<meta name=\"description\" content=\"Unsere Captains Lounge fungiert unter anderem als gem\u00fctlicher Empfangsraum auf unseren Jachthafen in Drachten.\" \/>\n<meta name=\"robots\" content=\"index, follow, max-snippet:-1, max-image-preview:large, max-video-preview:-1\" \/>\n<link rel=\"canonical\" href=\"https:\/\/yachtcharterdedrait.nl\/de\/captains-lounge\/\" \/>\n<meta property=\"og:locale\" content=\"de_DE\" \/>\n<meta property=\"og:type\" content=\"article\" \/>\n<meta property=\"og:title\" content=\"Empfangsraum | Captains Lounge | Yachtcharter De Drait\" \/>\n<meta property=\"og:description\" content=\"Unsere Captains Lounge fungiert unter anderem als gem\u00fctlicher Empfangsraum auf unseren Jachthafen in Drachten.\" \/>\n<meta property=\"og:url\" content=\"https:\/\/yachtcharterdedrait.nl\/de\/captains-lounge\/\" \/>\n<meta property=\"og:site_name\" content=\"Yachtcharter De Drait - Friesland, NL\" \/>\n<meta property=\"article:modified_time\" content=\"2026-01-23T14:46:01+00:00\" \/>\n<meta name=\"twitter:card\" content=\"summary_large_image\" \/>\n<meta name=\"twitter:label1\" content=\"Gesch\u00e4tzte Lesezeit\" \/>\n\t<meta name=\"twitter:data1\" content=\"1\u00a0Minute\" \/>\n<script type=\"application\/ld+json\" class=\"yoast-schema-graph\">{\"@context\":\"https:\/\/schema.org\",\"@graph\":[{\"@type\":\"WebPage\",\"@id\":\"https:\/\/yachtcharterdedrait.nl\/de\/captains-lounge\/\",\"url\":\"https:\/\/yachtcharterdedrait.nl\/de\/captains-lounge\/\",\"name\":\"Empfangsraum | Captains Lounge | Yachtcharter De Drait\",\"isPartOf\":{\"@id\":\"https:\/\/yachtcharterdedrait.nl\/#website\"},\"datePublished\":\"2019-09-09T14:51:21+00:00\",\"dateModified\":\"2026-01-23T14:46:01+00:00\",\"description\":\"Unsere Captains Lounge fungiert unter anderem als gem\u00fctlicher Empfangsraum auf unseren Jachthafen in Drachten.\",\"breadcrumb\":{\"@id\":\"https:\/\/yachtcharterdedrait.nl\/de\/captains-lounge\/#breadcrumb\"},\"inLanguage\":\"de\",\"potentialAction\":[{\"@type\":\"ReadAction\",\"target\":[\"https:\/\/yachtcharterdedrait.nl\/de\/captains-lounge\/\"]}]},{\"@type\":\"BreadcrumbList\",\"@id\":\"https:\/\/yachtcharterdedrait.nl\/de\/captains-lounge\/#breadcrumb\",\"itemListElement\":[{\"@type\":\"ListItem\",\"position\":1,\"name\":\"Home\",\"item\":\"https:\/\/yachtcharterdedrait.nl\/de\/\"},{\"@type\":\"ListItem\",\"position\":2,\"name\":\"Eventraum am Wasser mieten\"}]},{\"@type\":\"WebSite\",\"@id\":\"https:\/\/yachtcharterdedrait.nl\/#website\",\"url\":\"https:\/\/yachtcharterdedrait.nl\/\",\"name\":\"Yachtcharter De Drait - Friesland, NL\",\"description\":\"Mieten Sie sich ein Boot f\u00fcr Ihren Traumurlaub\",\"potentialAction\":[{\"@type\":\"SearchAction\",\"target\":{\"@type\":\"EntryPoint\",\"urlTemplate\":\"https:\/\/yachtcharterdedrait.nl\/?s={search_term_string}\"},\"query-input\":{\"@type\":\"PropertyValueSpecification\",\"valueRequired\":true,\"valueName\":\"search_term_string\"}}],\"inLanguage\":\"de\"}]}<\/script>\n<!-- \/ Yoast SEO plugin. -->","yoast_head_json":{"title":"Empfangsraum | Captains Lounge | Yachtcharter De Drait","description":"Unsere Captains Lounge fungiert unter anderem als gem\u00fctlicher Empfangsraum auf unseren Jachthafen in Drachten.","robots":{"index":"index","follow":"follow","max-snippet":"max-snippet:-1","max-image-preview":"max-image-preview:large","max-video-preview":"max-video-preview:-1"},"canonical":"https:\/\/yachtcharterdedrait.nl\/de\/captains-lounge\/","og_locale":"de_DE","og_type":"article","og_title":"Empfangsraum | Captains Lounge | Yachtcharter De Drait","og_description":"Unsere Captains Lounge fungiert unter anderem als gem\u00fctlicher Empfangsraum auf unseren Jachthafen in Drachten.","og_url":"https:\/\/yachtcharterdedrait.nl\/de\/captains-lounge\/","og_site_name":"Yachtcharter De Drait - Friesland, NL","article_modified_time":"2026-01-23T14:46:01+00:00","twitter_card":"summary_large_image","twitter_misc":{"Gesch\u00e4tzte Lesezeit":"1\u00a0Minute"},"schema":{"@context":"https:\/\/schema.org","@graph":[{"@type":"WebPage","@id":"https:\/\/yachtcharterdedrait.nl\/de\/captains-lounge\/","url":"https:\/\/yachtcharterdedrait.nl\/de\/captains-lounge\/","name":"Empfangsraum | Captains Lounge | Yachtcharter De Drait","isPartOf":{"@id":"https:\/\/yachtcharterdedrait.nl\/#website"},"datePublished":"2019-09-09T14:51:21+00:00","dateModified":"2026-01-23T14:46:01+00:00","description":"Unsere Captains Lounge fungiert unter anderem als gem\u00fctlicher Empfangsraum auf unseren Jachthafen in Drachten.","breadcrumb":{"@id":"https:\/\/yachtcharterdedrait.nl\/de\/captains-lounge\/#breadcrumb"},"inLanguage":"de","potentialAction":[{"@type":"ReadAction","target":["https:\/\/yachtcharterdedrait.nl\/de\/captains-lounge\/"]}]},{"@type":"BreadcrumbList","@id":"https:\/\/yachtcharterdedrait.nl\/de\/captains-lounge\/#breadcrumb","itemListElement":[{"@type":"ListItem","position":1,"name":"Home","item":"https:\/\/yachtcharterdedrait.nl\/de\/"},{"@type":"ListItem","position":2,"name":"Eventraum am Wasser mieten"}]},{"@type":"WebSite","@id":"https:\/\/yachtcharterdedrait.nl\/#website","url":"https:\/\/yachtcharterdedrait.nl\/","name":"Yachtcharter De Drait - Friesland, NL","description":"Mieten Sie sich ein Boot f\u00fcr Ihren Traumurlaub","potentialAction":[{"@type":"SearchAction","target":{"@type":"EntryPoint","urlTemplate":"https:\/\/yachtcharterdedrait.nl\/?s={search_term_string}"},"query-input":{"@type":"PropertyValueSpecification","valueRequired":true,"valueName":"search_term_string"}}],"inLanguage":"de"}]}},"_links":{"self":[{"href":"https:\/\/yachtcharterdedrait.nl\/de\/wp-json\/wp\/v2\/pages\/652","targetHints":{"allow":["GET"]}}],"collection":[{"href":"https:\/\/yachtcharterdedrait.nl\/de\/wp-json\/wp\/v2\/pages"}],"about":[{"href":"https:\/\/yachtcharterdedrait.nl\/de\/wp-json\/wp\/v2\/types\/page"}],"author":[{"embeddable":true,"href":"https:\/\/yachtcharterdedrait.nl\/de\/wp-json\/wp\/v2\/users\/2"}],"replies":[{"embeddable":true,"href":"https:\/\/yachtcharterdedrait.nl\/de\/wp-json\/wp\/v2\/comments?post=652"}],"version-history":[{"count":1,"href":"https:\/\/yachtcharterdedrait.nl\/de\/wp-json\/wp\/v2\/pages\/652\/revisions"}],"predecessor-version":[{"id":12622,"href":"https:\/\/yachtcharterdedrait.nl\/de\/wp-json\/wp\/v2\/pages\/652\/revisions\/12622"}],"wp:attachment":[{"href":"https:\/\/yachtcharterdedrait.nl\/de\/wp-json\/wp\/v2\/media?parent=652"}],"curies":[{"name":"wp","href":"https:\/\/api.w.org\/{rel}","templated":true}]}}