{"id":6868,"date":"2021-09-29T12:27:47","date_gmt":"2021-09-29T12:27:47","guid":{"rendered":"https:\/\/yachtcharterdedrait.nl\/?page_id=6868"},"modified":"2021-09-29T12:27:48","modified_gmt":"2021-09-29T12:27:48","slug":"randmeer-oder-valk-mieten","status":"publish","type":"page","link":"https:\/\/yachtcharterdedrait.nl\/de\/randmeer-oder-valk-mieten\/","title":{"rendered":"Randmeer oder Valk mieten"},"content":{"rendered":"\n<h4 class=\"wp-block-heading\">Sie m\u00f6chten die friesischen Seen sportlich erkunden? Dann mieten Sie eine Randmeer oder eine Valk bei Yachtcharter De Drait in Drachten!<\/h4>\n\n\n\n<p>Yachtcharter De Drait vermietet sowohl Randmeer als auch Valk. Damit k\u00f6nnen Sie einen oder mehrere Tage auf den friesischen Seen genie\u00dfen entdecken. Beide Segelboote sind leicht zu steuern und eignen sich f\u00fcr etwa vier oder f\u00fcnf Personen. Die Randmeer und Valk haben unter anderem: Au\u00dfenbordmotor mit separatem Tank, Rollfock, Segelstange, Fender, Festmacher, ein Mopp und ein Paddel.<\/p>\n\n\n\n<h3 class=\"wp-block-heading\">Preise Randmeer und Valk<\/h3>\n\n\n\n<p>Die Randmeer und Valk werden von Montag bis Samstag von 9 bis 17 Uhr vermietet Uhr und sonntags von 10 bis 18 Uhr. Vor der Abreise erhalten Sie von unserem Mitarbeitern eine Einweisung an Bord, Sie erhalten eine Bordtasche mit mehr Informationen und die Wasserkarten des Segelreviers. Auf diese Weise wird Ihnen immer vertraut Weg! Die Randmeer und Valk k\u00f6nnen f\u00fcr einen oder mehrere Tage gemietet werden und die Die Preise finden Sie in der folgenden Tabelle:<\/p>\n\n\n\n<figure class=\"wp-block-table\"><table><tbody><tr><td><strong>Anzahl Tage<\/strong><\/td><td><strong>1<\/strong><\/td><td><strong>2<\/strong><\/td><td><strong>3<\/strong><\/td><td><strong>4<\/strong><\/td><td><strong>ff<\/strong><\/td><td><strong>Woche<\/strong><\/td><\/tr><tr><td>Valk<\/td><td>85 \u20ac<\/td><td>135 \u20ac<\/td><td>165 \u20ac<\/td><td>190 \u20ac<\/td><td>20 \u20ac<\/td><td>250 \u20ac<\/td><\/tr><tr><td>Randmeer<\/td><td>85 \u20ac<\/td><td>135 \u20ac<\/td><td>165 \u20ac<\/td><td>190 \u20ac<\/td><td>20 \u20ac<\/td><td>250 \u20ac<\/td><\/tr><\/tbody><\/table><\/figure>\n\n\n\n<p>Neben der Miete werden folgende Nebenkosten berechnet:<\/p>\n\n\n\n<p><br><strong>Kraftstoffbeitrag:\u00a0<\/strong>20\u00a0\u20ac | <strong>Kaution:<\/strong> 200 \u20ac (Tagesmiete) und 350 \u20ac (mehrt\u00e4gig)<\/p>\n\n\n\n<figure class=\"wp-block-gallery columns-3 is-cropped wp-block-gallery-1 is-layout-flex wp-block-gallery-is-layout-flex\"><ul class=\"blocks-gallery-grid\"><li class=\"blocks-gallery-item\"><figure><img decoding=\"async\" width=\"480\" height=\"480\" data-src=\"https:\/\/yachtcharterdedrait.nl\/wp-content\/uploads\/Natuur.jpg\" alt=\"Natuur in Friesland\" data-id=\"5465\" data-full-url=\"https:\/\/yachtcharterdedrait.nl\/wp-content\/uploads\/Natuur.jpg\" data-link=\"https:\/\/yachtcharterdedrait.nl\/natuur-2\/\" class=\"wp-image-5465 lazyload\" data-srcset=\"https:\/\/yachtcharterdedrait.nl\/wp-content\/uploads\/Natuur.jpg 480w, https:\/\/yachtcharterdedrait.nl\/wp-content\/uploads\/Natuur-300x300.jpg 300w, https:\/\/yachtcharterdedrait.nl\/wp-content\/uploads\/Natuur-150x150.jpg 150w\" data-sizes=\"(max-width: 480px) 100vw, 480px\" src=\"data:image\/svg+xml;base64,PHN2ZyB3aWR0aD0iMSIgaGVpZ2h0PSIxIiB4bWxucz0iaHR0cDovL3d3dy53My5vcmcvMjAwMC9zdmciPjwvc3ZnPg==\" style=\"--smush-placeholder-width: 480px; --smush-placeholder-aspect-ratio: 480\/480;\" \/><\/figure><\/li><li class=\"blocks-gallery-item\"><figure><img decoding=\"async\" width=\"1024\" height=\"683\" data-src=\"https:\/\/yachtcharterdedrait.nl\/wp-content\/uploads\/2019\/09\/natuurfotoaldefeanen-1024x683.jpg\" alt=\"\" data-id=\"1518\" data-full-url=\"https:\/\/yachtcharterdedrait.nl\/wp-content\/uploads\/2019\/09\/natuurfotoaldefeanen.jpg\" data-link=\"https:\/\/yachtcharterdedrait.nl\/blog\/de-mooiste-natuurrijke-plekken-in-friesland\/natuurfotoaldefeanen\/\" class=\"wp-image-1518 lazyload\" data-srcset=\"https:\/\/yachtcharterdedrait.nl\/wp-content\/uploads\/2019\/09\/natuurfotoaldefeanen-1024x683.jpg 1024w, https:\/\/yachtcharterdedrait.nl\/wp-content\/uploads\/2019\/09\/natuurfotoaldefeanen-300x200.jpg 300w, https:\/\/yachtcharterdedrait.nl\/wp-content\/uploads\/2019\/09\/natuurfotoaldefeanen-768x512.jpg 768w\" data-sizes=\"(max-width: 1024px) 100vw, 1024px\" src=\"data:image\/svg+xml;base64,PHN2ZyB3aWR0aD0iMSIgaGVpZ2h0PSIxIiB4bWxucz0iaHR0cDovL3d3dy53My5vcmcvMjAwMC9zdmciPjwvc3ZnPg==\" style=\"--smush-placeholder-width: 1024px; --smush-placeholder-aspect-ratio: 1024\/683;\" \/><\/figure><\/li><li class=\"blocks-gallery-item\"><figure><img decoding=\"async\" width=\"1024\" height=\"678\" data-src=\"https:\/\/yachtcharterdedrait.nl\/wp-content\/uploads\/Randmeer-of-Valk-huren-in-Friesland-1024x678.jpg\" alt=\"\" data-id=\"6696\" data-full-url=\"https:\/\/yachtcharterdedrait.nl\/wp-content\/uploads\/Randmeer-of-Valk-huren-in-Friesland-scaled.jpg\" data-link=\"https:\/\/yachtcharterdedrait.nl\/randmeer-of-valk-huren\/randmeer-of-valk-huren-in-friesland\/\" class=\"wp-image-6696 lazyload\" data-srcset=\"https:\/\/yachtcharterdedrait.nl\/wp-content\/uploads\/Randmeer-of-Valk-huren-in-Friesland-1024x678.jpg 1024w, https:\/\/yachtcharterdedrait.nl\/wp-content\/uploads\/Randmeer-of-Valk-huren-in-Friesland-300x199.jpg 300w, https:\/\/yachtcharterdedrait.nl\/wp-content\/uploads\/Randmeer-of-Valk-huren-in-Friesland-768x509.jpg 768w, https:\/\/yachtcharterdedrait.nl\/wp-content\/uploads\/Randmeer-of-Valk-huren-in-Friesland-1536x1017.jpg 1536w, https:\/\/yachtcharterdedrait.nl\/wp-content\/uploads\/Randmeer-of-Valk-huren-in-Friesland-2048x1356.jpg 2048w\" data-sizes=\"(max-width: 1024px) 100vw, 1024px\" src=\"data:image\/svg+xml;base64,PHN2ZyB3aWR0aD0iMSIgaGVpZ2h0PSIxIiB4bWxucz0iaHR0cDovL3d3dy53My5vcmcvMjAwMC9zdmciPjwvc3ZnPg==\" style=\"--smush-placeholder-width: 1024px; --smush-placeholder-aspect-ratio: 1024\/678;\" \/><\/figure><\/li><\/ul><\/figure>\n\n\n\n<h2 class=\"wp-block-heading\">Wie bucht man?<\/h2>\n\n\n\n<p>M\u00f6chten Sie eines dieser Segelboote f\u00fcr einen sportlichen Tag oder mehrere Tage buchen auf dem friesischen Wasser? Bitte <a href=\"https:\/\/yachtcharterdedrait.nl\/de\/kontakt\/\" target=\"_blank\" rel=\"noreferrer noopener\">kontaktieren<\/a> Sie uns und fragen Sie nach den Gelegenheiten. Sie finden sowohl die Randmeer als auch die Valk in unseren <a href=\"https:\/\/yachtcharterdedrait.nl\/de\/kontakt\/\" target=\"_blank\" rel=\"noreferrer noopener\">Buchungskalender<\/a>. Hier k\u00f6nnen Sie ganz einfach selbst eines der beiden Segelboote f\u00fcr\u00a0einen Tag buchen.<\/p>\n\n\n\n<p>Sie haben Fragen oder w\u00fcnschen weitere Informationen? Wir helfen Ihnen gerne!<\/p>\n","protected":false},"excerpt":{"rendered":"<p>Sie m\u00f6chten die friesischen Seen sportlich erkunden? Dann mieten Sie eine Randmeer oder eine Valk bei Yachtcharter De Drait in Drachten! Yachtcharter De Drait vermietet sowohl Randmeer als auch Valk. Damit k\u00f6nnen Sie einen oder mehrere Tage auf den friesischen Seen genie\u00dfen entdecken. Beide Segelboote sind leicht zu steuern und eignen sich f\u00fcr etwa vier [&hellip;]<\/p>\n","protected":false},"author":10,"featured_media":0,"parent":0,"menu_order":0,"comment_status":"closed","ping_status":"closed","template":"","meta":{"inline_featured_image":false,"footnotes":""},"class_list":["post-6868","page","type-page","status-publish","hentry"],"yoast_head":"<!-- This site is optimized with the Yoast SEO plugin v27.1.1 - https:\/\/yoast.com\/product\/yoast-seo-wordpress\/ -->\n<title>Randmeer oder Valk mieten - Yachtcharter De Drait - Friesland, NL<\/title>\n<meta name=\"robots\" content=\"index, follow, max-snippet:-1, max-image-preview:large, max-video-preview:-1\" \/>\n<link rel=\"canonical\" href=\"https:\/\/yachtcharterdedrait.nl\/de\/randmeer-oder-valk-mieten\/\" \/>\n<meta property=\"og:locale\" content=\"de_DE\" \/>\n<meta property=\"og:type\" content=\"article\" \/>\n<meta property=\"og:title\" content=\"Randmeer oder Valk mieten - Yachtcharter De Drait - Friesland, NL\" \/>\n<meta property=\"og:description\" content=\"Sie m\u00f6chten die friesischen Seen sportlich erkunden? Dann mieten Sie eine Randmeer oder eine Valk bei Yachtcharter De Drait in Drachten! Yachtcharter De Drait vermietet sowohl Randmeer als auch Valk. Damit k\u00f6nnen Sie einen oder mehrere Tage auf den friesischen Seen genie\u00dfen entdecken. Beide Segelboote sind leicht zu steuern und eignen sich f\u00fcr etwa vier [&hellip;]\" \/>\n<meta property=\"og:url\" content=\"https:\/\/yachtcharterdedrait.nl\/de\/randmeer-oder-valk-mieten\/\" \/>\n<meta property=\"og:site_name\" content=\"Yachtcharter De Drait - Friesland, NL\" \/>\n<meta property=\"article:modified_time\" content=\"2021-09-29T12:27:48+00:00\" \/>\n<meta property=\"og:image\" content=\"https:\/\/yachtcharterdedrait.nl\/wp-content\/uploads\/Natuur.jpg\" \/>\n<meta name=\"twitter:card\" content=\"summary_large_image\" \/>\n<meta name=\"twitter:label1\" content=\"Gesch\u00e4tzte Lesezeit\" \/>\n\t<meta name=\"twitter:data1\" content=\"2\u00a0Minuten\" \/>\n<script type=\"application\/ld+json\" class=\"yoast-schema-graph\">{\"@context\":\"https:\/\/schema.org\",\"@graph\":[{\"@type\":\"WebPage\",\"@id\":\"https:\/\/yachtcharterdedrait.nl\/de\/randmeer-oder-valk-mieten\/\",\"url\":\"https:\/\/yachtcharterdedrait.nl\/de\/randmeer-oder-valk-mieten\/\",\"name\":\"Randmeer oder Valk mieten - Yachtcharter De Drait - Friesland, NL\",\"isPartOf\":{\"@id\":\"https:\/\/yachtcharterdedrait.nl\/#website\"},\"primaryImageOfPage\":{\"@id\":\"https:\/\/yachtcharterdedrait.nl\/de\/randmeer-oder-valk-mieten\/#primaryimage\"},\"image\":{\"@id\":\"https:\/\/yachtcharterdedrait.nl\/de\/randmeer-oder-valk-mieten\/#primaryimage\"},\"thumbnailUrl\":\"https:\/\/yachtcharterdedrait.nl\/wp-content\/uploads\/Natuur.jpg\",\"datePublished\":\"2021-09-29T12:27:47+00:00\",\"dateModified\":\"2021-09-29T12:27:48+00:00\",\"breadcrumb\":{\"@id\":\"https:\/\/yachtcharterdedrait.nl\/de\/randmeer-oder-valk-mieten\/#breadcrumb\"},\"inLanguage\":\"de\",\"potentialAction\":[{\"@type\":\"ReadAction\",\"target\":[\"https:\/\/yachtcharterdedrait.nl\/de\/randmeer-oder-valk-mieten\/\"]}]},{\"@type\":\"ImageObject\",\"inLanguage\":\"de\",\"@id\":\"https:\/\/yachtcharterdedrait.nl\/de\/randmeer-oder-valk-mieten\/#primaryimage\",\"url\":\"https:\/\/yachtcharterdedrait.nl\/wp-content\/uploads\/Natuur.jpg\",\"contentUrl\":\"https:\/\/yachtcharterdedrait.nl\/wp-content\/uploads\/Natuur.jpg\"},{\"@type\":\"BreadcrumbList\",\"@id\":\"https:\/\/yachtcharterdedrait.nl\/de\/randmeer-oder-valk-mieten\/#breadcrumb\",\"itemListElement\":[{\"@type\":\"ListItem\",\"position\":1,\"name\":\"Home\",\"item\":\"https:\/\/yachtcharterdedrait.nl\/de\/\"},{\"@type\":\"ListItem\",\"position\":2,\"name\":\"Randmeer oder Valk mieten\"}]},{\"@type\":\"WebSite\",\"@id\":\"https:\/\/yachtcharterdedrait.nl\/#website\",\"url\":\"https:\/\/yachtcharterdedrait.nl\/\",\"name\":\"Yachtcharter De Drait - Friesland, NL\",\"description\":\"Mieten Sie sich ein Boot f\u00fcr Ihren Traumurlaub\",\"potentialAction\":[{\"@type\":\"SearchAction\",\"target\":{\"@type\":\"EntryPoint\",\"urlTemplate\":\"https:\/\/yachtcharterdedrait.nl\/?s={search_term_string}\"},\"query-input\":{\"@type\":\"PropertyValueSpecification\",\"valueRequired\":true,\"valueName\":\"search_term_string\"}}],\"inLanguage\":\"de\"}]}<\/script>\n<!-- \/ Yoast SEO plugin. -->","yoast_head_json":{"title":"Randmeer oder Valk mieten - Yachtcharter De Drait - Friesland, NL","robots":{"index":"index","follow":"follow","max-snippet":"max-snippet:-1","max-image-preview":"max-image-preview:large","max-video-preview":"max-video-preview:-1"},"canonical":"https:\/\/yachtcharterdedrait.nl\/de\/randmeer-oder-valk-mieten\/","og_locale":"de_DE","og_type":"article","og_title":"Randmeer oder Valk mieten - Yachtcharter De Drait - Friesland, NL","og_description":"Sie m\u00f6chten die friesischen Seen sportlich erkunden? Dann mieten Sie eine Randmeer oder eine Valk bei Yachtcharter De Drait in Drachten! Yachtcharter De Drait vermietet sowohl Randmeer als auch Valk. Damit k\u00f6nnen Sie einen oder mehrere Tage auf den friesischen Seen genie\u00dfen entdecken. Beide Segelboote sind leicht zu steuern und eignen sich f\u00fcr etwa vier [&hellip;]","og_url":"https:\/\/yachtcharterdedrait.nl\/de\/randmeer-oder-valk-mieten\/","og_site_name":"Yachtcharter De Drait - Friesland, NL","article_modified_time":"2021-09-29T12:27:48+00:00","og_image":[{"url":"https:\/\/yachtcharterdedrait.nl\/wp-content\/uploads\/Natuur.jpg","type":"","width":"","height":""}],"twitter_card":"summary_large_image","twitter_misc":{"Gesch\u00e4tzte Lesezeit":"2\u00a0Minuten"},"schema":{"@context":"https:\/\/schema.org","@graph":[{"@type":"WebPage","@id":"https:\/\/yachtcharterdedrait.nl\/de\/randmeer-oder-valk-mieten\/","url":"https:\/\/yachtcharterdedrait.nl\/de\/randmeer-oder-valk-mieten\/","name":"Randmeer oder Valk mieten - Yachtcharter De Drait - Friesland, NL","isPartOf":{"@id":"https:\/\/yachtcharterdedrait.nl\/#website"},"primaryImageOfPage":{"@id":"https:\/\/yachtcharterdedrait.nl\/de\/randmeer-oder-valk-mieten\/#primaryimage"},"image":{"@id":"https:\/\/yachtcharterdedrait.nl\/de\/randmeer-oder-valk-mieten\/#primaryimage"},"thumbnailUrl":"https:\/\/yachtcharterdedrait.nl\/wp-content\/uploads\/Natuur.jpg","datePublished":"2021-09-29T12:27:47+00:00","dateModified":"2021-09-29T12:27:48+00:00","breadcrumb":{"@id":"https:\/\/yachtcharterdedrait.nl\/de\/randmeer-oder-valk-mieten\/#breadcrumb"},"inLanguage":"de","potentialAction":[{"@type":"ReadAction","target":["https:\/\/yachtcharterdedrait.nl\/de\/randmeer-oder-valk-mieten\/"]}]},{"@type":"ImageObject","inLanguage":"de","@id":"https:\/\/yachtcharterdedrait.nl\/de\/randmeer-oder-valk-mieten\/#primaryimage","url":"https:\/\/yachtcharterdedrait.nl\/wp-content\/uploads\/Natuur.jpg","contentUrl":"https:\/\/yachtcharterdedrait.nl\/wp-content\/uploads\/Natuur.jpg"},{"@type":"BreadcrumbList","@id":"https:\/\/yachtcharterdedrait.nl\/de\/randmeer-oder-valk-mieten\/#breadcrumb","itemListElement":[{"@type":"ListItem","position":1,"name":"Home","item":"https:\/\/yachtcharterdedrait.nl\/de\/"},{"@type":"ListItem","position":2,"name":"Randmeer oder Valk mieten"}]},{"@type":"WebSite","@id":"https:\/\/yachtcharterdedrait.nl\/#website","url":"https:\/\/yachtcharterdedrait.nl\/","name":"Yachtcharter De Drait - Friesland, NL","description":"Mieten Sie sich ein Boot f\u00fcr Ihren Traumurlaub","potentialAction":[{"@type":"SearchAction","target":{"@type":"EntryPoint","urlTemplate":"https:\/\/yachtcharterdedrait.nl\/?s={search_term_string}"},"query-input":{"@type":"PropertyValueSpecification","valueRequired":true,"valueName":"search_term_string"}}],"inLanguage":"de"}]}},"_links":{"self":[{"href":"https:\/\/yachtcharterdedrait.nl\/de\/wp-json\/wp\/v2\/pages\/6868","targetHints":{"allow":["GET"]}}],"collection":[{"href":"https:\/\/yachtcharterdedrait.nl\/de\/wp-json\/wp\/v2\/pages"}],"about":[{"href":"https:\/\/yachtcharterdedrait.nl\/de\/wp-json\/wp\/v2\/types\/page"}],"author":[{"embeddable":true,"href":"https:\/\/yachtcharterdedrait.nl\/de\/wp-json\/wp\/v2\/users\/10"}],"replies":[{"embeddable":true,"href":"https:\/\/yachtcharterdedrait.nl\/de\/wp-json\/wp\/v2\/comments?post=6868"}],"version-history":[{"count":0,"href":"https:\/\/yachtcharterdedrait.nl\/de\/wp-json\/wp\/v2\/pages\/6868\/revisions"}],"wp:attachment":[{"href":"https:\/\/yachtcharterdedrait.nl\/de\/wp-json\/wp\/v2\/media?parent=6868"}],"curies":[{"name":"wp","href":"https:\/\/api.w.org\/{rel}","templated":true}]}}