{"id":7119,"date":"2021-11-09T14:07:15","date_gmt":"2021-11-09T14:07:15","guid":{"rendered":"https:\/\/yachtcharterdedrait.nl\/fahrgebiet-woudsend-niederlande-2\/"},"modified":"2025-05-14T14:01:35","modified_gmt":"2025-05-14T14:01:35","slug":"fahrgebiet-woudsend-niederlande-2","status":"publish","type":"page","link":"https:\/\/yachtcharterdedrait.nl\/de\/fahrgebiet-woudsend-niederlande-2\/","title":{"rendered":"Fahrgebiet Woudsend (Niederlande)"},"content":{"rendered":"<h2 data-start=\"72\" data-end=\"128\">Entdecken Sie Friesland vom Wasser aus \u2013 ab Woudsend<\/h2>\r\n<p class=\"\" data-start=\"130\" data-end=\"576\">Ob Sie Anf\u00e4nger sind oder bereits viel Erfahrung im Bootfahren haben \u2013 in Friesland, der Wassersportprovinz der Niederlande, kommen Sie voll auf Ihre Kosten. Es ist ein wahres Paradies f\u00fcr Wassersportler. Mit seinen weitl\u00e4ufigen Seen, Kan\u00e4len und malerischen D\u00f6rfern bietet Friesland zahlreiche wundersch\u00f6ne Orte, die sich ideal mit dem Boot erkunden lassen. Bootfahren in Friesland ist ein einzigartiges Erlebnis f\u00fcr alle, die das Wasser lieben!<\/p>\r\n<p class=\"\" data-start=\"578\" data-end=\"996\">Ob historische D\u00f6rfer, ruhige Naturlandschaften oder lebendige Wassersportzentren \u2013 Friesland bietet vielf\u00e4ltige M\u00f6glichkeiten f\u00fcr eine unvergessliche Bootstour. Die friesischen Seen lassen sich einfach befahren, und Ihre Route kann flexibel angepasst werden. So entscheiden Sie selbst, ob Sie mehr oder weniger Orte besuchen m\u00f6chten. \u00dcberall gibt es ausreichend Anlegestellen \u2013 Sorgen um Liegepl\u00e4tze sind \u00fcberfl\u00fcssig.<\/p>\r\n<h3 data-start=\"998\" data-end=\"1066\">Planen Sie Ihre Route entlang der Elf-St\u00e4dte und charmanten Orte<\/h3>\r\n<p class=\"\" data-start=\"1068\" data-end=\"1428\">Entdecken Sie einige der ber\u00fchmten Elf-St\u00e4dte und besuchen Sie lebhafte Wassersportorte wie Lemmer, Joure, Sneek, Bolsward, Sloten, Koudum, Heeg und Workum. Friesland verf\u00fcgt \u00fcber hervorragend ausgestattete G\u00e4stehafenanlagen mit modernen Einrichtungen. Zudem gibt es zahlreiche kostenfreie Naturanlegepl\u00e4tze, die von der Organisation <a href=\"https:\/\/yachtcharterdedrait.nl\/de\/blog\/marrekrite\/\">Marrekrite<\/a>\u00a0betreut werden.<\/p>\r\n<h3 data-start=\"1430\" data-end=\"1475\">Starten Sie Ihr Bootserlebnis ab Woudsend<\/h3>\r\n<p class=\"\" data-start=\"1477\" data-end=\"1754\">Unser Yachthafen in Woudsend ist der ideale Ausgangspunkt f\u00fcr einen entspannten Bootsurlaub in Friesland. Von hier aus erkunden Sie die Provinz auf ganz besondere Weise \u2013 vom Wasser aus, mit einer Klompmaker-Kutteryacht, einer Motoryacht von De Drait oder einem Campi-Hausboot.<\/p>\r\n<p class=\"\" data-start=\"1756\" data-end=\"2256\">Woudsend ist ein echtes Wassersportdorf, idyllisch gelegen zwischen dem Heegermeer und dem Slotermeer und direkt an der Route der Elf-St\u00e4dte-Tour. Das ehemalige Handelsdorf mit seinen zwei Windm\u00fchlen, engen Gassen und historischen Geb\u00e4uden hat seinen urspr\u00fcnglichen Charme bewahrt und ist auf jeden Fall einen Besuch wert. Genie\u00dfen Sie die zahlreichen Restaurants mit Terrassen direkt am Wasser. Dank seiner zentralen Lage ist Woudsend ein idealer Ausgangspunkt f\u00fcr einen unvergesslichen Bootsurlaub.<\/p>\r\n<p class=\"\" data-start=\"2258\" data-end=\"2743\">Mieten Sie ein Boot f\u00fcr einen l\u00e4ngeren Urlaub? Dann k\u00f6nnen Sie von hier aus nicht nur Friesland, sondern auch weitere Provinzen Nordniederlands entdecken \u2013 wie Groningen, Drenthe, Overijssel, Flevoland und Nordholland. Ab Woudsend erreichen Sie schnell Workum, Stavoren oder Lemmer \u2013 ideale Ausgangspunkte f\u00fcr eine Fahrt \u00fcber das IJsselmeer in Richtung Nordholland und Amsterdam. Lieber in die Natur? Dann fahren Sie Richtung <a href=\"https:\/\/www.visitweerribbenwieden.com\/nationaal-park\/\" target=\"_blank\" rel=\"noopener\">Nationalpark Weerribben-Wieden<\/a> in der Provinz Overijssel.<\/p>\r\n\r\n<p><img decoding=\"async\" class=\"alignnone wp-image-7655 lazyload\" data-src=\"https:\/\/yachtcharterdedrait.nl\/wp-content\/uploads\/P9915_PR_2003-CR2-kopie-zonder-schotels-kopie-1-300x200.jpg\" alt=\"\" width=\"410\" height=\"273\" data-srcset=\"https:\/\/yachtcharterdedrait.nl\/wp-content\/uploads\/P9915_PR_2003-CR2-kopie-zonder-schotels-kopie-1-300x200.jpg 300w, https:\/\/yachtcharterdedrait.nl\/wp-content\/uploads\/P9915_PR_2003-CR2-kopie-zonder-schotels-kopie-1-1024x683.jpg 1024w, https:\/\/yachtcharterdedrait.nl\/wp-content\/uploads\/P9915_PR_2003-CR2-kopie-zonder-schotels-kopie-1-768x512.jpg 768w, https:\/\/yachtcharterdedrait.nl\/wp-content\/uploads\/P9915_PR_2003-CR2-kopie-zonder-schotels-kopie-1-1536x1024.jpg 1536w, https:\/\/yachtcharterdedrait.nl\/wp-content\/uploads\/P9915_PR_2003-CR2-kopie-zonder-schotels-kopie-1-2048x1365.jpg 2048w\" data-sizes=\"(max-width: 410px) 100vw, 410px\" src=\"data:image\/svg+xml;base64,PHN2ZyB3aWR0aD0iMSIgaGVpZ2h0PSIxIiB4bWxucz0iaHR0cDovL3d3dy53My5vcmcvMjAwMC9zdmciPjwvc3ZnPg==\" style=\"--smush-placeholder-width: 410px; --smush-placeholder-aspect-ratio: 410\/273;\" \/>\u00a0 \u00a0 <img decoding=\"async\" class=\"alignnone wp-image-7665 lazyload\" data-src=\"https:\/\/yachtcharterdedrait.nl\/wp-content\/uploads\/P12734_PR_9758-1-300x200.jpg\" alt=\"\" width=\"410\" height=\"273\" data-srcset=\"https:\/\/yachtcharterdedrait.nl\/wp-content\/uploads\/P12734_PR_9758-1-300x200.jpg 300w, https:\/\/yachtcharterdedrait.nl\/wp-content\/uploads\/P12734_PR_9758-1-1024x683.jpg 1024w, https:\/\/yachtcharterdedrait.nl\/wp-content\/uploads\/P12734_PR_9758-1-768x512.jpg 768w, https:\/\/yachtcharterdedrait.nl\/wp-content\/uploads\/P12734_PR_9758-1-1536x1024.jpg 1536w, https:\/\/yachtcharterdedrait.nl\/wp-content\/uploads\/P12734_PR_9758-1-2048x1365.jpg 2048w\" data-sizes=\"(max-width: 410px) 100vw, 410px\" src=\"data:image\/svg+xml;base64,PHN2ZyB3aWR0aD0iMSIgaGVpZ2h0PSIxIiB4bWxucz0iaHR0cDovL3d3dy53My5vcmcvMjAwMC9zdmciPjwvc3ZnPg==\" style=\"--smush-placeholder-width: 410px; --smush-placeholder-aspect-ratio: 410\/273;\" \/><\/p>\r\n<h3>Jachtcharter Klompmaker<\/h3>\r\n<p class=\"\" data-start=\"2779\" data-end=\"3011\">Seit dem 1. November 2021 geh\u00f6ren die Klompmaker-Kutteryachten zur Flotte von Yachtcharter De Drait. Die Yachten \u2013 geeignet f\u00fcr 2 bis 8 Personen \u2013 sind vollst\u00e4ndig ausgestattet und werden ab unserem Yachthafen in Woudsend vermietet.<\/p>\r\n<h3 data-start=\"3018\" data-end=\"3046\">Bootsrouten in Friesland<\/h3>\r\n<p class=\"\" data-start=\"3048\" data-end=\"3423\">Wenn Sie ein Boot bei uns gemietet haben, sind Sie sicherlich neugierig, welche Reiseziele es zu entdecken gibt. Friesland bietet eine enorme Vielfalt \u2013 alles w\u00e4hrend eines einzigen Bootsurlaubs zu sehen, ist kaum m\u00f6glich. Deshalb haben wir verschiedene Routen f\u00fcr Sie zusammengestellt \u2013 passend zu Ihrer Gruppe und Ihren Interessen, ob Kultur, Natur oder Urlaub mit Kindern.<\/p>\r\n<p class=\"\" data-start=\"3425\" data-end=\"3479\"><a href=\"https:\/\/yachtcharterdedrait.nl\/de\/fahrrouten-woudsend-friesland\/\">Hier klicken f\u00fcr die sch\u00f6nsten Routen ab Woudsend!<\/a><\/p>\r\n<h3 data-start=\"3486\" data-end=\"3544\">Noch nie Boot gefahren? Buchen Sie ein Skippertraining<\/h3>\r\n<p class=\"\" data-start=\"3546\" data-end=\"4068\">Auch wenn Sie noch keine Erfahrung mit dem Bootfahren haben, brauchen Sie sich bei einer Buchung bei Yachtcharter De Drait keine Sorgen zu machen. Friesland bietet das ideale Fahrgebiet f\u00fcr Einsteiger. Die vielen Seen und Kan\u00e4le, die St\u00e4dte und D\u00f6rfer miteinander verbinden, sind str\u00f6mungsfrei und gr\u00f6\u00dftenteils schleusenfrei. Au\u00dferdem gibt es gro\u00dfz\u00fcgige Br\u00fcckenbetriebszeiten. Alle unsere Boote d\u00fcrfen f\u00fchrerscheinfrei gefahren werden. F\u00fcr einen sicheren Start bieten wir Ihnen gern ein <a href=\"https:\/\/yachtcharterdedrait.nl\/de\/skippertraining\/\">Skippertraining<\/a> vor der Abfahrt an.<\/p>\r\n<h3 data-start=\"4075\" data-end=\"4126\">In der Natur \u00fcbernachten? W\u00e4hlen Sie Marrekrite<\/h3>\r\n<p class=\"\" data-start=\"4128\" data-end=\"4385\">Sie m\u00f6chten die friesischen Seen befahren und inmitten der Natur \u00fcbernachten? Dann machen Sie an einem der Naturanlegepl\u00e4tze von Marrekrite fest. Mehr Informationen \u00fcber diese besonderen Orte finden Sie in unserem Blog: <a href=\"https:\/\/yachtcharterdedrait.nl\/de\/blog\/marrekrite\/\">Was ist ein Marrekrite-Anlegeplatz?<\/a><\/p>\r\n<h3 data-start=\"4392\" data-end=\"4424\">Elf-St\u00e4dte-Tour mit dem Boot<\/h3>\r\n<p class=\"\" data-start=\"4426\" data-end=\"4700\">Die Elf-St\u00e4dte-Tour ist ein legend\u00e4res Eisschnelllauf-Event \u2013 aber wussten Sie, dass man sie auch mit dem Boot fahren kann? Wir haben verschiedene Routen f\u00fcr Sie ausgearbeitet, damit Sie die friesischen St\u00e4dte auf ganz besondere Weise erleben k\u00f6nnen \u2013 direkt vom Wasser aus.<\/p>\r\n<h3 data-start=\"4707\" data-end=\"4732\">Br\u00fccken und Schleusen<\/h3>\r\n<p class=\"\" data-start=\"4734\" data-end=\"5144\">In Friesland begegnen Ihnen zahlreiche bewegliche Br\u00fccken und einige Schleusen, die Sie w\u00e4hrend Ihrer Fahrt passieren m\u00fcssen. Planen Sie Ihre Route stets unter Ber\u00fccksichtigung der Durchfahrtsh\u00f6he und des Tiefgangs Ihres Bootes. Ist eine Br\u00fccke zu niedrig, kann eine Passage eventuell nicht m\u00f6glich sein. Viele Br\u00fccken werden ferngesteuert ge\u00f6ffnet. Die aktuellen \u00d6ffnungszeiten in Friesland finden Sie <a href=\"https:\/\/www.fryslan.frl\/brugbediening\" target=\"_blank\" rel=\"noopener external noreferrer\" data-wpel-link=\"external\">hier<\/a>.<\/p>\r\n<h3 data-start=\"5151\" data-end=\"5188\">Bootfahren im Winter in Friesland<\/h3>\r\n<p class=\"\" data-start=\"5190\" data-end=\"5486\">Auch im Winter ist Bootfahren m\u00f6glich! Obwohl man beim Thema Boot h\u00e4ufig an Sommertage denkt, bietet eine winterliche Fahrt eine ganz eigene, ruhige Atmosph\u00e4re. Genie\u00dfen Sie die Stille auf dem Wasser und die klare Luft. Mehr Informationen finden Sie <a href=\"https:\/\/yachtcharterdedrait.nl\/de\/winterfahren\/\">hier<\/a> \u00fcber das Winterbootfahren in Friesland.<\/p>\r\n<h3 data-start=\"5493\" data-end=\"5544\">Weitere Informationen zum Fahrgebiet Friesland:<\/h3>\r\n<ul>\r\n<li><a href=\"https:\/\/yachtcharterdedrait.nl\/de\/fahrrouten-woudsend-friesland\/\">Fahrrouten in Friesland &#8211; Woudsend<\/a><\/li>\r\n<li><a href=\"https:\/\/yachtcharterdedrait.nl\/de\/bootsfuehrerschein-2\/\" data-wpel-link=\"internal\">Bootfahren ohne F\u00fchrerschein<\/a>\r\n<ul>\r\n<li><a href=\"https:\/\/yachtcharterdedrait.nl\/de\/skippertraining\/\" data-wpel-link=\"internal\">Skippertraining<\/a><\/li>\r\n<\/ul>\r\n<\/li>\r\n<li>Aus unserem Blog:\r\n<ul>\r\n<li><a href=\"https:\/\/yachtcharterdedrait.nl\/de\/blog\/marrekrite\/\" data-wpel-link=\"internal\">(Marrekrite-)Anlegepl\u00e4tze in Friesland<\/a><\/li>\r\n<li><a href=\"https:\/\/yachtcharterdedrait.nl\/de\/blog\/boot-fahren-in-nord-hollands\/\" data-wpel-link=\"internal\">Die 3 sch\u00f6nsten naturreichen Orte in Friesland<\/a><\/li>\r\n<li><a href=\"https:\/\/yachtcharterdedrait.nl\/de\/blog\/sehenswuerdigkeiten-in-friesland\/\" data-wpel-link=\"internal\">Sehensw\u00fcrdigkeiten in Friesland<\/a><\/li>\r\n<li><a href=\"https:\/\/yachtcharterdedrait.nl\/de\/blog\/rad-fahren-in-friesland\/\" data-wpel-link=\"internal\">Unsere beliebtesten Fahrradrouten in Friesland<\/a><\/li>\r\n<\/ul>\r\n<\/li>\r\n<li>Allgemeine\u00a0<a href=\"https:\/\/yachtcharterdedrait.nl\/de\/praktische-tipps\/\" data-wpel-link=\"internal\">praktische Informationen<\/a>\u00a0zur Bootsmiete<\/li>\r\n<li><a href=\"https:\/\/yachtcharterdedrait.nl\/de\/winterfahren\/\" data-wpel-link=\"internal\">Bootfahren in Friesland im Winter<\/a><\/li>\r\n<\/ul>\r\n\r\n\r\n\n<div class=\"schema-faq wp-block-yoast-faq-block\"><div class=\"schema-faq-section\" id=\"faq-question-1579766760840\"><strong class=\"schema-faq-question\">Heb ik een vaarbewijs nodig?<\/strong> <p class=\"schema-faq-answer\">Voor onze boten heb je in Nederland geen vaarbewijs nodig. Dat komt omdat onze boten minder snel dan 20km per uur varen en kleiner zijn dan 15 meter.  <br\/><br\/>In Duitsland heb je ook geen vaarbewijs nodig, maar wel een Charterschein. Dit is een korte theoretische en praktische instructie.  <\/p> <\/div> <div class=\"schema-faq-section\" id=\"faq-question-1579766796164\"><strong class=\"schema-faq-question\">Hoe hard mag je in Nederland varen?<\/strong> <p class=\"schema-faq-answer\">Op de meeste wateren mag je niet sneller varen dan 6, 9 of 12 kilometer per uur.  <\/p> <\/div> <div class=\"schema-faq-section\" id=\"faq-question-1579766850441\"><strong class=\"schema-faq-question\">Kan ik een korte training volgen?<\/strong> <p class=\"schema-faq-answer\">Ja dat kan zeker, met onze schipperstraining. Deze varieert van een korte training voorafgaand aan de huurperiode tot een dagcursus.  <\/p> <\/div> <div class=\"schema-faq-section\" id=\"faq-question-1579766887122\"><strong class=\"schema-faq-question\">Wat moet ik zelf meenemen?<\/strong> <p class=\"schema-faq-answer\">Het is raadzaam om het volgende op je inpaklijstje te zetten: handdoeken en theedoeken, muggenspray, beddengoed, zonnebrandcr\u00e8me (!), kleingeld voor sommige bruggen. <\/p> <\/div> <div class=\"schema-faq-section\" id=\"faq-question-1579766916183\"><strong class=\"schema-faq-question\">Wat kan ik extra bijhuren?<\/strong> <p class=\"schema-faq-answer\">Je kunt bij ons veel bijboeken, denk aan beddengoed, een fiets, schipperstraining en meer. <\/p> <\/div> <div class=\"schema-faq-section\" id=\"faq-question-1579766943166\"><strong class=\"schema-faq-question\">Mag een huisdier mee aan boord?<\/strong> <p class=\"schema-faq-answer\">Jazeker. Voor \u20ac 75,- mag je trouwe huisdier mee aan boord. <\/p> <\/div> <div class=\"schema-faq-section\" id=\"faq-question-1579766995595\"><strong class=\"schema-faq-question\">Kunnen we ook vissen vanaf de boot?<\/strong> <p class=\"schema-faq-answer\">Het is bijna overal toegestaan om een hengeltje uit te gooien, mits je een visvergunning hebt. Deze kun je bij ons kopen voor \u20ac10,-. Dan kun je een week vissen. <\/p> <\/div> <\/div>\n","protected":false},"excerpt":{"rendered":"<p>Entdecken Sie Friesland vom Wasser aus \u2013 ab Woudsend Ob Sie Anf\u00e4nger sind oder bereits viel Erfahrung im Bootfahren haben \u2013 in Friesland, der Wassersportprovinz der Niederlande, kommen Sie voll auf Ihre Kosten. Es ist ein wahres Paradies f\u00fcr Wassersportler. Mit seinen weitl\u00e4ufigen Seen, Kan\u00e4len und malerischen D\u00f6rfern bietet Friesland zahlreiche wundersch\u00f6ne Orte, die sich [&hellip;]<\/p>\n","protected":false},"author":10,"featured_media":11303,"parent":0,"menu_order":0,"comment_status":"closed","ping_status":"closed","template":"","meta":{"inline_featured_image":false,"footnotes":""},"class_list":["post-7119","page","type-page","status-publish","has-post-thumbnail","hentry"],"yoast_head":"<!-- This site is optimized with the Yoast SEO plugin v27.1.1 - https:\/\/yoast.com\/product\/yoast-seo-wordpress\/ -->\n<title>Entdecken Sie Friesland vom Wasser aus ab Woudsend<\/title>\n<meta name=\"description\" content=\"Boot mieten in Woudsend und Friesland vom Wasser aus entdecken. Starten Sie Ihren unvergesslichen Bootsurlaub bei Yachtcharter De Drait.\" \/>\n<meta name=\"robots\" content=\"index, follow, max-snippet:-1, max-image-preview:large, max-video-preview:-1\" \/>\n<link rel=\"canonical\" href=\"https:\/\/yachtcharterdedrait.nl\/de\/fahrgebiet-woudsend-niederlande-2\/\" \/>\n<meta property=\"og:locale\" content=\"de_DE\" \/>\n<meta property=\"og:type\" content=\"article\" \/>\n<meta property=\"og:title\" content=\"Entdecken Sie Friesland vom Wasser aus ab Woudsend\" \/>\n<meta property=\"og:description\" content=\"Boot mieten in Woudsend und Friesland vom Wasser aus entdecken. Starten Sie Ihren unvergesslichen Bootsurlaub bei Yachtcharter De Drait.\" \/>\n<meta property=\"og:url\" content=\"https:\/\/yachtcharterdedrait.nl\/de\/fahrgebiet-woudsend-niederlande-2\/\" \/>\n<meta property=\"og:site_name\" content=\"Yachtcharter De Drait - Friesland, NL\" \/>\n<meta property=\"article:modified_time\" content=\"2025-05-14T14:01:35+00:00\" \/>\n<meta property=\"og:image\" content=\"https:\/\/yachtcharterdedrait.nl\/wp-content\/uploads\/Woudsend-2.jpg\" \/>\n\t<meta property=\"og:image:width\" content=\"1912\" \/>\n\t<meta property=\"og:image:height\" content=\"600\" \/>\n\t<meta property=\"og:image:type\" content=\"image\/jpeg\" \/>\n<meta name=\"twitter:card\" content=\"summary_large_image\" \/>\n<meta name=\"twitter:label1\" content=\"Gesch\u00e4tzte Lesezeit\" \/>\n\t<meta name=\"twitter:data1\" content=\"5\u00a0Minuten\" \/>\n<script type=\"application\/ld+json\" class=\"yoast-schema-graph\">{\"@context\":\"https:\/\/schema.org\",\"@graph\":[{\"@type\":\"WebPage\",\"@id\":\"https:\/\/yachtcharterdedrait.nl\/de\/fahrgebiet-woudsend-niederlande-2\/\",\"url\":\"https:\/\/yachtcharterdedrait.nl\/de\/fahrgebiet-woudsend-niederlande-2\/\",\"name\":\"Entdecken Sie Friesland vom Wasser aus ab Woudsend\",\"isPartOf\":{\"@id\":\"https:\/\/yachtcharterdedrait.nl\/#website\"},\"primaryImageOfPage\":{\"@id\":\"https:\/\/yachtcharterdedrait.nl\/de\/fahrgebiet-woudsend-niederlande-2\/#primaryimage\"},\"image\":{\"@id\":\"https:\/\/yachtcharterdedrait.nl\/de\/fahrgebiet-woudsend-niederlande-2\/#primaryimage\"},\"thumbnailUrl\":\"https:\/\/yachtcharterdedrait.nl\/wp-content\/uploads\/Woudsend-2.jpg\",\"datePublished\":\"2021-11-09T14:07:15+00:00\",\"dateModified\":\"2025-05-14T14:01:35+00:00\",\"description\":\"Boot mieten in Woudsend und Friesland vom Wasser aus entdecken. Starten Sie Ihren unvergesslichen Bootsurlaub bei Yachtcharter De Drait.\",\"breadcrumb\":{\"@id\":\"https:\/\/yachtcharterdedrait.nl\/de\/fahrgebiet-woudsend-niederlande-2\/#breadcrumb\"},\"inLanguage\":\"de\",\"potentialAction\":[{\"@type\":\"ReadAction\",\"target\":[\"https:\/\/yachtcharterdedrait.nl\/de\/fahrgebiet-woudsend-niederlande-2\/\"]}]},{\"@type\":\"ImageObject\",\"inLanguage\":\"de\",\"@id\":\"https:\/\/yachtcharterdedrait.nl\/de\/fahrgebiet-woudsend-niederlande-2\/#primaryimage\",\"url\":\"https:\/\/yachtcharterdedrait.nl\/wp-content\/uploads\/Woudsend-2.jpg\",\"contentUrl\":\"https:\/\/yachtcharterdedrait.nl\/wp-content\/uploads\/Woudsend-2.jpg\",\"width\":1912,\"height\":600,\"caption\":\"Flexibel boot huren in Friesland\"},{\"@type\":\"BreadcrumbList\",\"@id\":\"https:\/\/yachtcharterdedrait.nl\/de\/fahrgebiet-woudsend-niederlande-2\/#breadcrumb\",\"itemListElement\":[{\"@type\":\"ListItem\",\"position\":1,\"name\":\"Home\",\"item\":\"https:\/\/yachtcharterdedrait.nl\/de\/\"},{\"@type\":\"ListItem\",\"position\":2,\"name\":\"Fahrgebiet Woudsend (Niederlande)\"}]},{\"@type\":\"WebSite\",\"@id\":\"https:\/\/yachtcharterdedrait.nl\/#website\",\"url\":\"https:\/\/yachtcharterdedrait.nl\/\",\"name\":\"Yachtcharter De Drait - Friesland, NL\",\"description\":\"Mieten Sie sich ein Boot f\u00fcr Ihren Traumurlaub\",\"potentialAction\":[{\"@type\":\"SearchAction\",\"target\":{\"@type\":\"EntryPoint\",\"urlTemplate\":\"https:\/\/yachtcharterdedrait.nl\/?s={search_term_string}\"},\"query-input\":{\"@type\":\"PropertyValueSpecification\",\"valueRequired\":true,\"valueName\":\"search_term_string\"}}],\"inLanguage\":\"de\"}]}<\/script>\n<!-- \/ Yoast SEO plugin. -->","yoast_head_json":{"title":"Entdecken Sie Friesland vom Wasser aus ab Woudsend","description":"Boot mieten in Woudsend und Friesland vom Wasser aus entdecken. Starten Sie Ihren unvergesslichen Bootsurlaub bei Yachtcharter De Drait.","robots":{"index":"index","follow":"follow","max-snippet":"max-snippet:-1","max-image-preview":"max-image-preview:large","max-video-preview":"max-video-preview:-1"},"canonical":"https:\/\/yachtcharterdedrait.nl\/de\/fahrgebiet-woudsend-niederlande-2\/","og_locale":"de_DE","og_type":"article","og_title":"Entdecken Sie Friesland vom Wasser aus ab Woudsend","og_description":"Boot mieten in Woudsend und Friesland vom Wasser aus entdecken. Starten Sie Ihren unvergesslichen Bootsurlaub bei Yachtcharter De Drait.","og_url":"https:\/\/yachtcharterdedrait.nl\/de\/fahrgebiet-woudsend-niederlande-2\/","og_site_name":"Yachtcharter De Drait - Friesland, NL","article_modified_time":"2025-05-14T14:01:35+00:00","og_image":[{"width":1912,"height":600,"url":"https:\/\/yachtcharterdedrait.nl\/wp-content\/uploads\/Woudsend-2.jpg","type":"image\/jpeg"}],"twitter_card":"summary_large_image","twitter_misc":{"Gesch\u00e4tzte Lesezeit":"5\u00a0Minuten"},"schema":{"@context":"https:\/\/schema.org","@graph":[{"@type":"WebPage","@id":"https:\/\/yachtcharterdedrait.nl\/de\/fahrgebiet-woudsend-niederlande-2\/","url":"https:\/\/yachtcharterdedrait.nl\/de\/fahrgebiet-woudsend-niederlande-2\/","name":"Entdecken Sie Friesland vom Wasser aus ab Woudsend","isPartOf":{"@id":"https:\/\/yachtcharterdedrait.nl\/#website"},"primaryImageOfPage":{"@id":"https:\/\/yachtcharterdedrait.nl\/de\/fahrgebiet-woudsend-niederlande-2\/#primaryimage"},"image":{"@id":"https:\/\/yachtcharterdedrait.nl\/de\/fahrgebiet-woudsend-niederlande-2\/#primaryimage"},"thumbnailUrl":"https:\/\/yachtcharterdedrait.nl\/wp-content\/uploads\/Woudsend-2.jpg","datePublished":"2021-11-09T14:07:15+00:00","dateModified":"2025-05-14T14:01:35+00:00","description":"Boot mieten in Woudsend und Friesland vom Wasser aus entdecken. Starten Sie Ihren unvergesslichen Bootsurlaub bei Yachtcharter De Drait.","breadcrumb":{"@id":"https:\/\/yachtcharterdedrait.nl\/de\/fahrgebiet-woudsend-niederlande-2\/#breadcrumb"},"inLanguage":"de","potentialAction":[{"@type":"ReadAction","target":["https:\/\/yachtcharterdedrait.nl\/de\/fahrgebiet-woudsend-niederlande-2\/"]}]},{"@type":"ImageObject","inLanguage":"de","@id":"https:\/\/yachtcharterdedrait.nl\/de\/fahrgebiet-woudsend-niederlande-2\/#primaryimage","url":"https:\/\/yachtcharterdedrait.nl\/wp-content\/uploads\/Woudsend-2.jpg","contentUrl":"https:\/\/yachtcharterdedrait.nl\/wp-content\/uploads\/Woudsend-2.jpg","width":1912,"height":600,"caption":"Flexibel boot huren in Friesland"},{"@type":"BreadcrumbList","@id":"https:\/\/yachtcharterdedrait.nl\/de\/fahrgebiet-woudsend-niederlande-2\/#breadcrumb","itemListElement":[{"@type":"ListItem","position":1,"name":"Home","item":"https:\/\/yachtcharterdedrait.nl\/de\/"},{"@type":"ListItem","position":2,"name":"Fahrgebiet Woudsend (Niederlande)"}]},{"@type":"WebSite","@id":"https:\/\/yachtcharterdedrait.nl\/#website","url":"https:\/\/yachtcharterdedrait.nl\/","name":"Yachtcharter De Drait - Friesland, NL","description":"Mieten Sie sich ein Boot f\u00fcr Ihren Traumurlaub","potentialAction":[{"@type":"SearchAction","target":{"@type":"EntryPoint","urlTemplate":"https:\/\/yachtcharterdedrait.nl\/?s={search_term_string}"},"query-input":{"@type":"PropertyValueSpecification","valueRequired":true,"valueName":"search_term_string"}}],"inLanguage":"de"}]}},"_links":{"self":[{"href":"https:\/\/yachtcharterdedrait.nl\/de\/wp-json\/wp\/v2\/pages\/7119","targetHints":{"allow":["GET"]}}],"collection":[{"href":"https:\/\/yachtcharterdedrait.nl\/de\/wp-json\/wp\/v2\/pages"}],"about":[{"href":"https:\/\/yachtcharterdedrait.nl\/de\/wp-json\/wp\/v2\/types\/page"}],"author":[{"embeddable":true,"href":"https:\/\/yachtcharterdedrait.nl\/de\/wp-json\/wp\/v2\/users\/10"}],"replies":[{"embeddable":true,"href":"https:\/\/yachtcharterdedrait.nl\/de\/wp-json\/wp\/v2\/comments?post=7119"}],"version-history":[{"count":3,"href":"https:\/\/yachtcharterdedrait.nl\/de\/wp-json\/wp\/v2\/pages\/7119\/revisions"}],"predecessor-version":[{"id":11396,"href":"https:\/\/yachtcharterdedrait.nl\/de\/wp-json\/wp\/v2\/pages\/7119\/revisions\/11396"}],"wp:featuredmedia":[{"embeddable":true,"href":"https:\/\/yachtcharterdedrait.nl\/de\/wp-json\/wp\/v2\/media\/11303"}],"wp:attachment":[{"href":"https:\/\/yachtcharterdedrait.nl\/de\/wp-json\/wp\/v2\/media?parent=7119"}],"curies":[{"name":"wp","href":"https:\/\/api.w.org\/{rel}","templated":true}]}}