{"id":813,"date":"2019-09-10T13:45:11","date_gmt":"2019-09-10T13:45:11","guid":{"rendered":"http:\/\/dedrait.convident.website\/?page_id=813"},"modified":"2026-01-14T16:16:08","modified_gmt":"2026-01-14T16:16:08","slug":"5er-fahrkarte-sloep-fahren","status":"publish","type":"page","link":"https:\/\/yachtcharterdedrait.nl\/de\/5er-fahrkarte-sloep-fahren\/","title":{"rendered":"5er Fahrkarte Sloep fahren"},"content":{"rendered":"\r\n<p><em>Gem\u00fctliches Fahren f\u00fcr mehrere Tage mit Freunden oder Familie? Bestellen Sie jetzt eine 5er Fahrkarte f\u00fcr die DrachtsterSloep.<\/em><\/p>\r\n\r\n\r\n\r\n<div class=\"wp-block-image\">\r\n<figure class=\"alignleft size-large is-resized\"><img decoding=\"async\" class=\"wp-image-773 lazyload\" data-src=\"https:\/\/yachtcharterdedrait.nl\/wp-content\/uploads\/2019\/09\/Drachtster-Sloep-1.jpg\" alt=\"sloep drachten\" width=\"707\" height=\"530\" data-srcset=\"https:\/\/yachtcharterdedrait.nl\/wp-content\/uploads\/2019\/09\/Drachtster-Sloep-1.jpg 768w, https:\/\/yachtcharterdedrait.nl\/wp-content\/uploads\/2019\/09\/Drachtster-Sloep-1-300x225.jpg 300w\" data-sizes=\"(max-width: 707px) 100vw, 707px\" src=\"data:image\/svg+xml;base64,PHN2ZyB3aWR0aD0iMSIgaGVpZ2h0PSIxIiB4bWxucz0iaHR0cDovL3d3dy53My5vcmcvMjAwMC9zdmciPjwvc3ZnPg==\" style=\"--smush-placeholder-width: 707px; --smush-placeholder-aspect-ratio: 707\/530;\" \/><\/figure>\r\n<\/div>\r\n\r\n\r\n\r\n<h2 class=\"wp-block-heading\">DrachtsterSloep<\/h2>\r\n\r\n\r\n\r\n<p>Die Schaluppe ist eine robuste Spiegelsloep und ein markantes Erscheinungsbild auf dem Wasser. Das Design ist von den alten Rettungsbooten der holl\u00e4ndischen Handelsmarine inspiriert, bei denen Fahreigenschaften, Komfort und klassischen Linien eine wichtige Rolle spielen. Die Daten der DrachtsterSloep sind wie folgt:<\/p>\r\n\r\n\r\n\r\n<p>Das Boot ist f\u00fcr max. 12 Personen geeignet. Die Abmessungen betragen 7,50 x 2,50 x 0,80 Meter. Die Durchfahrtsh\u00f6he betr\u00e4gt maximal 1,40 Meter. Neben einem 20 PS Motor hat die Sloep auch ein Bugstrahlruder, Anker und Persenning. Vor der Abfahrt erhalten Sie eine Einweisung an Bord sowie eine Bordtasche mit verschiedenen Wasserkarten.<\/p>\r\n\r\n\r\n\r\n<h2 class=\"wp-block-heading\">5er Fahrkarte<\/h2>\r\n\r\n\r\n\r\n<p>F\u00fcr eine Zahlung von 450 \u20ac erhalten Sie ein 5 Tagesticket. So k\u00f6nnen Sie 5 mal einen tag lang eine DrachtsterSloep von 9 bis 17 Uhr (oder Sonntag ab 10 Uhr) mieten. Sie zahlen statt 180 \u20ac nur 90 \u20ac pro Tag. Das Ausflugsticket gilt in Drachten.<\/p>\r\n\r\n\r\n\r\n<p>Pro Tag werden zus\u00e4tzlich 30 \u20ac Kosten f\u00fcr Kraftstoff und 25 \u20ac an Servicekosten berechnet. Eine Kaution von 200 \u20ac muss ebenfalls bezahlt werden. Sie k\u00f6nnen diese Betr\u00e4ge vor der Abreise in bar oder per EC-Karte bezahlen.<\/p>\r\n\r\n\r\n\r\n<p>Die Bonuskarten k\u00f6nnen \u00fcber das untenstehende Kontaktformular angefordert werden, danach senden wir Ihnen die Zahlungsdaten so schnell wie m\u00f6glich zu. Sie erhalten dann die Tageskarten nach der Zahlung bei Ihrer ersten Abreise. Dies gilt f\u00fcr ein Jahr ab dem ersten Fahrdatum.<\/p>\r\n\r\n\r\n\r\n<p>Die folgenden Bedingungen gelten f\u00fcr das Bonusticket:<br \/>\u2013 Sie m\u00fcssen den DrachtsterSep im Voraus reservieren;<br \/>\u2013 Das 5er Fahrkarte ist f\u00fcr ein Jahr ab der ersten Abfahrt g\u00fcltig.<br \/>\u2013 Treibstoff-, Servicekosten und Kaution m\u00fcssen vor der Abreise per EC-Karte oder in bar bezahlt werden.<br \/>\u2013 Es gelten die allgemeinen Bedingungen von Yachtcharter De Drait.<\/p>\r\n\r\n\r\n\r\n<p>Sie k\u00f6nnen uns \u00fcber <a href=\"mailto:contact@dedrait.com\">contact@dedrait.com<\/a>\u00a0oder +31512 513276 erreichen.<\/p>\r\n","protected":false},"excerpt":{"rendered":"<p>Gem\u00fctliches Fahren f\u00fcr mehrere Tage mit Freunden oder Familie? Bestellen Sie jetzt eine 5er Fahrkarte f\u00fcr die DrachtsterSloep. DrachtsterSloep Die Schaluppe ist eine robuste Spiegelsloep und ein markantes Erscheinungsbild auf dem Wasser. Das Design ist von den alten Rettungsbooten der holl\u00e4ndischen Handelsmarine inspiriert, bei denen Fahreigenschaften, Komfort und klassischen Linien eine wichtige Rolle spielen. Die [&hellip;]<\/p>\n","protected":false},"author":2,"featured_media":1957,"parent":0,"menu_order":0,"comment_status":"closed","ping_status":"closed","template":"","meta":{"inline_featured_image":false,"footnotes":""},"class_list":["post-813","page","type-page","status-publish","has-post-thumbnail","hentry"],"yoast_head":"<!-- This site is optimized with the Yoast SEO plugin v27.1.1 - https:\/\/yoast.com\/product\/yoast-seo-wordpress\/ -->\n<title>5er Fahrkarte Sloep fahren - Yachtcharter De Drait - Friesland, NL<\/title>\n<meta name=\"robots\" content=\"index, follow, max-snippet:-1, max-image-preview:large, max-video-preview:-1\" \/>\n<link rel=\"canonical\" href=\"https:\/\/yachtcharterdedrait.nl\/de\/5er-fahrkarte-sloep-fahren\/\" \/>\n<meta property=\"og:locale\" content=\"de_DE\" \/>\n<meta property=\"og:type\" content=\"article\" \/>\n<meta property=\"og:title\" content=\"5er Fahrkarte Sloep fahren - Yachtcharter De Drait - Friesland, NL\" \/>\n<meta property=\"og:description\" content=\"Gem\u00fctliches Fahren f\u00fcr mehrere Tage mit Freunden oder Familie? Bestellen Sie jetzt eine 5er Fahrkarte f\u00fcr die DrachtsterSloep. DrachtsterSloep Die Schaluppe ist eine robuste Spiegelsloep und ein markantes Erscheinungsbild auf dem Wasser. Das Design ist von den alten Rettungsbooten der holl\u00e4ndischen Handelsmarine inspiriert, bei denen Fahreigenschaften, Komfort und klassischen Linien eine wichtige Rolle spielen. Die [&hellip;]\" \/>\n<meta property=\"og:url\" content=\"https:\/\/yachtcharterdedrait.nl\/de\/5er-fahrkarte-sloep-fahren\/\" \/>\n<meta property=\"og:site_name\" content=\"Yachtcharter De Drait - Friesland, NL\" \/>\n<meta property=\"article:modified_time\" content=\"2026-01-14T16:16:08+00:00\" \/>\n<meta property=\"og:image\" content=\"https:\/\/yachtcharterdedrait.nl\/wp-content\/uploads\/2019\/10\/Drachtster-sloep-elektro.jpg\" \/>\n\t<meta property=\"og:image:width\" content=\"768\" \/>\n\t<meta property=\"og:image:height\" content=\"509\" \/>\n\t<meta property=\"og:image:type\" content=\"image\/jpeg\" \/>\n<meta name=\"twitter:card\" content=\"summary_large_image\" \/>\n<meta name=\"twitter:label1\" content=\"Gesch\u00e4tzte Lesezeit\" \/>\n\t<meta name=\"twitter:data1\" content=\"2\u00a0Minuten\" \/>\n<script type=\"application\/ld+json\" class=\"yoast-schema-graph\">{\"@context\":\"https:\/\/schema.org\",\"@graph\":[{\"@type\":\"WebPage\",\"@id\":\"https:\/\/yachtcharterdedrait.nl\/de\/5er-fahrkarte-sloep-fahren\/\",\"url\":\"https:\/\/yachtcharterdedrait.nl\/de\/5er-fahrkarte-sloep-fahren\/\",\"name\":\"5er Fahrkarte Sloep fahren - Yachtcharter De Drait - Friesland, NL\",\"isPartOf\":{\"@id\":\"https:\/\/yachtcharterdedrait.nl\/#website\"},\"primaryImageOfPage\":{\"@id\":\"https:\/\/yachtcharterdedrait.nl\/de\/5er-fahrkarte-sloep-fahren\/#primaryimage\"},\"image\":{\"@id\":\"https:\/\/yachtcharterdedrait.nl\/de\/5er-fahrkarte-sloep-fahren\/#primaryimage\"},\"thumbnailUrl\":\"https:\/\/yachtcharterdedrait.nl\/wp-content\/uploads\/2019\/10\/Drachtster-sloep-elektro.jpg\",\"datePublished\":\"2019-09-10T13:45:11+00:00\",\"dateModified\":\"2026-01-14T16:16:08+00:00\",\"breadcrumb\":{\"@id\":\"https:\/\/yachtcharterdedrait.nl\/de\/5er-fahrkarte-sloep-fahren\/#breadcrumb\"},\"inLanguage\":\"de\",\"potentialAction\":[{\"@type\":\"ReadAction\",\"target\":[\"https:\/\/yachtcharterdedrait.nl\/de\/5er-fahrkarte-sloep-fahren\/\"]}]},{\"@type\":\"ImageObject\",\"inLanguage\":\"de\",\"@id\":\"https:\/\/yachtcharterdedrait.nl\/de\/5er-fahrkarte-sloep-fahren\/#primaryimage\",\"url\":\"https:\/\/yachtcharterdedrait.nl\/wp-content\/uploads\/2019\/10\/Drachtster-sloep-elektro.jpg\",\"contentUrl\":\"https:\/\/yachtcharterdedrait.nl\/wp-content\/uploads\/2019\/10\/Drachtster-sloep-elektro.jpg\",\"width\":768,\"height\":509,\"caption\":\"Drachtster-sloep-elektro\"},{\"@type\":\"BreadcrumbList\",\"@id\":\"https:\/\/yachtcharterdedrait.nl\/de\/5er-fahrkarte-sloep-fahren\/#breadcrumb\",\"itemListElement\":[{\"@type\":\"ListItem\",\"position\":1,\"name\":\"Home\",\"item\":\"https:\/\/yachtcharterdedrait.nl\/de\/\"},{\"@type\":\"ListItem\",\"position\":2,\"name\":\"5er Fahrkarte Sloep fahren\"}]},{\"@type\":\"WebSite\",\"@id\":\"https:\/\/yachtcharterdedrait.nl\/#website\",\"url\":\"https:\/\/yachtcharterdedrait.nl\/\",\"name\":\"Yachtcharter De Drait - Friesland, NL\",\"description\":\"Mieten Sie sich ein Boot f\u00fcr Ihren Traumurlaub\",\"potentialAction\":[{\"@type\":\"SearchAction\",\"target\":{\"@type\":\"EntryPoint\",\"urlTemplate\":\"https:\/\/yachtcharterdedrait.nl\/?s={search_term_string}\"},\"query-input\":{\"@type\":\"PropertyValueSpecification\",\"valueRequired\":true,\"valueName\":\"search_term_string\"}}],\"inLanguage\":\"de\"}]}<\/script>\n<!-- \/ Yoast SEO plugin. -->","yoast_head_json":{"title":"5er Fahrkarte Sloep fahren - Yachtcharter De Drait - Friesland, NL","robots":{"index":"index","follow":"follow","max-snippet":"max-snippet:-1","max-image-preview":"max-image-preview:large","max-video-preview":"max-video-preview:-1"},"canonical":"https:\/\/yachtcharterdedrait.nl\/de\/5er-fahrkarte-sloep-fahren\/","og_locale":"de_DE","og_type":"article","og_title":"5er Fahrkarte Sloep fahren - Yachtcharter De Drait - Friesland, NL","og_description":"Gem\u00fctliches Fahren f\u00fcr mehrere Tage mit Freunden oder Familie? Bestellen Sie jetzt eine 5er Fahrkarte f\u00fcr die DrachtsterSloep. DrachtsterSloep Die Schaluppe ist eine robuste Spiegelsloep und ein markantes Erscheinungsbild auf dem Wasser. Das Design ist von den alten Rettungsbooten der holl\u00e4ndischen Handelsmarine inspiriert, bei denen Fahreigenschaften, Komfort und klassischen Linien eine wichtige Rolle spielen. Die [&hellip;]","og_url":"https:\/\/yachtcharterdedrait.nl\/de\/5er-fahrkarte-sloep-fahren\/","og_site_name":"Yachtcharter De Drait - Friesland, NL","article_modified_time":"2026-01-14T16:16:08+00:00","og_image":[{"width":768,"height":509,"url":"https:\/\/yachtcharterdedrait.nl\/wp-content\/uploads\/2019\/10\/Drachtster-sloep-elektro.jpg","type":"image\/jpeg"}],"twitter_card":"summary_large_image","twitter_misc":{"Gesch\u00e4tzte Lesezeit":"2\u00a0Minuten"},"schema":{"@context":"https:\/\/schema.org","@graph":[{"@type":"WebPage","@id":"https:\/\/yachtcharterdedrait.nl\/de\/5er-fahrkarte-sloep-fahren\/","url":"https:\/\/yachtcharterdedrait.nl\/de\/5er-fahrkarte-sloep-fahren\/","name":"5er Fahrkarte Sloep fahren - Yachtcharter De Drait - Friesland, NL","isPartOf":{"@id":"https:\/\/yachtcharterdedrait.nl\/#website"},"primaryImageOfPage":{"@id":"https:\/\/yachtcharterdedrait.nl\/de\/5er-fahrkarte-sloep-fahren\/#primaryimage"},"image":{"@id":"https:\/\/yachtcharterdedrait.nl\/de\/5er-fahrkarte-sloep-fahren\/#primaryimage"},"thumbnailUrl":"https:\/\/yachtcharterdedrait.nl\/wp-content\/uploads\/2019\/10\/Drachtster-sloep-elektro.jpg","datePublished":"2019-09-10T13:45:11+00:00","dateModified":"2026-01-14T16:16:08+00:00","breadcrumb":{"@id":"https:\/\/yachtcharterdedrait.nl\/de\/5er-fahrkarte-sloep-fahren\/#breadcrumb"},"inLanguage":"de","potentialAction":[{"@type":"ReadAction","target":["https:\/\/yachtcharterdedrait.nl\/de\/5er-fahrkarte-sloep-fahren\/"]}]},{"@type":"ImageObject","inLanguage":"de","@id":"https:\/\/yachtcharterdedrait.nl\/de\/5er-fahrkarte-sloep-fahren\/#primaryimage","url":"https:\/\/yachtcharterdedrait.nl\/wp-content\/uploads\/2019\/10\/Drachtster-sloep-elektro.jpg","contentUrl":"https:\/\/yachtcharterdedrait.nl\/wp-content\/uploads\/2019\/10\/Drachtster-sloep-elektro.jpg","width":768,"height":509,"caption":"Drachtster-sloep-elektro"},{"@type":"BreadcrumbList","@id":"https:\/\/yachtcharterdedrait.nl\/de\/5er-fahrkarte-sloep-fahren\/#breadcrumb","itemListElement":[{"@type":"ListItem","position":1,"name":"Home","item":"https:\/\/yachtcharterdedrait.nl\/de\/"},{"@type":"ListItem","position":2,"name":"5er Fahrkarte Sloep fahren"}]},{"@type":"WebSite","@id":"https:\/\/yachtcharterdedrait.nl\/#website","url":"https:\/\/yachtcharterdedrait.nl\/","name":"Yachtcharter De Drait - Friesland, NL","description":"Mieten Sie sich ein Boot f\u00fcr Ihren Traumurlaub","potentialAction":[{"@type":"SearchAction","target":{"@type":"EntryPoint","urlTemplate":"https:\/\/yachtcharterdedrait.nl\/?s={search_term_string}"},"query-input":{"@type":"PropertyValueSpecification","valueRequired":true,"valueName":"search_term_string"}}],"inLanguage":"de"}]}},"_links":{"self":[{"href":"https:\/\/yachtcharterdedrait.nl\/de\/wp-json\/wp\/v2\/pages\/813","targetHints":{"allow":["GET"]}}],"collection":[{"href":"https:\/\/yachtcharterdedrait.nl\/de\/wp-json\/wp\/v2\/pages"}],"about":[{"href":"https:\/\/yachtcharterdedrait.nl\/de\/wp-json\/wp\/v2\/types\/page"}],"author":[{"embeddable":true,"href":"https:\/\/yachtcharterdedrait.nl\/de\/wp-json\/wp\/v2\/users\/2"}],"replies":[{"embeddable":true,"href":"https:\/\/yachtcharterdedrait.nl\/de\/wp-json\/wp\/v2\/comments?post=813"}],"version-history":[{"count":1,"href":"https:\/\/yachtcharterdedrait.nl\/de\/wp-json\/wp\/v2\/pages\/813\/revisions"}],"predecessor-version":[{"id":12565,"href":"https:\/\/yachtcharterdedrait.nl\/de\/wp-json\/wp\/v2\/pages\/813\/revisions\/12565"}],"wp:featuredmedia":[{"embeddable":true,"href":"https:\/\/yachtcharterdedrait.nl\/de\/wp-json\/wp\/v2\/media\/1957"}],"wp:attachment":[{"href":"https:\/\/yachtcharterdedrait.nl\/de\/wp-json\/wp\/v2\/media?parent=813"}],"curies":[{"name":"wp","href":"https:\/\/api.w.org\/{rel}","templated":true}]}}