{"id":815,"date":"2019-09-10T13:46:54","date_gmt":"2019-09-10T13:46:54","guid":{"rendered":"http:\/\/dedrait.convident.website\/?page_id=815"},"modified":"2025-10-27T13:31:17","modified_gmt":"2025-10-27T13:31:17","slug":"miniwoche-fahren","status":"publish","type":"page","link":"https:\/\/yachtcharterdedrait.nl\/de\/miniwoche-fahren\/","title":{"rendered":"Miniwoche fahren"},"content":{"rendered":"\r\n<figure class=\"wp-block-gallery alignleft columns-1 is-cropped wp-block-gallery-1 is-layout-flex wp-block-gallery-is-layout-flex\">\r\n<ul class=\"blocks-gallery-grid\">\r\n<li class=\"blocks-gallery-item\">\r\n<figure><img decoding=\"async\" width=\"1024\" height=\"678\" class=\"wp-image-1653 lazyload\" data-src=\"https:\/\/yachtcharterdedrait.nl\/wp-content\/uploads\/2019\/10\/DSC_0429-1024x678.jpg\" alt=\"\" data-id=\"1653\" data-full-url=\"https:\/\/yachtcharterdedrait.nl\/wp-content\/uploads\/2019\/10\/DSC_0429.jpg\" data-link=\"https:\/\/yachtcharterdedrait.nl\/de\/miniwoche-fahren\/dsc_0429-2\/\" data-srcset=\"https:\/\/yachtcharterdedrait.nl\/wp-content\/uploads\/2019\/10\/DSC_0429-1024x678.jpg 1024w, https:\/\/yachtcharterdedrait.nl\/wp-content\/uploads\/2019\/10\/DSC_0429-300x199.jpg 300w, https:\/\/yachtcharterdedrait.nl\/wp-content\/uploads\/2019\/10\/DSC_0429-768x509.jpg 768w\" data-sizes=\"(max-width: 1024px) 100vw, 1024px\" src=\"data:image\/svg+xml;base64,PHN2ZyB3aWR0aD0iMSIgaGVpZ2h0PSIxIiB4bWxucz0iaHR0cDovL3d3dy53My5vcmcvMjAwMC9zdmciPjwvc3ZnPg==\" style=\"--smush-placeholder-width: 1024px; --smush-placeholder-aspect-ratio: 1024\/678;\" \/><\/figure>\r\n<\/li>\r\n<\/ul>\r\n<\/figure>\r\n\r\n\r\n\r\n<p>M\u00f6chten Sie mit Familie oder Freunden ein paar Tage auf den <a href=\"https:\/\/yachtcharterdedrait.nl\/de\/fahrtgebiet-friesland-niederlande\/\" target=\"_blank\" rel=\"noreferrer noopener\" aria-label=\"friesischen Seen (opent in een nieuwe tab)\">friesischen Seen<\/a>\u00a0g\u00fcnstig fahren? Dann nutzen Sie unser Angebot, eine Miniwoche oder einige Tagen mit einer unserer Motoryachten oder Hausboote zu fahren.<\/p>\r\n\r\n\r\n\r\n<p>Wir bieten eine Reihe von kurzen Wochen von Dienstag 13.00 Uhr bis Freitag 9.00 Uhr und von Montag 13.00 Uhr bis Donnerstag 9.00 Uhr an. Dar\u00fcber hinaus bieten wir verschiedene Mietzeiten von 3, 4, 5, 6 Tagen oder l\u00e4nger an.<\/p>\r\n\r\n\r\n\r\n<h2 class=\"wp-block-heading\">Miniwoche Angebote Friesland<\/h2>\r\n\r\n\r\n\r\n<p>M\u00f6chten Sie eine Miniwoche in Friesland fahren? Dann sehen Sie sich unseren <a href=\"https:\/\/yachtcharterdedrait.nl\/de\/buchungskalender\/\" target=\"_blank\" rel=\"noreferrer noopener\" aria-label=\"Buchungskalender (opent in een nieuwe tab)\">Buchungskalender<\/a> an, der Ihnen einen vollst\u00e4ndigen \u00dcberblick \u00fcber die Verf\u00fcgbarkeit pro Boot mit unseren Superangeboten gibt. Klicken Sie auf den Bootsnamen, um weitere Informationen zu erhalten oder Ihren Bootsurlaub direkt online zu buchen. Sie k\u00f6nnen auch unser <a href=\"https:\/\/yachtcharterdedrait.nl\/de\/boot-mieten\/\" target=\"_blank\" rel=\"noreferrer noopener\" aria-label=\"Online-Buchungstool (opent in een nieuwe tab)\">Online-Buchungstool<\/a> verwenden.<\/p>\r\n\r\n\r\n\r\n\r\n\r\n<h2 class=\"wp-block-heading\">Weitere Informationen:<\/h2>\r\n\r\n\r\n\r\n<p>Haben Sie Fragen zu den Angeboten, der Verf\u00fcgbarkeit oder m\u00f6chten Sie eine andere Mietdauer anfragen? Wir freuen uns von Ihnen zu h\u00f6ren. Kontaktieren Sie uns einfach \u00fcber <a href=\"mailto:contact@dedrait.com\" target=\"_blank\" rel=\"noreferrer noopener\">contact@dedrait.com<\/a> oder \u00fcber 0031512 513276.<\/p>\r\n","protected":false},"excerpt":{"rendered":"<p>M\u00f6chten Sie mit Familie oder Freunden ein paar Tage auf den friesischen Seen\u00a0g\u00fcnstig fahren? Dann nutzen Sie unser Angebot, eine Miniwoche oder einige Tagen mit einer unserer Motoryachten oder Hausboote zu fahren. Wir bieten eine Reihe von kurzen Wochen von Dienstag 13.00 Uhr bis Freitag 9.00 Uhr und von Montag 13.00 Uhr bis Donnerstag 9.00 [&hellip;]<\/p>\n","protected":false},"author":2,"featured_media":2082,"parent":0,"menu_order":0,"comment_status":"closed","ping_status":"closed","template":"","meta":{"inline_featured_image":false,"footnotes":""},"class_list":["post-815","page","type-page","status-publish","has-post-thumbnail","hentry"],"yoast_head":"<!-- This site is optimized with the Yoast SEO plugin v27.1.1 - https:\/\/yoast.com\/product\/yoast-seo-wordpress\/ -->\n<title>Miniwoche fahren | Kurzurlaub bei Yachtcharter De Drait<\/title>\n<meta name=\"description\" content=\"M\u00f6chten Sie nur ein Miniwoche oder ein paar Tage mit unsere Yachten auf den friesischen Seen fahren? Das ist m\u00f6glich bei De Drait\" \/>\n<meta name=\"robots\" content=\"index, follow, max-snippet:-1, max-image-preview:large, max-video-preview:-1\" \/>\n<link rel=\"canonical\" href=\"https:\/\/yachtcharterdedrait.nl\/de\/miniwoche-fahren\/\" \/>\n<meta property=\"og:locale\" content=\"de_DE\" \/>\n<meta property=\"og:type\" content=\"article\" \/>\n<meta property=\"og:title\" content=\"Miniwoche fahren | Kurzurlaub bei Yachtcharter De Drait\" \/>\n<meta property=\"og:description\" content=\"M\u00f6chten Sie nur ein Miniwoche oder ein paar Tage mit unsere Yachten auf den friesischen Seen fahren? Das ist m\u00f6glich bei De Drait\" \/>\n<meta property=\"og:url\" content=\"https:\/\/yachtcharterdedrait.nl\/de\/miniwoche-fahren\/\" \/>\n<meta property=\"og:site_name\" content=\"Yachtcharter De Drait - Friesland, NL\" \/>\n<meta property=\"article:modified_time\" content=\"2025-10-27T13:31:17+00:00\" \/>\n<meta property=\"og:image\" content=\"https:\/\/yachtcharterdedrait.nl\/wp-content\/uploads\/2019\/10\/Miniweek-2.jpg\" \/>\n\t<meta property=\"og:image:width\" content=\"1920\" \/>\n\t<meta property=\"og:image:height\" content=\"378\" \/>\n\t<meta property=\"og:image:type\" content=\"image\/jpeg\" \/>\n<meta name=\"twitter:card\" content=\"summary_large_image\" \/>\n<meta name=\"twitter:label1\" content=\"Gesch\u00e4tzte Lesezeit\" \/>\n\t<meta name=\"twitter:data1\" content=\"2\u00a0Minuten\" \/>\n<script type=\"application\/ld+json\" class=\"yoast-schema-graph\">{\"@context\":\"https:\/\/schema.org\",\"@graph\":[{\"@type\":\"WebPage\",\"@id\":\"https:\/\/yachtcharterdedrait.nl\/de\/miniwoche-fahren\/\",\"url\":\"https:\/\/yachtcharterdedrait.nl\/de\/miniwoche-fahren\/\",\"name\":\"Miniwoche fahren | Kurzurlaub bei Yachtcharter De Drait\",\"isPartOf\":{\"@id\":\"https:\/\/yachtcharterdedrait.nl\/#website\"},\"primaryImageOfPage\":{\"@id\":\"https:\/\/yachtcharterdedrait.nl\/de\/miniwoche-fahren\/#primaryimage\"},\"image\":{\"@id\":\"https:\/\/yachtcharterdedrait.nl\/de\/miniwoche-fahren\/#primaryimage\"},\"thumbnailUrl\":\"https:\/\/yachtcharterdedrait.nl\/wp-content\/uploads\/2019\/10\/Miniweek-2.jpg\",\"datePublished\":\"2019-09-10T13:46:54+00:00\",\"dateModified\":\"2025-10-27T13:31:17+00:00\",\"description\":\"M\u00f6chten Sie nur ein Miniwoche oder ein paar Tage mit unsere Yachten auf den friesischen Seen fahren? Das ist m\u00f6glich bei De Drait\",\"breadcrumb\":{\"@id\":\"https:\/\/yachtcharterdedrait.nl\/de\/miniwoche-fahren\/#breadcrumb\"},\"inLanguage\":\"de\",\"potentialAction\":[{\"@type\":\"ReadAction\",\"target\":[\"https:\/\/yachtcharterdedrait.nl\/de\/miniwoche-fahren\/\"]}]},{\"@type\":\"ImageObject\",\"inLanguage\":\"de\",\"@id\":\"https:\/\/yachtcharterdedrait.nl\/de\/miniwoche-fahren\/#primaryimage\",\"url\":\"https:\/\/yachtcharterdedrait.nl\/wp-content\/uploads\/2019\/10\/Miniweek-2.jpg\",\"contentUrl\":\"https:\/\/yachtcharterdedrait.nl\/wp-content\/uploads\/2019\/10\/Miniweek-2.jpg\",\"width\":1920,\"height\":378},{\"@type\":\"BreadcrumbList\",\"@id\":\"https:\/\/yachtcharterdedrait.nl\/de\/miniwoche-fahren\/#breadcrumb\",\"itemListElement\":[{\"@type\":\"ListItem\",\"position\":1,\"name\":\"Home\",\"item\":\"https:\/\/yachtcharterdedrait.nl\/de\/\"},{\"@type\":\"ListItem\",\"position\":2,\"name\":\"Miniwoche fahren\"}]},{\"@type\":\"WebSite\",\"@id\":\"https:\/\/yachtcharterdedrait.nl\/#website\",\"url\":\"https:\/\/yachtcharterdedrait.nl\/\",\"name\":\"Yachtcharter De Drait - Friesland, NL\",\"description\":\"Mieten Sie sich ein Boot f\u00fcr Ihren Traumurlaub\",\"potentialAction\":[{\"@type\":\"SearchAction\",\"target\":{\"@type\":\"EntryPoint\",\"urlTemplate\":\"https:\/\/yachtcharterdedrait.nl\/?s={search_term_string}\"},\"query-input\":{\"@type\":\"PropertyValueSpecification\",\"valueRequired\":true,\"valueName\":\"search_term_string\"}}],\"inLanguage\":\"de\"}]}<\/script>\n<!-- \/ Yoast SEO plugin. -->","yoast_head_json":{"title":"Miniwoche fahren | Kurzurlaub bei Yachtcharter De Drait","description":"M\u00f6chten Sie nur ein Miniwoche oder ein paar Tage mit unsere Yachten auf den friesischen Seen fahren? Das ist m\u00f6glich bei De Drait","robots":{"index":"index","follow":"follow","max-snippet":"max-snippet:-1","max-image-preview":"max-image-preview:large","max-video-preview":"max-video-preview:-1"},"canonical":"https:\/\/yachtcharterdedrait.nl\/de\/miniwoche-fahren\/","og_locale":"de_DE","og_type":"article","og_title":"Miniwoche fahren | Kurzurlaub bei Yachtcharter De Drait","og_description":"M\u00f6chten Sie nur ein Miniwoche oder ein paar Tage mit unsere Yachten auf den friesischen Seen fahren? Das ist m\u00f6glich bei De Drait","og_url":"https:\/\/yachtcharterdedrait.nl\/de\/miniwoche-fahren\/","og_site_name":"Yachtcharter De Drait - Friesland, NL","article_modified_time":"2025-10-27T13:31:17+00:00","og_image":[{"width":1920,"height":378,"url":"https:\/\/yachtcharterdedrait.nl\/wp-content\/uploads\/2019\/10\/Miniweek-2.jpg","type":"image\/jpeg"}],"twitter_card":"summary_large_image","twitter_misc":{"Gesch\u00e4tzte Lesezeit":"2\u00a0Minuten"},"schema":{"@context":"https:\/\/schema.org","@graph":[{"@type":"WebPage","@id":"https:\/\/yachtcharterdedrait.nl\/de\/miniwoche-fahren\/","url":"https:\/\/yachtcharterdedrait.nl\/de\/miniwoche-fahren\/","name":"Miniwoche fahren | Kurzurlaub bei Yachtcharter De Drait","isPartOf":{"@id":"https:\/\/yachtcharterdedrait.nl\/#website"},"primaryImageOfPage":{"@id":"https:\/\/yachtcharterdedrait.nl\/de\/miniwoche-fahren\/#primaryimage"},"image":{"@id":"https:\/\/yachtcharterdedrait.nl\/de\/miniwoche-fahren\/#primaryimage"},"thumbnailUrl":"https:\/\/yachtcharterdedrait.nl\/wp-content\/uploads\/2019\/10\/Miniweek-2.jpg","datePublished":"2019-09-10T13:46:54+00:00","dateModified":"2025-10-27T13:31:17+00:00","description":"M\u00f6chten Sie nur ein Miniwoche oder ein paar Tage mit unsere Yachten auf den friesischen Seen fahren? Das ist m\u00f6glich bei De Drait","breadcrumb":{"@id":"https:\/\/yachtcharterdedrait.nl\/de\/miniwoche-fahren\/#breadcrumb"},"inLanguage":"de","potentialAction":[{"@type":"ReadAction","target":["https:\/\/yachtcharterdedrait.nl\/de\/miniwoche-fahren\/"]}]},{"@type":"ImageObject","inLanguage":"de","@id":"https:\/\/yachtcharterdedrait.nl\/de\/miniwoche-fahren\/#primaryimage","url":"https:\/\/yachtcharterdedrait.nl\/wp-content\/uploads\/2019\/10\/Miniweek-2.jpg","contentUrl":"https:\/\/yachtcharterdedrait.nl\/wp-content\/uploads\/2019\/10\/Miniweek-2.jpg","width":1920,"height":378},{"@type":"BreadcrumbList","@id":"https:\/\/yachtcharterdedrait.nl\/de\/miniwoche-fahren\/#breadcrumb","itemListElement":[{"@type":"ListItem","position":1,"name":"Home","item":"https:\/\/yachtcharterdedrait.nl\/de\/"},{"@type":"ListItem","position":2,"name":"Miniwoche fahren"}]},{"@type":"WebSite","@id":"https:\/\/yachtcharterdedrait.nl\/#website","url":"https:\/\/yachtcharterdedrait.nl\/","name":"Yachtcharter De Drait - Friesland, NL","description":"Mieten Sie sich ein Boot f\u00fcr Ihren Traumurlaub","potentialAction":[{"@type":"SearchAction","target":{"@type":"EntryPoint","urlTemplate":"https:\/\/yachtcharterdedrait.nl\/?s={search_term_string}"},"query-input":{"@type":"PropertyValueSpecification","valueRequired":true,"valueName":"search_term_string"}}],"inLanguage":"de"}]}},"_links":{"self":[{"href":"https:\/\/yachtcharterdedrait.nl\/de\/wp-json\/wp\/v2\/pages\/815","targetHints":{"allow":["GET"]}}],"collection":[{"href":"https:\/\/yachtcharterdedrait.nl\/de\/wp-json\/wp\/v2\/pages"}],"about":[{"href":"https:\/\/yachtcharterdedrait.nl\/de\/wp-json\/wp\/v2\/types\/page"}],"author":[{"embeddable":true,"href":"https:\/\/yachtcharterdedrait.nl\/de\/wp-json\/wp\/v2\/users\/2"}],"replies":[{"embeddable":true,"href":"https:\/\/yachtcharterdedrait.nl\/de\/wp-json\/wp\/v2\/comments?post=815"}],"version-history":[{"count":1,"href":"https:\/\/yachtcharterdedrait.nl\/de\/wp-json\/wp\/v2\/pages\/815\/revisions"}],"predecessor-version":[{"id":11779,"href":"https:\/\/yachtcharterdedrait.nl\/de\/wp-json\/wp\/v2\/pages\/815\/revisions\/11779"}],"wp:featuredmedia":[{"embeddable":true,"href":"https:\/\/yachtcharterdedrait.nl\/de\/wp-json\/wp\/v2\/media\/2082"}],"wp:attachment":[{"href":"https:\/\/yachtcharterdedrait.nl\/de\/wp-json\/wp\/v2\/media?parent=815"}],"curies":[{"name":"wp","href":"https:\/\/api.w.org\/{rel}","templated":true}]}}