{"id":868,"date":"2019-08-27T07:57:53","date_gmt":"2019-08-27T07:57:53","guid":{"rendered":"http:\/\/dedrait.convident.website\/vaargebieden\/"},"modified":"2025-12-22T10:42:23","modified_gmt":"2025-12-22T10:42:23","slug":"fahrgebieten","status":"publish","type":"page","link":"https:\/\/yachtcharterdedrait.nl\/de\/fahrgebieten\/","title":{"rendered":"Fahrgebiete und Wasserwege"},"content":{"rendered":"\r\n<h4 class=\"wp-block-heading\">Auf der Suche nach Ihrem Traumurlaub? Mieten Sie sich ganz einfach ein Boot an unseren Yachthafen in Friesland.<\/h4>\r\n\r\n\r\n\r\n<p>Bei uns haben Sie die Wahl \u2013 von der <a href=\"https:\/\/yachtcharterdedrait.nl\/de\/motorboot-mieten\/\">Motoryacht<\/a> bis zur <a href=\"https:\/\/sloephureninfriesland.com\/\">Schaluppe<\/a> ist alles dabei. Unsere Boote sind geeignet f\u00fcr Gruppen von 2 bis 14 Personen. Schauen Sie doch einfach rein und finden Sie <a href=\"https:\/\/yachtcharterdedrait.nl\/de\/boot-mieten\/\">das passende Boot f\u00fcr Ihren Traumurlaub.<\/a><\/p>\r\n\r\n\r\n\r\n<p>Perfekte Abfahrtsorte f\u00fcr Ihren Urlaub auf dem Wasser:<\/p>\r\n<div class=\"wp-block-columns\">\r\n\r\n\r\n<div class=\"wp-block-column is-layout-flow wp-block-column-is-layout-flow\">\r\n<h4 class=\"wp-block-heading\"><strong>Drachten (Friesland \u2013 Niederlande)<\/strong><\/h4>\r\n<p style=\"font-weight: 400;\">Unser Yachthafen De Drait in Drachten ist der ideale Abfahrtsort f\u00fcr Ihre Bootsreise. Von hier aus erreichen Sie abwechslungsreiche Wasserrouten. Entdecken Sie zum Beispiel unseren traumhaften\u00a0<a href=\"https:\/\/www.np-aldefeanen.nl\/de\/\">Nationalpark de Alde Feanen<\/a>\u00a0oder besuchen Sie einen der zahlreichen bekannten Wassersport-Orte wie Grou, Sneek, Leeuwarden und Lemmer.<\/p>\r\n<p style=\"font-weight: 400;\">M\u00f6chten Sie lieber etwas l\u00e4nger weg? Fahren Sie einfach Richtung Osten. Genie\u00dfen Sie die Ruhe auf dem Lauwersmeer oder verbringen Sie Zeit in der lebhaften Studentenstadt Groningen.<\/p>\r\n<div class=\"wp-block-button\" style=\"font-weight: 400;\"><a class=\"wp-block-button__link\" href=\"https:\/\/yachtcharterdedrait.nl\/de\/fahrtgebiet-friesland-niederlande\/\">Hier finden Sie Informationen zum Fahrgebiet Friesland \u2013 Drachten<\/a><\/div>\r\n<h4><strong>Woudsend (Friesland \u2013 Niederlande)<\/strong><\/h4>\r\n\r\n\r\n\r\n<p>Unser Yachthafen in Woudsend ist der ideale Ausgangspunkt f\u00fcr eine Bootstour \u00fcber die Friesischen Seen \u2013 sei es zu einer der besonderen St\u00e4dte der Elf-St\u00e4dte-Route oder entlang malerischer Wassersportorte.<\/p>\r\n<p>M\u00f6chten Sie lieber l\u00e4nger unterwegs sein? Dann k\u00f6nnen Sie auch in Richtung Overijssel fahren, um den Nationalpark De Weerribben-Wieden und Giethoorn zu entdecken \u2013 oder bequem nach Amsterdam weiterreisen.<\/p>\r\n\r\n\r\n\r\n<div class=\"wp-block-button\"><a class=\"wp-block-button__link\" href=\"https:\/\/yachtcharterdedrait.nl\/de\/fahrgebiet-woudsend-niederlande-2\/\">Weitere Informationen zum Fahrgebiet Friesland \u2013 Woudsend<\/a><\/div>\r\n<\/div>\r\n\r\n\r\n<\/div>\r\n<!-- \/wp:post-content -->\r\n<p>&nbsp;<\/p>","protected":false},"excerpt":{"rendered":"<p>Auf der Suche nach Ihrem Traumurlaub? Mieten Sie sich ganz einfach ein Boot an unseren Yachthafen in Friesland. Bei uns haben Sie die Wahl \u2013 von der Motoryacht bis zur Schaluppe ist alles dabei. Unsere Boote sind geeignet f\u00fcr Gruppen von 2 bis 14 Personen. Schauen Sie doch einfach rein und finden Sie das passende [&hellip;]<\/p>\n","protected":false},"author":1,"featured_media":1697,"parent":0,"menu_order":0,"comment_status":"closed","ping_status":"closed","template":"","meta":{"inline_featured_image":false,"footnotes":""},"class_list":["post-868","page","type-page","status-publish","has-post-thumbnail","hentry"],"yoast_head":"<!-- This site is optimized with the Yoast SEO plugin v27.1.1 - https:\/\/yoast.com\/product\/yoast-seo-wordpress\/ -->\n<title>Fahrgebiete und Wasserwege - Yachtcharter De Drait - Friesland, NL<\/title>\n<meta name=\"description\" content=\"Haben Sie ein Boot gemietet in Friesland? Hier finden Sie Route-Vorschlagen ab unseren Standort in Drachten und Woudsend.\" \/>\n<meta name=\"robots\" content=\"index, follow, max-snippet:-1, max-image-preview:large, max-video-preview:-1\" \/>\n<link rel=\"canonical\" href=\"https:\/\/yachtcharterdedrait.nl\/de\/fahrgebieten\/\" \/>\n<meta property=\"og:locale\" content=\"de_DE\" \/>\n<meta property=\"og:type\" content=\"article\" \/>\n<meta property=\"og:title\" content=\"Fahrgebiete und Wasserwege - Yachtcharter De Drait - Friesland, NL\" \/>\n<meta property=\"og:description\" content=\"Haben Sie ein Boot gemietet in Friesland? Hier finden Sie Route-Vorschlagen ab unseren Standort in Drachten und Woudsend.\" \/>\n<meta property=\"og:url\" content=\"https:\/\/yachtcharterdedrait.nl\/de\/fahrgebieten\/\" \/>\n<meta property=\"og:site_name\" content=\"Yachtcharter De Drait - Friesland, NL\" \/>\n<meta property=\"article:modified_time\" content=\"2025-12-22T10:42:23+00:00\" \/>\n<meta property=\"og:image\" content=\"https:\/\/yachtcharterdedrait.nl\/wp-content\/uploads\/2019\/10\/Renal-36-Drait-42.jpg\" \/>\n\t<meta property=\"og:image:width\" content=\"1920\" \/>\n\t<meta property=\"og:image:height\" content=\"378\" \/>\n\t<meta property=\"og:image:type\" content=\"image\/jpeg\" \/>\n<meta name=\"twitter:card\" content=\"summary_large_image\" \/>\n<meta name=\"twitter:label1\" content=\"Gesch\u00e4tzte Lesezeit\" \/>\n\t<meta name=\"twitter:data1\" content=\"2\u00a0Minuten\" \/>\n<script type=\"application\/ld+json\" class=\"yoast-schema-graph\">{\"@context\":\"https:\/\/schema.org\",\"@graph\":[{\"@type\":\"WebPage\",\"@id\":\"https:\/\/yachtcharterdedrait.nl\/de\/fahrgebieten\/\",\"url\":\"https:\/\/yachtcharterdedrait.nl\/de\/fahrgebieten\/\",\"name\":\"Fahrgebiete und Wasserwege - Yachtcharter De Drait - Friesland, NL\",\"isPartOf\":{\"@id\":\"https:\/\/yachtcharterdedrait.nl\/#website\"},\"primaryImageOfPage\":{\"@id\":\"https:\/\/yachtcharterdedrait.nl\/de\/fahrgebieten\/#primaryimage\"},\"image\":{\"@id\":\"https:\/\/yachtcharterdedrait.nl\/de\/fahrgebieten\/#primaryimage\"},\"thumbnailUrl\":\"https:\/\/yachtcharterdedrait.nl\/wp-content\/uploads\/2019\/10\/Renal-36-Drait-42.jpg\",\"datePublished\":\"2019-08-27T07:57:53+00:00\",\"dateModified\":\"2025-12-22T10:42:23+00:00\",\"description\":\"Haben Sie ein Boot gemietet in Friesland? Hier finden Sie Route-Vorschlagen ab unseren Standort in Drachten und Woudsend.\",\"breadcrumb\":{\"@id\":\"https:\/\/yachtcharterdedrait.nl\/de\/fahrgebieten\/#breadcrumb\"},\"inLanguage\":\"de\",\"potentialAction\":[{\"@type\":\"ReadAction\",\"target\":[\"https:\/\/yachtcharterdedrait.nl\/de\/fahrgebieten\/\"]}]},{\"@type\":\"ImageObject\",\"inLanguage\":\"de\",\"@id\":\"https:\/\/yachtcharterdedrait.nl\/de\/fahrgebieten\/#primaryimage\",\"url\":\"https:\/\/yachtcharterdedrait.nl\/wp-content\/uploads\/2019\/10\/Renal-36-Drait-42.jpg\",\"contentUrl\":\"https:\/\/yachtcharterdedrait.nl\/wp-content\/uploads\/2019\/10\/Renal-36-Drait-42.jpg\",\"width\":1920,\"height\":378},{\"@type\":\"BreadcrumbList\",\"@id\":\"https:\/\/yachtcharterdedrait.nl\/de\/fahrgebieten\/#breadcrumb\",\"itemListElement\":[{\"@type\":\"ListItem\",\"position\":1,\"name\":\"Home\",\"item\":\"https:\/\/yachtcharterdedrait.nl\/de\/\"},{\"@type\":\"ListItem\",\"position\":2,\"name\":\"Fahrgebiete und Wasserwege\"}]},{\"@type\":\"WebSite\",\"@id\":\"https:\/\/yachtcharterdedrait.nl\/#website\",\"url\":\"https:\/\/yachtcharterdedrait.nl\/\",\"name\":\"Yachtcharter De Drait - Friesland, NL\",\"description\":\"Mieten Sie sich ein Boot f\u00fcr Ihren Traumurlaub\",\"potentialAction\":[{\"@type\":\"SearchAction\",\"target\":{\"@type\":\"EntryPoint\",\"urlTemplate\":\"https:\/\/yachtcharterdedrait.nl\/?s={search_term_string}\"},\"query-input\":{\"@type\":\"PropertyValueSpecification\",\"valueRequired\":true,\"valueName\":\"search_term_string\"}}],\"inLanguage\":\"de\"}]}<\/script>\n<!-- \/ Yoast SEO plugin. -->","yoast_head_json":{"title":"Fahrgebiete und Wasserwege - Yachtcharter De Drait - Friesland, NL","description":"Haben Sie ein Boot gemietet in Friesland? Hier finden Sie Route-Vorschlagen ab unseren Standort in Drachten und Woudsend.","robots":{"index":"index","follow":"follow","max-snippet":"max-snippet:-1","max-image-preview":"max-image-preview:large","max-video-preview":"max-video-preview:-1"},"canonical":"https:\/\/yachtcharterdedrait.nl\/de\/fahrgebieten\/","og_locale":"de_DE","og_type":"article","og_title":"Fahrgebiete und Wasserwege - Yachtcharter De Drait - Friesland, NL","og_description":"Haben Sie ein Boot gemietet in Friesland? Hier finden Sie Route-Vorschlagen ab unseren Standort in Drachten und Woudsend.","og_url":"https:\/\/yachtcharterdedrait.nl\/de\/fahrgebieten\/","og_site_name":"Yachtcharter De Drait - Friesland, NL","article_modified_time":"2025-12-22T10:42:23+00:00","og_image":[{"width":1920,"height":378,"url":"https:\/\/yachtcharterdedrait.nl\/wp-content\/uploads\/2019\/10\/Renal-36-Drait-42.jpg","type":"image\/jpeg"}],"twitter_card":"summary_large_image","twitter_misc":{"Gesch\u00e4tzte Lesezeit":"2\u00a0Minuten"},"schema":{"@context":"https:\/\/schema.org","@graph":[{"@type":"WebPage","@id":"https:\/\/yachtcharterdedrait.nl\/de\/fahrgebieten\/","url":"https:\/\/yachtcharterdedrait.nl\/de\/fahrgebieten\/","name":"Fahrgebiete und Wasserwege - Yachtcharter De Drait - Friesland, NL","isPartOf":{"@id":"https:\/\/yachtcharterdedrait.nl\/#website"},"primaryImageOfPage":{"@id":"https:\/\/yachtcharterdedrait.nl\/de\/fahrgebieten\/#primaryimage"},"image":{"@id":"https:\/\/yachtcharterdedrait.nl\/de\/fahrgebieten\/#primaryimage"},"thumbnailUrl":"https:\/\/yachtcharterdedrait.nl\/wp-content\/uploads\/2019\/10\/Renal-36-Drait-42.jpg","datePublished":"2019-08-27T07:57:53+00:00","dateModified":"2025-12-22T10:42:23+00:00","description":"Haben Sie ein Boot gemietet in Friesland? Hier finden Sie Route-Vorschlagen ab unseren Standort in Drachten und Woudsend.","breadcrumb":{"@id":"https:\/\/yachtcharterdedrait.nl\/de\/fahrgebieten\/#breadcrumb"},"inLanguage":"de","potentialAction":[{"@type":"ReadAction","target":["https:\/\/yachtcharterdedrait.nl\/de\/fahrgebieten\/"]}]},{"@type":"ImageObject","inLanguage":"de","@id":"https:\/\/yachtcharterdedrait.nl\/de\/fahrgebieten\/#primaryimage","url":"https:\/\/yachtcharterdedrait.nl\/wp-content\/uploads\/2019\/10\/Renal-36-Drait-42.jpg","contentUrl":"https:\/\/yachtcharterdedrait.nl\/wp-content\/uploads\/2019\/10\/Renal-36-Drait-42.jpg","width":1920,"height":378},{"@type":"BreadcrumbList","@id":"https:\/\/yachtcharterdedrait.nl\/de\/fahrgebieten\/#breadcrumb","itemListElement":[{"@type":"ListItem","position":1,"name":"Home","item":"https:\/\/yachtcharterdedrait.nl\/de\/"},{"@type":"ListItem","position":2,"name":"Fahrgebiete und Wasserwege"}]},{"@type":"WebSite","@id":"https:\/\/yachtcharterdedrait.nl\/#website","url":"https:\/\/yachtcharterdedrait.nl\/","name":"Yachtcharter De Drait - Friesland, NL","description":"Mieten Sie sich ein Boot f\u00fcr Ihren Traumurlaub","potentialAction":[{"@type":"SearchAction","target":{"@type":"EntryPoint","urlTemplate":"https:\/\/yachtcharterdedrait.nl\/?s={search_term_string}"},"query-input":{"@type":"PropertyValueSpecification","valueRequired":true,"valueName":"search_term_string"}}],"inLanguage":"de"}]}},"_links":{"self":[{"href":"https:\/\/yachtcharterdedrait.nl\/de\/wp-json\/wp\/v2\/pages\/868","targetHints":{"allow":["GET"]}}],"collection":[{"href":"https:\/\/yachtcharterdedrait.nl\/de\/wp-json\/wp\/v2\/pages"}],"about":[{"href":"https:\/\/yachtcharterdedrait.nl\/de\/wp-json\/wp\/v2\/types\/page"}],"author":[{"embeddable":true,"href":"https:\/\/yachtcharterdedrait.nl\/de\/wp-json\/wp\/v2\/users\/1"}],"replies":[{"embeddable":true,"href":"https:\/\/yachtcharterdedrait.nl\/de\/wp-json\/wp\/v2\/comments?post=868"}],"version-history":[{"count":5,"href":"https:\/\/yachtcharterdedrait.nl\/de\/wp-json\/wp\/v2\/pages\/868\/revisions"}],"predecessor-version":[{"id":12087,"href":"https:\/\/yachtcharterdedrait.nl\/de\/wp-json\/wp\/v2\/pages\/868\/revisions\/12087"}],"wp:featuredmedia":[{"embeddable":true,"href":"https:\/\/yachtcharterdedrait.nl\/de\/wp-json\/wp\/v2\/media\/1697"}],"wp:attachment":[{"href":"https:\/\/yachtcharterdedrait.nl\/de\/wp-json\/wp\/v2\/media?parent=868"}],"curies":[{"name":"wp","href":"https:\/\/api.w.org\/{rel}","templated":true}]}}