{"id":884,"date":"2019-09-06T10:06:06","date_gmt":"2019-09-06T10:06:06","guid":{"rendered":"http:\/\/dedrait.convident.website\/heb-ik-een-vaarbewijs-nodig\/"},"modified":"2025-10-03T14:36:35","modified_gmt":"2025-10-03T14:36:35","slug":"bootsfuehrerschein-2","status":"publish","type":"page","link":"https:\/\/yachtcharterdedrait.nl\/de\/bootsfuehrerschein-2\/","title":{"rendered":"Ben\u00f6tige ich einen F\u00fchrerschein?"},"content":{"rendered":"\r\n<p><span style=\"font-weight: 400;\">Kurzgefasst: Nein. Wir haben es uns \u2013 und Ihnen \u2013 einfach gemacht: F\u00fcr alle Boote die Sie bei unserem Yachtcharter mieten k\u00f6nnen, ben\u00f6tigen Sie keinen F\u00fchrerschein. Die niederl\u00e4ndische Gesetzgebung unterscheidet sich hier ein wenig von der deutschen. Vor der \u00dcbernahme machen wir Sie nat\u00fcrlich ausf\u00fchrlich mit dem Boot vertraut. Sie erhalten eine theoretische und eventuell auch praktische Einweisung von einem unserer geschulten Mitarbeiter.<\/span><\/p>\r\n<h3 class=\"wp-block-heading\">Ohne F\u00fchrerschein: abh\u00e4ngig vom Bootstyp<\/h3>\r\n<p><span style=\"font-weight: 400;\">Ob Sie einen F\u00fchrerschein brauchen, h\u00e4ngt in den Niederlanden vom Bootstyp ab. F\u00fcr alle Boote die schneller als 20 km\/h fahren k\u00f6nnen <\/span><span style=\"font-weight: 400;\">(<\/span><span style=\"font-weight: 400;\">ein Jetski oder ein Schnellboot zum Beispiel)<\/span> <span style=\"font-weight: 400;\">oder Boote die l\u00e4nger als 15 Meter sind, brauchen Sie einen sogenannten \u2018kleinen F\u00fchrerschein\u2019.<\/span><\/p>\r\n<p><span style=\"font-weight: 400;\">Alle unsere Boote fahren weniger als 20 km\/h und sind kleiner als 15 Meter. Anf\u00e4nger? Unsere Doerak ist ungef\u00e4hr 8,5 Meter lang und f\u00e4hrt sich entspannt ungef\u00e4hr 6 bis 10 km\/h. Auch bei unseren anderen Booten ist schneller fahren nicht n\u00f6tig: Auf den meisten Gew\u00e4ssern d\u00fcrfen Sie nicht schneller als 6, 9 oder 12 Stundenkilometer fahren.\u00a0<\/span><\/p>\r\n<h3>Auf manchen Gew\u00e4ssern ben\u00f6tigen Sie jedoch einen F\u00fchrerschein<\/h3>\r\n<p><span style=\"font-weight: 400;\">Der oben erw\u00e4hnte Bootsf\u00fchrerschein bezieht sich auf den Bootstyp. F\u00fcr manche Gew\u00e4sser brauchen Sie entweder einen F\u00fchrerschein und\/oder nachweislich gen\u00fcgend Erfahrung. Diese Regelung gilt unter anderem f\u00fcr die folgenden Gew\u00e4sser: das Wattenmeer und das IJselmeer . Im Zweifel kontaktieren Sie uns einfach im Voraus.<\/span><\/p>\r\n<p><span style=\"font-weight: 400;\">Damit Sie nicht doch aus Versehen auf einem Gew\u00e4sser, ohne den daf\u00fcr ben\u00f6tigten F\u00fchrerschein fahren, helfen wir Ihnen nach der <a href=\"https:\/\/yachtcharterdedrait.nl\/de\/ein-und-auschecken\/\">Check-In<\/a> gerne mit der <a href=\"https:\/\/yachtcharterdedrait.nl\/de\/vaarroutes-drachten-nl\/\">Routenplanung<\/a>. Profitieren Sie von unseren Tipps und Tricks! So k\u00f6nnen Sie sorgenfrei in den Urlaub fahren!<\/span><\/p>\r\n<h2>Skippertraining: Gut vorbereitet in den Urlaub<\/h2>\r\n<p><span style=\"font-weight: 400;\">Eine Einweisung in die technischen Details des von Ihnen gemieteten Bootes ist meist ausreichend f\u00fcr einen gelungenen Urlaub. Haben Sie keinen Bootsf\u00fchrerschein aber m\u00f6chten Sie doch gerne die Praxis vom Bootsfahren \u00fcben <\/span>oder Ihre Kenntnisse auffrischen<span>?\u00a0 Dann schauen Sie sich unsere Skippertraining mal an. Unser Skippertraining bereitet Sie gr\u00fcndlich vor. An unseren Abfahrtshafen in Drachten und Woudsend k\u00f6nnen Sie vor Ihrer Abreise einen<\/span><span>\u00a0<\/span><a href=\"https:\/\/yachtcharterdedrait.nl\/de\/skippertraining\/\"><i><span>Skippertraining<\/span><\/i><\/a><span> absolvieren.\u00a0<\/span><\/p>\r\n<p><span style=\"font-weight: 400;\">W\u00e4hrend des Trainings lernen Sie alles \u00fcber das Bootfahren, spezielle Man\u00f6ver und die Verkehrsregeln. <\/span><span style=\"font-weight: 400;\">Mehr Info zum Skippertraining finden Sie\u00a0<\/span><a href=\"https:\/\/yachtcharterdedrait.nl\/de\/bootsfuehrerschein-2\/\"><span style=\"font-weight: 400;\">hier<\/span><\/a><span style=\"font-weight: 400;\">.\u00a0<\/span><\/p>\r\n","protected":false},"excerpt":{"rendered":"<p>Kurzgefasst: Nein. Wir haben es uns \u2013 und Ihnen \u2013 einfach gemacht: F\u00fcr alle Boote die Sie bei unserem Yachtcharter mieten k\u00f6nnen, ben\u00f6tigen Sie keinen F\u00fchrerschein. Die niederl\u00e4ndische Gesetzgebung unterscheidet sich hier ein wenig von der deutschen. Vor der \u00dcbernahme machen wir Sie nat\u00fcrlich ausf\u00fchrlich mit dem Boot vertraut. Sie erhalten eine theoretische und eventuell [&hellip;]<\/p>\n","protected":false},"author":2,"featured_media":1636,"parent":0,"menu_order":0,"comment_status":"closed","ping_status":"closed","template":"","meta":{"inline_featured_image":false,"footnotes":""},"class_list":["post-884","page","type-page","status-publish","has-post-thumbnail","hentry"],"yoast_head":"<!-- This site is optimized with the Yoast SEO plugin v27.1.1 - https:\/\/yoast.com\/product\/yoast-seo-wordpress\/ -->\n<title>Ben\u00f6tige ich einen F\u00fchrerschein? | Bootsf\u00fchrerschein bei De Drait?<\/title>\n<meta name=\"description\" content=\"Bei Yachtcharter De Drait k\u00f6nnen Sie einem Boot mieten ohne F\u00fchrerschein. Kein oder ein wenig Erfahrung? Buchen Sie unser Skippertraining!\" \/>\n<meta name=\"robots\" content=\"index, follow, max-snippet:-1, max-image-preview:large, max-video-preview:-1\" \/>\n<link rel=\"canonical\" href=\"https:\/\/yachtcharterdedrait.nl\/de\/bootsfuehrerschein-2\/\" \/>\n<meta property=\"og:locale\" content=\"de_DE\" \/>\n<meta property=\"og:type\" content=\"article\" \/>\n<meta property=\"og:title\" content=\"Ben\u00f6tige ich einen F\u00fchrerschein? | Bootsf\u00fchrerschein bei De Drait?\" \/>\n<meta property=\"og:description\" content=\"Bei Yachtcharter De Drait k\u00f6nnen Sie einem Boot mieten ohne F\u00fchrerschein. Kein oder ein wenig Erfahrung? Buchen Sie unser Skippertraining!\" \/>\n<meta property=\"og:url\" content=\"https:\/\/yachtcharterdedrait.nl\/de\/bootsfuehrerschein-2\/\" \/>\n<meta property=\"og:site_name\" content=\"Yachtcharter De Drait - Friesland, NL\" \/>\n<meta property=\"article:modified_time\" content=\"2025-10-03T14:36:35+00:00\" \/>\n<meta property=\"og:image\" content=\"https:\/\/yachtcharterdedrait.nl\/wp-content\/uploads\/2019\/10\/Stuurstand.jpg\" \/>\n\t<meta property=\"og:image:width\" content=\"1920\" \/>\n\t<meta property=\"og:image:height\" content=\"378\" \/>\n\t<meta property=\"og:image:type\" content=\"image\/jpeg\" \/>\n<meta name=\"twitter:card\" content=\"summary_large_image\" \/>\n<meta name=\"twitter:label1\" content=\"Gesch\u00e4tzte Lesezeit\" \/>\n\t<meta name=\"twitter:data1\" content=\"2\u00a0Minuten\" \/>\n<script type=\"application\/ld+json\" class=\"yoast-schema-graph\">{\"@context\":\"https:\/\/schema.org\",\"@graph\":[{\"@type\":\"WebPage\",\"@id\":\"https:\/\/yachtcharterdedrait.nl\/de\/bootsfuehrerschein-2\/\",\"url\":\"https:\/\/yachtcharterdedrait.nl\/de\/bootsfuehrerschein-2\/\",\"name\":\"Ben\u00f6tige ich einen F\u00fchrerschein? | Bootsf\u00fchrerschein bei De Drait?\",\"isPartOf\":{\"@id\":\"https:\/\/yachtcharterdedrait.nl\/#website\"},\"primaryImageOfPage\":{\"@id\":\"https:\/\/yachtcharterdedrait.nl\/de\/bootsfuehrerschein-2\/#primaryimage\"},\"image\":{\"@id\":\"https:\/\/yachtcharterdedrait.nl\/de\/bootsfuehrerschein-2\/#primaryimage\"},\"thumbnailUrl\":\"https:\/\/yachtcharterdedrait.nl\/wp-content\/uploads\/2019\/10\/Stuurstand.jpg\",\"datePublished\":\"2019-09-06T10:06:06+00:00\",\"dateModified\":\"2025-10-03T14:36:35+00:00\",\"description\":\"Bei Yachtcharter De Drait k\u00f6nnen Sie einem Boot mieten ohne F\u00fchrerschein. Kein oder ein wenig Erfahrung? Buchen Sie unser Skippertraining!\",\"breadcrumb\":{\"@id\":\"https:\/\/yachtcharterdedrait.nl\/de\/bootsfuehrerschein-2\/#breadcrumb\"},\"inLanguage\":\"de\",\"potentialAction\":[{\"@type\":\"ReadAction\",\"target\":[\"https:\/\/yachtcharterdedrait.nl\/de\/bootsfuehrerschein-2\/\"]}]},{\"@type\":\"ImageObject\",\"inLanguage\":\"de\",\"@id\":\"https:\/\/yachtcharterdedrait.nl\/de\/bootsfuehrerschein-2\/#primaryimage\",\"url\":\"https:\/\/yachtcharterdedrait.nl\/wp-content\/uploads\/2019\/10\/Stuurstand.jpg\",\"contentUrl\":\"https:\/\/yachtcharterdedrait.nl\/wp-content\/uploads\/2019\/10\/Stuurstand.jpg\",\"width\":1920,\"height\":378},{\"@type\":\"BreadcrumbList\",\"@id\":\"https:\/\/yachtcharterdedrait.nl\/de\/bootsfuehrerschein-2\/#breadcrumb\",\"itemListElement\":[{\"@type\":\"ListItem\",\"position\":1,\"name\":\"Home\",\"item\":\"https:\/\/yachtcharterdedrait.nl\/de\/\"},{\"@type\":\"ListItem\",\"position\":2,\"name\":\"Ben\u00f6tige ich einen F\u00fchrerschein?\"}]},{\"@type\":\"WebSite\",\"@id\":\"https:\/\/yachtcharterdedrait.nl\/#website\",\"url\":\"https:\/\/yachtcharterdedrait.nl\/\",\"name\":\"Yachtcharter De Drait - Friesland, NL\",\"description\":\"Mieten Sie sich ein Boot f\u00fcr Ihren Traumurlaub\",\"potentialAction\":[{\"@type\":\"SearchAction\",\"target\":{\"@type\":\"EntryPoint\",\"urlTemplate\":\"https:\/\/yachtcharterdedrait.nl\/?s={search_term_string}\"},\"query-input\":{\"@type\":\"PropertyValueSpecification\",\"valueRequired\":true,\"valueName\":\"search_term_string\"}}],\"inLanguage\":\"de\"}]}<\/script>\n<!-- \/ Yoast SEO plugin. -->","yoast_head_json":{"title":"Ben\u00f6tige ich einen F\u00fchrerschein? | Bootsf\u00fchrerschein bei De Drait?","description":"Bei Yachtcharter De Drait k\u00f6nnen Sie einem Boot mieten ohne F\u00fchrerschein. Kein oder ein wenig Erfahrung? Buchen Sie unser Skippertraining!","robots":{"index":"index","follow":"follow","max-snippet":"max-snippet:-1","max-image-preview":"max-image-preview:large","max-video-preview":"max-video-preview:-1"},"canonical":"https:\/\/yachtcharterdedrait.nl\/de\/bootsfuehrerschein-2\/","og_locale":"de_DE","og_type":"article","og_title":"Ben\u00f6tige ich einen F\u00fchrerschein? | Bootsf\u00fchrerschein bei De Drait?","og_description":"Bei Yachtcharter De Drait k\u00f6nnen Sie einem Boot mieten ohne F\u00fchrerschein. Kein oder ein wenig Erfahrung? Buchen Sie unser Skippertraining!","og_url":"https:\/\/yachtcharterdedrait.nl\/de\/bootsfuehrerschein-2\/","og_site_name":"Yachtcharter De Drait - Friesland, NL","article_modified_time":"2025-10-03T14:36:35+00:00","og_image":[{"width":1920,"height":378,"url":"https:\/\/yachtcharterdedrait.nl\/wp-content\/uploads\/2019\/10\/Stuurstand.jpg","type":"image\/jpeg"}],"twitter_card":"summary_large_image","twitter_misc":{"Gesch\u00e4tzte Lesezeit":"2\u00a0Minuten"},"schema":{"@context":"https:\/\/schema.org","@graph":[{"@type":"WebPage","@id":"https:\/\/yachtcharterdedrait.nl\/de\/bootsfuehrerschein-2\/","url":"https:\/\/yachtcharterdedrait.nl\/de\/bootsfuehrerschein-2\/","name":"Ben\u00f6tige ich einen F\u00fchrerschein? | Bootsf\u00fchrerschein bei De Drait?","isPartOf":{"@id":"https:\/\/yachtcharterdedrait.nl\/#website"},"primaryImageOfPage":{"@id":"https:\/\/yachtcharterdedrait.nl\/de\/bootsfuehrerschein-2\/#primaryimage"},"image":{"@id":"https:\/\/yachtcharterdedrait.nl\/de\/bootsfuehrerschein-2\/#primaryimage"},"thumbnailUrl":"https:\/\/yachtcharterdedrait.nl\/wp-content\/uploads\/2019\/10\/Stuurstand.jpg","datePublished":"2019-09-06T10:06:06+00:00","dateModified":"2025-10-03T14:36:35+00:00","description":"Bei Yachtcharter De Drait k\u00f6nnen Sie einem Boot mieten ohne F\u00fchrerschein. Kein oder ein wenig Erfahrung? Buchen Sie unser Skippertraining!","breadcrumb":{"@id":"https:\/\/yachtcharterdedrait.nl\/de\/bootsfuehrerschein-2\/#breadcrumb"},"inLanguage":"de","potentialAction":[{"@type":"ReadAction","target":["https:\/\/yachtcharterdedrait.nl\/de\/bootsfuehrerschein-2\/"]}]},{"@type":"ImageObject","inLanguage":"de","@id":"https:\/\/yachtcharterdedrait.nl\/de\/bootsfuehrerschein-2\/#primaryimage","url":"https:\/\/yachtcharterdedrait.nl\/wp-content\/uploads\/2019\/10\/Stuurstand.jpg","contentUrl":"https:\/\/yachtcharterdedrait.nl\/wp-content\/uploads\/2019\/10\/Stuurstand.jpg","width":1920,"height":378},{"@type":"BreadcrumbList","@id":"https:\/\/yachtcharterdedrait.nl\/de\/bootsfuehrerschein-2\/#breadcrumb","itemListElement":[{"@type":"ListItem","position":1,"name":"Home","item":"https:\/\/yachtcharterdedrait.nl\/de\/"},{"@type":"ListItem","position":2,"name":"Ben\u00f6tige ich einen F\u00fchrerschein?"}]},{"@type":"WebSite","@id":"https:\/\/yachtcharterdedrait.nl\/#website","url":"https:\/\/yachtcharterdedrait.nl\/","name":"Yachtcharter De Drait - Friesland, NL","description":"Mieten Sie sich ein Boot f\u00fcr Ihren Traumurlaub","potentialAction":[{"@type":"SearchAction","target":{"@type":"EntryPoint","urlTemplate":"https:\/\/yachtcharterdedrait.nl\/?s={search_term_string}"},"query-input":{"@type":"PropertyValueSpecification","valueRequired":true,"valueName":"search_term_string"}}],"inLanguage":"de"}]}},"_links":{"self":[{"href":"https:\/\/yachtcharterdedrait.nl\/de\/wp-json\/wp\/v2\/pages\/884","targetHints":{"allow":["GET"]}}],"collection":[{"href":"https:\/\/yachtcharterdedrait.nl\/de\/wp-json\/wp\/v2\/pages"}],"about":[{"href":"https:\/\/yachtcharterdedrait.nl\/de\/wp-json\/wp\/v2\/types\/page"}],"author":[{"embeddable":true,"href":"https:\/\/yachtcharterdedrait.nl\/de\/wp-json\/wp\/v2\/users\/2"}],"replies":[{"embeddable":true,"href":"https:\/\/yachtcharterdedrait.nl\/de\/wp-json\/wp\/v2\/comments?post=884"}],"version-history":[{"count":1,"href":"https:\/\/yachtcharterdedrait.nl\/de\/wp-json\/wp\/v2\/pages\/884\/revisions"}],"predecessor-version":[{"id":11581,"href":"https:\/\/yachtcharterdedrait.nl\/de\/wp-json\/wp\/v2\/pages\/884\/revisions\/11581"}],"wp:featuredmedia":[{"embeddable":true,"href":"https:\/\/yachtcharterdedrait.nl\/de\/wp-json\/wp\/v2\/media\/1636"}],"wp:attachment":[{"href":"https:\/\/yachtcharterdedrait.nl\/de\/wp-json\/wp\/v2\/media?parent=884"}],"curies":[{"name":"wp","href":"https:\/\/api.w.org\/{rel}","templated":true}]}}