{"id":888,"date":"2019-09-06T11:38:58","date_gmt":"2019-09-06T11:38:58","guid":{"rendered":"http:\/\/dedrait.convident.website\/verzekeringen\/"},"modified":"2025-10-04T11:47:21","modified_gmt":"2025-10-04T11:47:21","slug":"versicherungen","status":"publish","type":"page","link":"https:\/\/yachtcharterdedrait.nl\/de\/versicherungen\/","title":{"rendered":"Versicherungen"},"content":{"rendered":"\r\n<h2 class=\"wp-block-heading\">Komplette Vollkasko-Versicherung mit Selbstbeteiligung f\u00fcr den Mieter<\/h2>\r\n\r\n\r\n\r\n<p>All unsere Boote sind mit einer umfangreichen Vollkasko- oder auch \u201cAll Risk\u201d-Versicherung versichert. F\u00fcr den Mieter gilt allerdings ein Eigenanteil (Selbstbeteiligung).<\/p>\r\n\r\n\r\n\r\n<h3 class=\"wp-block-heading\">Kaution: Selbstbeteiligung f\u00fcr den Mieter<\/h3>\r\n\r\n\r\n\r\n<p>Die Selbstbeteiligung muss bei der \u00dcbernahme als Kaution hinterlegt werden. Die H\u00f6he der Selbstbeteiligung und Kaution sind also dieselbe. Diese ist abh\u00e4ngig von der Art des Bootes und des Mietzeitraums:<\/p>\r\n\r\n\r\n\r\n<ul class=\"wp-block-list\">\r\n<li>Yachten, Safari Hausboote, Campi Houseboats und BunBo: \u20ac 1000<\/li>\r\n<li>Doerak: \u20ac 750<\/li>\r\n<li>Schaluppe Cabin: \u20ac 450<\/li>\r\n<li>Schaluppen (Tagesmiete): \u20ac 200<\/li>\r\n<li>Schaluppen (mehrt\u00e4gige Miete): \u20ac 350<\/li>\r\n<\/ul>\r\n\r\n\r\n\r\n<p>Die Selbstbeteiligung hinterlegen Sie als Kaution bei der \u00dcbernahme. Sie k\u00f6nnen die Summe vorab an unseren Konto \u00fcberweisen. Auch k\u00f6nnen Sie diese Summe\u00a0 vor Ort (vorzugsweise mit EC-Karte) hinterlegen.\u00a0<\/p>\r\n<p>Nach Ablauf des Mietzeitraums \u00fcberweisen wir den Kautionsbetrag innerhalb von 14 Tagen zur\u00fcck auf Ihr Konto. Bei Kartenzahlung \u00fcberweisen wir den Betrag auf das Konto mit dem Sie bezahlt haben. .<\/p>\r\n\r\n\r\n\r\n<h3 class=\"wp-block-heading\">M\u00f6chten Sie lieber keine Selbstbeteiligung?<\/h3>\r\n\r\n\r\n\r\n<p>Es ist m\u00f6glich, direkt bei der Buchung eine Versicherung ab zu schlie\u00dfen, die Sie zu 100% versichert. In diesem Falle bekommen Sie die Kaution garantiert zur\u00fcck. Aufgepasst: Die Kaution muss trotzdem vor der Abfahrt hinterlegt werden! \u00a0<\/p>\r\n\r\n\r\n\r\n<p>Sie k\u00f6nnen die Versicherung direkt w\u00e4hrend der Buchung Ihres Urlaubs oder beim <a href=\"https:\/\/yachtcharterdedrait.nl\/de\/ein-und-auschecken\/\">Einchecken<\/a> abschlie\u00dfen. Die Kosten sind wie folgt:<\/p>\r\n\r\n\r\n\r\n<ul class=\"wp-block-list\">\r\n<li>Yachten, Safari Hausboote, Campi Houseboats und BunBo: 200 \u20ac<\/li>\r\n<li>Doerak: 150 \u20ac<\/li>\r\n<li>Schaluppen: 72 \u20ac<\/li>\r\n<\/ul>\r\n\r\n\r\n\r\n<h2 class=\"wp-block-heading\">Reiser\u00fccktritts Fonds<\/h2>\r\n\r\n\r\n\r\n<p>Es ist auch m\u00f6glich, eine Reiser\u00fccktritts Fonds abzuschlie\u00dfen. Die H\u00f6he der Reiser\u00fccktritts Fonds betr\u00e4gt 5% des Mietpreises. Sie k\u00f6nnen die Reiser\u00fccktritts Fonds direkt bei der Buchung oder bis zu 7 Tagen danach abschlie\u00dfen. Schicken Sie uns eine E-Mail <a href=\"mailto:contact@dedrait.com\">contact@dedrait.com<\/a>.\u00a0<\/p>\r\n","protected":false},"excerpt":{"rendered":"<p>Komplette Vollkasko-Versicherung mit Selbstbeteiligung f\u00fcr den Mieter All unsere Boote sind mit einer umfangreichen Vollkasko- oder auch \u201cAll Risk\u201d-Versicherung versichert. F\u00fcr den Mieter gilt allerdings ein Eigenanteil (Selbstbeteiligung). Kaution: Selbstbeteiligung f\u00fcr den Mieter Die Selbstbeteiligung muss bei der \u00dcbernahme als Kaution hinterlegt werden. Die H\u00f6he der Selbstbeteiligung und Kaution sind also dieselbe. Diese ist abh\u00e4ngig [&hellip;]<\/p>\n","protected":false},"author":2,"featured_media":1727,"parent":0,"menu_order":0,"comment_status":"closed","ping_status":"closed","template":"","meta":{"inline_featured_image":false,"footnotes":""},"class_list":["post-888","page","type-page","status-publish","has-post-thumbnail","hentry"],"yoast_head":"<!-- This site is optimized with the Yoast SEO plugin v27.1.1 - https:\/\/yoast.com\/product\/yoast-seo-wordpress\/ -->\n<title>Versicherungen | Yachtcharter De Drait Drachten und Brandenburg<\/title>\n<meta name=\"description\" content=\"Wenn Sie ein Yacht mieten, denken Sie dann an unsere Versicherungen. Wir bieten ein Vollkasko-Versicherung und Reiser\u00fccktrittsversicherung.\" \/>\n<meta name=\"robots\" content=\"index, follow, max-snippet:-1, max-image-preview:large, max-video-preview:-1\" \/>\n<link rel=\"canonical\" href=\"https:\/\/yachtcharterdedrait.nl\/de\/versicherungen\/\" \/>\n<meta property=\"og:locale\" content=\"de_DE\" \/>\n<meta property=\"og:type\" content=\"article\" \/>\n<meta property=\"og:title\" content=\"Versicherungen | Yachtcharter De Drait Drachten und Brandenburg\" \/>\n<meta property=\"og:description\" content=\"Wenn Sie ein Yacht mieten, denken Sie dann an unsere Versicherungen. Wir bieten ein Vollkasko-Versicherung und Reiser\u00fccktrittsversicherung.\" \/>\n<meta property=\"og:url\" content=\"https:\/\/yachtcharterdedrait.nl\/de\/versicherungen\/\" \/>\n<meta property=\"og:site_name\" content=\"Yachtcharter De Drait - Friesland, NL\" \/>\n<meta property=\"article:modified_time\" content=\"2025-10-04T11:47:21+00:00\" \/>\n<meta property=\"og:image\" content=\"https:\/\/yachtcharterdedrait.nl\/wp-content\/uploads\/2019\/10\/Surrender.jpg\" \/>\n\t<meta property=\"og:image:width\" content=\"1920\" \/>\n\t<meta property=\"og:image:height\" content=\"378\" \/>\n\t<meta property=\"og:image:type\" content=\"image\/jpeg\" \/>\n<meta name=\"twitter:card\" content=\"summary_large_image\" \/>\n<meta name=\"twitter:label1\" content=\"Gesch\u00e4tzte Lesezeit\" \/>\n\t<meta name=\"twitter:data1\" content=\"2\u00a0Minuten\" \/>\n<script type=\"application\/ld+json\" class=\"yoast-schema-graph\">{\"@context\":\"https:\/\/schema.org\",\"@graph\":[{\"@type\":\"WebPage\",\"@id\":\"https:\/\/yachtcharterdedrait.nl\/de\/versicherungen\/\",\"url\":\"https:\/\/yachtcharterdedrait.nl\/de\/versicherungen\/\",\"name\":\"Versicherungen | Yachtcharter De Drait Drachten und Brandenburg\",\"isPartOf\":{\"@id\":\"https:\/\/yachtcharterdedrait.nl\/#website\"},\"primaryImageOfPage\":{\"@id\":\"https:\/\/yachtcharterdedrait.nl\/de\/versicherungen\/#primaryimage\"},\"image\":{\"@id\":\"https:\/\/yachtcharterdedrait.nl\/de\/versicherungen\/#primaryimage\"},\"thumbnailUrl\":\"https:\/\/yachtcharterdedrait.nl\/wp-content\/uploads\/2019\/10\/Surrender.jpg\",\"datePublished\":\"2019-09-06T11:38:58+00:00\",\"dateModified\":\"2025-10-04T11:47:21+00:00\",\"description\":\"Wenn Sie ein Yacht mieten, denken Sie dann an unsere Versicherungen. Wir bieten ein Vollkasko-Versicherung und Reiser\u00fccktrittsversicherung.\",\"breadcrumb\":{\"@id\":\"https:\/\/yachtcharterdedrait.nl\/de\/versicherungen\/#breadcrumb\"},\"inLanguage\":\"de\",\"potentialAction\":[{\"@type\":\"ReadAction\",\"target\":[\"https:\/\/yachtcharterdedrait.nl\/de\/versicherungen\/\"]}]},{\"@type\":\"ImageObject\",\"inLanguage\":\"de\",\"@id\":\"https:\/\/yachtcharterdedrait.nl\/de\/versicherungen\/#primaryimage\",\"url\":\"https:\/\/yachtcharterdedrait.nl\/wp-content\/uploads\/2019\/10\/Surrender.jpg\",\"contentUrl\":\"https:\/\/yachtcharterdedrait.nl\/wp-content\/uploads\/2019\/10\/Surrender.jpg\",\"width\":1920,\"height\":378},{\"@type\":\"BreadcrumbList\",\"@id\":\"https:\/\/yachtcharterdedrait.nl\/de\/versicherungen\/#breadcrumb\",\"itemListElement\":[{\"@type\":\"ListItem\",\"position\":1,\"name\":\"Home\",\"item\":\"https:\/\/yachtcharterdedrait.nl\/de\/\"},{\"@type\":\"ListItem\",\"position\":2,\"name\":\"Versicherungen\"}]},{\"@type\":\"WebSite\",\"@id\":\"https:\/\/yachtcharterdedrait.nl\/#website\",\"url\":\"https:\/\/yachtcharterdedrait.nl\/\",\"name\":\"Yachtcharter De Drait - Friesland, NL\",\"description\":\"Mieten Sie sich ein Boot f\u00fcr Ihren Traumurlaub\",\"potentialAction\":[{\"@type\":\"SearchAction\",\"target\":{\"@type\":\"EntryPoint\",\"urlTemplate\":\"https:\/\/yachtcharterdedrait.nl\/?s={search_term_string}\"},\"query-input\":{\"@type\":\"PropertyValueSpecification\",\"valueRequired\":true,\"valueName\":\"search_term_string\"}}],\"inLanguage\":\"de\"}]}<\/script>\n<!-- \/ Yoast SEO plugin. -->","yoast_head_json":{"title":"Versicherungen | Yachtcharter De Drait Drachten und Brandenburg","description":"Wenn Sie ein Yacht mieten, denken Sie dann an unsere Versicherungen. Wir bieten ein Vollkasko-Versicherung und Reiser\u00fccktrittsversicherung.","robots":{"index":"index","follow":"follow","max-snippet":"max-snippet:-1","max-image-preview":"max-image-preview:large","max-video-preview":"max-video-preview:-1"},"canonical":"https:\/\/yachtcharterdedrait.nl\/de\/versicherungen\/","og_locale":"de_DE","og_type":"article","og_title":"Versicherungen | Yachtcharter De Drait Drachten und Brandenburg","og_description":"Wenn Sie ein Yacht mieten, denken Sie dann an unsere Versicherungen. Wir bieten ein Vollkasko-Versicherung und Reiser\u00fccktrittsversicherung.","og_url":"https:\/\/yachtcharterdedrait.nl\/de\/versicherungen\/","og_site_name":"Yachtcharter De Drait - Friesland, NL","article_modified_time":"2025-10-04T11:47:21+00:00","og_image":[{"width":1920,"height":378,"url":"https:\/\/yachtcharterdedrait.nl\/wp-content\/uploads\/2019\/10\/Surrender.jpg","type":"image\/jpeg"}],"twitter_card":"summary_large_image","twitter_misc":{"Gesch\u00e4tzte Lesezeit":"2\u00a0Minuten"},"schema":{"@context":"https:\/\/schema.org","@graph":[{"@type":"WebPage","@id":"https:\/\/yachtcharterdedrait.nl\/de\/versicherungen\/","url":"https:\/\/yachtcharterdedrait.nl\/de\/versicherungen\/","name":"Versicherungen | Yachtcharter De Drait Drachten und Brandenburg","isPartOf":{"@id":"https:\/\/yachtcharterdedrait.nl\/#website"},"primaryImageOfPage":{"@id":"https:\/\/yachtcharterdedrait.nl\/de\/versicherungen\/#primaryimage"},"image":{"@id":"https:\/\/yachtcharterdedrait.nl\/de\/versicherungen\/#primaryimage"},"thumbnailUrl":"https:\/\/yachtcharterdedrait.nl\/wp-content\/uploads\/2019\/10\/Surrender.jpg","datePublished":"2019-09-06T11:38:58+00:00","dateModified":"2025-10-04T11:47:21+00:00","description":"Wenn Sie ein Yacht mieten, denken Sie dann an unsere Versicherungen. Wir bieten ein Vollkasko-Versicherung und Reiser\u00fccktrittsversicherung.","breadcrumb":{"@id":"https:\/\/yachtcharterdedrait.nl\/de\/versicherungen\/#breadcrumb"},"inLanguage":"de","potentialAction":[{"@type":"ReadAction","target":["https:\/\/yachtcharterdedrait.nl\/de\/versicherungen\/"]}]},{"@type":"ImageObject","inLanguage":"de","@id":"https:\/\/yachtcharterdedrait.nl\/de\/versicherungen\/#primaryimage","url":"https:\/\/yachtcharterdedrait.nl\/wp-content\/uploads\/2019\/10\/Surrender.jpg","contentUrl":"https:\/\/yachtcharterdedrait.nl\/wp-content\/uploads\/2019\/10\/Surrender.jpg","width":1920,"height":378},{"@type":"BreadcrumbList","@id":"https:\/\/yachtcharterdedrait.nl\/de\/versicherungen\/#breadcrumb","itemListElement":[{"@type":"ListItem","position":1,"name":"Home","item":"https:\/\/yachtcharterdedrait.nl\/de\/"},{"@type":"ListItem","position":2,"name":"Versicherungen"}]},{"@type":"WebSite","@id":"https:\/\/yachtcharterdedrait.nl\/#website","url":"https:\/\/yachtcharterdedrait.nl\/","name":"Yachtcharter De Drait - Friesland, NL","description":"Mieten Sie sich ein Boot f\u00fcr Ihren Traumurlaub","potentialAction":[{"@type":"SearchAction","target":{"@type":"EntryPoint","urlTemplate":"https:\/\/yachtcharterdedrait.nl\/?s={search_term_string}"},"query-input":{"@type":"PropertyValueSpecification","valueRequired":true,"valueName":"search_term_string"}}],"inLanguage":"de"}]}},"_links":{"self":[{"href":"https:\/\/yachtcharterdedrait.nl\/de\/wp-json\/wp\/v2\/pages\/888","targetHints":{"allow":["GET"]}}],"collection":[{"href":"https:\/\/yachtcharterdedrait.nl\/de\/wp-json\/wp\/v2\/pages"}],"about":[{"href":"https:\/\/yachtcharterdedrait.nl\/de\/wp-json\/wp\/v2\/types\/page"}],"author":[{"embeddable":true,"href":"https:\/\/yachtcharterdedrait.nl\/de\/wp-json\/wp\/v2\/users\/2"}],"replies":[{"embeddable":true,"href":"https:\/\/yachtcharterdedrait.nl\/de\/wp-json\/wp\/v2\/comments?post=888"}],"version-history":[{"count":2,"href":"https:\/\/yachtcharterdedrait.nl\/de\/wp-json\/wp\/v2\/pages\/888\/revisions"}],"predecessor-version":[{"id":11594,"href":"https:\/\/yachtcharterdedrait.nl\/de\/wp-json\/wp\/v2\/pages\/888\/revisions\/11594"}],"wp:featuredmedia":[{"embeddable":true,"href":"https:\/\/yachtcharterdedrait.nl\/de\/wp-json\/wp\/v2\/media\/1727"}],"wp:attachment":[{"href":"https:\/\/yachtcharterdedrait.nl\/de\/wp-json\/wp\/v2\/media?parent=888"}],"curies":[{"name":"wp","href":"https:\/\/api.w.org\/{rel}","templated":true}]}}