{"id":891,"date":"2019-09-06T10:06:58","date_gmt":"2019-09-06T10:06:58","guid":{"rendered":"http:\/\/dedrait.convident.website\/inventarislijst-boten\/"},"modified":"2026-01-30T15:49:29","modified_gmt":"2026-01-30T15:49:29","slug":"bootsausstattung","status":"publish","type":"page","link":"https:\/\/yachtcharterdedrait.nl\/de\/bootsausstattung\/","title":{"rendered":"Bootsausstattung"},"content":{"rendered":"\r\n<p>Einen Urlaub gebucht bei Yachtcharter De Drait und sind Sie bereit, Ihre Koffer zu packen? Wunderbar! Schauen Sie noch kurz, ob Sie alles dabei haben! Auf unserer Website finden Sie eine Liste des Inventars, das sich auf Ihrem Boot befindet. Diese Inventarlisten sind f\u00fcr sowohl unsere Yachten in Drachten als auch in Woudsend.<\/p>\r\n<p>Hier finden Sie die komplette Liste* des Inventars, die auf unseren Booten vorhanden ist. Die Liste mit der Bootsausstattung wird in einem neuen Fenster ge\u00f6ffnet.<\/p>\r\n\r\n\r\n\r\n<ul class=\"wp-block-list\">\r\n<li><a href=\"https:\/\/yachtcharterdedrait.nl\/wp-content\/uploads\/Inventarislijst-motoryachten-safari-houseboat-DE-2026.pdf\" target=\"_blank\" rel=\"noreferrer noopener\">Motoryachten, Kotteryachten und Safari Houseboote<\/a><\/li>\r\n<li><a href=\"https:\/\/yachtcharterdedrait.nl\/wp-content\/uploads\/Inventarislijst-BunBo-2026-DE.pdf\" target=\"_blank\" rel=\"noreferrer noopener\">Bungalowboote<\/a><\/li>\r\n<li><a href=\"https:\/\/yachtcharterdedrait.nl\/wp-content\/uploads\/Inventarislijst-Campi-Houseboat-2026-DE.pdf\" target=\"_blank\" rel=\"noreferrer noopener\">Campi Houseboat 300 \/ 340 \/ 400<\/a><\/li>\r\n<li><a href=\"https:\/\/yachtcharterdedrait.nl\/wp-content\/uploads\/Doerak-2026-DE.pdf\" target=\"_blank\" rel=\"noreferrer noopener\">Doerak<\/a><\/li>\r\n<li><a href=\"https:\/\/yachtcharterdedrait.nl\/wp-content\/uploads\/Inventarislijst-Sloep-Cabin-2026-DE.pdf\" target=\"_blank\" rel=\"noreferrer noopener\">SloepCabin<\/a><\/li>\r\n<li><a href=\"https:\/\/yachtcharterdedrait.nl\/wp-content\/uploads\/Inventarislijst-DrachtsterSloep-DE-2026.pdf\" target=\"_blank\" rel=\"noreferrer noopener\">DrachtsterSloep<\/a>\u00a0<\/li>\r\n<\/ul>\r\n\r\n\r\n\r\n<p>* \u00c4nderungen an der Bootsausstattung vorbehalten<\/p>\r\n\r\n\r\n\r\n<h1>Extras\u00a0<\/h1>\r\n\r\n\r\n\r\n<p data-start=\"48\" data-end=\"257\">Alle unsere Boote sind mit einer vollst\u00e4ndigen Ausstattung f\u00fcr die Anzahl der Personen ausger\u00fcstet, f\u00fcr die das Boot zugelassen ist. Kopfkissen sind standardm\u00e4\u00dfig an Bord, aber Decken und Bettw\u00e4sche nicht. Bringen Sie Ihre eigene Bettw\u00e4sche oder einen Schlafsack mit? Oder m\u00f6chten Sie lieber, dass wir die Bettw\u00e4sche f\u00fcr Sie bereitstellen? Kein Problem! Sie k\u00f6nnen unter anderem die Bettw\u00e4sche, aber auch Fahrr\u00e4der und Beiboote dazubuchen. Weitere Informationen \u00fcber zus\u00e4tzliche Mietartikel und Services, mit denen Sie Ihren Urlaub noch angenehmer und entspannter gestalten k\u00f6nnen, finden Sie <a href=\"https:\/\/yachtcharterdedrait.nl\/de\/extra-leistungen-brandenburg\/\">hier<\/a>.<\/p>\r\n","protected":false},"excerpt":{"rendered":"<p>Einen Urlaub gebucht bei Yachtcharter De Drait und sind Sie bereit, Ihre Koffer zu packen? Wunderbar! Schauen Sie noch kurz, ob Sie alles dabei haben! Auf unserer Website finden Sie eine Liste des Inventars, das sich auf Ihrem Boot befindet. Diese Inventarlisten sind f\u00fcr sowohl unsere Yachten in Drachten als auch in Woudsend. Hier finden [&hellip;]<\/p>\n","protected":false},"author":2,"featured_media":1767,"parent":0,"menu_order":0,"comment_status":"closed","ping_status":"closed","template":"","meta":{"inline_featured_image":false,"footnotes":""},"class_list":["post-891","page","type-page","status-publish","has-post-thumbnail","hentry"],"yoast_head":"<!-- This site is optimized with the Yoast SEO plugin v27.1.1 - https:\/\/yoast.com\/product\/yoast-seo-wordpress\/ -->\n<title>Bootsausstattung von der Yachten von Yachtcharter De Drait<\/title>\n<meta name=\"description\" content=\"Bootsausstattung: Auf unserer Website finden Sie eine Liste des Inventars, das sich auf Ihrem Motorboot oder Hausboot befindet.\" \/>\n<meta name=\"robots\" content=\"index, follow, max-snippet:-1, max-image-preview:large, max-video-preview:-1\" \/>\n<link rel=\"canonical\" href=\"https:\/\/yachtcharterdedrait.nl\/de\/bootsausstattung\/\" \/>\n<meta property=\"og:locale\" content=\"de_DE\" \/>\n<meta property=\"og:type\" content=\"article\" \/>\n<meta property=\"og:title\" content=\"Bootsausstattung von der Yachten von Yachtcharter De Drait\" \/>\n<meta property=\"og:description\" content=\"Bootsausstattung: Auf unserer Website finden Sie eine Liste des Inventars, das sich auf Ihrem Motorboot oder Hausboot befindet.\" \/>\n<meta property=\"og:url\" content=\"https:\/\/yachtcharterdedrait.nl\/de\/bootsausstattung\/\" \/>\n<meta property=\"og:site_name\" content=\"Yachtcharter De Drait - Friesland, NL\" \/>\n<meta property=\"article:modified_time\" content=\"2026-01-30T15:49:29+00:00\" \/>\n<meta property=\"og:image\" content=\"https:\/\/yachtcharterdedrait.nl\/wp-content\/uploads\/2019\/09\/Mooiste-aanlegplaatsen.jpg\" \/>\n\t<meta property=\"og:image:width\" content=\"1920\" \/>\n\t<meta property=\"og:image:height\" content=\"378\" \/>\n\t<meta property=\"og:image:type\" content=\"image\/jpeg\" \/>\n<meta name=\"twitter:card\" content=\"summary_large_image\" \/>\n<meta name=\"twitter:label1\" content=\"Gesch\u00e4tzte Lesezeit\" \/>\n\t<meta name=\"twitter:data1\" content=\"2\u00a0Minuten\" \/>\n<script type=\"application\/ld+json\" class=\"yoast-schema-graph\">{\"@context\":\"https:\/\/schema.org\",\"@graph\":[{\"@type\":\"WebPage\",\"@id\":\"https:\/\/yachtcharterdedrait.nl\/de\/bootsausstattung\/\",\"url\":\"https:\/\/yachtcharterdedrait.nl\/de\/bootsausstattung\/\",\"name\":\"Bootsausstattung von der Yachten von Yachtcharter De Drait\",\"isPartOf\":{\"@id\":\"https:\/\/yachtcharterdedrait.nl\/#website\"},\"primaryImageOfPage\":{\"@id\":\"https:\/\/yachtcharterdedrait.nl\/de\/bootsausstattung\/#primaryimage\"},\"image\":{\"@id\":\"https:\/\/yachtcharterdedrait.nl\/de\/bootsausstattung\/#primaryimage\"},\"thumbnailUrl\":\"https:\/\/yachtcharterdedrait.nl\/wp-content\/uploads\/2019\/09\/Mooiste-aanlegplaatsen.jpg\",\"datePublished\":\"2019-09-06T10:06:58+00:00\",\"dateModified\":\"2026-01-30T15:49:29+00:00\",\"description\":\"Bootsausstattung: Auf unserer Website finden Sie eine Liste des Inventars, das sich auf Ihrem Motorboot oder Hausboot befindet.\",\"breadcrumb\":{\"@id\":\"https:\/\/yachtcharterdedrait.nl\/de\/bootsausstattung\/#breadcrumb\"},\"inLanguage\":\"de\",\"potentialAction\":[{\"@type\":\"ReadAction\",\"target\":[\"https:\/\/yachtcharterdedrait.nl\/de\/bootsausstattung\/\"]}]},{\"@type\":\"ImageObject\",\"inLanguage\":\"de\",\"@id\":\"https:\/\/yachtcharterdedrait.nl\/de\/bootsausstattung\/#primaryimage\",\"url\":\"https:\/\/yachtcharterdedrait.nl\/wp-content\/uploads\/2019\/09\/Mooiste-aanlegplaatsen.jpg\",\"contentUrl\":\"https:\/\/yachtcharterdedrait.nl\/wp-content\/uploads\/2019\/09\/Mooiste-aanlegplaatsen.jpg\",\"width\":1920,\"height\":378},{\"@type\":\"BreadcrumbList\",\"@id\":\"https:\/\/yachtcharterdedrait.nl\/de\/bootsausstattung\/#breadcrumb\",\"itemListElement\":[{\"@type\":\"ListItem\",\"position\":1,\"name\":\"Home\",\"item\":\"https:\/\/yachtcharterdedrait.nl\/de\/\"},{\"@type\":\"ListItem\",\"position\":2,\"name\":\"Bootsausstattung\"}]},{\"@type\":\"WebSite\",\"@id\":\"https:\/\/yachtcharterdedrait.nl\/#website\",\"url\":\"https:\/\/yachtcharterdedrait.nl\/\",\"name\":\"Yachtcharter De Drait - Friesland, NL\",\"description\":\"Mieten Sie sich ein Boot f\u00fcr Ihren Traumurlaub\",\"potentialAction\":[{\"@type\":\"SearchAction\",\"target\":{\"@type\":\"EntryPoint\",\"urlTemplate\":\"https:\/\/yachtcharterdedrait.nl\/?s={search_term_string}\"},\"query-input\":{\"@type\":\"PropertyValueSpecification\",\"valueRequired\":true,\"valueName\":\"search_term_string\"}}],\"inLanguage\":\"de\"}]}<\/script>\n<!-- \/ Yoast SEO plugin. -->","yoast_head_json":{"title":"Bootsausstattung von der Yachten von Yachtcharter De Drait","description":"Bootsausstattung: Auf unserer Website finden Sie eine Liste des Inventars, das sich auf Ihrem Motorboot oder Hausboot befindet.","robots":{"index":"index","follow":"follow","max-snippet":"max-snippet:-1","max-image-preview":"max-image-preview:large","max-video-preview":"max-video-preview:-1"},"canonical":"https:\/\/yachtcharterdedrait.nl\/de\/bootsausstattung\/","og_locale":"de_DE","og_type":"article","og_title":"Bootsausstattung von der Yachten von Yachtcharter De Drait","og_description":"Bootsausstattung: Auf unserer Website finden Sie eine Liste des Inventars, das sich auf Ihrem Motorboot oder Hausboot befindet.","og_url":"https:\/\/yachtcharterdedrait.nl\/de\/bootsausstattung\/","og_site_name":"Yachtcharter De Drait - Friesland, NL","article_modified_time":"2026-01-30T15:49:29+00:00","og_image":[{"width":1920,"height":378,"url":"https:\/\/yachtcharterdedrait.nl\/wp-content\/uploads\/2019\/09\/Mooiste-aanlegplaatsen.jpg","type":"image\/jpeg"}],"twitter_card":"summary_large_image","twitter_misc":{"Gesch\u00e4tzte Lesezeit":"2\u00a0Minuten"},"schema":{"@context":"https:\/\/schema.org","@graph":[{"@type":"WebPage","@id":"https:\/\/yachtcharterdedrait.nl\/de\/bootsausstattung\/","url":"https:\/\/yachtcharterdedrait.nl\/de\/bootsausstattung\/","name":"Bootsausstattung von der Yachten von Yachtcharter De Drait","isPartOf":{"@id":"https:\/\/yachtcharterdedrait.nl\/#website"},"primaryImageOfPage":{"@id":"https:\/\/yachtcharterdedrait.nl\/de\/bootsausstattung\/#primaryimage"},"image":{"@id":"https:\/\/yachtcharterdedrait.nl\/de\/bootsausstattung\/#primaryimage"},"thumbnailUrl":"https:\/\/yachtcharterdedrait.nl\/wp-content\/uploads\/2019\/09\/Mooiste-aanlegplaatsen.jpg","datePublished":"2019-09-06T10:06:58+00:00","dateModified":"2026-01-30T15:49:29+00:00","description":"Bootsausstattung: Auf unserer Website finden Sie eine Liste des Inventars, das sich auf Ihrem Motorboot oder Hausboot befindet.","breadcrumb":{"@id":"https:\/\/yachtcharterdedrait.nl\/de\/bootsausstattung\/#breadcrumb"},"inLanguage":"de","potentialAction":[{"@type":"ReadAction","target":["https:\/\/yachtcharterdedrait.nl\/de\/bootsausstattung\/"]}]},{"@type":"ImageObject","inLanguage":"de","@id":"https:\/\/yachtcharterdedrait.nl\/de\/bootsausstattung\/#primaryimage","url":"https:\/\/yachtcharterdedrait.nl\/wp-content\/uploads\/2019\/09\/Mooiste-aanlegplaatsen.jpg","contentUrl":"https:\/\/yachtcharterdedrait.nl\/wp-content\/uploads\/2019\/09\/Mooiste-aanlegplaatsen.jpg","width":1920,"height":378},{"@type":"BreadcrumbList","@id":"https:\/\/yachtcharterdedrait.nl\/de\/bootsausstattung\/#breadcrumb","itemListElement":[{"@type":"ListItem","position":1,"name":"Home","item":"https:\/\/yachtcharterdedrait.nl\/de\/"},{"@type":"ListItem","position":2,"name":"Bootsausstattung"}]},{"@type":"WebSite","@id":"https:\/\/yachtcharterdedrait.nl\/#website","url":"https:\/\/yachtcharterdedrait.nl\/","name":"Yachtcharter De Drait - Friesland, NL","description":"Mieten Sie sich ein Boot f\u00fcr Ihren Traumurlaub","potentialAction":[{"@type":"SearchAction","target":{"@type":"EntryPoint","urlTemplate":"https:\/\/yachtcharterdedrait.nl\/?s={search_term_string}"},"query-input":{"@type":"PropertyValueSpecification","valueRequired":true,"valueName":"search_term_string"}}],"inLanguage":"de"}]}},"_links":{"self":[{"href":"https:\/\/yachtcharterdedrait.nl\/de\/wp-json\/wp\/v2\/pages\/891","targetHints":{"allow":["GET"]}}],"collection":[{"href":"https:\/\/yachtcharterdedrait.nl\/de\/wp-json\/wp\/v2\/pages"}],"about":[{"href":"https:\/\/yachtcharterdedrait.nl\/de\/wp-json\/wp\/v2\/types\/page"}],"author":[{"embeddable":true,"href":"https:\/\/yachtcharterdedrait.nl\/de\/wp-json\/wp\/v2\/users\/2"}],"replies":[{"embeddable":true,"href":"https:\/\/yachtcharterdedrait.nl\/de\/wp-json\/wp\/v2\/comments?post=891"}],"version-history":[{"count":6,"href":"https:\/\/yachtcharterdedrait.nl\/de\/wp-json\/wp\/v2\/pages\/891\/revisions"}],"predecessor-version":[{"id":12810,"href":"https:\/\/yachtcharterdedrait.nl\/de\/wp-json\/wp\/v2\/pages\/891\/revisions\/12810"}],"wp:featuredmedia":[{"embeddable":true,"href":"https:\/\/yachtcharterdedrait.nl\/de\/wp-json\/wp\/v2\/media\/1767"}],"wp:attachment":[{"href":"https:\/\/yachtcharterdedrait.nl\/de\/wp-json\/wp\/v2\/media?parent=891"}],"curies":[{"name":"wp","href":"https:\/\/api.w.org\/{rel}","templated":true}]}}