{"id":899,"date":"2019-09-06T10:08:13","date_gmt":"2019-09-06T10:08:13","guid":{"rendered":"http:\/\/dedrait.convident.website\/in-en-uitchecken\/"},"modified":"2025-10-06T14:37:37","modified_gmt":"2025-10-06T14:37:37","slug":"ein-und-auschecken","status":"publish","type":"page","link":"https:\/\/yachtcharterdedrait.nl\/de\/ein-und-auschecken\/","title":{"rendered":"Ein- und Auschecken"},"content":{"rendered":"\r\n<h2 class=\"wp-block-heading\">Einchecken<\/h2>\r\n\r\n\r\n\r\n<h4 class=\"wp-block-heading\">Ankunft am Yachthafen<\/h4>\r\n\r\n\r\n\r\n<p>Nachdem Sie Ihr Boot erfolgreich bei uns gebucht haben, schicken wir Ihnen eine Buchungsbest\u00e4tigung per E-Mail. Auf der Buchungsbest\u00e4tigung steht wann Sie an Bord kommen k\u00f6nnen. Parken Sie Ihr Auto auf unseren Gel\u00e4nde. Wenn das Boot schon fertig ist nach der Check-in, dann k\u00f6nnen Sie gerne das Boot schon beladen. Auf unserem Betriebsgel\u00e4nde in Woudsend und Drachten kostet das Parken 5 \u20ac pro Tag, 15 \u20ac pro Wochenende \/ Kurzwoche und 25 \u20ac pro Woche (\u00fcberdachtes Parken: 15 \u20ac pro Tag, 75 \u20ac pro Woche).\u00a0<\/p>\r\n\r\n\r\n\r\n<h4 class=\"wp-block-heading\">Einweisung<\/h4>\r\n\r\n\r\n\r\n<p>Nach Ihrer Ankunft folgt die Einweisung auf Ihrem Boot. Wir machen Sie dann mit der Bedienung und Steuerung des Bootes vertraut und beantworten all Ihre Fragen. Die Einweisungen finden bis 17.00 statt. Falls Sie sp\u00e4ter bei uns ankommen, bitten wir Sie uns fr\u00fchzeitig telefonisch zu benachrichtigen. Oder schicken Sie uns eine E-Mail mit Ihrer Reservierungsnummer an <a href=\"mailto:contact@dedrait.com\">contact@dedrait.com<\/a>. Die Einweisung findet dann am folgenden Tag statt.<\/p>\r\n\r\n\r\n\r\n<h4 class=\"wp-block-heading\">Fahrtrouten<\/h4>\r\n\r\n\r\n\r\n<p>Auf allen Booten finden Sie Wasserkarten f\u00fcr das Norden von den Niederlande. Suchen Sie ein wenig Inspiration? F\u00fcr einen gelungenen Urlaub haben wir zahlreiche Fahrtrouten entlang wundersch\u00f6ner Wasserwege, Naturgebiete und Sehensw\u00fcrdigkeiten erstellt. Wir helfen Ihnen gerne bei der Planung die am besten zu Ihren W\u00fcnschen passt. Mehr Informationen \u00fcber Ausflugsziele und Fahrtrouten in Friesland finden Sie <a href=\"https:\/\/yachtcharterdedrait.nl\/de\/fahrrouten\/\">hier<\/a>.<\/p>\r\n\r\n\r\n\r\n<h4 class=\"wp-block-heading\">Einkaufsm\u00f6glichkeiten<\/h4>\r\n\r\n\r\n\r\n<p>Noch kein Proviant an Bord? Kein Problem! Hier finden Sie den n\u00e4chsten Supermarkt:<\/p>\r\n\r\n\r\n\r\n<ul class=\"wp-block-list\">\r\n<li>In Drachten liegt das Einkaufszentrum \u2018De Drait\u2019 nur <a href=\"https:\/\/www.google.de\/maps\/dir\/Jachthaven+Drachten+de+Drait,+Drachten\/Jumbo,+Eems+30,+9204+JX+Drachten\/@53.0995789,6.0255595,13z\/data=!3m1!4b1!4m14!4m13!1m5!1m1!1s0x47c850f8a6efbe25:0xfaa8da0977475d07!2m2!1d6.0454734!2d53.1015719!1m5!1m1!1s0x47c8503637bdde6d:0x6c879d1ba7eaf50f!2m2!1d6.0741843!2d53.0988506!3e0\">6 minuten mit dem Auto<\/a> vom Yachthafen entfernt. Hier finden Sie unter anderem auch einen Geldautomaten und eine Drogerie. (2 km)<\/li>\r\n<li>In Woudsend befindet sich der Supermarkt (Spar) nur <a href=\"https:\/\/www.google.de\/maps\/dir\/De+Zwaan+20,+Woudsend\/SPAR+Kraakman,+Op'e+Romte,+Woudsend\/@52.9418185,5.6230265,15z\/data=!3m2!4b1!5s0x47c8503630d72bc9:0x596d89b23495a41c!4m14!4m13!1m5!1m1!1s0x47c8f28fdb817d11:0x827e7b8b85e730af!2m2!1d5.6417577!2d52.9449306!1m5!1m1!1s0x47c8f29d24aedfa3:0x4f91d7eb674918bb!2m2!1d5.6283068!2d52.9440932!3e0?entry=ttu&amp;g_ep=EgoyMDI1MDUxMS4wIKXMDSoASAFQAw%3D%3D\">6 minuten mit dem Auto<\/a> von unserem Yachthafen entfernt, im Zentrum Woudsend. Sie k\u00f6nnen Ihre <a href=\"https:\/\/www.spar.nl\/winkels\/spar-kraakman-824\/\">Eink\u00e4ufe<\/a> auch direkt an den Yachthafen liefern lassen.\u00a0<\/li>\r\n\r\n\r\n<\/ul>\r\n\r\n\r\n\r\n<h2 class=\"wp-block-heading\">Auschecken<\/h2>\r\n\r\n\r\n\r\n<h3 class=\"wp-block-heading\">R\u00fcckkehr und Abgabe<\/h3>\r\n\r\n\r\n\r\n<p>Bei Ihrer R\u00fcckkehr legen Sie Ihr Boot einfach an einem der freien Pl\u00e4tze am Bootssteg an. Unser Hafenmeister k\u00fcmmert sich um das betanken des Bootes. Bitte verlassen Sie das Boot p\u00fcnktlich vor der auf der Buchungsbest\u00e4tigung angegebenen Zeit, damit wir unser Boot f\u00fcr die n\u00e4chste Fahrt fertig machen k\u00f6nnen.<\/p>\r\n\r\n\r\n\r\n<h3 class=\"wp-block-heading\">Endabrechnung<\/h3>\r\n\r\n\r\n\r\n<p>Sie haben Ihr Boot abgegeben und sind bereit f\u00fcr die Heimreise? Im Hafenb\u00fcro erhalten Sie von uns eine Endabrechnung. Eventuell anfallende Kosten werden mit der Kautionssumme verrechnet.\u00a0 Im Hafenb\u00fcro ist es m\u00f6glich bar oder mit EC Karte zu zahlen.<\/p>\r\n","protected":false},"excerpt":{"rendered":"<p>Einchecken Ankunft am Yachthafen Nachdem Sie Ihr Boot erfolgreich bei uns gebucht haben, schicken wir Ihnen eine Buchungsbest\u00e4tigung per E-Mail. Auf der Buchungsbest\u00e4tigung steht wann Sie an Bord kommen k\u00f6nnen. Parken Sie Ihr Auto auf unseren Gel\u00e4nde. Wenn das Boot schon fertig ist nach der Check-in, dann k\u00f6nnen Sie gerne das Boot schon beladen. Auf [&hellip;]<\/p>\n","protected":false},"author":2,"featured_media":1640,"parent":0,"menu_order":0,"comment_status":"closed","ping_status":"closed","template":"","meta":{"inline_featured_image":false,"footnotes":""},"class_list":["post-899","page","type-page","status-publish","has-post-thumbnail","hentry"],"yoast_head":"<!-- This site is optimized with the Yoast SEO plugin v27.1.1 - https:\/\/yoast.com\/product\/yoast-seo-wordpress\/ -->\n<title>Mehr Infos \u00fcber Ein- und Auschecken bei Yachtcharter De Drait<\/title>\n<meta name=\"description\" content=\"Hier finden Sie mehr Informationen \u00fcber Ein- und Auschecken bei das Anmieten von ein Motoryacht oder Hausboot von Yachtcharter De Drait.\" \/>\n<meta name=\"robots\" content=\"index, follow, max-snippet:-1, max-image-preview:large, max-video-preview:-1\" \/>\n<link rel=\"canonical\" href=\"https:\/\/yachtcharterdedrait.nl\/de\/ein-und-auschecken\/\" \/>\n<meta property=\"og:locale\" content=\"de_DE\" \/>\n<meta property=\"og:type\" content=\"article\" \/>\n<meta property=\"og:title\" content=\"Mehr Infos \u00fcber Ein- und Auschecken bei Yachtcharter De Drait\" \/>\n<meta property=\"og:description\" content=\"Hier finden Sie mehr Informationen \u00fcber Ein- und Auschecken bei das Anmieten von ein Motoryacht oder Hausboot von Yachtcharter De Drait.\" \/>\n<meta property=\"og:url\" content=\"https:\/\/yachtcharterdedrait.nl\/de\/ein-und-auschecken\/\" \/>\n<meta property=\"og:site_name\" content=\"Yachtcharter De Drait - Friesland, NL\" \/>\n<meta property=\"article:modified_time\" content=\"2025-10-06T14:37:37+00:00\" \/>\n<meta property=\"og:image\" content=\"https:\/\/yachtcharterdedrait.nl\/wp-content\/uploads\/2019\/10\/Check-in-check-out.jpg\" \/>\n\t<meta property=\"og:image:width\" content=\"1920\" \/>\n\t<meta property=\"og:image:height\" content=\"378\" \/>\n\t<meta property=\"og:image:type\" content=\"image\/jpeg\" \/>\n<meta name=\"twitter:card\" content=\"summary_large_image\" \/>\n<meta name=\"twitter:label1\" content=\"Gesch\u00e4tzte Lesezeit\" \/>\n\t<meta name=\"twitter:data1\" content=\"3\u00a0Minuten\" \/>\n<script type=\"application\/ld+json\" class=\"yoast-schema-graph\">{\"@context\":\"https:\/\/schema.org\",\"@graph\":[{\"@type\":\"WebPage\",\"@id\":\"https:\/\/yachtcharterdedrait.nl\/de\/ein-und-auschecken\/\",\"url\":\"https:\/\/yachtcharterdedrait.nl\/de\/ein-und-auschecken\/\",\"name\":\"Mehr Infos \u00fcber Ein- und Auschecken bei Yachtcharter De Drait\",\"isPartOf\":{\"@id\":\"https:\/\/yachtcharterdedrait.nl\/#website\"},\"primaryImageOfPage\":{\"@id\":\"https:\/\/yachtcharterdedrait.nl\/de\/ein-und-auschecken\/#primaryimage\"},\"image\":{\"@id\":\"https:\/\/yachtcharterdedrait.nl\/de\/ein-und-auschecken\/#primaryimage\"},\"thumbnailUrl\":\"https:\/\/yachtcharterdedrait.nl\/wp-content\/uploads\/2019\/10\/Check-in-check-out.jpg\",\"datePublished\":\"2019-09-06T10:08:13+00:00\",\"dateModified\":\"2025-10-06T14:37:37+00:00\",\"description\":\"Hier finden Sie mehr Informationen \u00fcber Ein- und Auschecken bei das Anmieten von ein Motoryacht oder Hausboot von Yachtcharter De Drait.\",\"breadcrumb\":{\"@id\":\"https:\/\/yachtcharterdedrait.nl\/de\/ein-und-auschecken\/#breadcrumb\"},\"inLanguage\":\"de\",\"potentialAction\":[{\"@type\":\"ReadAction\",\"target\":[\"https:\/\/yachtcharterdedrait.nl\/de\/ein-und-auschecken\/\"]}]},{\"@type\":\"ImageObject\",\"inLanguage\":\"de\",\"@id\":\"https:\/\/yachtcharterdedrait.nl\/de\/ein-und-auschecken\/#primaryimage\",\"url\":\"https:\/\/yachtcharterdedrait.nl\/wp-content\/uploads\/2019\/10\/Check-in-check-out.jpg\",\"contentUrl\":\"https:\/\/yachtcharterdedrait.nl\/wp-content\/uploads\/2019\/10\/Check-in-check-out.jpg\",\"width\":1920,\"height\":378},{\"@type\":\"BreadcrumbList\",\"@id\":\"https:\/\/yachtcharterdedrait.nl\/de\/ein-und-auschecken\/#breadcrumb\",\"itemListElement\":[{\"@type\":\"ListItem\",\"position\":1,\"name\":\"Home\",\"item\":\"https:\/\/yachtcharterdedrait.nl\/de\/\"},{\"@type\":\"ListItem\",\"position\":2,\"name\":\"Ein- und Auschecken\"}]},{\"@type\":\"WebSite\",\"@id\":\"https:\/\/yachtcharterdedrait.nl\/#website\",\"url\":\"https:\/\/yachtcharterdedrait.nl\/\",\"name\":\"Yachtcharter De Drait - Friesland, NL\",\"description\":\"Mieten Sie sich ein Boot f\u00fcr Ihren Traumurlaub\",\"potentialAction\":[{\"@type\":\"SearchAction\",\"target\":{\"@type\":\"EntryPoint\",\"urlTemplate\":\"https:\/\/yachtcharterdedrait.nl\/?s={search_term_string}\"},\"query-input\":{\"@type\":\"PropertyValueSpecification\",\"valueRequired\":true,\"valueName\":\"search_term_string\"}}],\"inLanguage\":\"de\"}]}<\/script>\n<!-- \/ Yoast SEO plugin. -->","yoast_head_json":{"title":"Mehr Infos \u00fcber Ein- und Auschecken bei Yachtcharter De Drait","description":"Hier finden Sie mehr Informationen \u00fcber Ein- und Auschecken bei das Anmieten von ein Motoryacht oder Hausboot von Yachtcharter De Drait.","robots":{"index":"index","follow":"follow","max-snippet":"max-snippet:-1","max-image-preview":"max-image-preview:large","max-video-preview":"max-video-preview:-1"},"canonical":"https:\/\/yachtcharterdedrait.nl\/de\/ein-und-auschecken\/","og_locale":"de_DE","og_type":"article","og_title":"Mehr Infos \u00fcber Ein- und Auschecken bei Yachtcharter De Drait","og_description":"Hier finden Sie mehr Informationen \u00fcber Ein- und Auschecken bei das Anmieten von ein Motoryacht oder Hausboot von Yachtcharter De Drait.","og_url":"https:\/\/yachtcharterdedrait.nl\/de\/ein-und-auschecken\/","og_site_name":"Yachtcharter De Drait - Friesland, NL","article_modified_time":"2025-10-06T14:37:37+00:00","og_image":[{"width":1920,"height":378,"url":"https:\/\/yachtcharterdedrait.nl\/wp-content\/uploads\/2019\/10\/Check-in-check-out.jpg","type":"image\/jpeg"}],"twitter_card":"summary_large_image","twitter_misc":{"Gesch\u00e4tzte Lesezeit":"3\u00a0Minuten"},"schema":{"@context":"https:\/\/schema.org","@graph":[{"@type":"WebPage","@id":"https:\/\/yachtcharterdedrait.nl\/de\/ein-und-auschecken\/","url":"https:\/\/yachtcharterdedrait.nl\/de\/ein-und-auschecken\/","name":"Mehr Infos \u00fcber Ein- und Auschecken bei Yachtcharter De Drait","isPartOf":{"@id":"https:\/\/yachtcharterdedrait.nl\/#website"},"primaryImageOfPage":{"@id":"https:\/\/yachtcharterdedrait.nl\/de\/ein-und-auschecken\/#primaryimage"},"image":{"@id":"https:\/\/yachtcharterdedrait.nl\/de\/ein-und-auschecken\/#primaryimage"},"thumbnailUrl":"https:\/\/yachtcharterdedrait.nl\/wp-content\/uploads\/2019\/10\/Check-in-check-out.jpg","datePublished":"2019-09-06T10:08:13+00:00","dateModified":"2025-10-06T14:37:37+00:00","description":"Hier finden Sie mehr Informationen \u00fcber Ein- und Auschecken bei das Anmieten von ein Motoryacht oder Hausboot von Yachtcharter De Drait.","breadcrumb":{"@id":"https:\/\/yachtcharterdedrait.nl\/de\/ein-und-auschecken\/#breadcrumb"},"inLanguage":"de","potentialAction":[{"@type":"ReadAction","target":["https:\/\/yachtcharterdedrait.nl\/de\/ein-und-auschecken\/"]}]},{"@type":"ImageObject","inLanguage":"de","@id":"https:\/\/yachtcharterdedrait.nl\/de\/ein-und-auschecken\/#primaryimage","url":"https:\/\/yachtcharterdedrait.nl\/wp-content\/uploads\/2019\/10\/Check-in-check-out.jpg","contentUrl":"https:\/\/yachtcharterdedrait.nl\/wp-content\/uploads\/2019\/10\/Check-in-check-out.jpg","width":1920,"height":378},{"@type":"BreadcrumbList","@id":"https:\/\/yachtcharterdedrait.nl\/de\/ein-und-auschecken\/#breadcrumb","itemListElement":[{"@type":"ListItem","position":1,"name":"Home","item":"https:\/\/yachtcharterdedrait.nl\/de\/"},{"@type":"ListItem","position":2,"name":"Ein- und Auschecken"}]},{"@type":"WebSite","@id":"https:\/\/yachtcharterdedrait.nl\/#website","url":"https:\/\/yachtcharterdedrait.nl\/","name":"Yachtcharter De Drait - Friesland, NL","description":"Mieten Sie sich ein Boot f\u00fcr Ihren Traumurlaub","potentialAction":[{"@type":"SearchAction","target":{"@type":"EntryPoint","urlTemplate":"https:\/\/yachtcharterdedrait.nl\/?s={search_term_string}"},"query-input":{"@type":"PropertyValueSpecification","valueRequired":true,"valueName":"search_term_string"}}],"inLanguage":"de"}]}},"_links":{"self":[{"href":"https:\/\/yachtcharterdedrait.nl\/de\/wp-json\/wp\/v2\/pages\/899","targetHints":{"allow":["GET"]}}],"collection":[{"href":"https:\/\/yachtcharterdedrait.nl\/de\/wp-json\/wp\/v2\/pages"}],"about":[{"href":"https:\/\/yachtcharterdedrait.nl\/de\/wp-json\/wp\/v2\/types\/page"}],"author":[{"embeddable":true,"href":"https:\/\/yachtcharterdedrait.nl\/de\/wp-json\/wp\/v2\/users\/2"}],"replies":[{"embeddable":true,"href":"https:\/\/yachtcharterdedrait.nl\/de\/wp-json\/wp\/v2\/comments?post=899"}],"version-history":[{"count":2,"href":"https:\/\/yachtcharterdedrait.nl\/de\/wp-json\/wp\/v2\/pages\/899\/revisions"}],"predecessor-version":[{"id":11613,"href":"https:\/\/yachtcharterdedrait.nl\/de\/wp-json\/wp\/v2\/pages\/899\/revisions\/11613"}],"wp:featuredmedia":[{"embeddable":true,"href":"https:\/\/yachtcharterdedrait.nl\/de\/wp-json\/wp\/v2\/media\/1640"}],"wp:attachment":[{"href":"https:\/\/yachtcharterdedrait.nl\/de\/wp-json\/wp\/v2\/media?parent=899"}],"curies":[{"name":"wp","href":"https:\/\/api.w.org\/{rel}","templated":true}]}}