{"id":902,"date":"2019-09-06T10:08:55","date_gmt":"2019-09-06T10:08:55","guid":{"rendered":"http:\/\/dedrait.convident.website\/vaarroutes\/"},"modified":"2025-10-09T10:10:16","modified_gmt":"2025-10-09T10:10:16","slug":"fahrrouten","status":"publish","type":"page","link":"https:\/\/yachtcharterdedrait.nl\/de\/fahrrouten\/","title":{"rendered":"Fahrrouten in Friesland"},"content":{"rendered":"\r\n<p>Sie haben <a href=\"https:\/\/yachtcharterdedrait.nl\/de\/boot-mieten\/\">ein Boot gemietet<\/a>, <a href=\"https:\/\/yachtcharterdedrait.nl\/de\/packliste-was-sollten-sie-mitnehmen\/\">die Koffer gepackt<\/a>, haben <a href=\"https:\/\/yachtcharterdedrait.nl\/de\/ein-und-auschecken\/\">eingecheckt<\/a> und Ihre Fahreinweisung erhalten. Es kann losgehen! Aber wo soll es eigentlich hingehen?\u00a0<br \/><br \/>Unsere Yachth\u00e4fen in <a href=\"https:\/\/yachtcharterdedrait.nl\/de\/fahrtgebiet-friesland-niederlande\/\">Drachten<\/a>\u00a0und <a href=\"https:\/\/yachtcharterdedrait.nl\/de\/fahrgebiet-woudsend-niederlande-2\/\">Woudsend<\/a> sind ideale Abfahrtsorte f\u00fcr zahlreiche und vor allem vielseitige Fahrtrouten: idyllische Wasserwege durch die Natur, vorbei an bezaubernden kleinen D\u00f6rfern oder beeindruckende, lebhafte St\u00e4dte. Sie wollen beides? Kein Problem &#8211; kombinieren Sie beides in einer Route. Wir bieten kurze, lange und mittellange Touren an. Erstellen Sie sich Ihre Route nach Wunsch. F\u00fcr den Anf\u00e4nger und den erfahrenen Kapit\u00e4n &#8211; es ist f\u00fcr jeden etwas dabei!<\/p>\r\n\r\n\r\n\r\n<p>F\u00fcr mehr Information klicken Sie auf den Link der jeweiligen Region:<\/p>\r\n\r\n\r\n\r\n<ul class=\"wp-block-list\">\r\n<li style=\"list-style-type: none;\">\r\n<ul>\r\n<li><a href=\"https:\/\/yachtcharterdedrait.nl\/de\/fahrrouten-friesland-drachten\/\">Routen in und rundum Drachten (Friesland &amp; Niederlande)<\/a><\/li>\r\n<li><a href=\"https:\/\/yachtcharterdedrait.nl\/de\/fahrrouten-woudsend-friesland\/\">Routen in und rundum Woudsend (Friesland &amp; Niederlande)<\/a><\/li>\r\n<\/ul>\r\n<\/li>\r\n<\/ul>\r\n<p>&nbsp;<\/p>\r\n\r\n\r\n\r\n<p>Vor Ihrere Abfahrt erhalten Sie eine pers\u00f6nliche Fahreinweisung, bei der wir sie ausf\u00fchrlich mit Ihrem Boot vertraut machen. Die Einweisung wird durch einen fachkundigen Mitarbeiter durchgef\u00fchrt. Ein bisschen Brainstorming und Beratschlagen lohnt sich &#8211; unsere Mitarbeitern haben oft Geheimtipps oder kennen besonders sch\u00f6ne Fahrtziele &#8211; und vielleicht kommen Sie sogar auf ganz neue Ideen!<\/p>\r\n","protected":false},"excerpt":{"rendered":"<p>Sie haben ein Boot gemietet, die Koffer gepackt, haben eingecheckt und Ihre Fahreinweisung erhalten. Es kann losgehen! Aber wo soll es eigentlich hingehen?\u00a0 Unsere Yachth\u00e4fen in Drachten\u00a0und Woudsend sind ideale Abfahrtsorte f\u00fcr zahlreiche und vor allem vielseitige Fahrtrouten: idyllische Wasserwege durch die Natur, vorbei an bezaubernden kleinen D\u00f6rfern oder beeindruckende, lebhafte St\u00e4dte. Sie wollen beides? [&hellip;]<\/p>\n","protected":false},"author":2,"featured_media":1711,"parent":0,"menu_order":0,"comment_status":"closed","ping_status":"closed","template":"","meta":{"inline_featured_image":false,"footnotes":""},"class_list":["post-902","page","type-page","status-publish","has-post-thumbnail","hentry"],"yoast_head":"<!-- This site is optimized with the Yoast SEO plugin v27.1.1 - https:\/\/yoast.com\/product\/yoast-seo-wordpress\/ -->\n<title>Fahrrouten in Friesland - Yachtcharter De Drait<\/title>\n<meta name=\"description\" content=\"Haben Sie ein Boot bei Yachtcharter De Drait gemietet? Hier finden Sie Tipps f\u00fcr sch\u00f6ne Fahrrouten durch Friesland.\" \/>\n<meta name=\"robots\" content=\"index, follow, max-snippet:-1, max-image-preview:large, max-video-preview:-1\" \/>\n<link rel=\"canonical\" href=\"https:\/\/yachtcharterdedrait.nl\/de\/fahrrouten\/\" \/>\n<meta property=\"og:locale\" content=\"de_DE\" \/>\n<meta property=\"og:type\" content=\"article\" \/>\n<meta property=\"og:title\" content=\"Fahrrouten in Friesland - Yachtcharter De Drait\" \/>\n<meta property=\"og:description\" content=\"Haben Sie ein Boot bei Yachtcharter De Drait gemietet? Hier finden Sie Tipps f\u00fcr sch\u00f6ne Fahrrouten durch Friesland.\" \/>\n<meta property=\"og:url\" content=\"https:\/\/yachtcharterdedrait.nl\/de\/fahrrouten\/\" \/>\n<meta property=\"og:site_name\" content=\"Yachtcharter De Drait - Friesland, NL\" \/>\n<meta property=\"article:modified_time\" content=\"2025-10-09T10:10:16+00:00\" \/>\n<meta property=\"og:image\" content=\"https:\/\/yachtcharterdedrait.nl\/wp-content\/uploads\/2019\/10\/Advantage-42.jpg\" \/>\n\t<meta property=\"og:image:width\" content=\"1920\" \/>\n\t<meta property=\"og:image:height\" content=\"378\" \/>\n\t<meta property=\"og:image:type\" content=\"image\/jpeg\" \/>\n<meta name=\"twitter:card\" content=\"summary_large_image\" \/>\n<meta name=\"twitter:label1\" content=\"Gesch\u00e4tzte Lesezeit\" \/>\n\t<meta name=\"twitter:data1\" content=\"2\u00a0Minuten\" \/>\n<script type=\"application\/ld+json\" class=\"yoast-schema-graph\">{\"@context\":\"https:\/\/schema.org\",\"@graph\":[{\"@type\":\"WebPage\",\"@id\":\"https:\/\/yachtcharterdedrait.nl\/de\/fahrrouten\/\",\"url\":\"https:\/\/yachtcharterdedrait.nl\/de\/fahrrouten\/\",\"name\":\"Fahrrouten in Friesland - Yachtcharter De Drait\",\"isPartOf\":{\"@id\":\"https:\/\/yachtcharterdedrait.nl\/#website\"},\"primaryImageOfPage\":{\"@id\":\"https:\/\/yachtcharterdedrait.nl\/de\/fahrrouten\/#primaryimage\"},\"image\":{\"@id\":\"https:\/\/yachtcharterdedrait.nl\/de\/fahrrouten\/#primaryimage\"},\"thumbnailUrl\":\"https:\/\/yachtcharterdedrait.nl\/wp-content\/uploads\/2019\/10\/Advantage-42.jpg\",\"datePublished\":\"2019-09-06T10:08:55+00:00\",\"dateModified\":\"2025-10-09T10:10:16+00:00\",\"description\":\"Haben Sie ein Boot bei Yachtcharter De Drait gemietet? Hier finden Sie Tipps f\u00fcr sch\u00f6ne Fahrrouten durch Friesland.\",\"breadcrumb\":{\"@id\":\"https:\/\/yachtcharterdedrait.nl\/de\/fahrrouten\/#breadcrumb\"},\"inLanguage\":\"de\",\"potentialAction\":[{\"@type\":\"ReadAction\",\"target\":[\"https:\/\/yachtcharterdedrait.nl\/de\/fahrrouten\/\"]}]},{\"@type\":\"ImageObject\",\"inLanguage\":\"de\",\"@id\":\"https:\/\/yachtcharterdedrait.nl\/de\/fahrrouten\/#primaryimage\",\"url\":\"https:\/\/yachtcharterdedrait.nl\/wp-content\/uploads\/2019\/10\/Advantage-42.jpg\",\"contentUrl\":\"https:\/\/yachtcharterdedrait.nl\/wp-content\/uploads\/2019\/10\/Advantage-42.jpg\",\"width\":1920,\"height\":378},{\"@type\":\"BreadcrumbList\",\"@id\":\"https:\/\/yachtcharterdedrait.nl\/de\/fahrrouten\/#breadcrumb\",\"itemListElement\":[{\"@type\":\"ListItem\",\"position\":1,\"name\":\"Home\",\"item\":\"https:\/\/yachtcharterdedrait.nl\/de\/\"},{\"@type\":\"ListItem\",\"position\":2,\"name\":\"Fahrrouten in Friesland\"}]},{\"@type\":\"WebSite\",\"@id\":\"https:\/\/yachtcharterdedrait.nl\/#website\",\"url\":\"https:\/\/yachtcharterdedrait.nl\/\",\"name\":\"Yachtcharter De Drait - Friesland, NL\",\"description\":\"Mieten Sie sich ein Boot f\u00fcr Ihren Traumurlaub\",\"potentialAction\":[{\"@type\":\"SearchAction\",\"target\":{\"@type\":\"EntryPoint\",\"urlTemplate\":\"https:\/\/yachtcharterdedrait.nl\/?s={search_term_string}\"},\"query-input\":{\"@type\":\"PropertyValueSpecification\",\"valueRequired\":true,\"valueName\":\"search_term_string\"}}],\"inLanguage\":\"de\"}]}<\/script>\n<!-- \/ Yoast SEO plugin. -->","yoast_head_json":{"title":"Fahrrouten in Friesland - Yachtcharter De Drait","description":"Haben Sie ein Boot bei Yachtcharter De Drait gemietet? Hier finden Sie Tipps f\u00fcr sch\u00f6ne Fahrrouten durch Friesland.","robots":{"index":"index","follow":"follow","max-snippet":"max-snippet:-1","max-image-preview":"max-image-preview:large","max-video-preview":"max-video-preview:-1"},"canonical":"https:\/\/yachtcharterdedrait.nl\/de\/fahrrouten\/","og_locale":"de_DE","og_type":"article","og_title":"Fahrrouten in Friesland - Yachtcharter De Drait","og_description":"Haben Sie ein Boot bei Yachtcharter De Drait gemietet? Hier finden Sie Tipps f\u00fcr sch\u00f6ne Fahrrouten durch Friesland.","og_url":"https:\/\/yachtcharterdedrait.nl\/de\/fahrrouten\/","og_site_name":"Yachtcharter De Drait - Friesland, NL","article_modified_time":"2025-10-09T10:10:16+00:00","og_image":[{"width":1920,"height":378,"url":"https:\/\/yachtcharterdedrait.nl\/wp-content\/uploads\/2019\/10\/Advantage-42.jpg","type":"image\/jpeg"}],"twitter_card":"summary_large_image","twitter_misc":{"Gesch\u00e4tzte Lesezeit":"2\u00a0Minuten"},"schema":{"@context":"https:\/\/schema.org","@graph":[{"@type":"WebPage","@id":"https:\/\/yachtcharterdedrait.nl\/de\/fahrrouten\/","url":"https:\/\/yachtcharterdedrait.nl\/de\/fahrrouten\/","name":"Fahrrouten in Friesland - Yachtcharter De Drait","isPartOf":{"@id":"https:\/\/yachtcharterdedrait.nl\/#website"},"primaryImageOfPage":{"@id":"https:\/\/yachtcharterdedrait.nl\/de\/fahrrouten\/#primaryimage"},"image":{"@id":"https:\/\/yachtcharterdedrait.nl\/de\/fahrrouten\/#primaryimage"},"thumbnailUrl":"https:\/\/yachtcharterdedrait.nl\/wp-content\/uploads\/2019\/10\/Advantage-42.jpg","datePublished":"2019-09-06T10:08:55+00:00","dateModified":"2025-10-09T10:10:16+00:00","description":"Haben Sie ein Boot bei Yachtcharter De Drait gemietet? Hier finden Sie Tipps f\u00fcr sch\u00f6ne Fahrrouten durch Friesland.","breadcrumb":{"@id":"https:\/\/yachtcharterdedrait.nl\/de\/fahrrouten\/#breadcrumb"},"inLanguage":"de","potentialAction":[{"@type":"ReadAction","target":["https:\/\/yachtcharterdedrait.nl\/de\/fahrrouten\/"]}]},{"@type":"ImageObject","inLanguage":"de","@id":"https:\/\/yachtcharterdedrait.nl\/de\/fahrrouten\/#primaryimage","url":"https:\/\/yachtcharterdedrait.nl\/wp-content\/uploads\/2019\/10\/Advantage-42.jpg","contentUrl":"https:\/\/yachtcharterdedrait.nl\/wp-content\/uploads\/2019\/10\/Advantage-42.jpg","width":1920,"height":378},{"@type":"BreadcrumbList","@id":"https:\/\/yachtcharterdedrait.nl\/de\/fahrrouten\/#breadcrumb","itemListElement":[{"@type":"ListItem","position":1,"name":"Home","item":"https:\/\/yachtcharterdedrait.nl\/de\/"},{"@type":"ListItem","position":2,"name":"Fahrrouten in Friesland"}]},{"@type":"WebSite","@id":"https:\/\/yachtcharterdedrait.nl\/#website","url":"https:\/\/yachtcharterdedrait.nl\/","name":"Yachtcharter De Drait - Friesland, NL","description":"Mieten Sie sich ein Boot f\u00fcr Ihren Traumurlaub","potentialAction":[{"@type":"SearchAction","target":{"@type":"EntryPoint","urlTemplate":"https:\/\/yachtcharterdedrait.nl\/?s={search_term_string}"},"query-input":{"@type":"PropertyValueSpecification","valueRequired":true,"valueName":"search_term_string"}}],"inLanguage":"de"}]}},"_links":{"self":[{"href":"https:\/\/yachtcharterdedrait.nl\/de\/wp-json\/wp\/v2\/pages\/902","targetHints":{"allow":["GET"]}}],"collection":[{"href":"https:\/\/yachtcharterdedrait.nl\/de\/wp-json\/wp\/v2\/pages"}],"about":[{"href":"https:\/\/yachtcharterdedrait.nl\/de\/wp-json\/wp\/v2\/types\/page"}],"author":[{"embeddable":true,"href":"https:\/\/yachtcharterdedrait.nl\/de\/wp-json\/wp\/v2\/users\/2"}],"replies":[{"embeddable":true,"href":"https:\/\/yachtcharterdedrait.nl\/de\/wp-json\/wp\/v2\/comments?post=902"}],"version-history":[{"count":4,"href":"https:\/\/yachtcharterdedrait.nl\/de\/wp-json\/wp\/v2\/pages\/902\/revisions"}],"predecessor-version":[{"id":11629,"href":"https:\/\/yachtcharterdedrait.nl\/de\/wp-json\/wp\/v2\/pages\/902\/revisions\/11629"}],"wp:featuredmedia":[{"embeddable":true,"href":"https:\/\/yachtcharterdedrait.nl\/de\/wp-json\/wp\/v2\/media\/1711"}],"wp:attachment":[{"href":"https:\/\/yachtcharterdedrait.nl\/de\/wp-json\/wp\/v2\/media?parent=902"}],"curies":[{"name":"wp","href":"https:\/\/api.w.org\/{rel}","templated":true}]}}