{"id":908,"date":"2019-09-06T10:09:10","date_gmt":"2019-09-06T10:09:10","guid":{"rendered":"http:\/\/dedrait.convident.website\/vaarroutes-drachten-nl\/"},"modified":"2025-05-15T12:47:46","modified_gmt":"2025-05-15T12:47:46","slug":"fahrrouten-friesland-drachten","status":"publish","type":"page","link":"https:\/\/yachtcharterdedrait.nl\/de\/fahrrouten-friesland-drachten\/","title":{"rendered":"Fahrrouten ab Drachten (Friesland &#8211; Niederlande)"},"content":{"rendered":"\r\n<h2 class=\"wp-block-heading\"><\/h2>\r\n<h2 class=\"wp-block-heading\" data-start=\"159\" data-end=\"234\">Bootfahren in Friesland: Entdecken Sie die sch\u00f6nsten Fahrrouten ab Drachten<\/h2>\r\n<p class=\"\" data-start=\"228\" data-end=\"872\">Bootfahren in Friesland ist ein besonderes Erlebnis. Die Provinz ist bekannt f\u00fcr ihre weitl\u00e4ufigen Friesischen Seen \u2013 rund drei\u00dfig miteinander verbundene Gew\u00e4sser, verbunden durch Kan\u00e4le, Gr\u00e4ben und Teiche. Diese einzigartige Wasserlandschaft macht Friesland zu einem idealen Revier f\u00fcr Wassersportbegeisterte. Die Region erm\u00f6glicht durchgehendes Fahren ohne Unterbrechungen \u2013 begleitet von der beeindruckenden Natur, der reichen Kultur und der Geschichte der Provinz. In St\u00e4dten und D\u00f6rfern finden Sie zahlreiche Anlegestellen und Yachth\u00e4fen. In l\u00e4ndlichen Gebieten k\u00f6nnen Sie zudem die freien Liegepl\u00e4tze der Organisation <a href=\"https:\/\/yachtcharterdedrait.nl\/de\/blog\/marrekrite\/\">Marrekrite<\/a> nutzen.<\/p>\r\n<p class=\"\" data-start=\"874\" data-end=\"1348\">Die Friesen sind stolz auf ihre Region. Die Verbundenheit mit dem Wasser ist tief in der Kultur verwurzelt und viele Einheimische sind selbst leidenschaftliche Wassersportler. Diese gemeinsame Begeisterung schafft sofort eine Verbindung. Dar\u00fcber hinaus gelten die Friesen als gastfreundlich und hilfsbereit \u2013 sei es mit praktischer Unterst\u00fctzung oder n\u00fctzlichen Tipps. Seien Sie herzlich willkommen und lassen Sie sich von der Vielfalt und Sch\u00f6nheit Frieslands \u00fcberraschen.<\/p>\r\n<h3 data-start=\"874\" data-end=\"1348\">Bootfahren ohne Bootsf\u00fchrerschein<\/h3>\r\n<p class=\"\" data-start=\"1350\" data-end=\"1787\">Wussten Sie, dass Sie in den Niederlanden ein Boot auch <a href=\"https:\/\/yachtcharterdedrait.nl\/de\/bootsfuehrerschein-2\/\">ohne Bootsf\u00fchrerschein<\/a> mieten k\u00f6nnen? Ob Anf\u00e4nger oder erfahrener Skipper \u2013 in Friesland genie\u00dfen Sie sicheres und unkompliziertes Fahrvergn\u00fcgen. Die Region eignet sich besonders gut f\u00fcr Einsteiger: Es gibt keine Str\u00f6mungen oder Schleusen, Br\u00fccken werden gro\u00dfz\u00fcgig bedient und die Routenf\u00fchrung ist klar strukturiert. Damit ist Friesland f\u00fcr alle Wassersportler hervorragend zug\u00e4nglich.<\/p>\r\n<p class=\"\" data-start=\"1789\" data-end=\"2013\">Alle Boote von Yachtcharter De Drait sind f\u00fchrerscheinfrei zu mieten. F\u00fcr Interessierte bieten wir zudem ein <a href=\"https:\/\/yachtcharterdedrait.nl\/de\/skippertraining\/\">Skippertraining<\/a> vor der Abfahrt an \u2013 damit Sie gut vorbereitet und mit einem sicheren Gef\u00fchl in See stechen k\u00f6nnen.<\/p>\r\n<p class=\"\" data-start=\"2015\" data-end=\"2584\">Nachfolgend finden Sie detaillierte Informationen zu unseren empfohlenen Routen, jeweils abgestimmt auf den Bootstyp. Entdecken Sie, welche Strecke am besten zu Ihrem geplanten T\u00f6rn passt. Bitte beachten Sie bei Ihrer Routenplanung Wassertiefen, Wetterbedingungen, Br\u00fccken\u00f6ffnungszeiten und Durchfahrtsh\u00f6hen. Klicken Sie oben rechts in der Karte auf das Quadrat, um die Ansicht zu vergr\u00f6\u00dfern. Haben Sie Fragen zur Bootsmiete oder zu den Routen? Zu vielen Touren bieten wir auch ausf\u00fchrlichere Versionen an. <a href=\"https:\/\/www.yachtcharterdedrait.nl\/de\/kontakt\">Kontaktieren<\/a> Sie uns gern \u2013 wir helfen Ihnen jederzeit weiter.<\/p>\r\n<h2>Sloepen (Offene Boote)<\/h2>\r\n<p class=\"\" data-start=\"2604\" data-end=\"2771\">Haben Sie eine Sloep f\u00fcr einen Tag oder einen l\u00e4ngeren Zeitraum gemietet? <a href=\"https:\/\/sloephureninfriesland.com\/sloepen-routes-friesland\/\">Hier<\/a> finden Sie die passenden Routen sowie weitere Informationen zu unserer Drachtster Sloep.<\/p>\r\n<h2>Sloep Cabin<\/h2>\r\n<p class=\"\" data-start=\"2790\" data-end=\"3099\">In der untenstehenden Karte finden Sie Routen f\u00fcr unsere Sloep Cabin ab Drachten. Diese enthalten eine \u00dcbersicht \u00fcber Yachth\u00e4fen, Anlegestellen, Freizeitangebote, Museen und Sehensw\u00fcrdigkeiten. Die Routen sind unterteilt in Touren f\u00fcr ein Wochenende, eine Wochenmitte, eine Woche, zwei Wochen und drei Wochen.<\/p>\r\n<p><iframe data-src=\"https:\/\/www.google.com\/maps\/d\/embed?mid=1W3sest_Y10SW73lEUVAPjTXubJ4EQEI&amp;ehbc=2E312F\" width=\"640\" height=\"480\" data-mce-fragment=\"1\" src=\"data:image\/svg+xml;base64,PHN2ZyB3aWR0aD0iMSIgaGVpZ2h0PSIxIiB4bWxucz0iaHR0cDovL3d3dy53My5vcmcvMjAwMC9zdmciPjwvc3ZnPg==\" class=\"lazyload\" data-load-mode=\"1\"><\/iframe><\/p>\r\n<h2>Doerak<\/h2>\r\n<p class=\"\" data-start=\"3113\" data-end=\"3416\">Die untenstehende Karte zeigt Fahrrouten f\u00fcr die Doerak ab Drachten. Auch hier finden Sie Informationen zu Anlegestellen, Yachth\u00e4fen, Sehensw\u00fcrdigkeiten, Freizeitaktivit\u00e4ten und Ausflugszielen. Die Strecken sind ebenfalls nach Dauer gegliedert: Wochenende, Wochenmitte, eine Woche, zwei Wochen, drei Wochen.<\/p>\r\n<p><iframe data-src=\"https:\/\/www.google.com\/maps\/d\/embed?mid=1KLH1PycK5YgH3hlD-DQmDGwxOvLLeITy&amp;ehbc=2E312F\" width=\"640\" height=\"480\" data-mce-fragment=\"1\" src=\"data:image\/svg+xml;base64,PHN2ZyB3aWR0aD0iMSIgaGVpZ2h0PSIxIiB4bWxucz0iaHR0cDovL3d3dy53My5vcmcvMjAwMC9zdmciPjwvc3ZnPg==\" class=\"lazyload\" data-load-mode=\"1\"><\/iframe><\/p>\r\n<h2>Safari Houseboat<\/h2>\r\n<p class=\"\" data-start=\"3440\" data-end=\"3730\">Entdecken Sie in der folgenden Karte die empfohlenen Fahrrouten f\u00fcr unsere Safari Houseboat-Flotte ab Drachten. Neben den Touren finden Sie eine \u00dcbersicht \u00fcber Anlegeorte, H\u00e4fen, Aktivit\u00e4ten, Museen und weitere Highlights. Die Touren sind aufgeteilt in Kurztrips bis hin zu dreiw\u00f6chigen Reisen.<\/p>\r\n<p><iframe data-src=\"https:\/\/www.google.com\/maps\/d\/embed?mid=1ILfRJ58usPlqxpvx57w_dDbowBzfv7I&amp;ehbc=2E312F\" width=\"640\" height=\"480\" data-mce-fragment=\"1\" src=\"data:image\/svg+xml;base64,PHN2ZyB3aWR0aD0iMSIgaGVpZ2h0PSIxIiB4bWxucz0iaHR0cDovL3d3dy53My5vcmcvMjAwMC9zdmciPjwvc3ZnPg==\" class=\"lazyload\" data-load-mode=\"1\"><\/iframe><\/p>\r\n<h2>Campi &amp; BunBo<\/h2>\r\n<p class=\"\" data-start=\"3751\" data-end=\"4280\">Wenn Sie ein Campi Houseboat oder ein Bungalowboot gemietet haben, erwartet Sie ein ganz besonderes Urlaubserlebnis. Unsere modernen Hausboote verbinden das entspannte Reisen auf dem Wasser mit dem Komfort eines kleinen Zuhauses. Ideal, um die friesische Landschaft in aller Ruhe zu erkunden und mitten in der Natur zu \u00fcbernachten. Nachfolgend finden Sie passende Fahrrouten f\u00fcr alle Hausboottypen von Yachtcharter De Drait. M\u00f6chten Sie mehr \u00fcber einen Hausbooturlaub erfahren? Lesen Sie hier weiter: <a href=\"https:\/\/yachtcharterdedrait.nl\/de\/blog\/hausbooturlaub-auf-dem-wasser\/\" target=\"_blank\" rel=\"noreferrer noopener\">Hausbooturlaub auf dem Wasser<\/a>.<\/p>\r\n<p class=\"\" data-start=\"4282\" data-end=\"4642\">Sind Sie auf der Suche nach einer geeigneten Route f\u00fcr Ihren Hausbooturlaub? In der Karte finden Sie Touren f\u00fcr sowohl das Bungalowboot (BunBo) als auch f\u00fcr die Campi-Hausboote (Campi 300, 340 und 400) ab Drachten. Angeboten werden eine Einsteigerroute f\u00fcr ein Wochenende, eine Route f\u00fcr erfahrenere Skipper sowie eine anspruchsvolle Tour f\u00fcr Fortgeschrittene.<\/p>\r\n<p><iframe data-src=\"https:\/\/www.google.com\/maps\/d\/embed?mid=16uDIJ4JnSTDqERaVmyw0EnGt5nbVxK3o&amp;ehbc=2E312F\" width=\"640\" height=\"480\" data-mce-fragment=\"1\" src=\"data:image\/svg+xml;base64,PHN2ZyB3aWR0aD0iMSIgaGVpZ2h0PSIxIiB4bWxucz0iaHR0cDovL3d3dy53My5vcmcvMjAwMC9zdmciPjwvc3ZnPg==\" class=\"lazyload\" data-load-mode=\"1\"><\/iframe><\/p>\r\n<h2>Motorboote<\/h2>\r\n<p class=\"\" data-start=\"4660\" data-end=\"5052\">Im Folgenden sehen Sie eine Karte mit unseren beliebtesten Motorboot-Fahrrouten ab Drachten. Die Routen sind unterteilt in Wochenend-\/Wochenmitte-, Wochen- und Zweiwochentouren. Neben den Strecken finden Sie auch Informationen zu H\u00e4fen, Anlegestellen, Freizeitangeboten und Sehensw\u00fcrdigkeiten. Klicken Sie auf das Symbol links neben \u201eRouten Motorjachten\u201c, um die verschiedenen Touren auszuw\u00e4hlen.<\/p>\r\n<h2>\r\n\r\n\r\n\r\n<\/h2>\r\n<p><iframe data-src=\"https:\/\/www.google.com\/maps\/d\/embed?mid=16t9jHKZCHPCfJiU47NxFN5sxhyCeNJkr&amp;ehbc=2E312F\" width=\"640\" height=\"480\" data-mce-fragment=\"1\" src=\"data:image\/svg+xml;base64,PHN2ZyB3aWR0aD0iMSIgaGVpZ2h0PSIxIiB4bWxucz0iaHR0cDovL3d3dy53My5vcmcvMjAwMC9zdmciPjwvc3ZnPg==\" class=\"lazyload\" data-load-mode=\"1\"><\/iframe>\r\n\r\n\r\n\r\n\r\n\r\n\r\n\r\n\r\n\r\n\r\n\r\n\r\n\r\n<\/p>\r\n","protected":false},"excerpt":{"rendered":"<p>Bootfahren in Friesland: Entdecken Sie die sch\u00f6nsten Fahrrouten ab Drachten Bootfahren in Friesland ist ein besonderes Erlebnis. Die Provinz ist bekannt f\u00fcr ihre weitl\u00e4ufigen Friesischen Seen \u2013 rund drei\u00dfig miteinander verbundene Gew\u00e4sser, verbunden durch Kan\u00e4le, Gr\u00e4ben und Teiche. Diese einzigartige Wasserlandschaft macht Friesland zu einem idealen Revier f\u00fcr Wassersportbegeisterte. Die Region erm\u00f6glicht durchgehendes Fahren ohne [&hellip;]<\/p>\n","protected":false},"author":2,"featured_media":1598,"parent":0,"menu_order":0,"comment_status":"closed","ping_status":"closed","template":"","meta":{"inline_featured_image":false,"footnotes":""},"class_list":["post-908","page","type-page","status-publish","has-post-thumbnail","hentry"],"yoast_head":"<!-- This site is optimized with the Yoast SEO plugin v27.1.1 - https:\/\/yoast.com\/product\/yoast-seo-wordpress\/ -->\n<title>Die sch\u00f6nsten Fahrrouten in Friesland | Yachtcharter De Drait<\/title>\n<meta name=\"description\" content=\"Haben Sie ein Boot bei Yachtcharter De Drait in Drachten gemietet? Hier finden Sie interessanten Fahrrouten f\u00fcr ein Bootstour in Friesland?\" \/>\n<meta name=\"robots\" content=\"index, follow, max-snippet:-1, max-image-preview:large, max-video-preview:-1\" \/>\n<link rel=\"canonical\" href=\"https:\/\/yachtcharterdedrait.nl\/de\/fahrrouten-friesland-drachten\/\" \/>\n<meta property=\"og:locale\" content=\"de_DE\" \/>\n<meta property=\"og:type\" content=\"article\" \/>\n<meta property=\"og:title\" content=\"Die sch\u00f6nsten Fahrrouten in Friesland | Yachtcharter De Drait\" \/>\n<meta property=\"og:description\" content=\"Haben Sie ein Boot bei Yachtcharter De Drait in Drachten gemietet? Hier finden Sie interessanten Fahrrouten f\u00fcr ein Bootstour in Friesland?\" \/>\n<meta property=\"og:url\" content=\"https:\/\/yachtcharterdedrait.nl\/de\/fahrrouten-friesland-drachten\/\" \/>\n<meta property=\"og:site_name\" content=\"Yachtcharter De Drait - Friesland, NL\" \/>\n<meta property=\"article:modified_time\" content=\"2025-05-15T12:47:46+00:00\" \/>\n<meta property=\"og:image\" content=\"https:\/\/yachtcharterdedrait.nl\/wp-content\/uploads\/2019\/10\/Motorboot-in-natuur.jpeg\" \/>\n\t<meta property=\"og:image:width\" content=\"1920\" \/>\n\t<meta property=\"og:image:height\" content=\"378\" \/>\n\t<meta property=\"og:image:type\" content=\"image\/jpeg\" \/>\n<meta name=\"twitter:card\" content=\"summary_large_image\" \/>\n<meta name=\"twitter:label1\" content=\"Gesch\u00e4tzte Lesezeit\" \/>\n\t<meta name=\"twitter:data1\" content=\"4\u00a0Minuten\" \/>\n<script type=\"application\/ld+json\" class=\"yoast-schema-graph\">{\"@context\":\"https:\/\/schema.org\",\"@graph\":[{\"@type\":\"WebPage\",\"@id\":\"https:\/\/yachtcharterdedrait.nl\/de\/fahrrouten-friesland-drachten\/\",\"url\":\"https:\/\/yachtcharterdedrait.nl\/de\/fahrrouten-friesland-drachten\/\",\"name\":\"Die sch\u00f6nsten Fahrrouten in Friesland | Yachtcharter De Drait\",\"isPartOf\":{\"@id\":\"https:\/\/yachtcharterdedrait.nl\/#website\"},\"primaryImageOfPage\":{\"@id\":\"https:\/\/yachtcharterdedrait.nl\/de\/fahrrouten-friesland-drachten\/#primaryimage\"},\"image\":{\"@id\":\"https:\/\/yachtcharterdedrait.nl\/de\/fahrrouten-friesland-drachten\/#primaryimage\"},\"thumbnailUrl\":\"https:\/\/yachtcharterdedrait.nl\/wp-content\/uploads\/2019\/10\/Motorboot-in-natuur.jpeg\",\"datePublished\":\"2019-09-06T10:09:10+00:00\",\"dateModified\":\"2025-05-15T12:47:46+00:00\",\"description\":\"Haben Sie ein Boot bei Yachtcharter De Drait in Drachten gemietet? Hier finden Sie interessanten Fahrrouten f\u00fcr ein Bootstour in Friesland?\",\"breadcrumb\":{\"@id\":\"https:\/\/yachtcharterdedrait.nl\/de\/fahrrouten-friesland-drachten\/#breadcrumb\"},\"inLanguage\":\"de\",\"potentialAction\":[{\"@type\":\"ReadAction\",\"target\":[\"https:\/\/yachtcharterdedrait.nl\/de\/fahrrouten-friesland-drachten\/\"]}]},{\"@type\":\"ImageObject\",\"inLanguage\":\"de\",\"@id\":\"https:\/\/yachtcharterdedrait.nl\/de\/fahrrouten-friesland-drachten\/#primaryimage\",\"url\":\"https:\/\/yachtcharterdedrait.nl\/wp-content\/uploads\/2019\/10\/Motorboot-in-natuur.jpeg\",\"contentUrl\":\"https:\/\/yachtcharterdedrait.nl\/wp-content\/uploads\/2019\/10\/Motorboot-in-natuur.jpeg\",\"width\":1920,\"height\":378,\"caption\":\"Motorboot in natuur\"},{\"@type\":\"BreadcrumbList\",\"@id\":\"https:\/\/yachtcharterdedrait.nl\/de\/fahrrouten-friesland-drachten\/#breadcrumb\",\"itemListElement\":[{\"@type\":\"ListItem\",\"position\":1,\"name\":\"Home\",\"item\":\"https:\/\/yachtcharterdedrait.nl\/de\/\"},{\"@type\":\"ListItem\",\"position\":2,\"name\":\"Fahrrouten ab Drachten (Friesland &#8211; Niederlande)\"}]},{\"@type\":\"WebSite\",\"@id\":\"https:\/\/yachtcharterdedrait.nl\/#website\",\"url\":\"https:\/\/yachtcharterdedrait.nl\/\",\"name\":\"Yachtcharter De Drait - Friesland, NL\",\"description\":\"Mieten Sie sich ein Boot f\u00fcr Ihren Traumurlaub\",\"potentialAction\":[{\"@type\":\"SearchAction\",\"target\":{\"@type\":\"EntryPoint\",\"urlTemplate\":\"https:\/\/yachtcharterdedrait.nl\/?s={search_term_string}\"},\"query-input\":{\"@type\":\"PropertyValueSpecification\",\"valueRequired\":true,\"valueName\":\"search_term_string\"}}],\"inLanguage\":\"de\"}]}<\/script>\n<!-- \/ Yoast SEO plugin. -->","yoast_head_json":{"title":"Die sch\u00f6nsten Fahrrouten in Friesland | Yachtcharter De Drait","description":"Haben Sie ein Boot bei Yachtcharter De Drait in Drachten gemietet? Hier finden Sie interessanten Fahrrouten f\u00fcr ein Bootstour in Friesland?","robots":{"index":"index","follow":"follow","max-snippet":"max-snippet:-1","max-image-preview":"max-image-preview:large","max-video-preview":"max-video-preview:-1"},"canonical":"https:\/\/yachtcharterdedrait.nl\/de\/fahrrouten-friesland-drachten\/","og_locale":"de_DE","og_type":"article","og_title":"Die sch\u00f6nsten Fahrrouten in Friesland | Yachtcharter De Drait","og_description":"Haben Sie ein Boot bei Yachtcharter De Drait in Drachten gemietet? Hier finden Sie interessanten Fahrrouten f\u00fcr ein Bootstour in Friesland?","og_url":"https:\/\/yachtcharterdedrait.nl\/de\/fahrrouten-friesland-drachten\/","og_site_name":"Yachtcharter De Drait - Friesland, NL","article_modified_time":"2025-05-15T12:47:46+00:00","og_image":[{"width":1920,"height":378,"url":"https:\/\/yachtcharterdedrait.nl\/wp-content\/uploads\/2019\/10\/Motorboot-in-natuur.jpeg","type":"image\/jpeg"}],"twitter_card":"summary_large_image","twitter_misc":{"Gesch\u00e4tzte Lesezeit":"4\u00a0Minuten"},"schema":{"@context":"https:\/\/schema.org","@graph":[{"@type":"WebPage","@id":"https:\/\/yachtcharterdedrait.nl\/de\/fahrrouten-friesland-drachten\/","url":"https:\/\/yachtcharterdedrait.nl\/de\/fahrrouten-friesland-drachten\/","name":"Die sch\u00f6nsten Fahrrouten in Friesland | Yachtcharter De Drait","isPartOf":{"@id":"https:\/\/yachtcharterdedrait.nl\/#website"},"primaryImageOfPage":{"@id":"https:\/\/yachtcharterdedrait.nl\/de\/fahrrouten-friesland-drachten\/#primaryimage"},"image":{"@id":"https:\/\/yachtcharterdedrait.nl\/de\/fahrrouten-friesland-drachten\/#primaryimage"},"thumbnailUrl":"https:\/\/yachtcharterdedrait.nl\/wp-content\/uploads\/2019\/10\/Motorboot-in-natuur.jpeg","datePublished":"2019-09-06T10:09:10+00:00","dateModified":"2025-05-15T12:47:46+00:00","description":"Haben Sie ein Boot bei Yachtcharter De Drait in Drachten gemietet? Hier finden Sie interessanten Fahrrouten f\u00fcr ein Bootstour in Friesland?","breadcrumb":{"@id":"https:\/\/yachtcharterdedrait.nl\/de\/fahrrouten-friesland-drachten\/#breadcrumb"},"inLanguage":"de","potentialAction":[{"@type":"ReadAction","target":["https:\/\/yachtcharterdedrait.nl\/de\/fahrrouten-friesland-drachten\/"]}]},{"@type":"ImageObject","inLanguage":"de","@id":"https:\/\/yachtcharterdedrait.nl\/de\/fahrrouten-friesland-drachten\/#primaryimage","url":"https:\/\/yachtcharterdedrait.nl\/wp-content\/uploads\/2019\/10\/Motorboot-in-natuur.jpeg","contentUrl":"https:\/\/yachtcharterdedrait.nl\/wp-content\/uploads\/2019\/10\/Motorboot-in-natuur.jpeg","width":1920,"height":378,"caption":"Motorboot in natuur"},{"@type":"BreadcrumbList","@id":"https:\/\/yachtcharterdedrait.nl\/de\/fahrrouten-friesland-drachten\/#breadcrumb","itemListElement":[{"@type":"ListItem","position":1,"name":"Home","item":"https:\/\/yachtcharterdedrait.nl\/de\/"},{"@type":"ListItem","position":2,"name":"Fahrrouten ab Drachten (Friesland &#8211; Niederlande)"}]},{"@type":"WebSite","@id":"https:\/\/yachtcharterdedrait.nl\/#website","url":"https:\/\/yachtcharterdedrait.nl\/","name":"Yachtcharter De Drait - Friesland, NL","description":"Mieten Sie sich ein Boot f\u00fcr Ihren Traumurlaub","potentialAction":[{"@type":"SearchAction","target":{"@type":"EntryPoint","urlTemplate":"https:\/\/yachtcharterdedrait.nl\/?s={search_term_string}"},"query-input":{"@type":"PropertyValueSpecification","valueRequired":true,"valueName":"search_term_string"}}],"inLanguage":"de"}]}},"_links":{"self":[{"href":"https:\/\/yachtcharterdedrait.nl\/de\/wp-json\/wp\/v2\/pages\/908","targetHints":{"allow":["GET"]}}],"collection":[{"href":"https:\/\/yachtcharterdedrait.nl\/de\/wp-json\/wp\/v2\/pages"}],"about":[{"href":"https:\/\/yachtcharterdedrait.nl\/de\/wp-json\/wp\/v2\/types\/page"}],"author":[{"embeddable":true,"href":"https:\/\/yachtcharterdedrait.nl\/de\/wp-json\/wp\/v2\/users\/2"}],"replies":[{"embeddable":true,"href":"https:\/\/yachtcharterdedrait.nl\/de\/wp-json\/wp\/v2\/comments?post=908"}],"version-history":[{"count":2,"href":"https:\/\/yachtcharterdedrait.nl\/de\/wp-json\/wp\/v2\/pages\/908\/revisions"}],"predecessor-version":[{"id":11427,"href":"https:\/\/yachtcharterdedrait.nl\/de\/wp-json\/wp\/v2\/pages\/908\/revisions\/11427"}],"wp:featuredmedia":[{"embeddable":true,"href":"https:\/\/yachtcharterdedrait.nl\/de\/wp-json\/wp\/v2\/media\/1598"}],"wp:attachment":[{"href":"https:\/\/yachtcharterdedrait.nl\/de\/wp-json\/wp\/v2\/media?parent=908"}],"curies":[{"name":"wp","href":"https:\/\/api.w.org\/{rel}","templated":true}]}}