{"id":9133,"date":"2023-10-26T14:27:14","date_gmt":"2023-10-26T14:27:14","guid":{"rendered":"https:\/\/yachtcharterdedrait.nl\/einzigartig-uebernachten-auf-dem-wasser-in-friesland\/"},"modified":"2024-10-17T10:27:45","modified_gmt":"2024-10-17T10:27:45","slug":"einzigartig-uebernachten-auf-dem-wasser-in-friesland","status":"publish","type":"page","link":"https:\/\/yachtcharterdedrait.nl\/de\/einzigartig-uebernachten-auf-dem-wasser-in-friesland\/","title":{"rendered":"Einzigartig \u00dcbernachten auf dem Wasser in Friesland"},"content":{"rendered":"\r\n<h3>Einzigartig \u00dcbernachten auf dem Wasser in Friesland<\/h3>\r\n<p><span style=\"font-weight: 400;\">Bei Yachthafen De Drait k\u00f6nnen Sie w\u00e4hrend dem Wintertermin einen einzigartige \u00dcbernachtung auf dem Wasser buchen. Unsere Hausbooten* liegen an dem Boulevard auf dem Yachthafen. Ab diesem Standort k\u00f6nnen Sie einen Aufenthalt auf dem Wasser genie\u00dfen und genie\u00dfen von der Ruhe und der Natur. W\u00e4hrend dieses Buchungstermines ist es NICHT m\u00f6glich, mit den Booten zu fahren.<\/span><\/p>\r\n\r\n\r\n\r\n<p><em><span style=\"font-weight: 400;\">*Bitte beachten Sie: W\u00e4hrend der \u00dcbernachtung ist es NICHT m\u00f6glich, mit den Hausbooten zu fahren. Die Boote werden in dieser Zeit des Jahres ausschlie\u00dflich vermietet wie eine auf dem Wasser schwebende (stilliegende) Ferienwohnung.<\/span><\/em><\/p>\r\n<p><strong>Die Hausboote sind in verschiedenen Modelle verf\u00fcgbar:<\/strong><\/p>\r\n<ul>\r\n<li><a href=\"https:\/\/yachtcharterdedrait.nl\/de\/buchungskalender-ergebnis\/?yfcode=e9d793af-9e36-4c32-8893-cacadc9b14cd\"><span style=\"font-weight: 400;\">Campi 300 (2 Pers.)<\/span><\/a><span style=\"font-weight: 400;\"> (ersten Nacht 125 \u20ac, jede zus\u00e4tzliche Nacht 100 \u20ac)<\/span><\/li>\r\n<li><a href=\"https:\/\/yachtcharterdedrait.nl\/de\/buchungskalender-ergebnis\/?yfcode=b843ac58-9c4e-48a3-9384-1087f3aeddc3\"><span style=\"font-weight: 400;\">Campi 340 (4 Pers.)<\/span><\/a><span style=\"font-weight: 400;\"> (ersten Nacht 145 \u20ac, jede zus\u00e4tzliche Nacht 115 \u20ac)<\/span><\/li>\r\n<li><a href=\"https:\/\/yachtcharterdedrait.nl\/de\/buchungskalender-ergebnis\/?yfcode=caddacc4-4538-4da6-a5b3-f07a78023ea5\"><span style=\"font-weight: 400;\">BunBo &#8211; Bungalow Boot (4 Pers.)<\/span><\/a><span style=\"font-weight: 400;\"> (ersten Nacht 125 \u20ac, jede zus\u00e4tzliche Nacht 100 \u20ac)<\/span><\/li>\r\n<\/ul>\r\n<p><em>Die oben genannten Preise gelten f\u00fcr 2 Personen und beinhalten Bettw\u00e4sche und Handt\u00fccher. Au\u00dferdem ist der Benutzung von unsere Fahrr\u00e4der, Kanoes und SUP&#8217;s in der Preise einbehalten.\u00a0<\/em><\/p>\r\n<p><span style=\"font-weight: 400;\">Die folgende Extraleistungen sind buchbar w\u00e4hrend der \u00dcbernachtung:<\/span><\/p>\r\n<ul>\r\n<li style=\"font-weight: 400;\" aria-level=\"1\"><span style=\"font-weight: 400;\">K\u00fcchent\u00fccher Set 8 \u20ac;<\/span><\/li>\r\n<li style=\"font-weight: 400;\" aria-level=\"1\"><span style=\"font-weight: 400;\">Aufpreis f\u00fcr Haustiere 15 \u20ac pro Tag.<\/span><\/li>\r\n<\/ul>\r\n<p><span style=\"font-weight: 400;\">Preisvorschlag Campi 300 oder BunBo: Sie buchen schon eine \u00dcbernachtung f\u00fcr 2 Personen f\u00fcr 2 N\u00e4chte ab nur 225 \u20ac (inkl. Reinigung, Bettw\u00e4sche und Handt\u00fccher, exkl. Kurtaxe von 1,50 \u20ac p.P.p.N.). F\u00fcr jede zus\u00e4tzliche Nacht werden 100 \u20ac berechnet. F\u00fcr jede zus\u00e4tzliche Person werden 30 \u20ac pro Nacht berechnet. Minimal Aufenthaltsdauer von 2 N\u00e4chten.<\/span><\/p>\r\n\r\n\r\n\r\n<p><span style=\"font-weight: 400;\">Sie erreichen uns telefonisch unter +31512513276 oder schreiben Sie einen E-mail an <\/span><a href=\"mailto:contact@dedrait.com\"><span style=\"font-weight: 400;\">contact@dedrait.com<\/span><\/a><span style=\"font-weight: 400;\"> mit Ihrer Buchungsanfrage oder eventuell anderen Fragen und wir helfen Ihnen gerne weiter.<\/span><\/p>\r\n<h3 class=\"wp-block-heading\">Der Umgebung<\/h3>\r\n\r\n\r\n\r\n<p><span style=\"font-weight: 400;\">Drachten liegt zentral im Norden von Friesland und ist leicht zu erreichen \u00fcber das Wasser und \u00fcber das Land. Drachten ist eine halbe Stunde entfernt von Groningen, Dokkum, Leeuwarden und Sneek. Es gibt verschiedene Radtouren, die Drachten entlang gehen, wie z.B. der \u2018Pontjesroute\u2019 (F\u00e4hre Route), welche durch den Nationalpark \u2018De Alde Feanen\u2019 f\u00fchrt.<\/span><\/p>\r\n<p><b>Aktivit\u00e4ten und Sehensw\u00fcrdigkeiten<\/b><\/p>\r\n<p><a href=\"https:\/\/naturij.nl\/\"><span style=\"font-weight: 400;\">Kinderboerderij De Naturij<\/span><\/a><span style=\"font-weight: 400;\">, <\/span><a href=\"https:\/\/www.sportbedrijfdrachten.nl\/zwemcentrum-de-welle\"><span style=\"font-weight: 400;\">Zwembad De Welle<\/span><\/a><span style=\"font-weight: 400;\">, <\/span><a href=\"https:\/\/swimfun.nl\/\"><span style=\"font-weight: 400;\">Subtropisch zwembad Swimfun Joure<\/span><\/a><span style=\"font-weight: 400;\">, <\/span><a href=\"https:\/\/www.aquazoo.nl\/?gad=1&amp;gclid=CjwKCAjw-eKpBhAbEiwAqFL0mhVx6iNxuf2e-2aVXGatNhv5h-eJE1cclhuqz2ym0iP_1KRxJlsCbhoCyg8QAvD_BwE\"><span style=\"font-weight: 400;\">Dierentuin Aqua Zoo Leeuwarden<\/span><\/a><span style=\"font-weight: 400;\">, <\/span><a href=\"https:\/\/www.eisinga-planetarium.nl\/\"><span style=\"font-weight: 400;\">Eise Eisinga Planetarium Franeker<\/span><\/a><span style=\"font-weight: 400;\"> (Unesco werelderfgoedlijst sinds september 2023), <\/span><a href=\"https:\/\/elfstedenhal.frl\/\"><span style=\"font-weight: 400;\">Schaatsbaan Elfstedenhal Leeuwarden<\/span><\/a><span style=\"font-weight: 400;\">, <\/span><a href=\"https:\/\/thialf.nl\/\"><span style=\"font-weight: 400;\">Schaatsbaan Thialf Heerenveen<\/span><\/a><span style=\"font-weight: 400;\">, <\/span><a href=\"https:\/\/www.friesmuseum.nl\/\"><span style=\"font-weight: 400;\">Fries Museum Leeuwarden<\/span><\/a><span style=\"font-weight: 400;\">, Wandern durch die Friesische Walden (Beetsterzwaag), Centrum Drachten, Leeuwarden Centrum ca. 30 km, Groningen centrum ca. 30 km, National Park De Alde Feanen, Bakkeveense Duinen und noch viel mehr.<\/span><\/p>\r\n\r\n\r\n\r\n\r\n\r\n\r\n\r\n\r\n\r\n\r\n","protected":false},"excerpt":{"rendered":"<p>Einzigartig \u00dcbernachten auf dem Wasser in Friesland Bei Yachthafen De Drait k\u00f6nnen Sie w\u00e4hrend dem Wintertermin einen einzigartige \u00dcbernachtung auf dem Wasser buchen. Unsere Hausbooten* liegen an dem Boulevard auf dem Yachthafen. Ab diesem Standort k\u00f6nnen Sie einen Aufenthalt auf dem Wasser genie\u00dfen und genie\u00dfen von der Ruhe und der Natur. W\u00e4hrend dieses Buchungstermines ist [&hellip;]<\/p>\n","protected":false},"author":10,"featured_media":9141,"parent":0,"menu_order":0,"comment_status":"closed","ping_status":"closed","template":"","meta":{"inline_featured_image":false,"footnotes":""},"class_list":["post-9133","page","type-page","status-publish","has-post-thumbnail","hentry"],"yoast_head":"<!-- This site is optimized with the Yoast SEO plugin v27.1.1 - https:\/\/yoast.com\/product\/yoast-seo-wordpress\/ -->\n<title>Einzigartig \u00dcbernachten auf dem Wasser in Friesland<\/title>\n<meta name=\"description\" content=\"Bei Yachthafen De Drait k\u00f6nnen Sie w\u00e4hrend dem Wintertermin einen einzigartige \u00dcbernachtung auf dem Wasser buchen.\" \/>\n<meta name=\"robots\" content=\"index, follow, max-snippet:-1, max-image-preview:large, max-video-preview:-1\" \/>\n<link rel=\"canonical\" href=\"https:\/\/yachtcharterdedrait.nl\/de\/einzigartig-uebernachten-auf-dem-wasser-in-friesland\/\" \/>\n<meta property=\"og:locale\" content=\"de_DE\" \/>\n<meta property=\"og:type\" content=\"article\" \/>\n<meta property=\"og:title\" content=\"Einzigartig \u00dcbernachten auf dem Wasser in Friesland\" \/>\n<meta property=\"og:description\" content=\"Bei Yachthafen De Drait k\u00f6nnen Sie w\u00e4hrend dem Wintertermin einen einzigartige \u00dcbernachtung auf dem Wasser buchen.\" \/>\n<meta property=\"og:url\" content=\"https:\/\/yachtcharterdedrait.nl\/de\/einzigartig-uebernachten-auf-dem-wasser-in-friesland\/\" \/>\n<meta property=\"og:site_name\" content=\"Yachtcharter De Drait - Friesland, NL\" \/>\n<meta property=\"article:modified_time\" content=\"2024-10-17T10:27:45+00:00\" \/>\n<meta property=\"og:image\" content=\"https:\/\/yachtcharterdedrait.nl\/wp-content\/uploads\/campi-overnachten-aan-boord.jpg\" \/>\n\t<meta property=\"og:image:width\" content=\"1920\" \/>\n\t<meta property=\"og:image:height\" content=\"535\" \/>\n\t<meta property=\"og:image:type\" content=\"image\/jpeg\" \/>\n<meta name=\"twitter:card\" content=\"summary_large_image\" \/>\n<meta name=\"twitter:label1\" content=\"Gesch\u00e4tzte Lesezeit\" \/>\n\t<meta name=\"twitter:data1\" content=\"3\u00a0Minuten\" \/>\n<script type=\"application\/ld+json\" class=\"yoast-schema-graph\">{\"@context\":\"https:\/\/schema.org\",\"@graph\":[{\"@type\":\"WebPage\",\"@id\":\"https:\/\/yachtcharterdedrait.nl\/de\/einzigartig-uebernachten-auf-dem-wasser-in-friesland\/\",\"url\":\"https:\/\/yachtcharterdedrait.nl\/de\/einzigartig-uebernachten-auf-dem-wasser-in-friesland\/\",\"name\":\"Einzigartig \u00dcbernachten auf dem Wasser in Friesland\",\"isPartOf\":{\"@id\":\"https:\/\/yachtcharterdedrait.nl\/#website\"},\"primaryImageOfPage\":{\"@id\":\"https:\/\/yachtcharterdedrait.nl\/de\/einzigartig-uebernachten-auf-dem-wasser-in-friesland\/#primaryimage\"},\"image\":{\"@id\":\"https:\/\/yachtcharterdedrait.nl\/de\/einzigartig-uebernachten-auf-dem-wasser-in-friesland\/#primaryimage\"},\"thumbnailUrl\":\"https:\/\/yachtcharterdedrait.nl\/wp-content\/uploads\/campi-overnachten-aan-boord.jpg\",\"datePublished\":\"2023-10-26T14:27:14+00:00\",\"dateModified\":\"2024-10-17T10:27:45+00:00\",\"description\":\"Bei Yachthafen De Drait k\u00f6nnen Sie w\u00e4hrend dem Wintertermin einen einzigartige \u00dcbernachtung auf dem Wasser buchen.\",\"breadcrumb\":{\"@id\":\"https:\/\/yachtcharterdedrait.nl\/de\/einzigartig-uebernachten-auf-dem-wasser-in-friesland\/#breadcrumb\"},\"inLanguage\":\"de\",\"potentialAction\":[{\"@type\":\"ReadAction\",\"target\":[\"https:\/\/yachtcharterdedrait.nl\/de\/einzigartig-uebernachten-auf-dem-wasser-in-friesland\/\"]}]},{\"@type\":\"ImageObject\",\"inLanguage\":\"de\",\"@id\":\"https:\/\/yachtcharterdedrait.nl\/de\/einzigartig-uebernachten-auf-dem-wasser-in-friesland\/#primaryimage\",\"url\":\"https:\/\/yachtcharterdedrait.nl\/wp-content\/uploads\/campi-overnachten-aan-boord.jpg\",\"contentUrl\":\"https:\/\/yachtcharterdedrait.nl\/wp-content\/uploads\/campi-overnachten-aan-boord.jpg\",\"width\":1920,\"height\":535},{\"@type\":\"BreadcrumbList\",\"@id\":\"https:\/\/yachtcharterdedrait.nl\/de\/einzigartig-uebernachten-auf-dem-wasser-in-friesland\/#breadcrumb\",\"itemListElement\":[{\"@type\":\"ListItem\",\"position\":1,\"name\":\"Home\",\"item\":\"https:\/\/yachtcharterdedrait.nl\/de\/\"},{\"@type\":\"ListItem\",\"position\":2,\"name\":\"Einzigartig \u00dcbernachten auf dem Wasser in Friesland\"}]},{\"@type\":\"WebSite\",\"@id\":\"https:\/\/yachtcharterdedrait.nl\/#website\",\"url\":\"https:\/\/yachtcharterdedrait.nl\/\",\"name\":\"Yachtcharter De Drait - Friesland, NL\",\"description\":\"Mieten Sie sich ein Boot f\u00fcr Ihren Traumurlaub\",\"potentialAction\":[{\"@type\":\"SearchAction\",\"target\":{\"@type\":\"EntryPoint\",\"urlTemplate\":\"https:\/\/yachtcharterdedrait.nl\/?s={search_term_string}\"},\"query-input\":{\"@type\":\"PropertyValueSpecification\",\"valueRequired\":true,\"valueName\":\"search_term_string\"}}],\"inLanguage\":\"de\"}]}<\/script>\n<!-- \/ Yoast SEO plugin. -->","yoast_head_json":{"title":"Einzigartig \u00dcbernachten auf dem Wasser in Friesland","description":"Bei Yachthafen De Drait k\u00f6nnen Sie w\u00e4hrend dem Wintertermin einen einzigartige \u00dcbernachtung auf dem Wasser buchen.","robots":{"index":"index","follow":"follow","max-snippet":"max-snippet:-1","max-image-preview":"max-image-preview:large","max-video-preview":"max-video-preview:-1"},"canonical":"https:\/\/yachtcharterdedrait.nl\/de\/einzigartig-uebernachten-auf-dem-wasser-in-friesland\/","og_locale":"de_DE","og_type":"article","og_title":"Einzigartig \u00dcbernachten auf dem Wasser in Friesland","og_description":"Bei Yachthafen De Drait k\u00f6nnen Sie w\u00e4hrend dem Wintertermin einen einzigartige \u00dcbernachtung auf dem Wasser buchen.","og_url":"https:\/\/yachtcharterdedrait.nl\/de\/einzigartig-uebernachten-auf-dem-wasser-in-friesland\/","og_site_name":"Yachtcharter De Drait - Friesland, NL","article_modified_time":"2024-10-17T10:27:45+00:00","og_image":[{"width":1920,"height":535,"url":"https:\/\/yachtcharterdedrait.nl\/wp-content\/uploads\/campi-overnachten-aan-boord.jpg","type":"image\/jpeg"}],"twitter_card":"summary_large_image","twitter_misc":{"Gesch\u00e4tzte Lesezeit":"3\u00a0Minuten"},"schema":{"@context":"https:\/\/schema.org","@graph":[{"@type":"WebPage","@id":"https:\/\/yachtcharterdedrait.nl\/de\/einzigartig-uebernachten-auf-dem-wasser-in-friesland\/","url":"https:\/\/yachtcharterdedrait.nl\/de\/einzigartig-uebernachten-auf-dem-wasser-in-friesland\/","name":"Einzigartig \u00dcbernachten auf dem Wasser in Friesland","isPartOf":{"@id":"https:\/\/yachtcharterdedrait.nl\/#website"},"primaryImageOfPage":{"@id":"https:\/\/yachtcharterdedrait.nl\/de\/einzigartig-uebernachten-auf-dem-wasser-in-friesland\/#primaryimage"},"image":{"@id":"https:\/\/yachtcharterdedrait.nl\/de\/einzigartig-uebernachten-auf-dem-wasser-in-friesland\/#primaryimage"},"thumbnailUrl":"https:\/\/yachtcharterdedrait.nl\/wp-content\/uploads\/campi-overnachten-aan-boord.jpg","datePublished":"2023-10-26T14:27:14+00:00","dateModified":"2024-10-17T10:27:45+00:00","description":"Bei Yachthafen De Drait k\u00f6nnen Sie w\u00e4hrend dem Wintertermin einen einzigartige \u00dcbernachtung auf dem Wasser buchen.","breadcrumb":{"@id":"https:\/\/yachtcharterdedrait.nl\/de\/einzigartig-uebernachten-auf-dem-wasser-in-friesland\/#breadcrumb"},"inLanguage":"de","potentialAction":[{"@type":"ReadAction","target":["https:\/\/yachtcharterdedrait.nl\/de\/einzigartig-uebernachten-auf-dem-wasser-in-friesland\/"]}]},{"@type":"ImageObject","inLanguage":"de","@id":"https:\/\/yachtcharterdedrait.nl\/de\/einzigartig-uebernachten-auf-dem-wasser-in-friesland\/#primaryimage","url":"https:\/\/yachtcharterdedrait.nl\/wp-content\/uploads\/campi-overnachten-aan-boord.jpg","contentUrl":"https:\/\/yachtcharterdedrait.nl\/wp-content\/uploads\/campi-overnachten-aan-boord.jpg","width":1920,"height":535},{"@type":"BreadcrumbList","@id":"https:\/\/yachtcharterdedrait.nl\/de\/einzigartig-uebernachten-auf-dem-wasser-in-friesland\/#breadcrumb","itemListElement":[{"@type":"ListItem","position":1,"name":"Home","item":"https:\/\/yachtcharterdedrait.nl\/de\/"},{"@type":"ListItem","position":2,"name":"Einzigartig \u00dcbernachten auf dem Wasser in Friesland"}]},{"@type":"WebSite","@id":"https:\/\/yachtcharterdedrait.nl\/#website","url":"https:\/\/yachtcharterdedrait.nl\/","name":"Yachtcharter De Drait - Friesland, NL","description":"Mieten Sie sich ein Boot f\u00fcr Ihren Traumurlaub","potentialAction":[{"@type":"SearchAction","target":{"@type":"EntryPoint","urlTemplate":"https:\/\/yachtcharterdedrait.nl\/?s={search_term_string}"},"query-input":{"@type":"PropertyValueSpecification","valueRequired":true,"valueName":"search_term_string"}}],"inLanguage":"de"}]}},"_links":{"self":[{"href":"https:\/\/yachtcharterdedrait.nl\/de\/wp-json\/wp\/v2\/pages\/9133","targetHints":{"allow":["GET"]}}],"collection":[{"href":"https:\/\/yachtcharterdedrait.nl\/de\/wp-json\/wp\/v2\/pages"}],"about":[{"href":"https:\/\/yachtcharterdedrait.nl\/de\/wp-json\/wp\/v2\/types\/page"}],"author":[{"embeddable":true,"href":"https:\/\/yachtcharterdedrait.nl\/de\/wp-json\/wp\/v2\/users\/10"}],"replies":[{"embeddable":true,"href":"https:\/\/yachtcharterdedrait.nl\/de\/wp-json\/wp\/v2\/comments?post=9133"}],"version-history":[{"count":2,"href":"https:\/\/yachtcharterdedrait.nl\/de\/wp-json\/wp\/v2\/pages\/9133\/revisions"}],"predecessor-version":[{"id":10335,"href":"https:\/\/yachtcharterdedrait.nl\/de\/wp-json\/wp\/v2\/pages\/9133\/revisions\/10335"}],"wp:featuredmedia":[{"embeddable":true,"href":"https:\/\/yachtcharterdedrait.nl\/de\/wp-json\/wp\/v2\/media\/9141"}],"wp:attachment":[{"href":"https:\/\/yachtcharterdedrait.nl\/de\/wp-json\/wp\/v2\/media?parent=9133"}],"curies":[{"name":"wp","href":"https:\/\/api.w.org\/{rel}","templated":true}]}}