{"id":914,"date":"2019-09-06T13:59:54","date_gmt":"2019-09-06T13:59:54","guid":{"rendered":"http:\/\/dedrait.convident.website\/schipperstraining-2\/"},"modified":"2025-10-04T11:31:54","modified_gmt":"2025-10-04T11:31:54","slug":"skippertraining","status":"publish","type":"page","link":"https:\/\/yachtcharterdedrait.nl\/de\/skippertraining\/","title":{"rendered":"Skippertraining"},"content":{"rendered":"\r\n<p>Wollten Sie schon immer Kapit\u00e4n auf einer Motoryacht sein, sind aber noch nie gefahren? Auch wenn Sie keinen Bootsf\u00fchrerschein besitzen oder keine Erfahrung haben, k\u00f6nnen Sie sich ein <a href=\"https:\/\/yachtcharterdedrait.nl\/de\/boot-mieten\/\">Boot bei uns mieten<\/a>. Wir sorgen daf\u00fcr, dass Sie beruhigt in den Urlaub starten k\u00f6nnen. So gehen Sie immer souver\u00e4n aufs Wasser.<\/p>\r\n<p>Sie ben\u00f6tigen f\u00fcr keines unserer Boote einen\u00a0<a href=\"https:\/\/yachtcharterdedrait.nl\/de\/bootsfuehrerschein-2\/\" data-wpel-link=\"internal\">Bootsf\u00fchrerschein<\/a>. Eine ausf\u00fchrliche Einweisung, durch einen unserer geschulten Mitarbeiter, vor Ihrer\u00a0<a href=\"https:\/\/yachtcharterdedrait.nl\/de\/ein-und-auschecken\/\" data-wpel-link=\"internal\">Abfahrt<\/a>\u00a0ist meist ausreichend f\u00fcr einen gelungen Bootsurlaub. Desweiteren helfen wir Ihnen gern bei der Planung einer f\u00fchrerscheinfreien\u00a0<a href=\"https:\/\/yachtcharterdedrait.nl\/de\/fahrrouten\/\" data-wpel-link=\"internal\">Route<\/a>. M\u00f6chten Sie etwas mehr wissen? Wollen Sie lieber ein bisschen \u00fcben bevor Sie ablegen? Das ist verst\u00e4ndlich und gibt vielen unserer Kunden ein sicheres Gef\u00fchl.<\/p>\r\n<p>Aus diesem Grund bieten wir Skippertraining, f\u00fcr sowohl Anf\u00e4nger als weniger fortgeschrittener Skipper an.<\/p>\r\n<p>Wenn Sie sicher fahren m\u00f6chten, ist praktische Erfahrung wichtig. Deshalb erkl\u00e4ren wir Ihnen beim Skippertrainingkurz die Fahrregeln. Au\u00dferdem \u00fcben Sie mit unserem Instruktor verschiedene \u00dcbungen auf dem Wasser, sowie An- und Ablegen, T\u00f6rnvorbereitungen, Wenden in engen Gew\u00e4ssern, Notbremsungen, Ein- und Ausfahren in eine Box, Befahren von Br\u00fccken und Schleusen und mehr.\u00a0<\/p>\r\n<h2>Kurzes Skippertraining (vor der Abfahrt mit Ihrem Mietboot)<\/h2>\r\n<p>Das kurze Skippertraining ist ein 1-st\u00fcndige Kurs. Hier lernen Sie die Grundlagen, wie zum Beispiel das Boot anlegen und wenden in engen Gew\u00e4ssern. Dieses Training ist vor allem f\u00fcr Anf\u00e4nger geeignet und wird an Ihre Fahrerfahrung angepasst.<\/p>\r\n<p>Haben Sie schon etwas Erfahrung und wollen Sie diese erweitern, auffrischen oder einfach ein bisschen mehr \u00fcben? Wir bieten auch ein Training f\u00fcr Skipper an, die bereits Erfahrung auf dem Wasser haben. Dabei werden speziell gew\u00fcnschte Bereiche trainiert.<\/p>\r\n<p>Das kurzes Skippertraining von 1 Stunde findet vor der Abfahrt und auf dem von Ihnen gemieteten Boot statt.<\/p>\r\n<h3>Kurzgefasst:<\/h3>\r\n<ul>\r\n<li><strong>Dauer:\u00a0<\/strong>1 Stunde<\/li>\r\n<li><strong>Preis:<\/strong>\u00a085 \u20ac<\/li>\r\n<li><strong>Ort:\u00a0<\/strong>auf dem von Ihnen gemieteten Boot<\/li>\r\n<li><strong>Datum &amp; Zeit:\u00a0<\/strong>\u00a0vor der Abfahrt\u00a0oder den n\u00e4chsten Tag<\/li>\r\n<\/ul>\r\n<h3>Buchen:<\/h3>\r\n<p>Haben Sie vor ein Boot zu buchen oder haben Sie ein Boot gebucht und m\u00f6chten Sie ein Skippertraining buchen? Schicken Sie uns eine E-Mail an <a href=\"mailto:contact@dedrait.com\">contact@dedrait.com<\/a> oder rufen Sie uns an unter +31 512 513 276. Sie k\u00f6nnen auch das Formular <a href=\"https:\/\/docs.google.com\/forms\/d\/e\/1FAIpQLSdjfQYJjEHzGOaP8gIUFnX5sAhTzih9RasVI-7AhVmWGFqHYg\/viewform\" data-wpel-link=\"external\">Extra Leistungen<\/a> einf\u00fcllen f\u00fcr das buchen ein Skippertraining. Wir werden uns freuen, von Ihnen zu h\u00f6ren!<\/p>\r\n<h2>Langere Skippertraining (nach Vereinbarung)<\/h2>\r\n<p data-start=\"48\" data-end=\"537\">M\u00f6chten Sie das Skippertraining erweitern und sich gemeinsam mit Ihrer Familie oder Freundesgruppe in aller Ruhe auf Ihren Bootsurlaub vorbereiten? Bei Yachtcharter De Drait bieten wir die M\u00f6glichkeit, ein verl\u00e4ngertes Skippertraining zu buchen \u2013 ganz nach Ihren W\u00fcnschen. Ob Sie einen halben oder einen ganzen Tag das Bootfahren erlernen m\u00f6chten, wir sorgen daf\u00fcr, dass das Training genau auf Ihr Niveau und Ihre Bed\u00fcrfnisse abgestimmt ist.<\/p>\r\n<p data-start=\"539\" data-end=\"864\">Mit einem privaten Skipper an Bord lernen Sie nicht nur die Feinheiten des Fahrens, sondern erleben Sie auch eine unterhaltsame und lehrreiche Zeit auf dem Wasser. Egal, ob Sie sich auf bestimmte Man\u00f6ver konzentrieren, Ihr Selbstvertrauen st\u00e4rken oder einfach gemeinsam das Bootfahren genie\u00dfen m\u00f6chten \u2013 wir k\u00fcmmern uns um alles.<\/p>\r\n<p data-start=\"866\" data-end=\"1032\">M\u00f6chten Sie mehr \u00fcber die M\u00f6glichkeiten erfahren oder haben Sie spezielle W\u00fcnsche? Dann kontaktieren Sie uns gerne per E-Mail oder Telefon \u2013 wir denken mit Ihnen mit.<\/p>\r\n<h2>Neugierig, was neben dem Skippertraining noch bei De Drait passiert?<\/h2>\r\n<p>M\u00f6chten Sie immer \u00fcber die neuesten Nachrichten, Trainings und Angebote bei De Drait informiert bleiben? Dann melden Sie sich f\u00fcr unseren Newsletter an und bleiben Sie auf dem Laufenden!<\/p>\r\n<p><\/p>","protected":false},"excerpt":{"rendered":"<p>Wollten Sie schon immer Kapit\u00e4n auf einer Motoryacht sein, sind aber noch nie gefahren? Auch wenn Sie keinen Bootsf\u00fchrerschein besitzen oder keine Erfahrung haben, k\u00f6nnen Sie sich ein Boot bei uns mieten. Wir sorgen daf\u00fcr, dass Sie beruhigt in den Urlaub starten k\u00f6nnen. So gehen Sie immer souver\u00e4n aufs Wasser. Sie ben\u00f6tigen f\u00fcr keines unserer [&hellip;]<\/p>\n","protected":false},"author":2,"featured_media":1636,"parent":0,"menu_order":0,"comment_status":"closed","ping_status":"closed","template":"","meta":{"inline_featured_image":false,"footnotes":""},"class_list":["post-914","page","type-page","status-publish","has-post-thumbnail","hentry"],"yoast_head":"<!-- This site is optimized with the Yoast SEO plugin v27.1.1 - https:\/\/yoast.com\/product\/yoast-seo-wordpress\/ -->\n<title>Skippertraining | Yachtcharter De Drait - Friesland, NL Skippertraining bei Yachtcharter De Drait Friesland<\/title>\n<meta name=\"description\" content=\"M\u00f6chten Sie ein Boot mieten, aber haben Sie wenig oder keine Erfahrung mit Bootsfahren? Buchen Sie das Skippertraining!\" \/>\n<meta name=\"robots\" content=\"index, follow, max-snippet:-1, max-image-preview:large, max-video-preview:-1\" \/>\n<link rel=\"canonical\" href=\"https:\/\/yachtcharterdedrait.nl\/de\/skippertraining\/\" \/>\n<meta property=\"og:locale\" content=\"de_DE\" \/>\n<meta property=\"og:type\" content=\"article\" \/>\n<meta property=\"og:title\" content=\"Skippertraining | Yachtcharter De Drait - Friesland, NL Skippertraining bei Yachtcharter De Drait Friesland\" \/>\n<meta property=\"og:description\" content=\"M\u00f6chten Sie ein Boot mieten, aber haben Sie wenig oder keine Erfahrung mit Bootsfahren? Buchen Sie das Skippertraining!\" \/>\n<meta property=\"og:url\" content=\"https:\/\/yachtcharterdedrait.nl\/de\/skippertraining\/\" \/>\n<meta property=\"og:site_name\" content=\"Yachtcharter De Drait - Friesland, NL\" \/>\n<meta property=\"article:modified_time\" content=\"2025-10-04T11:31:54+00:00\" \/>\n<meta property=\"og:image\" content=\"https:\/\/yachtcharterdedrait.nl\/wp-content\/uploads\/2019\/10\/Stuurstand.jpg\" \/>\n\t<meta property=\"og:image:width\" content=\"1920\" \/>\n\t<meta property=\"og:image:height\" content=\"378\" \/>\n\t<meta property=\"og:image:type\" content=\"image\/jpeg\" \/>\n<meta name=\"twitter:card\" content=\"summary_large_image\" \/>\n<meta name=\"twitter:label1\" content=\"Gesch\u00e4tzte Lesezeit\" \/>\n\t<meta name=\"twitter:data1\" content=\"3\u00a0Minuten\" \/>\n<script type=\"application\/ld+json\" class=\"yoast-schema-graph\">{\"@context\":\"https:\/\/schema.org\",\"@graph\":[{\"@type\":\"WebPage\",\"@id\":\"https:\/\/yachtcharterdedrait.nl\/de\/skippertraining\/\",\"url\":\"https:\/\/yachtcharterdedrait.nl\/de\/skippertraining\/\",\"name\":\"Skippertraining | Yachtcharter De Drait - Friesland, NL Skippertraining bei Yachtcharter De Drait Friesland\",\"isPartOf\":{\"@id\":\"https:\/\/yachtcharterdedrait.nl\/#website\"},\"primaryImageOfPage\":{\"@id\":\"https:\/\/yachtcharterdedrait.nl\/de\/skippertraining\/#primaryimage\"},\"image\":{\"@id\":\"https:\/\/yachtcharterdedrait.nl\/de\/skippertraining\/#primaryimage\"},\"thumbnailUrl\":\"https:\/\/yachtcharterdedrait.nl\/wp-content\/uploads\/2019\/10\/Stuurstand.jpg\",\"datePublished\":\"2019-09-06T13:59:54+00:00\",\"dateModified\":\"2025-10-04T11:31:54+00:00\",\"description\":\"M\u00f6chten Sie ein Boot mieten, aber haben Sie wenig oder keine Erfahrung mit Bootsfahren? Buchen Sie das Skippertraining!\",\"breadcrumb\":{\"@id\":\"https:\/\/yachtcharterdedrait.nl\/de\/skippertraining\/#breadcrumb\"},\"inLanguage\":\"de\",\"potentialAction\":[{\"@type\":\"ReadAction\",\"target\":[\"https:\/\/yachtcharterdedrait.nl\/de\/skippertraining\/\"]}]},{\"@type\":\"ImageObject\",\"inLanguage\":\"de\",\"@id\":\"https:\/\/yachtcharterdedrait.nl\/de\/skippertraining\/#primaryimage\",\"url\":\"https:\/\/yachtcharterdedrait.nl\/wp-content\/uploads\/2019\/10\/Stuurstand.jpg\",\"contentUrl\":\"https:\/\/yachtcharterdedrait.nl\/wp-content\/uploads\/2019\/10\/Stuurstand.jpg\",\"width\":1920,\"height\":378},{\"@type\":\"BreadcrumbList\",\"@id\":\"https:\/\/yachtcharterdedrait.nl\/de\/skippertraining\/#breadcrumb\",\"itemListElement\":[{\"@type\":\"ListItem\",\"position\":1,\"name\":\"Home\",\"item\":\"https:\/\/yachtcharterdedrait.nl\/de\/\"},{\"@type\":\"ListItem\",\"position\":2,\"name\":\"Skippertraining\"}]},{\"@type\":\"WebSite\",\"@id\":\"https:\/\/yachtcharterdedrait.nl\/#website\",\"url\":\"https:\/\/yachtcharterdedrait.nl\/\",\"name\":\"Yachtcharter De Drait - Friesland, NL\",\"description\":\"Mieten Sie sich ein Boot f\u00fcr Ihren Traumurlaub\",\"potentialAction\":[{\"@type\":\"SearchAction\",\"target\":{\"@type\":\"EntryPoint\",\"urlTemplate\":\"https:\/\/yachtcharterdedrait.nl\/?s={search_term_string}\"},\"query-input\":{\"@type\":\"PropertyValueSpecification\",\"valueRequired\":true,\"valueName\":\"search_term_string\"}}],\"inLanguage\":\"de\"}]}<\/script>\n<!-- \/ Yoast SEO plugin. -->","yoast_head_json":{"title":"Skippertraining | Yachtcharter De Drait - Friesland, NL Skippertraining bei Yachtcharter De Drait Friesland","description":"M\u00f6chten Sie ein Boot mieten, aber haben Sie wenig oder keine Erfahrung mit Bootsfahren? Buchen Sie das Skippertraining!","robots":{"index":"index","follow":"follow","max-snippet":"max-snippet:-1","max-image-preview":"max-image-preview:large","max-video-preview":"max-video-preview:-1"},"canonical":"https:\/\/yachtcharterdedrait.nl\/de\/skippertraining\/","og_locale":"de_DE","og_type":"article","og_title":"Skippertraining | Yachtcharter De Drait - Friesland, NL Skippertraining bei Yachtcharter De Drait Friesland","og_description":"M\u00f6chten Sie ein Boot mieten, aber haben Sie wenig oder keine Erfahrung mit Bootsfahren? Buchen Sie das Skippertraining!","og_url":"https:\/\/yachtcharterdedrait.nl\/de\/skippertraining\/","og_site_name":"Yachtcharter De Drait - Friesland, NL","article_modified_time":"2025-10-04T11:31:54+00:00","og_image":[{"width":1920,"height":378,"url":"https:\/\/yachtcharterdedrait.nl\/wp-content\/uploads\/2019\/10\/Stuurstand.jpg","type":"image\/jpeg"}],"twitter_card":"summary_large_image","twitter_misc":{"Gesch\u00e4tzte Lesezeit":"3\u00a0Minuten"},"schema":{"@context":"https:\/\/schema.org","@graph":[{"@type":"WebPage","@id":"https:\/\/yachtcharterdedrait.nl\/de\/skippertraining\/","url":"https:\/\/yachtcharterdedrait.nl\/de\/skippertraining\/","name":"Skippertraining | Yachtcharter De Drait - Friesland, NL Skippertraining bei Yachtcharter De Drait Friesland","isPartOf":{"@id":"https:\/\/yachtcharterdedrait.nl\/#website"},"primaryImageOfPage":{"@id":"https:\/\/yachtcharterdedrait.nl\/de\/skippertraining\/#primaryimage"},"image":{"@id":"https:\/\/yachtcharterdedrait.nl\/de\/skippertraining\/#primaryimage"},"thumbnailUrl":"https:\/\/yachtcharterdedrait.nl\/wp-content\/uploads\/2019\/10\/Stuurstand.jpg","datePublished":"2019-09-06T13:59:54+00:00","dateModified":"2025-10-04T11:31:54+00:00","description":"M\u00f6chten Sie ein Boot mieten, aber haben Sie wenig oder keine Erfahrung mit Bootsfahren? Buchen Sie das Skippertraining!","breadcrumb":{"@id":"https:\/\/yachtcharterdedrait.nl\/de\/skippertraining\/#breadcrumb"},"inLanguage":"de","potentialAction":[{"@type":"ReadAction","target":["https:\/\/yachtcharterdedrait.nl\/de\/skippertraining\/"]}]},{"@type":"ImageObject","inLanguage":"de","@id":"https:\/\/yachtcharterdedrait.nl\/de\/skippertraining\/#primaryimage","url":"https:\/\/yachtcharterdedrait.nl\/wp-content\/uploads\/2019\/10\/Stuurstand.jpg","contentUrl":"https:\/\/yachtcharterdedrait.nl\/wp-content\/uploads\/2019\/10\/Stuurstand.jpg","width":1920,"height":378},{"@type":"BreadcrumbList","@id":"https:\/\/yachtcharterdedrait.nl\/de\/skippertraining\/#breadcrumb","itemListElement":[{"@type":"ListItem","position":1,"name":"Home","item":"https:\/\/yachtcharterdedrait.nl\/de\/"},{"@type":"ListItem","position":2,"name":"Skippertraining"}]},{"@type":"WebSite","@id":"https:\/\/yachtcharterdedrait.nl\/#website","url":"https:\/\/yachtcharterdedrait.nl\/","name":"Yachtcharter De Drait - Friesland, NL","description":"Mieten Sie sich ein Boot f\u00fcr Ihren Traumurlaub","potentialAction":[{"@type":"SearchAction","target":{"@type":"EntryPoint","urlTemplate":"https:\/\/yachtcharterdedrait.nl\/?s={search_term_string}"},"query-input":{"@type":"PropertyValueSpecification","valueRequired":true,"valueName":"search_term_string"}}],"inLanguage":"de"}]}},"_links":{"self":[{"href":"https:\/\/yachtcharterdedrait.nl\/de\/wp-json\/wp\/v2\/pages\/914","targetHints":{"allow":["GET"]}}],"collection":[{"href":"https:\/\/yachtcharterdedrait.nl\/de\/wp-json\/wp\/v2\/pages"}],"about":[{"href":"https:\/\/yachtcharterdedrait.nl\/de\/wp-json\/wp\/v2\/types\/page"}],"author":[{"embeddable":true,"href":"https:\/\/yachtcharterdedrait.nl\/de\/wp-json\/wp\/v2\/users\/2"}],"replies":[{"embeddable":true,"href":"https:\/\/yachtcharterdedrait.nl\/de\/wp-json\/wp\/v2\/comments?post=914"}],"version-history":[{"count":8,"href":"https:\/\/yachtcharterdedrait.nl\/de\/wp-json\/wp\/v2\/pages\/914\/revisions"}],"predecessor-version":[{"id":11586,"href":"https:\/\/yachtcharterdedrait.nl\/de\/wp-json\/wp\/v2\/pages\/914\/revisions\/11586"}],"wp:featuredmedia":[{"embeddable":true,"href":"https:\/\/yachtcharterdedrait.nl\/de\/wp-json\/wp\/v2\/media\/1636"}],"wp:attachment":[{"href":"https:\/\/yachtcharterdedrait.nl\/de\/wp-json\/wp\/v2\/media?parent=914"}],"curies":[{"name":"wp","href":"https:\/\/api.w.org\/{rel}","templated":true}]}}