{"id":920,"date":"2019-08-27T14:16:03","date_gmt":"2019-08-27T14:16:03","guid":{"rendered":"http:\/\/dedrait.convident.website\/vacatures\/"},"modified":"2026-01-30T12:50:15","modified_gmt":"2026-01-30T12:50:15","slug":"stellenangebote","status":"publish","type":"page","link":"https:\/\/yachtcharterdedrait.nl\/de\/stellenangebote\/","title":{"rendered":"Stellenangebote"},"content":{"rendered":"\r\n<p>Sind Sie begeisterter Wassersportler und w\u00fcrden Sie sich gerne unserem Team anschlie\u00dfen? Sehen Sie sich hier unserer aktuellen Stellenangebote an:<\/p>\r\n\r\n\r\n\r\n<ul class=\"wp-block-list\">\r\n<li>Allround Schiffbauingenieur- \/Yachtbau | Ort: Drachten (Niederlande) | Sprache: Niederl\u00e4ndisch<\/li>\r\n<li>Ausbilder f\u00fcr angehende Skipper (ehrenamtlich)| Ort: Drachten (Niederlande) | Sprache: Niederl\u00e4ndisc<\/li>\r\n<\/ul>\r\n","protected":false},"excerpt":{"rendered":"<p>Sind Sie begeisterter Wassersportler und w\u00fcrden Sie sich gerne unserem Team anschlie\u00dfen? Sehen Sie sich hier unserer aktuellen Stellenangebote an: Allround Schiffbauingenieur- \/Yachtbau | Ort: Drachten (Niederlande) | Sprache: Niederl\u00e4ndisch Ausbilder f\u00fcr angehende Skipper (ehrenamtlich)| Ort: Drachten (Niederlande) | Sprache: Niederl\u00e4ndisc<\/p>\n","protected":false},"author":1,"featured_media":8913,"parent":0,"menu_order":0,"comment_status":"closed","ping_status":"closed","template":"","meta":{"inline_featured_image":false,"footnotes":""},"class_list":["post-920","page","type-page","status-publish","has-post-thumbnail","hentry"],"yoast_head":"<!-- This site is optimized with the Yoast SEO plugin v27.1.1 - https:\/\/yoast.com\/product\/yoast-seo-wordpress\/ -->\n<title>Stellenangebote - Yachtcharter De Drait - Friesland, NL<\/title>\n<meta name=\"robots\" content=\"index, follow, max-snippet:-1, max-image-preview:large, max-video-preview:-1\" \/>\n<link rel=\"canonical\" href=\"https:\/\/yachtcharterdedrait.nl\/de\/stellenangebote\/\" \/>\n<meta property=\"og:locale\" content=\"de_DE\" \/>\n<meta property=\"og:type\" content=\"article\" \/>\n<meta property=\"og:title\" content=\"Stellenangebote - Yachtcharter De Drait - Friesland, NL\" \/>\n<meta property=\"og:description\" content=\"Sind Sie begeisterter Wassersportler und w\u00fcrden Sie sich gerne unserem Team anschlie\u00dfen? Sehen Sie sich hier unserer aktuellen Stellenangebote an: Allround Schiffbauingenieur- \/Yachtbau | Ort: Drachten (Niederlande) | Sprache: Niederl\u00e4ndisch Ausbilder f\u00fcr angehende Skipper (ehrenamtlich)| Ort: Drachten (Niederlande) | Sprache: Niederl\u00e4ndisc\" \/>\n<meta property=\"og:url\" content=\"https:\/\/yachtcharterdedrait.nl\/de\/stellenangebote\/\" \/>\n<meta property=\"og:site_name\" content=\"Yachtcharter De Drait - Friesland, NL\" \/>\n<meta property=\"article:modified_time\" content=\"2026-01-30T12:50:15+00:00\" \/>\n<meta property=\"og:image\" content=\"https:\/\/yachtcharterdedrait.nl\/wp-content\/uploads\/Nieuwe-header-yachtcharter-min-scaled.jpg\" \/>\n\t<meta property=\"og:image:width\" content=\"2560\" \/>\n\t<meta property=\"og:image:height\" content=\"1209\" \/>\n\t<meta property=\"og:image:type\" content=\"image\/jpeg\" \/>\n<meta name=\"twitter:card\" content=\"summary_large_image\" \/>\n<meta name=\"twitter:label1\" content=\"Gesch\u00e4tzte Lesezeit\" \/>\n\t<meta name=\"twitter:data1\" content=\"1\u00a0Minute\" \/>\n<script type=\"application\/ld+json\" class=\"yoast-schema-graph\">{\"@context\":\"https:\/\/schema.org\",\"@graph\":[{\"@type\":\"WebPage\",\"@id\":\"https:\/\/yachtcharterdedrait.nl\/de\/stellenangebote\/\",\"url\":\"https:\/\/yachtcharterdedrait.nl\/de\/stellenangebote\/\",\"name\":\"Stellenangebote - Yachtcharter De Drait - Friesland, NL\",\"isPartOf\":{\"@id\":\"https:\/\/yachtcharterdedrait.nl\/#website\"},\"primaryImageOfPage\":{\"@id\":\"https:\/\/yachtcharterdedrait.nl\/de\/stellenangebote\/#primaryimage\"},\"image\":{\"@id\":\"https:\/\/yachtcharterdedrait.nl\/de\/stellenangebote\/#primaryimage\"},\"thumbnailUrl\":\"https:\/\/yachtcharterdedrait.nl\/wp-content\/uploads\/Nieuwe-header-yachtcharter-min-scaled.jpg\",\"datePublished\":\"2019-08-27T14:16:03+00:00\",\"dateModified\":\"2026-01-30T12:50:15+00:00\",\"breadcrumb\":{\"@id\":\"https:\/\/yachtcharterdedrait.nl\/de\/stellenangebote\/#breadcrumb\"},\"inLanguage\":\"de\",\"potentialAction\":[{\"@type\":\"ReadAction\",\"target\":[\"https:\/\/yachtcharterdedrait.nl\/de\/stellenangebote\/\"]}]},{\"@type\":\"ImageObject\",\"inLanguage\":\"de\",\"@id\":\"https:\/\/yachtcharterdedrait.nl\/de\/stellenangebote\/#primaryimage\",\"url\":\"https:\/\/yachtcharterdedrait.nl\/wp-content\/uploads\/Nieuwe-header-yachtcharter-min-scaled.jpg\",\"contentUrl\":\"https:\/\/yachtcharterdedrait.nl\/wp-content\/uploads\/Nieuwe-header-yachtcharter-min-scaled.jpg\",\"width\":2560,\"height\":1209,\"caption\":\"Yachtcharter de Drait Drachten\"},{\"@type\":\"BreadcrumbList\",\"@id\":\"https:\/\/yachtcharterdedrait.nl\/de\/stellenangebote\/#breadcrumb\",\"itemListElement\":[{\"@type\":\"ListItem\",\"position\":1,\"name\":\"Home\",\"item\":\"https:\/\/yachtcharterdedrait.nl\/de\/\"},{\"@type\":\"ListItem\",\"position\":2,\"name\":\"Stellenangebote\"}]},{\"@type\":\"WebSite\",\"@id\":\"https:\/\/yachtcharterdedrait.nl\/#website\",\"url\":\"https:\/\/yachtcharterdedrait.nl\/\",\"name\":\"Yachtcharter De Drait - Friesland, NL\",\"description\":\"Mieten Sie sich ein Boot f\u00fcr Ihren Traumurlaub\",\"potentialAction\":[{\"@type\":\"SearchAction\",\"target\":{\"@type\":\"EntryPoint\",\"urlTemplate\":\"https:\/\/yachtcharterdedrait.nl\/?s={search_term_string}\"},\"query-input\":{\"@type\":\"PropertyValueSpecification\",\"valueRequired\":true,\"valueName\":\"search_term_string\"}}],\"inLanguage\":\"de\"}]}<\/script>\n<!-- \/ Yoast SEO plugin. -->","yoast_head_json":{"title":"Stellenangebote - Yachtcharter De Drait - Friesland, NL","robots":{"index":"index","follow":"follow","max-snippet":"max-snippet:-1","max-image-preview":"max-image-preview:large","max-video-preview":"max-video-preview:-1"},"canonical":"https:\/\/yachtcharterdedrait.nl\/de\/stellenangebote\/","og_locale":"de_DE","og_type":"article","og_title":"Stellenangebote - Yachtcharter De Drait - Friesland, NL","og_description":"Sind Sie begeisterter Wassersportler und w\u00fcrden Sie sich gerne unserem Team anschlie\u00dfen? Sehen Sie sich hier unserer aktuellen Stellenangebote an: Allround Schiffbauingenieur- \/Yachtbau | Ort: Drachten (Niederlande) | Sprache: Niederl\u00e4ndisch Ausbilder f\u00fcr angehende Skipper (ehrenamtlich)| Ort: Drachten (Niederlande) | Sprache: Niederl\u00e4ndisc","og_url":"https:\/\/yachtcharterdedrait.nl\/de\/stellenangebote\/","og_site_name":"Yachtcharter De Drait - Friesland, NL","article_modified_time":"2026-01-30T12:50:15+00:00","og_image":[{"width":2560,"height":1209,"url":"https:\/\/yachtcharterdedrait.nl\/wp-content\/uploads\/Nieuwe-header-yachtcharter-min-scaled.jpg","type":"image\/jpeg"}],"twitter_card":"summary_large_image","twitter_misc":{"Gesch\u00e4tzte Lesezeit":"1\u00a0Minute"},"schema":{"@context":"https:\/\/schema.org","@graph":[{"@type":"WebPage","@id":"https:\/\/yachtcharterdedrait.nl\/de\/stellenangebote\/","url":"https:\/\/yachtcharterdedrait.nl\/de\/stellenangebote\/","name":"Stellenangebote - Yachtcharter De Drait - Friesland, NL","isPartOf":{"@id":"https:\/\/yachtcharterdedrait.nl\/#website"},"primaryImageOfPage":{"@id":"https:\/\/yachtcharterdedrait.nl\/de\/stellenangebote\/#primaryimage"},"image":{"@id":"https:\/\/yachtcharterdedrait.nl\/de\/stellenangebote\/#primaryimage"},"thumbnailUrl":"https:\/\/yachtcharterdedrait.nl\/wp-content\/uploads\/Nieuwe-header-yachtcharter-min-scaled.jpg","datePublished":"2019-08-27T14:16:03+00:00","dateModified":"2026-01-30T12:50:15+00:00","breadcrumb":{"@id":"https:\/\/yachtcharterdedrait.nl\/de\/stellenangebote\/#breadcrumb"},"inLanguage":"de","potentialAction":[{"@type":"ReadAction","target":["https:\/\/yachtcharterdedrait.nl\/de\/stellenangebote\/"]}]},{"@type":"ImageObject","inLanguage":"de","@id":"https:\/\/yachtcharterdedrait.nl\/de\/stellenangebote\/#primaryimage","url":"https:\/\/yachtcharterdedrait.nl\/wp-content\/uploads\/Nieuwe-header-yachtcharter-min-scaled.jpg","contentUrl":"https:\/\/yachtcharterdedrait.nl\/wp-content\/uploads\/Nieuwe-header-yachtcharter-min-scaled.jpg","width":2560,"height":1209,"caption":"Yachtcharter de Drait Drachten"},{"@type":"BreadcrumbList","@id":"https:\/\/yachtcharterdedrait.nl\/de\/stellenangebote\/#breadcrumb","itemListElement":[{"@type":"ListItem","position":1,"name":"Home","item":"https:\/\/yachtcharterdedrait.nl\/de\/"},{"@type":"ListItem","position":2,"name":"Stellenangebote"}]},{"@type":"WebSite","@id":"https:\/\/yachtcharterdedrait.nl\/#website","url":"https:\/\/yachtcharterdedrait.nl\/","name":"Yachtcharter De Drait - Friesland, NL","description":"Mieten Sie sich ein Boot f\u00fcr Ihren Traumurlaub","potentialAction":[{"@type":"SearchAction","target":{"@type":"EntryPoint","urlTemplate":"https:\/\/yachtcharterdedrait.nl\/?s={search_term_string}"},"query-input":{"@type":"PropertyValueSpecification","valueRequired":true,"valueName":"search_term_string"}}],"inLanguage":"de"}]}},"_links":{"self":[{"href":"https:\/\/yachtcharterdedrait.nl\/de\/wp-json\/wp\/v2\/pages\/920","targetHints":{"allow":["GET"]}}],"collection":[{"href":"https:\/\/yachtcharterdedrait.nl\/de\/wp-json\/wp\/v2\/pages"}],"about":[{"href":"https:\/\/yachtcharterdedrait.nl\/de\/wp-json\/wp\/v2\/types\/page"}],"author":[{"embeddable":true,"href":"https:\/\/yachtcharterdedrait.nl\/de\/wp-json\/wp\/v2\/users\/1"}],"replies":[{"embeddable":true,"href":"https:\/\/yachtcharterdedrait.nl\/de\/wp-json\/wp\/v2\/comments?post=920"}],"version-history":[{"count":1,"href":"https:\/\/yachtcharterdedrait.nl\/de\/wp-json\/wp\/v2\/pages\/920\/revisions"}],"predecessor-version":[{"id":12731,"href":"https:\/\/yachtcharterdedrait.nl\/de\/wp-json\/wp\/v2\/pages\/920\/revisions\/12731"}],"wp:featuredmedia":[{"embeddable":true,"href":"https:\/\/yachtcharterdedrait.nl\/de\/wp-json\/wp\/v2\/media\/8913"}],"wp:attachment":[{"href":"https:\/\/yachtcharterdedrait.nl\/de\/wp-json\/wp\/v2\/media?parent=920"}],"curies":[{"name":"wp","href":"https:\/\/api.w.org\/{rel}","templated":true}]}}