{"id":925,"date":"2019-08-27T14:16:35","date_gmt":"2019-08-27T14:16:35","guid":{"rendered":"http:\/\/dedrait.convident.website\/prijslijst\/"},"modified":"2026-01-05T12:18:05","modified_gmt":"2026-01-05T12:18:05","slug":"preisliste","status":"publish","type":"page","link":"https:\/\/yachtcharterdedrait.nl\/de\/preisliste\/","title":{"rendered":"Preisliste"},"content":{"rendered":"\r\n\r\n\r\n<p>Planen Sie bereits einen Bootsurlaub im Jahr 2026? Oder planen Sie vielleicht schon einen Bootsurlaub f\u00fcr 2027 oder 2028? Wir vermieten unsere Motoryachten, Schaluppen und Hausboote in Friesland &#8211; den Niederlande. Bei Yachtcharter De Drait in Friesland mieten Sie ein Boot ab\u00a0 <a href=\"https:\/\/yachtcharterdedrait.nl\/de\/fahrtgebiet-friesland-niederlande\/\" target=\"_blank\" rel=\"noopener\">Drachten<\/a> oder ab <a href=\"https:\/\/yachtcharterdedrait.nl\/de\/fahrtgebiet-friesland-niederlande\/\" target=\"_blank\" rel=\"noopener\">Woudsend<\/a>.\u00a0<\/p>\r\n<p>In unserer Preisliste unten finden Sie eine \u00dcbersicht \u00fcber die Preise f\u00fcr die Anmietung eines Bootes, aber auch eine \u00dcbersicht \u00fcber die Teilzeitr\u00e4ume, eventuell geltende Rabatte, zus\u00e4tzliche Nebenkosten und welche Extras Sie an unseren Standorten buchen k\u00f6nnen, um es Ihnen so einfach wie m\u00f6glich an Bord zu machen. Die Preisliste gilt nicht nur f\u00fcr eine Buchung im Jahr 2026, sondern gilt auch f\u00fcr eine Buchung, die Sie bereits f\u00fcr das Jahr 2027 oder 2028 vornehmen.<\/p>\r\n<div class=\"wp-block-button\"><a class=\"wp-block-button__link\" href=\"https:\/\/yachtcharterdedrait.nl\/wp-content\/uploads\/Prijslijst-Yachtcharter-De-Drait-DE-2026-2.pdf\" target=\"_blank\" rel=\"noreferrer noopener\">Preisliste Yachtcharter De Drait 2026*<\/a><\/div>\r\n<p>\r\n\r\n\r\n\r\n<\/p>\r\n\r\n\r\n\r\n\r\n\r\n<p><em>* G\u00fcltig f\u00fcr Buchungen in 2026, 2027 und 2028.<\/em><\/p>\r\n\r\n\r\n\r\n<h3 class=\"wp-block-heading\">Fr\u00fchbucherrabatt<\/h3>\r\n<p>Wenn Sie bereits f\u00fcr das Jahr 2027 buchen, erhalten Sie 5 % Fr\u00fchbucherrabatt auf die Miete. Dies gilt f\u00fcr alle Buchungen, die vor dem 31. Dezember 2026 get\u00e4tigt werden. F\u00fcr eine Buchung, die Sie bereits f\u00fcr das Jahr 2028 t\u00e4tigen, erhalten Sie bis zum 31. Dezember 2027 5 % Fr\u00fchbucherrabatt.<\/p>\r\n\r\n\r\n\r\n\r\n\r\n<h3 class=\"wp-block-heading\">Aktuelle Preise und Verf\u00fcgbarkeit<\/h3>\r\n<p>Haben Sie bereits einen Zeitraum und\/oder ein Boot f\u00fcr Ihren bevorstehenden Bootsurlaub ausgew\u00e4hlt? Mit unserem <a href=\"https:\/\/yachtcharterdedrait.nl\/de\/boot-mieten\/\" target=\"_blank\" rel=\"noreferrer noopener\">Buchungstool<\/a> k\u00f6nnen Sie die aktuelle Verf\u00fcgbarkeit unserer Flotte abrufen. Auch die m\u00f6glichen Zeitr\u00e4ume mit den entsprechenden Mietpreisen finden Sie hier. \u00dcber unser Buchungstool k\u00f6nnen Sie direkt eine Anfrage stellen oder das Boot Ihrer Wahl direkt buchen. Eine vollst\u00e4ndige \u00dcbersicht unserer Flotte an den vier Abfahrtsorten finden Sie in unserem <a href=\"https:\/\/yachtcharterdedrait.nl\/de\/buchungskalender\/\" target=\"_blank\" rel=\"noreferrer noopener\">Buchungskalender<\/a>.<br \/><br \/>Bitte beachten Sie: Angegebene Mietpreise verstehen sich immer exklusive Servicepauschale, Kaution und Treibstoffkosten. Weitere Informationen zu diesen Kosten finden Sie in den obigen \u00dcbersichten.<br \/><br \/>Haben Sie Fragen oder m\u00f6chten Sie weitere Informationen erhalten? Bitte kontaktieren Sie uns \u00fcber\u00a0<a href=\"mailto:contact@dedrait.com\" target=\"_blank\" rel=\"noopener\">contact@dedrait.com<\/a> oder \u00fcber 0512-513276.\u00a0<\/p>\r\n","protected":false},"excerpt":{"rendered":"<p>Planen Sie bereits einen Bootsurlaub im Jahr 2026? Oder planen Sie vielleicht schon einen Bootsurlaub f\u00fcr 2027 oder 2028? Wir vermieten unsere Motoryachten, Schaluppen und Hausboote in Friesland &#8211; den Niederlande. Bei Yachtcharter De Drait in Friesland mieten Sie ein Boot ab\u00a0 Drachten oder ab Woudsend.\u00a0 In unserer Preisliste unten finden Sie eine \u00dcbersicht \u00fcber [&hellip;]<\/p>\n","protected":false},"author":1,"featured_media":1741,"parent":0,"menu_order":0,"comment_status":"closed","ping_status":"closed","template":"","meta":{"inline_featured_image":false,"footnotes":""},"class_list":["post-925","page","type-page","status-publish","has-post-thumbnail","hentry"],"yoast_head":"<!-- This site is optimized with the Yoast SEO plugin v27.1.1 - https:\/\/yoast.com\/product\/yoast-seo-wordpress\/ -->\n<title>Preisliste Yachtcharter De Drait Niederlande - Friesland<\/title>\n<meta name=\"description\" content=\"Auf dieser Seite finden Sie die Preisliste f\u00fcr die Anmietung eines Bootes f\u00fcr einen unvergesslichen Bootsurlaub bei Yachtcharter De Drait.\" \/>\n<meta name=\"robots\" content=\"index, follow, max-snippet:-1, max-image-preview:large, max-video-preview:-1\" \/>\n<link rel=\"canonical\" href=\"https:\/\/yachtcharterdedrait.nl\/de\/preisliste\/\" \/>\n<meta property=\"og:locale\" content=\"de_DE\" \/>\n<meta property=\"og:type\" content=\"article\" \/>\n<meta property=\"og:title\" content=\"Preisliste Yachtcharter De Drait Niederlande - Friesland\" \/>\n<meta property=\"og:description\" content=\"Auf dieser Seite finden Sie die Preisliste f\u00fcr die Anmietung eines Bootes f\u00fcr einen unvergesslichen Bootsurlaub bei Yachtcharter De Drait.\" \/>\n<meta property=\"og:url\" content=\"https:\/\/yachtcharterdedrait.nl\/de\/preisliste\/\" \/>\n<meta property=\"og:site_name\" content=\"Yachtcharter De Drait - Friesland, NL\" \/>\n<meta property=\"article:modified_time\" content=\"2026-01-05T12:18:05+00:00\" \/>\n<meta property=\"og:image\" content=\"https:\/\/yachtcharterdedrait.nl\/wp-content\/uploads\/2019\/10\/Familievakantie.jpg\" \/>\n\t<meta property=\"og:image:width\" content=\"1920\" \/>\n\t<meta property=\"og:image:height\" content=\"378\" \/>\n\t<meta property=\"og:image:type\" content=\"image\/jpeg\" \/>\n<meta name=\"twitter:card\" content=\"summary_large_image\" \/>\n<meta name=\"twitter:label1\" content=\"Gesch\u00e4tzte Lesezeit\" \/>\n\t<meta name=\"twitter:data1\" content=\"2\u00a0Minuten\" \/>\n<script type=\"application\/ld+json\" class=\"yoast-schema-graph\">{\"@context\":\"https:\/\/schema.org\",\"@graph\":[{\"@type\":\"WebPage\",\"@id\":\"https:\/\/yachtcharterdedrait.nl\/de\/preisliste\/\",\"url\":\"https:\/\/yachtcharterdedrait.nl\/de\/preisliste\/\",\"name\":\"Preisliste Yachtcharter De Drait Niederlande - Friesland\",\"isPartOf\":{\"@id\":\"https:\/\/yachtcharterdedrait.nl\/#website\"},\"primaryImageOfPage\":{\"@id\":\"https:\/\/yachtcharterdedrait.nl\/de\/preisliste\/#primaryimage\"},\"image\":{\"@id\":\"https:\/\/yachtcharterdedrait.nl\/de\/preisliste\/#primaryimage\"},\"thumbnailUrl\":\"https:\/\/yachtcharterdedrait.nl\/wp-content\/uploads\/2019\/10\/Familievakantie.jpg\",\"datePublished\":\"2019-08-27T14:16:35+00:00\",\"dateModified\":\"2026-01-05T12:18:05+00:00\",\"description\":\"Auf dieser Seite finden Sie die Preisliste f\u00fcr die Anmietung eines Bootes f\u00fcr einen unvergesslichen Bootsurlaub bei Yachtcharter De Drait.\",\"breadcrumb\":{\"@id\":\"https:\/\/yachtcharterdedrait.nl\/de\/preisliste\/#breadcrumb\"},\"inLanguage\":\"de\",\"potentialAction\":[{\"@type\":\"ReadAction\",\"target\":[\"https:\/\/yachtcharterdedrait.nl\/de\/preisliste\/\"]}]},{\"@type\":\"ImageObject\",\"inLanguage\":\"de\",\"@id\":\"https:\/\/yachtcharterdedrait.nl\/de\/preisliste\/#primaryimage\",\"url\":\"https:\/\/yachtcharterdedrait.nl\/wp-content\/uploads\/2019\/10\/Familievakantie.jpg\",\"contentUrl\":\"https:\/\/yachtcharterdedrait.nl\/wp-content\/uploads\/2019\/10\/Familievakantie.jpg\",\"width\":1920,\"height\":378,\"caption\":\"Prijslijst Yachtcharter De Drait\"},{\"@type\":\"BreadcrumbList\",\"@id\":\"https:\/\/yachtcharterdedrait.nl\/de\/preisliste\/#breadcrumb\",\"itemListElement\":[{\"@type\":\"ListItem\",\"position\":1,\"name\":\"Home\",\"item\":\"https:\/\/yachtcharterdedrait.nl\/de\/\"},{\"@type\":\"ListItem\",\"position\":2,\"name\":\"Preisliste\"}]},{\"@type\":\"WebSite\",\"@id\":\"https:\/\/yachtcharterdedrait.nl\/#website\",\"url\":\"https:\/\/yachtcharterdedrait.nl\/\",\"name\":\"Yachtcharter De Drait - Friesland, NL\",\"description\":\"Mieten Sie sich ein Boot f\u00fcr Ihren Traumurlaub\",\"potentialAction\":[{\"@type\":\"SearchAction\",\"target\":{\"@type\":\"EntryPoint\",\"urlTemplate\":\"https:\/\/yachtcharterdedrait.nl\/?s={search_term_string}\"},\"query-input\":{\"@type\":\"PropertyValueSpecification\",\"valueRequired\":true,\"valueName\":\"search_term_string\"}}],\"inLanguage\":\"de\"}]}<\/script>\n<!-- \/ Yoast SEO plugin. -->","yoast_head_json":{"title":"Preisliste Yachtcharter De Drait Niederlande - Friesland","description":"Auf dieser Seite finden Sie die Preisliste f\u00fcr die Anmietung eines Bootes f\u00fcr einen unvergesslichen Bootsurlaub bei Yachtcharter De Drait.","robots":{"index":"index","follow":"follow","max-snippet":"max-snippet:-1","max-image-preview":"max-image-preview:large","max-video-preview":"max-video-preview:-1"},"canonical":"https:\/\/yachtcharterdedrait.nl\/de\/preisliste\/","og_locale":"de_DE","og_type":"article","og_title":"Preisliste Yachtcharter De Drait Niederlande - Friesland","og_description":"Auf dieser Seite finden Sie die Preisliste f\u00fcr die Anmietung eines Bootes f\u00fcr einen unvergesslichen Bootsurlaub bei Yachtcharter De Drait.","og_url":"https:\/\/yachtcharterdedrait.nl\/de\/preisliste\/","og_site_name":"Yachtcharter De Drait - Friesland, NL","article_modified_time":"2026-01-05T12:18:05+00:00","og_image":[{"width":1920,"height":378,"url":"https:\/\/yachtcharterdedrait.nl\/wp-content\/uploads\/2019\/10\/Familievakantie.jpg","type":"image\/jpeg"}],"twitter_card":"summary_large_image","twitter_misc":{"Gesch\u00e4tzte Lesezeit":"2\u00a0Minuten"},"schema":{"@context":"https:\/\/schema.org","@graph":[{"@type":"WebPage","@id":"https:\/\/yachtcharterdedrait.nl\/de\/preisliste\/","url":"https:\/\/yachtcharterdedrait.nl\/de\/preisliste\/","name":"Preisliste Yachtcharter De Drait Niederlande - Friesland","isPartOf":{"@id":"https:\/\/yachtcharterdedrait.nl\/#website"},"primaryImageOfPage":{"@id":"https:\/\/yachtcharterdedrait.nl\/de\/preisliste\/#primaryimage"},"image":{"@id":"https:\/\/yachtcharterdedrait.nl\/de\/preisliste\/#primaryimage"},"thumbnailUrl":"https:\/\/yachtcharterdedrait.nl\/wp-content\/uploads\/2019\/10\/Familievakantie.jpg","datePublished":"2019-08-27T14:16:35+00:00","dateModified":"2026-01-05T12:18:05+00:00","description":"Auf dieser Seite finden Sie die Preisliste f\u00fcr die Anmietung eines Bootes f\u00fcr einen unvergesslichen Bootsurlaub bei Yachtcharter De Drait.","breadcrumb":{"@id":"https:\/\/yachtcharterdedrait.nl\/de\/preisliste\/#breadcrumb"},"inLanguage":"de","potentialAction":[{"@type":"ReadAction","target":["https:\/\/yachtcharterdedrait.nl\/de\/preisliste\/"]}]},{"@type":"ImageObject","inLanguage":"de","@id":"https:\/\/yachtcharterdedrait.nl\/de\/preisliste\/#primaryimage","url":"https:\/\/yachtcharterdedrait.nl\/wp-content\/uploads\/2019\/10\/Familievakantie.jpg","contentUrl":"https:\/\/yachtcharterdedrait.nl\/wp-content\/uploads\/2019\/10\/Familievakantie.jpg","width":1920,"height":378,"caption":"Prijslijst Yachtcharter De Drait"},{"@type":"BreadcrumbList","@id":"https:\/\/yachtcharterdedrait.nl\/de\/preisliste\/#breadcrumb","itemListElement":[{"@type":"ListItem","position":1,"name":"Home","item":"https:\/\/yachtcharterdedrait.nl\/de\/"},{"@type":"ListItem","position":2,"name":"Preisliste"}]},{"@type":"WebSite","@id":"https:\/\/yachtcharterdedrait.nl\/#website","url":"https:\/\/yachtcharterdedrait.nl\/","name":"Yachtcharter De Drait - Friesland, NL","description":"Mieten Sie sich ein Boot f\u00fcr Ihren Traumurlaub","potentialAction":[{"@type":"SearchAction","target":{"@type":"EntryPoint","urlTemplate":"https:\/\/yachtcharterdedrait.nl\/?s={search_term_string}"},"query-input":{"@type":"PropertyValueSpecification","valueRequired":true,"valueName":"search_term_string"}}],"inLanguage":"de"}]}},"_links":{"self":[{"href":"https:\/\/yachtcharterdedrait.nl\/de\/wp-json\/wp\/v2\/pages\/925","targetHints":{"allow":["GET"]}}],"collection":[{"href":"https:\/\/yachtcharterdedrait.nl\/de\/wp-json\/wp\/v2\/pages"}],"about":[{"href":"https:\/\/yachtcharterdedrait.nl\/de\/wp-json\/wp\/v2\/types\/page"}],"author":[{"embeddable":true,"href":"https:\/\/yachtcharterdedrait.nl\/de\/wp-json\/wp\/v2\/users\/1"}],"replies":[{"embeddable":true,"href":"https:\/\/yachtcharterdedrait.nl\/de\/wp-json\/wp\/v2\/comments?post=925"}],"version-history":[{"count":13,"href":"https:\/\/yachtcharterdedrait.nl\/de\/wp-json\/wp\/v2\/pages\/925\/revisions"}],"predecessor-version":[{"id":12126,"href":"https:\/\/yachtcharterdedrait.nl\/de\/wp-json\/wp\/v2\/pages\/925\/revisions\/12126"}],"wp:featuredmedia":[{"embeddable":true,"href":"https:\/\/yachtcharterdedrait.nl\/de\/wp-json\/wp\/v2\/media\/1741"}],"wp:attachment":[{"href":"https:\/\/yachtcharterdedrait.nl\/de\/wp-json\/wp\/v2\/media?parent=925"}],"curies":[{"name":"wp","href":"https:\/\/api.w.org\/{rel}","templated":true}]}}