{"id":933,"date":"2019-08-27T07:57:33","date_gmt":"2019-08-27T07:57:33","guid":{"rendered":"http:\/\/dedrait.convident.website\/over-ons\/"},"modified":"2025-12-22T10:33:41","modified_gmt":"2025-12-22T10:33:41","slug":"ueber-uns-yachtcharter-de-drait-friesland","status":"publish","type":"page","link":"https:\/\/yachtcharterdedrait.nl\/de\/ueber-uns-yachtcharter-de-drait-friesland\/","title":{"rendered":"\u00dcber uns"},"content":{"rendered":"\r\n<p>Yachtcharter De Drait ist der Startpunkt f\u00fcr einen unvergesslichen Bootsurlaub im Herzen des friesischen Seengebiets. Von unserem Yachthafen in Drachten (Friesland) vermieten wir seit \u00fcber 35 Jahren unsere Boote. Seit November 2021 geh\u00f6rt auch Jachtcharter Klompmaker in Woudsend (Friesland) zu Yachtcharter De Drait. Von diesen zwei Abfahrtsorten in Friesland wird eine gro\u00dfe Vielfalt an Booten vermietet \u2013 von gro\u00dfen, luxuri\u00f6sen Motoryachten (f\u00fcr bis zu 14 Personen) \u00fcber ger\u00e4umige, gem\u00fctliche Hausboote (f\u00fcr bis zu 6 Personen) bis hin zu Tagescharter-Sloepen (f\u00fcr bis zu 12 Personen). Entdecken Sie die Freiheit auf dem Wasser mit unseren komfortablen und vollst\u00e4ndig ausgestatteten Booten \u2013 ideal f\u00fcr sowohl Einsteiger als auch erfahrene Wassersportler.<\/p>\r\n\r\n\r\n\r\n<p>Mittlerweile genie\u00dfen Hunderte Kunden pro Jahr unseren Service als Yachtcharter. Das Wohlbefinden unserer Kunden liegt uns sehr am Herzen und wir tun alles daran Ihnen einen Traumurlaub zu bescheren. Mit viel Liebe zum Detail k\u00fcmmern wir uns um alles pers\u00f6nlich: vom Bau der Schiffe, Wartung &amp; Pflege, bis hin zur pers\u00f6nlichen Bootseinweisung unserer Kunden. Wir sch\u00e4tzen uns gl\u00fccklich und sind stolz darauf, dass viele unserer Besucher immer wieder zu uns zur\u00fcckkehren.\u00a0<br \/><br \/>Sind Sie begeisterter Wassersportler und w\u00fcrden Sie sich gerne unserem Team anschlie\u00dfen? Sehen Sie sich <a href=\"https:\/\/yachtcharterdedrait.nl\/de\/stellenangebote\/\">hier<\/a> unsere aktuellen Stellenangebote an.<\/p>\r\n\r\n\r\n\r\n<h2 class=\"wp-block-heading\">Au\u00dferordentlicher Service<\/h2>\r\n\r\n\r\n\r\n<p>Wassersport ist unsere Leidenschaft. Neben der Bootsvermietung unter dem Namen <em>Yachtcharter de Drait<\/em> betreiben wir auch <a href=\"https:\/\/www.draityachts.nl\/\">Drait Yachts<\/a> (Schiffbau &amp; An- und Verkauf) und <a href=\"http:\/\/jachthavendedrait.nl\/\">Jachthaven de Drait<\/a> (Liegepl\u00e4tze, Winterlager, Wartung und Pflege):<\/p>\r\n\r\n\r\n\r\n<h4 class=\"wp-block-heading\">Drait Yachts<\/h4>\r\n\r\n\r\n\r\n<p>Haben Sie sich schon \u00f6fter ein Boot gemietet und sind nun, genauso wie wir, hin und weg von der Schifffahrt? Wollen Sie nun gerne Ihr eigenes Boot erwerben? De Drait Yachts hilft Ihnen gerne bei der Auswahl Ihres Bootes um Ihren Traum Wirklichkeit werden zu lassen. Sie k\u00f6nnen zwischen verschiedenen <a href=\"https:\/\/www.draityachts.nl\/jachtbemiddeling-friesland\/\">neuen und gebrauchten Booten<\/a> w\u00e4hlen. Des weiteren helfen wir Schiffseigent\u00fcmern die ihr Boot verkaufen wollen gerne bei der Vermittlung. F\u00fcr weitere Informationen klicken Sie auf den Link <a href=\"https:\/\/www.draityachts.nl\/jachtbemiddeling-friesland\/\">Yachtvermittlung<\/a>.\u00a0<\/p>\r\n\r\n\r\n\r\n<h3 class=\"wp-block-heading\">Stellpl\u00e4tze, Winterlager, Pflege und Wartung<\/h3>\r\n\r\n\r\n\r\n<h4 class=\"wp-block-heading\">Jachthafen de Drait<\/h4>\r\n\r\n\r\n\r\n<p>Als Yachthafen helfen wir Schiffseigent\u00fcmern bei der Unterbringung, Wartung und Pflege ihrer Boote. Wir verf\u00fcgen \u00fcber ein <a href=\"https:\/\/jachthavendedrait.nl\/winterstalling\/\">Winterlager<\/a> und vollst\u00e4ndig <a href=\"https:\/\/jachthavendedrait.nl\/ligplaatsen\/\">Liegepl\u00e4tze<\/a>. Speziell geschultes Personal und erfahrene Schiffsmechaniker sorgen f\u00fcr die fachm\u00e4nnische <a href=\"https:\/\/jachthavendedrait.nl\/service-en-onderhoud\/\">Wartung und Pflege<\/a> der Boote.<\/p>\r\n","protected":false},"excerpt":{"rendered":"<p>Yachtcharter De Drait ist der Startpunkt f\u00fcr einen unvergesslichen Bootsurlaub im Herzen des friesischen Seengebiets. Von unserem Yachthafen in Drachten (Friesland) vermieten wir seit \u00fcber 35 Jahren unsere Boote. Seit November 2021 geh\u00f6rt auch Jachtcharter Klompmaker in Woudsend (Friesland) zu Yachtcharter De Drait. Von diesen zwei Abfahrtsorten in Friesland wird eine gro\u00dfe Vielfalt an Booten [&hellip;]<\/p>\n","protected":false},"author":1,"featured_media":1690,"parent":0,"menu_order":0,"comment_status":"closed","ping_status":"closed","template":"","meta":{"inline_featured_image":false,"footnotes":""},"class_list":["post-933","page","type-page","status-publish","has-post-thumbnail","hentry"],"yoast_head":"<!-- This site is optimized with the Yoast SEO plugin v27.1.1 - https:\/\/yoast.com\/product\/yoast-seo-wordpress\/ -->\n<title>\u00dcber uns - Yachtcharter De Drait - Friesland, NL<\/title>\n<meta name=\"description\" content=\"\u00dcber uns: bei Yachtcharter De Drait mieten sei ein komfortables Motorboot und genie\u00dfen Sie alles sch\u00f6ne von Friesland auf dem Wasser.\" \/>\n<meta name=\"robots\" content=\"index, follow, max-snippet:-1, max-image-preview:large, max-video-preview:-1\" \/>\n<link rel=\"canonical\" href=\"https:\/\/yachtcharterdedrait.nl\/de\/ueber-uns-yachtcharter-de-drait-friesland\/\" \/>\n<meta property=\"og:locale\" content=\"de_DE\" \/>\n<meta property=\"og:type\" content=\"article\" \/>\n<meta property=\"og:title\" content=\"\u00dcber uns - Yachtcharter De Drait - Friesland, NL\" \/>\n<meta property=\"og:description\" content=\"\u00dcber uns: bei Yachtcharter De Drait mieten sei ein komfortables Motorboot und genie\u00dfen Sie alles sch\u00f6ne von Friesland auf dem Wasser.\" \/>\n<meta property=\"og:url\" content=\"https:\/\/yachtcharterdedrait.nl\/de\/ueber-uns-yachtcharter-de-drait-friesland\/\" \/>\n<meta property=\"og:site_name\" content=\"Yachtcharter De Drait - Friesland, NL\" \/>\n<meta property=\"article:modified_time\" content=\"2025-12-22T10:33:41+00:00\" \/>\n<meta property=\"og:image\" content=\"https:\/\/yachtcharterdedrait.nl\/wp-content\/uploads\/2019\/10\/Jachthaven-De-Drait-charterboulevard.jpg\" \/>\n\t<meta property=\"og:image:width\" content=\"1920\" \/>\n\t<meta property=\"og:image:height\" content=\"378\" \/>\n\t<meta property=\"og:image:type\" content=\"image\/jpeg\" \/>\n<meta name=\"twitter:card\" content=\"summary_large_image\" \/>\n<meta name=\"twitter:label1\" content=\"Gesch\u00e4tzte Lesezeit\" \/>\n\t<meta name=\"twitter:data1\" content=\"2\u00a0Minuten\" \/>\n<script type=\"application\/ld+json\" class=\"yoast-schema-graph\">{\"@context\":\"https:\/\/schema.org\",\"@graph\":[{\"@type\":\"WebPage\",\"@id\":\"https:\/\/yachtcharterdedrait.nl\/de\/ueber-uns-yachtcharter-de-drait-friesland\/\",\"url\":\"https:\/\/yachtcharterdedrait.nl\/de\/ueber-uns-yachtcharter-de-drait-friesland\/\",\"name\":\"\u00dcber uns - Yachtcharter De Drait - Friesland, NL\",\"isPartOf\":{\"@id\":\"https:\/\/yachtcharterdedrait.nl\/#website\"},\"primaryImageOfPage\":{\"@id\":\"https:\/\/yachtcharterdedrait.nl\/de\/ueber-uns-yachtcharter-de-drait-friesland\/#primaryimage\"},\"image\":{\"@id\":\"https:\/\/yachtcharterdedrait.nl\/de\/ueber-uns-yachtcharter-de-drait-friesland\/#primaryimage\"},\"thumbnailUrl\":\"https:\/\/yachtcharterdedrait.nl\/wp-content\/uploads\/2019\/10\/Jachthaven-De-Drait-charterboulevard.jpg\",\"datePublished\":\"2019-08-27T07:57:33+00:00\",\"dateModified\":\"2025-12-22T10:33:41+00:00\",\"description\":\"\u00dcber uns: bei Yachtcharter De Drait mieten sei ein komfortables Motorboot und genie\u00dfen Sie alles sch\u00f6ne von Friesland auf dem Wasser.\",\"breadcrumb\":{\"@id\":\"https:\/\/yachtcharterdedrait.nl\/de\/ueber-uns-yachtcharter-de-drait-friesland\/#breadcrumb\"},\"inLanguage\":\"de\",\"potentialAction\":[{\"@type\":\"ReadAction\",\"target\":[\"https:\/\/yachtcharterdedrait.nl\/de\/ueber-uns-yachtcharter-de-drait-friesland\/\"]}]},{\"@type\":\"ImageObject\",\"inLanguage\":\"de\",\"@id\":\"https:\/\/yachtcharterdedrait.nl\/de\/ueber-uns-yachtcharter-de-drait-friesland\/#primaryimage\",\"url\":\"https:\/\/yachtcharterdedrait.nl\/wp-content\/uploads\/2019\/10\/Jachthaven-De-Drait-charterboulevard.jpg\",\"contentUrl\":\"https:\/\/yachtcharterdedrait.nl\/wp-content\/uploads\/2019\/10\/Jachthaven-De-Drait-charterboulevard.jpg\",\"width\":1920,\"height\":378,\"caption\":\"Extra maatregelen De Drait rondom het coronavirus\"},{\"@type\":\"BreadcrumbList\",\"@id\":\"https:\/\/yachtcharterdedrait.nl\/de\/ueber-uns-yachtcharter-de-drait-friesland\/#breadcrumb\",\"itemListElement\":[{\"@type\":\"ListItem\",\"position\":1,\"name\":\"Home\",\"item\":\"https:\/\/yachtcharterdedrait.nl\/de\/\"},{\"@type\":\"ListItem\",\"position\":2,\"name\":\"\u00dcber uns\"}]},{\"@type\":\"WebSite\",\"@id\":\"https:\/\/yachtcharterdedrait.nl\/#website\",\"url\":\"https:\/\/yachtcharterdedrait.nl\/\",\"name\":\"Yachtcharter De Drait - Friesland, NL\",\"description\":\"Mieten Sie sich ein Boot f\u00fcr Ihren Traumurlaub\",\"potentialAction\":[{\"@type\":\"SearchAction\",\"target\":{\"@type\":\"EntryPoint\",\"urlTemplate\":\"https:\/\/yachtcharterdedrait.nl\/?s={search_term_string}\"},\"query-input\":{\"@type\":\"PropertyValueSpecification\",\"valueRequired\":true,\"valueName\":\"search_term_string\"}}],\"inLanguage\":\"de\"}]}<\/script>\n<!-- \/ Yoast SEO plugin. -->","yoast_head_json":{"title":"\u00dcber uns - Yachtcharter De Drait - Friesland, NL","description":"\u00dcber uns: bei Yachtcharter De Drait mieten sei ein komfortables Motorboot und genie\u00dfen Sie alles sch\u00f6ne von Friesland auf dem Wasser.","robots":{"index":"index","follow":"follow","max-snippet":"max-snippet:-1","max-image-preview":"max-image-preview:large","max-video-preview":"max-video-preview:-1"},"canonical":"https:\/\/yachtcharterdedrait.nl\/de\/ueber-uns-yachtcharter-de-drait-friesland\/","og_locale":"de_DE","og_type":"article","og_title":"\u00dcber uns - Yachtcharter De Drait - Friesland, NL","og_description":"\u00dcber uns: bei Yachtcharter De Drait mieten sei ein komfortables Motorboot und genie\u00dfen Sie alles sch\u00f6ne von Friesland auf dem Wasser.","og_url":"https:\/\/yachtcharterdedrait.nl\/de\/ueber-uns-yachtcharter-de-drait-friesland\/","og_site_name":"Yachtcharter De Drait - Friesland, NL","article_modified_time":"2025-12-22T10:33:41+00:00","og_image":[{"width":1920,"height":378,"url":"https:\/\/yachtcharterdedrait.nl\/wp-content\/uploads\/2019\/10\/Jachthaven-De-Drait-charterboulevard.jpg","type":"image\/jpeg"}],"twitter_card":"summary_large_image","twitter_misc":{"Gesch\u00e4tzte Lesezeit":"2\u00a0Minuten"},"schema":{"@context":"https:\/\/schema.org","@graph":[{"@type":"WebPage","@id":"https:\/\/yachtcharterdedrait.nl\/de\/ueber-uns-yachtcharter-de-drait-friesland\/","url":"https:\/\/yachtcharterdedrait.nl\/de\/ueber-uns-yachtcharter-de-drait-friesland\/","name":"\u00dcber uns - Yachtcharter De Drait - Friesland, NL","isPartOf":{"@id":"https:\/\/yachtcharterdedrait.nl\/#website"},"primaryImageOfPage":{"@id":"https:\/\/yachtcharterdedrait.nl\/de\/ueber-uns-yachtcharter-de-drait-friesland\/#primaryimage"},"image":{"@id":"https:\/\/yachtcharterdedrait.nl\/de\/ueber-uns-yachtcharter-de-drait-friesland\/#primaryimage"},"thumbnailUrl":"https:\/\/yachtcharterdedrait.nl\/wp-content\/uploads\/2019\/10\/Jachthaven-De-Drait-charterboulevard.jpg","datePublished":"2019-08-27T07:57:33+00:00","dateModified":"2025-12-22T10:33:41+00:00","description":"\u00dcber uns: bei Yachtcharter De Drait mieten sei ein komfortables Motorboot und genie\u00dfen Sie alles sch\u00f6ne von Friesland auf dem Wasser.","breadcrumb":{"@id":"https:\/\/yachtcharterdedrait.nl\/de\/ueber-uns-yachtcharter-de-drait-friesland\/#breadcrumb"},"inLanguage":"de","potentialAction":[{"@type":"ReadAction","target":["https:\/\/yachtcharterdedrait.nl\/de\/ueber-uns-yachtcharter-de-drait-friesland\/"]}]},{"@type":"ImageObject","inLanguage":"de","@id":"https:\/\/yachtcharterdedrait.nl\/de\/ueber-uns-yachtcharter-de-drait-friesland\/#primaryimage","url":"https:\/\/yachtcharterdedrait.nl\/wp-content\/uploads\/2019\/10\/Jachthaven-De-Drait-charterboulevard.jpg","contentUrl":"https:\/\/yachtcharterdedrait.nl\/wp-content\/uploads\/2019\/10\/Jachthaven-De-Drait-charterboulevard.jpg","width":1920,"height":378,"caption":"Extra maatregelen De Drait rondom het coronavirus"},{"@type":"BreadcrumbList","@id":"https:\/\/yachtcharterdedrait.nl\/de\/ueber-uns-yachtcharter-de-drait-friesland\/#breadcrumb","itemListElement":[{"@type":"ListItem","position":1,"name":"Home","item":"https:\/\/yachtcharterdedrait.nl\/de\/"},{"@type":"ListItem","position":2,"name":"\u00dcber uns"}]},{"@type":"WebSite","@id":"https:\/\/yachtcharterdedrait.nl\/#website","url":"https:\/\/yachtcharterdedrait.nl\/","name":"Yachtcharter De Drait - Friesland, NL","description":"Mieten Sie sich ein Boot f\u00fcr Ihren Traumurlaub","potentialAction":[{"@type":"SearchAction","target":{"@type":"EntryPoint","urlTemplate":"https:\/\/yachtcharterdedrait.nl\/?s={search_term_string}"},"query-input":{"@type":"PropertyValueSpecification","valueRequired":true,"valueName":"search_term_string"}}],"inLanguage":"de"}]}},"_links":{"self":[{"href":"https:\/\/yachtcharterdedrait.nl\/de\/wp-json\/wp\/v2\/pages\/933","targetHints":{"allow":["GET"]}}],"collection":[{"href":"https:\/\/yachtcharterdedrait.nl\/de\/wp-json\/wp\/v2\/pages"}],"about":[{"href":"https:\/\/yachtcharterdedrait.nl\/de\/wp-json\/wp\/v2\/types\/page"}],"author":[{"embeddable":true,"href":"https:\/\/yachtcharterdedrait.nl\/de\/wp-json\/wp\/v2\/users\/1"}],"replies":[{"embeddable":true,"href":"https:\/\/yachtcharterdedrait.nl\/de\/wp-json\/wp\/v2\/comments?post=933"}],"version-history":[{"count":3,"href":"https:\/\/yachtcharterdedrait.nl\/de\/wp-json\/wp\/v2\/pages\/933\/revisions"}],"predecessor-version":[{"id":12082,"href":"https:\/\/yachtcharterdedrait.nl\/de\/wp-json\/wp\/v2\/pages\/933\/revisions\/12082"}],"wp:featuredmedia":[{"embeddable":true,"href":"https:\/\/yachtcharterdedrait.nl\/de\/wp-json\/wp\/v2\/media\/1690"}],"wp:attachment":[{"href":"https:\/\/yachtcharterdedrait.nl\/de\/wp-json\/wp\/v2\/media?parent=933"}],"curies":[{"name":"wp","href":"https:\/\/api.w.org\/{rel}","templated":true}]}}