{"id":947,"date":"2019-08-27T14:16:26","date_gmt":"2019-08-27T14:16:26","guid":{"rendered":"http:\/\/dedrait.convident.website\/nieuwsbrief\/"},"modified":"2025-02-07T12:23:28","modified_gmt":"2025-02-07T12:23:28","slug":"nieuwsbrief","status":"publish","type":"page","link":"https:\/\/yachtcharterdedrait.nl\/de\/nieuwsbrief\/","title":{"rendered":"Newsletter"},"content":{"rendered":"\r\n<p>Ein bis zweimal pro Monat geben wir per E-Mail einen neuen Newsletter heraus.<\/p>\r\n\r\n\r\n\r\n<p>Dieser enth\u00e4lt praktische Tipps, interessante Neuigkeiten rund um die Schifffahrt, Wassersport und einen pers\u00f6nlichen Blick hinter die Kulissen des Yachtcharters. Nat\u00fcrlich informieren wir Sie \u00fcber tolle Urlaubsangebote, last-minute Schn\u00e4ppchen und Rabattaktionen!<\/p>\r\n\r\n\r\n\r\n<p>Wollen Sie nichts verpassen? Meldens Sie sich schnell an:\u00a0<\/p>\r\n\r\n\r\n\r\n<h2 class=\"wp-block-heading\">Newsletter abonnieren<\/h2>\r\n\r\n\r\n<div class=\"frm_forms  with_frm_style frm_style_formidable-stijlen\" id=\"frm_form_7_container\" >\n<form enctype=\"multipart\/form-data\" method=\"post\" class=\"frm-show-form  frm_pro_form \" id=\"form_newslettersubscribe3\" >\n<div class=\"frm_form_fields \">\n<fieldset>\n<legend class=\"frm_screen_reader\">Newsletter subscribe (de)<\/legend>\r\n\r\n<div class=\"frm_fields_container\">\n<input type=\"hidden\" name=\"frm_action\" value=\"create\" \/>\n<input type=\"hidden\" name=\"form_id\" value=\"7\" \/>\n<input type=\"hidden\" name=\"frm_hide_fields_7\" id=\"frm_hide_fields_7\" value=\"\" \/>\n<input type=\"hidden\" name=\"form_key\" value=\"newslettersubscribe3\" \/>\n<input type=\"hidden\" name=\"item_meta[0]\" value=\"\" \/>\n<input type=\"hidden\" id=\"frm_submit_entry_7\" name=\"frm_submit_entry_7\" value=\"ca0eaf71de\" \/><input type=\"hidden\" name=\"_wp_http_referer\" value=\"\/de\/wp-json\/wp\/v2\/pages\/947\" \/><div id=\"frm_field_69_container\" class=\"frm_form_field form-field  frm_required_field frm_none_container\">\r\n    <label for=\"field_yq5xw3\" id=\"field_yq5xw3_label\" class=\"frm_primary_label\">E-Mail-Adresse\r\n        <span class=\"frm_required\">*<\/span>\r\n    <\/label>\r\n    <input type=\"email\" id=\"field_yq5xw3\" name=\"item_meta[69]\" value=\"\"  placeholder=\"E-Mail-Adresse\" data-reqmsg=\"Dit veld mag niet leeg zijn.\" aria-required=\"true\" data-invmsg=\"Email adres is ongeldig\" aria-invalid=\"false\"  \/>\r\n    \r\n    \r\n<\/div>\n<div id=\"frm_field_70_container\" class=\"frm_form_field form-field  frm_none_container\">\r\n    <label for=\"field_moar3\" id=\"field_moar3_label\" class=\"frm_primary_label\">Name\r\n        <span class=\"frm_required\"><\/span>\r\n    <\/label>\r\n    <input  type=\"text\" id=\"field_moar3\" name=\"item_meta[70]\" value=\"\"  placeholder=\"Name\" data-invmsg=\"Tekst is ongeldig\" aria-invalid=\"false\"   \/>\r\n    \r\n    \r\n<\/div>\n<div id=\"frm_field_71_container\" class=\"frm_form_field form-field  frm_none_container\">\r\n    <label for=\"field_z219w3\" id=\"field_z219w3_label\" class=\"frm_primary_label\">Nachname\r\n        <span class=\"frm_required\"><\/span>\r\n    <\/label>\r\n    <input  type=\"text\" id=\"field_z219w3\" name=\"item_meta[71]\" value=\"\"  placeholder=\"Nachname\" data-invmsg=\"Tekst is ongeldig\" aria-invalid=\"false\"   \/>\r\n    \r\n    \r\n<\/div>\n<div id=\"frm_field_131_container\" class=\"frm_form_field form-field  frm_none_container frm_fourth\">\n\t<label for=\"g-recaptcha-response\" id=\"field_xoyey_label\" class=\"frm_primary_label\">Captcha\n\t\t<span class=\"frm_required\" aria-hidden=\"true\"><\/span>\n\t<\/label>\n\t<div  id=\"field_xoyey\" class=\"frm-g-recaptcha\" data-sitekey=\"6LcrT8MUAAAAAArGUe7hHEgv9ahC83OU1CY7ahtd\" data-size=\"compact\" data-theme=\"light\"><\/div>\n\t\n\t\n<\/div>\n<div id=\"frm_field_128_container\" class=\"frm_form_field form-field \">\n\t<div class=\"frm_submit\">\r\n\r\n<button class=\"frm_button_submit frm_final_submit\" type=\"submit\"   formnovalidate=\"formnovalidate\"> Melden Sie sich an<\/button>\r\n\r\n<\/div>\n<\/div>\n\t<input type=\"hidden\" name=\"item_key\" value=\"\" \/>\n\t\t\t<div id=\"frm_field_133_container\">\n\t\t\t<label for=\"field_odxc9\" >\n\t\t\t\tFalls Du menschlich bist, lasse dieses Feld leer.\t\t\t<\/label>\n\t\t\t<input  id=\"field_odxc9\" type=\"text\" class=\"frm_form_field form-field frm_verify\" name=\"item_meta[133]\" value=\"\"  \/>\n\t\t<\/div>\n\t\t<input name=\"frm_state\" type=\"hidden\" value=\"VlJmq\/Dlcy5diydms38MMpBD5JgsUigQ7TDCss8ahpJ+TziqfGdANzBof7JkSbw4\" \/><\/div>\n<\/fieldset>\n<\/div>\n\n<\/form>\n<\/div>\n\n\r\n\r\n\r\n<p>&nbsp;<\/p>\r\n","protected":false},"excerpt":{"rendered":"<p>Ein bis zweimal pro Monat geben wir per E-Mail einen neuen Newsletter heraus. Dieser enth\u00e4lt praktische Tipps, interessante Neuigkeiten rund um die Schifffahrt, Wassersport und einen pers\u00f6nlichen Blick hinter die Kulissen des Yachtcharters. Nat\u00fcrlich informieren wir Sie \u00fcber tolle Urlaubsangebote, last-minute Schn\u00e4ppchen und Rabattaktionen! Wollen Sie nichts verpassen? Meldens Sie sich schnell an:\u00a0 Newsletter abonnieren [&hellip;]<\/p>\n","protected":false},"author":1,"featured_media":1686,"parent":0,"menu_order":0,"comment_status":"closed","ping_status":"closed","template":"","meta":{"inline_featured_image":false,"footnotes":""},"class_list":["post-947","page","type-page","status-publish","has-post-thumbnail","hentry"],"yoast_head":"<!-- This site is optimized with the Yoast SEO plugin v27.1.1 - https:\/\/yoast.com\/product\/yoast-seo-wordpress\/ -->\n<title>Newsletter De Drait Yachting | Yachtcharter | Marina De Drait<\/title>\n<meta name=\"description\" content=\"Auf diese Seite finden Sie die letzten Newsletter von Yachtcharter De Drait, Jachthaven De Drait und andere Informationen zur Wassersport.\" \/>\n<meta name=\"robots\" content=\"index, follow, max-snippet:-1, max-image-preview:large, max-video-preview:-1\" \/>\n<link rel=\"canonical\" href=\"https:\/\/yachtcharterdedrait.nl\/de\/nieuwsbrief\/\" \/>\n<meta property=\"og:locale\" content=\"de_DE\" \/>\n<meta property=\"og:type\" content=\"article\" \/>\n<meta property=\"og:title\" content=\"Newsletter De Drait Yachting | Yachtcharter | Marina De Drait\" \/>\n<meta property=\"og:description\" content=\"Auf diese Seite finden Sie die letzten Newsletter von Yachtcharter De Drait, Jachthaven De Drait und andere Informationen zur Wassersport.\" \/>\n<meta property=\"og:url\" content=\"https:\/\/yachtcharterdedrait.nl\/de\/nieuwsbrief\/\" \/>\n<meta property=\"og:site_name\" content=\"Yachtcharter De Drait - Friesland, NL\" \/>\n<meta property=\"article:modified_time\" content=\"2025-02-07T12:23:28+00:00\" \/>\n<meta property=\"og:image\" content=\"https:\/\/yachtcharterdedrait.nl\/wp-content\/uploads\/2019\/10\/Advantage-38.jpg\" \/>\n\t<meta property=\"og:image:width\" content=\"1920\" \/>\n\t<meta property=\"og:image:height\" content=\"378\" \/>\n\t<meta property=\"og:image:type\" content=\"image\/jpeg\" \/>\n<meta name=\"twitter:card\" content=\"summary_large_image\" \/>\n<meta name=\"twitter:label1\" content=\"Gesch\u00e4tzte Lesezeit\" \/>\n\t<meta name=\"twitter:data1\" content=\"1\u00a0Minute\" \/>\n<script type=\"application\/ld+json\" class=\"yoast-schema-graph\">{\"@context\":\"https:\/\/schema.org\",\"@graph\":[{\"@type\":\"WebPage\",\"@id\":\"https:\/\/yachtcharterdedrait.nl\/de\/nieuwsbrief\/\",\"url\":\"https:\/\/yachtcharterdedrait.nl\/de\/nieuwsbrief\/\",\"name\":\"Newsletter De Drait Yachting | Yachtcharter | Marina De Drait\",\"isPartOf\":{\"@id\":\"https:\/\/yachtcharterdedrait.nl\/#website\"},\"primaryImageOfPage\":{\"@id\":\"https:\/\/yachtcharterdedrait.nl\/de\/nieuwsbrief\/#primaryimage\"},\"image\":{\"@id\":\"https:\/\/yachtcharterdedrait.nl\/de\/nieuwsbrief\/#primaryimage\"},\"thumbnailUrl\":\"https:\/\/yachtcharterdedrait.nl\/wp-content\/uploads\/2019\/10\/Advantage-38.jpg\",\"datePublished\":\"2019-08-27T14:16:26+00:00\",\"dateModified\":\"2025-02-07T12:23:28+00:00\",\"description\":\"Auf diese Seite finden Sie die letzten Newsletter von Yachtcharter De Drait, Jachthaven De Drait und andere Informationen zur Wassersport.\",\"breadcrumb\":{\"@id\":\"https:\/\/yachtcharterdedrait.nl\/de\/nieuwsbrief\/#breadcrumb\"},\"inLanguage\":\"de\",\"potentialAction\":[{\"@type\":\"ReadAction\",\"target\":[\"https:\/\/yachtcharterdedrait.nl\/de\/nieuwsbrief\/\"]}]},{\"@type\":\"ImageObject\",\"inLanguage\":\"de\",\"@id\":\"https:\/\/yachtcharterdedrait.nl\/de\/nieuwsbrief\/#primaryimage\",\"url\":\"https:\/\/yachtcharterdedrait.nl\/wp-content\/uploads\/2019\/10\/Advantage-38.jpg\",\"contentUrl\":\"https:\/\/yachtcharterdedrait.nl\/wp-content\/uploads\/2019\/10\/Advantage-38.jpg\",\"width\":1920,\"height\":378,\"caption\":\"nieuwsbrief\"},{\"@type\":\"BreadcrumbList\",\"@id\":\"https:\/\/yachtcharterdedrait.nl\/de\/nieuwsbrief\/#breadcrumb\",\"itemListElement\":[{\"@type\":\"ListItem\",\"position\":1,\"name\":\"Home\",\"item\":\"https:\/\/yachtcharterdedrait.nl\/de\/\"},{\"@type\":\"ListItem\",\"position\":2,\"name\":\"Newsletter\"}]},{\"@type\":\"WebSite\",\"@id\":\"https:\/\/yachtcharterdedrait.nl\/#website\",\"url\":\"https:\/\/yachtcharterdedrait.nl\/\",\"name\":\"Yachtcharter De Drait - Friesland, NL\",\"description\":\"Mieten Sie sich ein Boot f\u00fcr Ihren Traumurlaub\",\"potentialAction\":[{\"@type\":\"SearchAction\",\"target\":{\"@type\":\"EntryPoint\",\"urlTemplate\":\"https:\/\/yachtcharterdedrait.nl\/?s={search_term_string}\"},\"query-input\":{\"@type\":\"PropertyValueSpecification\",\"valueRequired\":true,\"valueName\":\"search_term_string\"}}],\"inLanguage\":\"de\"}]}<\/script>\n<!-- \/ Yoast SEO plugin. -->","yoast_head_json":{"title":"Newsletter De Drait Yachting | Yachtcharter | Marina De Drait","description":"Auf diese Seite finden Sie die letzten Newsletter von Yachtcharter De Drait, Jachthaven De Drait und andere Informationen zur Wassersport.","robots":{"index":"index","follow":"follow","max-snippet":"max-snippet:-1","max-image-preview":"max-image-preview:large","max-video-preview":"max-video-preview:-1"},"canonical":"https:\/\/yachtcharterdedrait.nl\/de\/nieuwsbrief\/","og_locale":"de_DE","og_type":"article","og_title":"Newsletter De Drait Yachting | Yachtcharter | Marina De Drait","og_description":"Auf diese Seite finden Sie die letzten Newsletter von Yachtcharter De Drait, Jachthaven De Drait und andere Informationen zur Wassersport.","og_url":"https:\/\/yachtcharterdedrait.nl\/de\/nieuwsbrief\/","og_site_name":"Yachtcharter De Drait - Friesland, NL","article_modified_time":"2025-02-07T12:23:28+00:00","og_image":[{"width":1920,"height":378,"url":"https:\/\/yachtcharterdedrait.nl\/wp-content\/uploads\/2019\/10\/Advantage-38.jpg","type":"image\/jpeg"}],"twitter_card":"summary_large_image","twitter_misc":{"Gesch\u00e4tzte Lesezeit":"1\u00a0Minute"},"schema":{"@context":"https:\/\/schema.org","@graph":[{"@type":"WebPage","@id":"https:\/\/yachtcharterdedrait.nl\/de\/nieuwsbrief\/","url":"https:\/\/yachtcharterdedrait.nl\/de\/nieuwsbrief\/","name":"Newsletter De Drait Yachting | Yachtcharter | Marina De Drait","isPartOf":{"@id":"https:\/\/yachtcharterdedrait.nl\/#website"},"primaryImageOfPage":{"@id":"https:\/\/yachtcharterdedrait.nl\/de\/nieuwsbrief\/#primaryimage"},"image":{"@id":"https:\/\/yachtcharterdedrait.nl\/de\/nieuwsbrief\/#primaryimage"},"thumbnailUrl":"https:\/\/yachtcharterdedrait.nl\/wp-content\/uploads\/2019\/10\/Advantage-38.jpg","datePublished":"2019-08-27T14:16:26+00:00","dateModified":"2025-02-07T12:23:28+00:00","description":"Auf diese Seite finden Sie die letzten Newsletter von Yachtcharter De Drait, Jachthaven De Drait und andere Informationen zur Wassersport.","breadcrumb":{"@id":"https:\/\/yachtcharterdedrait.nl\/de\/nieuwsbrief\/#breadcrumb"},"inLanguage":"de","potentialAction":[{"@type":"ReadAction","target":["https:\/\/yachtcharterdedrait.nl\/de\/nieuwsbrief\/"]}]},{"@type":"ImageObject","inLanguage":"de","@id":"https:\/\/yachtcharterdedrait.nl\/de\/nieuwsbrief\/#primaryimage","url":"https:\/\/yachtcharterdedrait.nl\/wp-content\/uploads\/2019\/10\/Advantage-38.jpg","contentUrl":"https:\/\/yachtcharterdedrait.nl\/wp-content\/uploads\/2019\/10\/Advantage-38.jpg","width":1920,"height":378,"caption":"nieuwsbrief"},{"@type":"BreadcrumbList","@id":"https:\/\/yachtcharterdedrait.nl\/de\/nieuwsbrief\/#breadcrumb","itemListElement":[{"@type":"ListItem","position":1,"name":"Home","item":"https:\/\/yachtcharterdedrait.nl\/de\/"},{"@type":"ListItem","position":2,"name":"Newsletter"}]},{"@type":"WebSite","@id":"https:\/\/yachtcharterdedrait.nl\/#website","url":"https:\/\/yachtcharterdedrait.nl\/","name":"Yachtcharter De Drait - Friesland, NL","description":"Mieten Sie sich ein Boot f\u00fcr Ihren Traumurlaub","potentialAction":[{"@type":"SearchAction","target":{"@type":"EntryPoint","urlTemplate":"https:\/\/yachtcharterdedrait.nl\/?s={search_term_string}"},"query-input":{"@type":"PropertyValueSpecification","valueRequired":true,"valueName":"search_term_string"}}],"inLanguage":"de"}]}},"_links":{"self":[{"href":"https:\/\/yachtcharterdedrait.nl\/de\/wp-json\/wp\/v2\/pages\/947","targetHints":{"allow":["GET"]}}],"collection":[{"href":"https:\/\/yachtcharterdedrait.nl\/de\/wp-json\/wp\/v2\/pages"}],"about":[{"href":"https:\/\/yachtcharterdedrait.nl\/de\/wp-json\/wp\/v2\/types\/page"}],"author":[{"embeddable":true,"href":"https:\/\/yachtcharterdedrait.nl\/de\/wp-json\/wp\/v2\/users\/1"}],"replies":[{"embeddable":true,"href":"https:\/\/yachtcharterdedrait.nl\/de\/wp-json\/wp\/v2\/comments?post=947"}],"version-history":[{"count":1,"href":"https:\/\/yachtcharterdedrait.nl\/de\/wp-json\/wp\/v2\/pages\/947\/revisions"}],"predecessor-version":[{"id":10700,"href":"https:\/\/yachtcharterdedrait.nl\/de\/wp-json\/wp\/v2\/pages\/947\/revisions\/10700"}],"wp:featuredmedia":[{"embeddable":true,"href":"https:\/\/yachtcharterdedrait.nl\/de\/wp-json\/wp\/v2\/media\/1686"}],"wp:attachment":[{"href":"https:\/\/yachtcharterdedrait.nl\/de\/wp-json\/wp\/v2\/media?parent=947"}],"curies":[{"name":"wp","href":"https:\/\/api.w.org\/{rel}","templated":true}]}}