{"id":970,"date":"2019-08-28T09:01:20","date_gmt":"2019-08-28T09:01:20","guid":{"rendered":"http:\/\/dedrait.convident.website\/contact\/"},"modified":"2023-11-27T14:36:49","modified_gmt":"2023-11-27T14:36:49","slug":"kontakt","status":"publish","type":"page","link":"https:\/\/yachtcharterdedrait.nl\/de\/kontakt\/","title":{"rendered":"Kontakt"},"content":{"rendered":"<p><\/p>\r\n<div class=\"wp-block-columns has-2-columns is-layout-flex wp-container-core-columns-is-layout-9d6595d7 wp-block-columns-is-layout-flex\">\r\n<div class=\"wp-block-column\">\r\n<h2>Kontaktieren Sie Yachtcharter De Drait<\/h2>\r\n<p>M\u00f6chten Sie Yachtcharter De Drait kontaktieren? Zum Beispiel, weil Sie eine Frage zu einer unserer Yachten haben, neugierig auf saisonale Angebote sind, eine Frage zu Ihrem Angebot, Ihrer Option oder Buchung oder wegen einer anderen Frage? Dann f\u00fcllen Sie das Formular auf dieser Seite aus. Sie k\u00f6nnen uns auch telefonisch oder per E-Mail kontaktieren. Wir werden Ihre Frage schnellstm\u00f6glich beantworten.<\/p>\r\n<p><img decoding=\"async\" class=\"wp-image-218 lazyload\" data-src=\"https:\/\/yachtcharterdedrait.nl\/wp-content\/uploads\/2019\/08\/eee37fa4b360f8d7553cefe28ce30766ae6729f6-1024x678.jpg\" alt=\"boot drachten\" src=\"data:image\/svg+xml;base64,PHN2ZyB3aWR0aD0iMSIgaGVpZ2h0PSIxIiB4bWxucz0iaHR0cDovL3d3dy53My5vcmcvMjAwMC9zdmciPjwvc3ZnPg==\" style=\"--smush-placeholder-width: 1024px; --smush-placeholder-aspect-ratio: 1024\/678;\" \/><\/p>\r\n<\/div>\r\n<div class=\"wp-block-column\"><div class=\"frm_forms  with_frm_style frm_style_formidable-stijlen\" id=\"frm_form_1_container\" >\n<form enctype=\"multipart\/form-data\" method=\"post\" class=\"frm-show-form  frm_pro_form \" id=\"form_contact-form\" >\n<div class=\"frm_form_fields \">\n<fieldset>\n<legend class=\"frm_screen_reader\">Contactformulier<\/legend>\r\n\r\n<div class=\"frm_fields_container\">\n<input type=\"hidden\" name=\"frm_action\" value=\"create\" \/>\n<input type=\"hidden\" name=\"form_id\" value=\"1\" \/>\n<input type=\"hidden\" name=\"frm_hide_fields_1\" id=\"frm_hide_fields_1\" value=\"\" \/>\n<input type=\"hidden\" name=\"form_key\" value=\"contact-form\" \/>\n<input type=\"hidden\" name=\"item_meta[0]\" value=\"\" \/>\n<input type=\"hidden\" id=\"frm_submit_entry_1\" name=\"frm_submit_entry_1\" value=\"ca0eaf71de\" \/><input type=\"hidden\" name=\"_wp_http_referer\" value=\"\/de\/wp-json\/wp\/v2\/pages\/970\" \/><div id=\"frm_field_2_container\" class=\"frm_form_field form-field  frm_required_field frm_top_container\">\r\n    <label for=\"field_ocfup1\" id=\"field_ocfup1_label\" class=\"frm_primary_label\">Naam\r\n        <span class=\"frm_required\">*<\/span>\r\n    <\/label>\r\n    <input  type=\"text\" id=\"field_ocfup1\" name=\"item_meta[2]\" value=\"\"  data-reqmsg=\"Dit veld mag niet leeg zijn.\" aria-required=\"true\" data-invmsg=\"Last is invalid\" aria-invalid=\"false\"   \/>\r\n    \r\n    \r\n<\/div>\n<div id=\"frm_field_3_container\" class=\"frm_form_field form-field  frm_required_field frm_top_container frm_full\">\r\n    <label for=\"field_29yf4d\" id=\"field_29yf4d_label\" class=\"frm_primary_label\">Email\r\n        <span class=\"frm_required\">*<\/span>\r\n    <\/label>\r\n    <input type=\"email\" id=\"field_29yf4d\" name=\"item_meta[3]\" value=\"\"  data-reqmsg=\"Dit veld mag niet leeg zijn.\" aria-required=\"true\" data-invmsg=\"Please enter a valid email address\" aria-invalid=\"false\"  \/>\r\n    \r\n    \r\n<\/div>\n<div id=\"frm_field_4_container\" class=\"frm_form_field form-field  frm_top_container frm_full\">\r\n    <label for=\"field_e6lis6\" id=\"field_e6lis6_label\" class=\"frm_primary_label\">Onderwerp\r\n        <span class=\"frm_required\"><\/span>\r\n    <\/label>\r\n    <input  type=\"text\" id=\"field_e6lis6\" name=\"item_meta[4]\" value=\"\"  data-invmsg=\"Subject is invalid\" aria-invalid=\"false\"   \/>\r\n    \r\n    \r\n<\/div>\n<div id=\"frm_field_5_container\" class=\"frm_form_field form-field  frm_required_field frm_top_container frm_full\">\r\n    <label for=\"field_9jv0r1\" id=\"field_9jv0r1_label\" class=\"frm_primary_label\">Bericht\r\n        <span class=\"frm_required\">*<\/span>\r\n    <\/label>\r\n    <textarea name=\"item_meta[5]\" id=\"field_9jv0r1\" rows=\"5\"  data-reqmsg=\"Dit veld mag niet leeg zijn.\" aria-required=\"true\" data-invmsg=\"Bericht is ongeldig\" aria-invalid=\"false\"  ><\/textarea>\r\n    \r\n    \r\n<\/div>\n<div id=\"frm_field_65_container\" class=\"frm_form_field form-field  frm_top_container\">\r\n    <div  id=\"field_gip3l_label\" class=\"frm_primary_label\">Captcha\r\n        <span class=\"frm_required\"><\/span>\r\n    <\/div>\r\n    <div  id=\"field_gip3l\" class=\"frm-g-recaptcha\" data-sitekey=\"6LcrT8MUAAAAAArGUe7hHEgv9ahC83OU1CY7ahtd\" data-size=\"compact\" data-theme=\"light\"><\/div>\r\n    \r\n    \r\n<\/div>\n<div id=\"frm_field_130_container\" class=\"frm_form_field form-field \">\r\n\t<div class=\"frm_submit\">\r\n\r\n<button class=\"frm_button_submit frm_final_submit\" type=\"submit\"   formnovalidate=\"formnovalidate\">Verzenden<\/button>\r\n\r\n<\/div>\r\n<\/div>\n\t<input type=\"hidden\" name=\"item_key\" value=\"\" \/>\n\t\t\t<div id=\"frm_field_133_container\">\n\t\t\t<label for=\"field_3sfq6\" >\n\t\t\t\tFalls Du menschlich bist, lasse dieses Feld leer.\t\t\t<\/label>\n\t\t\t<input  id=\"field_3sfq6\" type=\"text\" class=\"frm_form_field form-field frm_verify\" name=\"item_meta[133]\" value=\"\"  \/>\n\t\t<\/div>\n\t\t<input name=\"frm_state\" type=\"hidden\" value=\"VlJmq\/Dlcy5diydms38MMl66w5cHv0700tSN1tf70z1+TziqfGdANzBof7JkSbw4\" \/><\/div>\n<\/fieldset>\n<\/div>\n\n<\/form>\n<\/div>\n<\/div>\r\n<div>\u00a0<\/div>\r\n<\/div>\r\n<hr \/>\r\n<h2>\u00d6ffnungszeiten und Kontaktdaten Yachtcharter De Drait Hauptsitz und Postanschrift<\/h2>\r\n<p>Sie haben eine Frage zu einer Bewerbung, Option oder Buchung an einem unserer Standorte? Bitte kontaktieren Sie uns \u00fcber die untenstehenden Kontaktdaten. Am Ende dieser Seite finden Sie auch die Kontaktdaten und Adressen der vier Mietstationen von Yachtcharter De Drait.<\/p>\r\n<div class=\"wp-block-columns has-2-columns\">\r\n<div class=\"wp-block-column\">\r\n\r\n\r\n<p><strong>Yachtcharter De Drait b.v.<\/strong><br \/>Biskopswei 27\u00a0<br \/>9213 VM De Wilgen (Drachten)<br \/><a href=\"tel:+31512513276\">+31512513276<\/a><br \/><a class=\"\" href=\"mailto:contact@dedrait.com\" target=\"\" rel=\"noopener\">contact@dedrait.com<\/a><\/p>\r\n\r\n\r\n\r\n<figure class=\"wp-block-table\">\r\n<table>\r\n<tbody>\r\n<tr>\r\n<td>Montag:<\/td>\r\n<td>09.00 \u2013 17.00 uur<\/td>\r\n<\/tr>\r\n<tr>\r\n<td>Dienstag:<\/td>\r\n<td>09.00 \u2013 17.00 uur<\/td>\r\n<\/tr>\r\n<tr>\r\n<td>Mittwoch:<\/td>\r\n<td>09.00 \u2013 17.00 uur<\/td>\r\n<\/tr>\r\n<tr>\r\n<td>Donnerstag:<\/td>\r\n<td>09.00 \u2013 17.00 uur<\/td>\r\n<\/tr>\r\n<tr>\r\n<td>Freitag:<\/td>\r\n<td>09.00 \u2013 17.00 uur<\/td>\r\n<\/tr>\r\n<tr>\r\n<td>Samstag:<\/td>\r\n<td>09.00 \u2013 16.00 uur<\/td>\r\n<\/tr>\r\n<tr>\r\n<td>Sontag:<\/td>\r\n<td>Mit Absprache. Ab dem 01. April bis zum 01. November ist unser Hafenmeister zwischen 10 und 17 Uhr anwesend.<\/td>\r\n<\/tr>\r\n<\/tbody>\r\n<\/table>\r\n<div class=\"wp-block-column\">\u00a0<\/div>\r\n<\/figure>\r\n<\/div>\r\n<\/div>\r\n<p><iframe style=\"border: 0;\" data-src=\"https:\/\/www.google.com\/maps\/embed?pb=!1m18!1m12!1m3!1d4791.124383799312!2d6.042509933541557!3d53.10009738473468!2m3!1f0!2f0!3f0!3m2!1i1024!2i768!4f13.1!3m3!1m2!1s0x47c8505647c42025%3A0x5c39e85f1c843bf!2sYachtcharter%20De%20Drait%20BV!5e0!3m2!1snl!2snl!4v1642244383695!5m2!1snl!2snl\" width=\"600\" height=\"450\" allowfullscreen=\"allowfullscreen\" data-mce-fragment=\"1\" src=\"data:image\/svg+xml;base64,PHN2ZyB3aWR0aD0iMSIgaGVpZ2h0PSIxIiB4bWxucz0iaHR0cDovL3d3dy53My5vcmcvMjAwMC9zdmciPjwvc3ZnPg==\" class=\"lazyload\" data-load-mode=\"1\"><\/iframe><\/p>\r\n<div class=\"wp-block-columns has-2-columns\">\r\n<div>\u00a0<\/div>\r\n<\/div>\r\n<hr \/>\r\n<h2>Standorte Friesland &#8211; Niederlande<\/h2>\r\n<p>Yachtcharter De Drait hat zwei Standorte in Friesland &#8211; Niederlande. Diese befinden sich in Drachten und Woudsend.<\/p>\r\n<h3>Standort Drachten &#8211; Friesland\u00a0<\/h3>\r\n<p>Yachtcharter De Drait Drachten<br \/>Buitenstvallaat 2b\u00a0<br \/>9204 WX Drachten<br \/><a href=\"tel:+31512513276\">+31512513276<\/a><br \/><a class=\"\" href=\"mailto:contact@dedrait.com\" target=\"\" rel=\"noopener\">contact@dedrait.com<\/a><\/p>\r\n<p>Planen Sie <a href=\"https:\/\/www.google.com\/maps\/place\/Yachtcharter+De+Drait+BV\/@53.1003003,6.0446986,17z\/data=!3m1!4b1!4m5!3m4!1s0x47c8505647c42025:0x5c39e85f1c843bf!8m2!3d53.1002783!4d6.046923\" target=\"_blank\" rel=\"noopener\">hier<\/a> Ihre Route und sehen Sie sich die \u00d6ffnungszeiten an<\/p>\r\n<h3>Standort Woudsend &#8211; Friesland<\/h3>\r\n<p>Yachtcharter De Drait Woudsend &#8211; Klompmaker<br \/>De Zwaan 20 <br \/>8551 RK Woudsend<br \/><a href=\"tel:+31514564447\">+31514564447<\/a><br \/><a href=\"mailto:contact@dedrait.com\">contact@dedrait.com<\/a> \/ <a href=\"mailto:woudsend@dedrait.com\">woudsend@dedrait.com<\/a><\/p>\r\n<p>Planen Sie <a href=\"https:\/\/www.google.com\/maps\/place\/Yachtcharter+De+Drait+Woudsend+-+Klompmaker\/@52.9451536,5.6397836,17z\/data=!3m1!4b1!4m5!3m4!1s0x47c8ed7c22d9b3a7:0xdab5d898cd2b2053!8m2!3d52.9451504!4d5.6419723\" target=\"_blank\" rel=\"noopener\">hier<\/a> Ihre Route und sehen Sie sich die \u00d6ffnungszeiten an.<\/p>\r\n<hr \/>\r\n<h2>Standorte Duitsland<\/h2>\r\n<p>Yachtcharter De Drait ein Standort in Deutschland in Brandenburg an der Havel.<\/p>\r\n<h3>Standort Brandenburg an der Havel<\/h3>\r\n<p>Yachtcharter De Drait Brandenburg (DE)<br \/>Gro\u00dfe M\u00fchlenstrasse 10\u00a0<br \/>14774 Brandenburg an der Havel<br \/><a href=\"tel:+493381604590\" data-wpel-link=\"internal\">+49 338 160 4590<\/a><br \/><a href=\"mailto:contact@dedrait.com\">contact@dedrait.com<\/a>\u00a0\/\u00a0<a href=\"mailto:brandenburg@dedrait.com\">brandenburg@dedrait.com<\/a><\/p>\r\n<p>Planen Sie <a href=\"https:\/\/www.google.com\/maps\/place\/Yachtcharter+De+Drait+Brandenburg\/@52.4138653,12.4218576,17z\/data=!3m1!4b1!4m5!3m4!1s0x47a8c7986ad7f50b:0x85b01ba0435e1a44!8m2!3d52.413862!4d12.4240463\" target=\"_blank\" rel=\"noopener\">hier<\/a> Ihre Route und sehen Sie sich die \u00d6ffnungszeiten an.<\/p>","protected":false},"excerpt":{"rendered":"<p>Kontaktieren Sie Yachtcharter De Drait M\u00f6chten Sie Yachtcharter De Drait kontaktieren? Zum Beispiel, weil Sie eine Frage zu einer unserer Yachten haben, neugierig auf saisonale Angebote sind, eine Frage zu Ihrem Angebot, Ihrer Option oder Buchung oder wegen einer anderen Frage? Dann f\u00fcllen Sie das Formular auf dieser Seite aus. Sie k\u00f6nnen uns auch telefonisch [&hellip;]<\/p>\n","protected":false},"author":1,"featured_media":1626,"parent":0,"menu_order":0,"comment_status":"closed","ping_status":"closed","template":"template-page-no-sidebar.php","meta":{"inline_featured_image":false,"footnotes":""},"class_list":["post-970","page","type-page","status-publish","has-post-thumbnail","hentry"],"yoast_head":"<!-- This site is optimized with the Yoast SEO plugin v27.1.1 - https:\/\/yoast.com\/product\/yoast-seo-wordpress\/ -->\n<title>Nehmen Sie einfach kontakt auf mit Yachtcharter De Drait<\/title>\n<meta name=\"description\" content=\"Nehmen Sie einfach kontakt auf mit Yachtcharter De Drait in Drachten oder Brandenburg bei Fragen oder spezielle W\u00fcnschen.\" \/>\n<meta name=\"robots\" content=\"index, follow, max-snippet:-1, max-image-preview:large, max-video-preview:-1\" \/>\n<link rel=\"canonical\" href=\"https:\/\/yachtcharterdedrait.nl\/de\/kontakt\/\" \/>\n<meta property=\"og:locale\" content=\"de_DE\" \/>\n<meta property=\"og:type\" content=\"article\" \/>\n<meta property=\"og:title\" content=\"Nehmen Sie einfach kontakt auf mit Yachtcharter De Drait\" \/>\n<meta property=\"og:description\" content=\"Nehmen Sie einfach kontakt auf mit Yachtcharter De Drait in Drachten oder Brandenburg bei Fragen oder spezielle W\u00fcnschen.\" \/>\n<meta property=\"og:url\" content=\"https:\/\/yachtcharterdedrait.nl\/de\/kontakt\/\" \/>\n<meta property=\"og:site_name\" content=\"Yachtcharter De Drait - Friesland, NL\" \/>\n<meta property=\"article:modified_time\" content=\"2023-11-27T14:36:49+00:00\" \/>\n<meta property=\"og:image\" content=\"https:\/\/yachtcharterdedrait.nl\/wp-content\/uploads\/2019\/10\/Motorboot-in-Berlijn-centrum-1.jpeg\" \/>\n\t<meta property=\"og:image:width\" content=\"1920\" \/>\n\t<meta property=\"og:image:height\" content=\"378\" \/>\n\t<meta property=\"og:image:type\" content=\"image\/jpeg\" \/>\n<meta name=\"twitter:card\" content=\"summary_large_image\" \/>\n<meta name=\"twitter:label1\" content=\"Gesch\u00e4tzte Lesezeit\" \/>\n\t<meta name=\"twitter:data1\" content=\"2\u00a0Minuten\" \/>\n<script type=\"application\/ld+json\" class=\"yoast-schema-graph\">{\"@context\":\"https:\/\/schema.org\",\"@graph\":[{\"@type\":\"WebPage\",\"@id\":\"https:\/\/yachtcharterdedrait.nl\/de\/kontakt\/\",\"url\":\"https:\/\/yachtcharterdedrait.nl\/de\/kontakt\/\",\"name\":\"Nehmen Sie einfach kontakt auf mit Yachtcharter De Drait\",\"isPartOf\":{\"@id\":\"https:\/\/yachtcharterdedrait.nl\/#website\"},\"primaryImageOfPage\":{\"@id\":\"https:\/\/yachtcharterdedrait.nl\/de\/kontakt\/#primaryimage\"},\"image\":{\"@id\":\"https:\/\/yachtcharterdedrait.nl\/de\/kontakt\/#primaryimage\"},\"thumbnailUrl\":\"https:\/\/yachtcharterdedrait.nl\/wp-content\/uploads\/2019\/10\/Motorboot-in-Berlijn-centrum-1.jpeg\",\"datePublished\":\"2019-08-28T09:01:20+00:00\",\"dateModified\":\"2023-11-27T14:36:49+00:00\",\"description\":\"Nehmen Sie einfach kontakt auf mit Yachtcharter De Drait in Drachten oder Brandenburg bei Fragen oder spezielle W\u00fcnschen.\",\"breadcrumb\":{\"@id\":\"https:\/\/yachtcharterdedrait.nl\/de\/kontakt\/#breadcrumb\"},\"inLanguage\":\"de\",\"potentialAction\":[{\"@type\":\"ReadAction\",\"target\":[\"https:\/\/yachtcharterdedrait.nl\/de\/kontakt\/\"]}]},{\"@type\":\"ImageObject\",\"inLanguage\":\"de\",\"@id\":\"https:\/\/yachtcharterdedrait.nl\/de\/kontakt\/#primaryimage\",\"url\":\"https:\/\/yachtcharterdedrait.nl\/wp-content\/uploads\/2019\/10\/Motorboot-in-Berlijn-centrum-1.jpeg\",\"contentUrl\":\"https:\/\/yachtcharterdedrait.nl\/wp-content\/uploads\/2019\/10\/Motorboot-in-Berlijn-centrum-1.jpeg\",\"width\":1920,\"height\":378},{\"@type\":\"BreadcrumbList\",\"@id\":\"https:\/\/yachtcharterdedrait.nl\/de\/kontakt\/#breadcrumb\",\"itemListElement\":[{\"@type\":\"ListItem\",\"position\":1,\"name\":\"Home\",\"item\":\"https:\/\/yachtcharterdedrait.nl\/de\/\"},{\"@type\":\"ListItem\",\"position\":2,\"name\":\"Kontakt\"}]},{\"@type\":\"WebSite\",\"@id\":\"https:\/\/yachtcharterdedrait.nl\/#website\",\"url\":\"https:\/\/yachtcharterdedrait.nl\/\",\"name\":\"Yachtcharter De Drait - Friesland, NL\",\"description\":\"Mieten Sie sich ein Boot f\u00fcr Ihren Traumurlaub\",\"potentialAction\":[{\"@type\":\"SearchAction\",\"target\":{\"@type\":\"EntryPoint\",\"urlTemplate\":\"https:\/\/yachtcharterdedrait.nl\/?s={search_term_string}\"},\"query-input\":{\"@type\":\"PropertyValueSpecification\",\"valueRequired\":true,\"valueName\":\"search_term_string\"}}],\"inLanguage\":\"de\"}]}<\/script>\n<!-- \/ Yoast SEO plugin. -->","yoast_head_json":{"title":"Nehmen Sie einfach kontakt auf mit Yachtcharter De Drait","description":"Nehmen Sie einfach kontakt auf mit Yachtcharter De Drait in Drachten oder Brandenburg bei Fragen oder spezielle W\u00fcnschen.","robots":{"index":"index","follow":"follow","max-snippet":"max-snippet:-1","max-image-preview":"max-image-preview:large","max-video-preview":"max-video-preview:-1"},"canonical":"https:\/\/yachtcharterdedrait.nl\/de\/kontakt\/","og_locale":"de_DE","og_type":"article","og_title":"Nehmen Sie einfach kontakt auf mit Yachtcharter De Drait","og_description":"Nehmen Sie einfach kontakt auf mit Yachtcharter De Drait in Drachten oder Brandenburg bei Fragen oder spezielle W\u00fcnschen.","og_url":"https:\/\/yachtcharterdedrait.nl\/de\/kontakt\/","og_site_name":"Yachtcharter De Drait - Friesland, NL","article_modified_time":"2023-11-27T14:36:49+00:00","og_image":[{"width":1920,"height":378,"url":"https:\/\/yachtcharterdedrait.nl\/wp-content\/uploads\/2019\/10\/Motorboot-in-Berlijn-centrum-1.jpeg","type":"image\/jpeg"}],"twitter_card":"summary_large_image","twitter_misc":{"Gesch\u00e4tzte Lesezeit":"2\u00a0Minuten"},"schema":{"@context":"https:\/\/schema.org","@graph":[{"@type":"WebPage","@id":"https:\/\/yachtcharterdedrait.nl\/de\/kontakt\/","url":"https:\/\/yachtcharterdedrait.nl\/de\/kontakt\/","name":"Nehmen Sie einfach kontakt auf mit Yachtcharter De Drait","isPartOf":{"@id":"https:\/\/yachtcharterdedrait.nl\/#website"},"primaryImageOfPage":{"@id":"https:\/\/yachtcharterdedrait.nl\/de\/kontakt\/#primaryimage"},"image":{"@id":"https:\/\/yachtcharterdedrait.nl\/de\/kontakt\/#primaryimage"},"thumbnailUrl":"https:\/\/yachtcharterdedrait.nl\/wp-content\/uploads\/2019\/10\/Motorboot-in-Berlijn-centrum-1.jpeg","datePublished":"2019-08-28T09:01:20+00:00","dateModified":"2023-11-27T14:36:49+00:00","description":"Nehmen Sie einfach kontakt auf mit Yachtcharter De Drait in Drachten oder Brandenburg bei Fragen oder spezielle W\u00fcnschen.","breadcrumb":{"@id":"https:\/\/yachtcharterdedrait.nl\/de\/kontakt\/#breadcrumb"},"inLanguage":"de","potentialAction":[{"@type":"ReadAction","target":["https:\/\/yachtcharterdedrait.nl\/de\/kontakt\/"]}]},{"@type":"ImageObject","inLanguage":"de","@id":"https:\/\/yachtcharterdedrait.nl\/de\/kontakt\/#primaryimage","url":"https:\/\/yachtcharterdedrait.nl\/wp-content\/uploads\/2019\/10\/Motorboot-in-Berlijn-centrum-1.jpeg","contentUrl":"https:\/\/yachtcharterdedrait.nl\/wp-content\/uploads\/2019\/10\/Motorboot-in-Berlijn-centrum-1.jpeg","width":1920,"height":378},{"@type":"BreadcrumbList","@id":"https:\/\/yachtcharterdedrait.nl\/de\/kontakt\/#breadcrumb","itemListElement":[{"@type":"ListItem","position":1,"name":"Home","item":"https:\/\/yachtcharterdedrait.nl\/de\/"},{"@type":"ListItem","position":2,"name":"Kontakt"}]},{"@type":"WebSite","@id":"https:\/\/yachtcharterdedrait.nl\/#website","url":"https:\/\/yachtcharterdedrait.nl\/","name":"Yachtcharter De Drait - Friesland, NL","description":"Mieten Sie sich ein Boot f\u00fcr Ihren Traumurlaub","potentialAction":[{"@type":"SearchAction","target":{"@type":"EntryPoint","urlTemplate":"https:\/\/yachtcharterdedrait.nl\/?s={search_term_string}"},"query-input":{"@type":"PropertyValueSpecification","valueRequired":true,"valueName":"search_term_string"}}],"inLanguage":"de"}]}},"_links":{"self":[{"href":"https:\/\/yachtcharterdedrait.nl\/de\/wp-json\/wp\/v2\/pages\/970","targetHints":{"allow":["GET"]}}],"collection":[{"href":"https:\/\/yachtcharterdedrait.nl\/de\/wp-json\/wp\/v2\/pages"}],"about":[{"href":"https:\/\/yachtcharterdedrait.nl\/de\/wp-json\/wp\/v2\/types\/page"}],"author":[{"embeddable":true,"href":"https:\/\/yachtcharterdedrait.nl\/de\/wp-json\/wp\/v2\/users\/1"}],"replies":[{"embeddable":true,"href":"https:\/\/yachtcharterdedrait.nl\/de\/wp-json\/wp\/v2\/comments?post=970"}],"version-history":[{"count":0,"href":"https:\/\/yachtcharterdedrait.nl\/de\/wp-json\/wp\/v2\/pages\/970\/revisions"}],"wp:featuredmedia":[{"embeddable":true,"href":"https:\/\/yachtcharterdedrait.nl\/de\/wp-json\/wp\/v2\/media\/1626"}],"wp:attachment":[{"href":"https:\/\/yachtcharterdedrait.nl\/de\/wp-json\/wp\/v2\/media?parent=970"}],"curies":[{"name":"wp","href":"https:\/\/api.w.org\/{rel}","templated":true}]}}