{"id":989,"date":"2019-09-19T07:55:07","date_gmt":"2019-09-19T07:55:07","guid":{"rendered":"http:\/\/dedrait.convident.website\/?page_id=989"},"modified":"2026-01-19T15:09:29","modified_gmt":"2026-01-19T15:09:29","slug":"buy-and-charter","status":"publish","type":"page","link":"https:\/\/yachtcharterdedrait.nl\/de\/buy-and-charter\/","title":{"rendered":"Buy and Charter"},"content":{"rendered":"\r\n<p><\/p>\r\n<h2 class=\"wp-block-heading\" data-start=\"203\" data-end=\"263\">Die Vorteile von Buy &amp; Charter bei Yachtcharter De Drait<\/h2>\r\n<p data-start=\"265\" data-end=\"618\">Wir bieten verschiedene Buy-&amp;-Charter-M\u00f6glichkeiten f\u00fcr Yachten und Hausboote an. Buy &amp; Charter ist eine attraktive M\u00f6glichkeit, eine Rendite zu erzielen. Ein Boot gilt n\u00e4mlich nicht als Immobilie und ist daher von verschiedenen Steuern befreit. Dar\u00fcber hinaus kann die Vermietung eines Bootes im eigenen Besitz interessante steuerliche Vorteile bieten.<\/p>\r\n<h3 data-start=\"620\" data-end=\"657\">Buy &amp; Charter: So funktioniert es<\/h3>\r\n<p data-start=\"659\" data-end=\"1181\">Wir bieten Ihr Boot online auf unserer Website, offline \u00fcber unseren umfangreichen Kundenstamm sowie auf verschiedenen Wassersportmessen an. Dar\u00fcber hinaus wird einmal j\u00e4hrlich von unserem Marketingteam das De Drait Magazin gestaltet. Dieses Magazin erscheint auf Niederl\u00e4ndisch, Deutsch und Englisch. Im Magazin pr\u00e4sentieren wir unsere Flotte sowie Informationen \u00fcber das Fahrgebiet Friesland. Auf unserer Website bieten wir neben der Pr\u00e4sentation unserer Flotte auch umfangreiche Routen- und Vermietungsinformationen an.<\/p>\r\n<h3 data-start=\"1183\" data-end=\"1213\">Buy &amp; Charter in Friesland<\/h3>\r\n<p data-start=\"1215\" data-end=\"1582\">Wir bieten die M\u00f6glichkeit, das gekaufte Boot von einer unserer Niederlassungen in <a href=\"https:\/\/yachtcharterdedrait.nl\/de\/fahrtgebiet-friesland-niederlande\/\" target=\"_blank\" rel=\"noopener\">Drachten<\/a> oder <a href=\"https:\/\/yachtcharterdedrait.nl\/de\/fahrgebiet-woudsend-niederlande-2\/\" target=\"_blank\" rel=\"noopener\">Woudsend<\/a> in Friesland aus zu vermieten. Friesland ist ein hervorragendes Reiseziel f\u00fcr Wassersportler und bietet zahlreiche kulturreiche D\u00f6rfer und St\u00e4dte, Natur sowie Veranstaltungen. Unsere Mitarbeiter vor Ort k\u00fcmmern sich um s\u00e4mtliche Wartungs- und Reparaturarbeiten.<\/p>\r\n<h3 data-start=\"1584\" data-end=\"1628\">Unsere eigene Schiffslinie: Drait Yachts<\/h3>\r\n<p>\r\n\r\n<\/p>\r\n<p data-start=\"1630\" data-end=\"2027\"><a href=\"https:\/\/www.draityachts.nl\/de\/homepage-deutsch\/\">Drait Yachts<\/a> ist unsere eigene Schiffslinie. Die Boote sind in L\u00e4ngen von 10 bis 15 Metern verf\u00fcgbar, abweichende Ma\u00dfe und Ausf\u00fchrungen sind jedoch nach Absprache m\u00f6glich. So k\u00f6nnen wir verschiedene Typen von Motorkreuzern anbieten, wie zum Beispiel die Bravoure, Renal, Advantage oder DrachtsterSloep. Besuchen Sie unsere <a href=\"https:\/\/www.draityachts.nl\/de\/homepage-deutsch\/\">Verkaufswebsite<\/a> f\u00fcr weitere Informationen zu den verschiedenen Bootstypen.<\/p>\r\n<p data-start=\"2029\" data-end=\"2182\">M\u00f6chten Sie mehr \u00fcber Investitionen in ein Hausboot oder ein Motorboot erfahren? Dann nehmen Sie gerne Kontakt mit uns auf unter <a href=\"mailto:contact@dedrait.com\">contact@dedrait.com<\/a><\/p>\r\n<p>\r\n\r\n<\/p>\r\n<p>\r\n\r\n<\/p>\r\n","protected":false},"excerpt":{"rendered":"<p>Die Vorteile von Buy &amp; Charter bei Yachtcharter De Drait Wir bieten verschiedene Buy-&amp;-Charter-M\u00f6glichkeiten f\u00fcr Yachten und Hausboote an. Buy &amp; Charter ist eine attraktive M\u00f6glichkeit, eine Rendite zu erzielen. Ein Boot gilt n\u00e4mlich nicht als Immobilie und ist daher von verschiedenen Steuern befreit. Dar\u00fcber hinaus kann die Vermietung eines Bootes im eigenen Besitz interessante [&hellip;]<\/p>\n","protected":false},"author":2,"featured_media":1594,"parent":0,"menu_order":0,"comment_status":"closed","ping_status":"closed","template":"","meta":{"inline_featured_image":false,"footnotes":""},"class_list":["post-989","page","type-page","status-publish","has-post-thumbnail","hentry"],"yoast_head":"<!-- This site is optimized with the Yoast SEO plugin v27.1.1 - https:\/\/yoast.com\/product\/yoast-seo-wordpress\/ -->\n<title>Die Vorteile von Buy &amp; Charter bei Yachtcharter De Drait<\/title>\n<meta name=\"description\" content=\"Buy &amp; Charter ist eine attraktive M\u00f6glichkeit, eine Rendite zu erzielen. Ein eigenes Boot vermieten \u00fcber Yachtcharter De Drait.\" \/>\n<meta name=\"robots\" content=\"index, follow, max-snippet:-1, max-image-preview:large, max-video-preview:-1\" \/>\n<link rel=\"canonical\" href=\"https:\/\/yachtcharterdedrait.nl\/de\/buy-and-charter\/\" \/>\n<meta property=\"og:locale\" content=\"de_DE\" \/>\n<meta property=\"og:type\" content=\"article\" \/>\n<meta property=\"og:title\" content=\"Die Vorteile von Buy &amp; Charter bei Yachtcharter De Drait\" \/>\n<meta property=\"og:description\" content=\"Buy &amp; Charter ist eine attraktive M\u00f6glichkeit, eine Rendite zu erzielen. Ein eigenes Boot vermieten \u00fcber Yachtcharter De Drait.\" \/>\n<meta property=\"og:url\" content=\"https:\/\/yachtcharterdedrait.nl\/de\/buy-and-charter\/\" \/>\n<meta property=\"og:site_name\" content=\"Yachtcharter De Drait - Friesland, NL\" \/>\n<meta property=\"article:modified_time\" content=\"2026-01-19T15:09:29+00:00\" \/>\n<meta property=\"og:image\" content=\"https:\/\/yachtcharterdedrait.nl\/wp-content\/uploads\/2019\/10\/Motorboot-in-Grou.jpg\" \/>\n\t<meta property=\"og:image:width\" content=\"1920\" \/>\n\t<meta property=\"og:image:height\" content=\"378\" \/>\n\t<meta property=\"og:image:type\" content=\"image\/jpeg\" \/>\n<meta name=\"twitter:card\" content=\"summary_large_image\" \/>\n<meta name=\"twitter:label1\" content=\"Gesch\u00e4tzte Lesezeit\" \/>\n\t<meta name=\"twitter:data1\" content=\"2\u00a0Minuten\" \/>\n<script type=\"application\/ld+json\" class=\"yoast-schema-graph\">{\"@context\":\"https:\/\/schema.org\",\"@graph\":[{\"@type\":\"WebPage\",\"@id\":\"https:\/\/yachtcharterdedrait.nl\/de\/buy-and-charter\/\",\"url\":\"https:\/\/yachtcharterdedrait.nl\/de\/buy-and-charter\/\",\"name\":\"Die Vorteile von Buy & Charter bei Yachtcharter De Drait\",\"isPartOf\":{\"@id\":\"https:\/\/yachtcharterdedrait.nl\/#website\"},\"primaryImageOfPage\":{\"@id\":\"https:\/\/yachtcharterdedrait.nl\/de\/buy-and-charter\/#primaryimage\"},\"image\":{\"@id\":\"https:\/\/yachtcharterdedrait.nl\/de\/buy-and-charter\/#primaryimage\"},\"thumbnailUrl\":\"https:\/\/yachtcharterdedrait.nl\/wp-content\/uploads\/2019\/10\/Motorboot-in-Grou.jpg\",\"datePublished\":\"2019-09-19T07:55:07+00:00\",\"dateModified\":\"2026-01-19T15:09:29+00:00\",\"description\":\"Buy & Charter ist eine attraktive M\u00f6glichkeit, eine Rendite zu erzielen. Ein eigenes Boot vermieten \u00fcber Yachtcharter De Drait.\",\"breadcrumb\":{\"@id\":\"https:\/\/yachtcharterdedrait.nl\/de\/buy-and-charter\/#breadcrumb\"},\"inLanguage\":\"de\",\"potentialAction\":[{\"@type\":\"ReadAction\",\"target\":[\"https:\/\/yachtcharterdedrait.nl\/de\/buy-and-charter\/\"]}]},{\"@type\":\"ImageObject\",\"inLanguage\":\"de\",\"@id\":\"https:\/\/yachtcharterdedrait.nl\/de\/buy-and-charter\/#primaryimage\",\"url\":\"https:\/\/yachtcharterdedrait.nl\/wp-content\/uploads\/2019\/10\/Motorboot-in-Grou.jpg\",\"contentUrl\":\"https:\/\/yachtcharterdedrait.nl\/wp-content\/uploads\/2019\/10\/Motorboot-in-Grou.jpg\",\"width\":1920,\"height\":378,\"caption\":\"Motorboot Grou\"},{\"@type\":\"BreadcrumbList\",\"@id\":\"https:\/\/yachtcharterdedrait.nl\/de\/buy-and-charter\/#breadcrumb\",\"itemListElement\":[{\"@type\":\"ListItem\",\"position\":1,\"name\":\"Home\",\"item\":\"https:\/\/yachtcharterdedrait.nl\/de\/\"},{\"@type\":\"ListItem\",\"position\":2,\"name\":\"Buy and Charter\"}]},{\"@type\":\"WebSite\",\"@id\":\"https:\/\/yachtcharterdedrait.nl\/#website\",\"url\":\"https:\/\/yachtcharterdedrait.nl\/\",\"name\":\"Yachtcharter De Drait - Friesland, NL\",\"description\":\"Mieten Sie sich ein Boot f\u00fcr Ihren Traumurlaub\",\"potentialAction\":[{\"@type\":\"SearchAction\",\"target\":{\"@type\":\"EntryPoint\",\"urlTemplate\":\"https:\/\/yachtcharterdedrait.nl\/?s={search_term_string}\"},\"query-input\":{\"@type\":\"PropertyValueSpecification\",\"valueRequired\":true,\"valueName\":\"search_term_string\"}}],\"inLanguage\":\"de\"}]}<\/script>\n<!-- \/ Yoast SEO plugin. -->","yoast_head_json":{"title":"Die Vorteile von Buy & Charter bei Yachtcharter De Drait","description":"Buy & Charter ist eine attraktive M\u00f6glichkeit, eine Rendite zu erzielen. Ein eigenes Boot vermieten \u00fcber Yachtcharter De Drait.","robots":{"index":"index","follow":"follow","max-snippet":"max-snippet:-1","max-image-preview":"max-image-preview:large","max-video-preview":"max-video-preview:-1"},"canonical":"https:\/\/yachtcharterdedrait.nl\/de\/buy-and-charter\/","og_locale":"de_DE","og_type":"article","og_title":"Die Vorteile von Buy & Charter bei Yachtcharter De Drait","og_description":"Buy & Charter ist eine attraktive M\u00f6glichkeit, eine Rendite zu erzielen. Ein eigenes Boot vermieten \u00fcber Yachtcharter De Drait.","og_url":"https:\/\/yachtcharterdedrait.nl\/de\/buy-and-charter\/","og_site_name":"Yachtcharter De Drait - Friesland, NL","article_modified_time":"2026-01-19T15:09:29+00:00","og_image":[{"width":1920,"height":378,"url":"https:\/\/yachtcharterdedrait.nl\/wp-content\/uploads\/2019\/10\/Motorboot-in-Grou.jpg","type":"image\/jpeg"}],"twitter_card":"summary_large_image","twitter_misc":{"Gesch\u00e4tzte Lesezeit":"2\u00a0Minuten"},"schema":{"@context":"https:\/\/schema.org","@graph":[{"@type":"WebPage","@id":"https:\/\/yachtcharterdedrait.nl\/de\/buy-and-charter\/","url":"https:\/\/yachtcharterdedrait.nl\/de\/buy-and-charter\/","name":"Die Vorteile von Buy & Charter bei Yachtcharter De Drait","isPartOf":{"@id":"https:\/\/yachtcharterdedrait.nl\/#website"},"primaryImageOfPage":{"@id":"https:\/\/yachtcharterdedrait.nl\/de\/buy-and-charter\/#primaryimage"},"image":{"@id":"https:\/\/yachtcharterdedrait.nl\/de\/buy-and-charter\/#primaryimage"},"thumbnailUrl":"https:\/\/yachtcharterdedrait.nl\/wp-content\/uploads\/2019\/10\/Motorboot-in-Grou.jpg","datePublished":"2019-09-19T07:55:07+00:00","dateModified":"2026-01-19T15:09:29+00:00","description":"Buy & Charter ist eine attraktive M\u00f6glichkeit, eine Rendite zu erzielen. Ein eigenes Boot vermieten \u00fcber Yachtcharter De Drait.","breadcrumb":{"@id":"https:\/\/yachtcharterdedrait.nl\/de\/buy-and-charter\/#breadcrumb"},"inLanguage":"de","potentialAction":[{"@type":"ReadAction","target":["https:\/\/yachtcharterdedrait.nl\/de\/buy-and-charter\/"]}]},{"@type":"ImageObject","inLanguage":"de","@id":"https:\/\/yachtcharterdedrait.nl\/de\/buy-and-charter\/#primaryimage","url":"https:\/\/yachtcharterdedrait.nl\/wp-content\/uploads\/2019\/10\/Motorboot-in-Grou.jpg","contentUrl":"https:\/\/yachtcharterdedrait.nl\/wp-content\/uploads\/2019\/10\/Motorboot-in-Grou.jpg","width":1920,"height":378,"caption":"Motorboot Grou"},{"@type":"BreadcrumbList","@id":"https:\/\/yachtcharterdedrait.nl\/de\/buy-and-charter\/#breadcrumb","itemListElement":[{"@type":"ListItem","position":1,"name":"Home","item":"https:\/\/yachtcharterdedrait.nl\/de\/"},{"@type":"ListItem","position":2,"name":"Buy and Charter"}]},{"@type":"WebSite","@id":"https:\/\/yachtcharterdedrait.nl\/#website","url":"https:\/\/yachtcharterdedrait.nl\/","name":"Yachtcharter De Drait - Friesland, NL","description":"Mieten Sie sich ein Boot f\u00fcr Ihren Traumurlaub","potentialAction":[{"@type":"SearchAction","target":{"@type":"EntryPoint","urlTemplate":"https:\/\/yachtcharterdedrait.nl\/?s={search_term_string}"},"query-input":{"@type":"PropertyValueSpecification","valueRequired":true,"valueName":"search_term_string"}}],"inLanguage":"de"}]}},"_links":{"self":[{"href":"https:\/\/yachtcharterdedrait.nl\/de\/wp-json\/wp\/v2\/pages\/989","targetHints":{"allow":["GET"]}}],"collection":[{"href":"https:\/\/yachtcharterdedrait.nl\/de\/wp-json\/wp\/v2\/pages"}],"about":[{"href":"https:\/\/yachtcharterdedrait.nl\/de\/wp-json\/wp\/v2\/types\/page"}],"author":[{"embeddable":true,"href":"https:\/\/yachtcharterdedrait.nl\/de\/wp-json\/wp\/v2\/users\/2"}],"replies":[{"embeddable":true,"href":"https:\/\/yachtcharterdedrait.nl\/de\/wp-json\/wp\/v2\/comments?post=989"}],"version-history":[{"count":1,"href":"https:\/\/yachtcharterdedrait.nl\/de\/wp-json\/wp\/v2\/pages\/989\/revisions"}],"predecessor-version":[{"id":12600,"href":"https:\/\/yachtcharterdedrait.nl\/de\/wp-json\/wp\/v2\/pages\/989\/revisions\/12600"}],"wp:featuredmedia":[{"embeddable":true,"href":"https:\/\/yachtcharterdedrait.nl\/de\/wp-json\/wp\/v2\/media\/1594"}],"wp:attachment":[{"href":"https:\/\/yachtcharterdedrait.nl\/de\/wp-json\/wp\/v2\/media?parent=989"}],"curies":[{"name":"wp","href":"https:\/\/api.w.org\/{rel}","templated":true}]}}